{"id":137297,"date":"2020-12-26T00:00:00","date_gmt":"2020-12-26T00:00:00","guid":{"rendered":"https:\/\/www.iplay.com\/games\/shopping-clutter-8-from-gloom-to-bloom\/"},"modified":"2020-12-26T00:00:00","modified_gmt":"2020-12-26T00:00:00","slug":"shopping-clutter-8-from-gloom-to-bloom","status":"publish","type":"product","link":"https:\/\/www.iplay.com\/fr\/games\/shopping-clutter-8-from-gloom-to-bloom\/","title":{"rendered":"Shopping Clutter 8: from Gloom to Bloom"},"content":{"rendered":"<p>Tante Sheep a pris la d\u00e9cision de r\u00e9aliser un d\u00e9sir de longue date et de voyager dans les villes avec les fleurs les plus exquises du monde. Elle a confi\u00e9 \u00e0 Sloth Walker la t\u00e2che de g\u00e9rer son magasin de fleurs avant de partir. Sloth a compl\u00e8tement n\u00e9glig\u00e9 ses responsabilit\u00e9s et a saccag\u00e9 le magasin de fleurs en assemblant un puzzle ! C\u2019est maintenant aux Walkers de le r\u00e9parer et de sauver les fleurs et les plantes avant l\u2019arriv\u00e9e de Auntie Sheep ! Il y a 140 \u00e9nigmes d\u2019encombrement dans Shopping Clutter 8&nbsp;: From Gloom to Bloom, o\u00f9 le joueur doit localiser les objets appropri\u00e9s parmi le chaos. Les joueurs qui sont pers\u00e9v\u00e9rants et concentr\u00e9s pourront \u00e9galement acc\u00e9der \u00e0 20 niveaux suppl\u00e9mentaires avec une vari\u00e9t\u00e9 d\u2019\u00e9nigmes.     <\/p>\n<p>&nbsp;<\/p>\n<p>&nbsp;<\/p>\n<p><strong>Fonctionnalit\u00e9s:<\/strong><\/p>\n<p>&nbsp;<\/p>\n<ul>\n<li>Il y a 200 NOUVELLES choses avec lesquelles jouer !<\/li>\n<li>Des sons ambiants relaxants, des chefs-d\u2019\u0153uvre de musique douce pour une exp\u00e9rience de jeu plus confortable et plus agr\u00e9able<\/li>\n<li>140 puzzles encombrants et 20 puzzles suppl\u00e9mentaires<\/li>\n<li>Vos personnages pr\u00e9f\u00e9r\u00e9s et vos conversations amusantes<\/li>\n<li>Des graphismes \u00e9clatants et des d\u00e9fis passionnants pour tous les fans de puzzles<\/li>\n<li>Une pl\u00e9thore de fleurs diff\u00e9rentes : testez vos connaissances en essayant de toutes les nommer<\/li>\n<\/ul>\n","protected":false},"excerpt":{"rendered":"<p>Aidez les Walker \u00e0 rouvrir l\u2019entreprise de fleurs de Auntie Sheep dans Shopping Clutter 8&nbsp;: From Gloom to Bloom.<\/p>\n","protected":false},"author":14,"featured_media":103954,"comment_status":"open","ping_status":"closed","template":"","meta":{"_acf_changed":false,"inline_featured_image":false},"product_brand":[],"product_cat":[193],"product_tag":[],"class_list":{"0":"post-137297","1":"product","2":"type-product","3":"status-publish","4":"has-post-thumbnail","6":"product_cat-puzzle-fr","8":"first","9":"instock","10":"shipping-taxable","11":"purchasable","12":"product-type-simple"},"acf":[],"yoast_head":"<!-- This site is optimized with the Yoast SEO Premium plugin v25.2 (Yoast SEO v25.2) - https:\/\/yoast.com\/wordpress\/plugins\/seo\/ -->\n<title>Shopping Clutter 8 : de la morosit\u00e9 \u00e0 la floraison - Aidez les promeneurs \u00e0 restaurer la boutique de fleurs de tante Sheep<\/title>\n<meta name=\"description\" content=\"Aidez les Walker \u00e0 rouvrir l\u2019entreprise de fleurs de Auntie Sheep dans Shopping Clutter 8&nbsp;: From Gloom to Bloom.\" \/>\n<meta name=\"robots\" content=\"index, follow, max-snippet:-1, max-image-preview:large, max-video-preview:-1\" \/>\n<link rel=\"canonical\" href=\"https:\/\/www.iplay.com\/fr\/games\/shopping-clutter-8-from-gloom-to-bloom\/\" \/>\n<meta property=\"og:locale\" content=\"fr_FR\" \/>\n<meta property=\"og:type\" content=\"article\" \/>\n<meta property=\"og:title\" content=\"Shopping Clutter 8: from Gloom to Bloom\" \/>\n<meta property=\"og:description\" content=\"Aidez les Walker \u00e0 rouvrir l\u2019entreprise de fleurs de Auntie Sheep dans Shopping Clutter 8&nbsp;: From Gloom to Bloom.\" \/>\n<meta property=\"og:url\" content=\"https:\/\/www.iplay.com\/fr\/games\/shopping-clutter-8-from-gloom-to-bloom\/\" \/>\n<meta property=\"og:site_name\" content=\"IPlay\" \/>\n<meta property=\"og:image\" content=\"https:\/\/www.iplay.com\/wp-content\/uploads\/2023\/12\/large_square_tile_image-4012.jpg\" \/>\n\t<meta property=\"og:image:width\" content=\"310\" \/>\n\t<meta property=\"og:image:height\" content=\"310\" \/>\n\t<meta property=\"og:image:type\" content=\"image\/jpeg\" \/>\n<meta name=\"twitter:card\" content=\"summary_large_image\" \/>\n<meta name=\"twitter:label1\" content=\"Dur\u00e9e de lecture estim\u00e9e\" \/>\n\t<meta name=\"twitter:data1\" content=\"1 minute\" \/>\n<script type=\"application\/ld+json\" class=\"yoast-schema-graph\">{\"@context\":\"https:\/\/schema.org\",\"@graph\":[{\"@type\":\"WebPage\",\"@id\":\"https:\/\/www.iplay.com\/fr\/games\/shopping-clutter-8-from-gloom-to-bloom\/\",\"url\":\"https:\/\/www.iplay.com\/fr\/games\/shopping-clutter-8-from-gloom-to-bloom\/\",\"name\":\"Shopping Clutter 8 : de la morosit\u00e9 \u00e0 la floraison - Aidez les promeneurs \u00e0 restaurer la boutique de fleurs de tante Sheep\",\"isPartOf\":{\"@id\":\"https:\/\/www.iplay.com\/en\/#website\"},\"primaryImageOfPage\":{\"@id\":\"https:\/\/www.iplay.com\/fr\/games\/shopping-clutter-8-from-gloom-to-bloom\/#primaryimage\"},\"image\":{\"@id\":\"https:\/\/www.iplay.com\/fr\/games\/shopping-clutter-8-from-gloom-to-bloom\/#primaryimage\"},\"thumbnailUrl\":\"https:\/\/www.iplay.com\/wp-content\/uploads\/2023\/12\/large_square_tile_image-4012.jpg\",\"datePublished\":\"2020-12-26T00:00:00+00:00\",\"description\":\"Aidez les Walker \u00e0 rouvrir l\u2019entreprise de fleurs de Auntie Sheep dans Shopping Clutter 8&nbsp;: From Gloom to Bloom.\",\"breadcrumb\":{\"@id\":\"https:\/\/www.iplay.com\/fr\/games\/shopping-clutter-8-from-gloom-to-bloom\/#breadcrumb\"},\"inLanguage\":\"fr-FR\",\"potentialAction\":[{\"@type\":\"ReadAction\",\"target\":[\"https:\/\/www.iplay.com\/fr\/games\/shopping-clutter-8-from-gloom-to-bloom\/\"]}]},{\"@type\":\"ImageObject\",\"inLanguage\":\"fr-FR\",\"@id\":\"https:\/\/www.iplay.com\/fr\/games\/shopping-clutter-8-from-gloom-to-bloom\/#primaryimage\",\"url\":\"https:\/\/www.iplay.com\/wp-content\/uploads\/2023\/12\/large_square_tile_image-4012.jpg\",\"contentUrl\":\"https:\/\/www.iplay.com\/wp-content\/uploads\/2023\/12\/large_square_tile_image-4012.jpg\",\"width\":310,\"height\":310},{\"@type\":\"BreadcrumbList\",\"@id\":\"https:\/\/www.iplay.com\/fr\/games\/shopping-clutter-8-from-gloom-to-bloom\/#breadcrumb\",\"itemListElement\":[{\"@type\":\"ListItem\",\"position\":1,\"name\":\"Home\",\"item\":\"https:\/\/www.iplay.com\/fr\/home-page-2\/\"},{\"@type\":\"ListItem\",\"position\":2,\"name\":\"Shop\",\"item\":\"https:\/\/www.iplay.com\/en\/shop\/\"},{\"@type\":\"ListItem\",\"position\":3,\"name\":\"Shopping Clutter 8: from Gloom to Bloom\"}]},{\"@type\":\"WebSite\",\"@id\":\"https:\/\/www.iplay.com\/en\/#website\",\"url\":\"https:\/\/www.iplay.com\/en\/\",\"name\":\"IPlay\",\"description\":\"The Best Casual Games!\",\"publisher\":{\"@id\":\"https:\/\/www.iplay.com\/en\/#organization\"},\"potentialAction\":[{\"@type\":\"SearchAction\",\"target\":{\"@type\":\"EntryPoint\",\"urlTemplate\":\"https:\/\/www.iplay.com\/en\/?s={search_term_string}\"},\"query-input\":{\"@type\":\"PropertyValueSpecification\",\"valueRequired\":true,\"valueName\":\"search_term_string\"}}],\"inLanguage\":\"fr-FR\"},{\"@type\":\"Organization\",\"@id\":\"https:\/\/www.iplay.com\/en\/#organization\",\"name\":\"IPlay\",\"url\":\"https:\/\/www.iplay.com\/en\/\",\"logo\":{\"@type\":\"ImageObject\",\"inLanguage\":\"fr-FR\",\"@id\":\"https:\/\/www.iplay.com\/en\/#\/schema\/logo\/image\/\",\"url\":\"https:\/\/www.iplay.com\/wp-content\/uploads\/2023\/11\/Group-6100.svg\",\"contentUrl\":\"https:\/\/www.iplay.com\/wp-content\/uploads\/2023\/11\/Group-6100.svg\",\"width\":98,\"height\":25,\"caption\":\"IPlay\"},\"image\":{\"@id\":\"https:\/\/www.iplay.com\/en\/#\/schema\/logo\/image\/\"}}]}<\/script>\n<!-- \/ Yoast SEO Premium plugin. -->","yoast_head_json":{"title":"Shopping Clutter 8 : de la morosit\u00e9 \u00e0 la floraison - Aidez les promeneurs \u00e0 restaurer la boutique de fleurs de tante Sheep","description":"Aidez les Walker \u00e0 rouvrir l\u2019entreprise de fleurs de Auntie Sheep dans Shopping Clutter 8&nbsp;: From Gloom to Bloom.","robots":{"index":"index","follow":"follow","max-snippet":"max-snippet:-1","max-image-preview":"max-image-preview:large","max-video-preview":"max-video-preview:-1"},"canonical":"https:\/\/www.iplay.com\/fr\/games\/shopping-clutter-8-from-gloom-to-bloom\/","og_locale":"fr_FR","og_type":"article","og_title":"Shopping Clutter 8: from Gloom to Bloom","og_description":"Aidez les Walker \u00e0 rouvrir l\u2019entreprise de fleurs de Auntie Sheep dans Shopping Clutter 8&nbsp;: From Gloom to Bloom.","og_url":"https:\/\/www.iplay.com\/fr\/games\/shopping-clutter-8-from-gloom-to-bloom\/","og_site_name":"IPlay","og_image":[{"width":310,"height":310,"url":"https:\/\/www.iplay.com\/wp-content\/uploads\/2023\/12\/large_square_tile_image-4012.jpg","type":"image\/jpeg"}],"twitter_card":"summary_large_image","twitter_misc":{"Dur\u00e9e de lecture estim\u00e9e":"1 minute"},"schema":{"@context":"https:\/\/schema.org","@graph":[{"@type":"WebPage","@id":"https:\/\/www.iplay.com\/fr\/games\/shopping-clutter-8-from-gloom-to-bloom\/","url":"https:\/\/www.iplay.com\/fr\/games\/shopping-clutter-8-from-gloom-to-bloom\/","name":"Shopping Clutter 8 : de la morosit\u00e9 \u00e0 la floraison - Aidez les promeneurs \u00e0 restaurer la boutique de fleurs de tante Sheep","isPartOf":{"@id":"https:\/\/www.iplay.com\/en\/#website"},"primaryImageOfPage":{"@id":"https:\/\/www.iplay.com\/fr\/games\/shopping-clutter-8-from-gloom-to-bloom\/#primaryimage"},"image":{"@id":"https:\/\/www.iplay.com\/fr\/games\/shopping-clutter-8-from-gloom-to-bloom\/#primaryimage"},"thumbnailUrl":"https:\/\/www.iplay.com\/wp-content\/uploads\/2023\/12\/large_square_tile_image-4012.jpg","datePublished":"2020-12-26T00:00:00+00:00","description":"Aidez les Walker \u00e0 rouvrir l\u2019entreprise de fleurs de Auntie Sheep dans Shopping Clutter 8&nbsp;: From Gloom to Bloom.","breadcrumb":{"@id":"https:\/\/www.iplay.com\/fr\/games\/shopping-clutter-8-from-gloom-to-bloom\/#breadcrumb"},"inLanguage":"fr-FR","potentialAction":[{"@type":"ReadAction","target":["https:\/\/www.iplay.com\/fr\/games\/shopping-clutter-8-from-gloom-to-bloom\/"]}]},{"@type":"ImageObject","inLanguage":"fr-FR","@id":"https:\/\/www.iplay.com\/fr\/games\/shopping-clutter-8-from-gloom-to-bloom\/#primaryimage","url":"https:\/\/www.iplay.com\/wp-content\/uploads\/2023\/12\/large_square_tile_image-4012.jpg","contentUrl":"https:\/\/www.iplay.com\/wp-content\/uploads\/2023\/12\/large_square_tile_image-4012.jpg","width":310,"height":310},{"@type":"BreadcrumbList","@id":"https:\/\/www.iplay.com\/fr\/games\/shopping-clutter-8-from-gloom-to-bloom\/#breadcrumb","itemListElement":[{"@type":"ListItem","position":1,"name":"Home","item":"https:\/\/www.iplay.com\/fr\/home-page-2\/"},{"@type":"ListItem","position":2,"name":"Shop","item":"https:\/\/www.iplay.com\/en\/shop\/"},{"@type":"ListItem","position":3,"name":"Shopping Clutter 8: from Gloom to Bloom"}]},{"@type":"WebSite","@id":"https:\/\/www.iplay.com\/en\/#website","url":"https:\/\/www.iplay.com\/en\/","name":"IPlay","description":"The Best Casual Games!","publisher":{"@id":"https:\/\/www.iplay.com\/en\/#organization"},"potentialAction":[{"@type":"SearchAction","target":{"@type":"EntryPoint","urlTemplate":"https:\/\/www.iplay.com\/en\/?s={search_term_string}"},"query-input":{"@type":"PropertyValueSpecification","valueRequired":true,"valueName":"search_term_string"}}],"inLanguage":"fr-FR"},{"@type":"Organization","@id":"https:\/\/www.iplay.com\/en\/#organization","name":"IPlay","url":"https:\/\/www.iplay.com\/en\/","logo":{"@type":"ImageObject","inLanguage":"fr-FR","@id":"https:\/\/www.iplay.com\/en\/#\/schema\/logo\/image\/","url":"https:\/\/www.iplay.com\/wp-content\/uploads\/2023\/11\/Group-6100.svg","contentUrl":"https:\/\/www.iplay.com\/wp-content\/uploads\/2023\/11\/Group-6100.svg","width":98,"height":25,"caption":"IPlay"},"image":{"@id":"https:\/\/www.iplay.com\/en\/#\/schema\/logo\/image\/"}}]}},"_links":{"self":[{"href":"https:\/\/www.iplay.com\/fr\/wp-json\/wp\/v2\/product\/137297","targetHints":{"allow":["GET"]}}],"collection":[{"href":"https:\/\/www.iplay.com\/fr\/wp-json\/wp\/v2\/product"}],"about":[{"href":"https:\/\/www.iplay.com\/fr\/wp-json\/wp\/v2\/types\/product"}],"author":[{"embeddable":true,"href":"https:\/\/www.iplay.com\/fr\/wp-json\/wp\/v2\/users\/14"}],"replies":[{"embeddable":true,"href":"https:\/\/www.iplay.com\/fr\/wp-json\/wp\/v2\/comments?post=137297"}],"wp:featuredmedia":[{"embeddable":true,"href":"https:\/\/www.iplay.com\/fr\/wp-json\/wp\/v2\/media\/103954"}],"wp:attachment":[{"href":"https:\/\/www.iplay.com\/fr\/wp-json\/wp\/v2\/media?parent=137297"}],"wp:term":[{"taxonomy":"product_brand","embeddable":true,"href":"https:\/\/www.iplay.com\/fr\/wp-json\/wp\/v2\/product_brand?post=137297"},{"taxonomy":"product_cat","embeddable":true,"href":"https:\/\/www.iplay.com\/fr\/wp-json\/wp\/v2\/product_cat?post=137297"},{"taxonomy":"product_tag","embeddable":true,"href":"https:\/\/www.iplay.com\/fr\/wp-json\/wp\/v2\/product_tag?post=137297"}],"curies":[{"name":"wp","href":"https:\/\/api.w.org\/{rel}","templated":true}]}}