{"id":137268,"date":"2021-05-09T00:00:00","date_gmt":"2021-05-09T00:00:00","guid":{"rendered":"https:\/\/www.iplay.com\/games\/jewel-match-aquascapes-collectors-edition\/"},"modified":"2021-05-09T00:00:00","modified_gmt":"2021-05-09T00:00:00","slug":"jewel-match-aquascapes-collectors-edition","status":"publish","type":"product","link":"https:\/\/www.iplay.com\/fr\/games\/jewel-match-aquascapes-collectors-edition\/","title":{"rendered":"Jewel Match Aquascapes Collector&#8217;s Edition"},"content":{"rendered":"<p>Entrez dans un monde sous-marin fantastique de Match-3 o\u00f9 toutes vos pr\u00e9occupations disparaissent ! Frayez-vous un chemin \u00e0 travers plusieurs couches de coraux et de r\u00e9cifs, en rassemblant des joyaux scintillants pour redonner \u00e0 d\u2019opulentes demeures maritimes leur splendeur d\u2019antan. Entrez dans les profondeurs captivantes et r\u00e9solvez des casse-t\u00eate comme des puzzles et des sc\u00e9narios pour collecter des ressources. Arr\u00eatez-vous au magasin pour faire le plein de boosters qui vous aideront dans votre voyage sur la mer infinie. D\u00e9couvrez 220 niveaux \u00e9normes !    <\/p>\n<p>&nbsp;<\/p>\n<p>&nbsp;<\/p>\n<p><strong>Fonctionnalit\u00e9s:<\/strong><\/p>\n<p>&nbsp;<\/p>\n<p>&#8211; 72 niveaux bonus !<br \/>\n&#8211; Trois modes de jeu distincts : mouvements restreints, relaxant et chronom\u00e9tr\u00e9 !<\/p>\n<p>&#8211; Trois niveaux de difficult\u00e9 sont disponibles : standard, avanc\u00e9 et fou.<\/p>\n<p>&#8211; Achetez de nombreuses am\u00e9liorations et boosts dans la boutique.<\/p>\n<p>&#8211; Des mini-jeux interchangeables, tels que des puzzles et des sc\u00e9narios o\u00f9 l\u2019on peut trouver la diff\u00e9rence.<\/p>\n<p>&#8211; De superbes images d\u2019arri\u00e8re-plan.<br \/>\n&#8211; Une partition musicale relaxante.<\/p>\n","protected":false},"excerpt":{"rendered":"<p>Explorez un univers enchant\u00e9 de Match-3 sous l\u2019oc\u00e9an. Dans l\u2019\u00e9dition collector de Jewel Match Aquascapes <\/p>\n","protected":false},"author":20,"featured_media":90676,"comment_status":"open","ping_status":"closed","template":"","meta":{"_acf_changed":false,"inline_featured_image":false},"product_brand":[],"product_cat":[193],"product_tag":[],"class_list":{"0":"post-137268","1":"product","2":"type-product","3":"status-publish","4":"has-post-thumbnail","6":"product_cat-puzzle-fr","8":"first","9":"instock","10":"shipping-taxable","11":"purchasable","12":"product-type-simple"},"acf":[],"yoast_head":"<!-- This site is optimized with the Yoast SEO Premium plugin v25.2 (Yoast SEO v25.2) - https:\/\/yoast.com\/wordpress\/plugins\/seo\/ -->\n<title>Jewel Match Aquascapes Collector\u2019s Edition - Plongez dans une aventure sous-marine de Match-3<\/title>\n<meta name=\"description\" content=\"Explorez un univers enchant\u00e9 de Match-3 sous l\u2019oc\u00e9an. Dans l\u2019\u00e9dition collector de Jewel Match Aquascapes\" \/>\n<meta name=\"robots\" content=\"index, follow, max-snippet:-1, max-image-preview:large, max-video-preview:-1\" \/>\n<link rel=\"canonical\" href=\"https:\/\/www.iplay.com\/fr\/games\/jewel-match-aquascapes-collectors-edition\/\" \/>\n<meta property=\"og:locale\" content=\"fr_FR\" \/>\n<meta property=\"og:type\" content=\"article\" \/>\n<meta property=\"og:title\" content=\"Jewel Match Aquascapes Collector&#039;s Edition\" \/>\n<meta property=\"og:description\" content=\"Explorez un univers enchant\u00e9 de Match-3 sous l\u2019oc\u00e9an. Dans l\u2019\u00e9dition collector de Jewel Match Aquascapes\" \/>\n<meta property=\"og:url\" content=\"https:\/\/www.iplay.com\/fr\/games\/jewel-match-aquascapes-collectors-edition\/\" \/>\n<meta property=\"og:site_name\" content=\"IPlay\" \/>\n<meta property=\"og:image\" content=\"https:\/\/www.iplay.com\/wp-content\/uploads\/2023\/12\/large_square_tile_image-3182.jpg\" \/>\n\t<meta property=\"og:image:width\" content=\"310\" \/>\n\t<meta property=\"og:image:height\" content=\"310\" \/>\n\t<meta property=\"og:image:type\" content=\"image\/jpeg\" \/>\n<meta name=\"twitter:card\" content=\"summary_large_image\" \/>\n<meta name=\"twitter:label1\" content=\"Dur\u00e9e de lecture estim\u00e9e\" \/>\n\t<meta name=\"twitter:data1\" content=\"1 minute\" \/>\n<script type=\"application\/ld+json\" class=\"yoast-schema-graph\">{\"@context\":\"https:\/\/schema.org\",\"@graph\":[{\"@type\":\"WebPage\",\"@id\":\"https:\/\/www.iplay.com\/fr\/games\/jewel-match-aquascapes-collectors-edition\/\",\"url\":\"https:\/\/www.iplay.com\/fr\/games\/jewel-match-aquascapes-collectors-edition\/\",\"name\":\"Jewel Match Aquascapes Collector\u2019s Edition - Plongez dans une aventure sous-marine de Match-3\",\"isPartOf\":{\"@id\":\"https:\/\/www.iplay.com\/en\/#website\"},\"primaryImageOfPage\":{\"@id\":\"https:\/\/www.iplay.com\/fr\/games\/jewel-match-aquascapes-collectors-edition\/#primaryimage\"},\"image\":{\"@id\":\"https:\/\/www.iplay.com\/fr\/games\/jewel-match-aquascapes-collectors-edition\/#primaryimage\"},\"thumbnailUrl\":\"https:\/\/www.iplay.com\/wp-content\/uploads\/2023\/12\/large_square_tile_image-3182.jpg\",\"datePublished\":\"2021-05-09T00:00:00+00:00\",\"description\":\"Explorez un univers enchant\u00e9 de Match-3 sous l\u2019oc\u00e9an. Dans l\u2019\u00e9dition collector de Jewel Match Aquascapes\",\"breadcrumb\":{\"@id\":\"https:\/\/www.iplay.com\/fr\/games\/jewel-match-aquascapes-collectors-edition\/#breadcrumb\"},\"inLanguage\":\"fr-FR\",\"potentialAction\":[{\"@type\":\"ReadAction\",\"target\":[\"https:\/\/www.iplay.com\/fr\/games\/jewel-match-aquascapes-collectors-edition\/\"]}]},{\"@type\":\"ImageObject\",\"inLanguage\":\"fr-FR\",\"@id\":\"https:\/\/www.iplay.com\/fr\/games\/jewel-match-aquascapes-collectors-edition\/#primaryimage\",\"url\":\"https:\/\/www.iplay.com\/wp-content\/uploads\/2023\/12\/large_square_tile_image-3182.jpg\",\"contentUrl\":\"https:\/\/www.iplay.com\/wp-content\/uploads\/2023\/12\/large_square_tile_image-3182.jpg\",\"width\":310,\"height\":310},{\"@type\":\"BreadcrumbList\",\"@id\":\"https:\/\/www.iplay.com\/fr\/games\/jewel-match-aquascapes-collectors-edition\/#breadcrumb\",\"itemListElement\":[{\"@type\":\"ListItem\",\"position\":1,\"name\":\"Home\",\"item\":\"https:\/\/www.iplay.com\/fr\/home-page-2\/\"},{\"@type\":\"ListItem\",\"position\":2,\"name\":\"Shop\",\"item\":\"https:\/\/www.iplay.com\/en\/shop\/\"},{\"@type\":\"ListItem\",\"position\":3,\"name\":\"Jewel Match Aquascapes Collector&#8217;s Edition\"}]},{\"@type\":\"WebSite\",\"@id\":\"https:\/\/www.iplay.com\/en\/#website\",\"url\":\"https:\/\/www.iplay.com\/en\/\",\"name\":\"IPlay\",\"description\":\"The Best Casual Games!\",\"publisher\":{\"@id\":\"https:\/\/www.iplay.com\/en\/#organization\"},\"potentialAction\":[{\"@type\":\"SearchAction\",\"target\":{\"@type\":\"EntryPoint\",\"urlTemplate\":\"https:\/\/www.iplay.com\/en\/?s={search_term_string}\"},\"query-input\":{\"@type\":\"PropertyValueSpecification\",\"valueRequired\":true,\"valueName\":\"search_term_string\"}}],\"inLanguage\":\"fr-FR\"},{\"@type\":\"Organization\",\"@id\":\"https:\/\/www.iplay.com\/en\/#organization\",\"name\":\"IPlay\",\"url\":\"https:\/\/www.iplay.com\/en\/\",\"logo\":{\"@type\":\"ImageObject\",\"inLanguage\":\"fr-FR\",\"@id\":\"https:\/\/www.iplay.com\/en\/#\/schema\/logo\/image\/\",\"url\":\"https:\/\/www.iplay.com\/wp-content\/uploads\/2023\/11\/Group-6100.svg\",\"contentUrl\":\"https:\/\/www.iplay.com\/wp-content\/uploads\/2023\/11\/Group-6100.svg\",\"width\":98,\"height\":25,\"caption\":\"IPlay\"},\"image\":{\"@id\":\"https:\/\/www.iplay.com\/en\/#\/schema\/logo\/image\/\"}}]}<\/script>\n<!-- \/ Yoast SEO Premium plugin. -->","yoast_head_json":{"title":"Jewel Match Aquascapes Collector\u2019s Edition - Plongez dans une aventure sous-marine de Match-3","description":"Explorez un univers enchant\u00e9 de Match-3 sous l\u2019oc\u00e9an. Dans l\u2019\u00e9dition collector de Jewel Match Aquascapes","robots":{"index":"index","follow":"follow","max-snippet":"max-snippet:-1","max-image-preview":"max-image-preview:large","max-video-preview":"max-video-preview:-1"},"canonical":"https:\/\/www.iplay.com\/fr\/games\/jewel-match-aquascapes-collectors-edition\/","og_locale":"fr_FR","og_type":"article","og_title":"Jewel Match Aquascapes Collector's Edition","og_description":"Explorez un univers enchant\u00e9 de Match-3 sous l\u2019oc\u00e9an. Dans l\u2019\u00e9dition collector de Jewel Match Aquascapes","og_url":"https:\/\/www.iplay.com\/fr\/games\/jewel-match-aquascapes-collectors-edition\/","og_site_name":"IPlay","og_image":[{"width":310,"height":310,"url":"https:\/\/www.iplay.com\/wp-content\/uploads\/2023\/12\/large_square_tile_image-3182.jpg","type":"image\/jpeg"}],"twitter_card":"summary_large_image","twitter_misc":{"Dur\u00e9e de lecture estim\u00e9e":"1 minute"},"schema":{"@context":"https:\/\/schema.org","@graph":[{"@type":"WebPage","@id":"https:\/\/www.iplay.com\/fr\/games\/jewel-match-aquascapes-collectors-edition\/","url":"https:\/\/www.iplay.com\/fr\/games\/jewel-match-aquascapes-collectors-edition\/","name":"Jewel Match Aquascapes Collector\u2019s Edition - Plongez dans une aventure sous-marine de Match-3","isPartOf":{"@id":"https:\/\/www.iplay.com\/en\/#website"},"primaryImageOfPage":{"@id":"https:\/\/www.iplay.com\/fr\/games\/jewel-match-aquascapes-collectors-edition\/#primaryimage"},"image":{"@id":"https:\/\/www.iplay.com\/fr\/games\/jewel-match-aquascapes-collectors-edition\/#primaryimage"},"thumbnailUrl":"https:\/\/www.iplay.com\/wp-content\/uploads\/2023\/12\/large_square_tile_image-3182.jpg","datePublished":"2021-05-09T00:00:00+00:00","description":"Explorez un univers enchant\u00e9 de Match-3 sous l\u2019oc\u00e9an. Dans l\u2019\u00e9dition collector de Jewel Match Aquascapes","breadcrumb":{"@id":"https:\/\/www.iplay.com\/fr\/games\/jewel-match-aquascapes-collectors-edition\/#breadcrumb"},"inLanguage":"fr-FR","potentialAction":[{"@type":"ReadAction","target":["https:\/\/www.iplay.com\/fr\/games\/jewel-match-aquascapes-collectors-edition\/"]}]},{"@type":"ImageObject","inLanguage":"fr-FR","@id":"https:\/\/www.iplay.com\/fr\/games\/jewel-match-aquascapes-collectors-edition\/#primaryimage","url":"https:\/\/www.iplay.com\/wp-content\/uploads\/2023\/12\/large_square_tile_image-3182.jpg","contentUrl":"https:\/\/www.iplay.com\/wp-content\/uploads\/2023\/12\/large_square_tile_image-3182.jpg","width":310,"height":310},{"@type":"BreadcrumbList","@id":"https:\/\/www.iplay.com\/fr\/games\/jewel-match-aquascapes-collectors-edition\/#breadcrumb","itemListElement":[{"@type":"ListItem","position":1,"name":"Home","item":"https:\/\/www.iplay.com\/fr\/home-page-2\/"},{"@type":"ListItem","position":2,"name":"Shop","item":"https:\/\/www.iplay.com\/en\/shop\/"},{"@type":"ListItem","position":3,"name":"Jewel Match Aquascapes Collector&#8217;s Edition"}]},{"@type":"WebSite","@id":"https:\/\/www.iplay.com\/en\/#website","url":"https:\/\/www.iplay.com\/en\/","name":"IPlay","description":"The Best Casual Games!","publisher":{"@id":"https:\/\/www.iplay.com\/en\/#organization"},"potentialAction":[{"@type":"SearchAction","target":{"@type":"EntryPoint","urlTemplate":"https:\/\/www.iplay.com\/en\/?s={search_term_string}"},"query-input":{"@type":"PropertyValueSpecification","valueRequired":true,"valueName":"search_term_string"}}],"inLanguage":"fr-FR"},{"@type":"Organization","@id":"https:\/\/www.iplay.com\/en\/#organization","name":"IPlay","url":"https:\/\/www.iplay.com\/en\/","logo":{"@type":"ImageObject","inLanguage":"fr-FR","@id":"https:\/\/www.iplay.com\/en\/#\/schema\/logo\/image\/","url":"https:\/\/www.iplay.com\/wp-content\/uploads\/2023\/11\/Group-6100.svg","contentUrl":"https:\/\/www.iplay.com\/wp-content\/uploads\/2023\/11\/Group-6100.svg","width":98,"height":25,"caption":"IPlay"},"image":{"@id":"https:\/\/www.iplay.com\/en\/#\/schema\/logo\/image\/"}}]}},"_links":{"self":[{"href":"https:\/\/www.iplay.com\/fr\/wp-json\/wp\/v2\/product\/137268","targetHints":{"allow":["GET"]}}],"collection":[{"href":"https:\/\/www.iplay.com\/fr\/wp-json\/wp\/v2\/product"}],"about":[{"href":"https:\/\/www.iplay.com\/fr\/wp-json\/wp\/v2\/types\/product"}],"author":[{"embeddable":true,"href":"https:\/\/www.iplay.com\/fr\/wp-json\/wp\/v2\/users\/20"}],"replies":[{"embeddable":true,"href":"https:\/\/www.iplay.com\/fr\/wp-json\/wp\/v2\/comments?post=137268"}],"wp:featuredmedia":[{"embeddable":true,"href":"https:\/\/www.iplay.com\/fr\/wp-json\/wp\/v2\/media\/90676"}],"wp:attachment":[{"href":"https:\/\/www.iplay.com\/fr\/wp-json\/wp\/v2\/media?parent=137268"}],"wp:term":[{"taxonomy":"product_brand","embeddable":true,"href":"https:\/\/www.iplay.com\/fr\/wp-json\/wp\/v2\/product_brand?post=137268"},{"taxonomy":"product_cat","embeddable":true,"href":"https:\/\/www.iplay.com\/fr\/wp-json\/wp\/v2\/product_cat?post=137268"},{"taxonomy":"product_tag","embeddable":true,"href":"https:\/\/www.iplay.com\/fr\/wp-json\/wp\/v2\/product_tag?post=137268"}],"curies":[{"name":"wp","href":"https:\/\/api.w.org\/{rel}","templated":true}]}}