{"id":137267,"date":"2021-05-15T00:00:00","date_gmt":"2021-05-15T00:00:00","guid":{"rendered":"https:\/\/www.iplay.com\/games\/dwarves-craft-fathers-home\/"},"modified":"2021-05-15T00:00:00","modified_gmt":"2021-05-15T00:00:00","slug":"dwarves-craft-fathers-home","status":"publish","type":"product","link":"https:\/\/www.iplay.com\/fr\/games\/dwarves-craft-fathers-home\/","title":{"rendered":"Dwarves Craft &#8211; Father&#8217;s Home"},"content":{"rendered":"<p>Un nain artisan nomm\u00e9 Cory a emm\u00e9nag\u00e9 pour aider son p\u00e8re malade \u00e0 prendre soin et \u00e0 restaurer leur maison et leurs environs ! Une histoire captivante, une bande-son all\u00e9chante et 150 puzzles de picross vibrants de tous niveaux de difficult\u00e9 vous captiveront et vous amuseront tout au long de votre temps libre ! Une occasion incroyable de mettre \u00e0 l \u00ab \u00e9preuve vos talents de r\u00e9solution d \u00bb \u00e9nigmes ! Jouez \u00e0 travers les \u00e9tapes, r\u00e9solvez des \u00e9nigmes et aidez les nains \u00e0 reconstruire leur ancienne demeure !   <\/p>\n<p>&nbsp;<\/p>\n<p>&nbsp;<\/p>\n<p><strong>Fonctionnalit\u00e9s:<\/strong><\/p>\n<p>&nbsp;<\/p>\n<p>&#8211; 150 niveaux vibrants et r\u00e9alistes !<br \/>\n&#8211; Des visuels color\u00e9s !<br \/>\n&#8211; Faites des r\u00e9parations \u00e0 la maison&nbsp;!<br \/>\n&#8211; Le voyage est passionnant !<br \/>\n&#8211; Des couleurs vibrantes qui rappellent l\u2019\u00e9t\u00e9 !<br \/>\n&#8211; Une m\u00e9thode fantastique pour affiner votre raisonnement abstrait et logique !<br \/>\n&#8211; Interface simple et simple et gameplay captivant !<\/p>\n","protected":false},"excerpt":{"rendered":"<p>Aidez Cory et son p\u00e8re \u00e0 r\u00e9parer la vieille maison et la forge !<\/p>\n","protected":false},"author":39,"featured_media":80088,"comment_status":"open","ping_status":"closed","template":"","meta":{"_acf_changed":false,"inline_featured_image":false},"product_brand":[],"product_cat":[193],"product_tag":[],"class_list":{"0":"post-137267","1":"product","2":"type-product","3":"status-publish","4":"has-post-thumbnail","6":"product_cat-puzzle-fr","8":"first","9":"instock","10":"shipping-taxable","11":"purchasable","12":"product-type-simple"},"acf":[],"yoast_head":"<!-- This site is optimized with the Yoast SEO Premium plugin v25.2 (Yoast SEO v25.2) - https:\/\/yoast.com\/wordpress\/plugins\/seo\/ -->\n<title>Dwarves Craft - Maison du p\u00e8re - Aidez Cory et son p\u00e8re \u00e0 r\u00e9parer l\u2019ancienne forge et la maison<\/title>\n<meta name=\"description\" content=\"Aidez Cory et son p\u00e8re \u00e0 r\u00e9parer la vieille maison et la forge !\" \/>\n<meta name=\"robots\" content=\"index, follow, max-snippet:-1, max-image-preview:large, max-video-preview:-1\" \/>\n<link rel=\"canonical\" href=\"https:\/\/www.iplay.com\/fr\/games\/dwarves-craft-fathers-home\/\" \/>\n<meta property=\"og:locale\" content=\"fr_FR\" \/>\n<meta property=\"og:type\" content=\"article\" \/>\n<meta property=\"og:title\" content=\"Dwarves Craft - Father&#039;s Home\" \/>\n<meta property=\"og:description\" content=\"Aidez Cory et son p\u00e8re \u00e0 r\u00e9parer la vieille maison et la forge !\" \/>\n<meta property=\"og:url\" content=\"https:\/\/www.iplay.com\/fr\/games\/dwarves-craft-fathers-home\/\" \/>\n<meta property=\"og:site_name\" content=\"IPlay\" \/>\n<meta property=\"og:image\" content=\"https:\/\/www.iplay.com\/wp-content\/uploads\/2023\/12\/large_square_tile_image-2509.jpg\" \/>\n\t<meta property=\"og:image:width\" content=\"310\" \/>\n\t<meta property=\"og:image:height\" content=\"310\" \/>\n\t<meta property=\"og:image:type\" content=\"image\/jpeg\" \/>\n<meta name=\"twitter:card\" content=\"summary_large_image\" \/>\n<meta name=\"twitter:label1\" content=\"Dur\u00e9e de lecture estim\u00e9e\" \/>\n\t<meta name=\"twitter:data1\" content=\"1 minute\" \/>\n<script type=\"application\/ld+json\" class=\"yoast-schema-graph\">{\"@context\":\"https:\/\/schema.org\",\"@graph\":[{\"@type\":\"WebPage\",\"@id\":\"https:\/\/www.iplay.com\/fr\/games\/dwarves-craft-fathers-home\/\",\"url\":\"https:\/\/www.iplay.com\/fr\/games\/dwarves-craft-fathers-home\/\",\"name\":\"Dwarves Craft - Maison du p\u00e8re - Aidez Cory et son p\u00e8re \u00e0 r\u00e9parer l\u2019ancienne forge et la maison\",\"isPartOf\":{\"@id\":\"https:\/\/www.iplay.com\/en\/#website\"},\"primaryImageOfPage\":{\"@id\":\"https:\/\/www.iplay.com\/fr\/games\/dwarves-craft-fathers-home\/#primaryimage\"},\"image\":{\"@id\":\"https:\/\/www.iplay.com\/fr\/games\/dwarves-craft-fathers-home\/#primaryimage\"},\"thumbnailUrl\":\"https:\/\/www.iplay.com\/wp-content\/uploads\/2023\/12\/large_square_tile_image-2509.jpg\",\"datePublished\":\"2021-05-15T00:00:00+00:00\",\"description\":\"Aidez Cory et son p\u00e8re \u00e0 r\u00e9parer la vieille maison et la forge !\",\"breadcrumb\":{\"@id\":\"https:\/\/www.iplay.com\/fr\/games\/dwarves-craft-fathers-home\/#breadcrumb\"},\"inLanguage\":\"fr-FR\",\"potentialAction\":[{\"@type\":\"ReadAction\",\"target\":[\"https:\/\/www.iplay.com\/fr\/games\/dwarves-craft-fathers-home\/\"]}]},{\"@type\":\"ImageObject\",\"inLanguage\":\"fr-FR\",\"@id\":\"https:\/\/www.iplay.com\/fr\/games\/dwarves-craft-fathers-home\/#primaryimage\",\"url\":\"https:\/\/www.iplay.com\/wp-content\/uploads\/2023\/12\/large_square_tile_image-2509.jpg\",\"contentUrl\":\"https:\/\/www.iplay.com\/wp-content\/uploads\/2023\/12\/large_square_tile_image-2509.jpg\",\"width\":310,\"height\":310},{\"@type\":\"BreadcrumbList\",\"@id\":\"https:\/\/www.iplay.com\/fr\/games\/dwarves-craft-fathers-home\/#breadcrumb\",\"itemListElement\":[{\"@type\":\"ListItem\",\"position\":1,\"name\":\"Home\",\"item\":\"https:\/\/www.iplay.com\/fr\/home-page-2\/\"},{\"@type\":\"ListItem\",\"position\":2,\"name\":\"Shop\",\"item\":\"https:\/\/www.iplay.com\/en\/shop\/\"},{\"@type\":\"ListItem\",\"position\":3,\"name\":\"Dwarves Craft &#8211; Father&#8217;s Home\"}]},{\"@type\":\"WebSite\",\"@id\":\"https:\/\/www.iplay.com\/en\/#website\",\"url\":\"https:\/\/www.iplay.com\/en\/\",\"name\":\"IPlay\",\"description\":\"The Best Casual Games!\",\"publisher\":{\"@id\":\"https:\/\/www.iplay.com\/en\/#organization\"},\"potentialAction\":[{\"@type\":\"SearchAction\",\"target\":{\"@type\":\"EntryPoint\",\"urlTemplate\":\"https:\/\/www.iplay.com\/en\/?s={search_term_string}\"},\"query-input\":{\"@type\":\"PropertyValueSpecification\",\"valueRequired\":true,\"valueName\":\"search_term_string\"}}],\"inLanguage\":\"fr-FR\"},{\"@type\":\"Organization\",\"@id\":\"https:\/\/www.iplay.com\/en\/#organization\",\"name\":\"IPlay\",\"url\":\"https:\/\/www.iplay.com\/en\/\",\"logo\":{\"@type\":\"ImageObject\",\"inLanguage\":\"fr-FR\",\"@id\":\"https:\/\/www.iplay.com\/en\/#\/schema\/logo\/image\/\",\"url\":\"https:\/\/www.iplay.com\/wp-content\/uploads\/2023\/11\/Group-6100.svg\",\"contentUrl\":\"https:\/\/www.iplay.com\/wp-content\/uploads\/2023\/11\/Group-6100.svg\",\"width\":98,\"height\":25,\"caption\":\"IPlay\"},\"image\":{\"@id\":\"https:\/\/www.iplay.com\/en\/#\/schema\/logo\/image\/\"}}]}<\/script>\n<!-- \/ Yoast SEO Premium plugin. -->","yoast_head_json":{"title":"Dwarves Craft - Maison du p\u00e8re - Aidez Cory et son p\u00e8re \u00e0 r\u00e9parer l\u2019ancienne forge et la maison","description":"Aidez Cory et son p\u00e8re \u00e0 r\u00e9parer la vieille maison et la forge !","robots":{"index":"index","follow":"follow","max-snippet":"max-snippet:-1","max-image-preview":"max-image-preview:large","max-video-preview":"max-video-preview:-1"},"canonical":"https:\/\/www.iplay.com\/fr\/games\/dwarves-craft-fathers-home\/","og_locale":"fr_FR","og_type":"article","og_title":"Dwarves Craft - Father's Home","og_description":"Aidez Cory et son p\u00e8re \u00e0 r\u00e9parer la vieille maison et la forge !","og_url":"https:\/\/www.iplay.com\/fr\/games\/dwarves-craft-fathers-home\/","og_site_name":"IPlay","og_image":[{"width":310,"height":310,"url":"https:\/\/www.iplay.com\/wp-content\/uploads\/2023\/12\/large_square_tile_image-2509.jpg","type":"image\/jpeg"}],"twitter_card":"summary_large_image","twitter_misc":{"Dur\u00e9e de lecture estim\u00e9e":"1 minute"},"schema":{"@context":"https:\/\/schema.org","@graph":[{"@type":"WebPage","@id":"https:\/\/www.iplay.com\/fr\/games\/dwarves-craft-fathers-home\/","url":"https:\/\/www.iplay.com\/fr\/games\/dwarves-craft-fathers-home\/","name":"Dwarves Craft - Maison du p\u00e8re - Aidez Cory et son p\u00e8re \u00e0 r\u00e9parer l\u2019ancienne forge et la maison","isPartOf":{"@id":"https:\/\/www.iplay.com\/en\/#website"},"primaryImageOfPage":{"@id":"https:\/\/www.iplay.com\/fr\/games\/dwarves-craft-fathers-home\/#primaryimage"},"image":{"@id":"https:\/\/www.iplay.com\/fr\/games\/dwarves-craft-fathers-home\/#primaryimage"},"thumbnailUrl":"https:\/\/www.iplay.com\/wp-content\/uploads\/2023\/12\/large_square_tile_image-2509.jpg","datePublished":"2021-05-15T00:00:00+00:00","description":"Aidez Cory et son p\u00e8re \u00e0 r\u00e9parer la vieille maison et la forge !","breadcrumb":{"@id":"https:\/\/www.iplay.com\/fr\/games\/dwarves-craft-fathers-home\/#breadcrumb"},"inLanguage":"fr-FR","potentialAction":[{"@type":"ReadAction","target":["https:\/\/www.iplay.com\/fr\/games\/dwarves-craft-fathers-home\/"]}]},{"@type":"ImageObject","inLanguage":"fr-FR","@id":"https:\/\/www.iplay.com\/fr\/games\/dwarves-craft-fathers-home\/#primaryimage","url":"https:\/\/www.iplay.com\/wp-content\/uploads\/2023\/12\/large_square_tile_image-2509.jpg","contentUrl":"https:\/\/www.iplay.com\/wp-content\/uploads\/2023\/12\/large_square_tile_image-2509.jpg","width":310,"height":310},{"@type":"BreadcrumbList","@id":"https:\/\/www.iplay.com\/fr\/games\/dwarves-craft-fathers-home\/#breadcrumb","itemListElement":[{"@type":"ListItem","position":1,"name":"Home","item":"https:\/\/www.iplay.com\/fr\/home-page-2\/"},{"@type":"ListItem","position":2,"name":"Shop","item":"https:\/\/www.iplay.com\/en\/shop\/"},{"@type":"ListItem","position":3,"name":"Dwarves Craft &#8211; Father&#8217;s Home"}]},{"@type":"WebSite","@id":"https:\/\/www.iplay.com\/en\/#website","url":"https:\/\/www.iplay.com\/en\/","name":"IPlay","description":"The Best Casual Games!","publisher":{"@id":"https:\/\/www.iplay.com\/en\/#organization"},"potentialAction":[{"@type":"SearchAction","target":{"@type":"EntryPoint","urlTemplate":"https:\/\/www.iplay.com\/en\/?s={search_term_string}"},"query-input":{"@type":"PropertyValueSpecification","valueRequired":true,"valueName":"search_term_string"}}],"inLanguage":"fr-FR"},{"@type":"Organization","@id":"https:\/\/www.iplay.com\/en\/#organization","name":"IPlay","url":"https:\/\/www.iplay.com\/en\/","logo":{"@type":"ImageObject","inLanguage":"fr-FR","@id":"https:\/\/www.iplay.com\/en\/#\/schema\/logo\/image\/","url":"https:\/\/www.iplay.com\/wp-content\/uploads\/2023\/11\/Group-6100.svg","contentUrl":"https:\/\/www.iplay.com\/wp-content\/uploads\/2023\/11\/Group-6100.svg","width":98,"height":25,"caption":"IPlay"},"image":{"@id":"https:\/\/www.iplay.com\/en\/#\/schema\/logo\/image\/"}}]}},"_links":{"self":[{"href":"https:\/\/www.iplay.com\/fr\/wp-json\/wp\/v2\/product\/137267","targetHints":{"allow":["GET"]}}],"collection":[{"href":"https:\/\/www.iplay.com\/fr\/wp-json\/wp\/v2\/product"}],"about":[{"href":"https:\/\/www.iplay.com\/fr\/wp-json\/wp\/v2\/types\/product"}],"author":[{"embeddable":true,"href":"https:\/\/www.iplay.com\/fr\/wp-json\/wp\/v2\/users\/39"}],"replies":[{"embeddable":true,"href":"https:\/\/www.iplay.com\/fr\/wp-json\/wp\/v2\/comments?post=137267"}],"wp:featuredmedia":[{"embeddable":true,"href":"https:\/\/www.iplay.com\/fr\/wp-json\/wp\/v2\/media\/80088"}],"wp:attachment":[{"href":"https:\/\/www.iplay.com\/fr\/wp-json\/wp\/v2\/media?parent=137267"}],"wp:term":[{"taxonomy":"product_brand","embeddable":true,"href":"https:\/\/www.iplay.com\/fr\/wp-json\/wp\/v2\/product_brand?post=137267"},{"taxonomy":"product_cat","embeddable":true,"href":"https:\/\/www.iplay.com\/fr\/wp-json\/wp\/v2\/product_cat?post=137267"},{"taxonomy":"product_tag","embeddable":true,"href":"https:\/\/www.iplay.com\/fr\/wp-json\/wp\/v2\/product_tag?post=137267"}],"curies":[{"name":"wp","href":"https:\/\/api.w.org\/{rel}","templated":true}]}}