{"id":137246,"date":"2025-05-23T09:30:46","date_gmt":"2025-05-23T09:30:46","guid":{"rendered":"https:\/\/www.iplay.com\/games\/vacation-adventures-park-ranger-17\/"},"modified":"2025-05-23T09:30:46","modified_gmt":"2025-05-23T09:30:46","slug":"vacation-adventures-park-ranger-17","status":"publish","type":"product","link":"https:\/\/www.iplay.com\/fr\/games\/vacation-adventures-park-ranger-17\/","title":{"rendered":"Vacation Adventures: Park Ranger 17"},"content":{"rendered":"<p class=\"whitespace-normal break-words\">Les bottes des gardes forestiers d\u00e9vou\u00e9s de Pinecreek peuvent \u00eatre enfil\u00e9es alors que la magie d\u2019un parc national am\u00e9ricain renomm\u00e9 est v\u00e9cue. Des paysages \u00e9poustouflants peuvent \u00eatre parcourus, des sentiers passionnants peuvent \u00eatre parcourus et des activit\u00e9s dans des lieux pittoresques peuvent \u00eatre supervis\u00e9es. De beaux endroits comme le lac Bluewaters, la rivi\u00e8re Cherokee et le sanctuaire de faune de Little Goose attendent d\u2019\u00eatre explor\u00e9s.  <\/p>\n<p class=\"whitespace-normal break-words\">Un voyage pittoresque peut \u00eatre entrepris \u00e0 bord du train Heritage Trail pendant que d\u2019anciens artefacts azt\u00e8ques sont d\u00e9couverts. Une visite fascinante peut \u00eatre embarqu\u00e9e avec Eagle, le bateau \u00e0 fond de verre ultramoderne du parc. La ville historique du Far West de Goldville peut \u00eatre parcourue tout en savourant les saveurs Tex Mex et en s\u2019impr\u00e9gnant du charme de Jailhouse Square.  <\/p>\n<p class=\"whitespace-normal break-words\">La conservation de la faune peut \u00eatre apprise pendant que le camping est appr\u00e9ci\u00e9 par les rivi\u00e8res tranquilles et les bayous. Des cascades mystiques, des grottes enchanteresses et des gorges escarp\u00e9es peuvent \u00eatre explor\u00e9es tout au long de votre aventure. Des r\u00f4deurs nocturnes palpitants men\u00e9s par des rangers exp\u00e9riment\u00e9s peuvent \u00eatre particip\u00e9s alors que des objets cach\u00e9s sont recherch\u00e9s et que des \u00e9nigmes captivantes sont r\u00e9solues.  <\/p>\n<p class=\"whitespace-normal break-words\">Des centaines d\u2019animaux, d\u2019oiseaux et de poissons attendent d\u2019\u00eatre d\u00e9couverts tout en profitant pleinement de la beaut\u00e9 de la nature. Des souvenirs et des r\u00e9compenses sont gagn\u00e9s en cours de route au fur et \u00e0 mesure que vos comp\u00e9tences de garde forestier se d\u00e9veloppent. <\/p>\n<p>&nbsp;<\/p>\n<p class=\"whitespace-normal break-words\"><strong>Fonctionnalit\u00e9s:<\/strong><\/p>\n<ul class=\"[&amp;:not(:last-child)_ul]:pb-1 [&amp;:not(:last-child)_ol]:pb-1 list-disc space-y-1.5 pl-7\">\n<li class=\"whitespace-normal break-words\"><strong>Op\u00e9rations de sauvetage en montagne<\/strong> &#8211; Les personnes dans le besoin peuvent \u00eatre aid\u00e9es et sauv\u00e9es en cas d\u2019urgence<\/li>\n<li class=\"whitespace-normal break-words\"><strong>Excursions en bateau \u00e0 fond de verre<\/strong> &#8211; Des vues sous-marines spectaculaires peuvent \u00eatre appr\u00e9ci\u00e9es \u00e0 bord de ce navire \u00e9tonnant<\/li>\n<li class=\"whitespace-normal break-words\"><strong>Album de photographie animali\u00e8re<\/strong> &#8211; Une collection sp\u00e9ciale peut \u00eatre cr\u00e9\u00e9e remplie de d\u00e9couvertes fascinantes<\/li>\n<li class=\"whitespace-normal break-words\"><strong>Exp\u00e9ditions arch\u00e9ologiques<\/strong> &#8211; D\u2019anciens artefacts azt\u00e8ques peuvent \u00eatre d\u00e9terr\u00e9s et d\u00e9couverts sur le site de la pyramide<\/li>\n<li class=\"whitespace-normal break-words\"><strong>Programme de reconnaissance du service<\/strong> &#8211; Les militaires courageux peuvent \u00eatre r\u00e9compens\u00e9s pour leur d\u00e9vouement et leur h\u00e9ro\u00efsme.<\/li>\n<\/ul>\n<p>&nbsp;<\/p>\n<p class=\"whitespace-normal break-words\">Parfait pour les amoureux de la nature qui veulent d\u00e9couvrir les responsabilit\u00e9s et les aventures de vrais gardes forestiers tout en explorant les merveilles naturelles de l\u2019Am\u00e9rique.<\/p>\n","protected":false},"excerpt":{"rendered":"<p>Aidez les gardes forestiers \u00e0 g\u00e9rer un magnifique parc national am\u00e9ricain dans ce jeu de simulation immersif aux paysages vibrants.<\/p>\n","protected":false},"author":37,"featured_media":137206,"comment_status":"open","ping_status":"closed","template":"","meta":{"_acf_changed":false,"inline_featured_image":false},"product_brand":[],"product_cat":[148,165],"product_tag":[287,318],"class_list":{"0":"post-137246","1":"product","2":"type-product","3":"status-publish","4":"has-post-thumbnail","6":"product_cat-adventure-fr","7":"product_cat-hidden-object-fr","8":"product_tag-play-on-pc-fr","9":"product_tag-vacation-adventures-park-ranger-series-fr","11":"first","12":"instock","13":"shipping-taxable","14":"purchasable","15":"product-type-simple"},"acf":[],"yoast_head":"<!-- This site is optimized with the Yoast SEO Premium plugin v25.2 (Yoast SEO v25.2) - https:\/\/yoast.com\/wordpress\/plugins\/seo\/ -->\n<title>Aidez les gardes forestiers \u00e0 g\u00e9rer les parcs nationaux - Vacation Adventures\u00a0: Park Ranger 17<\/title>\n<meta name=\"description\" content=\"Aidez les gardes forestiers \u00e0 g\u00e9rer un magnifique parc national am\u00e9ricain dans ce jeu de simulation immersif aux paysages vibrants.\" \/>\n<meta name=\"robots\" content=\"index, follow, max-snippet:-1, max-image-preview:large, max-video-preview:-1\" \/>\n<link rel=\"canonical\" href=\"https:\/\/www.iplay.com\/fr\/games\/vacation-adventures-park-ranger-17\/\" \/>\n<meta property=\"og:locale\" content=\"fr_FR\" \/>\n<meta property=\"og:type\" content=\"article\" \/>\n<meta property=\"og:title\" content=\"Vacation Adventures: Park Ranger 17\" \/>\n<meta property=\"og:description\" content=\"Aidez les gardes forestiers \u00e0 g\u00e9rer un magnifique parc national am\u00e9ricain dans ce jeu de simulation immersif aux paysages vibrants.\" \/>\n<meta property=\"og:url\" content=\"https:\/\/www.iplay.com\/fr\/games\/vacation-adventures-park-ranger-17\/\" \/>\n<meta property=\"og:site_name\" content=\"IPlay\" \/>\n<meta property=\"og:image\" content=\"https:\/\/www.iplay.com\/wp-content\/uploads\/2025\/05\/vacation_adventures_park_ranger_17_large_square_tile_image.webp\" \/>\n\t<meta property=\"og:image:width\" content=\"310\" \/>\n\t<meta property=\"og:image:height\" content=\"310\" \/>\n\t<meta property=\"og:image:type\" content=\"image\/webp\" \/>\n<meta name=\"twitter:card\" content=\"summary_large_image\" \/>\n<meta name=\"twitter:label1\" content=\"Dur\u00e9e de lecture estim\u00e9e\" \/>\n\t<meta name=\"twitter:data1\" content=\"2 minutes\" \/>\n<script type=\"application\/ld+json\" class=\"yoast-schema-graph\">{\"@context\":\"https:\/\/schema.org\",\"@graph\":[{\"@type\":\"WebPage\",\"@id\":\"https:\/\/www.iplay.com\/fr\/games\/vacation-adventures-park-ranger-17\/\",\"url\":\"https:\/\/www.iplay.com\/fr\/games\/vacation-adventures-park-ranger-17\/\",\"name\":\"Aidez les gardes forestiers \u00e0 g\u00e9rer les parcs nationaux - Vacation Adventures\u00a0: Park Ranger 17\",\"isPartOf\":{\"@id\":\"https:\/\/www.iplay.com\/en\/#website\"},\"primaryImageOfPage\":{\"@id\":\"https:\/\/www.iplay.com\/fr\/games\/vacation-adventures-park-ranger-17\/#primaryimage\"},\"image\":{\"@id\":\"https:\/\/www.iplay.com\/fr\/games\/vacation-adventures-park-ranger-17\/#primaryimage\"},\"thumbnailUrl\":\"https:\/\/www.iplay.com\/wp-content\/uploads\/2025\/05\/vacation_adventures_park_ranger_17_large_square_tile_image.webp\",\"datePublished\":\"2025-05-23T09:30:46+00:00\",\"description\":\"Aidez les gardes forestiers \u00e0 g\u00e9rer un magnifique parc national am\u00e9ricain dans ce jeu de simulation immersif aux paysages vibrants.\",\"breadcrumb\":{\"@id\":\"https:\/\/www.iplay.com\/fr\/games\/vacation-adventures-park-ranger-17\/#breadcrumb\"},\"inLanguage\":\"fr-FR\",\"potentialAction\":[{\"@type\":\"ReadAction\",\"target\":[\"https:\/\/www.iplay.com\/fr\/games\/vacation-adventures-park-ranger-17\/\"]}]},{\"@type\":\"ImageObject\",\"inLanguage\":\"fr-FR\",\"@id\":\"https:\/\/www.iplay.com\/fr\/games\/vacation-adventures-park-ranger-17\/#primaryimage\",\"url\":\"https:\/\/www.iplay.com\/wp-content\/uploads\/2025\/05\/vacation_adventures_park_ranger_17_large_square_tile_image.webp\",\"contentUrl\":\"https:\/\/www.iplay.com\/wp-content\/uploads\/2025\/05\/vacation_adventures_park_ranger_17_large_square_tile_image.webp\",\"width\":310,\"height\":310},{\"@type\":\"BreadcrumbList\",\"@id\":\"https:\/\/www.iplay.com\/fr\/games\/vacation-adventures-park-ranger-17\/#breadcrumb\",\"itemListElement\":[{\"@type\":\"ListItem\",\"position\":1,\"name\":\"Home\",\"item\":\"https:\/\/www.iplay.com\/fr\/home-page-2\/\"},{\"@type\":\"ListItem\",\"position\":2,\"name\":\"Shop\",\"item\":\"https:\/\/www.iplay.com\/en\/shop\/\"},{\"@type\":\"ListItem\",\"position\":3,\"name\":\"Vacation Adventures: Park Ranger 17\"}]},{\"@type\":\"WebSite\",\"@id\":\"https:\/\/www.iplay.com\/en\/#website\",\"url\":\"https:\/\/www.iplay.com\/en\/\",\"name\":\"IPlay\",\"description\":\"The Best Casual Games!\",\"publisher\":{\"@id\":\"https:\/\/www.iplay.com\/en\/#organization\"},\"potentialAction\":[{\"@type\":\"SearchAction\",\"target\":{\"@type\":\"EntryPoint\",\"urlTemplate\":\"https:\/\/www.iplay.com\/en\/?s={search_term_string}\"},\"query-input\":{\"@type\":\"PropertyValueSpecification\",\"valueRequired\":true,\"valueName\":\"search_term_string\"}}],\"inLanguage\":\"fr-FR\"},{\"@type\":\"Organization\",\"@id\":\"https:\/\/www.iplay.com\/en\/#organization\",\"name\":\"IPlay\",\"url\":\"https:\/\/www.iplay.com\/en\/\",\"logo\":{\"@type\":\"ImageObject\",\"inLanguage\":\"fr-FR\",\"@id\":\"https:\/\/www.iplay.com\/en\/#\/schema\/logo\/image\/\",\"url\":\"https:\/\/www.iplay.com\/wp-content\/uploads\/2023\/11\/Group-6100.svg\",\"contentUrl\":\"https:\/\/www.iplay.com\/wp-content\/uploads\/2023\/11\/Group-6100.svg\",\"width\":98,\"height\":25,\"caption\":\"IPlay\"},\"image\":{\"@id\":\"https:\/\/www.iplay.com\/en\/#\/schema\/logo\/image\/\"}}]}<\/script>\n<!-- \/ Yoast SEO Premium plugin. -->","yoast_head_json":{"title":"Aidez les gardes forestiers \u00e0 g\u00e9rer les parcs nationaux - Vacation Adventures\u00a0: Park Ranger 17","description":"Aidez les gardes forestiers \u00e0 g\u00e9rer un magnifique parc national am\u00e9ricain dans ce jeu de simulation immersif aux paysages vibrants.","robots":{"index":"index","follow":"follow","max-snippet":"max-snippet:-1","max-image-preview":"max-image-preview:large","max-video-preview":"max-video-preview:-1"},"canonical":"https:\/\/www.iplay.com\/fr\/games\/vacation-adventures-park-ranger-17\/","og_locale":"fr_FR","og_type":"article","og_title":"Vacation Adventures: Park Ranger 17","og_description":"Aidez les gardes forestiers \u00e0 g\u00e9rer un magnifique parc national am\u00e9ricain dans ce jeu de simulation immersif aux paysages vibrants.","og_url":"https:\/\/www.iplay.com\/fr\/games\/vacation-adventures-park-ranger-17\/","og_site_name":"IPlay","og_image":[{"width":310,"height":310,"url":"https:\/\/www.iplay.com\/wp-content\/uploads\/2025\/05\/vacation_adventures_park_ranger_17_large_square_tile_image.webp","type":"image\/webp"}],"twitter_card":"summary_large_image","twitter_misc":{"Dur\u00e9e de lecture estim\u00e9e":"2 minutes"},"schema":{"@context":"https:\/\/schema.org","@graph":[{"@type":"WebPage","@id":"https:\/\/www.iplay.com\/fr\/games\/vacation-adventures-park-ranger-17\/","url":"https:\/\/www.iplay.com\/fr\/games\/vacation-adventures-park-ranger-17\/","name":"Aidez les gardes forestiers \u00e0 g\u00e9rer les parcs nationaux - Vacation Adventures\u00a0: Park Ranger 17","isPartOf":{"@id":"https:\/\/www.iplay.com\/en\/#website"},"primaryImageOfPage":{"@id":"https:\/\/www.iplay.com\/fr\/games\/vacation-adventures-park-ranger-17\/#primaryimage"},"image":{"@id":"https:\/\/www.iplay.com\/fr\/games\/vacation-adventures-park-ranger-17\/#primaryimage"},"thumbnailUrl":"https:\/\/www.iplay.com\/wp-content\/uploads\/2025\/05\/vacation_adventures_park_ranger_17_large_square_tile_image.webp","datePublished":"2025-05-23T09:30:46+00:00","description":"Aidez les gardes forestiers \u00e0 g\u00e9rer un magnifique parc national am\u00e9ricain dans ce jeu de simulation immersif aux paysages vibrants.","breadcrumb":{"@id":"https:\/\/www.iplay.com\/fr\/games\/vacation-adventures-park-ranger-17\/#breadcrumb"},"inLanguage":"fr-FR","potentialAction":[{"@type":"ReadAction","target":["https:\/\/www.iplay.com\/fr\/games\/vacation-adventures-park-ranger-17\/"]}]},{"@type":"ImageObject","inLanguage":"fr-FR","@id":"https:\/\/www.iplay.com\/fr\/games\/vacation-adventures-park-ranger-17\/#primaryimage","url":"https:\/\/www.iplay.com\/wp-content\/uploads\/2025\/05\/vacation_adventures_park_ranger_17_large_square_tile_image.webp","contentUrl":"https:\/\/www.iplay.com\/wp-content\/uploads\/2025\/05\/vacation_adventures_park_ranger_17_large_square_tile_image.webp","width":310,"height":310},{"@type":"BreadcrumbList","@id":"https:\/\/www.iplay.com\/fr\/games\/vacation-adventures-park-ranger-17\/#breadcrumb","itemListElement":[{"@type":"ListItem","position":1,"name":"Home","item":"https:\/\/www.iplay.com\/fr\/home-page-2\/"},{"@type":"ListItem","position":2,"name":"Shop","item":"https:\/\/www.iplay.com\/en\/shop\/"},{"@type":"ListItem","position":3,"name":"Vacation Adventures: Park Ranger 17"}]},{"@type":"WebSite","@id":"https:\/\/www.iplay.com\/en\/#website","url":"https:\/\/www.iplay.com\/en\/","name":"IPlay","description":"The Best Casual Games!","publisher":{"@id":"https:\/\/www.iplay.com\/en\/#organization"},"potentialAction":[{"@type":"SearchAction","target":{"@type":"EntryPoint","urlTemplate":"https:\/\/www.iplay.com\/en\/?s={search_term_string}"},"query-input":{"@type":"PropertyValueSpecification","valueRequired":true,"valueName":"search_term_string"}}],"inLanguage":"fr-FR"},{"@type":"Organization","@id":"https:\/\/www.iplay.com\/en\/#organization","name":"IPlay","url":"https:\/\/www.iplay.com\/en\/","logo":{"@type":"ImageObject","inLanguage":"fr-FR","@id":"https:\/\/www.iplay.com\/en\/#\/schema\/logo\/image\/","url":"https:\/\/www.iplay.com\/wp-content\/uploads\/2023\/11\/Group-6100.svg","contentUrl":"https:\/\/www.iplay.com\/wp-content\/uploads\/2023\/11\/Group-6100.svg","width":98,"height":25,"caption":"IPlay"},"image":{"@id":"https:\/\/www.iplay.com\/en\/#\/schema\/logo\/image\/"}}]}},"_links":{"self":[{"href":"https:\/\/www.iplay.com\/fr\/wp-json\/wp\/v2\/product\/137246","targetHints":{"allow":["GET"]}}],"collection":[{"href":"https:\/\/www.iplay.com\/fr\/wp-json\/wp\/v2\/product"}],"about":[{"href":"https:\/\/www.iplay.com\/fr\/wp-json\/wp\/v2\/types\/product"}],"author":[{"embeddable":true,"href":"https:\/\/www.iplay.com\/fr\/wp-json\/wp\/v2\/users\/37"}],"replies":[{"embeddable":true,"href":"https:\/\/www.iplay.com\/fr\/wp-json\/wp\/v2\/comments?post=137246"}],"wp:featuredmedia":[{"embeddable":true,"href":"https:\/\/www.iplay.com\/fr\/wp-json\/wp\/v2\/media\/137206"}],"wp:attachment":[{"href":"https:\/\/www.iplay.com\/fr\/wp-json\/wp\/v2\/media?parent=137246"}],"wp:term":[{"taxonomy":"product_brand","embeddable":true,"href":"https:\/\/www.iplay.com\/fr\/wp-json\/wp\/v2\/product_brand?post=137246"},{"taxonomy":"product_cat","embeddable":true,"href":"https:\/\/www.iplay.com\/fr\/wp-json\/wp\/v2\/product_cat?post=137246"},{"taxonomy":"product_tag","embeddable":true,"href":"https:\/\/www.iplay.com\/fr\/wp-json\/wp\/v2\/product_tag?post=137246"}],"curies":[{"name":"wp","href":"https:\/\/api.w.org\/{rel}","templated":true}]}}