{"id":137092,"date":"2021-10-07T00:00:00","date_gmt":"2021-10-07T00:00:00","guid":{"rendered":"https:\/\/www.iplay.com\/games\/gizmos-super-value-pack\/"},"modified":"2021-10-07T00:00:00","modified_gmt":"2021-10-07T00:00:00","slug":"gizmos-super-value-pack","status":"publish","type":"product","link":"https:\/\/www.iplay.com\/fr\/games\/gizmos-super-value-pack\/","title":{"rendered":"Gizmo&#8217;s Super Value Pack"},"content":{"rendered":"<p>Rejoignez vos compagnons Kurt, John et Sid au pays des gadgets pour 5 exp\u00e9riences uniques de puzzle de nonogramme ! Gizmos &#8211; Spirit of the Christmas est un jeu de puzzle qui se d\u00e9roule dans un cadre festif de No\u00ebl. Choisissez le type de cadeaux \u00e0 offrir et les articles suppl\u00e9mentaires \u00e0 inclure. Ensuite, il y a Gizmos &#8211; L\u2019\u00e9nigme de l\u2019univers. Un engin inconnu s\u2019est infiltr\u00e9 dans le garage de Kurt le M\u00e9canicien. Une recherche sur le site du crash a r\u00e9v\u00e9l\u00e9 un message cod\u00e9 d\u2019un autre monde. Aidez-nous \u00e0 l\u2019enqu\u00eate sur ce myst\u00e8re ! Poursuivez vos aventures avec Gizmos dans Spooky Adventure, alors qu\u2019un essaim de fant\u00f4mes transforme la c\u00e9l\u00e9bration d\u2019Halloween de Gizmo Land en cauchemar. C\u2019est \u00e0 vous, John, Sid et Kurt, ainsi qu\u2019\u00e0 vos amis Gizmo, de les combattre et de sauver la situation. Partez ensuite en voyage \u00e0 travers des for\u00eats inconnues avec de vieux amis ! Il y aura une vari\u00e9t\u00e9 d\u2019\u00e9nigmes qui vous attendront ! Les Gizmos se lancent dans une aventure Steampunk \u00e0 travers des jungles \u00e9tranges. Enfin, les Gizmos se lancent dans un voyage interstellaire. Lorsque Sid recevra une invitation au tournoi intergalactique de Nonogramme, vont-ils embarrasser leur plan\u00e8te ou rentrer chez eux devant des fans en adoration en tant que vainqueurs ?             <\/p>\n<p>&nbsp;<\/p>\n<p>&nbsp;<\/p>\n<p><strong>Fonctionnalit\u00e9s:<\/strong><\/p>\n<p>&nbsp;<\/p>\n<p>&#8211; Cinq jeux fantastiques dans un pack super \u00e9conomique !<\/p>\n<p>&#8211; Des puzzles de nonogrammes passionnants avec des grilles allant jusqu\u2019\u00e0 30 \u00d7 30 !<\/p>\n<p>&#8211; Mini-jeux de puzzle difficiles<\/p>\n<p>&#8211; Belle musique steampunk et effets sonores<\/p>\n<p>&#8211; Rejoignez vos amis Gizmo John, Sid et Kurt dans des missions difficiles<\/p>\n","protected":false},"excerpt":{"rendered":"<p>Rejoignez les Gizmos dans 5 aventures de puzzle palpitantes avec cet incroyable pack !<\/p>\n","protected":false},"author":45,"featured_media":78824,"comment_status":"open","ping_status":"closed","template":"","meta":{"_acf_changed":false,"inline_featured_image":false},"product_brand":[],"product_cat":[193],"product_tag":[],"class_list":{"0":"post-137092","1":"product","2":"type-product","3":"status-publish","4":"has-post-thumbnail","6":"product_cat-puzzle-fr","8":"first","9":"instock","10":"shipping-taxable","11":"purchasable","12":"product-type-simple"},"acf":[],"yoast_head":"<!-- This site is optimized with the Yoast SEO Premium plugin v25.2 (Yoast SEO v25.2) - https:\/\/yoast.com\/wordpress\/plugins\/seo\/ -->\n<title>Super Value Pack de Gizmo - Rejoignez Gizmos dans 5 aventures de puzzle incroyables avec un pack<\/title>\n<meta name=\"description\" content=\"Rejoignez les Gizmos dans 5 aventures de puzzle palpitantes avec cet incroyable pack !\" \/>\n<meta name=\"robots\" content=\"index, follow, max-snippet:-1, max-image-preview:large, max-video-preview:-1\" \/>\n<link rel=\"canonical\" href=\"https:\/\/www.iplay.com\/fr\/games\/gizmos-super-value-pack\/\" \/>\n<meta property=\"og:locale\" content=\"fr_FR\" \/>\n<meta property=\"og:type\" content=\"article\" \/>\n<meta property=\"og:title\" content=\"Gizmo&#039;s Super Value Pack\" \/>\n<meta property=\"og:description\" content=\"Rejoignez les Gizmos dans 5 aventures de puzzle palpitantes avec cet incroyable pack !\" \/>\n<meta property=\"og:url\" content=\"https:\/\/www.iplay.com\/fr\/games\/gizmos-super-value-pack\/\" \/>\n<meta property=\"og:site_name\" content=\"IPlay\" \/>\n<meta property=\"og:image\" content=\"https:\/\/www.iplay.com\/wp-content\/uploads\/2023\/12\/large_square_tile_image-2427.jpg\" \/>\n\t<meta property=\"og:image:width\" content=\"310\" \/>\n\t<meta property=\"og:image:height\" content=\"310\" \/>\n\t<meta property=\"og:image:type\" content=\"image\/jpeg\" \/>\n<meta name=\"twitter:card\" content=\"summary_large_image\" \/>\n<meta name=\"twitter:label1\" content=\"Dur\u00e9e de lecture estim\u00e9e\" \/>\n\t<meta name=\"twitter:data1\" content=\"1 minute\" \/>\n<script type=\"application\/ld+json\" class=\"yoast-schema-graph\">{\"@context\":\"https:\/\/schema.org\",\"@graph\":[{\"@type\":\"WebPage\",\"@id\":\"https:\/\/www.iplay.com\/fr\/games\/gizmos-super-value-pack\/\",\"url\":\"https:\/\/www.iplay.com\/fr\/games\/gizmos-super-value-pack\/\",\"name\":\"Super Value Pack de Gizmo - Rejoignez Gizmos dans 5 aventures de puzzle incroyables avec un pack\",\"isPartOf\":{\"@id\":\"https:\/\/www.iplay.com\/en\/#website\"},\"primaryImageOfPage\":{\"@id\":\"https:\/\/www.iplay.com\/fr\/games\/gizmos-super-value-pack\/#primaryimage\"},\"image\":{\"@id\":\"https:\/\/www.iplay.com\/fr\/games\/gizmos-super-value-pack\/#primaryimage\"},\"thumbnailUrl\":\"https:\/\/www.iplay.com\/wp-content\/uploads\/2023\/12\/large_square_tile_image-2427.jpg\",\"datePublished\":\"2021-10-07T00:00:00+00:00\",\"description\":\"Rejoignez les Gizmos dans 5 aventures de puzzle palpitantes avec cet incroyable pack !\",\"breadcrumb\":{\"@id\":\"https:\/\/www.iplay.com\/fr\/games\/gizmos-super-value-pack\/#breadcrumb\"},\"inLanguage\":\"fr-FR\",\"potentialAction\":[{\"@type\":\"ReadAction\",\"target\":[\"https:\/\/www.iplay.com\/fr\/games\/gizmos-super-value-pack\/\"]}]},{\"@type\":\"ImageObject\",\"inLanguage\":\"fr-FR\",\"@id\":\"https:\/\/www.iplay.com\/fr\/games\/gizmos-super-value-pack\/#primaryimage\",\"url\":\"https:\/\/www.iplay.com\/wp-content\/uploads\/2023\/12\/large_square_tile_image-2427.jpg\",\"contentUrl\":\"https:\/\/www.iplay.com\/wp-content\/uploads\/2023\/12\/large_square_tile_image-2427.jpg\",\"width\":310,\"height\":310},{\"@type\":\"BreadcrumbList\",\"@id\":\"https:\/\/www.iplay.com\/fr\/games\/gizmos-super-value-pack\/#breadcrumb\",\"itemListElement\":[{\"@type\":\"ListItem\",\"position\":1,\"name\":\"Home\",\"item\":\"https:\/\/www.iplay.com\/fr\/home-page-2\/\"},{\"@type\":\"ListItem\",\"position\":2,\"name\":\"Shop\",\"item\":\"https:\/\/www.iplay.com\/en\/shop\/\"},{\"@type\":\"ListItem\",\"position\":3,\"name\":\"Gizmo&#8217;s Super Value Pack\"}]},{\"@type\":\"WebSite\",\"@id\":\"https:\/\/www.iplay.com\/en\/#website\",\"url\":\"https:\/\/www.iplay.com\/en\/\",\"name\":\"IPlay\",\"description\":\"The Best Casual Games!\",\"publisher\":{\"@id\":\"https:\/\/www.iplay.com\/en\/#organization\"},\"potentialAction\":[{\"@type\":\"SearchAction\",\"target\":{\"@type\":\"EntryPoint\",\"urlTemplate\":\"https:\/\/www.iplay.com\/en\/?s={search_term_string}\"},\"query-input\":{\"@type\":\"PropertyValueSpecification\",\"valueRequired\":true,\"valueName\":\"search_term_string\"}}],\"inLanguage\":\"fr-FR\"},{\"@type\":\"Organization\",\"@id\":\"https:\/\/www.iplay.com\/en\/#organization\",\"name\":\"IPlay\",\"url\":\"https:\/\/www.iplay.com\/en\/\",\"logo\":{\"@type\":\"ImageObject\",\"inLanguage\":\"fr-FR\",\"@id\":\"https:\/\/www.iplay.com\/en\/#\/schema\/logo\/image\/\",\"url\":\"https:\/\/www.iplay.com\/wp-content\/uploads\/2023\/11\/Group-6100.svg\",\"contentUrl\":\"https:\/\/www.iplay.com\/wp-content\/uploads\/2023\/11\/Group-6100.svg\",\"width\":98,\"height\":25,\"caption\":\"IPlay\"},\"image\":{\"@id\":\"https:\/\/www.iplay.com\/en\/#\/schema\/logo\/image\/\"}}]}<\/script>\n<!-- \/ Yoast SEO Premium plugin. -->","yoast_head_json":{"title":"Super Value Pack de Gizmo - Rejoignez Gizmos dans 5 aventures de puzzle incroyables avec un pack","description":"Rejoignez les Gizmos dans 5 aventures de puzzle palpitantes avec cet incroyable pack !","robots":{"index":"index","follow":"follow","max-snippet":"max-snippet:-1","max-image-preview":"max-image-preview:large","max-video-preview":"max-video-preview:-1"},"canonical":"https:\/\/www.iplay.com\/fr\/games\/gizmos-super-value-pack\/","og_locale":"fr_FR","og_type":"article","og_title":"Gizmo's Super Value Pack","og_description":"Rejoignez les Gizmos dans 5 aventures de puzzle palpitantes avec cet incroyable pack !","og_url":"https:\/\/www.iplay.com\/fr\/games\/gizmos-super-value-pack\/","og_site_name":"IPlay","og_image":[{"width":310,"height":310,"url":"https:\/\/www.iplay.com\/wp-content\/uploads\/2023\/12\/large_square_tile_image-2427.jpg","type":"image\/jpeg"}],"twitter_card":"summary_large_image","twitter_misc":{"Dur\u00e9e de lecture estim\u00e9e":"1 minute"},"schema":{"@context":"https:\/\/schema.org","@graph":[{"@type":"WebPage","@id":"https:\/\/www.iplay.com\/fr\/games\/gizmos-super-value-pack\/","url":"https:\/\/www.iplay.com\/fr\/games\/gizmos-super-value-pack\/","name":"Super Value Pack de Gizmo - Rejoignez Gizmos dans 5 aventures de puzzle incroyables avec un pack","isPartOf":{"@id":"https:\/\/www.iplay.com\/en\/#website"},"primaryImageOfPage":{"@id":"https:\/\/www.iplay.com\/fr\/games\/gizmos-super-value-pack\/#primaryimage"},"image":{"@id":"https:\/\/www.iplay.com\/fr\/games\/gizmos-super-value-pack\/#primaryimage"},"thumbnailUrl":"https:\/\/www.iplay.com\/wp-content\/uploads\/2023\/12\/large_square_tile_image-2427.jpg","datePublished":"2021-10-07T00:00:00+00:00","description":"Rejoignez les Gizmos dans 5 aventures de puzzle palpitantes avec cet incroyable pack !","breadcrumb":{"@id":"https:\/\/www.iplay.com\/fr\/games\/gizmos-super-value-pack\/#breadcrumb"},"inLanguage":"fr-FR","potentialAction":[{"@type":"ReadAction","target":["https:\/\/www.iplay.com\/fr\/games\/gizmos-super-value-pack\/"]}]},{"@type":"ImageObject","inLanguage":"fr-FR","@id":"https:\/\/www.iplay.com\/fr\/games\/gizmos-super-value-pack\/#primaryimage","url":"https:\/\/www.iplay.com\/wp-content\/uploads\/2023\/12\/large_square_tile_image-2427.jpg","contentUrl":"https:\/\/www.iplay.com\/wp-content\/uploads\/2023\/12\/large_square_tile_image-2427.jpg","width":310,"height":310},{"@type":"BreadcrumbList","@id":"https:\/\/www.iplay.com\/fr\/games\/gizmos-super-value-pack\/#breadcrumb","itemListElement":[{"@type":"ListItem","position":1,"name":"Home","item":"https:\/\/www.iplay.com\/fr\/home-page-2\/"},{"@type":"ListItem","position":2,"name":"Shop","item":"https:\/\/www.iplay.com\/en\/shop\/"},{"@type":"ListItem","position":3,"name":"Gizmo&#8217;s Super Value Pack"}]},{"@type":"WebSite","@id":"https:\/\/www.iplay.com\/en\/#website","url":"https:\/\/www.iplay.com\/en\/","name":"IPlay","description":"The Best Casual Games!","publisher":{"@id":"https:\/\/www.iplay.com\/en\/#organization"},"potentialAction":[{"@type":"SearchAction","target":{"@type":"EntryPoint","urlTemplate":"https:\/\/www.iplay.com\/en\/?s={search_term_string}"},"query-input":{"@type":"PropertyValueSpecification","valueRequired":true,"valueName":"search_term_string"}}],"inLanguage":"fr-FR"},{"@type":"Organization","@id":"https:\/\/www.iplay.com\/en\/#organization","name":"IPlay","url":"https:\/\/www.iplay.com\/en\/","logo":{"@type":"ImageObject","inLanguage":"fr-FR","@id":"https:\/\/www.iplay.com\/en\/#\/schema\/logo\/image\/","url":"https:\/\/www.iplay.com\/wp-content\/uploads\/2023\/11\/Group-6100.svg","contentUrl":"https:\/\/www.iplay.com\/wp-content\/uploads\/2023\/11\/Group-6100.svg","width":98,"height":25,"caption":"IPlay"},"image":{"@id":"https:\/\/www.iplay.com\/en\/#\/schema\/logo\/image\/"}}]}},"_links":{"self":[{"href":"https:\/\/www.iplay.com\/fr\/wp-json\/wp\/v2\/product\/137092","targetHints":{"allow":["GET"]}}],"collection":[{"href":"https:\/\/www.iplay.com\/fr\/wp-json\/wp\/v2\/product"}],"about":[{"href":"https:\/\/www.iplay.com\/fr\/wp-json\/wp\/v2\/types\/product"}],"author":[{"embeddable":true,"href":"https:\/\/www.iplay.com\/fr\/wp-json\/wp\/v2\/users\/45"}],"replies":[{"embeddable":true,"href":"https:\/\/www.iplay.com\/fr\/wp-json\/wp\/v2\/comments?post=137092"}],"wp:featuredmedia":[{"embeddable":true,"href":"https:\/\/www.iplay.com\/fr\/wp-json\/wp\/v2\/media\/78824"}],"wp:attachment":[{"href":"https:\/\/www.iplay.com\/fr\/wp-json\/wp\/v2\/media?parent=137092"}],"wp:term":[{"taxonomy":"product_brand","embeddable":true,"href":"https:\/\/www.iplay.com\/fr\/wp-json\/wp\/v2\/product_brand?post=137092"},{"taxonomy":"product_cat","embeddable":true,"href":"https:\/\/www.iplay.com\/fr\/wp-json\/wp\/v2\/product_cat?post=137092"},{"taxonomy":"product_tag","embeddable":true,"href":"https:\/\/www.iplay.com\/fr\/wp-json\/wp\/v2\/product_tag?post=137092"}],"curies":[{"name":"wp","href":"https:\/\/api.w.org\/{rel}","templated":true}]}}