{"id":137044,"date":"2021-06-21T00:00:00","date_gmt":"2021-06-21T00:00:00","guid":{"rendered":"https:\/\/www.iplay.com\/games\/swim-out\/"},"modified":"2021-06-21T00:00:00","modified_gmt":"2021-06-21T00:00:00","slug":"swim-out","status":"publish","type":"product","link":"https:\/\/www.iplay.com\/fr\/games\/swim-out\/","title":{"rendered":"Swim Out"},"content":{"rendered":"<p>Faites une excursion par une journ\u00e9e ensoleill\u00e9e au bord de la piscine, de la rivi\u00e8re ou de la mer avec Swim Out, un jeu de puzzle strat\u00e9gique au tour par tour. Plongez dans son univers serein et ressour\u00e7ant. R\u00e9fl\u00e9chissez bien \u00e0 chaque coup et veillez \u00e0 ne pas croiser le chemin d\u2019un autre nageur si vous souhaitez vous d\u00e9tendre et admirer le paysage depuis une chaise longue confortable.  <\/p>\n<p>&nbsp;<\/p>\n<p>&nbsp;<\/p>\n<p><strong>Fonctionnalit\u00e9s:<\/strong><\/p>\n<p>&nbsp;<\/p>\n<p>&#8211; Plus de 100 niveaux nich\u00e9s dans des d\u00e9cors savamment con\u00e7us, berc\u00e9s par le bruit des grenouilles, des mouettes ou des \u00e9claboussures d\u2019eau.<br \/>\n-Douze types de nageurs distincts : des nageurs de brasse de base aux plongeurs les plus exp\u00e9riment\u00e9s ou aux vilains enfants qui sautent hors de l\u2019eau<br \/>\n -Douze objets distincts avec lesquels interagir : bou\u00e9es, palmes, pistolets \u00e0 eau, et vous pouvez m\u00eame faire du kayak !<\/p>\n<p>&#8211; Six caract\u00e9ristiques environnementales distrayantes, telles que des vagues, des crabes ou des m\u00e9duses, mettront votre t\u00eate au d\u00e9fi jusqu\u2019\u00e0 ce que vous puissiez nager !<\/p>\n","protected":false},"excerpt":{"rendered":"<p>Le jeu de puzzle au tour par tour Swim Out vous emm\u00e8ne \u00e0 une journ\u00e9e ensoleill\u00e9e \u00e0 la rivi\u00e8re, \u00e0 la mer ou \u00e0 la piscine.<\/p>\n","protected":false},"author":122,"featured_media":79832,"comment_status":"open","ping_status":"closed","template":"","meta":{"_acf_changed":false,"inline_featured_image":false},"product_brand":[],"product_cat":[193],"product_tag":[],"class_list":{"0":"post-137044","1":"product","2":"type-product","3":"status-publish","4":"has-post-thumbnail","6":"product_cat-puzzle-fr","8":"first","9":"instock","10":"shipping-taxable","11":"purchasable","12":"product-type-simple"},"acf":[],"yoast_head":"<!-- This site is optimized with the Yoast SEO Premium plugin v25.2 (Yoast SEO v25.2) - https:\/\/yoast.com\/wordpress\/plugins\/seo\/ -->\n<title>Swim Out - Jeu de puzzle au tour par tour pour piscine, rivi\u00e8re, mer<\/title>\n<meta name=\"description\" content=\"Le jeu de puzzle au tour par tour Swim Out vous emm\u00e8ne \u00e0 une journ\u00e9e ensoleill\u00e9e \u00e0 la rivi\u00e8re, \u00e0 la mer ou \u00e0 la piscine.\" \/>\n<meta name=\"robots\" content=\"index, follow, max-snippet:-1, max-image-preview:large, max-video-preview:-1\" \/>\n<link rel=\"canonical\" href=\"https:\/\/www.iplay.com\/fr\/games\/swim-out\/\" \/>\n<meta property=\"og:locale\" content=\"fr_FR\" \/>\n<meta property=\"og:type\" content=\"article\" \/>\n<meta property=\"og:title\" content=\"Swim Out\" \/>\n<meta property=\"og:description\" content=\"Le jeu de puzzle au tour par tour Swim Out vous emm\u00e8ne \u00e0 une journ\u00e9e ensoleill\u00e9e \u00e0 la rivi\u00e8re, \u00e0 la mer ou \u00e0 la piscine.\" \/>\n<meta property=\"og:url\" content=\"https:\/\/www.iplay.com\/fr\/games\/swim-out\/\" \/>\n<meta property=\"og:site_name\" content=\"IPlay\" \/>\n<meta property=\"og:image\" content=\"https:\/\/www.iplay.com\/wp-content\/uploads\/2023\/12\/large_square_tile_image-2491.jpg\" \/>\n\t<meta property=\"og:image:width\" content=\"310\" \/>\n\t<meta property=\"og:image:height\" content=\"310\" \/>\n\t<meta property=\"og:image:type\" content=\"image\/jpeg\" \/>\n<meta name=\"twitter:card\" content=\"summary_large_image\" \/>\n<meta name=\"twitter:label1\" content=\"Dur\u00e9e de lecture estim\u00e9e\" \/>\n\t<meta name=\"twitter:data1\" content=\"1 minute\" \/>\n<script type=\"application\/ld+json\" class=\"yoast-schema-graph\">{\"@context\":\"https:\/\/schema.org\",\"@graph\":[{\"@type\":\"WebPage\",\"@id\":\"https:\/\/www.iplay.com\/fr\/games\/swim-out\/\",\"url\":\"https:\/\/www.iplay.com\/fr\/games\/swim-out\/\",\"name\":\"Swim Out - Jeu de puzzle au tour par tour pour piscine, rivi\u00e8re, mer\",\"isPartOf\":{\"@id\":\"https:\/\/www.iplay.com\/en\/#website\"},\"primaryImageOfPage\":{\"@id\":\"https:\/\/www.iplay.com\/fr\/games\/swim-out\/#primaryimage\"},\"image\":{\"@id\":\"https:\/\/www.iplay.com\/fr\/games\/swim-out\/#primaryimage\"},\"thumbnailUrl\":\"https:\/\/www.iplay.com\/wp-content\/uploads\/2023\/12\/large_square_tile_image-2491.jpg\",\"datePublished\":\"2021-06-21T00:00:00+00:00\",\"description\":\"Le jeu de puzzle au tour par tour Swim Out vous emm\u00e8ne \u00e0 une journ\u00e9e ensoleill\u00e9e \u00e0 la rivi\u00e8re, \u00e0 la mer ou \u00e0 la piscine.\",\"breadcrumb\":{\"@id\":\"https:\/\/www.iplay.com\/fr\/games\/swim-out\/#breadcrumb\"},\"inLanguage\":\"fr-FR\",\"potentialAction\":[{\"@type\":\"ReadAction\",\"target\":[\"https:\/\/www.iplay.com\/fr\/games\/swim-out\/\"]}]},{\"@type\":\"ImageObject\",\"inLanguage\":\"fr-FR\",\"@id\":\"https:\/\/www.iplay.com\/fr\/games\/swim-out\/#primaryimage\",\"url\":\"https:\/\/www.iplay.com\/wp-content\/uploads\/2023\/12\/large_square_tile_image-2491.jpg\",\"contentUrl\":\"https:\/\/www.iplay.com\/wp-content\/uploads\/2023\/12\/large_square_tile_image-2491.jpg\",\"width\":310,\"height\":310},{\"@type\":\"BreadcrumbList\",\"@id\":\"https:\/\/www.iplay.com\/fr\/games\/swim-out\/#breadcrumb\",\"itemListElement\":[{\"@type\":\"ListItem\",\"position\":1,\"name\":\"Home\",\"item\":\"https:\/\/www.iplay.com\/fr\/home-page-2\/\"},{\"@type\":\"ListItem\",\"position\":2,\"name\":\"Shop\",\"item\":\"https:\/\/www.iplay.com\/en\/shop\/\"},{\"@type\":\"ListItem\",\"position\":3,\"name\":\"Swim Out\"}]},{\"@type\":\"WebSite\",\"@id\":\"https:\/\/www.iplay.com\/en\/#website\",\"url\":\"https:\/\/www.iplay.com\/en\/\",\"name\":\"IPlay\",\"description\":\"The Best Casual Games!\",\"publisher\":{\"@id\":\"https:\/\/www.iplay.com\/en\/#organization\"},\"potentialAction\":[{\"@type\":\"SearchAction\",\"target\":{\"@type\":\"EntryPoint\",\"urlTemplate\":\"https:\/\/www.iplay.com\/en\/?s={search_term_string}\"},\"query-input\":{\"@type\":\"PropertyValueSpecification\",\"valueRequired\":true,\"valueName\":\"search_term_string\"}}],\"inLanguage\":\"fr-FR\"},{\"@type\":\"Organization\",\"@id\":\"https:\/\/www.iplay.com\/en\/#organization\",\"name\":\"IPlay\",\"url\":\"https:\/\/www.iplay.com\/en\/\",\"logo\":{\"@type\":\"ImageObject\",\"inLanguage\":\"fr-FR\",\"@id\":\"https:\/\/www.iplay.com\/en\/#\/schema\/logo\/image\/\",\"url\":\"https:\/\/www.iplay.com\/wp-content\/uploads\/2023\/11\/Group-6100.svg\",\"contentUrl\":\"https:\/\/www.iplay.com\/wp-content\/uploads\/2023\/11\/Group-6100.svg\",\"width\":98,\"height\":25,\"caption\":\"IPlay\"},\"image\":{\"@id\":\"https:\/\/www.iplay.com\/en\/#\/schema\/logo\/image\/\"}}]}<\/script>\n<!-- \/ Yoast SEO Premium plugin. -->","yoast_head_json":{"title":"Swim Out - Jeu de puzzle au tour par tour pour piscine, rivi\u00e8re, mer","description":"Le jeu de puzzle au tour par tour Swim Out vous emm\u00e8ne \u00e0 une journ\u00e9e ensoleill\u00e9e \u00e0 la rivi\u00e8re, \u00e0 la mer ou \u00e0 la piscine.","robots":{"index":"index","follow":"follow","max-snippet":"max-snippet:-1","max-image-preview":"max-image-preview:large","max-video-preview":"max-video-preview:-1"},"canonical":"https:\/\/www.iplay.com\/fr\/games\/swim-out\/","og_locale":"fr_FR","og_type":"article","og_title":"Swim Out","og_description":"Le jeu de puzzle au tour par tour Swim Out vous emm\u00e8ne \u00e0 une journ\u00e9e ensoleill\u00e9e \u00e0 la rivi\u00e8re, \u00e0 la mer ou \u00e0 la piscine.","og_url":"https:\/\/www.iplay.com\/fr\/games\/swim-out\/","og_site_name":"IPlay","og_image":[{"width":310,"height":310,"url":"https:\/\/www.iplay.com\/wp-content\/uploads\/2023\/12\/large_square_tile_image-2491.jpg","type":"image\/jpeg"}],"twitter_card":"summary_large_image","twitter_misc":{"Dur\u00e9e de lecture estim\u00e9e":"1 minute"},"schema":{"@context":"https:\/\/schema.org","@graph":[{"@type":"WebPage","@id":"https:\/\/www.iplay.com\/fr\/games\/swim-out\/","url":"https:\/\/www.iplay.com\/fr\/games\/swim-out\/","name":"Swim Out - Jeu de puzzle au tour par tour pour piscine, rivi\u00e8re, mer","isPartOf":{"@id":"https:\/\/www.iplay.com\/en\/#website"},"primaryImageOfPage":{"@id":"https:\/\/www.iplay.com\/fr\/games\/swim-out\/#primaryimage"},"image":{"@id":"https:\/\/www.iplay.com\/fr\/games\/swim-out\/#primaryimage"},"thumbnailUrl":"https:\/\/www.iplay.com\/wp-content\/uploads\/2023\/12\/large_square_tile_image-2491.jpg","datePublished":"2021-06-21T00:00:00+00:00","description":"Le jeu de puzzle au tour par tour Swim Out vous emm\u00e8ne \u00e0 une journ\u00e9e ensoleill\u00e9e \u00e0 la rivi\u00e8re, \u00e0 la mer ou \u00e0 la piscine.","breadcrumb":{"@id":"https:\/\/www.iplay.com\/fr\/games\/swim-out\/#breadcrumb"},"inLanguage":"fr-FR","potentialAction":[{"@type":"ReadAction","target":["https:\/\/www.iplay.com\/fr\/games\/swim-out\/"]}]},{"@type":"ImageObject","inLanguage":"fr-FR","@id":"https:\/\/www.iplay.com\/fr\/games\/swim-out\/#primaryimage","url":"https:\/\/www.iplay.com\/wp-content\/uploads\/2023\/12\/large_square_tile_image-2491.jpg","contentUrl":"https:\/\/www.iplay.com\/wp-content\/uploads\/2023\/12\/large_square_tile_image-2491.jpg","width":310,"height":310},{"@type":"BreadcrumbList","@id":"https:\/\/www.iplay.com\/fr\/games\/swim-out\/#breadcrumb","itemListElement":[{"@type":"ListItem","position":1,"name":"Home","item":"https:\/\/www.iplay.com\/fr\/home-page-2\/"},{"@type":"ListItem","position":2,"name":"Shop","item":"https:\/\/www.iplay.com\/en\/shop\/"},{"@type":"ListItem","position":3,"name":"Swim Out"}]},{"@type":"WebSite","@id":"https:\/\/www.iplay.com\/en\/#website","url":"https:\/\/www.iplay.com\/en\/","name":"IPlay","description":"The Best Casual Games!","publisher":{"@id":"https:\/\/www.iplay.com\/en\/#organization"},"potentialAction":[{"@type":"SearchAction","target":{"@type":"EntryPoint","urlTemplate":"https:\/\/www.iplay.com\/en\/?s={search_term_string}"},"query-input":{"@type":"PropertyValueSpecification","valueRequired":true,"valueName":"search_term_string"}}],"inLanguage":"fr-FR"},{"@type":"Organization","@id":"https:\/\/www.iplay.com\/en\/#organization","name":"IPlay","url":"https:\/\/www.iplay.com\/en\/","logo":{"@type":"ImageObject","inLanguage":"fr-FR","@id":"https:\/\/www.iplay.com\/en\/#\/schema\/logo\/image\/","url":"https:\/\/www.iplay.com\/wp-content\/uploads\/2023\/11\/Group-6100.svg","contentUrl":"https:\/\/www.iplay.com\/wp-content\/uploads\/2023\/11\/Group-6100.svg","width":98,"height":25,"caption":"IPlay"},"image":{"@id":"https:\/\/www.iplay.com\/en\/#\/schema\/logo\/image\/"}}]}},"_links":{"self":[{"href":"https:\/\/www.iplay.com\/fr\/wp-json\/wp\/v2\/product\/137044","targetHints":{"allow":["GET"]}}],"collection":[{"href":"https:\/\/www.iplay.com\/fr\/wp-json\/wp\/v2\/product"}],"about":[{"href":"https:\/\/www.iplay.com\/fr\/wp-json\/wp\/v2\/types\/product"}],"author":[{"embeddable":true,"href":"https:\/\/www.iplay.com\/fr\/wp-json\/wp\/v2\/users\/122"}],"replies":[{"embeddable":true,"href":"https:\/\/www.iplay.com\/fr\/wp-json\/wp\/v2\/comments?post=137044"}],"wp:featuredmedia":[{"embeddable":true,"href":"https:\/\/www.iplay.com\/fr\/wp-json\/wp\/v2\/media\/79832"}],"wp:attachment":[{"href":"https:\/\/www.iplay.com\/fr\/wp-json\/wp\/v2\/media?parent=137044"}],"wp:term":[{"taxonomy":"product_brand","embeddable":true,"href":"https:\/\/www.iplay.com\/fr\/wp-json\/wp\/v2\/product_brand?post=137044"},{"taxonomy":"product_cat","embeddable":true,"href":"https:\/\/www.iplay.com\/fr\/wp-json\/wp\/v2\/product_cat?post=137044"},{"taxonomy":"product_tag","embeddable":true,"href":"https:\/\/www.iplay.com\/fr\/wp-json\/wp\/v2\/product_tag?post=137044"}],"curies":[{"name":"wp","href":"https:\/\/api.w.org\/{rel}","templated":true}]}}