{"id":137038,"date":"2021-06-25T00:00:00","date_gmt":"2021-06-25T00:00:00","guid":{"rendered":"https:\/\/www.iplay.com\/games\/adventure-mosaics-grannys-farm\/"},"modified":"2021-06-25T00:00:00","modified_gmt":"2021-06-25T00:00:00","slug":"adventure-mosaics-grannys-farm","status":"publish","type":"product","link":"https:\/\/www.iplay.com\/fr\/games\/adventure-mosaics-grannys-farm\/","title":{"rendered":"Adventure Mosaics &#8211; Granny&#8217;s Farm"},"content":{"rendered":"<p>Ellie s\u2019est rendue \u00e0 la ferme de sa grand-m\u00e8re pour l\u2019aider \u00e0 se remettre en forme. Une agr\u00e9able histoire d\u2019\u00e9t\u00e9, 200 puzzles de nonogrammes color\u00e9s de diff\u00e9rents niveaux de difficult\u00e9 et une musique apaisante vous aideront \u00e0 passer le temps et \u00e0 passer un bon moment ! Les puzzles sont une excellente occasion de mettre vos comp\u00e9tences \u00e0 l\u2019\u00e9preuve ! Terminez les \u00e9tapes, r\u00e9solvez des \u00e9nigmes et aidez Mamie \u00e0 r\u00e9habiliter sa ferme !   <\/p>\n<p>&nbsp;<\/p>\n<p>&nbsp;<\/p>\n<p><strong>Fonctionnalit\u00e9s:<\/strong><\/p>\n<p>&nbsp;<\/p>\n<p>&#8211; 200 niveaux aux couleurs vives et m\u00e9morables !<\/p>\n<p>&#8211; Effets graphiques accrocheurs !<\/p>\n<p>&#8211; Restaurer la ferme !<\/p>\n<p>&#8211; Une aventure palpitante !<\/p>\n<p>&#8211; Couleurs estivales vibrantes !<\/p>\n<p>&#8211; Am\u00e9liorez vos capacit\u00e9s de raisonnement logique et abstrait !<\/p>\n<p>&#8211; Une interface utilisateur simple et un gameplay engageant !<\/p>\n","protected":false},"excerpt":{"rendered":"<p>Dans Adventure Mosaics &#8211; Granny\u2019s Farm, aidez Granny et Ellie \u00e0 restaurer la ferme.<\/p>\n","protected":false},"author":39,"featured_media":79784,"comment_status":"open","ping_status":"closed","template":"","meta":{"_acf_changed":false,"inline_featured_image":false},"product_brand":[],"product_cat":[193],"product_tag":[],"class_list":{"0":"post-137038","1":"product","2":"type-product","3":"status-publish","4":"has-post-thumbnail","6":"product_cat-puzzle-fr","8":"first","9":"instock","10":"shipping-taxable","11":"purchasable","12":"product-type-simple"},"acf":[],"yoast_head":"<!-- This site is optimized with the Yoast SEO Premium plugin v25.2 (Yoast SEO v25.2) - https:\/\/yoast.com\/wordpress\/plugins\/seo\/ -->\n<title>Adventure Mosaics - Granny\u2019s Farm - L\u2019aventure de Granny\u2019s Farm\u00a0!<\/title>\n<meta name=\"description\" content=\"Dans Adventure Mosaics - Granny\u2019s Farm, aidez Granny et Ellie \u00e0 restaurer la ferme.\" \/>\n<meta name=\"robots\" content=\"index, follow, max-snippet:-1, max-image-preview:large, max-video-preview:-1\" \/>\n<link rel=\"canonical\" href=\"https:\/\/www.iplay.com\/fr\/games\/adventure-mosaics-grannys-farm\/\" \/>\n<meta property=\"og:locale\" content=\"fr_FR\" \/>\n<meta property=\"og:type\" content=\"article\" \/>\n<meta property=\"og:title\" content=\"Adventure Mosaics - Granny&#039;s Farm\" \/>\n<meta property=\"og:description\" content=\"Dans Adventure Mosaics - Granny\u2019s Farm, aidez Granny et Ellie \u00e0 restaurer la ferme.\" \/>\n<meta property=\"og:url\" content=\"https:\/\/www.iplay.com\/fr\/games\/adventure-mosaics-grannys-farm\/\" \/>\n<meta property=\"og:site_name\" content=\"IPlay\" \/>\n<meta property=\"og:image\" content=\"https:\/\/www.iplay.com\/wp-content\/uploads\/2023\/12\/large_square_tile_image-2488.jpg\" \/>\n\t<meta property=\"og:image:width\" content=\"310\" \/>\n\t<meta property=\"og:image:height\" content=\"310\" \/>\n\t<meta property=\"og:image:type\" content=\"image\/jpeg\" \/>\n<meta name=\"twitter:card\" content=\"summary_large_image\" \/>\n<meta name=\"twitter:label1\" content=\"Dur\u00e9e de lecture estim\u00e9e\" \/>\n\t<meta name=\"twitter:data1\" content=\"1 minute\" \/>\n<script type=\"application\/ld+json\" class=\"yoast-schema-graph\">{\"@context\":\"https:\/\/schema.org\",\"@graph\":[{\"@type\":\"WebPage\",\"@id\":\"https:\/\/www.iplay.com\/fr\/games\/adventure-mosaics-grannys-farm\/\",\"url\":\"https:\/\/www.iplay.com\/fr\/games\/adventure-mosaics-grannys-farm\/\",\"name\":\"Adventure Mosaics - Granny\u2019s Farm - L\u2019aventure de Granny\u2019s Farm\u00a0!\",\"isPartOf\":{\"@id\":\"https:\/\/www.iplay.com\/en\/#website\"},\"primaryImageOfPage\":{\"@id\":\"https:\/\/www.iplay.com\/fr\/games\/adventure-mosaics-grannys-farm\/#primaryimage\"},\"image\":{\"@id\":\"https:\/\/www.iplay.com\/fr\/games\/adventure-mosaics-grannys-farm\/#primaryimage\"},\"thumbnailUrl\":\"https:\/\/www.iplay.com\/wp-content\/uploads\/2023\/12\/large_square_tile_image-2488.jpg\",\"datePublished\":\"2021-06-25T00:00:00+00:00\",\"description\":\"Dans Adventure Mosaics - Granny\u2019s Farm, aidez Granny et Ellie \u00e0 restaurer la ferme.\",\"breadcrumb\":{\"@id\":\"https:\/\/www.iplay.com\/fr\/games\/adventure-mosaics-grannys-farm\/#breadcrumb\"},\"inLanguage\":\"fr-FR\",\"potentialAction\":[{\"@type\":\"ReadAction\",\"target\":[\"https:\/\/www.iplay.com\/fr\/games\/adventure-mosaics-grannys-farm\/\"]}]},{\"@type\":\"ImageObject\",\"inLanguage\":\"fr-FR\",\"@id\":\"https:\/\/www.iplay.com\/fr\/games\/adventure-mosaics-grannys-farm\/#primaryimage\",\"url\":\"https:\/\/www.iplay.com\/wp-content\/uploads\/2023\/12\/large_square_tile_image-2488.jpg\",\"contentUrl\":\"https:\/\/www.iplay.com\/wp-content\/uploads\/2023\/12\/large_square_tile_image-2488.jpg\",\"width\":310,\"height\":310},{\"@type\":\"BreadcrumbList\",\"@id\":\"https:\/\/www.iplay.com\/fr\/games\/adventure-mosaics-grannys-farm\/#breadcrumb\",\"itemListElement\":[{\"@type\":\"ListItem\",\"position\":1,\"name\":\"Home\",\"item\":\"https:\/\/www.iplay.com\/fr\/home-page-2\/\"},{\"@type\":\"ListItem\",\"position\":2,\"name\":\"Shop\",\"item\":\"https:\/\/www.iplay.com\/en\/shop\/\"},{\"@type\":\"ListItem\",\"position\":3,\"name\":\"Adventure Mosaics &#8211; Granny&#8217;s Farm\"}]},{\"@type\":\"WebSite\",\"@id\":\"https:\/\/www.iplay.com\/en\/#website\",\"url\":\"https:\/\/www.iplay.com\/en\/\",\"name\":\"IPlay\",\"description\":\"The Best Casual Games!\",\"publisher\":{\"@id\":\"https:\/\/www.iplay.com\/en\/#organization\"},\"potentialAction\":[{\"@type\":\"SearchAction\",\"target\":{\"@type\":\"EntryPoint\",\"urlTemplate\":\"https:\/\/www.iplay.com\/en\/?s={search_term_string}\"},\"query-input\":{\"@type\":\"PropertyValueSpecification\",\"valueRequired\":true,\"valueName\":\"search_term_string\"}}],\"inLanguage\":\"fr-FR\"},{\"@type\":\"Organization\",\"@id\":\"https:\/\/www.iplay.com\/en\/#organization\",\"name\":\"IPlay\",\"url\":\"https:\/\/www.iplay.com\/en\/\",\"logo\":{\"@type\":\"ImageObject\",\"inLanguage\":\"fr-FR\",\"@id\":\"https:\/\/www.iplay.com\/en\/#\/schema\/logo\/image\/\",\"url\":\"https:\/\/www.iplay.com\/wp-content\/uploads\/2023\/11\/Group-6100.svg\",\"contentUrl\":\"https:\/\/www.iplay.com\/wp-content\/uploads\/2023\/11\/Group-6100.svg\",\"width\":98,\"height\":25,\"caption\":\"IPlay\"},\"image\":{\"@id\":\"https:\/\/www.iplay.com\/en\/#\/schema\/logo\/image\/\"}}]}<\/script>\n<!-- \/ Yoast SEO Premium plugin. -->","yoast_head_json":{"title":"Adventure Mosaics - Granny\u2019s Farm - L\u2019aventure de Granny\u2019s Farm\u00a0!","description":"Dans Adventure Mosaics - Granny\u2019s Farm, aidez Granny et Ellie \u00e0 restaurer la ferme.","robots":{"index":"index","follow":"follow","max-snippet":"max-snippet:-1","max-image-preview":"max-image-preview:large","max-video-preview":"max-video-preview:-1"},"canonical":"https:\/\/www.iplay.com\/fr\/games\/adventure-mosaics-grannys-farm\/","og_locale":"fr_FR","og_type":"article","og_title":"Adventure Mosaics - Granny's Farm","og_description":"Dans Adventure Mosaics - Granny\u2019s Farm, aidez Granny et Ellie \u00e0 restaurer la ferme.","og_url":"https:\/\/www.iplay.com\/fr\/games\/adventure-mosaics-grannys-farm\/","og_site_name":"IPlay","og_image":[{"width":310,"height":310,"url":"https:\/\/www.iplay.com\/wp-content\/uploads\/2023\/12\/large_square_tile_image-2488.jpg","type":"image\/jpeg"}],"twitter_card":"summary_large_image","twitter_misc":{"Dur\u00e9e de lecture estim\u00e9e":"1 minute"},"schema":{"@context":"https:\/\/schema.org","@graph":[{"@type":"WebPage","@id":"https:\/\/www.iplay.com\/fr\/games\/adventure-mosaics-grannys-farm\/","url":"https:\/\/www.iplay.com\/fr\/games\/adventure-mosaics-grannys-farm\/","name":"Adventure Mosaics - Granny\u2019s Farm - L\u2019aventure de Granny\u2019s Farm\u00a0!","isPartOf":{"@id":"https:\/\/www.iplay.com\/en\/#website"},"primaryImageOfPage":{"@id":"https:\/\/www.iplay.com\/fr\/games\/adventure-mosaics-grannys-farm\/#primaryimage"},"image":{"@id":"https:\/\/www.iplay.com\/fr\/games\/adventure-mosaics-grannys-farm\/#primaryimage"},"thumbnailUrl":"https:\/\/www.iplay.com\/wp-content\/uploads\/2023\/12\/large_square_tile_image-2488.jpg","datePublished":"2021-06-25T00:00:00+00:00","description":"Dans Adventure Mosaics - Granny\u2019s Farm, aidez Granny et Ellie \u00e0 restaurer la ferme.","breadcrumb":{"@id":"https:\/\/www.iplay.com\/fr\/games\/adventure-mosaics-grannys-farm\/#breadcrumb"},"inLanguage":"fr-FR","potentialAction":[{"@type":"ReadAction","target":["https:\/\/www.iplay.com\/fr\/games\/adventure-mosaics-grannys-farm\/"]}]},{"@type":"ImageObject","inLanguage":"fr-FR","@id":"https:\/\/www.iplay.com\/fr\/games\/adventure-mosaics-grannys-farm\/#primaryimage","url":"https:\/\/www.iplay.com\/wp-content\/uploads\/2023\/12\/large_square_tile_image-2488.jpg","contentUrl":"https:\/\/www.iplay.com\/wp-content\/uploads\/2023\/12\/large_square_tile_image-2488.jpg","width":310,"height":310},{"@type":"BreadcrumbList","@id":"https:\/\/www.iplay.com\/fr\/games\/adventure-mosaics-grannys-farm\/#breadcrumb","itemListElement":[{"@type":"ListItem","position":1,"name":"Home","item":"https:\/\/www.iplay.com\/fr\/home-page-2\/"},{"@type":"ListItem","position":2,"name":"Shop","item":"https:\/\/www.iplay.com\/en\/shop\/"},{"@type":"ListItem","position":3,"name":"Adventure Mosaics &#8211; Granny&#8217;s Farm"}]},{"@type":"WebSite","@id":"https:\/\/www.iplay.com\/en\/#website","url":"https:\/\/www.iplay.com\/en\/","name":"IPlay","description":"The Best Casual Games!","publisher":{"@id":"https:\/\/www.iplay.com\/en\/#organization"},"potentialAction":[{"@type":"SearchAction","target":{"@type":"EntryPoint","urlTemplate":"https:\/\/www.iplay.com\/en\/?s={search_term_string}"},"query-input":{"@type":"PropertyValueSpecification","valueRequired":true,"valueName":"search_term_string"}}],"inLanguage":"fr-FR"},{"@type":"Organization","@id":"https:\/\/www.iplay.com\/en\/#organization","name":"IPlay","url":"https:\/\/www.iplay.com\/en\/","logo":{"@type":"ImageObject","inLanguage":"fr-FR","@id":"https:\/\/www.iplay.com\/en\/#\/schema\/logo\/image\/","url":"https:\/\/www.iplay.com\/wp-content\/uploads\/2023\/11\/Group-6100.svg","contentUrl":"https:\/\/www.iplay.com\/wp-content\/uploads\/2023\/11\/Group-6100.svg","width":98,"height":25,"caption":"IPlay"},"image":{"@id":"https:\/\/www.iplay.com\/en\/#\/schema\/logo\/image\/"}}]}},"_links":{"self":[{"href":"https:\/\/www.iplay.com\/fr\/wp-json\/wp\/v2\/product\/137038","targetHints":{"allow":["GET"]}}],"collection":[{"href":"https:\/\/www.iplay.com\/fr\/wp-json\/wp\/v2\/product"}],"about":[{"href":"https:\/\/www.iplay.com\/fr\/wp-json\/wp\/v2\/types\/product"}],"author":[{"embeddable":true,"href":"https:\/\/www.iplay.com\/fr\/wp-json\/wp\/v2\/users\/39"}],"replies":[{"embeddable":true,"href":"https:\/\/www.iplay.com\/fr\/wp-json\/wp\/v2\/comments?post=137038"}],"wp:featuredmedia":[{"embeddable":true,"href":"https:\/\/www.iplay.com\/fr\/wp-json\/wp\/v2\/media\/79784"}],"wp:attachment":[{"href":"https:\/\/www.iplay.com\/fr\/wp-json\/wp\/v2\/media?parent=137038"}],"wp:term":[{"taxonomy":"product_brand","embeddable":true,"href":"https:\/\/www.iplay.com\/fr\/wp-json\/wp\/v2\/product_brand?post=137038"},{"taxonomy":"product_cat","embeddable":true,"href":"https:\/\/www.iplay.com\/fr\/wp-json\/wp\/v2\/product_cat?post=137038"},{"taxonomy":"product_tag","embeddable":true,"href":"https:\/\/www.iplay.com\/fr\/wp-json\/wp\/v2\/product_tag?post=137038"}],"curies":[{"name":"wp","href":"https:\/\/api.w.org\/{rel}","templated":true}]}}