{"id":136952,"date":"2021-08-19T00:00:00","date_gmt":"2021-08-19T00:00:00","guid":{"rendered":"https:\/\/www.iplay.com\/games\/marcus-level\/"},"modified":"2021-08-19T00:00:00","modified_gmt":"2021-08-19T00:00:00","slug":"marcus-level","status":"publish","type":"product","link":"https:\/\/www.iplay.com\/fr\/games\/marcus-level\/","title":{"rendered":"Marcus Level"},"content":{"rendered":"<p>Marcus s\u2019est dit que pendant que ses parents \u00e9taient absents, il pouvait jouer \u00e0 son jeu vid\u00e9o pr\u00e9f\u00e9r\u00e9, Gorbar and the Valley of the Seven Light Towers. Malheureusement, il a \u00e9t\u00e9 transf\u00e9r\u00e9 dans le jeu r\u00e9el ! Pour \u00e9chapper \u00e0 Game Over et retourner sur sa plan\u00e8te, Marcus doit terminer le jeu et lib\u00e9rer la princesse Aria du m\u00e9chant Vipkrad. Il s\u2019agit d\u2019un jeu de course simple qui vous permet d\u2019explorer le monde anim\u00e9 de Marcus Level. Tout en \u00e9vitant les attaquants et en essayant de rassembler chaque \u00e9clat de miroir, rassemblez chaque Chokobongo !    <\/p>\n<p>&nbsp;<\/p>\n<p>&nbsp;<\/p>\n<p><strong>Fonctionnalit\u00e9s:<\/strong><\/p>\n<p>&nbsp;<\/p>\n<p>&#8211; Tout l\u2019univers de Marcus Level dans un jeu<br \/>\n de plateforme exclusif- D\u00e9couvrez 4 mondes \u00e0 travers 20 niveaux<br \/>\n&#8211; Gagnez tous les badges de chaque niveau<br \/>\n&#8211; Devenez le meilleur en remportant tous les troph\u00e9es<br \/>\n&#8211; D\u00e9bloquez les 20 \u0153uvres d\u2019art dans le mode<br \/>\n Galerie- Trouverez-vous tous les secrets \u00e9parpill\u00e9s dans chaque monde ?<\/p>\n","protected":false},"excerpt":{"rendered":"<p>Aidez Marcus, qui est coinc\u00e9 dans le niveau Marcus d\u2019un jeu vid\u00e9o.<\/p>\n","protected":false},"author":122,"featured_media":97666,"comment_status":"open","ping_status":"closed","template":"","meta":{"_acf_changed":false,"inline_featured_image":false},"product_brand":[],"product_cat":[148],"product_tag":[287],"class_list":{"0":"post-136952","1":"product","2":"type-product","3":"status-publish","4":"has-post-thumbnail","6":"product_cat-adventure-fr","7":"product_tag-play-on-pc-fr","9":"first","10":"instock","11":"shipping-taxable","12":"purchasable","13":"product-type-simple"},"acf":[],"yoast_head":"<!-- This site is optimized with the Yoast SEO Premium plugin v25.2 (Yoast SEO v25.2) - https:\/\/yoast.com\/wordpress\/plugins\/seo\/ -->\n<title>Niveau Marcus - Aidez Marcus qui est coinc\u00e9 \u00e0 l\u2019int\u00e9rieur d\u2019un jeu vid\u00e9o<\/title>\n<meta name=\"description\" content=\"Aidez Marcus, qui est coinc\u00e9 dans le niveau Marcus d\u2019un jeu vid\u00e9o.\" \/>\n<meta name=\"robots\" content=\"index, follow, max-snippet:-1, max-image-preview:large, max-video-preview:-1\" \/>\n<link rel=\"canonical\" href=\"https:\/\/www.iplay.com\/fr\/games\/marcus-level\/\" \/>\n<meta property=\"og:locale\" content=\"fr_FR\" \/>\n<meta property=\"og:type\" content=\"article\" \/>\n<meta property=\"og:title\" content=\"Marcus Level\" \/>\n<meta property=\"og:description\" content=\"Aidez Marcus, qui est coinc\u00e9 dans le niveau Marcus d\u2019un jeu vid\u00e9o.\" \/>\n<meta property=\"og:url\" content=\"https:\/\/www.iplay.com\/fr\/games\/marcus-level\/\" \/>\n<meta property=\"og:site_name\" content=\"IPlay\" \/>\n<meta property=\"og:image\" content=\"https:\/\/www.iplay.com\/wp-content\/uploads\/2023\/12\/large_square_tile_image-3612.jpg\" \/>\n\t<meta property=\"og:image:width\" content=\"310\" \/>\n\t<meta property=\"og:image:height\" content=\"310\" \/>\n\t<meta property=\"og:image:type\" content=\"image\/jpeg\" \/>\n<meta name=\"twitter:card\" content=\"summary_large_image\" \/>\n<meta name=\"twitter:label1\" content=\"Dur\u00e9e de lecture estim\u00e9e\" \/>\n\t<meta name=\"twitter:data1\" content=\"1 minute\" \/>\n<script type=\"application\/ld+json\" class=\"yoast-schema-graph\">{\"@context\":\"https:\/\/schema.org\",\"@graph\":[{\"@type\":\"WebPage\",\"@id\":\"https:\/\/www.iplay.com\/fr\/games\/marcus-level\/\",\"url\":\"https:\/\/www.iplay.com\/fr\/games\/marcus-level\/\",\"name\":\"Niveau Marcus - Aidez Marcus qui est coinc\u00e9 \u00e0 l\u2019int\u00e9rieur d\u2019un jeu vid\u00e9o\",\"isPartOf\":{\"@id\":\"https:\/\/www.iplay.com\/en\/#website\"},\"primaryImageOfPage\":{\"@id\":\"https:\/\/www.iplay.com\/fr\/games\/marcus-level\/#primaryimage\"},\"image\":{\"@id\":\"https:\/\/www.iplay.com\/fr\/games\/marcus-level\/#primaryimage\"},\"thumbnailUrl\":\"https:\/\/www.iplay.com\/wp-content\/uploads\/2023\/12\/large_square_tile_image-3612.jpg\",\"datePublished\":\"2021-08-19T00:00:00+00:00\",\"description\":\"Aidez Marcus, qui est coinc\u00e9 dans le niveau Marcus d\u2019un jeu vid\u00e9o.\",\"breadcrumb\":{\"@id\":\"https:\/\/www.iplay.com\/fr\/games\/marcus-level\/#breadcrumb\"},\"inLanguage\":\"fr-FR\",\"potentialAction\":[{\"@type\":\"ReadAction\",\"target\":[\"https:\/\/www.iplay.com\/fr\/games\/marcus-level\/\"]}]},{\"@type\":\"ImageObject\",\"inLanguage\":\"fr-FR\",\"@id\":\"https:\/\/www.iplay.com\/fr\/games\/marcus-level\/#primaryimage\",\"url\":\"https:\/\/www.iplay.com\/wp-content\/uploads\/2023\/12\/large_square_tile_image-3612.jpg\",\"contentUrl\":\"https:\/\/www.iplay.com\/wp-content\/uploads\/2023\/12\/large_square_tile_image-3612.jpg\",\"width\":310,\"height\":310},{\"@type\":\"BreadcrumbList\",\"@id\":\"https:\/\/www.iplay.com\/fr\/games\/marcus-level\/#breadcrumb\",\"itemListElement\":[{\"@type\":\"ListItem\",\"position\":1,\"name\":\"Home\",\"item\":\"https:\/\/www.iplay.com\/fr\/home-page-2\/\"},{\"@type\":\"ListItem\",\"position\":2,\"name\":\"Shop\",\"item\":\"https:\/\/www.iplay.com\/en\/shop\/\"},{\"@type\":\"ListItem\",\"position\":3,\"name\":\"Marcus Level\"}]},{\"@type\":\"WebSite\",\"@id\":\"https:\/\/www.iplay.com\/en\/#website\",\"url\":\"https:\/\/www.iplay.com\/en\/\",\"name\":\"IPlay\",\"description\":\"The Best Casual Games!\",\"publisher\":{\"@id\":\"https:\/\/www.iplay.com\/en\/#organization\"},\"potentialAction\":[{\"@type\":\"SearchAction\",\"target\":{\"@type\":\"EntryPoint\",\"urlTemplate\":\"https:\/\/www.iplay.com\/en\/?s={search_term_string}\"},\"query-input\":{\"@type\":\"PropertyValueSpecification\",\"valueRequired\":true,\"valueName\":\"search_term_string\"}}],\"inLanguage\":\"fr-FR\"},{\"@type\":\"Organization\",\"@id\":\"https:\/\/www.iplay.com\/en\/#organization\",\"name\":\"IPlay\",\"url\":\"https:\/\/www.iplay.com\/en\/\",\"logo\":{\"@type\":\"ImageObject\",\"inLanguage\":\"fr-FR\",\"@id\":\"https:\/\/www.iplay.com\/en\/#\/schema\/logo\/image\/\",\"url\":\"https:\/\/www.iplay.com\/wp-content\/uploads\/2023\/11\/Group-6100.svg\",\"contentUrl\":\"https:\/\/www.iplay.com\/wp-content\/uploads\/2023\/11\/Group-6100.svg\",\"width\":98,\"height\":25,\"caption\":\"IPlay\"},\"image\":{\"@id\":\"https:\/\/www.iplay.com\/en\/#\/schema\/logo\/image\/\"}}]}<\/script>\n<!-- \/ Yoast SEO Premium plugin. -->","yoast_head_json":{"title":"Niveau Marcus - Aidez Marcus qui est coinc\u00e9 \u00e0 l\u2019int\u00e9rieur d\u2019un jeu vid\u00e9o","description":"Aidez Marcus, qui est coinc\u00e9 dans le niveau Marcus d\u2019un jeu vid\u00e9o.","robots":{"index":"index","follow":"follow","max-snippet":"max-snippet:-1","max-image-preview":"max-image-preview:large","max-video-preview":"max-video-preview:-1"},"canonical":"https:\/\/www.iplay.com\/fr\/games\/marcus-level\/","og_locale":"fr_FR","og_type":"article","og_title":"Marcus Level","og_description":"Aidez Marcus, qui est coinc\u00e9 dans le niveau Marcus d\u2019un jeu vid\u00e9o.","og_url":"https:\/\/www.iplay.com\/fr\/games\/marcus-level\/","og_site_name":"IPlay","og_image":[{"width":310,"height":310,"url":"https:\/\/www.iplay.com\/wp-content\/uploads\/2023\/12\/large_square_tile_image-3612.jpg","type":"image\/jpeg"}],"twitter_card":"summary_large_image","twitter_misc":{"Dur\u00e9e de lecture estim\u00e9e":"1 minute"},"schema":{"@context":"https:\/\/schema.org","@graph":[{"@type":"WebPage","@id":"https:\/\/www.iplay.com\/fr\/games\/marcus-level\/","url":"https:\/\/www.iplay.com\/fr\/games\/marcus-level\/","name":"Niveau Marcus - Aidez Marcus qui est coinc\u00e9 \u00e0 l\u2019int\u00e9rieur d\u2019un jeu vid\u00e9o","isPartOf":{"@id":"https:\/\/www.iplay.com\/en\/#website"},"primaryImageOfPage":{"@id":"https:\/\/www.iplay.com\/fr\/games\/marcus-level\/#primaryimage"},"image":{"@id":"https:\/\/www.iplay.com\/fr\/games\/marcus-level\/#primaryimage"},"thumbnailUrl":"https:\/\/www.iplay.com\/wp-content\/uploads\/2023\/12\/large_square_tile_image-3612.jpg","datePublished":"2021-08-19T00:00:00+00:00","description":"Aidez Marcus, qui est coinc\u00e9 dans le niveau Marcus d\u2019un jeu vid\u00e9o.","breadcrumb":{"@id":"https:\/\/www.iplay.com\/fr\/games\/marcus-level\/#breadcrumb"},"inLanguage":"fr-FR","potentialAction":[{"@type":"ReadAction","target":["https:\/\/www.iplay.com\/fr\/games\/marcus-level\/"]}]},{"@type":"ImageObject","inLanguage":"fr-FR","@id":"https:\/\/www.iplay.com\/fr\/games\/marcus-level\/#primaryimage","url":"https:\/\/www.iplay.com\/wp-content\/uploads\/2023\/12\/large_square_tile_image-3612.jpg","contentUrl":"https:\/\/www.iplay.com\/wp-content\/uploads\/2023\/12\/large_square_tile_image-3612.jpg","width":310,"height":310},{"@type":"BreadcrumbList","@id":"https:\/\/www.iplay.com\/fr\/games\/marcus-level\/#breadcrumb","itemListElement":[{"@type":"ListItem","position":1,"name":"Home","item":"https:\/\/www.iplay.com\/fr\/home-page-2\/"},{"@type":"ListItem","position":2,"name":"Shop","item":"https:\/\/www.iplay.com\/en\/shop\/"},{"@type":"ListItem","position":3,"name":"Marcus Level"}]},{"@type":"WebSite","@id":"https:\/\/www.iplay.com\/en\/#website","url":"https:\/\/www.iplay.com\/en\/","name":"IPlay","description":"The Best Casual Games!","publisher":{"@id":"https:\/\/www.iplay.com\/en\/#organization"},"potentialAction":[{"@type":"SearchAction","target":{"@type":"EntryPoint","urlTemplate":"https:\/\/www.iplay.com\/en\/?s={search_term_string}"},"query-input":{"@type":"PropertyValueSpecification","valueRequired":true,"valueName":"search_term_string"}}],"inLanguage":"fr-FR"},{"@type":"Organization","@id":"https:\/\/www.iplay.com\/en\/#organization","name":"IPlay","url":"https:\/\/www.iplay.com\/en\/","logo":{"@type":"ImageObject","inLanguage":"fr-FR","@id":"https:\/\/www.iplay.com\/en\/#\/schema\/logo\/image\/","url":"https:\/\/www.iplay.com\/wp-content\/uploads\/2023\/11\/Group-6100.svg","contentUrl":"https:\/\/www.iplay.com\/wp-content\/uploads\/2023\/11\/Group-6100.svg","width":98,"height":25,"caption":"IPlay"},"image":{"@id":"https:\/\/www.iplay.com\/en\/#\/schema\/logo\/image\/"}}]}},"_links":{"self":[{"href":"https:\/\/www.iplay.com\/fr\/wp-json\/wp\/v2\/product\/136952","targetHints":{"allow":["GET"]}}],"collection":[{"href":"https:\/\/www.iplay.com\/fr\/wp-json\/wp\/v2\/product"}],"about":[{"href":"https:\/\/www.iplay.com\/fr\/wp-json\/wp\/v2\/types\/product"}],"author":[{"embeddable":true,"href":"https:\/\/www.iplay.com\/fr\/wp-json\/wp\/v2\/users\/122"}],"replies":[{"embeddable":true,"href":"https:\/\/www.iplay.com\/fr\/wp-json\/wp\/v2\/comments?post=136952"}],"wp:featuredmedia":[{"embeddable":true,"href":"https:\/\/www.iplay.com\/fr\/wp-json\/wp\/v2\/media\/97666"}],"wp:attachment":[{"href":"https:\/\/www.iplay.com\/fr\/wp-json\/wp\/v2\/media?parent=136952"}],"wp:term":[{"taxonomy":"product_brand","embeddable":true,"href":"https:\/\/www.iplay.com\/fr\/wp-json\/wp\/v2\/product_brand?post=136952"},{"taxonomy":"product_cat","embeddable":true,"href":"https:\/\/www.iplay.com\/fr\/wp-json\/wp\/v2\/product_cat?post=136952"},{"taxonomy":"product_tag","embeddable":true,"href":"https:\/\/www.iplay.com\/fr\/wp-json\/wp\/v2\/product_tag?post=136952"}],"curies":[{"name":"wp","href":"https:\/\/api.w.org\/{rel}","templated":true}]}}