{"id":136922,"date":"2021-10-11T00:00:00","date_gmt":"2021-10-11T00:00:00","guid":{"rendered":"https:\/\/www.iplay.com\/games\/endless-soul-light-solitaire\/"},"modified":"2021-10-11T00:00:00","modified_gmt":"2021-10-11T00:00:00","slug":"endless-soul-light-solitaire","status":"publish","type":"product","link":"https:\/\/www.iplay.com\/fr\/games\/endless-soul-light-solitaire\/","title":{"rendered":"Endless Soul Light Solitaire"},"content":{"rendered":"<p>Les sommets de deux rivi\u00e8res se rencontrent et s\u2019entrelacent&#8230; Tous les \u00eatres vivants de la r\u00e9gion \u00e9poustouflante de Liveria, y compris les pierres, les arbres, les rivi\u00e8res, les vents, les animaux, les oiseaux et d\u2019autres cr\u00e9atures, poss\u00e8dent une lumi\u00e8re scintillante connue sous le nom de leur \u00e2me. Alors que certaines personnes le gardent secret, d\u2019autres le gardent de notori\u00e9t\u00e9 publique. Chaque \u00e2me a sa couleur. Comme ils ont une \u00e2me s\u0153ur qui partage la couleur de leur \u00e2me, personne n\u2019est jamais seul. Cette histoire raconte l\u2019histoire de Phyro, un petit papillon de nuit qui cherche son \u00e2me partenaire dans toutes les lumi\u00e8res qu\u2019elle rencontre, mais qui n\u2019y parvient jamais. En chemin, elle rencontre une vari\u00e9t\u00e9 d\u2019animaux \u00e9tranges qui l\u2019accompagnent. Ces amis sont sur le point de se lancer ensemble dans une incroyable aventure. Aidez les Liverians \u00e0 trouver leurs \u00e2mes manquantes en r\u00e9solvant 200 mod\u00e8les de cartes avec diff\u00e9rents niveaux de difficult\u00e9.        <\/p>\n<p>&nbsp;<\/p>\n<p>&nbsp;<\/p>\n<p><strong>Fonctionnalit\u00e9s:<\/strong><\/p>\n<p>&nbsp;<\/p>\n<p>&#8211; Une histoire d\u2019\u00e2mes s\u0153urs d\u00e9couvertes !<\/p>\n<p>&#8211; Diverses sc\u00e8nes atmosph\u00e9riques avec des d\u00e9cors incroyables !<\/p>\n<p>&#8211; Un gameplay facilement navigable et captivant !<br \/>\n&#8211; Cr\u00e9ez les plus grandes combinaisons pour recevoir des bonus !<\/p>\n<p>&#8211; 200 mod\u00e8les de cartes incroyables !<\/p>\n<p>&#8211; Des tonnes de bonus et d\u2019aides en jeu !<br \/>\n&#8211; Repoussez vos limites au fur et \u00e0 mesure que vous relevez des d\u00e9fis !<\/p>\n","protected":false},"excerpt":{"rendered":"<p>Dans Endless Soul Light Solitaire, aidez vos amis dans leur qu\u00eate de l\u2019\u00e2me s\u0153ur.<\/p>\n","protected":false},"author":39,"featured_media":90596,"comment_status":"open","ping_status":"closed","template":"","meta":{"_acf_changed":false,"inline_featured_image":false},"product_brand":[],"product_cat":[155,207],"product_tag":[287],"class_list":{"0":"post-136922","1":"product","2":"type-product","3":"status-publish","4":"has-post-thumbnail","6":"product_cat-card-fr-2","7":"product_cat-solitaire-fr","8":"product_tag-play-on-pc-fr","10":"first","11":"instock","12":"shipping-taxable","13":"purchasable","14":"product-type-simple"},"acf":[],"yoast_head":"<!-- This site is optimized with the Yoast SEO Premium plugin v25.2 (Yoast SEO v25.2) - https:\/\/yoast.com\/wordpress\/plugins\/seo\/ -->\n<title>Endless Soul Light Solitaire - Rejoignez des amis \u00e0 la recherche d\u2019une \u00e2me s\u0153ur dans Soul Light Solitaire<\/title>\n<meta name=\"description\" content=\"Dans Endless Soul Light Solitaire, aidez vos amis dans leur qu\u00eate de l\u2019\u00e2me s\u0153ur.\" \/>\n<meta name=\"robots\" content=\"index, follow, max-snippet:-1, max-image-preview:large, max-video-preview:-1\" \/>\n<link rel=\"canonical\" href=\"https:\/\/www.iplay.com\/fr\/games\/endless-soul-light-solitaire\/\" \/>\n<meta property=\"og:locale\" content=\"fr_FR\" \/>\n<meta property=\"og:type\" content=\"article\" \/>\n<meta property=\"og:title\" content=\"Endless Soul Light Solitaire\" \/>\n<meta property=\"og:description\" content=\"Dans Endless Soul Light Solitaire, aidez vos amis dans leur qu\u00eate de l\u2019\u00e2me s\u0153ur.\" \/>\n<meta property=\"og:url\" content=\"https:\/\/www.iplay.com\/fr\/games\/endless-soul-light-solitaire\/\" \/>\n<meta property=\"og:site_name\" content=\"IPlay\" \/>\n<meta property=\"og:image\" content=\"https:\/\/www.iplay.com\/wp-content\/uploads\/2023\/12\/large_square_tile_image-3176.jpg\" \/>\n\t<meta property=\"og:image:width\" content=\"310\" \/>\n\t<meta property=\"og:image:height\" content=\"310\" \/>\n\t<meta property=\"og:image:type\" content=\"image\/jpeg\" \/>\n<meta name=\"twitter:card\" content=\"summary_large_image\" \/>\n<meta name=\"twitter:label1\" content=\"Dur\u00e9e de lecture estim\u00e9e\" \/>\n\t<meta name=\"twitter:data1\" content=\"1 minute\" \/>\n<script type=\"application\/ld+json\" class=\"yoast-schema-graph\">{\"@context\":\"https:\/\/schema.org\",\"@graph\":[{\"@type\":\"WebPage\",\"@id\":\"https:\/\/www.iplay.com\/fr\/games\/endless-soul-light-solitaire\/\",\"url\":\"https:\/\/www.iplay.com\/fr\/games\/endless-soul-light-solitaire\/\",\"name\":\"Endless Soul Light Solitaire - Rejoignez des amis \u00e0 la recherche d\u2019une \u00e2me s\u0153ur dans Soul Light Solitaire\",\"isPartOf\":{\"@id\":\"https:\/\/www.iplay.com\/en\/#website\"},\"primaryImageOfPage\":{\"@id\":\"https:\/\/www.iplay.com\/fr\/games\/endless-soul-light-solitaire\/#primaryimage\"},\"image\":{\"@id\":\"https:\/\/www.iplay.com\/fr\/games\/endless-soul-light-solitaire\/#primaryimage\"},\"thumbnailUrl\":\"https:\/\/www.iplay.com\/wp-content\/uploads\/2023\/12\/large_square_tile_image-3176.jpg\",\"datePublished\":\"2021-10-11T00:00:00+00:00\",\"description\":\"Dans Endless Soul Light Solitaire, aidez vos amis dans leur qu\u00eate de l\u2019\u00e2me s\u0153ur.\",\"breadcrumb\":{\"@id\":\"https:\/\/www.iplay.com\/fr\/games\/endless-soul-light-solitaire\/#breadcrumb\"},\"inLanguage\":\"fr-FR\",\"potentialAction\":[{\"@type\":\"ReadAction\",\"target\":[\"https:\/\/www.iplay.com\/fr\/games\/endless-soul-light-solitaire\/\"]}]},{\"@type\":\"ImageObject\",\"inLanguage\":\"fr-FR\",\"@id\":\"https:\/\/www.iplay.com\/fr\/games\/endless-soul-light-solitaire\/#primaryimage\",\"url\":\"https:\/\/www.iplay.com\/wp-content\/uploads\/2023\/12\/large_square_tile_image-3176.jpg\",\"contentUrl\":\"https:\/\/www.iplay.com\/wp-content\/uploads\/2023\/12\/large_square_tile_image-3176.jpg\",\"width\":310,\"height\":310},{\"@type\":\"BreadcrumbList\",\"@id\":\"https:\/\/www.iplay.com\/fr\/games\/endless-soul-light-solitaire\/#breadcrumb\",\"itemListElement\":[{\"@type\":\"ListItem\",\"position\":1,\"name\":\"Home\",\"item\":\"https:\/\/www.iplay.com\/fr\/home-page-2\/\"},{\"@type\":\"ListItem\",\"position\":2,\"name\":\"Shop\",\"item\":\"https:\/\/www.iplay.com\/en\/shop\/\"},{\"@type\":\"ListItem\",\"position\":3,\"name\":\"Endless Soul Light Solitaire\"}]},{\"@type\":\"WebSite\",\"@id\":\"https:\/\/www.iplay.com\/en\/#website\",\"url\":\"https:\/\/www.iplay.com\/en\/\",\"name\":\"IPlay\",\"description\":\"The Best Casual Games!\",\"publisher\":{\"@id\":\"https:\/\/www.iplay.com\/en\/#organization\"},\"potentialAction\":[{\"@type\":\"SearchAction\",\"target\":{\"@type\":\"EntryPoint\",\"urlTemplate\":\"https:\/\/www.iplay.com\/en\/?s={search_term_string}\"},\"query-input\":{\"@type\":\"PropertyValueSpecification\",\"valueRequired\":true,\"valueName\":\"search_term_string\"}}],\"inLanguage\":\"fr-FR\"},{\"@type\":\"Organization\",\"@id\":\"https:\/\/www.iplay.com\/en\/#organization\",\"name\":\"IPlay\",\"url\":\"https:\/\/www.iplay.com\/en\/\",\"logo\":{\"@type\":\"ImageObject\",\"inLanguage\":\"fr-FR\",\"@id\":\"https:\/\/www.iplay.com\/en\/#\/schema\/logo\/image\/\",\"url\":\"https:\/\/www.iplay.com\/wp-content\/uploads\/2023\/11\/Group-6100.svg\",\"contentUrl\":\"https:\/\/www.iplay.com\/wp-content\/uploads\/2023\/11\/Group-6100.svg\",\"width\":98,\"height\":25,\"caption\":\"IPlay\"},\"image\":{\"@id\":\"https:\/\/www.iplay.com\/en\/#\/schema\/logo\/image\/\"}}]}<\/script>\n<!-- \/ Yoast SEO Premium plugin. -->","yoast_head_json":{"title":"Endless Soul Light Solitaire - Rejoignez des amis \u00e0 la recherche d\u2019une \u00e2me s\u0153ur dans Soul Light Solitaire","description":"Dans Endless Soul Light Solitaire, aidez vos amis dans leur qu\u00eate de l\u2019\u00e2me s\u0153ur.","robots":{"index":"index","follow":"follow","max-snippet":"max-snippet:-1","max-image-preview":"max-image-preview:large","max-video-preview":"max-video-preview:-1"},"canonical":"https:\/\/www.iplay.com\/fr\/games\/endless-soul-light-solitaire\/","og_locale":"fr_FR","og_type":"article","og_title":"Endless Soul Light Solitaire","og_description":"Dans Endless Soul Light Solitaire, aidez vos amis dans leur qu\u00eate de l\u2019\u00e2me s\u0153ur.","og_url":"https:\/\/www.iplay.com\/fr\/games\/endless-soul-light-solitaire\/","og_site_name":"IPlay","og_image":[{"width":310,"height":310,"url":"https:\/\/www.iplay.com\/wp-content\/uploads\/2023\/12\/large_square_tile_image-3176.jpg","type":"image\/jpeg"}],"twitter_card":"summary_large_image","twitter_misc":{"Dur\u00e9e de lecture estim\u00e9e":"1 minute"},"schema":{"@context":"https:\/\/schema.org","@graph":[{"@type":"WebPage","@id":"https:\/\/www.iplay.com\/fr\/games\/endless-soul-light-solitaire\/","url":"https:\/\/www.iplay.com\/fr\/games\/endless-soul-light-solitaire\/","name":"Endless Soul Light Solitaire - Rejoignez des amis \u00e0 la recherche d\u2019une \u00e2me s\u0153ur dans Soul Light Solitaire","isPartOf":{"@id":"https:\/\/www.iplay.com\/en\/#website"},"primaryImageOfPage":{"@id":"https:\/\/www.iplay.com\/fr\/games\/endless-soul-light-solitaire\/#primaryimage"},"image":{"@id":"https:\/\/www.iplay.com\/fr\/games\/endless-soul-light-solitaire\/#primaryimage"},"thumbnailUrl":"https:\/\/www.iplay.com\/wp-content\/uploads\/2023\/12\/large_square_tile_image-3176.jpg","datePublished":"2021-10-11T00:00:00+00:00","description":"Dans Endless Soul Light Solitaire, aidez vos amis dans leur qu\u00eate de l\u2019\u00e2me s\u0153ur.","breadcrumb":{"@id":"https:\/\/www.iplay.com\/fr\/games\/endless-soul-light-solitaire\/#breadcrumb"},"inLanguage":"fr-FR","potentialAction":[{"@type":"ReadAction","target":["https:\/\/www.iplay.com\/fr\/games\/endless-soul-light-solitaire\/"]}]},{"@type":"ImageObject","inLanguage":"fr-FR","@id":"https:\/\/www.iplay.com\/fr\/games\/endless-soul-light-solitaire\/#primaryimage","url":"https:\/\/www.iplay.com\/wp-content\/uploads\/2023\/12\/large_square_tile_image-3176.jpg","contentUrl":"https:\/\/www.iplay.com\/wp-content\/uploads\/2023\/12\/large_square_tile_image-3176.jpg","width":310,"height":310},{"@type":"BreadcrumbList","@id":"https:\/\/www.iplay.com\/fr\/games\/endless-soul-light-solitaire\/#breadcrumb","itemListElement":[{"@type":"ListItem","position":1,"name":"Home","item":"https:\/\/www.iplay.com\/fr\/home-page-2\/"},{"@type":"ListItem","position":2,"name":"Shop","item":"https:\/\/www.iplay.com\/en\/shop\/"},{"@type":"ListItem","position":3,"name":"Endless Soul Light Solitaire"}]},{"@type":"WebSite","@id":"https:\/\/www.iplay.com\/en\/#website","url":"https:\/\/www.iplay.com\/en\/","name":"IPlay","description":"The Best Casual Games!","publisher":{"@id":"https:\/\/www.iplay.com\/en\/#organization"},"potentialAction":[{"@type":"SearchAction","target":{"@type":"EntryPoint","urlTemplate":"https:\/\/www.iplay.com\/en\/?s={search_term_string}"},"query-input":{"@type":"PropertyValueSpecification","valueRequired":true,"valueName":"search_term_string"}}],"inLanguage":"fr-FR"},{"@type":"Organization","@id":"https:\/\/www.iplay.com\/en\/#organization","name":"IPlay","url":"https:\/\/www.iplay.com\/en\/","logo":{"@type":"ImageObject","inLanguage":"fr-FR","@id":"https:\/\/www.iplay.com\/en\/#\/schema\/logo\/image\/","url":"https:\/\/www.iplay.com\/wp-content\/uploads\/2023\/11\/Group-6100.svg","contentUrl":"https:\/\/www.iplay.com\/wp-content\/uploads\/2023\/11\/Group-6100.svg","width":98,"height":25,"caption":"IPlay"},"image":{"@id":"https:\/\/www.iplay.com\/en\/#\/schema\/logo\/image\/"}}]}},"_links":{"self":[{"href":"https:\/\/www.iplay.com\/fr\/wp-json\/wp\/v2\/product\/136922","targetHints":{"allow":["GET"]}}],"collection":[{"href":"https:\/\/www.iplay.com\/fr\/wp-json\/wp\/v2\/product"}],"about":[{"href":"https:\/\/www.iplay.com\/fr\/wp-json\/wp\/v2\/types\/product"}],"author":[{"embeddable":true,"href":"https:\/\/www.iplay.com\/fr\/wp-json\/wp\/v2\/users\/39"}],"replies":[{"embeddable":true,"href":"https:\/\/www.iplay.com\/fr\/wp-json\/wp\/v2\/comments?post=136922"}],"wp:featuredmedia":[{"embeddable":true,"href":"https:\/\/www.iplay.com\/fr\/wp-json\/wp\/v2\/media\/90596"}],"wp:attachment":[{"href":"https:\/\/www.iplay.com\/fr\/wp-json\/wp\/v2\/media?parent=136922"}],"wp:term":[{"taxonomy":"product_brand","embeddable":true,"href":"https:\/\/www.iplay.com\/fr\/wp-json\/wp\/v2\/product_brand?post=136922"},{"taxonomy":"product_cat","embeddable":true,"href":"https:\/\/www.iplay.com\/fr\/wp-json\/wp\/v2\/product_cat?post=136922"},{"taxonomy":"product_tag","embeddable":true,"href":"https:\/\/www.iplay.com\/fr\/wp-json\/wp\/v2\/product_tag?post=136922"}],"curies":[{"name":"wp","href":"https:\/\/api.w.org\/{rel}","templated":true}]}}