{"id":136898,"date":"2025-05-16T09:30:04","date_gmt":"2025-05-16T09:30:04","guid":{"rendered":"https:\/\/www.iplay.com\/?post_type=product&p=136898"},"modified":"2025-05-16T09:30:04","modified_gmt":"2025-05-16T09:30:04","slug":"restorart-horizon-bay-collectors-edition","status":"publish","type":"product","link":"https:\/\/www.iplay.com\/fr\/games\/restorart-horizon-bay-collectors-edition\/","title":{"rendered":"RestorArt: Horizon Bay &#8211; Collector&#8217;s Edition"},"content":{"rendered":"<p class=\"whitespace-normal\">On peut entrer dans le monde pittoresque d\u2019Horizon Bay, o\u00f9 des tr\u00e9sors oubli\u00e9s et des chefs-d\u2019\u0153uvre d\u00e9lav\u00e9s attendent d\u2019\u00eatre touch\u00e9s par des mains expertes. Un parcours de restauration artistique pas comme les autres est pr\u00e9sent\u00e9 par RestorArt&nbsp;: Horizon Bay Collector\u2019s Edition. Une invitation est lanc\u00e9e \u00e0 explorer ce havre de paix en bord de mer en tant que c\u00e9l\u00e8bre restaurateur fra\u00eechement revenu de Fairwood Hills, o\u00f9 une culture riche et un esprit cr\u00e9atif dynamique sont connus pour s\u2019\u00e9panouir.  <\/p>\n<p class=\"whitespace-normal\">Les myst\u00e8res derri\u00e8re chaque \u0153uvre d\u2019art peuvent \u00eatre d\u00e9terr\u00e9s au fur et \u00e0 mesure que des peintures \u00e0 couper le souffle sont restaur\u00e9es et que des histoires cach\u00e9es sont d\u00e9couvertes. Une gamme vari\u00e9e de jeux interactifs peut \u00eatre engag\u00e9e, y compris des recherches d\u2019objets cach\u00e9s, des puzzles d\u2019association complexes, des t\u00e2ches de coloriage apaisantes et des d\u00e9fis de restauration d\u2019art d\u00e9taill\u00e9s. Des artefacts rares enferm\u00e9s dans des bo\u00eetes secr\u00e8tes peuvent \u00eatre recherch\u00e9s, et des r\u00e9cits captivants tiss\u00e9s dans chaque chef-d\u2019\u0153uvre peuvent \u00eatre reconstitu\u00e9s. Un m\u00e9lange \u00e9panouissant de cr\u00e9ativit\u00e9, de d\u00e9couverte et de d\u00e9tente est offert.   <\/p>\n<p>&nbsp;<\/p>\n<p class=\"text-lg font-bold text-text-100 mt-1 -mb-1.5\"><strong>Fonctionnalit\u00e9s:<\/strong><\/p>\n<ul class=\"[&amp;:not(:last-child)_ul]:pb-1 [&amp;:not(:last-child)_ol]:pb-1 list-disc space-y-1.5 pl-7\">\n<li class=\"whitespace-normal break-words\">Votre propre studio de restauration peut \u00eatre construit et personnalis\u00e9<\/li>\n<li class=\"whitespace-normal break-words\">Des modes de jeu exclusifs, des niveaux bonus et des \u00e9nigmes captivantes peuvent \u00eatre d\u00e9couverts<\/li>\n<li class=\"whitespace-normal break-words\">La d\u00e9tente est assur\u00e9e par une bande-son immersive via le lecteur de musique du jeu<\/li>\n<\/ul>\n<p>&nbsp;<\/p>\n<p class=\"text-lg font-bold text-text-100 mt-1 -mb-1.5\"><strong>Caract\u00e9ristiques de l\u2019\u00e9dition collector :<\/strong><\/p>\n<ul class=\"[&amp;:not(:last-child)_ul]:pb-1 [&amp;:not(:last-child)_ol]:pb-1 list-disc space-y-1.5 pl-7\">\n<li class=\"whitespace-normal break-words\">Un gameplay suppl\u00e9mentaire est propos\u00e9 avec trois cartes et 24 niveaux de puzzle bonus<\/li>\n<li class=\"whitespace-normal break-words\">Un storyboard sp\u00e9cial peut \u00eatre restaur\u00e9 dans neuf niveaux d\u00e9di\u00e9s<\/li>\n<li class=\"whitespace-normal break-words\">Votre studio peut \u00eatre agrandi par l\u2019achat d\u2019int\u00e9rieurs am\u00e9lior\u00e9s et d\u2019outils de restauration<\/li>\n<\/ul>\n","protected":false},"excerpt":{"rendered":"<p>Restaurez de magnifiques \u0153uvres d\u2019art, d\u00e9bloquez des secrets et construisez le studio de vos r\u00eaves dans cette aventure artistique immersive.<\/p>\n","protected":false},"author":77,"featured_media":136681,"comment_status":"open","ping_status":"closed","template":"","meta":{"_acf_changed":false,"inline_featured_image":false},"product_brand":[],"product_cat":[165,193],"product_tag":[287],"class_list":{"0":"post-136898","1":"product","2":"type-product","3":"status-publish","4":"has-post-thumbnail","6":"product_cat-hidden-object-fr","7":"product_cat-puzzle-fr","8":"product_tag-play-on-pc-fr","10":"first","11":"instock","12":"shipping-taxable","13":"purchasable","14":"product-type-simple"},"acf":[],"yoast_head":"<!-- This site is optimized with the Yoast SEO Premium plugin v25.2 (Yoast SEO v25.2) - https:\/\/yoast.com\/wordpress\/plugins\/seo\/ -->\n<title>RestorArt\u00a0: Horizon Bay CE - Restaurez des chefs-d\u2019\u0153uvre et construisez votre studio<\/title>\n<meta name=\"description\" content=\"Restaurez de magnifiques \u0153uvres d\u2019art, d\u00e9bloquez des secrets et construisez le studio de vos r\u00eaves dans cette aventure artistique immersive.\" \/>\n<meta name=\"robots\" content=\"index, follow, max-snippet:-1, max-image-preview:large, max-video-preview:-1\" \/>\n<link rel=\"canonical\" href=\"https:\/\/www.iplay.com\/en\/games\/restorart-horizon-bay-collectors-edition\/\" \/>\n<meta property=\"og:locale\" content=\"fr_FR\" \/>\n<meta property=\"og:type\" content=\"article\" \/>\n<meta property=\"og:title\" content=\"RestorArt: Horizon Bay - Collector&#039;s Edition\" \/>\n<meta property=\"og:description\" content=\"Restaurez de magnifiques \u0153uvres d\u2019art, d\u00e9bloquez des secrets et construisez le studio de vos r\u00eaves dans cette aventure artistique immersive.\" \/>\n<meta property=\"og:url\" content=\"https:\/\/www.iplay.com\/en\/games\/restorart-horizon-bay-collectors-edition\/\" \/>\n<meta property=\"og:site_name\" content=\"IPlay\" \/>\n<meta property=\"og:image\" content=\"https:\/\/www.iplay.com\/wp-content\/uploads\/2025\/05\/restorart_horizon_bay_collectors_edition_large_video_screenshot.webp\" \/>\n\t<meta property=\"og:image:width\" content=\"715\" \/>\n\t<meta property=\"og:image:height\" content=\"485\" \/>\n\t<meta property=\"og:image:type\" content=\"image\/webp\" \/>\n<meta name=\"twitter:card\" content=\"summary_large_image\" \/>\n<meta name=\"twitter:label1\" content=\"Dur\u00e9e de lecture estim\u00e9e\" \/>\n\t<meta name=\"twitter:data1\" content=\"2 minutes\" \/>\n<script type=\"application\/ld+json\" class=\"yoast-schema-graph\">{\"@context\":\"https:\/\/schema.org\",\"@graph\":[{\"@type\":\"WebPage\",\"@id\":\"https:\/\/www.iplay.com\/en\/games\/restorart-horizon-bay-collectors-edition\/\",\"url\":\"https:\/\/www.iplay.com\/en\/games\/restorart-horizon-bay-collectors-edition\/\",\"name\":\"RestorArt\u00a0: Horizon Bay CE - Restaurez des chefs-d\u2019\u0153uvre et construisez votre studio\",\"isPartOf\":{\"@id\":\"https:\/\/www.iplay.com\/en\/#website\"},\"primaryImageOfPage\":{\"@id\":\"https:\/\/www.iplay.com\/en\/games\/restorart-horizon-bay-collectors-edition\/#primaryimage\"},\"image\":{\"@id\":\"https:\/\/www.iplay.com\/en\/games\/restorart-horizon-bay-collectors-edition\/#primaryimage\"},\"thumbnailUrl\":\"https:\/\/www.iplay.com\/wp-content\/uploads\/2025\/05\/restorart_horizon_bay_collectors_edition_large_square_tile_image.webp\",\"datePublished\":\"2025-05-16T09:30:04+00:00\",\"description\":\"Restaurez de magnifiques \u0153uvres d\u2019art, d\u00e9bloquez des secrets et construisez le studio de vos r\u00eaves dans cette aventure artistique immersive.\",\"breadcrumb\":{\"@id\":\"https:\/\/www.iplay.com\/en\/games\/restorart-horizon-bay-collectors-edition\/#breadcrumb\"},\"inLanguage\":\"fr-FR\",\"potentialAction\":[{\"@type\":\"ReadAction\",\"target\":[\"https:\/\/www.iplay.com\/en\/games\/restorart-horizon-bay-collectors-edition\/\"]}]},{\"@type\":\"ImageObject\",\"inLanguage\":\"fr-FR\",\"@id\":\"https:\/\/www.iplay.com\/en\/games\/restorart-horizon-bay-collectors-edition\/#primaryimage\",\"url\":\"https:\/\/www.iplay.com\/wp-content\/uploads\/2025\/05\/restorart_horizon_bay_collectors_edition_large_square_tile_image.webp\",\"contentUrl\":\"https:\/\/www.iplay.com\/wp-content\/uploads\/2025\/05\/restorart_horizon_bay_collectors_edition_large_square_tile_image.webp\",\"width\":310,\"height\":310},{\"@type\":\"BreadcrumbList\",\"@id\":\"https:\/\/www.iplay.com\/en\/games\/restorart-horizon-bay-collectors-edition\/#breadcrumb\",\"itemListElement\":[{\"@type\":\"ListItem\",\"position\":1,\"name\":\"Home\",\"item\":\"https:\/\/www.iplay.com\/fr\/home-page-2\/\"},{\"@type\":\"ListItem\",\"position\":2,\"name\":\"Shop\",\"item\":\"https:\/\/www.iplay.com\/en\/shop\/\"},{\"@type\":\"ListItem\",\"position\":3,\"name\":\"RestorArt: Horizon Bay &#8211; Collector&#8217;s Edition\"}]},{\"@type\":\"WebSite\",\"@id\":\"https:\/\/www.iplay.com\/en\/#website\",\"url\":\"https:\/\/www.iplay.com\/en\/\",\"name\":\"IPlay\",\"description\":\"The Best Casual Games!\",\"publisher\":{\"@id\":\"https:\/\/www.iplay.com\/en\/#organization\"},\"potentialAction\":[{\"@type\":\"SearchAction\",\"target\":{\"@type\":\"EntryPoint\",\"urlTemplate\":\"https:\/\/www.iplay.com\/en\/?s={search_term_string}\"},\"query-input\":{\"@type\":\"PropertyValueSpecification\",\"valueRequired\":true,\"valueName\":\"search_term_string\"}}],\"inLanguage\":\"fr-FR\"},{\"@type\":\"Organization\",\"@id\":\"https:\/\/www.iplay.com\/en\/#organization\",\"name\":\"IPlay\",\"url\":\"https:\/\/www.iplay.com\/en\/\",\"logo\":{\"@type\":\"ImageObject\",\"inLanguage\":\"fr-FR\",\"@id\":\"https:\/\/www.iplay.com\/en\/#\/schema\/logo\/image\/\",\"url\":\"https:\/\/www.iplay.com\/wp-content\/uploads\/2023\/11\/Group-6100.svg\",\"contentUrl\":\"https:\/\/www.iplay.com\/wp-content\/uploads\/2023\/11\/Group-6100.svg\",\"width\":98,\"height\":25,\"caption\":\"IPlay\"},\"image\":{\"@id\":\"https:\/\/www.iplay.com\/en\/#\/schema\/logo\/image\/\"}}]}<\/script>\n<!-- \/ Yoast SEO Premium plugin. -->","yoast_head_json":{"title":"RestorArt\u00a0: Horizon Bay CE - Restaurez des chefs-d\u2019\u0153uvre et construisez votre studio","description":"Restaurez de magnifiques \u0153uvres d\u2019art, d\u00e9bloquez des secrets et construisez le studio de vos r\u00eaves dans cette aventure artistique immersive.","robots":{"index":"index","follow":"follow","max-snippet":"max-snippet:-1","max-image-preview":"max-image-preview:large","max-video-preview":"max-video-preview:-1"},"canonical":"https:\/\/www.iplay.com\/en\/games\/restorart-horizon-bay-collectors-edition\/","og_locale":"fr_FR","og_type":"article","og_title":"RestorArt: Horizon Bay - Collector's Edition","og_description":"Restaurez de magnifiques \u0153uvres d\u2019art, d\u00e9bloquez des secrets et construisez le studio de vos r\u00eaves dans cette aventure artistique immersive.","og_url":"https:\/\/www.iplay.com\/en\/games\/restorart-horizon-bay-collectors-edition\/","og_site_name":"IPlay","og_image":[{"width":715,"height":485,"url":"https:\/\/www.iplay.com\/wp-content\/uploads\/2025\/05\/restorart_horizon_bay_collectors_edition_large_video_screenshot.webp","type":"image\/webp"}],"twitter_card":"summary_large_image","twitter_misc":{"Dur\u00e9e de lecture estim\u00e9e":"2 minutes"},"schema":{"@context":"https:\/\/schema.org","@graph":[{"@type":"WebPage","@id":"https:\/\/www.iplay.com\/en\/games\/restorart-horizon-bay-collectors-edition\/","url":"https:\/\/www.iplay.com\/en\/games\/restorart-horizon-bay-collectors-edition\/","name":"RestorArt\u00a0: Horizon Bay CE - Restaurez des chefs-d\u2019\u0153uvre et construisez votre studio","isPartOf":{"@id":"https:\/\/www.iplay.com\/en\/#website"},"primaryImageOfPage":{"@id":"https:\/\/www.iplay.com\/en\/games\/restorart-horizon-bay-collectors-edition\/#primaryimage"},"image":{"@id":"https:\/\/www.iplay.com\/en\/games\/restorart-horizon-bay-collectors-edition\/#primaryimage"},"thumbnailUrl":"https:\/\/www.iplay.com\/wp-content\/uploads\/2025\/05\/restorart_horizon_bay_collectors_edition_large_square_tile_image.webp","datePublished":"2025-05-16T09:30:04+00:00","description":"Restaurez de magnifiques \u0153uvres d\u2019art, d\u00e9bloquez des secrets et construisez le studio de vos r\u00eaves dans cette aventure artistique immersive.","breadcrumb":{"@id":"https:\/\/www.iplay.com\/en\/games\/restorart-horizon-bay-collectors-edition\/#breadcrumb"},"inLanguage":"fr-FR","potentialAction":[{"@type":"ReadAction","target":["https:\/\/www.iplay.com\/en\/games\/restorart-horizon-bay-collectors-edition\/"]}]},{"@type":"ImageObject","inLanguage":"fr-FR","@id":"https:\/\/www.iplay.com\/en\/games\/restorart-horizon-bay-collectors-edition\/#primaryimage","url":"https:\/\/www.iplay.com\/wp-content\/uploads\/2025\/05\/restorart_horizon_bay_collectors_edition_large_square_tile_image.webp","contentUrl":"https:\/\/www.iplay.com\/wp-content\/uploads\/2025\/05\/restorart_horizon_bay_collectors_edition_large_square_tile_image.webp","width":310,"height":310},{"@type":"BreadcrumbList","@id":"https:\/\/www.iplay.com\/en\/games\/restorart-horizon-bay-collectors-edition\/#breadcrumb","itemListElement":[{"@type":"ListItem","position":1,"name":"Home","item":"https:\/\/www.iplay.com\/fr\/home-page-2\/"},{"@type":"ListItem","position":2,"name":"Shop","item":"https:\/\/www.iplay.com\/en\/shop\/"},{"@type":"ListItem","position":3,"name":"RestorArt: Horizon Bay &#8211; Collector&#8217;s Edition"}]},{"@type":"WebSite","@id":"https:\/\/www.iplay.com\/en\/#website","url":"https:\/\/www.iplay.com\/en\/","name":"IPlay","description":"The Best Casual Games!","publisher":{"@id":"https:\/\/www.iplay.com\/en\/#organization"},"potentialAction":[{"@type":"SearchAction","target":{"@type":"EntryPoint","urlTemplate":"https:\/\/www.iplay.com\/en\/?s={search_term_string}"},"query-input":{"@type":"PropertyValueSpecification","valueRequired":true,"valueName":"search_term_string"}}],"inLanguage":"fr-FR"},{"@type":"Organization","@id":"https:\/\/www.iplay.com\/en\/#organization","name":"IPlay","url":"https:\/\/www.iplay.com\/en\/","logo":{"@type":"ImageObject","inLanguage":"fr-FR","@id":"https:\/\/www.iplay.com\/en\/#\/schema\/logo\/image\/","url":"https:\/\/www.iplay.com\/wp-content\/uploads\/2023\/11\/Group-6100.svg","contentUrl":"https:\/\/www.iplay.com\/wp-content\/uploads\/2023\/11\/Group-6100.svg","width":98,"height":25,"caption":"IPlay"},"image":{"@id":"https:\/\/www.iplay.com\/en\/#\/schema\/logo\/image\/"}}]}},"_links":{"self":[{"href":"https:\/\/www.iplay.com\/fr\/wp-json\/wp\/v2\/product\/136898","targetHints":{"allow":["GET"]}}],"collection":[{"href":"https:\/\/www.iplay.com\/fr\/wp-json\/wp\/v2\/product"}],"about":[{"href":"https:\/\/www.iplay.com\/fr\/wp-json\/wp\/v2\/types\/product"}],"author":[{"embeddable":true,"href":"https:\/\/www.iplay.com\/fr\/wp-json\/wp\/v2\/users\/77"}],"replies":[{"embeddable":true,"href":"https:\/\/www.iplay.com\/fr\/wp-json\/wp\/v2\/comments?post=136898"}],"wp:featuredmedia":[{"embeddable":true,"href":"https:\/\/www.iplay.com\/fr\/wp-json\/wp\/v2\/media\/136681"}],"wp:attachment":[{"href":"https:\/\/www.iplay.com\/fr\/wp-json\/wp\/v2\/media?parent=136898"}],"wp:term":[{"taxonomy":"product_brand","embeddable":true,"href":"https:\/\/www.iplay.com\/fr\/wp-json\/wp\/v2\/product_brand?post=136898"},{"taxonomy":"product_cat","embeddable":true,"href":"https:\/\/www.iplay.com\/fr\/wp-json\/wp\/v2\/product_cat?post=136898"},{"taxonomy":"product_tag","embeddable":true,"href":"https:\/\/www.iplay.com\/fr\/wp-json\/wp\/v2\/product_tag?post=136898"}],"curies":[{"name":"wp","href":"https:\/\/api.w.org\/{rel}","templated":true}]}}