{"id":136856,"date":"2021-12-15T00:00:00","date_gmt":"2021-12-15T00:00:00","guid":{"rendered":"https:\/\/www.iplay.com\/games\/matchventures-3\/"},"modified":"2025-08-29T11:33:12","modified_gmt":"2025-08-29T11:33:12","slug":"matchventures-3","status":"publish","type":"product","link":"https:\/\/www.iplay.com\/fr\/games\/matchventures-3\/","title":{"rendered":"MatchVentures 3"},"content":{"rendered":"<p>D\u00e9couvrez les cavernes \u00e9tranges sous le ch\u00e2teau de Cliffmont dans ce myst\u00e8re de match-3 palpitant ! Pour restaurer de magnifiques forteresses, d\u00e9couvrir des passages secrets et acqu\u00e9rir des richesses inestimables, mais faites attention aux ennemis qui r\u00f4dent dans les donjons. Avec l\u2019aide de Finlea, la soignante du lutin, et de son groupe d\u2019amis excentriques, elle r\u00e9sout des \u00e9nigmes et des t\u00e2ches difficiles. Pour acheter de nouvelles am\u00e9liorations de ch\u00e2teau, fouillez les zones sombres de chaque niveau final pour trouver de l\u2019argent et des ressources. Enqu\u00eatez sur de vastes niveaux \u00e0 la recherche des objets dont vous aurez besoin pour franchir les obstacles. D\u00e9couvrez les cl\u00e9s pour ouvrir des coffres au tr\u00e9sor, combattre des ennemis et r\u00e9soudre des \u00e9nigmes difficiles dans ce jeu de match-3 r\u00e9volutionnaire !     <\/p>\n<p>&nbsp;<\/p>\n<p>&nbsp;<\/p>\n<p><strong>Fonctionnalit\u00e9s:<\/strong><\/p>\n<p>&nbsp;<\/p>\n<p>&#8211; Prenez soin de votre \u00e2ne<br \/>\n&#8211; Jouez dans deux modes<br \/>\n diff\u00e9rents- Explorez des niveaux<br \/>\n massifs<br \/>\n&#8211; Reconstruisez trois ch\u00e2teaux majestueux- R\u00e9solvez des dizaines de qu\u00eates<br \/>\n&#8211; Collectez d\u2019innombrables tr\u00e9sors inestimables<br \/>\n&#8211; Belle bande-son orchestrale<\/p>\n","protected":false},"excerpt":{"rendered":"<p>Partez pour une aventure myst\u00e9rieuse passionnante en match-3 dans un ch\u00e2teau ! Le jeu MatchVentures 3 <\/p>\n","protected":false},"author":20,"featured_media":78248,"comment_status":"open","ping_status":"closed","template":"","meta":{"_acf_changed":false,"inline_featured_image":false},"product_brand":[],"product_cat":[193],"product_tag":[],"class_list":{"0":"post-136856","1":"product","2":"type-product","3":"status-publish","4":"has-post-thumbnail","6":"product_cat-puzzle-fr","8":"first","9":"instock","10":"shipping-taxable","11":"purchasable","12":"product-type-simple"},"acf":[],"yoast_head":"<!-- This site is optimized with the Yoast SEO Premium plugin v25.2 (Yoast SEO v25.2) - https:\/\/yoast.com\/wordpress\/plugins\/seo\/ -->\n<title>MatchVentures 3 - Lancez-vous dans une aventure myst\u00e9rieuse palpitante dans un ch\u00e2teau de match-3<\/title>\n<meta name=\"description\" content=\"Partez pour une aventure myst\u00e9rieuse passionnante en match-3 dans un ch\u00e2teau ! Le jeu MatchVentures 3\" \/>\n<meta name=\"robots\" content=\"index, follow, max-snippet:-1, max-image-preview:large, max-video-preview:-1\" \/>\n<link rel=\"canonical\" href=\"https:\/\/www.iplay.com\/fr\/games\/matchventures-3\/\" \/>\n<meta property=\"og:locale\" content=\"fr_FR\" \/>\n<meta property=\"og:type\" content=\"article\" \/>\n<meta property=\"og:title\" content=\"MatchVentures 3\" \/>\n<meta property=\"og:description\" content=\"Partez pour une aventure myst\u00e9rieuse passionnante en match-3 dans un ch\u00e2teau ! Le jeu MatchVentures 3\" \/>\n<meta property=\"og:url\" content=\"https:\/\/www.iplay.com\/fr\/games\/matchventures-3\/\" \/>\n<meta property=\"og:site_name\" content=\"IPlay\" \/>\n<meta property=\"article:modified_time\" content=\"2025-08-29T11:33:12+00:00\" \/>\n<meta property=\"og:image\" content=\"https:\/\/www.iplay.com\/wp-content\/uploads\/2023\/12\/large_square_tile_image-2390.jpg\" \/>\n\t<meta property=\"og:image:width\" content=\"310\" \/>\n\t<meta property=\"og:image:height\" content=\"310\" \/>\n\t<meta property=\"og:image:type\" content=\"image\/jpeg\" \/>\n<meta name=\"twitter:card\" content=\"summary_large_image\" \/>\n<meta name=\"twitter:label1\" content=\"Dur\u00e9e de lecture estim\u00e9e\" \/>\n\t<meta name=\"twitter:data1\" content=\"1 minute\" \/>\n<script type=\"application\/ld+json\" class=\"yoast-schema-graph\">{\"@context\":\"https:\/\/schema.org\",\"@graph\":[{\"@type\":\"WebPage\",\"@id\":\"https:\/\/www.iplay.com\/fr\/games\/matchventures-3\/\",\"url\":\"https:\/\/www.iplay.com\/fr\/games\/matchventures-3\/\",\"name\":\"MatchVentures 3 - Lancez-vous dans une aventure myst\u00e9rieuse palpitante dans un ch\u00e2teau de match-3\",\"isPartOf\":{\"@id\":\"https:\/\/www.iplay.com\/en\/#website\"},\"primaryImageOfPage\":{\"@id\":\"https:\/\/www.iplay.com\/fr\/games\/matchventures-3\/#primaryimage\"},\"image\":{\"@id\":\"https:\/\/www.iplay.com\/fr\/games\/matchventures-3\/#primaryimage\"},\"thumbnailUrl\":\"https:\/\/www.iplay.com\/wp-content\/uploads\/2023\/12\/large_square_tile_image-2390.jpg\",\"datePublished\":\"2021-12-15T00:00:00+00:00\",\"dateModified\":\"2025-08-29T11:33:12+00:00\",\"description\":\"Partez pour une aventure myst\u00e9rieuse passionnante en match-3 dans un ch\u00e2teau ! Le jeu MatchVentures 3\",\"breadcrumb\":{\"@id\":\"https:\/\/www.iplay.com\/fr\/games\/matchventures-3\/#breadcrumb\"},\"inLanguage\":\"fr-FR\",\"potentialAction\":[{\"@type\":\"ReadAction\",\"target\":[\"https:\/\/www.iplay.com\/fr\/games\/matchventures-3\/\"]}]},{\"@type\":\"ImageObject\",\"inLanguage\":\"fr-FR\",\"@id\":\"https:\/\/www.iplay.com\/fr\/games\/matchventures-3\/#primaryimage\",\"url\":\"https:\/\/www.iplay.com\/wp-content\/uploads\/2023\/12\/large_square_tile_image-2390.jpg\",\"contentUrl\":\"https:\/\/www.iplay.com\/wp-content\/uploads\/2023\/12\/large_square_tile_image-2390.jpg\",\"width\":310,\"height\":310},{\"@type\":\"BreadcrumbList\",\"@id\":\"https:\/\/www.iplay.com\/fr\/games\/matchventures-3\/#breadcrumb\",\"itemListElement\":[{\"@type\":\"ListItem\",\"position\":1,\"name\":\"Home\",\"item\":\"https:\/\/www.iplay.com\/fr\/home-page-2\/\"},{\"@type\":\"ListItem\",\"position\":2,\"name\":\"Shop\",\"item\":\"https:\/\/www.iplay.com\/en\/shop\/\"},{\"@type\":\"ListItem\",\"position\":3,\"name\":\"MatchVentures 3\"}]},{\"@type\":\"WebSite\",\"@id\":\"https:\/\/www.iplay.com\/en\/#website\",\"url\":\"https:\/\/www.iplay.com\/en\/\",\"name\":\"IPlay\",\"description\":\"The Best Casual Games!\",\"publisher\":{\"@id\":\"https:\/\/www.iplay.com\/en\/#organization\"},\"potentialAction\":[{\"@type\":\"SearchAction\",\"target\":{\"@type\":\"EntryPoint\",\"urlTemplate\":\"https:\/\/www.iplay.com\/en\/?s={search_term_string}\"},\"query-input\":{\"@type\":\"PropertyValueSpecification\",\"valueRequired\":true,\"valueName\":\"search_term_string\"}}],\"inLanguage\":\"fr-FR\"},{\"@type\":\"Organization\",\"@id\":\"https:\/\/www.iplay.com\/en\/#organization\",\"name\":\"IPlay\",\"url\":\"https:\/\/www.iplay.com\/en\/\",\"logo\":{\"@type\":\"ImageObject\",\"inLanguage\":\"fr-FR\",\"@id\":\"https:\/\/www.iplay.com\/en\/#\/schema\/logo\/image\/\",\"url\":\"https:\/\/www.iplay.com\/wp-content\/uploads\/2023\/11\/Group-6100.svg\",\"contentUrl\":\"https:\/\/www.iplay.com\/wp-content\/uploads\/2023\/11\/Group-6100.svg\",\"width\":98,\"height\":25,\"caption\":\"IPlay\"},\"image\":{\"@id\":\"https:\/\/www.iplay.com\/en\/#\/schema\/logo\/image\/\"}}]}<\/script>\n<!-- \/ Yoast SEO Premium plugin. -->","yoast_head_json":{"title":"MatchVentures 3 - Lancez-vous dans une aventure myst\u00e9rieuse palpitante dans un ch\u00e2teau de match-3","description":"Partez pour une aventure myst\u00e9rieuse passionnante en match-3 dans un ch\u00e2teau ! Le jeu MatchVentures 3","robots":{"index":"index","follow":"follow","max-snippet":"max-snippet:-1","max-image-preview":"max-image-preview:large","max-video-preview":"max-video-preview:-1"},"canonical":"https:\/\/www.iplay.com\/fr\/games\/matchventures-3\/","og_locale":"fr_FR","og_type":"article","og_title":"MatchVentures 3","og_description":"Partez pour une aventure myst\u00e9rieuse passionnante en match-3 dans un ch\u00e2teau ! Le jeu MatchVentures 3","og_url":"https:\/\/www.iplay.com\/fr\/games\/matchventures-3\/","og_site_name":"IPlay","article_modified_time":"2025-08-29T11:33:12+00:00","og_image":[{"width":310,"height":310,"url":"https:\/\/www.iplay.com\/wp-content\/uploads\/2023\/12\/large_square_tile_image-2390.jpg","type":"image\/jpeg"}],"twitter_card":"summary_large_image","twitter_misc":{"Dur\u00e9e de lecture estim\u00e9e":"1 minute"},"schema":{"@context":"https:\/\/schema.org","@graph":[{"@type":"WebPage","@id":"https:\/\/www.iplay.com\/fr\/games\/matchventures-3\/","url":"https:\/\/www.iplay.com\/fr\/games\/matchventures-3\/","name":"MatchVentures 3 - Lancez-vous dans une aventure myst\u00e9rieuse palpitante dans un ch\u00e2teau de match-3","isPartOf":{"@id":"https:\/\/www.iplay.com\/en\/#website"},"primaryImageOfPage":{"@id":"https:\/\/www.iplay.com\/fr\/games\/matchventures-3\/#primaryimage"},"image":{"@id":"https:\/\/www.iplay.com\/fr\/games\/matchventures-3\/#primaryimage"},"thumbnailUrl":"https:\/\/www.iplay.com\/wp-content\/uploads\/2023\/12\/large_square_tile_image-2390.jpg","datePublished":"2021-12-15T00:00:00+00:00","dateModified":"2025-08-29T11:33:12+00:00","description":"Partez pour une aventure myst\u00e9rieuse passionnante en match-3 dans un ch\u00e2teau ! Le jeu MatchVentures 3","breadcrumb":{"@id":"https:\/\/www.iplay.com\/fr\/games\/matchventures-3\/#breadcrumb"},"inLanguage":"fr-FR","potentialAction":[{"@type":"ReadAction","target":["https:\/\/www.iplay.com\/fr\/games\/matchventures-3\/"]}]},{"@type":"ImageObject","inLanguage":"fr-FR","@id":"https:\/\/www.iplay.com\/fr\/games\/matchventures-3\/#primaryimage","url":"https:\/\/www.iplay.com\/wp-content\/uploads\/2023\/12\/large_square_tile_image-2390.jpg","contentUrl":"https:\/\/www.iplay.com\/wp-content\/uploads\/2023\/12\/large_square_tile_image-2390.jpg","width":310,"height":310},{"@type":"BreadcrumbList","@id":"https:\/\/www.iplay.com\/fr\/games\/matchventures-3\/#breadcrumb","itemListElement":[{"@type":"ListItem","position":1,"name":"Home","item":"https:\/\/www.iplay.com\/fr\/home-page-2\/"},{"@type":"ListItem","position":2,"name":"Shop","item":"https:\/\/www.iplay.com\/en\/shop\/"},{"@type":"ListItem","position":3,"name":"MatchVentures 3"}]},{"@type":"WebSite","@id":"https:\/\/www.iplay.com\/en\/#website","url":"https:\/\/www.iplay.com\/en\/","name":"IPlay","description":"The Best Casual Games!","publisher":{"@id":"https:\/\/www.iplay.com\/en\/#organization"},"potentialAction":[{"@type":"SearchAction","target":{"@type":"EntryPoint","urlTemplate":"https:\/\/www.iplay.com\/en\/?s={search_term_string}"},"query-input":{"@type":"PropertyValueSpecification","valueRequired":true,"valueName":"search_term_string"}}],"inLanguage":"fr-FR"},{"@type":"Organization","@id":"https:\/\/www.iplay.com\/en\/#organization","name":"IPlay","url":"https:\/\/www.iplay.com\/en\/","logo":{"@type":"ImageObject","inLanguage":"fr-FR","@id":"https:\/\/www.iplay.com\/en\/#\/schema\/logo\/image\/","url":"https:\/\/www.iplay.com\/wp-content\/uploads\/2023\/11\/Group-6100.svg","contentUrl":"https:\/\/www.iplay.com\/wp-content\/uploads\/2023\/11\/Group-6100.svg","width":98,"height":25,"caption":"IPlay"},"image":{"@id":"https:\/\/www.iplay.com\/en\/#\/schema\/logo\/image\/"}}]}},"_links":{"self":[{"href":"https:\/\/www.iplay.com\/fr\/wp-json\/wp\/v2\/product\/136856","targetHints":{"allow":["GET"]}}],"collection":[{"href":"https:\/\/www.iplay.com\/fr\/wp-json\/wp\/v2\/product"}],"about":[{"href":"https:\/\/www.iplay.com\/fr\/wp-json\/wp\/v2\/types\/product"}],"author":[{"embeddable":true,"href":"https:\/\/www.iplay.com\/fr\/wp-json\/wp\/v2\/users\/20"}],"replies":[{"embeddable":true,"href":"https:\/\/www.iplay.com\/fr\/wp-json\/wp\/v2\/comments?post=136856"}],"wp:featuredmedia":[{"embeddable":true,"href":"https:\/\/www.iplay.com\/fr\/wp-json\/wp\/v2\/media\/78248"}],"wp:attachment":[{"href":"https:\/\/www.iplay.com\/fr\/wp-json\/wp\/v2\/media?parent=136856"}],"wp:term":[{"taxonomy":"product_brand","embeddable":true,"href":"https:\/\/www.iplay.com\/fr\/wp-json\/wp\/v2\/product_brand?post=136856"},{"taxonomy":"product_cat","embeddable":true,"href":"https:\/\/www.iplay.com\/fr\/wp-json\/wp\/v2\/product_cat?post=136856"},{"taxonomy":"product_tag","embeddable":true,"href":"https:\/\/www.iplay.com\/fr\/wp-json\/wp\/v2\/product_tag?post=136856"}],"curies":[{"name":"wp","href":"https:\/\/api.w.org\/{rel}","templated":true}]}}