{"id":136773,"date":"2022-02-13T00:00:00","date_gmt":"2022-02-13T00:00:00","guid":{"rendered":"https:\/\/www.iplay.com\/games\/suddenly-meow-2\/"},"modified":"2022-02-13T00:00:00","modified_gmt":"2022-02-13T00:00:00","slug":"suddenly-meow-2","status":"publish","type":"product","link":"https:\/\/www.iplay.com\/fr\/games\/suddenly-meow-2\/","title":{"rendered":"Suddenly Meow 2"},"content":{"rendered":"<p>Tim a h\u00e2te d\u2019avoir plus d\u2019action ! Lord Devious s\u2019est lib\u00e9r\u00e9 du sceau des f\u00e9es, et son ombre sombre menace d\u00e9sormais la tranquillit\u00e9 de la for\u00eat. Tim, toujours pr\u00eat \u00e0 donner un coup de main, prot\u00e9gera les f\u00e9es et mettra fin \u00e0 cette nouvelle menace. Son aventure l\u2019emm\u00e8nera \u00e0 travers une vari\u00e9t\u00e9 d\u2019\u00e9nigmes, de tuyaux de transit et d\u2019autres aspects du jeu jusqu\u2019\u00e0 ce qu\u2019il rencontre Lord Devious dans l\u2019\u00e9preuve de force ultime. Aidez Tim \u00e0 utiliser ses comp\u00e9tences monastiques pour attraper de d\u00e9licieux poissons et collecter de nouvelles pelotes de laine pour sa collection priv\u00e9e ! Sauvez les f\u00e9es et redonnez vie \u00e0 la for\u00eat !     <\/p>\n<p>&nbsp;<\/p>\n<p>&nbsp;<\/p>\n<p><strong>Fonctionnalit\u00e9s:<\/strong><\/p>\n<p>&nbsp;<\/p>\n<p>&#8211; 90 niveaux<br \/>\n de Match 3- Plus d\u2019objets et d\u2019actions<br \/>\n&#8211; Nouveaux m\u00e9canismes<br \/>\n de combat- Cachette<br \/>\n de Tim am\u00e9lior\u00e9e- Mini-jeux<br \/>\n suppl\u00e9mentaires- Collectez des \u00e9toiles pour plus de pi\u00e8ces<\/p>\n","protected":false},"excerpt":{"rendered":"<p>Aidez Tim \u00e0 sauver les f\u00e9es et \u00e0 ramener l\u2019harmonie dans la for\u00eat dans Suddenly Meow 2.<\/p>\n","protected":false},"author":55,"featured_media":90356,"comment_status":"open","ping_status":"closed","template":"","meta":{"_acf_changed":false,"inline_featured_image":false},"product_brand":[],"product_cat":[193],"product_tag":[],"class_list":{"0":"post-136773","1":"product","2":"type-product","3":"status-publish","4":"has-post-thumbnail","6":"product_cat-puzzle-fr","8":"first","9":"instock","10":"shipping-taxable","11":"purchasable","12":"product-type-simple"},"acf":[],"yoast_head":"<!-- This site is optimized with the Yoast SEO Premium plugin v25.2 (Yoast SEO v25.2) - https:\/\/yoast.com\/wordpress\/plugins\/seo\/ -->\n<title>Suddenly Meow 2 - Aidez Tim \u00e0 sauver les f\u00e9es et \u00e0 ramener la paix dans la for\u00eat<\/title>\n<meta name=\"description\" content=\"Aidez Tim \u00e0 sauver les f\u00e9es et \u00e0 ramener l\u2019harmonie dans la for\u00eat dans Suddenly Meow 2.\" \/>\n<meta name=\"robots\" content=\"index, follow, max-snippet:-1, max-image-preview:large, max-video-preview:-1\" \/>\n<link rel=\"canonical\" href=\"https:\/\/www.iplay.com\/fr\/games\/suddenly-meow-2\/\" \/>\n<meta property=\"og:locale\" content=\"fr_FR\" \/>\n<meta property=\"og:type\" content=\"article\" \/>\n<meta property=\"og:title\" content=\"Suddenly Meow 2\" \/>\n<meta property=\"og:description\" content=\"Aidez Tim \u00e0 sauver les f\u00e9es et \u00e0 ramener l\u2019harmonie dans la for\u00eat dans Suddenly Meow 2.\" \/>\n<meta property=\"og:url\" content=\"https:\/\/www.iplay.com\/fr\/games\/suddenly-meow-2\/\" \/>\n<meta property=\"og:site_name\" content=\"IPlay\" \/>\n<meta property=\"og:image\" content=\"https:\/\/www.iplay.com\/wp-content\/uploads\/2023\/12\/large_square_tile_image-3161.jpg\" \/>\n\t<meta property=\"og:image:width\" content=\"310\" \/>\n\t<meta property=\"og:image:height\" content=\"310\" \/>\n\t<meta property=\"og:image:type\" content=\"image\/jpeg\" \/>\n<meta name=\"twitter:card\" content=\"summary_large_image\" \/>\n<meta name=\"twitter:label1\" content=\"Dur\u00e9e de lecture estim\u00e9e\" \/>\n\t<meta name=\"twitter:data1\" content=\"1 minute\" \/>\n<script type=\"application\/ld+json\" class=\"yoast-schema-graph\">{\"@context\":\"https:\/\/schema.org\",\"@graph\":[{\"@type\":\"WebPage\",\"@id\":\"https:\/\/www.iplay.com\/fr\/games\/suddenly-meow-2\/\",\"url\":\"https:\/\/www.iplay.com\/fr\/games\/suddenly-meow-2\/\",\"name\":\"Suddenly Meow 2 - Aidez Tim \u00e0 sauver les f\u00e9es et \u00e0 ramener la paix dans la for\u00eat\",\"isPartOf\":{\"@id\":\"https:\/\/www.iplay.com\/en\/#website\"},\"primaryImageOfPage\":{\"@id\":\"https:\/\/www.iplay.com\/fr\/games\/suddenly-meow-2\/#primaryimage\"},\"image\":{\"@id\":\"https:\/\/www.iplay.com\/fr\/games\/suddenly-meow-2\/#primaryimage\"},\"thumbnailUrl\":\"https:\/\/www.iplay.com\/wp-content\/uploads\/2023\/12\/large_square_tile_image-3161.jpg\",\"datePublished\":\"2022-02-13T00:00:00+00:00\",\"description\":\"Aidez Tim \u00e0 sauver les f\u00e9es et \u00e0 ramener l\u2019harmonie dans la for\u00eat dans Suddenly Meow 2.\",\"breadcrumb\":{\"@id\":\"https:\/\/www.iplay.com\/fr\/games\/suddenly-meow-2\/#breadcrumb\"},\"inLanguage\":\"fr-FR\",\"potentialAction\":[{\"@type\":\"ReadAction\",\"target\":[\"https:\/\/www.iplay.com\/fr\/games\/suddenly-meow-2\/\"]}]},{\"@type\":\"ImageObject\",\"inLanguage\":\"fr-FR\",\"@id\":\"https:\/\/www.iplay.com\/fr\/games\/suddenly-meow-2\/#primaryimage\",\"url\":\"https:\/\/www.iplay.com\/wp-content\/uploads\/2023\/12\/large_square_tile_image-3161.jpg\",\"contentUrl\":\"https:\/\/www.iplay.com\/wp-content\/uploads\/2023\/12\/large_square_tile_image-3161.jpg\",\"width\":310,\"height\":310},{\"@type\":\"BreadcrumbList\",\"@id\":\"https:\/\/www.iplay.com\/fr\/games\/suddenly-meow-2\/#breadcrumb\",\"itemListElement\":[{\"@type\":\"ListItem\",\"position\":1,\"name\":\"Home\",\"item\":\"https:\/\/www.iplay.com\/fr\/home-page-2\/\"},{\"@type\":\"ListItem\",\"position\":2,\"name\":\"Shop\",\"item\":\"https:\/\/www.iplay.com\/en\/shop\/\"},{\"@type\":\"ListItem\",\"position\":3,\"name\":\"Suddenly Meow 2\"}]},{\"@type\":\"WebSite\",\"@id\":\"https:\/\/www.iplay.com\/en\/#website\",\"url\":\"https:\/\/www.iplay.com\/en\/\",\"name\":\"IPlay\",\"description\":\"The Best Casual Games!\",\"publisher\":{\"@id\":\"https:\/\/www.iplay.com\/en\/#organization\"},\"potentialAction\":[{\"@type\":\"SearchAction\",\"target\":{\"@type\":\"EntryPoint\",\"urlTemplate\":\"https:\/\/www.iplay.com\/en\/?s={search_term_string}\"},\"query-input\":{\"@type\":\"PropertyValueSpecification\",\"valueRequired\":true,\"valueName\":\"search_term_string\"}}],\"inLanguage\":\"fr-FR\"},{\"@type\":\"Organization\",\"@id\":\"https:\/\/www.iplay.com\/en\/#organization\",\"name\":\"IPlay\",\"url\":\"https:\/\/www.iplay.com\/en\/\",\"logo\":{\"@type\":\"ImageObject\",\"inLanguage\":\"fr-FR\",\"@id\":\"https:\/\/www.iplay.com\/en\/#\/schema\/logo\/image\/\",\"url\":\"https:\/\/www.iplay.com\/wp-content\/uploads\/2023\/11\/Group-6100.svg\",\"contentUrl\":\"https:\/\/www.iplay.com\/wp-content\/uploads\/2023\/11\/Group-6100.svg\",\"width\":98,\"height\":25,\"caption\":\"IPlay\"},\"image\":{\"@id\":\"https:\/\/www.iplay.com\/en\/#\/schema\/logo\/image\/\"}}]}<\/script>\n<!-- \/ Yoast SEO Premium plugin. -->","yoast_head_json":{"title":"Suddenly Meow 2 - Aidez Tim \u00e0 sauver les f\u00e9es et \u00e0 ramener la paix dans la for\u00eat","description":"Aidez Tim \u00e0 sauver les f\u00e9es et \u00e0 ramener l\u2019harmonie dans la for\u00eat dans Suddenly Meow 2.","robots":{"index":"index","follow":"follow","max-snippet":"max-snippet:-1","max-image-preview":"max-image-preview:large","max-video-preview":"max-video-preview:-1"},"canonical":"https:\/\/www.iplay.com\/fr\/games\/suddenly-meow-2\/","og_locale":"fr_FR","og_type":"article","og_title":"Suddenly Meow 2","og_description":"Aidez Tim \u00e0 sauver les f\u00e9es et \u00e0 ramener l\u2019harmonie dans la for\u00eat dans Suddenly Meow 2.","og_url":"https:\/\/www.iplay.com\/fr\/games\/suddenly-meow-2\/","og_site_name":"IPlay","og_image":[{"width":310,"height":310,"url":"https:\/\/www.iplay.com\/wp-content\/uploads\/2023\/12\/large_square_tile_image-3161.jpg","type":"image\/jpeg"}],"twitter_card":"summary_large_image","twitter_misc":{"Dur\u00e9e de lecture estim\u00e9e":"1 minute"},"schema":{"@context":"https:\/\/schema.org","@graph":[{"@type":"WebPage","@id":"https:\/\/www.iplay.com\/fr\/games\/suddenly-meow-2\/","url":"https:\/\/www.iplay.com\/fr\/games\/suddenly-meow-2\/","name":"Suddenly Meow 2 - Aidez Tim \u00e0 sauver les f\u00e9es et \u00e0 ramener la paix dans la for\u00eat","isPartOf":{"@id":"https:\/\/www.iplay.com\/en\/#website"},"primaryImageOfPage":{"@id":"https:\/\/www.iplay.com\/fr\/games\/suddenly-meow-2\/#primaryimage"},"image":{"@id":"https:\/\/www.iplay.com\/fr\/games\/suddenly-meow-2\/#primaryimage"},"thumbnailUrl":"https:\/\/www.iplay.com\/wp-content\/uploads\/2023\/12\/large_square_tile_image-3161.jpg","datePublished":"2022-02-13T00:00:00+00:00","description":"Aidez Tim \u00e0 sauver les f\u00e9es et \u00e0 ramener l\u2019harmonie dans la for\u00eat dans Suddenly Meow 2.","breadcrumb":{"@id":"https:\/\/www.iplay.com\/fr\/games\/suddenly-meow-2\/#breadcrumb"},"inLanguage":"fr-FR","potentialAction":[{"@type":"ReadAction","target":["https:\/\/www.iplay.com\/fr\/games\/suddenly-meow-2\/"]}]},{"@type":"ImageObject","inLanguage":"fr-FR","@id":"https:\/\/www.iplay.com\/fr\/games\/suddenly-meow-2\/#primaryimage","url":"https:\/\/www.iplay.com\/wp-content\/uploads\/2023\/12\/large_square_tile_image-3161.jpg","contentUrl":"https:\/\/www.iplay.com\/wp-content\/uploads\/2023\/12\/large_square_tile_image-3161.jpg","width":310,"height":310},{"@type":"BreadcrumbList","@id":"https:\/\/www.iplay.com\/fr\/games\/suddenly-meow-2\/#breadcrumb","itemListElement":[{"@type":"ListItem","position":1,"name":"Home","item":"https:\/\/www.iplay.com\/fr\/home-page-2\/"},{"@type":"ListItem","position":2,"name":"Shop","item":"https:\/\/www.iplay.com\/en\/shop\/"},{"@type":"ListItem","position":3,"name":"Suddenly Meow 2"}]},{"@type":"WebSite","@id":"https:\/\/www.iplay.com\/en\/#website","url":"https:\/\/www.iplay.com\/en\/","name":"IPlay","description":"The Best Casual Games!","publisher":{"@id":"https:\/\/www.iplay.com\/en\/#organization"},"potentialAction":[{"@type":"SearchAction","target":{"@type":"EntryPoint","urlTemplate":"https:\/\/www.iplay.com\/en\/?s={search_term_string}"},"query-input":{"@type":"PropertyValueSpecification","valueRequired":true,"valueName":"search_term_string"}}],"inLanguage":"fr-FR"},{"@type":"Organization","@id":"https:\/\/www.iplay.com\/en\/#organization","name":"IPlay","url":"https:\/\/www.iplay.com\/en\/","logo":{"@type":"ImageObject","inLanguage":"fr-FR","@id":"https:\/\/www.iplay.com\/en\/#\/schema\/logo\/image\/","url":"https:\/\/www.iplay.com\/wp-content\/uploads\/2023\/11\/Group-6100.svg","contentUrl":"https:\/\/www.iplay.com\/wp-content\/uploads\/2023\/11\/Group-6100.svg","width":98,"height":25,"caption":"IPlay"},"image":{"@id":"https:\/\/www.iplay.com\/en\/#\/schema\/logo\/image\/"}}]}},"_links":{"self":[{"href":"https:\/\/www.iplay.com\/fr\/wp-json\/wp\/v2\/product\/136773","targetHints":{"allow":["GET"]}}],"collection":[{"href":"https:\/\/www.iplay.com\/fr\/wp-json\/wp\/v2\/product"}],"about":[{"href":"https:\/\/www.iplay.com\/fr\/wp-json\/wp\/v2\/types\/product"}],"author":[{"embeddable":true,"href":"https:\/\/www.iplay.com\/fr\/wp-json\/wp\/v2\/users\/55"}],"replies":[{"embeddable":true,"href":"https:\/\/www.iplay.com\/fr\/wp-json\/wp\/v2\/comments?post=136773"}],"wp:featuredmedia":[{"embeddable":true,"href":"https:\/\/www.iplay.com\/fr\/wp-json\/wp\/v2\/media\/90356"}],"wp:attachment":[{"href":"https:\/\/www.iplay.com\/fr\/wp-json\/wp\/v2\/media?parent=136773"}],"wp:term":[{"taxonomy":"product_brand","embeddable":true,"href":"https:\/\/www.iplay.com\/fr\/wp-json\/wp\/v2\/product_brand?post=136773"},{"taxonomy":"product_cat","embeddable":true,"href":"https:\/\/www.iplay.com\/fr\/wp-json\/wp\/v2\/product_cat?post=136773"},{"taxonomy":"product_tag","embeddable":true,"href":"https:\/\/www.iplay.com\/fr\/wp-json\/wp\/v2\/product_tag?post=136773"}],"curies":[{"name":"wp","href":"https:\/\/api.w.org\/{rel}","templated":true}]}}