{"id":136579,"date":"2022-04-08T00:00:00","date_gmt":"2022-04-08T00:00:00","guid":{"rendered":"https:\/\/www.iplay.com\/games\/travel-mosaics-16-glorious-budapest\/"},"modified":"2022-04-08T00:00:00","modified_gmt":"2022-04-08T00:00:00","slug":"travel-mosaics-16-glorious-budapest","status":"publish","type":"product","link":"https:\/\/www.iplay.com\/fr\/games\/travel-mosaics-16-glorious-budapest\/","title":{"rendered":"Travel Mosaics 16: Glorious Budapest"},"content":{"rendered":"<p>Les Walkers vous invitent \u00e0 explorer les rues anciennes de Budapest \u00e0 pied, \u00e0 profiter d\u2019une vue imprenable sur le Danube et \u00e0 \u00eatre \u00e9merveill\u00e9 par la conception architecturale \u00e9tonnante de la ville. Vous pouvez en apprendre beaucoup sur les sites les plus int\u00e9ressants et les plus connus du c\u0153ur de l\u2019Europe gr\u00e2ce \u00e0 la famille des animaux. Pourquoi les habitants de Budapest sont-ils plus jeunes que les rues ? Quelle est la population de poissons de Fisherman\u2019s Bastion ? Y a-t-il des vampires qui vivent dans le ch\u00e2teau de Vajdahunyad ? Pourquoi dit-on qu\u2019il n\u2019y a pas de langues sur les lions du pont des cha\u00eenes Sz\u00e9chenyi ? Qu\u2019est-ce que Turul exactement ? Vous d\u00e9couvrirez tout cela et bien plus encore pendant que vous jouez !       <\/p>\n<p>&nbsp;<\/p>\n<p>&nbsp;<\/p>\n<p><strong>Fonctionnalit\u00e9s:<\/strong><\/p>\n<p>&nbsp;<\/p>\n<p>&#8211; Une visite virtuelle \u00e9poustouflante de Budapest qui met en \u00e9vidence ses principaux sites touristiques<br \/>\n&#8211; Lecture en modes jour et nuit. Vous pouvez modifier les tuiles et l\u2019arri\u00e8re-plan selon vos pr\u00e9f\u00e9rences. Choisissez parmi 12 styles de carreaux distincts et 12 motifs de toile de fond.<br \/>\n&#8211; Dialogue amusant et \u00e9ducatif entre vos personnages<br \/>\n pr\u00e9f\u00e9r\u00e9s- Quatre niveaux de difficult\u00e9, allant du jeu unicolore facile au jeu multicolore stimulant et au mode zen intuitif dans l\u2019application. &#8211; Cent nonogrammes cod\u00e9s par couleur plus quarante nonogrammes suppl\u00e9mentaires.<br \/>\n&#8211; De myst\u00e9rieuses photos de vacances semi-abstraites seront r\u00e9v\u00e9l\u00e9es \u00e0 tous les niveaux<br \/>\n&#8211; Des tonnes de plaisir et de paysages magnifiques<\/p>\n","protected":false},"excerpt":{"rendered":"<p>Rejoignez les promeneurs pour une merveilleuse visite de Budapest !<\/p>\n","protected":false},"author":14,"featured_media":77448,"comment_status":"open","ping_status":"closed","template":"","meta":{"_acf_changed":false,"inline_featured_image":false},"product_brand":[],"product_cat":[193],"product_tag":[],"class_list":{"0":"post-136579","1":"product","2":"type-product","3":"status-publish","4":"has-post-thumbnail","6":"product_cat-puzzle-fr","8":"first","9":"instock","10":"shipping-taxable","11":"purchasable","12":"product-type-simple"},"acf":[],"yoast_head":"<!-- This site is optimized with the Yoast SEO Premium plugin v25.2 (Yoast SEO v25.2) - https:\/\/yoast.com\/wordpress\/plugins\/seo\/ -->\n<title>Travel Mosaics 16\u00a0: Glorious Budapest - Visitez Budapest de mani\u00e8re fantastique avec les randonneurs aventureux<\/title>\n<meta name=\"description\" content=\"Rejoignez les promeneurs pour une merveilleuse visite de Budapest !\" \/>\n<meta name=\"robots\" content=\"index, follow, max-snippet:-1, max-image-preview:large, max-video-preview:-1\" \/>\n<link rel=\"canonical\" href=\"https:\/\/www.iplay.com\/fr\/games\/travel-mosaics-16-glorious-budapest\/\" \/>\n<meta property=\"og:locale\" content=\"fr_FR\" \/>\n<meta property=\"og:type\" content=\"article\" \/>\n<meta property=\"og:title\" content=\"Travel Mosaics 16: Glorious Budapest\" \/>\n<meta property=\"og:description\" content=\"Rejoignez les promeneurs pour une merveilleuse visite de Budapest !\" \/>\n<meta property=\"og:url\" content=\"https:\/\/www.iplay.com\/fr\/games\/travel-mosaics-16-glorious-budapest\/\" \/>\n<meta property=\"og:site_name\" content=\"IPlay\" \/>\n<meta property=\"og:image\" content=\"https:\/\/www.iplay.com\/wp-content\/uploads\/2023\/12\/large_square_tile_image-2338.jpg\" \/>\n\t<meta property=\"og:image:width\" content=\"310\" \/>\n\t<meta property=\"og:image:height\" content=\"310\" \/>\n\t<meta property=\"og:image:type\" content=\"image\/jpeg\" \/>\n<meta name=\"twitter:card\" content=\"summary_large_image\" \/>\n<meta name=\"twitter:label1\" content=\"Dur\u00e9e de lecture estim\u00e9e\" \/>\n\t<meta name=\"twitter:data1\" content=\"1 minute\" \/>\n<script type=\"application\/ld+json\" class=\"yoast-schema-graph\">{\"@context\":\"https:\/\/schema.org\",\"@graph\":[{\"@type\":\"WebPage\",\"@id\":\"https:\/\/www.iplay.com\/fr\/games\/travel-mosaics-16-glorious-budapest\/\",\"url\":\"https:\/\/www.iplay.com\/fr\/games\/travel-mosaics-16-glorious-budapest\/\",\"name\":\"Travel Mosaics 16\u00a0: Glorious Budapest - Visitez Budapest de mani\u00e8re fantastique avec les randonneurs aventureux\",\"isPartOf\":{\"@id\":\"https:\/\/www.iplay.com\/en\/#website\"},\"primaryImageOfPage\":{\"@id\":\"https:\/\/www.iplay.com\/fr\/games\/travel-mosaics-16-glorious-budapest\/#primaryimage\"},\"image\":{\"@id\":\"https:\/\/www.iplay.com\/fr\/games\/travel-mosaics-16-glorious-budapest\/#primaryimage\"},\"thumbnailUrl\":\"https:\/\/www.iplay.com\/wp-content\/uploads\/2023\/12\/large_square_tile_image-2338.jpg\",\"datePublished\":\"2022-04-08T00:00:00+00:00\",\"description\":\"Rejoignez les promeneurs pour une merveilleuse visite de Budapest !\",\"breadcrumb\":{\"@id\":\"https:\/\/www.iplay.com\/fr\/games\/travel-mosaics-16-glorious-budapest\/#breadcrumb\"},\"inLanguage\":\"fr-FR\",\"potentialAction\":[{\"@type\":\"ReadAction\",\"target\":[\"https:\/\/www.iplay.com\/fr\/games\/travel-mosaics-16-glorious-budapest\/\"]}]},{\"@type\":\"ImageObject\",\"inLanguage\":\"fr-FR\",\"@id\":\"https:\/\/www.iplay.com\/fr\/games\/travel-mosaics-16-glorious-budapest\/#primaryimage\",\"url\":\"https:\/\/www.iplay.com\/wp-content\/uploads\/2023\/12\/large_square_tile_image-2338.jpg\",\"contentUrl\":\"https:\/\/www.iplay.com\/wp-content\/uploads\/2023\/12\/large_square_tile_image-2338.jpg\",\"width\":310,\"height\":310},{\"@type\":\"BreadcrumbList\",\"@id\":\"https:\/\/www.iplay.com\/fr\/games\/travel-mosaics-16-glorious-budapest\/#breadcrumb\",\"itemListElement\":[{\"@type\":\"ListItem\",\"position\":1,\"name\":\"Home\",\"item\":\"https:\/\/www.iplay.com\/fr\/home-page-2\/\"},{\"@type\":\"ListItem\",\"position\":2,\"name\":\"Shop\",\"item\":\"https:\/\/www.iplay.com\/en\/shop\/\"},{\"@type\":\"ListItem\",\"position\":3,\"name\":\"Travel Mosaics 16: Glorious Budapest\"}]},{\"@type\":\"WebSite\",\"@id\":\"https:\/\/www.iplay.com\/en\/#website\",\"url\":\"https:\/\/www.iplay.com\/en\/\",\"name\":\"IPlay\",\"description\":\"The Best Casual Games!\",\"publisher\":{\"@id\":\"https:\/\/www.iplay.com\/en\/#organization\"},\"potentialAction\":[{\"@type\":\"SearchAction\",\"target\":{\"@type\":\"EntryPoint\",\"urlTemplate\":\"https:\/\/www.iplay.com\/en\/?s={search_term_string}\"},\"query-input\":{\"@type\":\"PropertyValueSpecification\",\"valueRequired\":true,\"valueName\":\"search_term_string\"}}],\"inLanguage\":\"fr-FR\"},{\"@type\":\"Organization\",\"@id\":\"https:\/\/www.iplay.com\/en\/#organization\",\"name\":\"IPlay\",\"url\":\"https:\/\/www.iplay.com\/en\/\",\"logo\":{\"@type\":\"ImageObject\",\"inLanguage\":\"fr-FR\",\"@id\":\"https:\/\/www.iplay.com\/en\/#\/schema\/logo\/image\/\",\"url\":\"https:\/\/www.iplay.com\/wp-content\/uploads\/2023\/11\/Group-6100.svg\",\"contentUrl\":\"https:\/\/www.iplay.com\/wp-content\/uploads\/2023\/11\/Group-6100.svg\",\"width\":98,\"height\":25,\"caption\":\"IPlay\"},\"image\":{\"@id\":\"https:\/\/www.iplay.com\/en\/#\/schema\/logo\/image\/\"}}]}<\/script>\n<!-- \/ Yoast SEO Premium plugin. -->","yoast_head_json":{"title":"Travel Mosaics 16\u00a0: Glorious Budapest - Visitez Budapest de mani\u00e8re fantastique avec les randonneurs aventureux","description":"Rejoignez les promeneurs pour une merveilleuse visite de Budapest !","robots":{"index":"index","follow":"follow","max-snippet":"max-snippet:-1","max-image-preview":"max-image-preview:large","max-video-preview":"max-video-preview:-1"},"canonical":"https:\/\/www.iplay.com\/fr\/games\/travel-mosaics-16-glorious-budapest\/","og_locale":"fr_FR","og_type":"article","og_title":"Travel Mosaics 16: Glorious Budapest","og_description":"Rejoignez les promeneurs pour une merveilleuse visite de Budapest !","og_url":"https:\/\/www.iplay.com\/fr\/games\/travel-mosaics-16-glorious-budapest\/","og_site_name":"IPlay","og_image":[{"width":310,"height":310,"url":"https:\/\/www.iplay.com\/wp-content\/uploads\/2023\/12\/large_square_tile_image-2338.jpg","type":"image\/jpeg"}],"twitter_card":"summary_large_image","twitter_misc":{"Dur\u00e9e de lecture estim\u00e9e":"1 minute"},"schema":{"@context":"https:\/\/schema.org","@graph":[{"@type":"WebPage","@id":"https:\/\/www.iplay.com\/fr\/games\/travel-mosaics-16-glorious-budapest\/","url":"https:\/\/www.iplay.com\/fr\/games\/travel-mosaics-16-glorious-budapest\/","name":"Travel Mosaics 16\u00a0: Glorious Budapest - Visitez Budapest de mani\u00e8re fantastique avec les randonneurs aventureux","isPartOf":{"@id":"https:\/\/www.iplay.com\/en\/#website"},"primaryImageOfPage":{"@id":"https:\/\/www.iplay.com\/fr\/games\/travel-mosaics-16-glorious-budapest\/#primaryimage"},"image":{"@id":"https:\/\/www.iplay.com\/fr\/games\/travel-mosaics-16-glorious-budapest\/#primaryimage"},"thumbnailUrl":"https:\/\/www.iplay.com\/wp-content\/uploads\/2023\/12\/large_square_tile_image-2338.jpg","datePublished":"2022-04-08T00:00:00+00:00","description":"Rejoignez les promeneurs pour une merveilleuse visite de Budapest !","breadcrumb":{"@id":"https:\/\/www.iplay.com\/fr\/games\/travel-mosaics-16-glorious-budapest\/#breadcrumb"},"inLanguage":"fr-FR","potentialAction":[{"@type":"ReadAction","target":["https:\/\/www.iplay.com\/fr\/games\/travel-mosaics-16-glorious-budapest\/"]}]},{"@type":"ImageObject","inLanguage":"fr-FR","@id":"https:\/\/www.iplay.com\/fr\/games\/travel-mosaics-16-glorious-budapest\/#primaryimage","url":"https:\/\/www.iplay.com\/wp-content\/uploads\/2023\/12\/large_square_tile_image-2338.jpg","contentUrl":"https:\/\/www.iplay.com\/wp-content\/uploads\/2023\/12\/large_square_tile_image-2338.jpg","width":310,"height":310},{"@type":"BreadcrumbList","@id":"https:\/\/www.iplay.com\/fr\/games\/travel-mosaics-16-glorious-budapest\/#breadcrumb","itemListElement":[{"@type":"ListItem","position":1,"name":"Home","item":"https:\/\/www.iplay.com\/fr\/home-page-2\/"},{"@type":"ListItem","position":2,"name":"Shop","item":"https:\/\/www.iplay.com\/en\/shop\/"},{"@type":"ListItem","position":3,"name":"Travel Mosaics 16: Glorious Budapest"}]},{"@type":"WebSite","@id":"https:\/\/www.iplay.com\/en\/#website","url":"https:\/\/www.iplay.com\/en\/","name":"IPlay","description":"The Best Casual Games!","publisher":{"@id":"https:\/\/www.iplay.com\/en\/#organization"},"potentialAction":[{"@type":"SearchAction","target":{"@type":"EntryPoint","urlTemplate":"https:\/\/www.iplay.com\/en\/?s={search_term_string}"},"query-input":{"@type":"PropertyValueSpecification","valueRequired":true,"valueName":"search_term_string"}}],"inLanguage":"fr-FR"},{"@type":"Organization","@id":"https:\/\/www.iplay.com\/en\/#organization","name":"IPlay","url":"https:\/\/www.iplay.com\/en\/","logo":{"@type":"ImageObject","inLanguage":"fr-FR","@id":"https:\/\/www.iplay.com\/en\/#\/schema\/logo\/image\/","url":"https:\/\/www.iplay.com\/wp-content\/uploads\/2023\/11\/Group-6100.svg","contentUrl":"https:\/\/www.iplay.com\/wp-content\/uploads\/2023\/11\/Group-6100.svg","width":98,"height":25,"caption":"IPlay"},"image":{"@id":"https:\/\/www.iplay.com\/en\/#\/schema\/logo\/image\/"}}]}},"_links":{"self":[{"href":"https:\/\/www.iplay.com\/fr\/wp-json\/wp\/v2\/product\/136579","targetHints":{"allow":["GET"]}}],"collection":[{"href":"https:\/\/www.iplay.com\/fr\/wp-json\/wp\/v2\/product"}],"about":[{"href":"https:\/\/www.iplay.com\/fr\/wp-json\/wp\/v2\/types\/product"}],"author":[{"embeddable":true,"href":"https:\/\/www.iplay.com\/fr\/wp-json\/wp\/v2\/users\/14"}],"replies":[{"embeddable":true,"href":"https:\/\/www.iplay.com\/fr\/wp-json\/wp\/v2\/comments?post=136579"}],"wp:featuredmedia":[{"embeddable":true,"href":"https:\/\/www.iplay.com\/fr\/wp-json\/wp\/v2\/media\/77448"}],"wp:attachment":[{"href":"https:\/\/www.iplay.com\/fr\/wp-json\/wp\/v2\/media?parent=136579"}],"wp:term":[{"taxonomy":"product_brand","embeddable":true,"href":"https:\/\/www.iplay.com\/fr\/wp-json\/wp\/v2\/product_brand?post=136579"},{"taxonomy":"product_cat","embeddable":true,"href":"https:\/\/www.iplay.com\/fr\/wp-json\/wp\/v2\/product_cat?post=136579"},{"taxonomy":"product_tag","embeddable":true,"href":"https:\/\/www.iplay.com\/fr\/wp-json\/wp\/v2\/product_tag?post=136579"}],"curies":[{"name":"wp","href":"https:\/\/api.w.org\/{rel}","templated":true}]}}