{"id":136328,"date":"2025-05-09T09:30:54","date_gmt":"2025-05-09T09:30:54","guid":{"rendered":"https:\/\/www.iplay.com\/?post_type=product&p=136328"},"modified":"2025-05-09T09:30:54","modified_gmt":"2025-05-09T09:30:54","slug":"emergency-crew-5-blazing-vacation-collectors-edition","status":"publish","type":"product","link":"https:\/\/www.iplay.com\/fr\/games\/emergency-crew-5-blazing-vacation-collectors-edition\/","title":{"rendered":"Emergency Crew 5: Blazing Vacation Collector&#8217;s Edition"},"content":{"rendered":"<p class=\"whitespace-pre-wrap break-words\">Une aventure extraordinaire est offerte \u00e0 travers cette simulation de sauvetage palpitante, o\u00f9 l\u2019escouade d\u2019\u00e9lite 17 est rejointe pendant ce qui aurait d\u00fb \u00eatre leurs vacances bien m\u00e9rit\u00e9es. Les sauveteurs professionnels, r\u00e9put\u00e9s pour leur courage, leur rapidit\u00e9 d\u2019esprit et leur d\u00e9termination in\u00e9branlable, sont mis \u00e0 l\u2019\u00e9preuve lorsque la relaxation est interrompue de mani\u00e8re inattendue. <\/p>\n<p class=\"whitespace-pre-wrap break-words\">Dans ce cinqui\u00e8me volet intense, les enjeux sont plus \u00e9lev\u00e9s que jamais alors qu\u2019un nouveau d\u00e9fi est confront\u00e9 : une blogueuse t\u00e9m\u00e9raire nomm\u00e9e Manon, dont les cascades audacieuses poussent m\u00eame les membres de l\u2019\u00e9quipe les plus exp\u00e9riment\u00e9s \u00e0 leurs limites. Les missions p\u00e9rilleuses doivent \u00eatre men\u00e9es \u00e0 travers des strat\u00e9gies inventives et un travail d\u2019\u00e9quipe sans faille, cr\u00e9ant une exp\u00e9rience de sauvetage dynamique qui combine excitation et r\u00e9solution strat\u00e9gique de probl\u00e8mes. <\/p>\n<p>&nbsp;<\/p>\n<p class=\"whitespace-pre-wrap break-words\"><strong>Caract\u00e9ristiques de l\u2019\u00e9dition collector :<\/strong><\/p>\n<ul class=\"[&amp;:not(:last-child)_ul]:pb-1 [&amp;:not(:last-child)_ol]:pb-1 list-disc space-y-1.5 pl-7\">\n<li class=\"whitespace-normal break-words\">De nouveaux membres de l\u2019\u00e9quipe sont pr\u00e9sent\u00e9s &#8211; Manon, stagiaire enthousiaste et Sugihara Yuna, r\u00e9partiteur qualifi\u00e9 &#8211; gr\u00e2ce auxquels une \u00e9nergie et une expertise nouvelles sont apport\u00e9es aux missions difficiles<\/li>\n<li class=\"whitespace-normal break-words\">Les h\u00e9ros pr\u00e9f\u00e9r\u00e9s des fans sont r\u00e9unis avec les joueurs, notamment les courageux pompiers Richard et Ryan, l\u2019in\u00e9branlable policier Frank, le garde forestier d\u00e9brouillard Roland et les chiens de sauvetage bien-aim\u00e9s Angel et Rocky<\/li>\n<li class=\"whitespace-normal break-words\">La vie quotidienne des sauveteurs d\u00e9vou\u00e9s est d\u00e9peinte de mani\u00e8re vivante \u00e0 travers des bandes dessin\u00e9es captivantes, par lesquelles chaque mission est rendue plus personnelle et \u00e9motionnellement r\u00e9sonnante<\/li>\n<li class=\"whitespace-normal break-words\">Des ressources pr\u00e9cieuses sont fa\u00e7onn\u00e9es tout au long des cha\u00eenes de production, ce qui am\u00e9liore la profondeur strat\u00e9gique et l\u2019efficacit\u00e9 op\u00e9rationnelle<\/li>\n<li class=\"whitespace-normal break-words\">Les comp\u00e9tences sont test\u00e9es \u00e0 l\u2019aide de d\u00e9fis de niveau innovants, \u00e0 travers lesquels une immersion totale dans l\u2019impr\u00e9visibilit\u00e9 des op\u00e9rations de sauvetage est v\u00e9cue<\/li>\n<li class=\"whitespace-normal break-words\">Des missions de sauvetage \u00e0 travers le monde sont lanc\u00e9es, du th\u00e9\u00e2tre drive-in nostalgique du Massachusetts aux eaux turquoise des Bermudes, en passant par le vibrant Mardi Gras de la Nouvelle-Orl\u00e9ans, les onsen sereins du Japon, la pittoresque Flower Valley de l\u2019Inde et les majestueux sommets enneig\u00e9s de la Suisse<\/li>\n<\/ul>\n","protected":false},"excerpt":{"rendered":"<p>Rejoignez les sauveteurs d\u2019\u00e9lite de l\u2019escouade 17 alors qu\u2019ils s\u2019attaquent \u00e0 des missions dangereuses pendant leurs vacances, affrontant un blogueur t\u00e9m\u00e9raire dans cette aventure palpitante.<\/p>\n","protected":false},"author":13,"featured_media":136309,"comment_status":"open","ping_status":"closed","template":"","meta":{"_acf_changed":false,"inline_featured_image":false},"product_brand":[],"product_cat":[216],"product_tag":[287],"class_list":{"0":"post-136328","1":"product","2":"type-product","3":"status-publish","4":"has-post-thumbnail","6":"product_cat-time-management-fr","7":"product_tag-play-on-pc-fr","9":"first","10":"instock","11":"shipping-taxable","12":"purchasable","13":"product-type-simple"},"acf":[],"yoast_head":"<!-- This site is optimized with the Yoast SEO Premium plugin v25.2 (Yoast SEO v25.2) - https:\/\/yoast.com\/wordpress\/plugins\/seo\/ -->\n<title>\u00c9quipe d\u2019urgence 5 CE : Rejoignez l\u2019Escouade 17 sur Daring Global Rescues<\/title>\n<meta name=\"description\" content=\"Rejoignez les sauveteurs d\u2019\u00e9lite de l\u2019escouade 17 alors qu\u2019ils s\u2019attaquent \u00e0 des missions dangereuses pendant leurs vacances, affrontant un blogueur t\u00e9m\u00e9raire dans cette aventure palpitante.\" \/>\n<meta name=\"robots\" content=\"index, follow, max-snippet:-1, max-image-preview:large, max-video-preview:-1\" \/>\n<link rel=\"canonical\" href=\"https:\/\/www.iplay.com\/en\/games\/emergency-crew-5-blazing-vacation-collectors-edition\/\" \/>\n<meta property=\"og:locale\" content=\"fr_FR\" \/>\n<meta property=\"og:type\" content=\"article\" \/>\n<meta property=\"og:title\" content=\"Emergency Crew 5: Blazing Vacation Collector&#039;s Edition\" \/>\n<meta property=\"og:description\" content=\"Rejoignez les sauveteurs d\u2019\u00e9lite de l\u2019escouade 17 alors qu\u2019ils s\u2019attaquent \u00e0 des missions dangereuses pendant leurs vacances, affrontant un blogueur t\u00e9m\u00e9raire dans cette aventure palpitante.\" \/>\n<meta property=\"og:url\" content=\"https:\/\/www.iplay.com\/en\/games\/emergency-crew-5-blazing-vacation-collectors-edition\/\" \/>\n<meta property=\"og:site_name\" content=\"IPlay\" \/>\n<meta property=\"og:image\" content=\"https:\/\/www.iplay.com\/wp-content\/uploads\/2025\/05\/emergency_crew_5_blazing_vacation_ce_large_video_screenshot.webp\" \/>\n\t<meta property=\"og:image:width\" content=\"715\" \/>\n\t<meta property=\"og:image:height\" content=\"485\" \/>\n\t<meta property=\"og:image:type\" content=\"image\/webp\" \/>\n<meta name=\"twitter:card\" content=\"summary_large_image\" \/>\n<meta name=\"twitter:label1\" content=\"Dur\u00e9e de lecture estim\u00e9e\" \/>\n\t<meta name=\"twitter:data1\" content=\"2 minutes\" \/>\n<script type=\"application\/ld+json\" class=\"yoast-schema-graph\">{\"@context\":\"https:\/\/schema.org\",\"@graph\":[{\"@type\":\"WebPage\",\"@id\":\"https:\/\/www.iplay.com\/en\/games\/emergency-crew-5-blazing-vacation-collectors-edition\/\",\"url\":\"https:\/\/www.iplay.com\/en\/games\/emergency-crew-5-blazing-vacation-collectors-edition\/\",\"name\":\"\u00c9quipe d\u2019urgence 5 CE : Rejoignez l\u2019Escouade 17 sur Daring Global Rescues\",\"isPartOf\":{\"@id\":\"https:\/\/www.iplay.com\/en\/#website\"},\"primaryImageOfPage\":{\"@id\":\"https:\/\/www.iplay.com\/en\/games\/emergency-crew-5-blazing-vacation-collectors-edition\/#primaryimage\"},\"image\":{\"@id\":\"https:\/\/www.iplay.com\/en\/games\/emergency-crew-5-blazing-vacation-collectors-edition\/#primaryimage\"},\"thumbnailUrl\":\"https:\/\/www.iplay.com\/wp-content\/uploads\/2025\/05\/emergency_crew_5_blazing_vacation_ce_large_square_tile_image.webp\",\"datePublished\":\"2025-05-09T09:30:54+00:00\",\"description\":\"Rejoignez les sauveteurs d\u2019\u00e9lite de l\u2019escouade 17 alors qu\u2019ils s\u2019attaquent \u00e0 des missions dangereuses pendant leurs vacances, affrontant un blogueur t\u00e9m\u00e9raire dans cette aventure palpitante.\",\"breadcrumb\":{\"@id\":\"https:\/\/www.iplay.com\/en\/games\/emergency-crew-5-blazing-vacation-collectors-edition\/#breadcrumb\"},\"inLanguage\":\"fr-FR\",\"potentialAction\":[{\"@type\":\"ReadAction\",\"target\":[\"https:\/\/www.iplay.com\/en\/games\/emergency-crew-5-blazing-vacation-collectors-edition\/\"]}]},{\"@type\":\"ImageObject\",\"inLanguage\":\"fr-FR\",\"@id\":\"https:\/\/www.iplay.com\/en\/games\/emergency-crew-5-blazing-vacation-collectors-edition\/#primaryimage\",\"url\":\"https:\/\/www.iplay.com\/wp-content\/uploads\/2025\/05\/emergency_crew_5_blazing_vacation_ce_large_square_tile_image.webp\",\"contentUrl\":\"https:\/\/www.iplay.com\/wp-content\/uploads\/2025\/05\/emergency_crew_5_blazing_vacation_ce_large_square_tile_image.webp\",\"width\":310,\"height\":310},{\"@type\":\"BreadcrumbList\",\"@id\":\"https:\/\/www.iplay.com\/en\/games\/emergency-crew-5-blazing-vacation-collectors-edition\/#breadcrumb\",\"itemListElement\":[{\"@type\":\"ListItem\",\"position\":1,\"name\":\"Home\",\"item\":\"https:\/\/www.iplay.com\/fr\/home-page-2\/\"},{\"@type\":\"ListItem\",\"position\":2,\"name\":\"Shop\",\"item\":\"https:\/\/www.iplay.com\/en\/shop\/\"},{\"@type\":\"ListItem\",\"position\":3,\"name\":\"Emergency Crew 5: Blazing Vacation Collector&#8217;s Edition\"}]},{\"@type\":\"WebSite\",\"@id\":\"https:\/\/www.iplay.com\/en\/#website\",\"url\":\"https:\/\/www.iplay.com\/en\/\",\"name\":\"IPlay\",\"description\":\"The Best Casual Games!\",\"publisher\":{\"@id\":\"https:\/\/www.iplay.com\/en\/#organization\"},\"potentialAction\":[{\"@type\":\"SearchAction\",\"target\":{\"@type\":\"EntryPoint\",\"urlTemplate\":\"https:\/\/www.iplay.com\/en\/?s={search_term_string}\"},\"query-input\":{\"@type\":\"PropertyValueSpecification\",\"valueRequired\":true,\"valueName\":\"search_term_string\"}}],\"inLanguage\":\"fr-FR\"},{\"@type\":\"Organization\",\"@id\":\"https:\/\/www.iplay.com\/en\/#organization\",\"name\":\"IPlay\",\"url\":\"https:\/\/www.iplay.com\/en\/\",\"logo\":{\"@type\":\"ImageObject\",\"inLanguage\":\"fr-FR\",\"@id\":\"https:\/\/www.iplay.com\/en\/#\/schema\/logo\/image\/\",\"url\":\"https:\/\/www.iplay.com\/wp-content\/uploads\/2023\/11\/Group-6100.svg\",\"contentUrl\":\"https:\/\/www.iplay.com\/wp-content\/uploads\/2023\/11\/Group-6100.svg\",\"width\":98,\"height\":25,\"caption\":\"IPlay\"},\"image\":{\"@id\":\"https:\/\/www.iplay.com\/en\/#\/schema\/logo\/image\/\"}}]}<\/script>\n<!-- \/ Yoast SEO Premium plugin. -->","yoast_head_json":{"title":"\u00c9quipe d\u2019urgence 5 CE : Rejoignez l\u2019Escouade 17 sur Daring Global Rescues","description":"Rejoignez les sauveteurs d\u2019\u00e9lite de l\u2019escouade 17 alors qu\u2019ils s\u2019attaquent \u00e0 des missions dangereuses pendant leurs vacances, affrontant un blogueur t\u00e9m\u00e9raire dans cette aventure palpitante.","robots":{"index":"index","follow":"follow","max-snippet":"max-snippet:-1","max-image-preview":"max-image-preview:large","max-video-preview":"max-video-preview:-1"},"canonical":"https:\/\/www.iplay.com\/en\/games\/emergency-crew-5-blazing-vacation-collectors-edition\/","og_locale":"fr_FR","og_type":"article","og_title":"Emergency Crew 5: Blazing Vacation Collector's Edition","og_description":"Rejoignez les sauveteurs d\u2019\u00e9lite de l\u2019escouade 17 alors qu\u2019ils s\u2019attaquent \u00e0 des missions dangereuses pendant leurs vacances, affrontant un blogueur t\u00e9m\u00e9raire dans cette aventure palpitante.","og_url":"https:\/\/www.iplay.com\/en\/games\/emergency-crew-5-blazing-vacation-collectors-edition\/","og_site_name":"IPlay","og_image":[{"width":715,"height":485,"url":"https:\/\/www.iplay.com\/wp-content\/uploads\/2025\/05\/emergency_crew_5_blazing_vacation_ce_large_video_screenshot.webp","type":"image\/webp"}],"twitter_card":"summary_large_image","twitter_misc":{"Dur\u00e9e de lecture estim\u00e9e":"2 minutes"},"schema":{"@context":"https:\/\/schema.org","@graph":[{"@type":"WebPage","@id":"https:\/\/www.iplay.com\/en\/games\/emergency-crew-5-blazing-vacation-collectors-edition\/","url":"https:\/\/www.iplay.com\/en\/games\/emergency-crew-5-blazing-vacation-collectors-edition\/","name":"\u00c9quipe d\u2019urgence 5 CE : Rejoignez l\u2019Escouade 17 sur Daring Global Rescues","isPartOf":{"@id":"https:\/\/www.iplay.com\/en\/#website"},"primaryImageOfPage":{"@id":"https:\/\/www.iplay.com\/en\/games\/emergency-crew-5-blazing-vacation-collectors-edition\/#primaryimage"},"image":{"@id":"https:\/\/www.iplay.com\/en\/games\/emergency-crew-5-blazing-vacation-collectors-edition\/#primaryimage"},"thumbnailUrl":"https:\/\/www.iplay.com\/wp-content\/uploads\/2025\/05\/emergency_crew_5_blazing_vacation_ce_large_square_tile_image.webp","datePublished":"2025-05-09T09:30:54+00:00","description":"Rejoignez les sauveteurs d\u2019\u00e9lite de l\u2019escouade 17 alors qu\u2019ils s\u2019attaquent \u00e0 des missions dangereuses pendant leurs vacances, affrontant un blogueur t\u00e9m\u00e9raire dans cette aventure palpitante.","breadcrumb":{"@id":"https:\/\/www.iplay.com\/en\/games\/emergency-crew-5-blazing-vacation-collectors-edition\/#breadcrumb"},"inLanguage":"fr-FR","potentialAction":[{"@type":"ReadAction","target":["https:\/\/www.iplay.com\/en\/games\/emergency-crew-5-blazing-vacation-collectors-edition\/"]}]},{"@type":"ImageObject","inLanguage":"fr-FR","@id":"https:\/\/www.iplay.com\/en\/games\/emergency-crew-5-blazing-vacation-collectors-edition\/#primaryimage","url":"https:\/\/www.iplay.com\/wp-content\/uploads\/2025\/05\/emergency_crew_5_blazing_vacation_ce_large_square_tile_image.webp","contentUrl":"https:\/\/www.iplay.com\/wp-content\/uploads\/2025\/05\/emergency_crew_5_blazing_vacation_ce_large_square_tile_image.webp","width":310,"height":310},{"@type":"BreadcrumbList","@id":"https:\/\/www.iplay.com\/en\/games\/emergency-crew-5-blazing-vacation-collectors-edition\/#breadcrumb","itemListElement":[{"@type":"ListItem","position":1,"name":"Home","item":"https:\/\/www.iplay.com\/fr\/home-page-2\/"},{"@type":"ListItem","position":2,"name":"Shop","item":"https:\/\/www.iplay.com\/en\/shop\/"},{"@type":"ListItem","position":3,"name":"Emergency Crew 5: Blazing Vacation Collector&#8217;s Edition"}]},{"@type":"WebSite","@id":"https:\/\/www.iplay.com\/en\/#website","url":"https:\/\/www.iplay.com\/en\/","name":"IPlay","description":"The Best Casual Games!","publisher":{"@id":"https:\/\/www.iplay.com\/en\/#organization"},"potentialAction":[{"@type":"SearchAction","target":{"@type":"EntryPoint","urlTemplate":"https:\/\/www.iplay.com\/en\/?s={search_term_string}"},"query-input":{"@type":"PropertyValueSpecification","valueRequired":true,"valueName":"search_term_string"}}],"inLanguage":"fr-FR"},{"@type":"Organization","@id":"https:\/\/www.iplay.com\/en\/#organization","name":"IPlay","url":"https:\/\/www.iplay.com\/en\/","logo":{"@type":"ImageObject","inLanguage":"fr-FR","@id":"https:\/\/www.iplay.com\/en\/#\/schema\/logo\/image\/","url":"https:\/\/www.iplay.com\/wp-content\/uploads\/2023\/11\/Group-6100.svg","contentUrl":"https:\/\/www.iplay.com\/wp-content\/uploads\/2023\/11\/Group-6100.svg","width":98,"height":25,"caption":"IPlay"},"image":{"@id":"https:\/\/www.iplay.com\/en\/#\/schema\/logo\/image\/"}}]}},"_links":{"self":[{"href":"https:\/\/www.iplay.com\/fr\/wp-json\/wp\/v2\/product\/136328","targetHints":{"allow":["GET"]}}],"collection":[{"href":"https:\/\/www.iplay.com\/fr\/wp-json\/wp\/v2\/product"}],"about":[{"href":"https:\/\/www.iplay.com\/fr\/wp-json\/wp\/v2\/types\/product"}],"author":[{"embeddable":true,"href":"https:\/\/www.iplay.com\/fr\/wp-json\/wp\/v2\/users\/13"}],"replies":[{"embeddable":true,"href":"https:\/\/www.iplay.com\/fr\/wp-json\/wp\/v2\/comments?post=136328"}],"wp:featuredmedia":[{"embeddable":true,"href":"https:\/\/www.iplay.com\/fr\/wp-json\/wp\/v2\/media\/136309"}],"wp:attachment":[{"href":"https:\/\/www.iplay.com\/fr\/wp-json\/wp\/v2\/media?parent=136328"}],"wp:term":[{"taxonomy":"product_brand","embeddable":true,"href":"https:\/\/www.iplay.com\/fr\/wp-json\/wp\/v2\/product_brand?post=136328"},{"taxonomy":"product_cat","embeddable":true,"href":"https:\/\/www.iplay.com\/fr\/wp-json\/wp\/v2\/product_cat?post=136328"},{"taxonomy":"product_tag","embeddable":true,"href":"https:\/\/www.iplay.com\/fr\/wp-json\/wp\/v2\/product_tag?post=136328"}],"curies":[{"name":"wp","href":"https:\/\/api.w.org\/{rel}","templated":true}]}}