{"id":136129,"date":"2015-06-18T00:00:00","date_gmt":"2015-06-18T00:00:00","guid":{"rendered":"https:\/\/www.iplay.com\/games\/delicious-emilys-home-sweet-home-2\/"},"modified":"2015-06-18T00:00:00","modified_gmt":"2015-06-18T00:00:00","slug":"delicious-emilys-home-sweet-home-2","status":"publish","type":"product","link":"https:\/\/www.iplay.com\/fr\/games\/delicious-emilys-home-sweet-home-2\/","title":{"rendered":"Delicious &#8211; Emily&#8217;s Home Sweet Home"},"content":{"rendered":"<p>Aidez les O\u2019Malley \u00e0 r\u00e9nover leur maison id\u00e9ale en explorant Delicious &#8211; Emily\u2019s Home Sweet Home Deluxe ! Apr\u00e8s une salutation cordiale, certains voisins manifestent des personnalit\u00e9s distinctes. Suite \u00e0 cette p\u00e9riode tumultueuse, Emily et Patrick ont d\u00fb faire tout ce qui \u00e9tait en leur pouvoir pour \u00e9viter que leur maison ne soit condamn\u00e9e. Bien qu\u2019il ne s\u2019agisse que d\u2019une maison, pouvez-vous les aider \u00e0 en faire leur maison ? Profitez maintenant d\u2019Emily\u2019s Home Sweet Home Deluxe &#8211; Delicious&nbsp;!    <\/p>\n<p>&nbsp;<\/p>\n<p>&nbsp;<\/p>\n<p><strong>Fonctionnalit\u00e9s:<\/strong><\/p>\n<p>&nbsp;<\/p>\n<p>&#8211; Aidez votre famille pr\u00e9f\u00e9r\u00e9e \u00e0 r\u00e9nover et \u00e0 r\u00e9parer la maison de ses r\u00eaves avant qu\u2019il ne soit trop tard<br \/>\n&#8211; Terminez 60 niveaux de gestion du temps passionnants et 25 niveaux suppl\u00e9mentaires difficiles dans 5 restaurants<br \/>\n fantastiques- Pr\u00e9parez une tonne de nouveaux menus personnalisables, participez \u00e0 des d\u00e9fis quotidiens suppl\u00e9mentaires et d\u00e9corez en d\u00e9bloquant chaque r\u00e9alisation<\/p>\n","protected":false},"excerpt":{"rendered":"<p>Aidez Emily et Patrick \u00e0 r\u00e9nover leur maison id\u00e9ale&nbsp;!<\/p>\n","protected":false},"author":10,"featured_media":44101,"comment_status":"open","ping_status":"closed","template":"","meta":{"_acf_changed":false,"inline_featured_image":false},"product_brand":[],"product_cat":[216],"product_tag":[287],"class_list":{"0":"post-136129","1":"product","2":"type-product","3":"status-publish","4":"has-post-thumbnail","6":"product_cat-time-management-fr","7":"product_tag-play-on-pc-fr","9":"first","10":"instock","11":"shipping-taxable","12":"purchasable","13":"product-type-simple"},"acf":[],"yoast_head":"<!-- This site is optimized with the Yoast SEO Premium plugin v25.2 (Yoast SEO v25.2) - https:\/\/yoast.com\/wordpress\/plugins\/seo\/ -->\n<title>Delicious - Emily\u2019s Home Sweet Home - Aidez Emily et Patrick \u00e0 r\u00e9parer la maison de leurs r\u00eaves<\/title>\n<meta name=\"description\" content=\"Aidez Emily et Patrick \u00e0 r\u00e9nover leur maison id\u00e9ale&nbsp;!\" \/>\n<meta name=\"robots\" content=\"index, follow, max-snippet:-1, max-image-preview:large, max-video-preview:-1\" \/>\n<link rel=\"canonical\" href=\"https:\/\/www.iplay.com\/fr\/games\/delicious-emilys-home-sweet-home-2\/\" \/>\n<meta property=\"og:locale\" content=\"fr_FR\" \/>\n<meta property=\"og:type\" content=\"article\" \/>\n<meta property=\"og:title\" content=\"Delicious - Emily&#039;s Home Sweet Home\" \/>\n<meta property=\"og:description\" content=\"Aidez Emily et Patrick \u00e0 r\u00e9nover leur maison id\u00e9ale&nbsp;!\" \/>\n<meta property=\"og:url\" content=\"https:\/\/www.iplay.com\/fr\/games\/delicious-emilys-home-sweet-home-2\/\" \/>\n<meta property=\"og:site_name\" content=\"IPlay\" \/>\n<meta property=\"og:image\" content=\"https:\/\/www.iplay.com\/wp-content\/uploads\/2023\/12\/large_square_tile_image-195.jpg\" \/>\n\t<meta property=\"og:image:width\" content=\"310\" \/>\n\t<meta property=\"og:image:height\" content=\"310\" \/>\n\t<meta property=\"og:image:type\" content=\"image\/jpeg\" \/>\n<meta name=\"twitter:card\" content=\"summary_large_image\" \/>\n<meta name=\"twitter:label1\" content=\"Dur\u00e9e de lecture estim\u00e9e\" \/>\n\t<meta name=\"twitter:data1\" content=\"1 minute\" \/>\n<script type=\"application\/ld+json\" class=\"yoast-schema-graph\">{\"@context\":\"https:\/\/schema.org\",\"@graph\":[{\"@type\":\"WebPage\",\"@id\":\"https:\/\/www.iplay.com\/fr\/games\/delicious-emilys-home-sweet-home-2\/\",\"url\":\"https:\/\/www.iplay.com\/fr\/games\/delicious-emilys-home-sweet-home-2\/\",\"name\":\"Delicious - Emily\u2019s Home Sweet Home - Aidez Emily et Patrick \u00e0 r\u00e9parer la maison de leurs r\u00eaves\",\"isPartOf\":{\"@id\":\"https:\/\/www.iplay.com\/en\/#website\"},\"primaryImageOfPage\":{\"@id\":\"https:\/\/www.iplay.com\/fr\/games\/delicious-emilys-home-sweet-home-2\/#primaryimage\"},\"image\":{\"@id\":\"https:\/\/www.iplay.com\/fr\/games\/delicious-emilys-home-sweet-home-2\/#primaryimage\"},\"thumbnailUrl\":\"https:\/\/www.iplay.com\/wp-content\/uploads\/2023\/12\/large_square_tile_image-195.jpg\",\"datePublished\":\"2015-06-18T00:00:00+00:00\",\"description\":\"Aidez Emily et Patrick \u00e0 r\u00e9nover leur maison id\u00e9ale&nbsp;!\",\"breadcrumb\":{\"@id\":\"https:\/\/www.iplay.com\/fr\/games\/delicious-emilys-home-sweet-home-2\/#breadcrumb\"},\"inLanguage\":\"fr-FR\",\"potentialAction\":[{\"@type\":\"ReadAction\",\"target\":[\"https:\/\/www.iplay.com\/fr\/games\/delicious-emilys-home-sweet-home-2\/\"]}]},{\"@type\":\"ImageObject\",\"inLanguage\":\"fr-FR\",\"@id\":\"https:\/\/www.iplay.com\/fr\/games\/delicious-emilys-home-sweet-home-2\/#primaryimage\",\"url\":\"https:\/\/www.iplay.com\/wp-content\/uploads\/2023\/12\/large_square_tile_image-195.jpg\",\"contentUrl\":\"https:\/\/www.iplay.com\/wp-content\/uploads\/2023\/12\/large_square_tile_image-195.jpg\",\"width\":310,\"height\":310},{\"@type\":\"BreadcrumbList\",\"@id\":\"https:\/\/www.iplay.com\/fr\/games\/delicious-emilys-home-sweet-home-2\/#breadcrumb\",\"itemListElement\":[{\"@type\":\"ListItem\",\"position\":1,\"name\":\"Home\",\"item\":\"https:\/\/www.iplay.com\/fr\/home-page-2\/\"},{\"@type\":\"ListItem\",\"position\":2,\"name\":\"Shop\",\"item\":\"https:\/\/www.iplay.com\/en\/shop\/\"},{\"@type\":\"ListItem\",\"position\":3,\"name\":\"Delicious &#8211; Emily&#8217;s Home Sweet Home\"}]},{\"@type\":\"WebSite\",\"@id\":\"https:\/\/www.iplay.com\/en\/#website\",\"url\":\"https:\/\/www.iplay.com\/en\/\",\"name\":\"IPlay\",\"description\":\"The Best Casual Games!\",\"publisher\":{\"@id\":\"https:\/\/www.iplay.com\/en\/#organization\"},\"potentialAction\":[{\"@type\":\"SearchAction\",\"target\":{\"@type\":\"EntryPoint\",\"urlTemplate\":\"https:\/\/www.iplay.com\/en\/?s={search_term_string}\"},\"query-input\":{\"@type\":\"PropertyValueSpecification\",\"valueRequired\":true,\"valueName\":\"search_term_string\"}}],\"inLanguage\":\"fr-FR\"},{\"@type\":\"Organization\",\"@id\":\"https:\/\/www.iplay.com\/en\/#organization\",\"name\":\"IPlay\",\"url\":\"https:\/\/www.iplay.com\/en\/\",\"logo\":{\"@type\":\"ImageObject\",\"inLanguage\":\"fr-FR\",\"@id\":\"https:\/\/www.iplay.com\/en\/#\/schema\/logo\/image\/\",\"url\":\"https:\/\/www.iplay.com\/wp-content\/uploads\/2023\/11\/Group-6100.svg\",\"contentUrl\":\"https:\/\/www.iplay.com\/wp-content\/uploads\/2023\/11\/Group-6100.svg\",\"width\":98,\"height\":25,\"caption\":\"IPlay\"},\"image\":{\"@id\":\"https:\/\/www.iplay.com\/en\/#\/schema\/logo\/image\/\"}}]}<\/script>\n<!-- \/ Yoast SEO Premium plugin. -->","yoast_head_json":{"title":"Delicious - Emily\u2019s Home Sweet Home - Aidez Emily et Patrick \u00e0 r\u00e9parer la maison de leurs r\u00eaves","description":"Aidez Emily et Patrick \u00e0 r\u00e9nover leur maison id\u00e9ale&nbsp;!","robots":{"index":"index","follow":"follow","max-snippet":"max-snippet:-1","max-image-preview":"max-image-preview:large","max-video-preview":"max-video-preview:-1"},"canonical":"https:\/\/www.iplay.com\/fr\/games\/delicious-emilys-home-sweet-home-2\/","og_locale":"fr_FR","og_type":"article","og_title":"Delicious - Emily's Home Sweet Home","og_description":"Aidez Emily et Patrick \u00e0 r\u00e9nover leur maison id\u00e9ale&nbsp;!","og_url":"https:\/\/www.iplay.com\/fr\/games\/delicious-emilys-home-sweet-home-2\/","og_site_name":"IPlay","og_image":[{"width":310,"height":310,"url":"https:\/\/www.iplay.com\/wp-content\/uploads\/2023\/12\/large_square_tile_image-195.jpg","type":"image\/jpeg"}],"twitter_card":"summary_large_image","twitter_misc":{"Dur\u00e9e de lecture estim\u00e9e":"1 minute"},"schema":{"@context":"https:\/\/schema.org","@graph":[{"@type":"WebPage","@id":"https:\/\/www.iplay.com\/fr\/games\/delicious-emilys-home-sweet-home-2\/","url":"https:\/\/www.iplay.com\/fr\/games\/delicious-emilys-home-sweet-home-2\/","name":"Delicious - Emily\u2019s Home Sweet Home - Aidez Emily et Patrick \u00e0 r\u00e9parer la maison de leurs r\u00eaves","isPartOf":{"@id":"https:\/\/www.iplay.com\/en\/#website"},"primaryImageOfPage":{"@id":"https:\/\/www.iplay.com\/fr\/games\/delicious-emilys-home-sweet-home-2\/#primaryimage"},"image":{"@id":"https:\/\/www.iplay.com\/fr\/games\/delicious-emilys-home-sweet-home-2\/#primaryimage"},"thumbnailUrl":"https:\/\/www.iplay.com\/wp-content\/uploads\/2023\/12\/large_square_tile_image-195.jpg","datePublished":"2015-06-18T00:00:00+00:00","description":"Aidez Emily et Patrick \u00e0 r\u00e9nover leur maison id\u00e9ale&nbsp;!","breadcrumb":{"@id":"https:\/\/www.iplay.com\/fr\/games\/delicious-emilys-home-sweet-home-2\/#breadcrumb"},"inLanguage":"fr-FR","potentialAction":[{"@type":"ReadAction","target":["https:\/\/www.iplay.com\/fr\/games\/delicious-emilys-home-sweet-home-2\/"]}]},{"@type":"ImageObject","inLanguage":"fr-FR","@id":"https:\/\/www.iplay.com\/fr\/games\/delicious-emilys-home-sweet-home-2\/#primaryimage","url":"https:\/\/www.iplay.com\/wp-content\/uploads\/2023\/12\/large_square_tile_image-195.jpg","contentUrl":"https:\/\/www.iplay.com\/wp-content\/uploads\/2023\/12\/large_square_tile_image-195.jpg","width":310,"height":310},{"@type":"BreadcrumbList","@id":"https:\/\/www.iplay.com\/fr\/games\/delicious-emilys-home-sweet-home-2\/#breadcrumb","itemListElement":[{"@type":"ListItem","position":1,"name":"Home","item":"https:\/\/www.iplay.com\/fr\/home-page-2\/"},{"@type":"ListItem","position":2,"name":"Shop","item":"https:\/\/www.iplay.com\/en\/shop\/"},{"@type":"ListItem","position":3,"name":"Delicious &#8211; Emily&#8217;s Home Sweet Home"}]},{"@type":"WebSite","@id":"https:\/\/www.iplay.com\/en\/#website","url":"https:\/\/www.iplay.com\/en\/","name":"IPlay","description":"The Best Casual Games!","publisher":{"@id":"https:\/\/www.iplay.com\/en\/#organization"},"potentialAction":[{"@type":"SearchAction","target":{"@type":"EntryPoint","urlTemplate":"https:\/\/www.iplay.com\/en\/?s={search_term_string}"},"query-input":{"@type":"PropertyValueSpecification","valueRequired":true,"valueName":"search_term_string"}}],"inLanguage":"fr-FR"},{"@type":"Organization","@id":"https:\/\/www.iplay.com\/en\/#organization","name":"IPlay","url":"https:\/\/www.iplay.com\/en\/","logo":{"@type":"ImageObject","inLanguage":"fr-FR","@id":"https:\/\/www.iplay.com\/en\/#\/schema\/logo\/image\/","url":"https:\/\/www.iplay.com\/wp-content\/uploads\/2023\/11\/Group-6100.svg","contentUrl":"https:\/\/www.iplay.com\/wp-content\/uploads\/2023\/11\/Group-6100.svg","width":98,"height":25,"caption":"IPlay"},"image":{"@id":"https:\/\/www.iplay.com\/en\/#\/schema\/logo\/image\/"}}]}},"_links":{"self":[{"href":"https:\/\/www.iplay.com\/fr\/wp-json\/wp\/v2\/product\/136129","targetHints":{"allow":["GET"]}}],"collection":[{"href":"https:\/\/www.iplay.com\/fr\/wp-json\/wp\/v2\/product"}],"about":[{"href":"https:\/\/www.iplay.com\/fr\/wp-json\/wp\/v2\/types\/product"}],"author":[{"embeddable":true,"href":"https:\/\/www.iplay.com\/fr\/wp-json\/wp\/v2\/users\/10"}],"replies":[{"embeddable":true,"href":"https:\/\/www.iplay.com\/fr\/wp-json\/wp\/v2\/comments?post=136129"}],"wp:featuredmedia":[{"embeddable":true,"href":"https:\/\/www.iplay.com\/fr\/wp-json\/wp\/v2\/media\/44101"}],"wp:attachment":[{"href":"https:\/\/www.iplay.com\/fr\/wp-json\/wp\/v2\/media?parent=136129"}],"wp:term":[{"taxonomy":"product_brand","embeddable":true,"href":"https:\/\/www.iplay.com\/fr\/wp-json\/wp\/v2\/product_brand?post=136129"},{"taxonomy":"product_cat","embeddable":true,"href":"https:\/\/www.iplay.com\/fr\/wp-json\/wp\/v2\/product_cat?post=136129"},{"taxonomy":"product_tag","embeddable":true,"href":"https:\/\/www.iplay.com\/fr\/wp-json\/wp\/v2\/product_tag?post=136129"}],"curies":[{"name":"wp","href":"https:\/\/api.w.org\/{rel}","templated":true}]}}