{"id":136126,"date":"2015-06-02T00:00:00","date_gmt":"2015-06-02T00:00:00","guid":{"rendered":"https:\/\/www.iplay.com\/games\/delicious-double-pack-honeymoon-new-beginning\/"},"modified":"2015-06-02T00:00:00","modified_gmt":"2015-06-02T00:00:00","slug":"delicious-double-pack-honeymoon-new-beginning","status":"publish","type":"product","link":"https:\/\/www.iplay.com\/fr\/games\/delicious-double-pack-honeymoon-new-beginning\/","title":{"rendered":"Delicious Double Pack &#8211; Honeymoon &amp; New Beginning"},"content":{"rendered":"<p>Deux des \u00e9pisodes les plus r\u00e9cents et les plus ador\u00e9s de la s\u00e9rie \u00e0 succ\u00e8s Delicious sont disponibles en t\u00e9l\u00e9chargement tr\u00e8s facile ! Vous suivez les jeunes mari\u00e9s alors que Patrick et Emily partent pour leur voyage de c\u00e9l\u00e9bration dans Delicious &#8211; Emily\u2019s Honeymoon trip. Alors qu\u2019Emily met les voiles pour la promesse du bonheur conjugal, elle apprend rapidement qu\u2019elle n\u2019est pas habitu\u00e9e \u00e0 ce qu\u2019on s\u2019occupe d\u2019elle et qu\u2019elle ne sait m\u00eame pas comment se d\u00e9tendre. Emily prend la d\u00e9cision de rouvrir Emily\u2019s Place \u00e0 Delicious &#8211; Emily\u2019s New Beginning. Cependant, cela devient difficile lorsque vous avez un b\u00e9b\u00e9 \u00e0 garder. Aidez Emily \u00e0 concilier son r\u00f4le de m\u00e8re et la gestion de son restaurant.     <\/p>\n<p>&nbsp;<\/p>\n<p>&nbsp;<\/p>\n<p><strong>Fonctionnalit\u00e9s:<\/strong><\/p>\n<p>&nbsp;<\/p>\n<p>&#8211; Deux jeux en un seul t\u00e9l\u00e9chargement<br \/>\n facile- G\u00e9rez divers lieux avec Fran\u00e7ois, Angela et vos autres personnages<br \/>\n Delicious pr\u00e9f\u00e9r\u00e9s- Maintenez le contenu de Patrick et Emily pour gagner des c\u0153urs d\u2019or<\/p>\n","protected":false},"excerpt":{"rendered":"<p>Dans un seul paquet, deux des entr\u00e9es les plus appr\u00e9ci\u00e9es de la s\u00e9rie Delicious !<\/p>\n","protected":false},"author":10,"featured_media":105234,"comment_status":"open","ping_status":"closed","template":"","meta":{"_acf_changed":false,"inline_featured_image":false},"product_brand":[],"product_cat":[216],"product_tag":[287],"class_list":{"0":"post-136126","1":"product","2":"type-product","3":"status-publish","4":"has-post-thumbnail","6":"product_cat-time-management-fr","7":"product_tag-play-on-pc-fr","9":"first","10":"instock","11":"shipping-taxable","12":"purchasable","13":"product-type-simple"},"acf":[],"yoast_head":"<!-- This site is optimized with the Yoast SEO Premium plugin v25.2 (Yoast SEO v25.2) - https:\/\/yoast.com\/wordpress\/plugins\/seo\/ -->\n<title>Delicious Double Pack - Lune de miel et nouveau d\u00e9part - Deux entr\u00e9es de la s\u00e9rie Delicious dans un seul paquet<\/title>\n<meta name=\"description\" content=\"Dans un seul paquet, deux des entr\u00e9es les plus appr\u00e9ci\u00e9es de la s\u00e9rie Delicious !\" \/>\n<meta name=\"robots\" content=\"index, follow, max-snippet:-1, max-image-preview:large, max-video-preview:-1\" \/>\n<link rel=\"canonical\" href=\"https:\/\/www.iplay.com\/fr\/games\/delicious-double-pack-honeymoon-new-beginning\/\" \/>\n<meta property=\"og:locale\" content=\"fr_FR\" \/>\n<meta property=\"og:type\" content=\"article\" \/>\n<meta property=\"og:title\" content=\"Delicious Double Pack - Honeymoon &amp; New Beginning\" \/>\n<meta property=\"og:description\" content=\"Dans un seul paquet, deux des entr\u00e9es les plus appr\u00e9ci\u00e9es de la s\u00e9rie Delicious !\" \/>\n<meta property=\"og:url\" content=\"https:\/\/www.iplay.com\/fr\/games\/delicious-double-pack-honeymoon-new-beginning\/\" \/>\n<meta property=\"og:site_name\" content=\"IPlay\" \/>\n<meta property=\"og:image\" content=\"https:\/\/www.iplay.com\/wp-content\/uploads\/2023\/12\/large_square_tile_image-4095.jpg\" \/>\n\t<meta property=\"og:image:width\" content=\"310\" \/>\n\t<meta property=\"og:image:height\" content=\"310\" \/>\n\t<meta property=\"og:image:type\" content=\"image\/jpeg\" \/>\n<meta name=\"twitter:card\" content=\"summary_large_image\" \/>\n<meta name=\"twitter:label1\" content=\"Dur\u00e9e de lecture estim\u00e9e\" \/>\n\t<meta name=\"twitter:data1\" content=\"1 minute\" \/>\n<script type=\"application\/ld+json\" class=\"yoast-schema-graph\">{\"@context\":\"https:\/\/schema.org\",\"@graph\":[{\"@type\":\"WebPage\",\"@id\":\"https:\/\/www.iplay.com\/fr\/games\/delicious-double-pack-honeymoon-new-beginning\/\",\"url\":\"https:\/\/www.iplay.com\/fr\/games\/delicious-double-pack-honeymoon-new-beginning\/\",\"name\":\"Delicious Double Pack - Lune de miel et nouveau d\u00e9part - Deux entr\u00e9es de la s\u00e9rie Delicious dans un seul paquet\",\"isPartOf\":{\"@id\":\"https:\/\/www.iplay.com\/en\/#website\"},\"primaryImageOfPage\":{\"@id\":\"https:\/\/www.iplay.com\/fr\/games\/delicious-double-pack-honeymoon-new-beginning\/#primaryimage\"},\"image\":{\"@id\":\"https:\/\/www.iplay.com\/fr\/games\/delicious-double-pack-honeymoon-new-beginning\/#primaryimage\"},\"thumbnailUrl\":\"https:\/\/www.iplay.com\/wp-content\/uploads\/2023\/12\/large_square_tile_image-4095.jpg\",\"datePublished\":\"2015-06-02T00:00:00+00:00\",\"description\":\"Dans un seul paquet, deux des entr\u00e9es les plus appr\u00e9ci\u00e9es de la s\u00e9rie Delicious !\",\"breadcrumb\":{\"@id\":\"https:\/\/www.iplay.com\/fr\/games\/delicious-double-pack-honeymoon-new-beginning\/#breadcrumb\"},\"inLanguage\":\"fr-FR\",\"potentialAction\":[{\"@type\":\"ReadAction\",\"target\":[\"https:\/\/www.iplay.com\/fr\/games\/delicious-double-pack-honeymoon-new-beginning\/\"]}]},{\"@type\":\"ImageObject\",\"inLanguage\":\"fr-FR\",\"@id\":\"https:\/\/www.iplay.com\/fr\/games\/delicious-double-pack-honeymoon-new-beginning\/#primaryimage\",\"url\":\"https:\/\/www.iplay.com\/wp-content\/uploads\/2023\/12\/large_square_tile_image-4095.jpg\",\"contentUrl\":\"https:\/\/www.iplay.com\/wp-content\/uploads\/2023\/12\/large_square_tile_image-4095.jpg\",\"width\":310,\"height\":310},{\"@type\":\"BreadcrumbList\",\"@id\":\"https:\/\/www.iplay.com\/fr\/games\/delicious-double-pack-honeymoon-new-beginning\/#breadcrumb\",\"itemListElement\":[{\"@type\":\"ListItem\",\"position\":1,\"name\":\"Home\",\"item\":\"https:\/\/www.iplay.com\/fr\/home-page-2\/\"},{\"@type\":\"ListItem\",\"position\":2,\"name\":\"Shop\",\"item\":\"https:\/\/www.iplay.com\/en\/shop\/\"},{\"@type\":\"ListItem\",\"position\":3,\"name\":\"Delicious Double Pack &#8211; Honeymoon &amp; New Beginning\"}]},{\"@type\":\"WebSite\",\"@id\":\"https:\/\/www.iplay.com\/en\/#website\",\"url\":\"https:\/\/www.iplay.com\/en\/\",\"name\":\"IPlay\",\"description\":\"The Best Casual Games!\",\"publisher\":{\"@id\":\"https:\/\/www.iplay.com\/en\/#organization\"},\"potentialAction\":[{\"@type\":\"SearchAction\",\"target\":{\"@type\":\"EntryPoint\",\"urlTemplate\":\"https:\/\/www.iplay.com\/en\/?s={search_term_string}\"},\"query-input\":{\"@type\":\"PropertyValueSpecification\",\"valueRequired\":true,\"valueName\":\"search_term_string\"}}],\"inLanguage\":\"fr-FR\"},{\"@type\":\"Organization\",\"@id\":\"https:\/\/www.iplay.com\/en\/#organization\",\"name\":\"IPlay\",\"url\":\"https:\/\/www.iplay.com\/en\/\",\"logo\":{\"@type\":\"ImageObject\",\"inLanguage\":\"fr-FR\",\"@id\":\"https:\/\/www.iplay.com\/en\/#\/schema\/logo\/image\/\",\"url\":\"https:\/\/www.iplay.com\/wp-content\/uploads\/2023\/11\/Group-6100.svg\",\"contentUrl\":\"https:\/\/www.iplay.com\/wp-content\/uploads\/2023\/11\/Group-6100.svg\",\"width\":98,\"height\":25,\"caption\":\"IPlay\"},\"image\":{\"@id\":\"https:\/\/www.iplay.com\/en\/#\/schema\/logo\/image\/\"}}]}<\/script>\n<!-- \/ Yoast SEO Premium plugin. -->","yoast_head_json":{"title":"Delicious Double Pack - Lune de miel et nouveau d\u00e9part - Deux entr\u00e9es de la s\u00e9rie Delicious dans un seul paquet","description":"Dans un seul paquet, deux des entr\u00e9es les plus appr\u00e9ci\u00e9es de la s\u00e9rie Delicious !","robots":{"index":"index","follow":"follow","max-snippet":"max-snippet:-1","max-image-preview":"max-image-preview:large","max-video-preview":"max-video-preview:-1"},"canonical":"https:\/\/www.iplay.com\/fr\/games\/delicious-double-pack-honeymoon-new-beginning\/","og_locale":"fr_FR","og_type":"article","og_title":"Delicious Double Pack - Honeymoon &amp; New Beginning","og_description":"Dans un seul paquet, deux des entr\u00e9es les plus appr\u00e9ci\u00e9es de la s\u00e9rie Delicious !","og_url":"https:\/\/www.iplay.com\/fr\/games\/delicious-double-pack-honeymoon-new-beginning\/","og_site_name":"IPlay","og_image":[{"width":310,"height":310,"url":"https:\/\/www.iplay.com\/wp-content\/uploads\/2023\/12\/large_square_tile_image-4095.jpg","type":"image\/jpeg"}],"twitter_card":"summary_large_image","twitter_misc":{"Dur\u00e9e de lecture estim\u00e9e":"1 minute"},"schema":{"@context":"https:\/\/schema.org","@graph":[{"@type":"WebPage","@id":"https:\/\/www.iplay.com\/fr\/games\/delicious-double-pack-honeymoon-new-beginning\/","url":"https:\/\/www.iplay.com\/fr\/games\/delicious-double-pack-honeymoon-new-beginning\/","name":"Delicious Double Pack - Lune de miel et nouveau d\u00e9part - Deux entr\u00e9es de la s\u00e9rie Delicious dans un seul paquet","isPartOf":{"@id":"https:\/\/www.iplay.com\/en\/#website"},"primaryImageOfPage":{"@id":"https:\/\/www.iplay.com\/fr\/games\/delicious-double-pack-honeymoon-new-beginning\/#primaryimage"},"image":{"@id":"https:\/\/www.iplay.com\/fr\/games\/delicious-double-pack-honeymoon-new-beginning\/#primaryimage"},"thumbnailUrl":"https:\/\/www.iplay.com\/wp-content\/uploads\/2023\/12\/large_square_tile_image-4095.jpg","datePublished":"2015-06-02T00:00:00+00:00","description":"Dans un seul paquet, deux des entr\u00e9es les plus appr\u00e9ci\u00e9es de la s\u00e9rie Delicious !","breadcrumb":{"@id":"https:\/\/www.iplay.com\/fr\/games\/delicious-double-pack-honeymoon-new-beginning\/#breadcrumb"},"inLanguage":"fr-FR","potentialAction":[{"@type":"ReadAction","target":["https:\/\/www.iplay.com\/fr\/games\/delicious-double-pack-honeymoon-new-beginning\/"]}]},{"@type":"ImageObject","inLanguage":"fr-FR","@id":"https:\/\/www.iplay.com\/fr\/games\/delicious-double-pack-honeymoon-new-beginning\/#primaryimage","url":"https:\/\/www.iplay.com\/wp-content\/uploads\/2023\/12\/large_square_tile_image-4095.jpg","contentUrl":"https:\/\/www.iplay.com\/wp-content\/uploads\/2023\/12\/large_square_tile_image-4095.jpg","width":310,"height":310},{"@type":"BreadcrumbList","@id":"https:\/\/www.iplay.com\/fr\/games\/delicious-double-pack-honeymoon-new-beginning\/#breadcrumb","itemListElement":[{"@type":"ListItem","position":1,"name":"Home","item":"https:\/\/www.iplay.com\/fr\/home-page-2\/"},{"@type":"ListItem","position":2,"name":"Shop","item":"https:\/\/www.iplay.com\/en\/shop\/"},{"@type":"ListItem","position":3,"name":"Delicious Double Pack &#8211; Honeymoon &amp; New Beginning"}]},{"@type":"WebSite","@id":"https:\/\/www.iplay.com\/en\/#website","url":"https:\/\/www.iplay.com\/en\/","name":"IPlay","description":"The Best Casual Games!","publisher":{"@id":"https:\/\/www.iplay.com\/en\/#organization"},"potentialAction":[{"@type":"SearchAction","target":{"@type":"EntryPoint","urlTemplate":"https:\/\/www.iplay.com\/en\/?s={search_term_string}"},"query-input":{"@type":"PropertyValueSpecification","valueRequired":true,"valueName":"search_term_string"}}],"inLanguage":"fr-FR"},{"@type":"Organization","@id":"https:\/\/www.iplay.com\/en\/#organization","name":"IPlay","url":"https:\/\/www.iplay.com\/en\/","logo":{"@type":"ImageObject","inLanguage":"fr-FR","@id":"https:\/\/www.iplay.com\/en\/#\/schema\/logo\/image\/","url":"https:\/\/www.iplay.com\/wp-content\/uploads\/2023\/11\/Group-6100.svg","contentUrl":"https:\/\/www.iplay.com\/wp-content\/uploads\/2023\/11\/Group-6100.svg","width":98,"height":25,"caption":"IPlay"},"image":{"@id":"https:\/\/www.iplay.com\/en\/#\/schema\/logo\/image\/"}}]}},"_links":{"self":[{"href":"https:\/\/www.iplay.com\/fr\/wp-json\/wp\/v2\/product\/136126","targetHints":{"allow":["GET"]}}],"collection":[{"href":"https:\/\/www.iplay.com\/fr\/wp-json\/wp\/v2\/product"}],"about":[{"href":"https:\/\/www.iplay.com\/fr\/wp-json\/wp\/v2\/types\/product"}],"author":[{"embeddable":true,"href":"https:\/\/www.iplay.com\/fr\/wp-json\/wp\/v2\/users\/10"}],"replies":[{"embeddable":true,"href":"https:\/\/www.iplay.com\/fr\/wp-json\/wp\/v2\/comments?post=136126"}],"wp:featuredmedia":[{"embeddable":true,"href":"https:\/\/www.iplay.com\/fr\/wp-json\/wp\/v2\/media\/105234"}],"wp:attachment":[{"href":"https:\/\/www.iplay.com\/fr\/wp-json\/wp\/v2\/media?parent=136126"}],"wp:term":[{"taxonomy":"product_brand","embeddable":true,"href":"https:\/\/www.iplay.com\/fr\/wp-json\/wp\/v2\/product_brand?post=136126"},{"taxonomy":"product_cat","embeddable":true,"href":"https:\/\/www.iplay.com\/fr\/wp-json\/wp\/v2\/product_cat?post=136126"},{"taxonomy":"product_tag","embeddable":true,"href":"https:\/\/www.iplay.com\/fr\/wp-json\/wp\/v2\/product_tag?post=136126"}],"curies":[{"name":"wp","href":"https:\/\/api.w.org\/{rel}","templated":true}]}}