{"id":136090,"date":"2015-09-27T00:00:00","date_gmt":"2015-09-27T00:00:00","guid":{"rendered":"https:\/\/www.iplay.com\/games\/gardens-inc-double-pack\/"},"modified":"2015-09-27T00:00:00","modified_gmt":"2015-09-27T00:00:00","slug":"gardens-inc-double-pack","status":"publish","type":"product","link":"https:\/\/www.iplay.com\/fr\/games\/gardens-inc-double-pack\/","title":{"rendered":"Gardens Inc. Double Pack"},"content":{"rendered":"<p>Dans ce pack de jumeaux palpitant, sauvez vos grands-parents d\u2019un inf\u00e2me magnat de l\u2019immobilier et arr\u00eatez le m\u00e9chant Cliff Gold ! Jill et Mike ont b\u00e2ti leur entreprise de jardinage \u00e0 Sunnyvale et sont maintenant pr\u00eats \u00e0 passer \u00e0 l\u2019\u00e9tape suivante dans Gardens Inc. 2 &#8211; The Road to Fame. Malheureusement, l\u2019odieux Cliff Gold s\u2019est \u00e9chapp\u00e9 de prison et semble vouloir se venger de ceux qui l\u2019ont envoy\u00e9 l\u00e0-bas en premier lieu. Jill avait h\u00e2te de rendre visite \u00e0 ses grands-parents \u00e0 Gardens Inc. De Rakes \u00e0 Riches, mais quand elle est arriv\u00e9e, elle a d\u00e9couvert qu\u2019ils allaient perdre le manoir au profit d\u2019un magnat de l\u2019immobilier cupide. Aidez Jill \u00e0 sauver non seulement ses grands-parents, mais aussi toute la ville d\u2019un promoteur cupide.     <\/p>\n<p>&nbsp;<\/p>\n<p>&nbsp;<\/p>\n<p><strong>Fonctionnalit\u00e9s:<\/strong><\/p>\n<p>&nbsp;<\/p>\n<p>&#8211; Jouez \u00e0 100 \u00e9tapes allant de la banlieue aux mar\u00e9cages<\/p>\n<p>&#8211; D\u2019innombrables r\u00e9alisations &#8211; D\u00e9gagez des chemins, collectez des mat\u00e9riaux et construisez de nouveaux jardins.<\/p>\n<p>&#8211; Grande rejouabilit\u00e9<\/p>\n","protected":false},"excerpt":{"rendered":"<p>Deux jeux fantastiques de Gardens Inc. en un seul t\u00e9l\u00e9chargement fantastique !<\/p>\n","protected":false},"author":68,"featured_media":105874,"comment_status":"open","ping_status":"closed","template":"","meta":{"_acf_changed":false,"inline_featured_image":false},"product_brand":[],"product_cat":[216],"product_tag":[287],"class_list":{"0":"post-136090","1":"product","2":"type-product","3":"status-publish","4":"has-post-thumbnail","6":"product_cat-time-management-fr","7":"product_tag-play-on-pc-fr","9":"first","10":"instock","11":"shipping-taxable","12":"purchasable","13":"product-type-simple"},"acf":[],"yoast_head":"<!-- This site is optimized with the Yoast SEO Premium plugin v25.2 (Yoast SEO v25.2) - https:\/\/yoast.com\/wordpress\/plugins\/seo\/ -->\n<title>Gardens Inc. Double Pack - Deux fabuleux jeux Gardens Inc. en un seul t\u00e9l\u00e9chargement incroyable<\/title>\n<meta name=\"description\" content=\"Deux jeux fantastiques de Gardens Inc. en un seul t\u00e9l\u00e9chargement fantastique !\" \/>\n<meta name=\"robots\" content=\"index, follow, max-snippet:-1, max-image-preview:large, max-video-preview:-1\" \/>\n<link rel=\"canonical\" href=\"https:\/\/www.iplay.com\/fr\/games\/gardens-inc-double-pack\/\" \/>\n<meta property=\"og:locale\" content=\"fr_FR\" \/>\n<meta property=\"og:type\" content=\"article\" \/>\n<meta property=\"og:title\" content=\"Gardens Inc. Double Pack\" \/>\n<meta property=\"og:description\" content=\"Deux jeux fantastiques de Gardens Inc. en un seul t\u00e9l\u00e9chargement fantastique !\" \/>\n<meta property=\"og:url\" content=\"https:\/\/www.iplay.com\/fr\/games\/gardens-inc-double-pack\/\" \/>\n<meta property=\"og:site_name\" content=\"IPlay\" \/>\n<meta property=\"og:image\" content=\"https:\/\/www.iplay.com\/wp-content\/uploads\/2023\/12\/large_square_tile_image-4135.jpg\" \/>\n\t<meta property=\"og:image:width\" content=\"310\" \/>\n\t<meta property=\"og:image:height\" content=\"310\" \/>\n\t<meta property=\"og:image:type\" content=\"image\/jpeg\" \/>\n<meta name=\"twitter:card\" content=\"summary_large_image\" \/>\n<meta name=\"twitter:label1\" content=\"Dur\u00e9e de lecture estim\u00e9e\" \/>\n\t<meta name=\"twitter:data1\" content=\"1 minute\" \/>\n<script type=\"application\/ld+json\" class=\"yoast-schema-graph\">{\"@context\":\"https:\/\/schema.org\",\"@graph\":[{\"@type\":\"WebPage\",\"@id\":\"https:\/\/www.iplay.com\/fr\/games\/gardens-inc-double-pack\/\",\"url\":\"https:\/\/www.iplay.com\/fr\/games\/gardens-inc-double-pack\/\",\"name\":\"Gardens Inc. Double Pack - Deux fabuleux jeux Gardens Inc. en un seul t\u00e9l\u00e9chargement incroyable\",\"isPartOf\":{\"@id\":\"https:\/\/www.iplay.com\/en\/#website\"},\"primaryImageOfPage\":{\"@id\":\"https:\/\/www.iplay.com\/fr\/games\/gardens-inc-double-pack\/#primaryimage\"},\"image\":{\"@id\":\"https:\/\/www.iplay.com\/fr\/games\/gardens-inc-double-pack\/#primaryimage\"},\"thumbnailUrl\":\"https:\/\/www.iplay.com\/wp-content\/uploads\/2023\/12\/large_square_tile_image-4135.jpg\",\"datePublished\":\"2015-09-27T00:00:00+00:00\",\"description\":\"Deux jeux fantastiques de Gardens Inc. en un seul t\u00e9l\u00e9chargement fantastique !\",\"breadcrumb\":{\"@id\":\"https:\/\/www.iplay.com\/fr\/games\/gardens-inc-double-pack\/#breadcrumb\"},\"inLanguage\":\"fr-FR\",\"potentialAction\":[{\"@type\":\"ReadAction\",\"target\":[\"https:\/\/www.iplay.com\/fr\/games\/gardens-inc-double-pack\/\"]}]},{\"@type\":\"ImageObject\",\"inLanguage\":\"fr-FR\",\"@id\":\"https:\/\/www.iplay.com\/fr\/games\/gardens-inc-double-pack\/#primaryimage\",\"url\":\"https:\/\/www.iplay.com\/wp-content\/uploads\/2023\/12\/large_square_tile_image-4135.jpg\",\"contentUrl\":\"https:\/\/www.iplay.com\/wp-content\/uploads\/2023\/12\/large_square_tile_image-4135.jpg\",\"width\":310,\"height\":310},{\"@type\":\"BreadcrumbList\",\"@id\":\"https:\/\/www.iplay.com\/fr\/games\/gardens-inc-double-pack\/#breadcrumb\",\"itemListElement\":[{\"@type\":\"ListItem\",\"position\":1,\"name\":\"Home\",\"item\":\"https:\/\/www.iplay.com\/fr\/home-page-2\/\"},{\"@type\":\"ListItem\",\"position\":2,\"name\":\"Shop\",\"item\":\"https:\/\/www.iplay.com\/en\/shop\/\"},{\"@type\":\"ListItem\",\"position\":3,\"name\":\"Gardens Inc. Double Pack\"}]},{\"@type\":\"WebSite\",\"@id\":\"https:\/\/www.iplay.com\/en\/#website\",\"url\":\"https:\/\/www.iplay.com\/en\/\",\"name\":\"IPlay\",\"description\":\"The Best Casual Games!\",\"publisher\":{\"@id\":\"https:\/\/www.iplay.com\/en\/#organization\"},\"potentialAction\":[{\"@type\":\"SearchAction\",\"target\":{\"@type\":\"EntryPoint\",\"urlTemplate\":\"https:\/\/www.iplay.com\/en\/?s={search_term_string}\"},\"query-input\":{\"@type\":\"PropertyValueSpecification\",\"valueRequired\":true,\"valueName\":\"search_term_string\"}}],\"inLanguage\":\"fr-FR\"},{\"@type\":\"Organization\",\"@id\":\"https:\/\/www.iplay.com\/en\/#organization\",\"name\":\"IPlay\",\"url\":\"https:\/\/www.iplay.com\/en\/\",\"logo\":{\"@type\":\"ImageObject\",\"inLanguage\":\"fr-FR\",\"@id\":\"https:\/\/www.iplay.com\/en\/#\/schema\/logo\/image\/\",\"url\":\"https:\/\/www.iplay.com\/wp-content\/uploads\/2023\/11\/Group-6100.svg\",\"contentUrl\":\"https:\/\/www.iplay.com\/wp-content\/uploads\/2023\/11\/Group-6100.svg\",\"width\":98,\"height\":25,\"caption\":\"IPlay\"},\"image\":{\"@id\":\"https:\/\/www.iplay.com\/en\/#\/schema\/logo\/image\/\"}}]}<\/script>\n<!-- \/ Yoast SEO Premium plugin. -->","yoast_head_json":{"title":"Gardens Inc. Double Pack - Deux fabuleux jeux Gardens Inc. en un seul t\u00e9l\u00e9chargement incroyable","description":"Deux jeux fantastiques de Gardens Inc. en un seul t\u00e9l\u00e9chargement fantastique !","robots":{"index":"index","follow":"follow","max-snippet":"max-snippet:-1","max-image-preview":"max-image-preview:large","max-video-preview":"max-video-preview:-1"},"canonical":"https:\/\/www.iplay.com\/fr\/games\/gardens-inc-double-pack\/","og_locale":"fr_FR","og_type":"article","og_title":"Gardens Inc. Double Pack","og_description":"Deux jeux fantastiques de Gardens Inc. en un seul t\u00e9l\u00e9chargement fantastique !","og_url":"https:\/\/www.iplay.com\/fr\/games\/gardens-inc-double-pack\/","og_site_name":"IPlay","og_image":[{"width":310,"height":310,"url":"https:\/\/www.iplay.com\/wp-content\/uploads\/2023\/12\/large_square_tile_image-4135.jpg","type":"image\/jpeg"}],"twitter_card":"summary_large_image","twitter_misc":{"Dur\u00e9e de lecture estim\u00e9e":"1 minute"},"schema":{"@context":"https:\/\/schema.org","@graph":[{"@type":"WebPage","@id":"https:\/\/www.iplay.com\/fr\/games\/gardens-inc-double-pack\/","url":"https:\/\/www.iplay.com\/fr\/games\/gardens-inc-double-pack\/","name":"Gardens Inc. Double Pack - Deux fabuleux jeux Gardens Inc. en un seul t\u00e9l\u00e9chargement incroyable","isPartOf":{"@id":"https:\/\/www.iplay.com\/en\/#website"},"primaryImageOfPage":{"@id":"https:\/\/www.iplay.com\/fr\/games\/gardens-inc-double-pack\/#primaryimage"},"image":{"@id":"https:\/\/www.iplay.com\/fr\/games\/gardens-inc-double-pack\/#primaryimage"},"thumbnailUrl":"https:\/\/www.iplay.com\/wp-content\/uploads\/2023\/12\/large_square_tile_image-4135.jpg","datePublished":"2015-09-27T00:00:00+00:00","description":"Deux jeux fantastiques de Gardens Inc. en un seul t\u00e9l\u00e9chargement fantastique !","breadcrumb":{"@id":"https:\/\/www.iplay.com\/fr\/games\/gardens-inc-double-pack\/#breadcrumb"},"inLanguage":"fr-FR","potentialAction":[{"@type":"ReadAction","target":["https:\/\/www.iplay.com\/fr\/games\/gardens-inc-double-pack\/"]}]},{"@type":"ImageObject","inLanguage":"fr-FR","@id":"https:\/\/www.iplay.com\/fr\/games\/gardens-inc-double-pack\/#primaryimage","url":"https:\/\/www.iplay.com\/wp-content\/uploads\/2023\/12\/large_square_tile_image-4135.jpg","contentUrl":"https:\/\/www.iplay.com\/wp-content\/uploads\/2023\/12\/large_square_tile_image-4135.jpg","width":310,"height":310},{"@type":"BreadcrumbList","@id":"https:\/\/www.iplay.com\/fr\/games\/gardens-inc-double-pack\/#breadcrumb","itemListElement":[{"@type":"ListItem","position":1,"name":"Home","item":"https:\/\/www.iplay.com\/fr\/home-page-2\/"},{"@type":"ListItem","position":2,"name":"Shop","item":"https:\/\/www.iplay.com\/en\/shop\/"},{"@type":"ListItem","position":3,"name":"Gardens Inc. Double Pack"}]},{"@type":"WebSite","@id":"https:\/\/www.iplay.com\/en\/#website","url":"https:\/\/www.iplay.com\/en\/","name":"IPlay","description":"The Best Casual Games!","publisher":{"@id":"https:\/\/www.iplay.com\/en\/#organization"},"potentialAction":[{"@type":"SearchAction","target":{"@type":"EntryPoint","urlTemplate":"https:\/\/www.iplay.com\/en\/?s={search_term_string}"},"query-input":{"@type":"PropertyValueSpecification","valueRequired":true,"valueName":"search_term_string"}}],"inLanguage":"fr-FR"},{"@type":"Organization","@id":"https:\/\/www.iplay.com\/en\/#organization","name":"IPlay","url":"https:\/\/www.iplay.com\/en\/","logo":{"@type":"ImageObject","inLanguage":"fr-FR","@id":"https:\/\/www.iplay.com\/en\/#\/schema\/logo\/image\/","url":"https:\/\/www.iplay.com\/wp-content\/uploads\/2023\/11\/Group-6100.svg","contentUrl":"https:\/\/www.iplay.com\/wp-content\/uploads\/2023\/11\/Group-6100.svg","width":98,"height":25,"caption":"IPlay"},"image":{"@id":"https:\/\/www.iplay.com\/en\/#\/schema\/logo\/image\/"}}]}},"_links":{"self":[{"href":"https:\/\/www.iplay.com\/fr\/wp-json\/wp\/v2\/product\/136090","targetHints":{"allow":["GET"]}}],"collection":[{"href":"https:\/\/www.iplay.com\/fr\/wp-json\/wp\/v2\/product"}],"about":[{"href":"https:\/\/www.iplay.com\/fr\/wp-json\/wp\/v2\/types\/product"}],"author":[{"embeddable":true,"href":"https:\/\/www.iplay.com\/fr\/wp-json\/wp\/v2\/users\/68"}],"replies":[{"embeddable":true,"href":"https:\/\/www.iplay.com\/fr\/wp-json\/wp\/v2\/comments?post=136090"}],"wp:featuredmedia":[{"embeddable":true,"href":"https:\/\/www.iplay.com\/fr\/wp-json\/wp\/v2\/media\/105874"}],"wp:attachment":[{"href":"https:\/\/www.iplay.com\/fr\/wp-json\/wp\/v2\/media?parent=136090"}],"wp:term":[{"taxonomy":"product_brand","embeddable":true,"href":"https:\/\/www.iplay.com\/fr\/wp-json\/wp\/v2\/product_brand?post=136090"},{"taxonomy":"product_cat","embeddable":true,"href":"https:\/\/www.iplay.com\/fr\/wp-json\/wp\/v2\/product_cat?post=136090"},{"taxonomy":"product_tag","embeddable":true,"href":"https:\/\/www.iplay.com\/fr\/wp-json\/wp\/v2\/product_tag?post=136090"}],"curies":[{"name":"wp","href":"https:\/\/api.w.org\/{rel}","templated":true}]}}