{"id":136074,"date":"2015-12-06T00:00:00","date_gmt":"2015-12-06T00:00:00","guid":{"rendered":"https:\/\/www.iplay.com\/games\/gnomes-garden-2\/"},"modified":"2015-12-06T00:00:00","modified_gmt":"2015-12-06T00:00:00","slug":"gnomes-garden-2","status":"publish","type":"product","link":"https:\/\/www.iplay.com\/fr\/games\/gnomes-garden-2\/","title":{"rendered":"Gnomes Garden 2"},"content":{"rendered":"<p>La m\u00e9chante reine des trolls est revenue d\u2019exil ! Elle a kidnapp\u00e9 la princesse des gnomes et l\u2019a transport\u00e9e dans un pays lointain en utilisant sa terrible sorcellerie. Personne dans ces r\u00e9gions n\u2019est conscient du pouvoir des jardins enchant\u00e9s ! Les habitants gnomes ont longtemps souffert aux mains de la reine des trolls et de ses sujets. La princesse choisit d\u2019aider ses fr\u00e8res et s\u0153urs et de restaurer le pouvoir de l\u2019arbre magique. Gnomes Garden 2 est un incroyable jeu de strat\u00e9gie fantastique qui vous emm\u00e8ne dans un voyage \u00e0 travers un continent inexplor\u00e9 avec les gnomes ! Plus de 40 niveaux \u00e9poustouflants vous attendent, ainsi qu\u2019une pl\u00e9thore de t\u00e2ches uniques, une difficult\u00e9 croissante, une intrigue joyeuse, un environnement magique \u00e9tonnant et un gameplay fascinant pour les joueurs de tous \u00e2ges. Construisez des structures et g\u00e9rez des ressources, r\u00e9parez des syst\u00e8mes anciens, exercez une magie extraordinaire et recr\u00e9ez d\u2019anciens jardins magiques. Des commandes simples et un tutoriel bien con\u00e7u vous aideront \u00e0 ma\u00eetriser rapidement les bases du jeu. Gnomes Garden 2 bat la reine des trolls et restaure la magie ! Aidez la princesse \u00e0 combattre la reine des trolls et \u00e0 restaurer la magie !          <\/p>\n<p>&nbsp;<\/p>\n<p>&nbsp;<\/p>\n<p><strong>Fonctionnalit\u00e9s:  <\/strong><\/p>\n<p>&nbsp;<\/p>\n<p>&#8211; Plus de 40 niveaux et qu\u00eates.<\/p>\n<p>&#8211; Un gameplay passionnant pour tous les \u00e2ges.<\/p>\n<p>&#8211; Un tutoriel simple, une difficult\u00e9 croissante et une pl\u00e9thore de troph\u00e9es pour les experts.<\/p>\n<p>&#8211; Une intrigue \u00e9difiante, des personnages hauts en couleur et un univers magique \u00e9tonnant.<\/p>\n","protected":false},"excerpt":{"rendered":"<p>Battez la reine des trolls et restaurez la magie !<\/p>\n","protected":false},"author":13,"featured_media":48613,"comment_status":"open","ping_status":"closed","template":"","meta":{"_acf_changed":false,"inline_featured_image":false},"product_brand":[],"product_cat":[216],"product_tag":[287],"class_list":{"0":"post-136074","1":"product","2":"type-product","3":"status-publish","4":"has-post-thumbnail","6":"product_cat-time-management-fr","7":"product_tag-play-on-pc-fr","9":"first","10":"instock","11":"shipping-taxable","12":"purchasable","13":"product-type-simple"},"acf":[],"yoast_head":"<!-- This site is optimized with the Yoast SEO Premium plugin v25.2 (Yoast SEO v25.2) - https:\/\/yoast.com\/wordpress\/plugins\/seo\/ -->\n<title>Gnomes Garden 2 - Battez la reine des trolls et ramenez la magie<\/title>\n<meta name=\"description\" content=\"Battez la reine des trolls et restaurez la magie !\" \/>\n<meta name=\"robots\" content=\"index, follow, max-snippet:-1, max-image-preview:large, max-video-preview:-1\" \/>\n<link rel=\"canonical\" href=\"https:\/\/www.iplay.com\/fr\/games\/gnomes-garden-2\/\" \/>\n<meta property=\"og:locale\" content=\"fr_FR\" \/>\n<meta property=\"og:type\" content=\"article\" \/>\n<meta property=\"og:title\" content=\"Gnomes Garden 2\" \/>\n<meta property=\"og:description\" content=\"Battez la reine des trolls et restaurez la magie !\" \/>\n<meta property=\"og:url\" content=\"https:\/\/www.iplay.com\/fr\/games\/gnomes-garden-2\/\" \/>\n<meta property=\"og:site_name\" content=\"IPlay\" \/>\n<meta property=\"og:image\" content=\"https:\/\/www.iplay.com\/wp-content\/uploads\/2023\/12\/large_square_tile_image-489.jpg\" \/>\n\t<meta property=\"og:image:width\" content=\"310\" \/>\n\t<meta property=\"og:image:height\" content=\"310\" \/>\n\t<meta property=\"og:image:type\" content=\"image\/jpeg\" \/>\n<meta name=\"twitter:card\" content=\"summary_large_image\" \/>\n<meta name=\"twitter:label1\" content=\"Dur\u00e9e de lecture estim\u00e9e\" \/>\n\t<meta name=\"twitter:data1\" content=\"1 minute\" \/>\n<script type=\"application\/ld+json\" class=\"yoast-schema-graph\">{\"@context\":\"https:\/\/schema.org\",\"@graph\":[{\"@type\":\"WebPage\",\"@id\":\"https:\/\/www.iplay.com\/fr\/games\/gnomes-garden-2\/\",\"url\":\"https:\/\/www.iplay.com\/fr\/games\/gnomes-garden-2\/\",\"name\":\"Gnomes Garden 2 - Battez la reine des trolls et ramenez la magie\",\"isPartOf\":{\"@id\":\"https:\/\/www.iplay.com\/en\/#website\"},\"primaryImageOfPage\":{\"@id\":\"https:\/\/www.iplay.com\/fr\/games\/gnomes-garden-2\/#primaryimage\"},\"image\":{\"@id\":\"https:\/\/www.iplay.com\/fr\/games\/gnomes-garden-2\/#primaryimage\"},\"thumbnailUrl\":\"https:\/\/www.iplay.com\/wp-content\/uploads\/2023\/12\/large_square_tile_image-489.jpg\",\"datePublished\":\"2015-12-06T00:00:00+00:00\",\"description\":\"Battez la reine des trolls et restaurez la magie !\",\"breadcrumb\":{\"@id\":\"https:\/\/www.iplay.com\/fr\/games\/gnomes-garden-2\/#breadcrumb\"},\"inLanguage\":\"fr-FR\",\"potentialAction\":[{\"@type\":\"ReadAction\",\"target\":[\"https:\/\/www.iplay.com\/fr\/games\/gnomes-garden-2\/\"]}]},{\"@type\":\"ImageObject\",\"inLanguage\":\"fr-FR\",\"@id\":\"https:\/\/www.iplay.com\/fr\/games\/gnomes-garden-2\/#primaryimage\",\"url\":\"https:\/\/www.iplay.com\/wp-content\/uploads\/2023\/12\/large_square_tile_image-489.jpg\",\"contentUrl\":\"https:\/\/www.iplay.com\/wp-content\/uploads\/2023\/12\/large_square_tile_image-489.jpg\",\"width\":310,\"height\":310},{\"@type\":\"BreadcrumbList\",\"@id\":\"https:\/\/www.iplay.com\/fr\/games\/gnomes-garden-2\/#breadcrumb\",\"itemListElement\":[{\"@type\":\"ListItem\",\"position\":1,\"name\":\"Home\",\"item\":\"https:\/\/www.iplay.com\/fr\/home-page-2\/\"},{\"@type\":\"ListItem\",\"position\":2,\"name\":\"Shop\",\"item\":\"https:\/\/www.iplay.com\/en\/shop\/\"},{\"@type\":\"ListItem\",\"position\":3,\"name\":\"Gnomes Garden 2\"}]},{\"@type\":\"WebSite\",\"@id\":\"https:\/\/www.iplay.com\/en\/#website\",\"url\":\"https:\/\/www.iplay.com\/en\/\",\"name\":\"IPlay\",\"description\":\"The Best Casual Games!\",\"publisher\":{\"@id\":\"https:\/\/www.iplay.com\/en\/#organization\"},\"potentialAction\":[{\"@type\":\"SearchAction\",\"target\":{\"@type\":\"EntryPoint\",\"urlTemplate\":\"https:\/\/www.iplay.com\/en\/?s={search_term_string}\"},\"query-input\":{\"@type\":\"PropertyValueSpecification\",\"valueRequired\":true,\"valueName\":\"search_term_string\"}}],\"inLanguage\":\"fr-FR\"},{\"@type\":\"Organization\",\"@id\":\"https:\/\/www.iplay.com\/en\/#organization\",\"name\":\"IPlay\",\"url\":\"https:\/\/www.iplay.com\/en\/\",\"logo\":{\"@type\":\"ImageObject\",\"inLanguage\":\"fr-FR\",\"@id\":\"https:\/\/www.iplay.com\/en\/#\/schema\/logo\/image\/\",\"url\":\"https:\/\/www.iplay.com\/wp-content\/uploads\/2023\/11\/Group-6100.svg\",\"contentUrl\":\"https:\/\/www.iplay.com\/wp-content\/uploads\/2023\/11\/Group-6100.svg\",\"width\":98,\"height\":25,\"caption\":\"IPlay\"},\"image\":{\"@id\":\"https:\/\/www.iplay.com\/en\/#\/schema\/logo\/image\/\"}}]}<\/script>\n<!-- \/ Yoast SEO Premium plugin. -->","yoast_head_json":{"title":"Gnomes Garden 2 - Battez la reine des trolls et ramenez la magie","description":"Battez la reine des trolls et restaurez la magie !","robots":{"index":"index","follow":"follow","max-snippet":"max-snippet:-1","max-image-preview":"max-image-preview:large","max-video-preview":"max-video-preview:-1"},"canonical":"https:\/\/www.iplay.com\/fr\/games\/gnomes-garden-2\/","og_locale":"fr_FR","og_type":"article","og_title":"Gnomes Garden 2","og_description":"Battez la reine des trolls et restaurez la magie !","og_url":"https:\/\/www.iplay.com\/fr\/games\/gnomes-garden-2\/","og_site_name":"IPlay","og_image":[{"width":310,"height":310,"url":"https:\/\/www.iplay.com\/wp-content\/uploads\/2023\/12\/large_square_tile_image-489.jpg","type":"image\/jpeg"}],"twitter_card":"summary_large_image","twitter_misc":{"Dur\u00e9e de lecture estim\u00e9e":"1 minute"},"schema":{"@context":"https:\/\/schema.org","@graph":[{"@type":"WebPage","@id":"https:\/\/www.iplay.com\/fr\/games\/gnomes-garden-2\/","url":"https:\/\/www.iplay.com\/fr\/games\/gnomes-garden-2\/","name":"Gnomes Garden 2 - Battez la reine des trolls et ramenez la magie","isPartOf":{"@id":"https:\/\/www.iplay.com\/en\/#website"},"primaryImageOfPage":{"@id":"https:\/\/www.iplay.com\/fr\/games\/gnomes-garden-2\/#primaryimage"},"image":{"@id":"https:\/\/www.iplay.com\/fr\/games\/gnomes-garden-2\/#primaryimage"},"thumbnailUrl":"https:\/\/www.iplay.com\/wp-content\/uploads\/2023\/12\/large_square_tile_image-489.jpg","datePublished":"2015-12-06T00:00:00+00:00","description":"Battez la reine des trolls et restaurez la magie !","breadcrumb":{"@id":"https:\/\/www.iplay.com\/fr\/games\/gnomes-garden-2\/#breadcrumb"},"inLanguage":"fr-FR","potentialAction":[{"@type":"ReadAction","target":["https:\/\/www.iplay.com\/fr\/games\/gnomes-garden-2\/"]}]},{"@type":"ImageObject","inLanguage":"fr-FR","@id":"https:\/\/www.iplay.com\/fr\/games\/gnomes-garden-2\/#primaryimage","url":"https:\/\/www.iplay.com\/wp-content\/uploads\/2023\/12\/large_square_tile_image-489.jpg","contentUrl":"https:\/\/www.iplay.com\/wp-content\/uploads\/2023\/12\/large_square_tile_image-489.jpg","width":310,"height":310},{"@type":"BreadcrumbList","@id":"https:\/\/www.iplay.com\/fr\/games\/gnomes-garden-2\/#breadcrumb","itemListElement":[{"@type":"ListItem","position":1,"name":"Home","item":"https:\/\/www.iplay.com\/fr\/home-page-2\/"},{"@type":"ListItem","position":2,"name":"Shop","item":"https:\/\/www.iplay.com\/en\/shop\/"},{"@type":"ListItem","position":3,"name":"Gnomes Garden 2"}]},{"@type":"WebSite","@id":"https:\/\/www.iplay.com\/en\/#website","url":"https:\/\/www.iplay.com\/en\/","name":"IPlay","description":"The Best Casual Games!","publisher":{"@id":"https:\/\/www.iplay.com\/en\/#organization"},"potentialAction":[{"@type":"SearchAction","target":{"@type":"EntryPoint","urlTemplate":"https:\/\/www.iplay.com\/en\/?s={search_term_string}"},"query-input":{"@type":"PropertyValueSpecification","valueRequired":true,"valueName":"search_term_string"}}],"inLanguage":"fr-FR"},{"@type":"Organization","@id":"https:\/\/www.iplay.com\/en\/#organization","name":"IPlay","url":"https:\/\/www.iplay.com\/en\/","logo":{"@type":"ImageObject","inLanguage":"fr-FR","@id":"https:\/\/www.iplay.com\/en\/#\/schema\/logo\/image\/","url":"https:\/\/www.iplay.com\/wp-content\/uploads\/2023\/11\/Group-6100.svg","contentUrl":"https:\/\/www.iplay.com\/wp-content\/uploads\/2023\/11\/Group-6100.svg","width":98,"height":25,"caption":"IPlay"},"image":{"@id":"https:\/\/www.iplay.com\/en\/#\/schema\/logo\/image\/"}}]}},"_links":{"self":[{"href":"https:\/\/www.iplay.com\/fr\/wp-json\/wp\/v2\/product\/136074","targetHints":{"allow":["GET"]}}],"collection":[{"href":"https:\/\/www.iplay.com\/fr\/wp-json\/wp\/v2\/product"}],"about":[{"href":"https:\/\/www.iplay.com\/fr\/wp-json\/wp\/v2\/types\/product"}],"author":[{"embeddable":true,"href":"https:\/\/www.iplay.com\/fr\/wp-json\/wp\/v2\/users\/13"}],"replies":[{"embeddable":true,"href":"https:\/\/www.iplay.com\/fr\/wp-json\/wp\/v2\/comments?post=136074"}],"wp:featuredmedia":[{"embeddable":true,"href":"https:\/\/www.iplay.com\/fr\/wp-json\/wp\/v2\/media\/48613"}],"wp:attachment":[{"href":"https:\/\/www.iplay.com\/fr\/wp-json\/wp\/v2\/media?parent=136074"}],"wp:term":[{"taxonomy":"product_brand","embeddable":true,"href":"https:\/\/www.iplay.com\/fr\/wp-json\/wp\/v2\/product_brand?post=136074"},{"taxonomy":"product_cat","embeddable":true,"href":"https:\/\/www.iplay.com\/fr\/wp-json\/wp\/v2\/product_cat?post=136074"},{"taxonomy":"product_tag","embeddable":true,"href":"https:\/\/www.iplay.com\/fr\/wp-json\/wp\/v2\/product_tag?post=136074"}],"curies":[{"name":"wp","href":"https:\/\/api.w.org\/{rel}","templated":true}]}}