{"id":136060,"date":"2015-12-24T00:00:00","date_gmt":"2015-12-24T00:00:00","guid":{"rendered":"https:\/\/www.iplay.com\/games\/building-the-great-wall-of-china-2\/"},"modified":"2015-12-24T00:00:00","modified_gmt":"2015-12-24T00:00:00","slug":"building-the-great-wall-of-china-2","status":"publish","type":"product","link":"https:\/\/www.iplay.com\/fr\/games\/building-the-great-wall-of-china-2\/","title":{"rendered":"Building the Great Wall of China 2"},"content":{"rendered":"<p>Jouez \u00e0 ce jeu de gestion du temps passionnant et rapide pour partir \u00e0 l\u2019aventure \u00e9pique de construction de la Grande Muraille de Chine, la plus grande construction de l\u2019histoire de l\u2019humanit\u00e9. Kong Boatu a pour mission d\u2019arr\u00eater la derni\u00e8re invasion des nomades. Relevez le d\u00e9fi de construire la Grande Muraille de Chine en 40 niveaux passionnants r\u00e9partis sur 4 r\u00e9gions distinctes. Vous irez dans des d\u00e9serts ensoleill\u00e9s et d\u2019autres endroits \u00e9nigmatiques, en plus des prairies dor\u00e9es et des falaises de montagne enneig\u00e9es. Construisez le plus grand b\u00e2timent de l\u2019histoire de l\u2019humanit\u00e9, la Grande Muraille de Chine, pour compl\u00e9ter l\u2019\u00e9pop\u00e9e de l\u2019empereur Kong Boatu et laisser votre empreinte dans l\u2019histoire !    <\/p>\n<p>&nbsp;<\/p>\n<p>&nbsp;<\/p>\n<p><strong>Fonctionnalit\u00e9s:<\/strong><\/p>\n<p>&nbsp;<\/p>\n<p>&#8211; 40 niveaux palpitants r\u00e9partis sur 4 lieux<br \/>\n&#8211; Une tonne d\u2019extras, de mini-jeux et de nouveaux films<br \/>\n d\u2019intrigue- Un jeu<br \/>\n de gestion du temps captivant et rapide- Une tonne de nouveaux bonus et bonus<\/p>\n","protected":false},"excerpt":{"rendered":"<p>Lancez-vous dans une mission h\u00e9ro\u00efque dans ce jeu de gestion du temps captivant.<\/p>\n","protected":false},"author":218,"featured_media":56453,"comment_status":"open","ping_status":"closed","template":"","meta":{"_acf_changed":false,"inline_featured_image":false},"product_brand":[],"product_cat":[216],"product_tag":[287],"class_list":{"0":"post-136060","1":"product","2":"type-product","3":"status-publish","4":"has-post-thumbnail","6":"product_cat-time-management-fr","7":"product_tag-play-on-pc-fr","9":"first","10":"instock","11":"shipping-taxable","12":"purchasable","13":"product-type-simple"},"acf":[],"yoast_head":"<!-- This site is optimized with the Yoast SEO Premium plugin v25.2 (Yoast SEO v25.2) - https:\/\/yoast.com\/wordpress\/plugins\/seo\/ -->\n<title>Construire la Grande Muraille de Chine 2 - Embarquez dans une qu\u00eate \u00e9pique dans ce jeu de gestion du temps addictif<\/title>\n<meta name=\"description\" content=\"Lancez-vous dans une mission h\u00e9ro\u00efque dans ce jeu de gestion du temps captivant.\" \/>\n<meta name=\"robots\" content=\"index, follow, max-snippet:-1, max-image-preview:large, max-video-preview:-1\" \/>\n<link rel=\"canonical\" href=\"https:\/\/www.iplay.com\/fr\/games\/building-the-great-wall-of-china-2\/\" \/>\n<meta property=\"og:locale\" content=\"fr_FR\" \/>\n<meta property=\"og:type\" content=\"article\" \/>\n<meta property=\"og:title\" content=\"Building the Great Wall of China 2\" \/>\n<meta property=\"og:description\" content=\"Lancez-vous dans une mission h\u00e9ro\u00efque dans ce jeu de gestion du temps captivant.\" \/>\n<meta property=\"og:url\" content=\"https:\/\/www.iplay.com\/fr\/games\/building-the-great-wall-of-china-2\/\" \/>\n<meta property=\"og:site_name\" content=\"IPlay\" \/>\n<meta property=\"og:image\" content=\"https:\/\/www.iplay.com\/wp-content\/uploads\/2023\/12\/large_square_tile_image-999.jpg\" \/>\n\t<meta property=\"og:image:width\" content=\"310\" \/>\n\t<meta property=\"og:image:height\" content=\"310\" \/>\n\t<meta property=\"og:image:type\" content=\"image\/jpeg\" \/>\n<meta name=\"twitter:card\" content=\"summary_large_image\" \/>\n<meta name=\"twitter:label1\" content=\"Dur\u00e9e de lecture estim\u00e9e\" \/>\n\t<meta name=\"twitter:data1\" content=\"1 minute\" \/>\n<script type=\"application\/ld+json\" class=\"yoast-schema-graph\">{\"@context\":\"https:\/\/schema.org\",\"@graph\":[{\"@type\":\"WebPage\",\"@id\":\"https:\/\/www.iplay.com\/fr\/games\/building-the-great-wall-of-china-2\/\",\"url\":\"https:\/\/www.iplay.com\/fr\/games\/building-the-great-wall-of-china-2\/\",\"name\":\"Construire la Grande Muraille de Chine 2 - Embarquez dans une qu\u00eate \u00e9pique dans ce jeu de gestion du temps addictif\",\"isPartOf\":{\"@id\":\"https:\/\/www.iplay.com\/en\/#website\"},\"primaryImageOfPage\":{\"@id\":\"https:\/\/www.iplay.com\/fr\/games\/building-the-great-wall-of-china-2\/#primaryimage\"},\"image\":{\"@id\":\"https:\/\/www.iplay.com\/fr\/games\/building-the-great-wall-of-china-2\/#primaryimage\"},\"thumbnailUrl\":\"https:\/\/www.iplay.com\/wp-content\/uploads\/2023\/12\/large_square_tile_image-999.jpg\",\"datePublished\":\"2015-12-24T00:00:00+00:00\",\"description\":\"Lancez-vous dans une mission h\u00e9ro\u00efque dans ce jeu de gestion du temps captivant.\",\"breadcrumb\":{\"@id\":\"https:\/\/www.iplay.com\/fr\/games\/building-the-great-wall-of-china-2\/#breadcrumb\"},\"inLanguage\":\"fr-FR\",\"potentialAction\":[{\"@type\":\"ReadAction\",\"target\":[\"https:\/\/www.iplay.com\/fr\/games\/building-the-great-wall-of-china-2\/\"]}]},{\"@type\":\"ImageObject\",\"inLanguage\":\"fr-FR\",\"@id\":\"https:\/\/www.iplay.com\/fr\/games\/building-the-great-wall-of-china-2\/#primaryimage\",\"url\":\"https:\/\/www.iplay.com\/wp-content\/uploads\/2023\/12\/large_square_tile_image-999.jpg\",\"contentUrl\":\"https:\/\/www.iplay.com\/wp-content\/uploads\/2023\/12\/large_square_tile_image-999.jpg\",\"width\":310,\"height\":310},{\"@type\":\"BreadcrumbList\",\"@id\":\"https:\/\/www.iplay.com\/fr\/games\/building-the-great-wall-of-china-2\/#breadcrumb\",\"itemListElement\":[{\"@type\":\"ListItem\",\"position\":1,\"name\":\"Home\",\"item\":\"https:\/\/www.iplay.com\/fr\/home-page-2\/\"},{\"@type\":\"ListItem\",\"position\":2,\"name\":\"Shop\",\"item\":\"https:\/\/www.iplay.com\/en\/shop\/\"},{\"@type\":\"ListItem\",\"position\":3,\"name\":\"Building the Great Wall of China 2\"}]},{\"@type\":\"WebSite\",\"@id\":\"https:\/\/www.iplay.com\/en\/#website\",\"url\":\"https:\/\/www.iplay.com\/en\/\",\"name\":\"IPlay\",\"description\":\"The Best Casual Games!\",\"publisher\":{\"@id\":\"https:\/\/www.iplay.com\/en\/#organization\"},\"potentialAction\":[{\"@type\":\"SearchAction\",\"target\":{\"@type\":\"EntryPoint\",\"urlTemplate\":\"https:\/\/www.iplay.com\/en\/?s={search_term_string}\"},\"query-input\":{\"@type\":\"PropertyValueSpecification\",\"valueRequired\":true,\"valueName\":\"search_term_string\"}}],\"inLanguage\":\"fr-FR\"},{\"@type\":\"Organization\",\"@id\":\"https:\/\/www.iplay.com\/en\/#organization\",\"name\":\"IPlay\",\"url\":\"https:\/\/www.iplay.com\/en\/\",\"logo\":{\"@type\":\"ImageObject\",\"inLanguage\":\"fr-FR\",\"@id\":\"https:\/\/www.iplay.com\/en\/#\/schema\/logo\/image\/\",\"url\":\"https:\/\/www.iplay.com\/wp-content\/uploads\/2023\/11\/Group-6100.svg\",\"contentUrl\":\"https:\/\/www.iplay.com\/wp-content\/uploads\/2023\/11\/Group-6100.svg\",\"width\":98,\"height\":25,\"caption\":\"IPlay\"},\"image\":{\"@id\":\"https:\/\/www.iplay.com\/en\/#\/schema\/logo\/image\/\"}}]}<\/script>\n<!-- \/ Yoast SEO Premium plugin. -->","yoast_head_json":{"title":"Construire la Grande Muraille de Chine 2 - Embarquez dans une qu\u00eate \u00e9pique dans ce jeu de gestion du temps addictif","description":"Lancez-vous dans une mission h\u00e9ro\u00efque dans ce jeu de gestion du temps captivant.","robots":{"index":"index","follow":"follow","max-snippet":"max-snippet:-1","max-image-preview":"max-image-preview:large","max-video-preview":"max-video-preview:-1"},"canonical":"https:\/\/www.iplay.com\/fr\/games\/building-the-great-wall-of-china-2\/","og_locale":"fr_FR","og_type":"article","og_title":"Building the Great Wall of China 2","og_description":"Lancez-vous dans une mission h\u00e9ro\u00efque dans ce jeu de gestion du temps captivant.","og_url":"https:\/\/www.iplay.com\/fr\/games\/building-the-great-wall-of-china-2\/","og_site_name":"IPlay","og_image":[{"width":310,"height":310,"url":"https:\/\/www.iplay.com\/wp-content\/uploads\/2023\/12\/large_square_tile_image-999.jpg","type":"image\/jpeg"}],"twitter_card":"summary_large_image","twitter_misc":{"Dur\u00e9e de lecture estim\u00e9e":"1 minute"},"schema":{"@context":"https:\/\/schema.org","@graph":[{"@type":"WebPage","@id":"https:\/\/www.iplay.com\/fr\/games\/building-the-great-wall-of-china-2\/","url":"https:\/\/www.iplay.com\/fr\/games\/building-the-great-wall-of-china-2\/","name":"Construire la Grande Muraille de Chine 2 - Embarquez dans une qu\u00eate \u00e9pique dans ce jeu de gestion du temps addictif","isPartOf":{"@id":"https:\/\/www.iplay.com\/en\/#website"},"primaryImageOfPage":{"@id":"https:\/\/www.iplay.com\/fr\/games\/building-the-great-wall-of-china-2\/#primaryimage"},"image":{"@id":"https:\/\/www.iplay.com\/fr\/games\/building-the-great-wall-of-china-2\/#primaryimage"},"thumbnailUrl":"https:\/\/www.iplay.com\/wp-content\/uploads\/2023\/12\/large_square_tile_image-999.jpg","datePublished":"2015-12-24T00:00:00+00:00","description":"Lancez-vous dans une mission h\u00e9ro\u00efque dans ce jeu de gestion du temps captivant.","breadcrumb":{"@id":"https:\/\/www.iplay.com\/fr\/games\/building-the-great-wall-of-china-2\/#breadcrumb"},"inLanguage":"fr-FR","potentialAction":[{"@type":"ReadAction","target":["https:\/\/www.iplay.com\/fr\/games\/building-the-great-wall-of-china-2\/"]}]},{"@type":"ImageObject","inLanguage":"fr-FR","@id":"https:\/\/www.iplay.com\/fr\/games\/building-the-great-wall-of-china-2\/#primaryimage","url":"https:\/\/www.iplay.com\/wp-content\/uploads\/2023\/12\/large_square_tile_image-999.jpg","contentUrl":"https:\/\/www.iplay.com\/wp-content\/uploads\/2023\/12\/large_square_tile_image-999.jpg","width":310,"height":310},{"@type":"BreadcrumbList","@id":"https:\/\/www.iplay.com\/fr\/games\/building-the-great-wall-of-china-2\/#breadcrumb","itemListElement":[{"@type":"ListItem","position":1,"name":"Home","item":"https:\/\/www.iplay.com\/fr\/home-page-2\/"},{"@type":"ListItem","position":2,"name":"Shop","item":"https:\/\/www.iplay.com\/en\/shop\/"},{"@type":"ListItem","position":3,"name":"Building the Great Wall of China 2"}]},{"@type":"WebSite","@id":"https:\/\/www.iplay.com\/en\/#website","url":"https:\/\/www.iplay.com\/en\/","name":"IPlay","description":"The Best Casual Games!","publisher":{"@id":"https:\/\/www.iplay.com\/en\/#organization"},"potentialAction":[{"@type":"SearchAction","target":{"@type":"EntryPoint","urlTemplate":"https:\/\/www.iplay.com\/en\/?s={search_term_string}"},"query-input":{"@type":"PropertyValueSpecification","valueRequired":true,"valueName":"search_term_string"}}],"inLanguage":"fr-FR"},{"@type":"Organization","@id":"https:\/\/www.iplay.com\/en\/#organization","name":"IPlay","url":"https:\/\/www.iplay.com\/en\/","logo":{"@type":"ImageObject","inLanguage":"fr-FR","@id":"https:\/\/www.iplay.com\/en\/#\/schema\/logo\/image\/","url":"https:\/\/www.iplay.com\/wp-content\/uploads\/2023\/11\/Group-6100.svg","contentUrl":"https:\/\/www.iplay.com\/wp-content\/uploads\/2023\/11\/Group-6100.svg","width":98,"height":25,"caption":"IPlay"},"image":{"@id":"https:\/\/www.iplay.com\/en\/#\/schema\/logo\/image\/"}}]}},"_links":{"self":[{"href":"https:\/\/www.iplay.com\/fr\/wp-json\/wp\/v2\/product\/136060","targetHints":{"allow":["GET"]}}],"collection":[{"href":"https:\/\/www.iplay.com\/fr\/wp-json\/wp\/v2\/product"}],"about":[{"href":"https:\/\/www.iplay.com\/fr\/wp-json\/wp\/v2\/types\/product"}],"author":[{"embeddable":true,"href":"https:\/\/www.iplay.com\/fr\/wp-json\/wp\/v2\/users\/218"}],"replies":[{"embeddable":true,"href":"https:\/\/www.iplay.com\/fr\/wp-json\/wp\/v2\/comments?post=136060"}],"wp:featuredmedia":[{"embeddable":true,"href":"https:\/\/www.iplay.com\/fr\/wp-json\/wp\/v2\/media\/56453"}],"wp:attachment":[{"href":"https:\/\/www.iplay.com\/fr\/wp-json\/wp\/v2\/media?parent=136060"}],"wp:term":[{"taxonomy":"product_brand","embeddable":true,"href":"https:\/\/www.iplay.com\/fr\/wp-json\/wp\/v2\/product_brand?post=136060"},{"taxonomy":"product_cat","embeddable":true,"href":"https:\/\/www.iplay.com\/fr\/wp-json\/wp\/v2\/product_cat?post=136060"},{"taxonomy":"product_tag","embeddable":true,"href":"https:\/\/www.iplay.com\/fr\/wp-json\/wp\/v2\/product_tag?post=136060"}],"curies":[{"name":"wp","href":"https:\/\/api.w.org\/{rel}","templated":true}]}}