{"id":136026,"date":"2016-04-28T00:00:00","date_gmt":"2016-04-28T00:00:00","guid":{"rendered":"https:\/\/www.iplay.com\/games\/fabulous-angelas-fashion-fever\/"},"modified":"2016-04-28T00:00:00","modified_gmt":"2016-04-28T00:00:00","slug":"fabulous-angelas-fashion-fever","status":"publish","type":"product","link":"https:\/\/www.iplay.com\/fr\/games\/fabulous-angelas-fashion-fever\/","title":{"rendered":"Fabulous &#8211; Angela&#8217;s Fashion Fever"},"content":{"rendered":"<p>Cam\u00e9ra, lumi\u00e8res&#8230; BRILLER! Les cr\u00e9ateurs de Delicious vous proposent une nouvelle histoire de gestion du temps dans laquelle vous aidez Angela \u00e0 cr\u00e9er des tenues incroyables ! Apr\u00e8s une terrible rupture et une perte d\u2019emploi, Angela se retrouve sur le point d\u2019abandonner ses aspirations. C\u2019est-\u00e0-dire jusqu\u2019\u00e0 ce qu\u2019Angela soit s\u00e9lectionn\u00e9e comme l\u2019une des sept finalistes pour concourir pour le titre de reine de la mode Truly. Toutes les \u00e9toiles semblent s\u2019aligner pour Angela alors qu\u2019elle se d\u00e9lecte du monde de la mode, qui regorge de f\u00eates fastueuses, d\u2019h\u00f4tels cinq \u00e9toiles et de rencontres secr\u00e8tes avec des c\u00e9l\u00e9brit\u00e9s s\u00e9duisantes. Cependant, rien n\u2019est ce qu\u2019il semble \u00eatre. Dans sa qu\u00eate pour devenir la prochaine it-girl de la mode, Angela sera-t-elle capable d\u2019endurer les terribles secrets qui l\u2019attendent ? Engagez-vous dans <strong>Amazing &#8211; Angela\u2019s Fashion Fever ! <\/strong>afin d\u2019en savoir plus ! <\/p>\n<p>&nbsp;<\/p>\n<p>&nbsp;<\/p>\n<p><strong>Fonctionnalit\u00e9s:<\/strong><\/p>\n<p>&nbsp;<\/p>\n<p>&#8211; Frayez-vous un chemin jusqu\u2019au sommet de 61 niveaux d\u2019histoire de gestion du temps et de 29 d\u00e9fis pour vous \u00e9tablir comme le plus grand nom de la mode<br \/>\n&#8211; Voir le monde et rencontrer des c\u00e9l\u00e9brit\u00e9s<br \/>\n&#8211; Aidez Angela \u00e0 cr\u00e9er de superbes tenues pour ses mannequins afin de participer au plus grand concours de mode de tous les temps.<\/p>\n","protected":false},"excerpt":{"rendered":"<p>Amusez-vous lors d\u2019un incroyable voyage de mode avec Fabulous &#8211; Angela\u2019s Fashion Fever !<\/p>\n","protected":false},"author":10,"featured_media":47557,"comment_status":"open","ping_status":"closed","template":"","meta":{"_acf_changed":false,"inline_featured_image":false},"product_brand":[],"product_cat":[216],"product_tag":[287],"class_list":{"0":"post-136026","1":"product","2":"type-product","3":"status-publish","4":"has-post-thumbnail","6":"product_cat-time-management-fr","7":"product_tag-play-on-pc-fr","9":"first","10":"instock","11":"shipping-taxable","12":"purchasable","13":"product-type-simple"},"acf":[],"yoast_head":"<!-- This site is optimized with the Yoast SEO Premium plugin v25.2 (Yoast SEO v25.2) - https:\/\/yoast.com\/wordpress\/plugins\/seo\/ -->\n<title>Fabulous - Angela\u2019s Fashion Fever - Profitez d\u2019une aventure mode fabuleuse<\/title>\n<meta name=\"description\" content=\"Amusez-vous lors d\u2019un incroyable voyage de mode avec Fabulous - Angela\u2019s Fashion Fever !\" \/>\n<meta name=\"robots\" content=\"index, follow, max-snippet:-1, max-image-preview:large, max-video-preview:-1\" \/>\n<link rel=\"canonical\" href=\"https:\/\/www.iplay.com\/fr\/games\/fabulous-angelas-fashion-fever\/\" \/>\n<meta property=\"og:locale\" content=\"fr_FR\" \/>\n<meta property=\"og:type\" content=\"article\" \/>\n<meta property=\"og:title\" content=\"Fabulous - Angela&#039;s Fashion Fever\" \/>\n<meta property=\"og:description\" content=\"Amusez-vous lors d\u2019un incroyable voyage de mode avec Fabulous - Angela\u2019s Fashion Fever !\" \/>\n<meta property=\"og:url\" content=\"https:\/\/www.iplay.com\/fr\/games\/fabulous-angelas-fashion-fever\/\" \/>\n<meta property=\"og:site_name\" content=\"IPlay\" \/>\n<meta property=\"og:image\" content=\"https:\/\/www.iplay.com\/wp-content\/uploads\/2023\/12\/large_square_tile_image-419.jpg\" \/>\n\t<meta property=\"og:image:width\" content=\"310\" \/>\n\t<meta property=\"og:image:height\" content=\"310\" \/>\n\t<meta property=\"og:image:type\" content=\"image\/jpeg\" \/>\n<meta name=\"twitter:card\" content=\"summary_large_image\" \/>\n<meta name=\"twitter:label1\" content=\"Dur\u00e9e de lecture estim\u00e9e\" \/>\n\t<meta name=\"twitter:data1\" content=\"1 minute\" \/>\n<script type=\"application\/ld+json\" class=\"yoast-schema-graph\">{\"@context\":\"https:\/\/schema.org\",\"@graph\":[{\"@type\":\"WebPage\",\"@id\":\"https:\/\/www.iplay.com\/fr\/games\/fabulous-angelas-fashion-fever\/\",\"url\":\"https:\/\/www.iplay.com\/fr\/games\/fabulous-angelas-fashion-fever\/\",\"name\":\"Fabulous - Angela\u2019s Fashion Fever - Profitez d\u2019une aventure mode fabuleuse\",\"isPartOf\":{\"@id\":\"https:\/\/www.iplay.com\/en\/#website\"},\"primaryImageOfPage\":{\"@id\":\"https:\/\/www.iplay.com\/fr\/games\/fabulous-angelas-fashion-fever\/#primaryimage\"},\"image\":{\"@id\":\"https:\/\/www.iplay.com\/fr\/games\/fabulous-angelas-fashion-fever\/#primaryimage\"},\"thumbnailUrl\":\"https:\/\/www.iplay.com\/wp-content\/uploads\/2023\/12\/large_square_tile_image-419.jpg\",\"datePublished\":\"2016-04-28T00:00:00+00:00\",\"description\":\"Amusez-vous lors d\u2019un incroyable voyage de mode avec Fabulous - Angela\u2019s Fashion Fever !\",\"breadcrumb\":{\"@id\":\"https:\/\/www.iplay.com\/fr\/games\/fabulous-angelas-fashion-fever\/#breadcrumb\"},\"inLanguage\":\"fr-FR\",\"potentialAction\":[{\"@type\":\"ReadAction\",\"target\":[\"https:\/\/www.iplay.com\/fr\/games\/fabulous-angelas-fashion-fever\/\"]}]},{\"@type\":\"ImageObject\",\"inLanguage\":\"fr-FR\",\"@id\":\"https:\/\/www.iplay.com\/fr\/games\/fabulous-angelas-fashion-fever\/#primaryimage\",\"url\":\"https:\/\/www.iplay.com\/wp-content\/uploads\/2023\/12\/large_square_tile_image-419.jpg\",\"contentUrl\":\"https:\/\/www.iplay.com\/wp-content\/uploads\/2023\/12\/large_square_tile_image-419.jpg\",\"width\":310,\"height\":310},{\"@type\":\"BreadcrumbList\",\"@id\":\"https:\/\/www.iplay.com\/fr\/games\/fabulous-angelas-fashion-fever\/#breadcrumb\",\"itemListElement\":[{\"@type\":\"ListItem\",\"position\":1,\"name\":\"Home\",\"item\":\"https:\/\/www.iplay.com\/fr\/home-page-2\/\"},{\"@type\":\"ListItem\",\"position\":2,\"name\":\"Shop\",\"item\":\"https:\/\/www.iplay.com\/en\/shop\/\"},{\"@type\":\"ListItem\",\"position\":3,\"name\":\"Fabulous &#8211; Angela&#8217;s Fashion Fever\"}]},{\"@type\":\"WebSite\",\"@id\":\"https:\/\/www.iplay.com\/en\/#website\",\"url\":\"https:\/\/www.iplay.com\/en\/\",\"name\":\"IPlay\",\"description\":\"The Best Casual Games!\",\"publisher\":{\"@id\":\"https:\/\/www.iplay.com\/en\/#organization\"},\"potentialAction\":[{\"@type\":\"SearchAction\",\"target\":{\"@type\":\"EntryPoint\",\"urlTemplate\":\"https:\/\/www.iplay.com\/en\/?s={search_term_string}\"},\"query-input\":{\"@type\":\"PropertyValueSpecification\",\"valueRequired\":true,\"valueName\":\"search_term_string\"}}],\"inLanguage\":\"fr-FR\"},{\"@type\":\"Organization\",\"@id\":\"https:\/\/www.iplay.com\/en\/#organization\",\"name\":\"IPlay\",\"url\":\"https:\/\/www.iplay.com\/en\/\",\"logo\":{\"@type\":\"ImageObject\",\"inLanguage\":\"fr-FR\",\"@id\":\"https:\/\/www.iplay.com\/en\/#\/schema\/logo\/image\/\",\"url\":\"https:\/\/www.iplay.com\/wp-content\/uploads\/2023\/11\/Group-6100.svg\",\"contentUrl\":\"https:\/\/www.iplay.com\/wp-content\/uploads\/2023\/11\/Group-6100.svg\",\"width\":98,\"height\":25,\"caption\":\"IPlay\"},\"image\":{\"@id\":\"https:\/\/www.iplay.com\/en\/#\/schema\/logo\/image\/\"}}]}<\/script>\n<!-- \/ Yoast SEO Premium plugin. -->","yoast_head_json":{"title":"Fabulous - Angela\u2019s Fashion Fever - Profitez d\u2019une aventure mode fabuleuse","description":"Amusez-vous lors d\u2019un incroyable voyage de mode avec Fabulous - Angela\u2019s Fashion Fever !","robots":{"index":"index","follow":"follow","max-snippet":"max-snippet:-1","max-image-preview":"max-image-preview:large","max-video-preview":"max-video-preview:-1"},"canonical":"https:\/\/www.iplay.com\/fr\/games\/fabulous-angelas-fashion-fever\/","og_locale":"fr_FR","og_type":"article","og_title":"Fabulous - Angela's Fashion Fever","og_description":"Amusez-vous lors d\u2019un incroyable voyage de mode avec Fabulous - Angela\u2019s Fashion Fever !","og_url":"https:\/\/www.iplay.com\/fr\/games\/fabulous-angelas-fashion-fever\/","og_site_name":"IPlay","og_image":[{"width":310,"height":310,"url":"https:\/\/www.iplay.com\/wp-content\/uploads\/2023\/12\/large_square_tile_image-419.jpg","type":"image\/jpeg"}],"twitter_card":"summary_large_image","twitter_misc":{"Dur\u00e9e de lecture estim\u00e9e":"1 minute"},"schema":{"@context":"https:\/\/schema.org","@graph":[{"@type":"WebPage","@id":"https:\/\/www.iplay.com\/fr\/games\/fabulous-angelas-fashion-fever\/","url":"https:\/\/www.iplay.com\/fr\/games\/fabulous-angelas-fashion-fever\/","name":"Fabulous - Angela\u2019s Fashion Fever - Profitez d\u2019une aventure mode fabuleuse","isPartOf":{"@id":"https:\/\/www.iplay.com\/en\/#website"},"primaryImageOfPage":{"@id":"https:\/\/www.iplay.com\/fr\/games\/fabulous-angelas-fashion-fever\/#primaryimage"},"image":{"@id":"https:\/\/www.iplay.com\/fr\/games\/fabulous-angelas-fashion-fever\/#primaryimage"},"thumbnailUrl":"https:\/\/www.iplay.com\/wp-content\/uploads\/2023\/12\/large_square_tile_image-419.jpg","datePublished":"2016-04-28T00:00:00+00:00","description":"Amusez-vous lors d\u2019un incroyable voyage de mode avec Fabulous - Angela\u2019s Fashion Fever !","breadcrumb":{"@id":"https:\/\/www.iplay.com\/fr\/games\/fabulous-angelas-fashion-fever\/#breadcrumb"},"inLanguage":"fr-FR","potentialAction":[{"@type":"ReadAction","target":["https:\/\/www.iplay.com\/fr\/games\/fabulous-angelas-fashion-fever\/"]}]},{"@type":"ImageObject","inLanguage":"fr-FR","@id":"https:\/\/www.iplay.com\/fr\/games\/fabulous-angelas-fashion-fever\/#primaryimage","url":"https:\/\/www.iplay.com\/wp-content\/uploads\/2023\/12\/large_square_tile_image-419.jpg","contentUrl":"https:\/\/www.iplay.com\/wp-content\/uploads\/2023\/12\/large_square_tile_image-419.jpg","width":310,"height":310},{"@type":"BreadcrumbList","@id":"https:\/\/www.iplay.com\/fr\/games\/fabulous-angelas-fashion-fever\/#breadcrumb","itemListElement":[{"@type":"ListItem","position":1,"name":"Home","item":"https:\/\/www.iplay.com\/fr\/home-page-2\/"},{"@type":"ListItem","position":2,"name":"Shop","item":"https:\/\/www.iplay.com\/en\/shop\/"},{"@type":"ListItem","position":3,"name":"Fabulous &#8211; Angela&#8217;s Fashion Fever"}]},{"@type":"WebSite","@id":"https:\/\/www.iplay.com\/en\/#website","url":"https:\/\/www.iplay.com\/en\/","name":"IPlay","description":"The Best Casual Games!","publisher":{"@id":"https:\/\/www.iplay.com\/en\/#organization"},"potentialAction":[{"@type":"SearchAction","target":{"@type":"EntryPoint","urlTemplate":"https:\/\/www.iplay.com\/en\/?s={search_term_string}"},"query-input":{"@type":"PropertyValueSpecification","valueRequired":true,"valueName":"search_term_string"}}],"inLanguage":"fr-FR"},{"@type":"Organization","@id":"https:\/\/www.iplay.com\/en\/#organization","name":"IPlay","url":"https:\/\/www.iplay.com\/en\/","logo":{"@type":"ImageObject","inLanguage":"fr-FR","@id":"https:\/\/www.iplay.com\/en\/#\/schema\/logo\/image\/","url":"https:\/\/www.iplay.com\/wp-content\/uploads\/2023\/11\/Group-6100.svg","contentUrl":"https:\/\/www.iplay.com\/wp-content\/uploads\/2023\/11\/Group-6100.svg","width":98,"height":25,"caption":"IPlay"},"image":{"@id":"https:\/\/www.iplay.com\/en\/#\/schema\/logo\/image\/"}}]}},"_links":{"self":[{"href":"https:\/\/www.iplay.com\/fr\/wp-json\/wp\/v2\/product\/136026","targetHints":{"allow":["GET"]}}],"collection":[{"href":"https:\/\/www.iplay.com\/fr\/wp-json\/wp\/v2\/product"}],"about":[{"href":"https:\/\/www.iplay.com\/fr\/wp-json\/wp\/v2\/types\/product"}],"author":[{"embeddable":true,"href":"https:\/\/www.iplay.com\/fr\/wp-json\/wp\/v2\/users\/10"}],"replies":[{"embeddable":true,"href":"https:\/\/www.iplay.com\/fr\/wp-json\/wp\/v2\/comments?post=136026"}],"wp:featuredmedia":[{"embeddable":true,"href":"https:\/\/www.iplay.com\/fr\/wp-json\/wp\/v2\/media\/47557"}],"wp:attachment":[{"href":"https:\/\/www.iplay.com\/fr\/wp-json\/wp\/v2\/media?parent=136026"}],"wp:term":[{"taxonomy":"product_brand","embeddable":true,"href":"https:\/\/www.iplay.com\/fr\/wp-json\/wp\/v2\/product_brand?post=136026"},{"taxonomy":"product_cat","embeddable":true,"href":"https:\/\/www.iplay.com\/fr\/wp-json\/wp\/v2\/product_cat?post=136026"},{"taxonomy":"product_tag","embeddable":true,"href":"https:\/\/www.iplay.com\/fr\/wp-json\/wp\/v2\/product_tag?post=136026"}],"curies":[{"name":"wp","href":"https:\/\/api.w.org\/{rel}","templated":true}]}}