{"id":136018,"date":"2016-05-02T00:00:00","date_gmt":"2016-05-02T00:00:00","guid":{"rendered":"https:\/\/www.iplay.com\/games\/delicious-emilys-motherly-love-value-pack\/"},"modified":"2016-05-02T00:00:00","modified_gmt":"2016-05-02T00:00:00","slug":"delicious-emilys-motherly-love-value-pack","status":"publish","type":"product","link":"https:\/\/www.iplay.com\/fr\/games\/delicious-emilys-motherly-love-value-pack\/","title":{"rendered":"Delicious &#8211; Emily&#8217;s Motherly Love Value Pack"},"content":{"rendered":"<p>Emily s\u2019est b\u00e2ti une carri\u00e8re prosp\u00e8re en tant que propri\u00e9taire de restaurant, mais elle est pr\u00eate \u00e0 assumer un tout nouveau r\u00f4le en tant que m\u00e8re pour la premi\u00e8re fois&nbsp;! Dans ce Value Pack exclusif, qui comprend les trois jeux les plus r\u00e9cents de la s\u00e9rie de gestion du temps <em>Delicious<\/em> , jouez aux c\u00f4t\u00e9s d\u2019Emily alors qu\u2019elle fait face aux \u00e9preuves de la maternit\u00e9. Dans <em>Delicious \u2013 Emily\u2019s New Beginning<\/em>, Emily tente de jongler entre la r\u00e9ouverture d\u2019Emily\u2019s Place, son restaurant, et le fait de devenir une nouvelle m\u00e8re. D\u2019autres obstacles attendent Emily et son mari Patrick dans <em>Delicious &#8211; Emily\u2019s Home Sweet Home alors qu\u2019ils s\u2019efforcent<\/em> de transformer la maison de leurs r\u00eaves en une maison de r\u00eave pour leur famille qui s\u2019agrandit. Dans <em>Delicious &#8211; Emily\u2019s Hopes &amp; Fears<\/em>, Paige, la fille d\u2019Emily et Patrick, se bat contre une maladie \u00e9nigmatique. Ses parents d\u00e9couvriront-ils le traitement \u00e0 temps pour sauver leur jeune enfant ? R\u00e9capitulez les exploits <em>Delicious<\/em> les plus r\u00e9cents et obtenez 30 % de r\u00e9duction sur les trois jeux !<\/p>\n","protected":false},"excerpt":{"rendered":"<p>Honorez la vie d\u2019Emily avec Delicious &#8211; Emily\u2019s Motherly Love Value Pack !<\/p>\n","protected":false},"author":10,"featured_media":103106,"comment_status":"open","ping_status":"closed","template":"","meta":{"_acf_changed":false,"inline_featured_image":false},"product_brand":[],"product_cat":[216],"product_tag":[287],"class_list":{"0":"post-136018","1":"product","2":"type-product","3":"status-publish","4":"has-post-thumbnail","6":"product_cat-time-management-fr","7":"product_tag-play-on-pc-fr","9":"first","10":"instock","11":"shipping-taxable","12":"purchasable","13":"product-type-simple"},"acf":[],"yoast_head":"<!-- This site is optimized with the Yoast SEO Premium plugin v25.2 (Yoast SEO v25.2) - https:\/\/yoast.com\/wordpress\/plugins\/seo\/ -->\n<title>Delicious - Emily\u2019s Motherly Love Value Pack - C\u00e9l\u00e9brez la nouvelle vie d\u2019Emily en tant que maman joyeuse<\/title>\n<meta name=\"description\" content=\"Honorez la vie d\u2019Emily avec Delicious - Emily\u2019s Motherly Love Value Pack !\" \/>\n<meta name=\"robots\" content=\"index, follow, max-snippet:-1, max-image-preview:large, max-video-preview:-1\" \/>\n<link rel=\"canonical\" href=\"https:\/\/www.iplay.com\/fr\/games\/delicious-emilys-motherly-love-value-pack\/\" \/>\n<meta property=\"og:locale\" content=\"fr_FR\" \/>\n<meta property=\"og:type\" content=\"article\" \/>\n<meta property=\"og:title\" content=\"Delicious - Emily&#039;s Motherly Love Value Pack\" \/>\n<meta property=\"og:description\" content=\"Honorez la vie d\u2019Emily avec Delicious - Emily\u2019s Motherly Love Value Pack !\" \/>\n<meta property=\"og:url\" content=\"https:\/\/www.iplay.com\/fr\/games\/delicious-emilys-motherly-love-value-pack\/\" \/>\n<meta property=\"og:site_name\" content=\"IPlay\" \/>\n<meta property=\"og:image\" content=\"https:\/\/www.iplay.com\/wp-content\/uploads\/2023\/12\/large_square_tile_image-3958.jpg\" \/>\n\t<meta property=\"og:image:width\" content=\"310\" \/>\n\t<meta property=\"og:image:height\" content=\"310\" \/>\n\t<meta property=\"og:image:type\" content=\"image\/jpeg\" \/>\n<meta name=\"twitter:card\" content=\"summary_large_image\" \/>\n<meta name=\"twitter:label1\" content=\"Dur\u00e9e de lecture estim\u00e9e\" \/>\n\t<meta name=\"twitter:data1\" content=\"1 minute\" \/>\n<script type=\"application\/ld+json\" class=\"yoast-schema-graph\">{\"@context\":\"https:\/\/schema.org\",\"@graph\":[{\"@type\":\"WebPage\",\"@id\":\"https:\/\/www.iplay.com\/fr\/games\/delicious-emilys-motherly-love-value-pack\/\",\"url\":\"https:\/\/www.iplay.com\/fr\/games\/delicious-emilys-motherly-love-value-pack\/\",\"name\":\"Delicious - Emily\u2019s Motherly Love Value Pack - C\u00e9l\u00e9brez la nouvelle vie d\u2019Emily en tant que maman joyeuse\",\"isPartOf\":{\"@id\":\"https:\/\/www.iplay.com\/en\/#website\"},\"primaryImageOfPage\":{\"@id\":\"https:\/\/www.iplay.com\/fr\/games\/delicious-emilys-motherly-love-value-pack\/#primaryimage\"},\"image\":{\"@id\":\"https:\/\/www.iplay.com\/fr\/games\/delicious-emilys-motherly-love-value-pack\/#primaryimage\"},\"thumbnailUrl\":\"https:\/\/www.iplay.com\/wp-content\/uploads\/2023\/12\/large_square_tile_image-3958.jpg\",\"datePublished\":\"2016-05-02T00:00:00+00:00\",\"description\":\"Honorez la vie d\u2019Emily avec Delicious - Emily\u2019s Motherly Love Value Pack !\",\"breadcrumb\":{\"@id\":\"https:\/\/www.iplay.com\/fr\/games\/delicious-emilys-motherly-love-value-pack\/#breadcrumb\"},\"inLanguage\":\"fr-FR\",\"potentialAction\":[{\"@type\":\"ReadAction\",\"target\":[\"https:\/\/www.iplay.com\/fr\/games\/delicious-emilys-motherly-love-value-pack\/\"]}]},{\"@type\":\"ImageObject\",\"inLanguage\":\"fr-FR\",\"@id\":\"https:\/\/www.iplay.com\/fr\/games\/delicious-emilys-motherly-love-value-pack\/#primaryimage\",\"url\":\"https:\/\/www.iplay.com\/wp-content\/uploads\/2023\/12\/large_square_tile_image-3958.jpg\",\"contentUrl\":\"https:\/\/www.iplay.com\/wp-content\/uploads\/2023\/12\/large_square_tile_image-3958.jpg\",\"width\":310,\"height\":310},{\"@type\":\"BreadcrumbList\",\"@id\":\"https:\/\/www.iplay.com\/fr\/games\/delicious-emilys-motherly-love-value-pack\/#breadcrumb\",\"itemListElement\":[{\"@type\":\"ListItem\",\"position\":1,\"name\":\"Home\",\"item\":\"https:\/\/www.iplay.com\/fr\/home-page-2\/\"},{\"@type\":\"ListItem\",\"position\":2,\"name\":\"Shop\",\"item\":\"https:\/\/www.iplay.com\/en\/shop\/\"},{\"@type\":\"ListItem\",\"position\":3,\"name\":\"Delicious &#8211; Emily&#8217;s Motherly Love Value Pack\"}]},{\"@type\":\"WebSite\",\"@id\":\"https:\/\/www.iplay.com\/en\/#website\",\"url\":\"https:\/\/www.iplay.com\/en\/\",\"name\":\"IPlay\",\"description\":\"The Best Casual Games!\",\"publisher\":{\"@id\":\"https:\/\/www.iplay.com\/en\/#organization\"},\"potentialAction\":[{\"@type\":\"SearchAction\",\"target\":{\"@type\":\"EntryPoint\",\"urlTemplate\":\"https:\/\/www.iplay.com\/en\/?s={search_term_string}\"},\"query-input\":{\"@type\":\"PropertyValueSpecification\",\"valueRequired\":true,\"valueName\":\"search_term_string\"}}],\"inLanguage\":\"fr-FR\"},{\"@type\":\"Organization\",\"@id\":\"https:\/\/www.iplay.com\/en\/#organization\",\"name\":\"IPlay\",\"url\":\"https:\/\/www.iplay.com\/en\/\",\"logo\":{\"@type\":\"ImageObject\",\"inLanguage\":\"fr-FR\",\"@id\":\"https:\/\/www.iplay.com\/en\/#\/schema\/logo\/image\/\",\"url\":\"https:\/\/www.iplay.com\/wp-content\/uploads\/2023\/11\/Group-6100.svg\",\"contentUrl\":\"https:\/\/www.iplay.com\/wp-content\/uploads\/2023\/11\/Group-6100.svg\",\"width\":98,\"height\":25,\"caption\":\"IPlay\"},\"image\":{\"@id\":\"https:\/\/www.iplay.com\/en\/#\/schema\/logo\/image\/\"}}]}<\/script>\n<!-- \/ Yoast SEO Premium plugin. -->","yoast_head_json":{"title":"Delicious - Emily\u2019s Motherly Love Value Pack - C\u00e9l\u00e9brez la nouvelle vie d\u2019Emily en tant que maman joyeuse","description":"Honorez la vie d\u2019Emily avec Delicious - Emily\u2019s Motherly Love Value Pack !","robots":{"index":"index","follow":"follow","max-snippet":"max-snippet:-1","max-image-preview":"max-image-preview:large","max-video-preview":"max-video-preview:-1"},"canonical":"https:\/\/www.iplay.com\/fr\/games\/delicious-emilys-motherly-love-value-pack\/","og_locale":"fr_FR","og_type":"article","og_title":"Delicious - Emily's Motherly Love Value Pack","og_description":"Honorez la vie d\u2019Emily avec Delicious - Emily\u2019s Motherly Love Value Pack !","og_url":"https:\/\/www.iplay.com\/fr\/games\/delicious-emilys-motherly-love-value-pack\/","og_site_name":"IPlay","og_image":[{"width":310,"height":310,"url":"https:\/\/www.iplay.com\/wp-content\/uploads\/2023\/12\/large_square_tile_image-3958.jpg","type":"image\/jpeg"}],"twitter_card":"summary_large_image","twitter_misc":{"Dur\u00e9e de lecture estim\u00e9e":"1 minute"},"schema":{"@context":"https:\/\/schema.org","@graph":[{"@type":"WebPage","@id":"https:\/\/www.iplay.com\/fr\/games\/delicious-emilys-motherly-love-value-pack\/","url":"https:\/\/www.iplay.com\/fr\/games\/delicious-emilys-motherly-love-value-pack\/","name":"Delicious - Emily\u2019s Motherly Love Value Pack - C\u00e9l\u00e9brez la nouvelle vie d\u2019Emily en tant que maman joyeuse","isPartOf":{"@id":"https:\/\/www.iplay.com\/en\/#website"},"primaryImageOfPage":{"@id":"https:\/\/www.iplay.com\/fr\/games\/delicious-emilys-motherly-love-value-pack\/#primaryimage"},"image":{"@id":"https:\/\/www.iplay.com\/fr\/games\/delicious-emilys-motherly-love-value-pack\/#primaryimage"},"thumbnailUrl":"https:\/\/www.iplay.com\/wp-content\/uploads\/2023\/12\/large_square_tile_image-3958.jpg","datePublished":"2016-05-02T00:00:00+00:00","description":"Honorez la vie d\u2019Emily avec Delicious - Emily\u2019s Motherly Love Value Pack !","breadcrumb":{"@id":"https:\/\/www.iplay.com\/fr\/games\/delicious-emilys-motherly-love-value-pack\/#breadcrumb"},"inLanguage":"fr-FR","potentialAction":[{"@type":"ReadAction","target":["https:\/\/www.iplay.com\/fr\/games\/delicious-emilys-motherly-love-value-pack\/"]}]},{"@type":"ImageObject","inLanguage":"fr-FR","@id":"https:\/\/www.iplay.com\/fr\/games\/delicious-emilys-motherly-love-value-pack\/#primaryimage","url":"https:\/\/www.iplay.com\/wp-content\/uploads\/2023\/12\/large_square_tile_image-3958.jpg","contentUrl":"https:\/\/www.iplay.com\/wp-content\/uploads\/2023\/12\/large_square_tile_image-3958.jpg","width":310,"height":310},{"@type":"BreadcrumbList","@id":"https:\/\/www.iplay.com\/fr\/games\/delicious-emilys-motherly-love-value-pack\/#breadcrumb","itemListElement":[{"@type":"ListItem","position":1,"name":"Home","item":"https:\/\/www.iplay.com\/fr\/home-page-2\/"},{"@type":"ListItem","position":2,"name":"Shop","item":"https:\/\/www.iplay.com\/en\/shop\/"},{"@type":"ListItem","position":3,"name":"Delicious &#8211; Emily&#8217;s Motherly Love Value Pack"}]},{"@type":"WebSite","@id":"https:\/\/www.iplay.com\/en\/#website","url":"https:\/\/www.iplay.com\/en\/","name":"IPlay","description":"The Best Casual Games!","publisher":{"@id":"https:\/\/www.iplay.com\/en\/#organization"},"potentialAction":[{"@type":"SearchAction","target":{"@type":"EntryPoint","urlTemplate":"https:\/\/www.iplay.com\/en\/?s={search_term_string}"},"query-input":{"@type":"PropertyValueSpecification","valueRequired":true,"valueName":"search_term_string"}}],"inLanguage":"fr-FR"},{"@type":"Organization","@id":"https:\/\/www.iplay.com\/en\/#organization","name":"IPlay","url":"https:\/\/www.iplay.com\/en\/","logo":{"@type":"ImageObject","inLanguage":"fr-FR","@id":"https:\/\/www.iplay.com\/en\/#\/schema\/logo\/image\/","url":"https:\/\/www.iplay.com\/wp-content\/uploads\/2023\/11\/Group-6100.svg","contentUrl":"https:\/\/www.iplay.com\/wp-content\/uploads\/2023\/11\/Group-6100.svg","width":98,"height":25,"caption":"IPlay"},"image":{"@id":"https:\/\/www.iplay.com\/en\/#\/schema\/logo\/image\/"}}]}},"_links":{"self":[{"href":"https:\/\/www.iplay.com\/fr\/wp-json\/wp\/v2\/product\/136018","targetHints":{"allow":["GET"]}}],"collection":[{"href":"https:\/\/www.iplay.com\/fr\/wp-json\/wp\/v2\/product"}],"about":[{"href":"https:\/\/www.iplay.com\/fr\/wp-json\/wp\/v2\/types\/product"}],"author":[{"embeddable":true,"href":"https:\/\/www.iplay.com\/fr\/wp-json\/wp\/v2\/users\/10"}],"replies":[{"embeddable":true,"href":"https:\/\/www.iplay.com\/fr\/wp-json\/wp\/v2\/comments?post=136018"}],"wp:featuredmedia":[{"embeddable":true,"href":"https:\/\/www.iplay.com\/fr\/wp-json\/wp\/v2\/media\/103106"}],"wp:attachment":[{"href":"https:\/\/www.iplay.com\/fr\/wp-json\/wp\/v2\/media?parent=136018"}],"wp:term":[{"taxonomy":"product_brand","embeddable":true,"href":"https:\/\/www.iplay.com\/fr\/wp-json\/wp\/v2\/product_brand?post=136018"},{"taxonomy":"product_cat","embeddable":true,"href":"https:\/\/www.iplay.com\/fr\/wp-json\/wp\/v2\/product_cat?post=136018"},{"taxonomy":"product_tag","embeddable":true,"href":"https:\/\/www.iplay.com\/fr\/wp-json\/wp\/v2\/product_tag?post=136018"}],"curies":[{"name":"wp","href":"https:\/\/api.w.org\/{rel}","templated":true}]}}