{"id":136004,"date":"2016-06-04T00:00:00","date_gmt":"2016-06-04T00:00:00","guid":{"rendered":"https:\/\/www.iplay.com\/games\/weather-lord-legendary-hero\/"},"modified":"2016-06-04T00:00:00","modified_gmt":"2016-06-04T00:00:00","slug":"weather-lord-legendary-hero","status":"publish","type":"product","link":"https:\/\/www.iplay.com\/fr\/games\/weather-lord-legendary-hero\/","title":{"rendered":"Weather Lord: Legendary Hero"},"content":{"rendered":"<p>Avant qu\u2019il n\u2019y ait plus d\u2019espoir, demandez aux dieux de l\u2019Olympe de vous aider \u00e0 sauver votre bien-aim\u00e9 ! Utilisez la puissance du soleil, du vent, de la pluie et d\u2019autres \u00e9l\u00e9ments \u00e0 votre avantage pour surmonter d\u2019\u00e9normes obstacles, rencontrer des ennemis \u00e9tranges et restaurer un paysage d\u00e9vast\u00e9 ! Weather Lord&nbsp;: Legendary Hero se d\u00e9roule avec la grandeur d\u2019une aventure fantastique \u00e9pique, captivant votre attention et vous plongeant dans des heures de jeu captivant !  <\/p>\n<p>&nbsp;<\/p>\n<p>&nbsp;<\/p>\n<p><strong>Fonctionnalit\u00e9s:<\/strong><\/p>\n<p>&nbsp;<\/p>\n<p>&#8211; De nombreux niveaux difficiles !<br \/>\n&#8211; Des visuels lumineux et des mouvements vivants !<br \/>\n&#8211; Une histoire captivante de romance et d\u2019exploration !<br \/>\n&#8211; De nombreuses distinctions et r\u00e9alisations abondent&nbsp;!<br \/>\n&#8211; Instructions \u00e9tape par \u00e9tape<\/p>\n","protected":false},"excerpt":{"rendered":"<p>Faites appel aux dieux de l\u2019Olympe pour vous aider \u00e0 sauver votre \u00eatre cher !<\/p>\n","protected":false},"author":8,"featured_media":103666,"comment_status":"open","ping_status":"closed","template":"","meta":{"_acf_changed":false,"inline_featured_image":false},"product_brand":[],"product_cat":[216],"product_tag":[287],"class_list":{"0":"post-136004","1":"product","2":"type-product","3":"status-publish","4":"has-post-thumbnail","6":"product_cat-time-management-fr","7":"product_tag-play-on-pc-fr","9":"first","10":"instock","11":"shipping-taxable","12":"purchasable","13":"product-type-simple"},"acf":[],"yoast_head":"<!-- This site is optimized with the Yoast SEO Premium plugin v25.2 (Yoast SEO v25.2) - https:\/\/yoast.com\/wordpress\/plugins\/seo\/ -->\n<title>Weather Lord\u00a0: Legendary Hero - Faites appel aux dieux de l\u2019Olympe pour vous aider \u00e0 sauver votre bien-aim\u00e9<\/title>\n<meta name=\"description\" content=\"Faites appel aux dieux de l\u2019Olympe pour vous aider \u00e0 sauver votre \u00eatre cher !\" \/>\n<meta name=\"robots\" content=\"noindex, nofollow\" \/>\n<meta property=\"og:locale\" content=\"fr_FR\" \/>\n<meta property=\"og:type\" content=\"article\" \/>\n<meta property=\"og:title\" content=\"Weather Lord: Legendary Hero\" \/>\n<meta property=\"og:description\" content=\"Faites appel aux dieux de l\u2019Olympe pour vous aider \u00e0 sauver votre \u00eatre cher !\" \/>\n<meta property=\"og:url\" content=\"https:\/\/www.iplay.com\/fr\/games\/weather-lord-legendary-hero\/\" \/>\n<meta property=\"og:site_name\" content=\"IPlay\" \/>\n<meta property=\"og:image\" content=\"https:\/\/www.iplay.com\/wp-content\/uploads\/2023\/12\/large_square_tile_image-3993.jpg\" \/>\n\t<meta property=\"og:image:width\" content=\"310\" \/>\n\t<meta property=\"og:image:height\" content=\"310\" \/>\n\t<meta property=\"og:image:type\" content=\"image\/jpeg\" \/>\n<meta name=\"twitter:card\" content=\"summary_large_image\" \/>\n<meta name=\"twitter:label1\" content=\"Dur\u00e9e de lecture estim\u00e9e\" \/>\n\t<meta name=\"twitter:data1\" content=\"1 minute\" \/>\n<script type=\"application\/ld+json\" class=\"yoast-schema-graph\">{\"@context\":\"https:\/\/schema.org\",\"@graph\":[{\"@type\":\"WebPage\",\"@id\":\"https:\/\/www.iplay.com\/fr\/games\/weather-lord-legendary-hero\/\",\"url\":\"https:\/\/www.iplay.com\/fr\/games\/weather-lord-legendary-hero\/\",\"name\":\"Weather Lord\u00a0: Legendary Hero - Faites appel aux dieux de l\u2019Olympe pour vous aider \u00e0 sauver votre bien-aim\u00e9\",\"isPartOf\":{\"@id\":\"https:\/\/www.iplay.com\/en\/#website\"},\"primaryImageOfPage\":{\"@id\":\"https:\/\/www.iplay.com\/fr\/games\/weather-lord-legendary-hero\/#primaryimage\"},\"image\":{\"@id\":\"https:\/\/www.iplay.com\/fr\/games\/weather-lord-legendary-hero\/#primaryimage\"},\"thumbnailUrl\":\"https:\/\/www.iplay.com\/wp-content\/uploads\/2023\/12\/large_square_tile_image-3993.jpg\",\"datePublished\":\"2016-06-04T00:00:00+00:00\",\"description\":\"Faites appel aux dieux de l\u2019Olympe pour vous aider \u00e0 sauver votre \u00eatre cher !\",\"breadcrumb\":{\"@id\":\"https:\/\/www.iplay.com\/fr\/games\/weather-lord-legendary-hero\/#breadcrumb\"},\"inLanguage\":\"fr-FR\",\"potentialAction\":[{\"@type\":\"ReadAction\",\"target\":[\"https:\/\/www.iplay.com\/fr\/games\/weather-lord-legendary-hero\/\"]}]},{\"@type\":\"ImageObject\",\"inLanguage\":\"fr-FR\",\"@id\":\"https:\/\/www.iplay.com\/fr\/games\/weather-lord-legendary-hero\/#primaryimage\",\"url\":\"https:\/\/www.iplay.com\/wp-content\/uploads\/2023\/12\/large_square_tile_image-3993.jpg\",\"contentUrl\":\"https:\/\/www.iplay.com\/wp-content\/uploads\/2023\/12\/large_square_tile_image-3993.jpg\",\"width\":310,\"height\":310},{\"@type\":\"BreadcrumbList\",\"@id\":\"https:\/\/www.iplay.com\/fr\/games\/weather-lord-legendary-hero\/#breadcrumb\",\"itemListElement\":[{\"@type\":\"ListItem\",\"position\":1,\"name\":\"Home\",\"item\":\"https:\/\/www.iplay.com\/fr\/home-page-2\/\"},{\"@type\":\"ListItem\",\"position\":2,\"name\":\"Shop\",\"item\":\"https:\/\/www.iplay.com\/en\/shop\/\"},{\"@type\":\"ListItem\",\"position\":3,\"name\":\"Weather Lord: Legendary Hero\"}]},{\"@type\":\"WebSite\",\"@id\":\"https:\/\/www.iplay.com\/en\/#website\",\"url\":\"https:\/\/www.iplay.com\/en\/\",\"name\":\"IPlay\",\"description\":\"The Best Casual Games!\",\"publisher\":{\"@id\":\"https:\/\/www.iplay.com\/en\/#organization\"},\"potentialAction\":[{\"@type\":\"SearchAction\",\"target\":{\"@type\":\"EntryPoint\",\"urlTemplate\":\"https:\/\/www.iplay.com\/en\/?s={search_term_string}\"},\"query-input\":{\"@type\":\"PropertyValueSpecification\",\"valueRequired\":true,\"valueName\":\"search_term_string\"}}],\"inLanguage\":\"fr-FR\"},{\"@type\":\"Organization\",\"@id\":\"https:\/\/www.iplay.com\/en\/#organization\",\"name\":\"IPlay\",\"url\":\"https:\/\/www.iplay.com\/en\/\",\"logo\":{\"@type\":\"ImageObject\",\"inLanguage\":\"fr-FR\",\"@id\":\"https:\/\/www.iplay.com\/en\/#\/schema\/logo\/image\/\",\"url\":\"https:\/\/www.iplay.com\/wp-content\/uploads\/2023\/11\/Group-6100.svg\",\"contentUrl\":\"https:\/\/www.iplay.com\/wp-content\/uploads\/2023\/11\/Group-6100.svg\",\"width\":98,\"height\":25,\"caption\":\"IPlay\"},\"image\":{\"@id\":\"https:\/\/www.iplay.com\/en\/#\/schema\/logo\/image\/\"}}]}<\/script>\n<!-- \/ Yoast SEO Premium plugin. -->","yoast_head_json":{"title":"Weather Lord\u00a0: Legendary Hero - Faites appel aux dieux de l\u2019Olympe pour vous aider \u00e0 sauver votre bien-aim\u00e9","description":"Faites appel aux dieux de l\u2019Olympe pour vous aider \u00e0 sauver votre \u00eatre cher !","robots":{"index":"noindex","follow":"nofollow"},"og_locale":"fr_FR","og_type":"article","og_title":"Weather Lord: Legendary Hero","og_description":"Faites appel aux dieux de l\u2019Olympe pour vous aider \u00e0 sauver votre \u00eatre cher !","og_url":"https:\/\/www.iplay.com\/fr\/games\/weather-lord-legendary-hero\/","og_site_name":"IPlay","og_image":[{"width":310,"height":310,"url":"https:\/\/www.iplay.com\/wp-content\/uploads\/2023\/12\/large_square_tile_image-3993.jpg","type":"image\/jpeg"}],"twitter_card":"summary_large_image","twitter_misc":{"Dur\u00e9e de lecture estim\u00e9e":"1 minute"},"schema":{"@context":"https:\/\/schema.org","@graph":[{"@type":"WebPage","@id":"https:\/\/www.iplay.com\/fr\/games\/weather-lord-legendary-hero\/","url":"https:\/\/www.iplay.com\/fr\/games\/weather-lord-legendary-hero\/","name":"Weather Lord\u00a0: Legendary Hero - Faites appel aux dieux de l\u2019Olympe pour vous aider \u00e0 sauver votre bien-aim\u00e9","isPartOf":{"@id":"https:\/\/www.iplay.com\/en\/#website"},"primaryImageOfPage":{"@id":"https:\/\/www.iplay.com\/fr\/games\/weather-lord-legendary-hero\/#primaryimage"},"image":{"@id":"https:\/\/www.iplay.com\/fr\/games\/weather-lord-legendary-hero\/#primaryimage"},"thumbnailUrl":"https:\/\/www.iplay.com\/wp-content\/uploads\/2023\/12\/large_square_tile_image-3993.jpg","datePublished":"2016-06-04T00:00:00+00:00","description":"Faites appel aux dieux de l\u2019Olympe pour vous aider \u00e0 sauver votre \u00eatre cher !","breadcrumb":{"@id":"https:\/\/www.iplay.com\/fr\/games\/weather-lord-legendary-hero\/#breadcrumb"},"inLanguage":"fr-FR","potentialAction":[{"@type":"ReadAction","target":["https:\/\/www.iplay.com\/fr\/games\/weather-lord-legendary-hero\/"]}]},{"@type":"ImageObject","inLanguage":"fr-FR","@id":"https:\/\/www.iplay.com\/fr\/games\/weather-lord-legendary-hero\/#primaryimage","url":"https:\/\/www.iplay.com\/wp-content\/uploads\/2023\/12\/large_square_tile_image-3993.jpg","contentUrl":"https:\/\/www.iplay.com\/wp-content\/uploads\/2023\/12\/large_square_tile_image-3993.jpg","width":310,"height":310},{"@type":"BreadcrumbList","@id":"https:\/\/www.iplay.com\/fr\/games\/weather-lord-legendary-hero\/#breadcrumb","itemListElement":[{"@type":"ListItem","position":1,"name":"Home","item":"https:\/\/www.iplay.com\/fr\/home-page-2\/"},{"@type":"ListItem","position":2,"name":"Shop","item":"https:\/\/www.iplay.com\/en\/shop\/"},{"@type":"ListItem","position":3,"name":"Weather Lord: Legendary Hero"}]},{"@type":"WebSite","@id":"https:\/\/www.iplay.com\/en\/#website","url":"https:\/\/www.iplay.com\/en\/","name":"IPlay","description":"The Best Casual Games!","publisher":{"@id":"https:\/\/www.iplay.com\/en\/#organization"},"potentialAction":[{"@type":"SearchAction","target":{"@type":"EntryPoint","urlTemplate":"https:\/\/www.iplay.com\/en\/?s={search_term_string}"},"query-input":{"@type":"PropertyValueSpecification","valueRequired":true,"valueName":"search_term_string"}}],"inLanguage":"fr-FR"},{"@type":"Organization","@id":"https:\/\/www.iplay.com\/en\/#organization","name":"IPlay","url":"https:\/\/www.iplay.com\/en\/","logo":{"@type":"ImageObject","inLanguage":"fr-FR","@id":"https:\/\/www.iplay.com\/en\/#\/schema\/logo\/image\/","url":"https:\/\/www.iplay.com\/wp-content\/uploads\/2023\/11\/Group-6100.svg","contentUrl":"https:\/\/www.iplay.com\/wp-content\/uploads\/2023\/11\/Group-6100.svg","width":98,"height":25,"caption":"IPlay"},"image":{"@id":"https:\/\/www.iplay.com\/en\/#\/schema\/logo\/image\/"}}]}},"_links":{"self":[{"href":"https:\/\/www.iplay.com\/fr\/wp-json\/wp\/v2\/product\/136004","targetHints":{"allow":["GET"]}}],"collection":[{"href":"https:\/\/www.iplay.com\/fr\/wp-json\/wp\/v2\/product"}],"about":[{"href":"https:\/\/www.iplay.com\/fr\/wp-json\/wp\/v2\/types\/product"}],"author":[{"embeddable":true,"href":"https:\/\/www.iplay.com\/fr\/wp-json\/wp\/v2\/users\/8"}],"replies":[{"embeddable":true,"href":"https:\/\/www.iplay.com\/fr\/wp-json\/wp\/v2\/comments?post=136004"}],"wp:featuredmedia":[{"embeddable":true,"href":"https:\/\/www.iplay.com\/fr\/wp-json\/wp\/v2\/media\/103666"}],"wp:attachment":[{"href":"https:\/\/www.iplay.com\/fr\/wp-json\/wp\/v2\/media?parent=136004"}],"wp:term":[{"taxonomy":"product_brand","embeddable":true,"href":"https:\/\/www.iplay.com\/fr\/wp-json\/wp\/v2\/product_brand?post=136004"},{"taxonomy":"product_cat","embeddable":true,"href":"https:\/\/www.iplay.com\/fr\/wp-json\/wp\/v2\/product_cat?post=136004"},{"taxonomy":"product_tag","embeddable":true,"href":"https:\/\/www.iplay.com\/fr\/wp-json\/wp\/v2\/product_tag?post=136004"}],"curies":[{"name":"wp","href":"https:\/\/api.w.org\/{rel}","templated":true}]}}