{"id":135931,"date":"2017-01-25T00:00:00","date_gmt":"2017-01-25T00:00:00","guid":{"rendered":"https:\/\/www.iplay.com\/games\/make-it-big-in-hollywood-platinum-edition\/"},"modified":"2017-01-25T00:00:00","modified_gmt":"2017-01-25T00:00:00","slug":"make-it-big-in-hollywood-platinum-edition","status":"publish","type":"product","link":"https:\/\/www.iplay.com\/fr\/games\/make-it-big-in-hollywood-platinum-edition\/","title":{"rendered":"Make It Big In Hollywood Platinum Edition"},"content":{"rendered":"<p>Lisa est une douce fille de la campagne avec un seul but dans la vie : se faire conna\u00eetre dans le fastueux Hollywood ! Mais comment va-t-elle s\u2019en sortir dans le monde impitoyable du show-business ? Aidez Lisa \u00e0 surmonter ses obstacles et \u00e0 profiter des plaisirs de travailler dans l\u2019industrie cin\u00e9matographique, y compris le glamour du tapis rouge et l\u2019attraction des projecteurs&nbsp;! Suivez l\u2019aventure de Lisa alors qu\u2019elle d\u00e9couvre les nuances de la gestion d\u2019un studio de cin\u00e9ma. Visitez les festivals de cin\u00e9ma les plus branch\u00e9s du monde, rencontrez des c\u00e9l\u00e9brit\u00e9s et tombez follement amoureux ! Pouvez-vous g\u00e9rer cette t\u00e2che ?     <\/p>\n<p>&nbsp;<\/p>\n<p>&nbsp;<\/p>\n<p><strong>Fonctionnalit\u00e9s:<\/strong><\/p>\n<p>&nbsp;<\/p>\n<p>&#8211; Jouez \u00e0 plus de 70 niveaux palpitants dans 6 d\u00e9cors \u00e0 couper le souffle.<\/p>\n<p>&#8211; Essayez vos prouesses de r\u00e9alisateur dans des mini-jeux exaltants.<\/p>\n<p>&#8211; R\u00e9alisez plus de 25 films divertissants, dans diff\u00e9rents genres, avec des acteurs vedettes<\/p>\n<p>&#8211; Jetez un coup d\u2019\u0153il \u00e0 cette charmante histoire d\u2019amour.<\/p>\n","protected":false},"excerpt":{"rendered":"<p>D\u2019un espace ext\u00e9rieur \u00e0 un tapis cramoisi<\/p>\n","protected":false},"author":218,"featured_media":70453,"comment_status":"open","ping_status":"closed","template":"","meta":{"_acf_changed":false,"inline_featured_image":false},"product_brand":[],"product_cat":[216],"product_tag":[287],"class_list":{"0":"post-135931","1":"product","2":"type-product","3":"status-publish","4":"has-post-thumbnail","6":"product_cat-time-management-fr","7":"product_tag-play-on-pc-fr","9":"first","10":"instock","11":"shipping-taxable","12":"purchasable","13":"product-type-simple"},"acf":[],"yoast_head":"<!-- This site is optimized with the Yoast SEO Premium plugin v25.2 (Yoast SEO v25.2) - https:\/\/yoast.com\/wordpress\/plugins\/seo\/ -->\n<title>Make It Big In Hollywood Platinum Edition - Assistez au voyage d\u2019une arri\u00e8re-cour au tapis rouge glamour<\/title>\n<meta name=\"description\" content=\"D\u2019un espace ext\u00e9rieur \u00e0 un tapis cramoisi\" \/>\n<meta name=\"robots\" content=\"index, follow, max-snippet:-1, max-image-preview:large, max-video-preview:-1\" \/>\n<link rel=\"canonical\" href=\"https:\/\/www.iplay.com\/fr\/games\/make-it-big-in-hollywood-platinum-edition\/\" \/>\n<meta property=\"og:locale\" content=\"fr_FR\" \/>\n<meta property=\"og:type\" content=\"article\" \/>\n<meta property=\"og:title\" content=\"Make It Big In Hollywood Platinum Edition\" \/>\n<meta property=\"og:description\" content=\"D\u2019un espace ext\u00e9rieur \u00e0 un tapis cramoisi\" \/>\n<meta property=\"og:url\" content=\"https:\/\/www.iplay.com\/fr\/games\/make-it-big-in-hollywood-platinum-edition\/\" \/>\n<meta property=\"og:site_name\" content=\"IPlay\" \/>\n<meta property=\"og:image\" content=\"https:\/\/www.iplay.com\/wp-content\/uploads\/2023\/12\/large_square_tile_image-1892.jpg\" \/>\n\t<meta property=\"og:image:width\" content=\"310\" \/>\n\t<meta property=\"og:image:height\" content=\"310\" \/>\n\t<meta property=\"og:image:type\" content=\"image\/jpeg\" \/>\n<meta name=\"twitter:card\" content=\"summary_large_image\" \/>\n<meta name=\"twitter:label1\" content=\"Dur\u00e9e de lecture estim\u00e9e\" \/>\n\t<meta name=\"twitter:data1\" content=\"1 minute\" \/>\n<script type=\"application\/ld+json\" class=\"yoast-schema-graph\">{\"@context\":\"https:\/\/schema.org\",\"@graph\":[{\"@type\":\"WebPage\",\"@id\":\"https:\/\/www.iplay.com\/fr\/games\/make-it-big-in-hollywood-platinum-edition\/\",\"url\":\"https:\/\/www.iplay.com\/fr\/games\/make-it-big-in-hollywood-platinum-edition\/\",\"name\":\"Make It Big In Hollywood Platinum Edition - Assistez au voyage d\u2019une arri\u00e8re-cour au tapis rouge glamour\",\"isPartOf\":{\"@id\":\"https:\/\/www.iplay.com\/en\/#website\"},\"primaryImageOfPage\":{\"@id\":\"https:\/\/www.iplay.com\/fr\/games\/make-it-big-in-hollywood-platinum-edition\/#primaryimage\"},\"image\":{\"@id\":\"https:\/\/www.iplay.com\/fr\/games\/make-it-big-in-hollywood-platinum-edition\/#primaryimage\"},\"thumbnailUrl\":\"https:\/\/www.iplay.com\/wp-content\/uploads\/2023\/12\/large_square_tile_image-1892.jpg\",\"datePublished\":\"2017-01-25T00:00:00+00:00\",\"description\":\"D\u2019un espace ext\u00e9rieur \u00e0 un tapis cramoisi\",\"breadcrumb\":{\"@id\":\"https:\/\/www.iplay.com\/fr\/games\/make-it-big-in-hollywood-platinum-edition\/#breadcrumb\"},\"inLanguage\":\"fr-FR\",\"potentialAction\":[{\"@type\":\"ReadAction\",\"target\":[\"https:\/\/www.iplay.com\/fr\/games\/make-it-big-in-hollywood-platinum-edition\/\"]}]},{\"@type\":\"ImageObject\",\"inLanguage\":\"fr-FR\",\"@id\":\"https:\/\/www.iplay.com\/fr\/games\/make-it-big-in-hollywood-platinum-edition\/#primaryimage\",\"url\":\"https:\/\/www.iplay.com\/wp-content\/uploads\/2023\/12\/large_square_tile_image-1892.jpg\",\"contentUrl\":\"https:\/\/www.iplay.com\/wp-content\/uploads\/2023\/12\/large_square_tile_image-1892.jpg\",\"width\":310,\"height\":310},{\"@type\":\"BreadcrumbList\",\"@id\":\"https:\/\/www.iplay.com\/fr\/games\/make-it-big-in-hollywood-platinum-edition\/#breadcrumb\",\"itemListElement\":[{\"@type\":\"ListItem\",\"position\":1,\"name\":\"Home\",\"item\":\"https:\/\/www.iplay.com\/fr\/home-page-2\/\"},{\"@type\":\"ListItem\",\"position\":2,\"name\":\"Shop\",\"item\":\"https:\/\/www.iplay.com\/en\/shop\/\"},{\"@type\":\"ListItem\",\"position\":3,\"name\":\"Make It Big In Hollywood Platinum Edition\"}]},{\"@type\":\"WebSite\",\"@id\":\"https:\/\/www.iplay.com\/en\/#website\",\"url\":\"https:\/\/www.iplay.com\/en\/\",\"name\":\"IPlay\",\"description\":\"The Best Casual Games!\",\"publisher\":{\"@id\":\"https:\/\/www.iplay.com\/en\/#organization\"},\"potentialAction\":[{\"@type\":\"SearchAction\",\"target\":{\"@type\":\"EntryPoint\",\"urlTemplate\":\"https:\/\/www.iplay.com\/en\/?s={search_term_string}\"},\"query-input\":{\"@type\":\"PropertyValueSpecification\",\"valueRequired\":true,\"valueName\":\"search_term_string\"}}],\"inLanguage\":\"fr-FR\"},{\"@type\":\"Organization\",\"@id\":\"https:\/\/www.iplay.com\/en\/#organization\",\"name\":\"IPlay\",\"url\":\"https:\/\/www.iplay.com\/en\/\",\"logo\":{\"@type\":\"ImageObject\",\"inLanguage\":\"fr-FR\",\"@id\":\"https:\/\/www.iplay.com\/en\/#\/schema\/logo\/image\/\",\"url\":\"https:\/\/www.iplay.com\/wp-content\/uploads\/2023\/11\/Group-6100.svg\",\"contentUrl\":\"https:\/\/www.iplay.com\/wp-content\/uploads\/2023\/11\/Group-6100.svg\",\"width\":98,\"height\":25,\"caption\":\"IPlay\"},\"image\":{\"@id\":\"https:\/\/www.iplay.com\/en\/#\/schema\/logo\/image\/\"}}]}<\/script>\n<!-- \/ Yoast SEO Premium plugin. -->","yoast_head_json":{"title":"Make It Big In Hollywood Platinum Edition - Assistez au voyage d\u2019une arri\u00e8re-cour au tapis rouge glamour","description":"D\u2019un espace ext\u00e9rieur \u00e0 un tapis cramoisi","robots":{"index":"index","follow":"follow","max-snippet":"max-snippet:-1","max-image-preview":"max-image-preview:large","max-video-preview":"max-video-preview:-1"},"canonical":"https:\/\/www.iplay.com\/fr\/games\/make-it-big-in-hollywood-platinum-edition\/","og_locale":"fr_FR","og_type":"article","og_title":"Make It Big In Hollywood Platinum Edition","og_description":"D\u2019un espace ext\u00e9rieur \u00e0 un tapis cramoisi","og_url":"https:\/\/www.iplay.com\/fr\/games\/make-it-big-in-hollywood-platinum-edition\/","og_site_name":"IPlay","og_image":[{"width":310,"height":310,"url":"https:\/\/www.iplay.com\/wp-content\/uploads\/2023\/12\/large_square_tile_image-1892.jpg","type":"image\/jpeg"}],"twitter_card":"summary_large_image","twitter_misc":{"Dur\u00e9e de lecture estim\u00e9e":"1 minute"},"schema":{"@context":"https:\/\/schema.org","@graph":[{"@type":"WebPage","@id":"https:\/\/www.iplay.com\/fr\/games\/make-it-big-in-hollywood-platinum-edition\/","url":"https:\/\/www.iplay.com\/fr\/games\/make-it-big-in-hollywood-platinum-edition\/","name":"Make It Big In Hollywood Platinum Edition - Assistez au voyage d\u2019une arri\u00e8re-cour au tapis rouge glamour","isPartOf":{"@id":"https:\/\/www.iplay.com\/en\/#website"},"primaryImageOfPage":{"@id":"https:\/\/www.iplay.com\/fr\/games\/make-it-big-in-hollywood-platinum-edition\/#primaryimage"},"image":{"@id":"https:\/\/www.iplay.com\/fr\/games\/make-it-big-in-hollywood-platinum-edition\/#primaryimage"},"thumbnailUrl":"https:\/\/www.iplay.com\/wp-content\/uploads\/2023\/12\/large_square_tile_image-1892.jpg","datePublished":"2017-01-25T00:00:00+00:00","description":"D\u2019un espace ext\u00e9rieur \u00e0 un tapis cramoisi","breadcrumb":{"@id":"https:\/\/www.iplay.com\/fr\/games\/make-it-big-in-hollywood-platinum-edition\/#breadcrumb"},"inLanguage":"fr-FR","potentialAction":[{"@type":"ReadAction","target":["https:\/\/www.iplay.com\/fr\/games\/make-it-big-in-hollywood-platinum-edition\/"]}]},{"@type":"ImageObject","inLanguage":"fr-FR","@id":"https:\/\/www.iplay.com\/fr\/games\/make-it-big-in-hollywood-platinum-edition\/#primaryimage","url":"https:\/\/www.iplay.com\/wp-content\/uploads\/2023\/12\/large_square_tile_image-1892.jpg","contentUrl":"https:\/\/www.iplay.com\/wp-content\/uploads\/2023\/12\/large_square_tile_image-1892.jpg","width":310,"height":310},{"@type":"BreadcrumbList","@id":"https:\/\/www.iplay.com\/fr\/games\/make-it-big-in-hollywood-platinum-edition\/#breadcrumb","itemListElement":[{"@type":"ListItem","position":1,"name":"Home","item":"https:\/\/www.iplay.com\/fr\/home-page-2\/"},{"@type":"ListItem","position":2,"name":"Shop","item":"https:\/\/www.iplay.com\/en\/shop\/"},{"@type":"ListItem","position":3,"name":"Make It Big In Hollywood Platinum Edition"}]},{"@type":"WebSite","@id":"https:\/\/www.iplay.com\/en\/#website","url":"https:\/\/www.iplay.com\/en\/","name":"IPlay","description":"The Best Casual Games!","publisher":{"@id":"https:\/\/www.iplay.com\/en\/#organization"},"potentialAction":[{"@type":"SearchAction","target":{"@type":"EntryPoint","urlTemplate":"https:\/\/www.iplay.com\/en\/?s={search_term_string}"},"query-input":{"@type":"PropertyValueSpecification","valueRequired":true,"valueName":"search_term_string"}}],"inLanguage":"fr-FR"},{"@type":"Organization","@id":"https:\/\/www.iplay.com\/en\/#organization","name":"IPlay","url":"https:\/\/www.iplay.com\/en\/","logo":{"@type":"ImageObject","inLanguage":"fr-FR","@id":"https:\/\/www.iplay.com\/en\/#\/schema\/logo\/image\/","url":"https:\/\/www.iplay.com\/wp-content\/uploads\/2023\/11\/Group-6100.svg","contentUrl":"https:\/\/www.iplay.com\/wp-content\/uploads\/2023\/11\/Group-6100.svg","width":98,"height":25,"caption":"IPlay"},"image":{"@id":"https:\/\/www.iplay.com\/en\/#\/schema\/logo\/image\/"}}]}},"_links":{"self":[{"href":"https:\/\/www.iplay.com\/fr\/wp-json\/wp\/v2\/product\/135931","targetHints":{"allow":["GET"]}}],"collection":[{"href":"https:\/\/www.iplay.com\/fr\/wp-json\/wp\/v2\/product"}],"about":[{"href":"https:\/\/www.iplay.com\/fr\/wp-json\/wp\/v2\/types\/product"}],"author":[{"embeddable":true,"href":"https:\/\/www.iplay.com\/fr\/wp-json\/wp\/v2\/users\/218"}],"replies":[{"embeddable":true,"href":"https:\/\/www.iplay.com\/fr\/wp-json\/wp\/v2\/comments?post=135931"}],"wp:featuredmedia":[{"embeddable":true,"href":"https:\/\/www.iplay.com\/fr\/wp-json\/wp\/v2\/media\/70453"}],"wp:attachment":[{"href":"https:\/\/www.iplay.com\/fr\/wp-json\/wp\/v2\/media?parent=135931"}],"wp:term":[{"taxonomy":"product_brand","embeddable":true,"href":"https:\/\/www.iplay.com\/fr\/wp-json\/wp\/v2\/product_brand?post=135931"},{"taxonomy":"product_cat","embeddable":true,"href":"https:\/\/www.iplay.com\/fr\/wp-json\/wp\/v2\/product_cat?post=135931"},{"taxonomy":"product_tag","embeddable":true,"href":"https:\/\/www.iplay.com\/fr\/wp-json\/wp\/v2\/product_tag?post=135931"}],"curies":[{"name":"wp","href":"https:\/\/api.w.org\/{rel}","templated":true}]}}