{"id":135918,"date":"2017-02-01T00:00:00","date_gmt":"2017-02-01T00:00:00","guid":{"rendered":"https:\/\/www.iplay.com\/games\/weather-lord-graduation-collectors-edition\/"},"modified":"2017-02-01T00:00:00","modified_gmt":"2017-02-01T00:00:00","slug":"weather-lord-graduation-collectors-edition","status":"publish","type":"product","link":"https:\/\/www.iplay.com\/fr\/games\/weather-lord-graduation-collectors-edition\/","title":{"rendered":"Weather Lord: Graduation Collector&#8217;s Edition"},"content":{"rendered":"<p>Lorsque vous d\u00e9cidez du destin d\u2019une future reine, contr\u00f4lez les \u00e9l\u00e9ments ! Alors que le roi Victor et la reine Victoria s\u2019appr\u00eatent \u00e0 transmettre le tr\u00f4ne \u00e0 leur fille Jenny, l\u2019h\u00e9ritage du Seigneur de la m\u00e9t\u00e9o perdure. Mais Jenny a besoin de s\u2019habituer avant de pouvoir gouverner ! Le jour arrive o\u00f9 les pirates s\u2019emparent de l\u2019\u0153uf d\u2019or appartenant au Grand Dragon. Avant que la b\u00eate ne laisse \u00e9chapper toute la force de sa col\u00e8re, aidez Jenny et son tuteur \u00e0 sauver la situation !     En menant Jenny et son \u00e9quipage contre les trolls, les pirates et les golems de glace, vous serez en mesure de r\u00e9parer le mal que ces malfaiteurs ont caus\u00e9. Collecter des ressources, \u00e9liminer les obstacles et terminer les t\u00e2ches pour les f\u00e9es et les paysans font tous partie de l\u2019action alors que vous faites la course contre les flibustiers pour prendre possession d\u2019un ancien tr\u00e9sor. En plus d\u2019explorer des \u00eeles c\u00e9lestes, de trouver un vieux tr\u00e9sor dot\u00e9 d\u2019une capacit\u00e9 myst\u00e9rieuse et de se lier d\u2019amiti\u00e9 avec d\u2019\u00e9normes tortues, ce jeu imaginatif vous occupera pendant des heures ! Une multitude de contenus suppl\u00e9mentaires sont inclus dans l\u2019\u00c9dition Collector de <strong>Weather Lord&nbsp;: Graduation<\/strong>. Ce magnifique ajout \u00e0 la saga Weather Lord vous occupera pendant des heures avec ses m\u00e9dias t\u00e9l\u00e9chargeables, une proc\u00e9dure pas \u00e0 pas et un chapitre bonus passionnant.<\/p>\n","protected":false},"excerpt":{"rendered":"<p>Lorsque vous d\u00e9cidez du destin d\u2019une future reine, contr\u00f4lez les \u00e9l\u00e9ments !<\/p>\n","protected":false},"author":8,"featured_media":35157,"comment_status":"open","ping_status":"closed","template":"","meta":{"_acf_changed":false,"inline_featured_image":false},"product_brand":[],"product_cat":[216],"product_tag":[287],"class_list":{"0":"post-135918","1":"product","2":"type-product","3":"status-publish","4":"has-post-thumbnail","6":"product_cat-time-management-fr","7":"product_tag-play-on-pc-fr","9":"first","10":"instock","11":"shipping-taxable","12":"purchasable","13":"product-type-simple"},"acf":[],"yoast_head":"<!-- This site is optimized with the Yoast SEO Premium plugin v25.2 (Yoast SEO v25.2) - https:\/\/yoast.com\/wordpress\/plugins\/seo\/ -->\n<title>Weather Lord\u00a0: Graduation Collector\u2019s Edition - Contr\u00f4lez les \u00e9l\u00e9ments, d\u00e9terminez le destin d\u2019une future reine<\/title>\n<meta name=\"description\" content=\"Lorsque vous d\u00e9cidez du destin d\u2019une future reine, contr\u00f4lez les \u00e9l\u00e9ments !\" \/>\n<meta name=\"robots\" content=\"index, follow, max-snippet:-1, max-image-preview:large, max-video-preview:-1\" \/>\n<link rel=\"canonical\" href=\"https:\/\/www.iplay.com\/fr\/games\/weather-lord-graduation-collectors-edition\/\" \/>\n<meta property=\"og:locale\" content=\"fr_FR\" \/>\n<meta property=\"og:type\" content=\"article\" \/>\n<meta property=\"og:title\" content=\"Weather Lord: Graduation Collector&#039;s Edition\" \/>\n<meta property=\"og:description\" content=\"Lorsque vous d\u00e9cidez du destin d\u2019une future reine, contr\u00f4lez les \u00e9l\u00e9ments !\" \/>\n<meta property=\"og:url\" content=\"https:\/\/www.iplay.com\/fr\/games\/weather-lord-graduation-collectors-edition\/\" \/>\n<meta property=\"og:site_name\" content=\"IPlay\" \/>\n<meta property=\"og:image\" content=\"https:\/\/www.iplay.com\/wp-content\/uploads\/2023\/12\/large_square_tile_image-4.jpg\" \/>\n\t<meta property=\"og:image:width\" content=\"310\" \/>\n\t<meta property=\"og:image:height\" content=\"310\" \/>\n\t<meta property=\"og:image:type\" content=\"image\/jpeg\" \/>\n<meta name=\"twitter:card\" content=\"summary_large_image\" \/>\n<meta name=\"twitter:label1\" content=\"Dur\u00e9e de lecture estim\u00e9e\" \/>\n\t<meta name=\"twitter:data1\" content=\"1 minute\" \/>\n<script type=\"application\/ld+json\" class=\"yoast-schema-graph\">{\"@context\":\"https:\/\/schema.org\",\"@graph\":[{\"@type\":\"WebPage\",\"@id\":\"https:\/\/www.iplay.com\/fr\/games\/weather-lord-graduation-collectors-edition\/\",\"url\":\"https:\/\/www.iplay.com\/fr\/games\/weather-lord-graduation-collectors-edition\/\",\"name\":\"Weather Lord\u00a0: Graduation Collector\u2019s Edition - Contr\u00f4lez les \u00e9l\u00e9ments, d\u00e9terminez le destin d\u2019une future reine\",\"isPartOf\":{\"@id\":\"https:\/\/www.iplay.com\/en\/#website\"},\"primaryImageOfPage\":{\"@id\":\"https:\/\/www.iplay.com\/fr\/games\/weather-lord-graduation-collectors-edition\/#primaryimage\"},\"image\":{\"@id\":\"https:\/\/www.iplay.com\/fr\/games\/weather-lord-graduation-collectors-edition\/#primaryimage\"},\"thumbnailUrl\":\"https:\/\/www.iplay.com\/wp-content\/uploads\/2023\/12\/large_square_tile_image-4.jpg\",\"datePublished\":\"2017-02-01T00:00:00+00:00\",\"description\":\"Lorsque vous d\u00e9cidez du destin d\u2019une future reine, contr\u00f4lez les \u00e9l\u00e9ments !\",\"breadcrumb\":{\"@id\":\"https:\/\/www.iplay.com\/fr\/games\/weather-lord-graduation-collectors-edition\/#breadcrumb\"},\"inLanguage\":\"fr-FR\",\"potentialAction\":[{\"@type\":\"ReadAction\",\"target\":[\"https:\/\/www.iplay.com\/fr\/games\/weather-lord-graduation-collectors-edition\/\"]}]},{\"@type\":\"ImageObject\",\"inLanguage\":\"fr-FR\",\"@id\":\"https:\/\/www.iplay.com\/fr\/games\/weather-lord-graduation-collectors-edition\/#primaryimage\",\"url\":\"https:\/\/www.iplay.com\/wp-content\/uploads\/2023\/12\/large_square_tile_image-4.jpg\",\"contentUrl\":\"https:\/\/www.iplay.com\/wp-content\/uploads\/2023\/12\/large_square_tile_image-4.jpg\",\"width\":310,\"height\":310},{\"@type\":\"BreadcrumbList\",\"@id\":\"https:\/\/www.iplay.com\/fr\/games\/weather-lord-graduation-collectors-edition\/#breadcrumb\",\"itemListElement\":[{\"@type\":\"ListItem\",\"position\":1,\"name\":\"Home\",\"item\":\"https:\/\/www.iplay.com\/fr\/home-page-2\/\"},{\"@type\":\"ListItem\",\"position\":2,\"name\":\"Shop\",\"item\":\"https:\/\/www.iplay.com\/en\/shop\/\"},{\"@type\":\"ListItem\",\"position\":3,\"name\":\"Weather Lord: Graduation Collector&#8217;s Edition\"}]},{\"@type\":\"WebSite\",\"@id\":\"https:\/\/www.iplay.com\/en\/#website\",\"url\":\"https:\/\/www.iplay.com\/en\/\",\"name\":\"IPlay\",\"description\":\"The Best Casual Games!\",\"publisher\":{\"@id\":\"https:\/\/www.iplay.com\/en\/#organization\"},\"potentialAction\":[{\"@type\":\"SearchAction\",\"target\":{\"@type\":\"EntryPoint\",\"urlTemplate\":\"https:\/\/www.iplay.com\/en\/?s={search_term_string}\"},\"query-input\":{\"@type\":\"PropertyValueSpecification\",\"valueRequired\":true,\"valueName\":\"search_term_string\"}}],\"inLanguage\":\"fr-FR\"},{\"@type\":\"Organization\",\"@id\":\"https:\/\/www.iplay.com\/en\/#organization\",\"name\":\"IPlay\",\"url\":\"https:\/\/www.iplay.com\/en\/\",\"logo\":{\"@type\":\"ImageObject\",\"inLanguage\":\"fr-FR\",\"@id\":\"https:\/\/www.iplay.com\/en\/#\/schema\/logo\/image\/\",\"url\":\"https:\/\/www.iplay.com\/wp-content\/uploads\/2023\/11\/Group-6100.svg\",\"contentUrl\":\"https:\/\/www.iplay.com\/wp-content\/uploads\/2023\/11\/Group-6100.svg\",\"width\":98,\"height\":25,\"caption\":\"IPlay\"},\"image\":{\"@id\":\"https:\/\/www.iplay.com\/en\/#\/schema\/logo\/image\/\"}}]}<\/script>\n<!-- \/ Yoast SEO Premium plugin. -->","yoast_head_json":{"title":"Weather Lord\u00a0: Graduation Collector\u2019s Edition - Contr\u00f4lez les \u00e9l\u00e9ments, d\u00e9terminez le destin d\u2019une future reine","description":"Lorsque vous d\u00e9cidez du destin d\u2019une future reine, contr\u00f4lez les \u00e9l\u00e9ments !","robots":{"index":"index","follow":"follow","max-snippet":"max-snippet:-1","max-image-preview":"max-image-preview:large","max-video-preview":"max-video-preview:-1"},"canonical":"https:\/\/www.iplay.com\/fr\/games\/weather-lord-graduation-collectors-edition\/","og_locale":"fr_FR","og_type":"article","og_title":"Weather Lord: Graduation Collector's Edition","og_description":"Lorsque vous d\u00e9cidez du destin d\u2019une future reine, contr\u00f4lez les \u00e9l\u00e9ments !","og_url":"https:\/\/www.iplay.com\/fr\/games\/weather-lord-graduation-collectors-edition\/","og_site_name":"IPlay","og_image":[{"width":310,"height":310,"url":"https:\/\/www.iplay.com\/wp-content\/uploads\/2023\/12\/large_square_tile_image-4.jpg","type":"image\/jpeg"}],"twitter_card":"summary_large_image","twitter_misc":{"Dur\u00e9e de lecture estim\u00e9e":"1 minute"},"schema":{"@context":"https:\/\/schema.org","@graph":[{"@type":"WebPage","@id":"https:\/\/www.iplay.com\/fr\/games\/weather-lord-graduation-collectors-edition\/","url":"https:\/\/www.iplay.com\/fr\/games\/weather-lord-graduation-collectors-edition\/","name":"Weather Lord\u00a0: Graduation Collector\u2019s Edition - Contr\u00f4lez les \u00e9l\u00e9ments, d\u00e9terminez le destin d\u2019une future reine","isPartOf":{"@id":"https:\/\/www.iplay.com\/en\/#website"},"primaryImageOfPage":{"@id":"https:\/\/www.iplay.com\/fr\/games\/weather-lord-graduation-collectors-edition\/#primaryimage"},"image":{"@id":"https:\/\/www.iplay.com\/fr\/games\/weather-lord-graduation-collectors-edition\/#primaryimage"},"thumbnailUrl":"https:\/\/www.iplay.com\/wp-content\/uploads\/2023\/12\/large_square_tile_image-4.jpg","datePublished":"2017-02-01T00:00:00+00:00","description":"Lorsque vous d\u00e9cidez du destin d\u2019une future reine, contr\u00f4lez les \u00e9l\u00e9ments !","breadcrumb":{"@id":"https:\/\/www.iplay.com\/fr\/games\/weather-lord-graduation-collectors-edition\/#breadcrumb"},"inLanguage":"fr-FR","potentialAction":[{"@type":"ReadAction","target":["https:\/\/www.iplay.com\/fr\/games\/weather-lord-graduation-collectors-edition\/"]}]},{"@type":"ImageObject","inLanguage":"fr-FR","@id":"https:\/\/www.iplay.com\/fr\/games\/weather-lord-graduation-collectors-edition\/#primaryimage","url":"https:\/\/www.iplay.com\/wp-content\/uploads\/2023\/12\/large_square_tile_image-4.jpg","contentUrl":"https:\/\/www.iplay.com\/wp-content\/uploads\/2023\/12\/large_square_tile_image-4.jpg","width":310,"height":310},{"@type":"BreadcrumbList","@id":"https:\/\/www.iplay.com\/fr\/games\/weather-lord-graduation-collectors-edition\/#breadcrumb","itemListElement":[{"@type":"ListItem","position":1,"name":"Home","item":"https:\/\/www.iplay.com\/fr\/home-page-2\/"},{"@type":"ListItem","position":2,"name":"Shop","item":"https:\/\/www.iplay.com\/en\/shop\/"},{"@type":"ListItem","position":3,"name":"Weather Lord: Graduation Collector&#8217;s Edition"}]},{"@type":"WebSite","@id":"https:\/\/www.iplay.com\/en\/#website","url":"https:\/\/www.iplay.com\/en\/","name":"IPlay","description":"The Best Casual Games!","publisher":{"@id":"https:\/\/www.iplay.com\/en\/#organization"},"potentialAction":[{"@type":"SearchAction","target":{"@type":"EntryPoint","urlTemplate":"https:\/\/www.iplay.com\/en\/?s={search_term_string}"},"query-input":{"@type":"PropertyValueSpecification","valueRequired":true,"valueName":"search_term_string"}}],"inLanguage":"fr-FR"},{"@type":"Organization","@id":"https:\/\/www.iplay.com\/en\/#organization","name":"IPlay","url":"https:\/\/www.iplay.com\/en\/","logo":{"@type":"ImageObject","inLanguage":"fr-FR","@id":"https:\/\/www.iplay.com\/en\/#\/schema\/logo\/image\/","url":"https:\/\/www.iplay.com\/wp-content\/uploads\/2023\/11\/Group-6100.svg","contentUrl":"https:\/\/www.iplay.com\/wp-content\/uploads\/2023\/11\/Group-6100.svg","width":98,"height":25,"caption":"IPlay"},"image":{"@id":"https:\/\/www.iplay.com\/en\/#\/schema\/logo\/image\/"}}]}},"_links":{"self":[{"href":"https:\/\/www.iplay.com\/fr\/wp-json\/wp\/v2\/product\/135918","targetHints":{"allow":["GET"]}}],"collection":[{"href":"https:\/\/www.iplay.com\/fr\/wp-json\/wp\/v2\/product"}],"about":[{"href":"https:\/\/www.iplay.com\/fr\/wp-json\/wp\/v2\/types\/product"}],"author":[{"embeddable":true,"href":"https:\/\/www.iplay.com\/fr\/wp-json\/wp\/v2\/users\/8"}],"replies":[{"embeddable":true,"href":"https:\/\/www.iplay.com\/fr\/wp-json\/wp\/v2\/comments?post=135918"}],"wp:featuredmedia":[{"embeddable":true,"href":"https:\/\/www.iplay.com\/fr\/wp-json\/wp\/v2\/media\/35157"}],"wp:attachment":[{"href":"https:\/\/www.iplay.com\/fr\/wp-json\/wp\/v2\/media?parent=135918"}],"wp:term":[{"taxonomy":"product_brand","embeddable":true,"href":"https:\/\/www.iplay.com\/fr\/wp-json\/wp\/v2\/product_brand?post=135918"},{"taxonomy":"product_cat","embeddable":true,"href":"https:\/\/www.iplay.com\/fr\/wp-json\/wp\/v2\/product_cat?post=135918"},{"taxonomy":"product_tag","embeddable":true,"href":"https:\/\/www.iplay.com\/fr\/wp-json\/wp\/v2\/product_tag?post=135918"}],"curies":[{"name":"wp","href":"https:\/\/api.w.org\/{rel}","templated":true}]}}