{"id":135902,"date":"2017-03-16T00:00:01","date_gmt":"2017-03-16T00:00:01","guid":{"rendered":"https:\/\/www.iplay.com\/games\/fabulous-angelas-high-school-reunion-platinum-edition\/"},"modified":"2017-03-16T00:00:01","modified_gmt":"2017-03-16T00:00:01","slug":"fabulous-angelas-high-school-reunion-platinum-edition","status":"publish","type":"product","link":"https:\/\/www.iplay.com\/fr\/games\/fabulous-angelas-high-school-reunion-platinum-edition\/","title":{"rendered":"Fabulous &#8211; Angela&#8217;s High School Reunion Platinum Edition"},"content":{"rendered":"<p><strong>Fabulous &#8211; Angela\u2019s High School Reunion Platinum Edition<\/strong> pr\u00e9sente le retour d\u2019Angela ! Participez \u00e0 cette nouvelle histoire incroyable et aidez Angela \u00e0 survivre \u00e0 sa r\u00e9union de lyc\u00e9e dans Fabulous &#8211; Angela\u2019s High School Reunion Platinum Edition. Apr\u00e8s avoir cr\u00e9\u00e9 la nouvelle collection de robes de bal, Angela d\u00e9cide d\u2019organiser sa propre r\u00e9union de classe. Cependant, les choses ne se passent pas exactement comme pr\u00e9vu. Merveilleux!    <\/p>\n<p>&nbsp;<\/p>\n<p>&nbsp;<\/p>\n<p><strong>Fonctionnalit\u00e9s:<\/strong><\/p>\n<p>&nbsp;<\/p>\n<p>&#8211; D\u00e9couvrez 90 niveaux de gestion du temps incroyables r\u00e9partis dans 6 lieux<br \/>\n&#8211; Affrontez vos amis dans les tout nouveaux niveaux sans fin !<\/p>\n<p>&#8211; Revivez les chagrins et les joies du lyc\u00e9e en rassemblant les 17 prix et en terminant l\u2019album de fin d\u2019ann\u00e9e d\u2019Angela.<\/p>\n","protected":false},"excerpt":{"rendered":"<p>Jamais auparavant Angela n\u2019avait \u00e9t\u00e9 aussi bonne ! Accompagnez-la dans son dernier voyage ! <\/p>\n","protected":false},"author":10,"featured_media":35141,"comment_status":"open","ping_status":"closed","template":"","meta":{"_acf_changed":false,"inline_featured_image":false},"product_brand":[],"product_cat":[216],"product_tag":[287],"class_list":{"0":"post-135902","1":"product","2":"type-product","3":"status-publish","4":"has-post-thumbnail","6":"product_cat-time-management-fr","7":"product_tag-play-on-pc-fr","9":"first","10":"instock","11":"shipping-taxable","12":"purchasable","13":"product-type-simple"},"acf":[],"yoast_head":"<!-- This site is optimized with the Yoast SEO Premium plugin v25.2 (Yoast SEO v25.2) - https:\/\/yoast.com\/wordpress\/plugins\/seo\/ -->\n<title>Fabulous - Angela\u2019s High School Reunion Platinum Edition - Angela est de retour, meilleure que jamais ! Rejoignez-la dans sa nouvelle aventure<\/title>\n<meta name=\"description\" content=\"Jamais auparavant Angela n\u2019avait \u00e9t\u00e9 aussi bonne ! Accompagnez-la dans son dernier voyage !\" \/>\n<meta name=\"robots\" content=\"index, follow, max-snippet:-1, max-image-preview:large, max-video-preview:-1\" \/>\n<link rel=\"canonical\" href=\"https:\/\/www.iplay.com\/fr\/games\/fabulous-angelas-high-school-reunion-platinum-edition\/\" \/>\n<meta property=\"og:locale\" content=\"fr_FR\" \/>\n<meta property=\"og:type\" content=\"article\" \/>\n<meta property=\"og:title\" content=\"Fabulous - Angela&#039;s High School Reunion Platinum Edition\" \/>\n<meta property=\"og:description\" content=\"Jamais auparavant Angela n\u2019avait \u00e9t\u00e9 aussi bonne ! Accompagnez-la dans son dernier voyage !\" \/>\n<meta property=\"og:url\" content=\"https:\/\/www.iplay.com\/fr\/games\/fabulous-angelas-high-school-reunion-platinum-edition\/\" \/>\n<meta property=\"og:site_name\" content=\"IPlay\" \/>\n<meta property=\"og:image\" content=\"https:\/\/www.iplay.com\/wp-content\/uploads\/2023\/12\/large_square_tile_image-3.jpg\" \/>\n\t<meta property=\"og:image:width\" content=\"310\" \/>\n\t<meta property=\"og:image:height\" content=\"310\" \/>\n\t<meta property=\"og:image:type\" content=\"image\/jpeg\" \/>\n<meta name=\"twitter:card\" content=\"summary_large_image\" \/>\n<meta name=\"twitter:label1\" content=\"Dur\u00e9e de lecture estim\u00e9e\" \/>\n\t<meta name=\"twitter:data1\" content=\"1 minute\" \/>\n<script type=\"application\/ld+json\" class=\"yoast-schema-graph\">{\"@context\":\"https:\/\/schema.org\",\"@graph\":[{\"@type\":\"WebPage\",\"@id\":\"https:\/\/www.iplay.com\/fr\/games\/fabulous-angelas-high-school-reunion-platinum-edition\/\",\"url\":\"https:\/\/www.iplay.com\/fr\/games\/fabulous-angelas-high-school-reunion-platinum-edition\/\",\"name\":\"Fabulous - Angela\u2019s High School Reunion Platinum Edition - Angela est de retour, meilleure que jamais ! Rejoignez-la dans sa nouvelle aventure\",\"isPartOf\":{\"@id\":\"https:\/\/www.iplay.com\/en\/#website\"},\"primaryImageOfPage\":{\"@id\":\"https:\/\/www.iplay.com\/fr\/games\/fabulous-angelas-high-school-reunion-platinum-edition\/#primaryimage\"},\"image\":{\"@id\":\"https:\/\/www.iplay.com\/fr\/games\/fabulous-angelas-high-school-reunion-platinum-edition\/#primaryimage\"},\"thumbnailUrl\":\"https:\/\/www.iplay.com\/wp-content\/uploads\/2023\/12\/large_square_tile_image-3.jpg\",\"datePublished\":\"2017-03-16T00:00:01+00:00\",\"description\":\"Jamais auparavant Angela n\u2019avait \u00e9t\u00e9 aussi bonne ! Accompagnez-la dans son dernier voyage !\",\"breadcrumb\":{\"@id\":\"https:\/\/www.iplay.com\/fr\/games\/fabulous-angelas-high-school-reunion-platinum-edition\/#breadcrumb\"},\"inLanguage\":\"fr-FR\",\"potentialAction\":[{\"@type\":\"ReadAction\",\"target\":[\"https:\/\/www.iplay.com\/fr\/games\/fabulous-angelas-high-school-reunion-platinum-edition\/\"]}]},{\"@type\":\"ImageObject\",\"inLanguage\":\"fr-FR\",\"@id\":\"https:\/\/www.iplay.com\/fr\/games\/fabulous-angelas-high-school-reunion-platinum-edition\/#primaryimage\",\"url\":\"https:\/\/www.iplay.com\/wp-content\/uploads\/2023\/12\/large_square_tile_image-3.jpg\",\"contentUrl\":\"https:\/\/www.iplay.com\/wp-content\/uploads\/2023\/12\/large_square_tile_image-3.jpg\",\"width\":310,\"height\":310},{\"@type\":\"BreadcrumbList\",\"@id\":\"https:\/\/www.iplay.com\/fr\/games\/fabulous-angelas-high-school-reunion-platinum-edition\/#breadcrumb\",\"itemListElement\":[{\"@type\":\"ListItem\",\"position\":1,\"name\":\"Home\",\"item\":\"https:\/\/www.iplay.com\/fr\/home-page-2\/\"},{\"@type\":\"ListItem\",\"position\":2,\"name\":\"Shop\",\"item\":\"https:\/\/www.iplay.com\/en\/shop\/\"},{\"@type\":\"ListItem\",\"position\":3,\"name\":\"Fabulous &#8211; Angela&#8217;s High School Reunion Platinum Edition\"}]},{\"@type\":\"WebSite\",\"@id\":\"https:\/\/www.iplay.com\/en\/#website\",\"url\":\"https:\/\/www.iplay.com\/en\/\",\"name\":\"IPlay\",\"description\":\"The Best Casual Games!\",\"publisher\":{\"@id\":\"https:\/\/www.iplay.com\/en\/#organization\"},\"potentialAction\":[{\"@type\":\"SearchAction\",\"target\":{\"@type\":\"EntryPoint\",\"urlTemplate\":\"https:\/\/www.iplay.com\/en\/?s={search_term_string}\"},\"query-input\":{\"@type\":\"PropertyValueSpecification\",\"valueRequired\":true,\"valueName\":\"search_term_string\"}}],\"inLanguage\":\"fr-FR\"},{\"@type\":\"Organization\",\"@id\":\"https:\/\/www.iplay.com\/en\/#organization\",\"name\":\"IPlay\",\"url\":\"https:\/\/www.iplay.com\/en\/\",\"logo\":{\"@type\":\"ImageObject\",\"inLanguage\":\"fr-FR\",\"@id\":\"https:\/\/www.iplay.com\/en\/#\/schema\/logo\/image\/\",\"url\":\"https:\/\/www.iplay.com\/wp-content\/uploads\/2023\/11\/Group-6100.svg\",\"contentUrl\":\"https:\/\/www.iplay.com\/wp-content\/uploads\/2023\/11\/Group-6100.svg\",\"width\":98,\"height\":25,\"caption\":\"IPlay\"},\"image\":{\"@id\":\"https:\/\/www.iplay.com\/en\/#\/schema\/logo\/image\/\"}}]}<\/script>\n<!-- \/ Yoast SEO Premium plugin. -->","yoast_head_json":{"title":"Fabulous - Angela\u2019s High School Reunion Platinum Edition - Angela est de retour, meilleure que jamais ! Rejoignez-la dans sa nouvelle aventure","description":"Jamais auparavant Angela n\u2019avait \u00e9t\u00e9 aussi bonne ! Accompagnez-la dans son dernier voyage !","robots":{"index":"index","follow":"follow","max-snippet":"max-snippet:-1","max-image-preview":"max-image-preview:large","max-video-preview":"max-video-preview:-1"},"canonical":"https:\/\/www.iplay.com\/fr\/games\/fabulous-angelas-high-school-reunion-platinum-edition\/","og_locale":"fr_FR","og_type":"article","og_title":"Fabulous - Angela's High School Reunion Platinum Edition","og_description":"Jamais auparavant Angela n\u2019avait \u00e9t\u00e9 aussi bonne ! Accompagnez-la dans son dernier voyage !","og_url":"https:\/\/www.iplay.com\/fr\/games\/fabulous-angelas-high-school-reunion-platinum-edition\/","og_site_name":"IPlay","og_image":[{"width":310,"height":310,"url":"https:\/\/www.iplay.com\/wp-content\/uploads\/2023\/12\/large_square_tile_image-3.jpg","type":"image\/jpeg"}],"twitter_card":"summary_large_image","twitter_misc":{"Dur\u00e9e de lecture estim\u00e9e":"1 minute"},"schema":{"@context":"https:\/\/schema.org","@graph":[{"@type":"WebPage","@id":"https:\/\/www.iplay.com\/fr\/games\/fabulous-angelas-high-school-reunion-platinum-edition\/","url":"https:\/\/www.iplay.com\/fr\/games\/fabulous-angelas-high-school-reunion-platinum-edition\/","name":"Fabulous - Angela\u2019s High School Reunion Platinum Edition - Angela est de retour, meilleure que jamais ! Rejoignez-la dans sa nouvelle aventure","isPartOf":{"@id":"https:\/\/www.iplay.com\/en\/#website"},"primaryImageOfPage":{"@id":"https:\/\/www.iplay.com\/fr\/games\/fabulous-angelas-high-school-reunion-platinum-edition\/#primaryimage"},"image":{"@id":"https:\/\/www.iplay.com\/fr\/games\/fabulous-angelas-high-school-reunion-platinum-edition\/#primaryimage"},"thumbnailUrl":"https:\/\/www.iplay.com\/wp-content\/uploads\/2023\/12\/large_square_tile_image-3.jpg","datePublished":"2017-03-16T00:00:01+00:00","description":"Jamais auparavant Angela n\u2019avait \u00e9t\u00e9 aussi bonne ! Accompagnez-la dans son dernier voyage !","breadcrumb":{"@id":"https:\/\/www.iplay.com\/fr\/games\/fabulous-angelas-high-school-reunion-platinum-edition\/#breadcrumb"},"inLanguage":"fr-FR","potentialAction":[{"@type":"ReadAction","target":["https:\/\/www.iplay.com\/fr\/games\/fabulous-angelas-high-school-reunion-platinum-edition\/"]}]},{"@type":"ImageObject","inLanguage":"fr-FR","@id":"https:\/\/www.iplay.com\/fr\/games\/fabulous-angelas-high-school-reunion-platinum-edition\/#primaryimage","url":"https:\/\/www.iplay.com\/wp-content\/uploads\/2023\/12\/large_square_tile_image-3.jpg","contentUrl":"https:\/\/www.iplay.com\/wp-content\/uploads\/2023\/12\/large_square_tile_image-3.jpg","width":310,"height":310},{"@type":"BreadcrumbList","@id":"https:\/\/www.iplay.com\/fr\/games\/fabulous-angelas-high-school-reunion-platinum-edition\/#breadcrumb","itemListElement":[{"@type":"ListItem","position":1,"name":"Home","item":"https:\/\/www.iplay.com\/fr\/home-page-2\/"},{"@type":"ListItem","position":2,"name":"Shop","item":"https:\/\/www.iplay.com\/en\/shop\/"},{"@type":"ListItem","position":3,"name":"Fabulous &#8211; Angela&#8217;s High School Reunion Platinum Edition"}]},{"@type":"WebSite","@id":"https:\/\/www.iplay.com\/en\/#website","url":"https:\/\/www.iplay.com\/en\/","name":"IPlay","description":"The Best Casual Games!","publisher":{"@id":"https:\/\/www.iplay.com\/en\/#organization"},"potentialAction":[{"@type":"SearchAction","target":{"@type":"EntryPoint","urlTemplate":"https:\/\/www.iplay.com\/en\/?s={search_term_string}"},"query-input":{"@type":"PropertyValueSpecification","valueRequired":true,"valueName":"search_term_string"}}],"inLanguage":"fr-FR"},{"@type":"Organization","@id":"https:\/\/www.iplay.com\/en\/#organization","name":"IPlay","url":"https:\/\/www.iplay.com\/en\/","logo":{"@type":"ImageObject","inLanguage":"fr-FR","@id":"https:\/\/www.iplay.com\/en\/#\/schema\/logo\/image\/","url":"https:\/\/www.iplay.com\/wp-content\/uploads\/2023\/11\/Group-6100.svg","contentUrl":"https:\/\/www.iplay.com\/wp-content\/uploads\/2023\/11\/Group-6100.svg","width":98,"height":25,"caption":"IPlay"},"image":{"@id":"https:\/\/www.iplay.com\/en\/#\/schema\/logo\/image\/"}}]}},"_links":{"self":[{"href":"https:\/\/www.iplay.com\/fr\/wp-json\/wp\/v2\/product\/135902","targetHints":{"allow":["GET"]}}],"collection":[{"href":"https:\/\/www.iplay.com\/fr\/wp-json\/wp\/v2\/product"}],"about":[{"href":"https:\/\/www.iplay.com\/fr\/wp-json\/wp\/v2\/types\/product"}],"author":[{"embeddable":true,"href":"https:\/\/www.iplay.com\/fr\/wp-json\/wp\/v2\/users\/10"}],"replies":[{"embeddable":true,"href":"https:\/\/www.iplay.com\/fr\/wp-json\/wp\/v2\/comments?post=135902"}],"wp:featuredmedia":[{"embeddable":true,"href":"https:\/\/www.iplay.com\/fr\/wp-json\/wp\/v2\/media\/35141"}],"wp:attachment":[{"href":"https:\/\/www.iplay.com\/fr\/wp-json\/wp\/v2\/media?parent=135902"}],"wp:term":[{"taxonomy":"product_brand","embeddable":true,"href":"https:\/\/www.iplay.com\/fr\/wp-json\/wp\/v2\/product_brand?post=135902"},{"taxonomy":"product_cat","embeddable":true,"href":"https:\/\/www.iplay.com\/fr\/wp-json\/wp\/v2\/product_cat?post=135902"},{"taxonomy":"product_tag","embeddable":true,"href":"https:\/\/www.iplay.com\/fr\/wp-json\/wp\/v2\/product_tag?post=135902"}],"curies":[{"name":"wp","href":"https:\/\/api.w.org\/{rel}","templated":true}]}}