{"id":135897,"date":"2017-03-26T00:00:01","date_gmt":"2017-03-26T00:00:01","guid":{"rendered":"https:\/\/www.iplay.com\/games\/viking-brothers-2\/"},"modified":"2017-03-26T00:00:01","modified_gmt":"2017-03-26T00:00:01","slug":"viking-brothers-2","status":"publish","type":"product","link":"https:\/\/www.iplay.com\/fr\/games\/viking-brothers-2\/","title":{"rendered":"Viking Brothers 2"},"content":{"rendered":"<p>Selon l\u2019histoire, les Vikings gouvernaient autrefois le monde entier. Mais selon le folklore, il n\u2019a fallu qu\u2019une fois qu\u2019ils soient deux pour le sauver ! Accompagnez les fr\u00e8res vikings Everand et Boromere alors qu\u2019ils se lancent dans un tout nouveau voyage hilarant pour faire amende honorable, faire de bonnes actions et garder leurs chopes pleines de bi\u00e8re ! Ce ne sera pas simple, car une entit\u00e9 \u00e9nigmatique fait des ravages \u00e0 Asgard et sur la Terre ! Cependant, la force et la bravoure des Vikings n\u2019ont jamais faibli, et les fr\u00e8res non plus ! En quelques clics de souris, vous devrez diriger Everand et Boromere alors qu\u2019ils combattent les trolls et les pirates, reconstruisent des communaut\u00e9s et travaillent avec diligence pour revitaliser leur patrie. Avec plusieurs mondes aux couleurs vives pleins de vie anim\u00e9e \u00e0 explorer, niveau apr\u00e8s niveau se d\u00e9rouleront sous vos yeux comme les pages d\u2019un livre de fantasy prennent vie. Les fr\u00e8res sont peut-\u00eatre forts physiquement, mais vous devrez tout de m\u00eame faire preuve d\u2019un l\u00e9ger effort mental pour d\u00e9couvrir comment utiliser le temps dont vous disposez et les ressources que vous rassemblez pour \u00e9liminer les obstacles et accomplir des qu\u00eates simples. Vous ne voudrez plus arr\u00eater de jouer \u00e0 Viking Brothers 2 apr\u00e8s avoir fait l\u2019exp\u00e9rience de sa bande-son entra\u00eenante, de ses nombreuses r\u00e9alisations et de ses cin\u00e9matiques captivantes dessin\u00e9es \u00e0 la main !        <\/p>\n<p>&nbsp;<\/p>\n<p>&nbsp;<\/p>\n<p><strong>Fonctionnalit\u00e9s:<\/strong><\/p>\n<p>&nbsp;<\/p>\n<ul>\n<li>Un voyage exaltant autour d\u2019Asgard !<\/li>\n<li>Un groupe de dieux, d\u2019humains et de monstres ! Des mondes vibrants et vibrants qui sautent de l\u2019\u00e9cran !<\/li>\n<li>Des d\u00e9passements en abondance ! Rapide et simple \u00e0 apprendre \u00e0 jouer<\/li>\n<\/ul>\n","protected":false},"excerpt":{"rendered":"<p>Accompagnez les fr\u00e8res Viking dans un tout nouveau voyage hilarant !<\/p>\n","protected":false},"author":8,"featured_media":104258,"comment_status":"open","ping_status":"closed","template":"","meta":{"_acf_changed":false,"inline_featured_image":false},"product_brand":[],"product_cat":[216],"product_tag":[287],"class_list":{"0":"post-135897","1":"product","2":"type-product","3":"status-publish","4":"has-post-thumbnail","6":"product_cat-time-management-fr","7":"product_tag-play-on-pc-fr","9":"first","10":"instock","11":"shipping-taxable","12":"purchasable","13":"product-type-simple"},"acf":[],"yoast_head":"<!-- This site is optimized with the Yoast SEO Premium plugin v25.2 (Yoast SEO v25.2) - https:\/\/yoast.com\/wordpress\/plugins\/seo\/ -->\n<title>Viking Brothers 2 - Rejoignez les Viking Brothers dans une toute nouvelle aventure pleine d\u2019humour<\/title>\n<meta name=\"description\" content=\"Accompagnez les fr\u00e8res Viking dans un tout nouveau voyage hilarant !\" \/>\n<meta name=\"robots\" content=\"index, follow, max-snippet:-1, max-image-preview:large, max-video-preview:-1\" \/>\n<link rel=\"canonical\" href=\"https:\/\/www.iplay.com\/fr\/games\/viking-brothers-2\/\" \/>\n<meta property=\"og:locale\" content=\"fr_FR\" \/>\n<meta property=\"og:type\" content=\"article\" \/>\n<meta property=\"og:title\" content=\"Viking Brothers 2\" \/>\n<meta property=\"og:description\" content=\"Accompagnez les fr\u00e8res Viking dans un tout nouveau voyage hilarant !\" \/>\n<meta property=\"og:url\" content=\"https:\/\/www.iplay.com\/fr\/games\/viking-brothers-2\/\" \/>\n<meta property=\"og:site_name\" content=\"IPlay\" \/>\n<meta property=\"og:image\" content=\"https:\/\/www.iplay.com\/wp-content\/uploads\/2023\/12\/large_square_tile_image-4032.jpg\" \/>\n\t<meta property=\"og:image:width\" content=\"310\" \/>\n\t<meta property=\"og:image:height\" content=\"310\" \/>\n\t<meta property=\"og:image:type\" content=\"image\/jpeg\" \/>\n<meta name=\"twitter:card\" content=\"summary_large_image\" \/>\n<meta name=\"twitter:label1\" content=\"Dur\u00e9e de lecture estim\u00e9e\" \/>\n\t<meta name=\"twitter:data1\" content=\"1 minute\" \/>\n<script type=\"application\/ld+json\" class=\"yoast-schema-graph\">{\"@context\":\"https:\/\/schema.org\",\"@graph\":[{\"@type\":\"WebPage\",\"@id\":\"https:\/\/www.iplay.com\/fr\/games\/viking-brothers-2\/\",\"url\":\"https:\/\/www.iplay.com\/fr\/games\/viking-brothers-2\/\",\"name\":\"Viking Brothers 2 - Rejoignez les Viking Brothers dans une toute nouvelle aventure pleine d\u2019humour\",\"isPartOf\":{\"@id\":\"https:\/\/www.iplay.com\/en\/#website\"},\"primaryImageOfPage\":{\"@id\":\"https:\/\/www.iplay.com\/fr\/games\/viking-brothers-2\/#primaryimage\"},\"image\":{\"@id\":\"https:\/\/www.iplay.com\/fr\/games\/viking-brothers-2\/#primaryimage\"},\"thumbnailUrl\":\"https:\/\/www.iplay.com\/wp-content\/uploads\/2023\/12\/large_square_tile_image-4032.jpg\",\"datePublished\":\"2017-03-26T00:00:01+00:00\",\"description\":\"Accompagnez les fr\u00e8res Viking dans un tout nouveau voyage hilarant !\",\"breadcrumb\":{\"@id\":\"https:\/\/www.iplay.com\/fr\/games\/viking-brothers-2\/#breadcrumb\"},\"inLanguage\":\"fr-FR\",\"potentialAction\":[{\"@type\":\"ReadAction\",\"target\":[\"https:\/\/www.iplay.com\/fr\/games\/viking-brothers-2\/\"]}]},{\"@type\":\"ImageObject\",\"inLanguage\":\"fr-FR\",\"@id\":\"https:\/\/www.iplay.com\/fr\/games\/viking-brothers-2\/#primaryimage\",\"url\":\"https:\/\/www.iplay.com\/wp-content\/uploads\/2023\/12\/large_square_tile_image-4032.jpg\",\"contentUrl\":\"https:\/\/www.iplay.com\/wp-content\/uploads\/2023\/12\/large_square_tile_image-4032.jpg\",\"width\":310,\"height\":310},{\"@type\":\"BreadcrumbList\",\"@id\":\"https:\/\/www.iplay.com\/fr\/games\/viking-brothers-2\/#breadcrumb\",\"itemListElement\":[{\"@type\":\"ListItem\",\"position\":1,\"name\":\"Home\",\"item\":\"https:\/\/www.iplay.com\/fr\/home-page-2\/\"},{\"@type\":\"ListItem\",\"position\":2,\"name\":\"Shop\",\"item\":\"https:\/\/www.iplay.com\/en\/shop\/\"},{\"@type\":\"ListItem\",\"position\":3,\"name\":\"Viking Brothers 2\"}]},{\"@type\":\"WebSite\",\"@id\":\"https:\/\/www.iplay.com\/en\/#website\",\"url\":\"https:\/\/www.iplay.com\/en\/\",\"name\":\"IPlay\",\"description\":\"The Best Casual Games!\",\"publisher\":{\"@id\":\"https:\/\/www.iplay.com\/en\/#organization\"},\"potentialAction\":[{\"@type\":\"SearchAction\",\"target\":{\"@type\":\"EntryPoint\",\"urlTemplate\":\"https:\/\/www.iplay.com\/en\/?s={search_term_string}\"},\"query-input\":{\"@type\":\"PropertyValueSpecification\",\"valueRequired\":true,\"valueName\":\"search_term_string\"}}],\"inLanguage\":\"fr-FR\"},{\"@type\":\"Organization\",\"@id\":\"https:\/\/www.iplay.com\/en\/#organization\",\"name\":\"IPlay\",\"url\":\"https:\/\/www.iplay.com\/en\/\",\"logo\":{\"@type\":\"ImageObject\",\"inLanguage\":\"fr-FR\",\"@id\":\"https:\/\/www.iplay.com\/en\/#\/schema\/logo\/image\/\",\"url\":\"https:\/\/www.iplay.com\/wp-content\/uploads\/2023\/11\/Group-6100.svg\",\"contentUrl\":\"https:\/\/www.iplay.com\/wp-content\/uploads\/2023\/11\/Group-6100.svg\",\"width\":98,\"height\":25,\"caption\":\"IPlay\"},\"image\":{\"@id\":\"https:\/\/www.iplay.com\/en\/#\/schema\/logo\/image\/\"}}]}<\/script>\n<!-- \/ Yoast SEO Premium plugin. -->","yoast_head_json":{"title":"Viking Brothers 2 - Rejoignez les Viking Brothers dans une toute nouvelle aventure pleine d\u2019humour","description":"Accompagnez les fr\u00e8res Viking dans un tout nouveau voyage hilarant !","robots":{"index":"index","follow":"follow","max-snippet":"max-snippet:-1","max-image-preview":"max-image-preview:large","max-video-preview":"max-video-preview:-1"},"canonical":"https:\/\/www.iplay.com\/fr\/games\/viking-brothers-2\/","og_locale":"fr_FR","og_type":"article","og_title":"Viking Brothers 2","og_description":"Accompagnez les fr\u00e8res Viking dans un tout nouveau voyage hilarant !","og_url":"https:\/\/www.iplay.com\/fr\/games\/viking-brothers-2\/","og_site_name":"IPlay","og_image":[{"width":310,"height":310,"url":"https:\/\/www.iplay.com\/wp-content\/uploads\/2023\/12\/large_square_tile_image-4032.jpg","type":"image\/jpeg"}],"twitter_card":"summary_large_image","twitter_misc":{"Dur\u00e9e de lecture estim\u00e9e":"1 minute"},"schema":{"@context":"https:\/\/schema.org","@graph":[{"@type":"WebPage","@id":"https:\/\/www.iplay.com\/fr\/games\/viking-brothers-2\/","url":"https:\/\/www.iplay.com\/fr\/games\/viking-brothers-2\/","name":"Viking Brothers 2 - Rejoignez les Viking Brothers dans une toute nouvelle aventure pleine d\u2019humour","isPartOf":{"@id":"https:\/\/www.iplay.com\/en\/#website"},"primaryImageOfPage":{"@id":"https:\/\/www.iplay.com\/fr\/games\/viking-brothers-2\/#primaryimage"},"image":{"@id":"https:\/\/www.iplay.com\/fr\/games\/viking-brothers-2\/#primaryimage"},"thumbnailUrl":"https:\/\/www.iplay.com\/wp-content\/uploads\/2023\/12\/large_square_tile_image-4032.jpg","datePublished":"2017-03-26T00:00:01+00:00","description":"Accompagnez les fr\u00e8res Viking dans un tout nouveau voyage hilarant !","breadcrumb":{"@id":"https:\/\/www.iplay.com\/fr\/games\/viking-brothers-2\/#breadcrumb"},"inLanguage":"fr-FR","potentialAction":[{"@type":"ReadAction","target":["https:\/\/www.iplay.com\/fr\/games\/viking-brothers-2\/"]}]},{"@type":"ImageObject","inLanguage":"fr-FR","@id":"https:\/\/www.iplay.com\/fr\/games\/viking-brothers-2\/#primaryimage","url":"https:\/\/www.iplay.com\/wp-content\/uploads\/2023\/12\/large_square_tile_image-4032.jpg","contentUrl":"https:\/\/www.iplay.com\/wp-content\/uploads\/2023\/12\/large_square_tile_image-4032.jpg","width":310,"height":310},{"@type":"BreadcrumbList","@id":"https:\/\/www.iplay.com\/fr\/games\/viking-brothers-2\/#breadcrumb","itemListElement":[{"@type":"ListItem","position":1,"name":"Home","item":"https:\/\/www.iplay.com\/fr\/home-page-2\/"},{"@type":"ListItem","position":2,"name":"Shop","item":"https:\/\/www.iplay.com\/en\/shop\/"},{"@type":"ListItem","position":3,"name":"Viking Brothers 2"}]},{"@type":"WebSite","@id":"https:\/\/www.iplay.com\/en\/#website","url":"https:\/\/www.iplay.com\/en\/","name":"IPlay","description":"The Best Casual Games!","publisher":{"@id":"https:\/\/www.iplay.com\/en\/#organization"},"potentialAction":[{"@type":"SearchAction","target":{"@type":"EntryPoint","urlTemplate":"https:\/\/www.iplay.com\/en\/?s={search_term_string}"},"query-input":{"@type":"PropertyValueSpecification","valueRequired":true,"valueName":"search_term_string"}}],"inLanguage":"fr-FR"},{"@type":"Organization","@id":"https:\/\/www.iplay.com\/en\/#organization","name":"IPlay","url":"https:\/\/www.iplay.com\/en\/","logo":{"@type":"ImageObject","inLanguage":"fr-FR","@id":"https:\/\/www.iplay.com\/en\/#\/schema\/logo\/image\/","url":"https:\/\/www.iplay.com\/wp-content\/uploads\/2023\/11\/Group-6100.svg","contentUrl":"https:\/\/www.iplay.com\/wp-content\/uploads\/2023\/11\/Group-6100.svg","width":98,"height":25,"caption":"IPlay"},"image":{"@id":"https:\/\/www.iplay.com\/en\/#\/schema\/logo\/image\/"}}]}},"_links":{"self":[{"href":"https:\/\/www.iplay.com\/fr\/wp-json\/wp\/v2\/product\/135897","targetHints":{"allow":["GET"]}}],"collection":[{"href":"https:\/\/www.iplay.com\/fr\/wp-json\/wp\/v2\/product"}],"about":[{"href":"https:\/\/www.iplay.com\/fr\/wp-json\/wp\/v2\/types\/product"}],"author":[{"embeddable":true,"href":"https:\/\/www.iplay.com\/fr\/wp-json\/wp\/v2\/users\/8"}],"replies":[{"embeddable":true,"href":"https:\/\/www.iplay.com\/fr\/wp-json\/wp\/v2\/comments?post=135897"}],"wp:featuredmedia":[{"embeddable":true,"href":"https:\/\/www.iplay.com\/fr\/wp-json\/wp\/v2\/media\/104258"}],"wp:attachment":[{"href":"https:\/\/www.iplay.com\/fr\/wp-json\/wp\/v2\/media?parent=135897"}],"wp:term":[{"taxonomy":"product_brand","embeddable":true,"href":"https:\/\/www.iplay.com\/fr\/wp-json\/wp\/v2\/product_brand?post=135897"},{"taxonomy":"product_cat","embeddable":true,"href":"https:\/\/www.iplay.com\/fr\/wp-json\/wp\/v2\/product_cat?post=135897"},{"taxonomy":"product_tag","embeddable":true,"href":"https:\/\/www.iplay.com\/fr\/wp-json\/wp\/v2\/product_tag?post=135897"}],"curies":[{"name":"wp","href":"https:\/\/api.w.org\/{rel}","templated":true}]}}