{"id":135863,"date":"2017-06-29T00:00:01","date_gmt":"2017-06-29T00:00:01","guid":{"rendered":"https:\/\/www.iplay.com\/games\/sallys-salon-beauty-secrets-platinum-edition\/"},"modified":"2017-06-29T00:00:01","modified_gmt":"2017-06-29T00:00:01","slug":"sallys-salon-beauty-secrets-platinum-edition","status":"publish","type":"product","link":"https:\/\/www.iplay.com\/fr\/games\/sallys-salon-beauty-secrets-platinum-edition\/","title":{"rendered":"Sally&#8217;s Salon &#8211; Beauty Secrets Platinum Edition"},"content":{"rendered":"<p>L\u2019esth\u00e9ticienne pr\u00e9f\u00e9r\u00e9e de tous, Sally, est de retour ! Elle est \u00e0 la recherche de son amour perdu depuis longtemps tout en essayant d\u2019embellir les femmes du monde entier ! \u00cates-vous pr\u00eat \u00e0 embarquer pour ce dr\u00f4le de voyage avec elle et sa nouvelle compagne, Fran ? Sally et son nouveau compagnon, Fran\u00e7ois, ajoutent un peu de beaut\u00e9 \u00e0 la ville, un traitement \u00e0 la fois, pendant que leur entreprise est florissante. Ils l\u2019\u00e9taient, du moins, jusqu\u2019\u00e0 ce que Sally re\u00e7oive une nouvelle choquante qui la rendit \u00e9tourdie d\u2019anticipation ! Il s\u2019av\u00e8re que Julio, son b\u00e9guin de longue date et musicien pr\u00e9f\u00e9r\u00e9, fera son dernier spectacle pr\u00e8s de Snuggford ! Sally, qui est l\u2019une de ses plus grandes adeptes, est ravie. Mais ce n\u2019est pas tout. Il y a 20 ans, Julio et Sally ont eu une romance estivale que personne ne connaissait ! Au moment o\u00f9 Sally est certaine qu\u2019ils peuvent reprendre leur relation amoureuse&#8230; Une catastrophe se produit ! Alors que le jet de Julio d\u00e9colle pour le concert, il dispara\u00eet. Sally et Fran\u00e7ois se sont lanc\u00e9s dans une aventure incroyable, d\u00e9termin\u00e9s \u00e0 le d\u00e9couvrir ! Sally finira-t-elle par retrouver son amour perdu depuis longtemps ? Pr\u00e9parez-vous pour cette aventure passionnante de gestion du temps en vous coiffant joliment, en vous maquillant, en emballant votre plus jolie robe et en vous pr\u00e9parant \u00e0 d\u00e9couvrir !              <\/p>\n<p>&nbsp;<\/p>\n<p>&nbsp;<\/p>\n<p><strong>Fonctionnalit\u00e9s:<\/strong><\/p>\n<p>&nbsp;<\/p>\n<p>&#8211; Devenez une esth\u00e9ticienne fantastique !<br \/>\n&#8211; D\u00e9couvrez soixante niveaux de gestion du temps, aidez Sally avec les soins<br \/>\n de beaut\u00e9- Jouez \u00e0 12 mini-jeux<br \/>\n&#8211; Profitez de nombreuses apparitions d\u2019invit\u00e9s,<br \/>\n&#8211; Collectez toutes les m\u00e9dailles pour am\u00e9liorer vos salons&nbsp;!<\/p>\n","protected":false},"excerpt":{"rendered":"<p>En tant qu\u2019esth\u00e9ticienne, vous pouvez aider Sally \u00e0 d\u00e9couvrir son amour perdu depuis longtemps !<\/p>\n","protected":false},"author":10,"featured_media":99794,"comment_status":"open","ping_status":"closed","template":"","meta":{"_acf_changed":false,"inline_featured_image":false},"product_brand":[],"product_cat":[216],"product_tag":[287,351],"class_list":{"0":"post-135863","1":"product","2":"type-product","3":"status-publish","4":"has-post-thumbnail","6":"product_cat-time-management-fr","7":"product_tag-play-on-pc-fr","8":"product_tag-valentines-day-fr-2","10":"first","11":"instock","12":"shipping-taxable","13":"purchasable","14":"product-type-simple"},"acf":[],"yoast_head":"<!-- This site is optimized with the Yoast SEO Premium plugin v25.2 (Yoast SEO v25.2) - https:\/\/yoast.com\/wordpress\/plugins\/seo\/ -->\n<title>Sally\u2019s Salon - Beauty Secrets Platinum Edition - Devenez esth\u00e9ticienne et aidez Sally \u00e0 retrouver son amour perdu depuis longtemps<\/title>\n<meta name=\"description\" content=\"En tant qu\u2019esth\u00e9ticienne, vous pouvez aider Sally \u00e0 d\u00e9couvrir son amour perdu depuis longtemps !\" \/>\n<meta name=\"robots\" content=\"index, follow, max-snippet:-1, max-image-preview:large, max-video-preview:-1\" \/>\n<link rel=\"canonical\" href=\"https:\/\/www.iplay.com\/fr\/games\/sallys-salon-beauty-secrets-platinum-edition\/\" \/>\n<meta property=\"og:locale\" content=\"fr_FR\" \/>\n<meta property=\"og:type\" content=\"article\" \/>\n<meta property=\"og:title\" content=\"Sally&#039;s Salon - Beauty Secrets Platinum Edition\" \/>\n<meta property=\"og:description\" content=\"En tant qu\u2019esth\u00e9ticienne, vous pouvez aider Sally \u00e0 d\u00e9couvrir son amour perdu depuis longtemps !\" \/>\n<meta property=\"og:url\" content=\"https:\/\/www.iplay.com\/fr\/games\/sallys-salon-beauty-secrets-platinum-edition\/\" \/>\n<meta property=\"og:site_name\" content=\"IPlay\" \/>\n<meta property=\"og:image\" content=\"https:\/\/www.iplay.com\/wp-content\/uploads\/2023\/12\/large_square_tile_image-3744.jpg\" \/>\n\t<meta property=\"og:image:width\" content=\"310\" \/>\n\t<meta property=\"og:image:height\" content=\"310\" \/>\n\t<meta property=\"og:image:type\" content=\"image\/jpeg\" \/>\n<meta name=\"twitter:card\" content=\"summary_large_image\" \/>\n<meta name=\"twitter:label1\" content=\"Dur\u00e9e de lecture estim\u00e9e\" \/>\n\t<meta name=\"twitter:data1\" content=\"1 minute\" \/>\n<script type=\"application\/ld+json\" class=\"yoast-schema-graph\">{\"@context\":\"https:\/\/schema.org\",\"@graph\":[{\"@type\":\"WebPage\",\"@id\":\"https:\/\/www.iplay.com\/fr\/games\/sallys-salon-beauty-secrets-platinum-edition\/\",\"url\":\"https:\/\/www.iplay.com\/fr\/games\/sallys-salon-beauty-secrets-platinum-edition\/\",\"name\":\"Sally\u2019s Salon - Beauty Secrets Platinum Edition - Devenez esth\u00e9ticienne et aidez Sally \u00e0 retrouver son amour perdu depuis longtemps\",\"isPartOf\":{\"@id\":\"https:\/\/www.iplay.com\/en\/#website\"},\"primaryImageOfPage\":{\"@id\":\"https:\/\/www.iplay.com\/fr\/games\/sallys-salon-beauty-secrets-platinum-edition\/#primaryimage\"},\"image\":{\"@id\":\"https:\/\/www.iplay.com\/fr\/games\/sallys-salon-beauty-secrets-platinum-edition\/#primaryimage\"},\"thumbnailUrl\":\"https:\/\/www.iplay.com\/wp-content\/uploads\/2023\/12\/large_square_tile_image-3744.jpg\",\"datePublished\":\"2017-06-29T00:00:01+00:00\",\"description\":\"En tant qu\u2019esth\u00e9ticienne, vous pouvez aider Sally \u00e0 d\u00e9couvrir son amour perdu depuis longtemps !\",\"breadcrumb\":{\"@id\":\"https:\/\/www.iplay.com\/fr\/games\/sallys-salon-beauty-secrets-platinum-edition\/#breadcrumb\"},\"inLanguage\":\"fr-FR\",\"potentialAction\":[{\"@type\":\"ReadAction\",\"target\":[\"https:\/\/www.iplay.com\/fr\/games\/sallys-salon-beauty-secrets-platinum-edition\/\"]}]},{\"@type\":\"ImageObject\",\"inLanguage\":\"fr-FR\",\"@id\":\"https:\/\/www.iplay.com\/fr\/games\/sallys-salon-beauty-secrets-platinum-edition\/#primaryimage\",\"url\":\"https:\/\/www.iplay.com\/wp-content\/uploads\/2023\/12\/large_square_tile_image-3744.jpg\",\"contentUrl\":\"https:\/\/www.iplay.com\/wp-content\/uploads\/2023\/12\/large_square_tile_image-3744.jpg\",\"width\":310,\"height\":310},{\"@type\":\"BreadcrumbList\",\"@id\":\"https:\/\/www.iplay.com\/fr\/games\/sallys-salon-beauty-secrets-platinum-edition\/#breadcrumb\",\"itemListElement\":[{\"@type\":\"ListItem\",\"position\":1,\"name\":\"Home\",\"item\":\"https:\/\/www.iplay.com\/fr\/home-page-2\/\"},{\"@type\":\"ListItem\",\"position\":2,\"name\":\"Shop\",\"item\":\"https:\/\/www.iplay.com\/en\/shop\/\"},{\"@type\":\"ListItem\",\"position\":3,\"name\":\"Sally&#8217;s Salon &#8211; Beauty Secrets Platinum Edition\"}]},{\"@type\":\"WebSite\",\"@id\":\"https:\/\/www.iplay.com\/en\/#website\",\"url\":\"https:\/\/www.iplay.com\/en\/\",\"name\":\"IPlay\",\"description\":\"The Best Casual Games!\",\"publisher\":{\"@id\":\"https:\/\/www.iplay.com\/en\/#organization\"},\"potentialAction\":[{\"@type\":\"SearchAction\",\"target\":{\"@type\":\"EntryPoint\",\"urlTemplate\":\"https:\/\/www.iplay.com\/en\/?s={search_term_string}\"},\"query-input\":{\"@type\":\"PropertyValueSpecification\",\"valueRequired\":true,\"valueName\":\"search_term_string\"}}],\"inLanguage\":\"fr-FR\"},{\"@type\":\"Organization\",\"@id\":\"https:\/\/www.iplay.com\/en\/#organization\",\"name\":\"IPlay\",\"url\":\"https:\/\/www.iplay.com\/en\/\",\"logo\":{\"@type\":\"ImageObject\",\"inLanguage\":\"fr-FR\",\"@id\":\"https:\/\/www.iplay.com\/en\/#\/schema\/logo\/image\/\",\"url\":\"https:\/\/www.iplay.com\/wp-content\/uploads\/2023\/11\/Group-6100.svg\",\"contentUrl\":\"https:\/\/www.iplay.com\/wp-content\/uploads\/2023\/11\/Group-6100.svg\",\"width\":98,\"height\":25,\"caption\":\"IPlay\"},\"image\":{\"@id\":\"https:\/\/www.iplay.com\/en\/#\/schema\/logo\/image\/\"}}]}<\/script>\n<!-- \/ Yoast SEO Premium plugin. -->","yoast_head_json":{"title":"Sally\u2019s Salon - Beauty Secrets Platinum Edition - Devenez esth\u00e9ticienne et aidez Sally \u00e0 retrouver son amour perdu depuis longtemps","description":"En tant qu\u2019esth\u00e9ticienne, vous pouvez aider Sally \u00e0 d\u00e9couvrir son amour perdu depuis longtemps !","robots":{"index":"index","follow":"follow","max-snippet":"max-snippet:-1","max-image-preview":"max-image-preview:large","max-video-preview":"max-video-preview:-1"},"canonical":"https:\/\/www.iplay.com\/fr\/games\/sallys-salon-beauty-secrets-platinum-edition\/","og_locale":"fr_FR","og_type":"article","og_title":"Sally's Salon - Beauty Secrets Platinum Edition","og_description":"En tant qu\u2019esth\u00e9ticienne, vous pouvez aider Sally \u00e0 d\u00e9couvrir son amour perdu depuis longtemps !","og_url":"https:\/\/www.iplay.com\/fr\/games\/sallys-salon-beauty-secrets-platinum-edition\/","og_site_name":"IPlay","og_image":[{"width":310,"height":310,"url":"https:\/\/www.iplay.com\/wp-content\/uploads\/2023\/12\/large_square_tile_image-3744.jpg","type":"image\/jpeg"}],"twitter_card":"summary_large_image","twitter_misc":{"Dur\u00e9e de lecture estim\u00e9e":"1 minute"},"schema":{"@context":"https:\/\/schema.org","@graph":[{"@type":"WebPage","@id":"https:\/\/www.iplay.com\/fr\/games\/sallys-salon-beauty-secrets-platinum-edition\/","url":"https:\/\/www.iplay.com\/fr\/games\/sallys-salon-beauty-secrets-platinum-edition\/","name":"Sally\u2019s Salon - Beauty Secrets Platinum Edition - Devenez esth\u00e9ticienne et aidez Sally \u00e0 retrouver son amour perdu depuis longtemps","isPartOf":{"@id":"https:\/\/www.iplay.com\/en\/#website"},"primaryImageOfPage":{"@id":"https:\/\/www.iplay.com\/fr\/games\/sallys-salon-beauty-secrets-platinum-edition\/#primaryimage"},"image":{"@id":"https:\/\/www.iplay.com\/fr\/games\/sallys-salon-beauty-secrets-platinum-edition\/#primaryimage"},"thumbnailUrl":"https:\/\/www.iplay.com\/wp-content\/uploads\/2023\/12\/large_square_tile_image-3744.jpg","datePublished":"2017-06-29T00:00:01+00:00","description":"En tant qu\u2019esth\u00e9ticienne, vous pouvez aider Sally \u00e0 d\u00e9couvrir son amour perdu depuis longtemps !","breadcrumb":{"@id":"https:\/\/www.iplay.com\/fr\/games\/sallys-salon-beauty-secrets-platinum-edition\/#breadcrumb"},"inLanguage":"fr-FR","potentialAction":[{"@type":"ReadAction","target":["https:\/\/www.iplay.com\/fr\/games\/sallys-salon-beauty-secrets-platinum-edition\/"]}]},{"@type":"ImageObject","inLanguage":"fr-FR","@id":"https:\/\/www.iplay.com\/fr\/games\/sallys-salon-beauty-secrets-platinum-edition\/#primaryimage","url":"https:\/\/www.iplay.com\/wp-content\/uploads\/2023\/12\/large_square_tile_image-3744.jpg","contentUrl":"https:\/\/www.iplay.com\/wp-content\/uploads\/2023\/12\/large_square_tile_image-3744.jpg","width":310,"height":310},{"@type":"BreadcrumbList","@id":"https:\/\/www.iplay.com\/fr\/games\/sallys-salon-beauty-secrets-platinum-edition\/#breadcrumb","itemListElement":[{"@type":"ListItem","position":1,"name":"Home","item":"https:\/\/www.iplay.com\/fr\/home-page-2\/"},{"@type":"ListItem","position":2,"name":"Shop","item":"https:\/\/www.iplay.com\/en\/shop\/"},{"@type":"ListItem","position":3,"name":"Sally&#8217;s Salon &#8211; Beauty Secrets Platinum Edition"}]},{"@type":"WebSite","@id":"https:\/\/www.iplay.com\/en\/#website","url":"https:\/\/www.iplay.com\/en\/","name":"IPlay","description":"The Best Casual Games!","publisher":{"@id":"https:\/\/www.iplay.com\/en\/#organization"},"potentialAction":[{"@type":"SearchAction","target":{"@type":"EntryPoint","urlTemplate":"https:\/\/www.iplay.com\/en\/?s={search_term_string}"},"query-input":{"@type":"PropertyValueSpecification","valueRequired":true,"valueName":"search_term_string"}}],"inLanguage":"fr-FR"},{"@type":"Organization","@id":"https:\/\/www.iplay.com\/en\/#organization","name":"IPlay","url":"https:\/\/www.iplay.com\/en\/","logo":{"@type":"ImageObject","inLanguage":"fr-FR","@id":"https:\/\/www.iplay.com\/en\/#\/schema\/logo\/image\/","url":"https:\/\/www.iplay.com\/wp-content\/uploads\/2023\/11\/Group-6100.svg","contentUrl":"https:\/\/www.iplay.com\/wp-content\/uploads\/2023\/11\/Group-6100.svg","width":98,"height":25,"caption":"IPlay"},"image":{"@id":"https:\/\/www.iplay.com\/en\/#\/schema\/logo\/image\/"}}]}},"_links":{"self":[{"href":"https:\/\/www.iplay.com\/fr\/wp-json\/wp\/v2\/product\/135863","targetHints":{"allow":["GET"]}}],"collection":[{"href":"https:\/\/www.iplay.com\/fr\/wp-json\/wp\/v2\/product"}],"about":[{"href":"https:\/\/www.iplay.com\/fr\/wp-json\/wp\/v2\/types\/product"}],"author":[{"embeddable":true,"href":"https:\/\/www.iplay.com\/fr\/wp-json\/wp\/v2\/users\/10"}],"replies":[{"embeddable":true,"href":"https:\/\/www.iplay.com\/fr\/wp-json\/wp\/v2\/comments?post=135863"}],"wp:featuredmedia":[{"embeddable":true,"href":"https:\/\/www.iplay.com\/fr\/wp-json\/wp\/v2\/media\/99794"}],"wp:attachment":[{"href":"https:\/\/www.iplay.com\/fr\/wp-json\/wp\/v2\/media?parent=135863"}],"wp:term":[{"taxonomy":"product_brand","embeddable":true,"href":"https:\/\/www.iplay.com\/fr\/wp-json\/wp\/v2\/product_brand?post=135863"},{"taxonomy":"product_cat","embeddable":true,"href":"https:\/\/www.iplay.com\/fr\/wp-json\/wp\/v2\/product_cat?post=135863"},{"taxonomy":"product_tag","embeddable":true,"href":"https:\/\/www.iplay.com\/fr\/wp-json\/wp\/v2\/product_tag?post=135863"}],"curies":[{"name":"wp","href":"https:\/\/api.w.org\/{rel}","templated":true}]}}