{"id":135844,"date":"2017-09-28T00:00:00","date_gmt":"2017-09-28T00:00:00","guid":{"rendered":"https:\/\/www.iplay.com\/games\/alicia-quatermain-and-the-stone-of-fate-ce\/"},"modified":"2017-09-28T00:00:00","modified_gmt":"2017-09-28T00:00:00","slug":"alicia-quatermain-and-the-stone-of-fate-ce","status":"publish","type":"product","link":"https:\/\/www.iplay.com\/fr\/games\/alicia-quatermain-and-the-stone-of-fate-ce\/","title":{"rendered":"Alicia Quatermain and the Stone of Fate CE"},"content":{"rendered":"<p>Alicia Quatermain, la petite-fille du l\u00e9gendaire aventurier Alan Quatermain, part dans la jungle indienne \u00e0 la recherche d\u2019un objet magique. Selon la tradition, la pierre du destin conf\u00e8re un immense pouvoir \u00e0 son propri\u00e9taire. Pour obtenir l\u2019artefact, Alicia doit \u00e9viter les membres de l\u2019Organisation Secr\u00e8te, d\u00e9tourner leur avion, surmonter les avalanches \u00e0 l\u2019aide du tra\u00eeneau tir\u00e9 par un chien, \u00e9teindre des incendies, extraire de l\u2019eau des d\u00e9serts, \u00e9viter de nombreux pi\u00e8ges, trouver et explorer une ville myst\u00e9rieuse parmi les montagnes tib\u00e9taines, faire parler le moine malgr\u00e9 le v\u0153u de silence, sauver des b\u00e9b\u00e9s tigres et accomplir une foule d\u2019autres t\u00e2ches difficiles&#8230; ouf! C\u2019\u00e9tait une sacr\u00e9e bouch\u00e9e ! Alicia sera-t-elle \u00e0 la hauteur du nom Quatermain et surmontera-t-elle tous les d\u00e9fis sur son chemin ? Quelle est exactement l\u2019essence de la Pierre du Destin ? Jouer \u00e0 Alicia Quatermain et la Pierre du Destin \u00c9dition Collector apportera des solutions \u00e0 toutes ces questions !      <\/p>\n<p>&nbsp;<\/p>\n<p>&nbsp;<\/p>\n<p><strong>Fonctionnalit\u00e9s:<\/strong><\/p>\n<p>&nbsp;<\/p>\n<p>&#8211; Des graphismes Full HD \u00e9poustouflants<\/p>\n<p>&#8211; Difficult\u00e9s sp\u00e9ciales pour les joueurs talentueux en mode difficile<\/p>\n<p>&#8211; Tour du monde<\/p>\n<p>&#8211; Une intrigue captivante et des personnages int\u00e9ressants<\/p>\n<p>&#8211; \u00c9nigmes et niveaux bonus<\/p>\n<p>&#8211; Une chance de sauver le monde et d\u2019obtenir des tr\u00e9sors<\/p>\n","protected":false},"excerpt":{"rendered":"<p>Envolez-vous pour un tout nouveau voyage avec Alicia Quatermain !<\/p>\n","protected":false},"author":14,"featured_media":107266,"comment_status":"open","ping_status":"closed","template":"","meta":{"_acf_changed":false,"inline_featured_image":false},"product_brand":[],"product_cat":[216],"product_tag":[287],"class_list":{"0":"post-135844","1":"product","2":"type-product","3":"status-publish","4":"has-post-thumbnail","6":"product_cat-time-management-fr","7":"product_tag-play-on-pc-fr","9":"first","10":"instock","11":"shipping-taxable","12":"purchasable","13":"product-type-simple"},"acf":[],"yoast_head":"<!-- This site is optimized with the Yoast SEO Premium plugin v25.2 (Yoast SEO v25.2) - https:\/\/yoast.com\/wordpress\/plugins\/seo\/ -->\n<title>Alicia Quatermain et la Pierre du Destin CE - Embarquez pour une nouvelle aventure avec Alicia Quatermain<\/title>\n<meta name=\"description\" content=\"Envolez-vous pour un tout nouveau voyage avec Alicia Quatermain !\" \/>\n<meta name=\"robots\" content=\"index, follow, max-snippet:-1, max-image-preview:large, max-video-preview:-1\" \/>\n<link rel=\"canonical\" href=\"https:\/\/www.iplay.com\/fr\/games\/alicia-quatermain-and-the-stone-of-fate-ce\/\" \/>\n<meta property=\"og:locale\" content=\"fr_FR\" \/>\n<meta property=\"og:type\" content=\"article\" \/>\n<meta property=\"og:title\" content=\"Alicia Quatermain and the Stone of Fate CE\" \/>\n<meta property=\"og:description\" content=\"Envolez-vous pour un tout nouveau voyage avec Alicia Quatermain !\" \/>\n<meta property=\"og:url\" content=\"https:\/\/www.iplay.com\/fr\/games\/alicia-quatermain-and-the-stone-of-fate-ce\/\" \/>\n<meta property=\"og:site_name\" content=\"IPlay\" \/>\n<meta property=\"og:image\" content=\"https:\/\/www.iplay.com\/wp-content\/uploads\/2023\/12\/large_square_tile_image-4225.jpg\" \/>\n\t<meta property=\"og:image:width\" content=\"310\" \/>\n\t<meta property=\"og:image:height\" content=\"310\" \/>\n\t<meta property=\"og:image:type\" content=\"image\/jpeg\" \/>\n<meta name=\"twitter:card\" content=\"summary_large_image\" \/>\n<meta name=\"twitter:label1\" content=\"Dur\u00e9e de lecture estim\u00e9e\" \/>\n\t<meta name=\"twitter:data1\" content=\"1 minute\" \/>\n<script type=\"application\/ld+json\" class=\"yoast-schema-graph\">{\"@context\":\"https:\/\/schema.org\",\"@graph\":[{\"@type\":\"WebPage\",\"@id\":\"https:\/\/www.iplay.com\/fr\/games\/alicia-quatermain-and-the-stone-of-fate-ce\/\",\"url\":\"https:\/\/www.iplay.com\/fr\/games\/alicia-quatermain-and-the-stone-of-fate-ce\/\",\"name\":\"Alicia Quatermain et la Pierre du Destin CE - Embarquez pour une nouvelle aventure avec Alicia Quatermain\",\"isPartOf\":{\"@id\":\"https:\/\/www.iplay.com\/en\/#website\"},\"primaryImageOfPage\":{\"@id\":\"https:\/\/www.iplay.com\/fr\/games\/alicia-quatermain-and-the-stone-of-fate-ce\/#primaryimage\"},\"image\":{\"@id\":\"https:\/\/www.iplay.com\/fr\/games\/alicia-quatermain-and-the-stone-of-fate-ce\/#primaryimage\"},\"thumbnailUrl\":\"https:\/\/www.iplay.com\/wp-content\/uploads\/2023\/12\/large_square_tile_image-4225.jpg\",\"datePublished\":\"2017-09-28T00:00:00+00:00\",\"description\":\"Envolez-vous pour un tout nouveau voyage avec Alicia Quatermain !\",\"breadcrumb\":{\"@id\":\"https:\/\/www.iplay.com\/fr\/games\/alicia-quatermain-and-the-stone-of-fate-ce\/#breadcrumb\"},\"inLanguage\":\"fr-FR\",\"potentialAction\":[{\"@type\":\"ReadAction\",\"target\":[\"https:\/\/www.iplay.com\/fr\/games\/alicia-quatermain-and-the-stone-of-fate-ce\/\"]}]},{\"@type\":\"ImageObject\",\"inLanguage\":\"fr-FR\",\"@id\":\"https:\/\/www.iplay.com\/fr\/games\/alicia-quatermain-and-the-stone-of-fate-ce\/#primaryimage\",\"url\":\"https:\/\/www.iplay.com\/wp-content\/uploads\/2023\/12\/large_square_tile_image-4225.jpg\",\"contentUrl\":\"https:\/\/www.iplay.com\/wp-content\/uploads\/2023\/12\/large_square_tile_image-4225.jpg\",\"width\":310,\"height\":310},{\"@type\":\"BreadcrumbList\",\"@id\":\"https:\/\/www.iplay.com\/fr\/games\/alicia-quatermain-and-the-stone-of-fate-ce\/#breadcrumb\",\"itemListElement\":[{\"@type\":\"ListItem\",\"position\":1,\"name\":\"Home\",\"item\":\"https:\/\/www.iplay.com\/fr\/home-page-2\/\"},{\"@type\":\"ListItem\",\"position\":2,\"name\":\"Shop\",\"item\":\"https:\/\/www.iplay.com\/en\/shop\/\"},{\"@type\":\"ListItem\",\"position\":3,\"name\":\"Alicia Quatermain and the Stone of Fate CE\"}]},{\"@type\":\"WebSite\",\"@id\":\"https:\/\/www.iplay.com\/en\/#website\",\"url\":\"https:\/\/www.iplay.com\/en\/\",\"name\":\"IPlay\",\"description\":\"The Best Casual Games!\",\"publisher\":{\"@id\":\"https:\/\/www.iplay.com\/en\/#organization\"},\"potentialAction\":[{\"@type\":\"SearchAction\",\"target\":{\"@type\":\"EntryPoint\",\"urlTemplate\":\"https:\/\/www.iplay.com\/en\/?s={search_term_string}\"},\"query-input\":{\"@type\":\"PropertyValueSpecification\",\"valueRequired\":true,\"valueName\":\"search_term_string\"}}],\"inLanguage\":\"fr-FR\"},{\"@type\":\"Organization\",\"@id\":\"https:\/\/www.iplay.com\/en\/#organization\",\"name\":\"IPlay\",\"url\":\"https:\/\/www.iplay.com\/en\/\",\"logo\":{\"@type\":\"ImageObject\",\"inLanguage\":\"fr-FR\",\"@id\":\"https:\/\/www.iplay.com\/en\/#\/schema\/logo\/image\/\",\"url\":\"https:\/\/www.iplay.com\/wp-content\/uploads\/2023\/11\/Group-6100.svg\",\"contentUrl\":\"https:\/\/www.iplay.com\/wp-content\/uploads\/2023\/11\/Group-6100.svg\",\"width\":98,\"height\":25,\"caption\":\"IPlay\"},\"image\":{\"@id\":\"https:\/\/www.iplay.com\/en\/#\/schema\/logo\/image\/\"}}]}<\/script>\n<!-- \/ Yoast SEO Premium plugin. -->","yoast_head_json":{"title":"Alicia Quatermain et la Pierre du Destin CE - Embarquez pour une nouvelle aventure avec Alicia Quatermain","description":"Envolez-vous pour un tout nouveau voyage avec Alicia Quatermain !","robots":{"index":"index","follow":"follow","max-snippet":"max-snippet:-1","max-image-preview":"max-image-preview:large","max-video-preview":"max-video-preview:-1"},"canonical":"https:\/\/www.iplay.com\/fr\/games\/alicia-quatermain-and-the-stone-of-fate-ce\/","og_locale":"fr_FR","og_type":"article","og_title":"Alicia Quatermain and the Stone of Fate CE","og_description":"Envolez-vous pour un tout nouveau voyage avec Alicia Quatermain !","og_url":"https:\/\/www.iplay.com\/fr\/games\/alicia-quatermain-and-the-stone-of-fate-ce\/","og_site_name":"IPlay","og_image":[{"width":310,"height":310,"url":"https:\/\/www.iplay.com\/wp-content\/uploads\/2023\/12\/large_square_tile_image-4225.jpg","type":"image\/jpeg"}],"twitter_card":"summary_large_image","twitter_misc":{"Dur\u00e9e de lecture estim\u00e9e":"1 minute"},"schema":{"@context":"https:\/\/schema.org","@graph":[{"@type":"WebPage","@id":"https:\/\/www.iplay.com\/fr\/games\/alicia-quatermain-and-the-stone-of-fate-ce\/","url":"https:\/\/www.iplay.com\/fr\/games\/alicia-quatermain-and-the-stone-of-fate-ce\/","name":"Alicia Quatermain et la Pierre du Destin CE - Embarquez pour une nouvelle aventure avec Alicia Quatermain","isPartOf":{"@id":"https:\/\/www.iplay.com\/en\/#website"},"primaryImageOfPage":{"@id":"https:\/\/www.iplay.com\/fr\/games\/alicia-quatermain-and-the-stone-of-fate-ce\/#primaryimage"},"image":{"@id":"https:\/\/www.iplay.com\/fr\/games\/alicia-quatermain-and-the-stone-of-fate-ce\/#primaryimage"},"thumbnailUrl":"https:\/\/www.iplay.com\/wp-content\/uploads\/2023\/12\/large_square_tile_image-4225.jpg","datePublished":"2017-09-28T00:00:00+00:00","description":"Envolez-vous pour un tout nouveau voyage avec Alicia Quatermain !","breadcrumb":{"@id":"https:\/\/www.iplay.com\/fr\/games\/alicia-quatermain-and-the-stone-of-fate-ce\/#breadcrumb"},"inLanguage":"fr-FR","potentialAction":[{"@type":"ReadAction","target":["https:\/\/www.iplay.com\/fr\/games\/alicia-quatermain-and-the-stone-of-fate-ce\/"]}]},{"@type":"ImageObject","inLanguage":"fr-FR","@id":"https:\/\/www.iplay.com\/fr\/games\/alicia-quatermain-and-the-stone-of-fate-ce\/#primaryimage","url":"https:\/\/www.iplay.com\/wp-content\/uploads\/2023\/12\/large_square_tile_image-4225.jpg","contentUrl":"https:\/\/www.iplay.com\/wp-content\/uploads\/2023\/12\/large_square_tile_image-4225.jpg","width":310,"height":310},{"@type":"BreadcrumbList","@id":"https:\/\/www.iplay.com\/fr\/games\/alicia-quatermain-and-the-stone-of-fate-ce\/#breadcrumb","itemListElement":[{"@type":"ListItem","position":1,"name":"Home","item":"https:\/\/www.iplay.com\/fr\/home-page-2\/"},{"@type":"ListItem","position":2,"name":"Shop","item":"https:\/\/www.iplay.com\/en\/shop\/"},{"@type":"ListItem","position":3,"name":"Alicia Quatermain and the Stone of Fate CE"}]},{"@type":"WebSite","@id":"https:\/\/www.iplay.com\/en\/#website","url":"https:\/\/www.iplay.com\/en\/","name":"IPlay","description":"The Best Casual Games!","publisher":{"@id":"https:\/\/www.iplay.com\/en\/#organization"},"potentialAction":[{"@type":"SearchAction","target":{"@type":"EntryPoint","urlTemplate":"https:\/\/www.iplay.com\/en\/?s={search_term_string}"},"query-input":{"@type":"PropertyValueSpecification","valueRequired":true,"valueName":"search_term_string"}}],"inLanguage":"fr-FR"},{"@type":"Organization","@id":"https:\/\/www.iplay.com\/en\/#organization","name":"IPlay","url":"https:\/\/www.iplay.com\/en\/","logo":{"@type":"ImageObject","inLanguage":"fr-FR","@id":"https:\/\/www.iplay.com\/en\/#\/schema\/logo\/image\/","url":"https:\/\/www.iplay.com\/wp-content\/uploads\/2023\/11\/Group-6100.svg","contentUrl":"https:\/\/www.iplay.com\/wp-content\/uploads\/2023\/11\/Group-6100.svg","width":98,"height":25,"caption":"IPlay"},"image":{"@id":"https:\/\/www.iplay.com\/en\/#\/schema\/logo\/image\/"}}]}},"_links":{"self":[{"href":"https:\/\/www.iplay.com\/fr\/wp-json\/wp\/v2\/product\/135844","targetHints":{"allow":["GET"]}}],"collection":[{"href":"https:\/\/www.iplay.com\/fr\/wp-json\/wp\/v2\/product"}],"about":[{"href":"https:\/\/www.iplay.com\/fr\/wp-json\/wp\/v2\/types\/product"}],"author":[{"embeddable":true,"href":"https:\/\/www.iplay.com\/fr\/wp-json\/wp\/v2\/users\/14"}],"replies":[{"embeddable":true,"href":"https:\/\/www.iplay.com\/fr\/wp-json\/wp\/v2\/comments?post=135844"}],"wp:featuredmedia":[{"embeddable":true,"href":"https:\/\/www.iplay.com\/fr\/wp-json\/wp\/v2\/media\/107266"}],"wp:attachment":[{"href":"https:\/\/www.iplay.com\/fr\/wp-json\/wp\/v2\/media?parent=135844"}],"wp:term":[{"taxonomy":"product_brand","embeddable":true,"href":"https:\/\/www.iplay.com\/fr\/wp-json\/wp\/v2\/product_brand?post=135844"},{"taxonomy":"product_cat","embeddable":true,"href":"https:\/\/www.iplay.com\/fr\/wp-json\/wp\/v2\/product_cat?post=135844"},{"taxonomy":"product_tag","embeddable":true,"href":"https:\/\/www.iplay.com\/fr\/wp-json\/wp\/v2\/product_tag?post=135844"}],"curies":[{"name":"wp","href":"https:\/\/api.w.org\/{rel}","templated":true}]}}