{"id":135834,"date":"2017-10-28T00:00:01","date_gmt":"2017-10-28T00:00:01","guid":{"rendered":"https:\/\/www.iplay.com\/games\/elven-legend-5-the-fateful-tournament-ce\/"},"modified":"2017-10-28T00:00:01","modified_gmt":"2017-10-28T00:00:01","slug":"elven-legend-5-the-fateful-tournament-ce","status":"publish","type":"product","link":"https:\/\/www.iplay.com\/fr\/games\/elven-legend-5-the-fateful-tournament-ce\/","title":{"rendered":"Elven Legend 5: The Fateful Tournament CE"},"content":{"rendered":"<p>Le roi elfe, le p\u00e8re d\u2019Aerin, fait le v\u0153u de marier sa fille au vainqueur du tournoi. Aerin est choqu\u00e9e, mais elle doit se conformer aux souhaits de son p\u00e8re pour que son cher Tillian puisse participer au tournoi. Avec votre aide, Tillian peut-il gagner le tournoi ?  <\/p>\n<p>&nbsp;<\/p>\n<p>Entre-temps, une calamit\u00e9 s\u2019est abattue sur le royaume, faisant peser une menace de totalitarisme. Aidez nos h\u00e9ros \u00e0 relever tous les d\u00e9fis et \u00e0 remporter le tournoi ! <\/p>\n<p>&nbsp;<\/p>\n<p>&nbsp;<\/p>\n<p><strong>Fonctionnalit\u00e9s:<\/strong><\/p>\n<p>&nbsp;<\/p>\n<p>&#8211; 10 niveaux suppl\u00e9mentaires palpitants !<\/p>\n<p>&#8211; Une proc\u00e9dure pas \u00e0 pas compl\u00e8te de chaque niveau du jeu<\/p>\n<p>&#8211; De superbes concept art et fonds d\u2019\u00e9cran<\/p>\n<p>&#8211; Galeries avec des objets de collection et des objets cach\u00e9s !<\/p>\n","protected":false},"excerpt":{"rendered":"<p>Il est imp\u00e9ratif que nos h\u00e9ros triomphent dans la comp\u00e9tition et d\u00e9jouent le complot !<\/p>\n","protected":false},"author":138,"featured_media":98372,"comment_status":"open","ping_status":"closed","template":"","meta":{"_acf_changed":false,"inline_featured_image":false},"product_brand":[],"product_cat":[216],"product_tag":[287],"class_list":{"0":"post-135834","1":"product","2":"type-product","3":"status-publish","4":"has-post-thumbnail","6":"product_cat-time-management-fr","7":"product_tag-play-on-pc-fr","9":"first","10":"instock","11":"shipping-taxable","12":"purchasable","13":"product-type-simple"},"acf":[],"yoast_head":"<!-- This site is optimized with the Yoast SEO Premium plugin v25.2 (Yoast SEO v25.2) - https:\/\/yoast.com\/wordpress\/plugins\/seo\/ -->\n<title>Elven Legend 5\u00a0: The Fateful Tournament CE - Les h\u00e9ros doivent triompher dans le tournoi pour contrecarrer la conspiration<\/title>\n<meta name=\"description\" content=\"Il est imp\u00e9ratif que nos h\u00e9ros triomphent dans la comp\u00e9tition et d\u00e9jouent le complot !\" \/>\n<meta name=\"robots\" content=\"index, follow, max-snippet:-1, max-image-preview:large, max-video-preview:-1\" \/>\n<link rel=\"canonical\" href=\"https:\/\/www.iplay.com\/fr\/games\/elven-legend-5-the-fateful-tournament-ce\/\" \/>\n<meta property=\"og:locale\" content=\"fr_FR\" \/>\n<meta property=\"og:type\" content=\"article\" \/>\n<meta property=\"og:title\" content=\"Elven Legend 5: The Fateful Tournament CE\" \/>\n<meta property=\"og:description\" content=\"Il est imp\u00e9ratif que nos h\u00e9ros triomphent dans la comp\u00e9tition et d\u00e9jouent le complot !\" \/>\n<meta property=\"og:url\" content=\"https:\/\/www.iplay.com\/fr\/games\/elven-legend-5-the-fateful-tournament-ce\/\" \/>\n<meta property=\"og:site_name\" content=\"IPlay\" \/>\n<meta property=\"og:image\" content=\"https:\/\/www.iplay.com\/wp-content\/uploads\/2023\/12\/large_square_tile_image-3657.jpg\" \/>\n\t<meta property=\"og:image:width\" content=\"310\" \/>\n\t<meta property=\"og:image:height\" content=\"310\" \/>\n\t<meta property=\"og:image:type\" content=\"image\/jpeg\" \/>\n<meta name=\"twitter:card\" content=\"summary_large_image\" \/>\n<meta name=\"twitter:label1\" content=\"Dur\u00e9e de lecture estim\u00e9e\" \/>\n\t<meta name=\"twitter:data1\" content=\"1 minute\" \/>\n<script type=\"application\/ld+json\" class=\"yoast-schema-graph\">{\"@context\":\"https:\/\/schema.org\",\"@graph\":[{\"@type\":\"WebPage\",\"@id\":\"https:\/\/www.iplay.com\/fr\/games\/elven-legend-5-the-fateful-tournament-ce\/\",\"url\":\"https:\/\/www.iplay.com\/fr\/games\/elven-legend-5-the-fateful-tournament-ce\/\",\"name\":\"Elven Legend 5\u00a0: The Fateful Tournament CE - Les h\u00e9ros doivent triompher dans le tournoi pour contrecarrer la conspiration\",\"isPartOf\":{\"@id\":\"https:\/\/www.iplay.com\/en\/#website\"},\"primaryImageOfPage\":{\"@id\":\"https:\/\/www.iplay.com\/fr\/games\/elven-legend-5-the-fateful-tournament-ce\/#primaryimage\"},\"image\":{\"@id\":\"https:\/\/www.iplay.com\/fr\/games\/elven-legend-5-the-fateful-tournament-ce\/#primaryimage\"},\"thumbnailUrl\":\"https:\/\/www.iplay.com\/wp-content\/uploads\/2023\/12\/large_square_tile_image-3657.jpg\",\"datePublished\":\"2017-10-28T00:00:01+00:00\",\"description\":\"Il est imp\u00e9ratif que nos h\u00e9ros triomphent dans la comp\u00e9tition et d\u00e9jouent le complot !\",\"breadcrumb\":{\"@id\":\"https:\/\/www.iplay.com\/fr\/games\/elven-legend-5-the-fateful-tournament-ce\/#breadcrumb\"},\"inLanguage\":\"fr-FR\",\"potentialAction\":[{\"@type\":\"ReadAction\",\"target\":[\"https:\/\/www.iplay.com\/fr\/games\/elven-legend-5-the-fateful-tournament-ce\/\"]}]},{\"@type\":\"ImageObject\",\"inLanguage\":\"fr-FR\",\"@id\":\"https:\/\/www.iplay.com\/fr\/games\/elven-legend-5-the-fateful-tournament-ce\/#primaryimage\",\"url\":\"https:\/\/www.iplay.com\/wp-content\/uploads\/2023\/12\/large_square_tile_image-3657.jpg\",\"contentUrl\":\"https:\/\/www.iplay.com\/wp-content\/uploads\/2023\/12\/large_square_tile_image-3657.jpg\",\"width\":310,\"height\":310},{\"@type\":\"BreadcrumbList\",\"@id\":\"https:\/\/www.iplay.com\/fr\/games\/elven-legend-5-the-fateful-tournament-ce\/#breadcrumb\",\"itemListElement\":[{\"@type\":\"ListItem\",\"position\":1,\"name\":\"Home\",\"item\":\"https:\/\/www.iplay.com\/fr\/home-page-2\/\"},{\"@type\":\"ListItem\",\"position\":2,\"name\":\"Shop\",\"item\":\"https:\/\/www.iplay.com\/en\/shop\/\"},{\"@type\":\"ListItem\",\"position\":3,\"name\":\"Elven Legend 5: The Fateful Tournament CE\"}]},{\"@type\":\"WebSite\",\"@id\":\"https:\/\/www.iplay.com\/en\/#website\",\"url\":\"https:\/\/www.iplay.com\/en\/\",\"name\":\"IPlay\",\"description\":\"The Best Casual Games!\",\"publisher\":{\"@id\":\"https:\/\/www.iplay.com\/en\/#organization\"},\"potentialAction\":[{\"@type\":\"SearchAction\",\"target\":{\"@type\":\"EntryPoint\",\"urlTemplate\":\"https:\/\/www.iplay.com\/en\/?s={search_term_string}\"},\"query-input\":{\"@type\":\"PropertyValueSpecification\",\"valueRequired\":true,\"valueName\":\"search_term_string\"}}],\"inLanguage\":\"fr-FR\"},{\"@type\":\"Organization\",\"@id\":\"https:\/\/www.iplay.com\/en\/#organization\",\"name\":\"IPlay\",\"url\":\"https:\/\/www.iplay.com\/en\/\",\"logo\":{\"@type\":\"ImageObject\",\"inLanguage\":\"fr-FR\",\"@id\":\"https:\/\/www.iplay.com\/en\/#\/schema\/logo\/image\/\",\"url\":\"https:\/\/www.iplay.com\/wp-content\/uploads\/2023\/11\/Group-6100.svg\",\"contentUrl\":\"https:\/\/www.iplay.com\/wp-content\/uploads\/2023\/11\/Group-6100.svg\",\"width\":98,\"height\":25,\"caption\":\"IPlay\"},\"image\":{\"@id\":\"https:\/\/www.iplay.com\/en\/#\/schema\/logo\/image\/\"}}]}<\/script>\n<!-- \/ Yoast SEO Premium plugin. -->","yoast_head_json":{"title":"Elven Legend 5\u00a0: The Fateful Tournament CE - Les h\u00e9ros doivent triompher dans le tournoi pour contrecarrer la conspiration","description":"Il est imp\u00e9ratif que nos h\u00e9ros triomphent dans la comp\u00e9tition et d\u00e9jouent le complot !","robots":{"index":"index","follow":"follow","max-snippet":"max-snippet:-1","max-image-preview":"max-image-preview:large","max-video-preview":"max-video-preview:-1"},"canonical":"https:\/\/www.iplay.com\/fr\/games\/elven-legend-5-the-fateful-tournament-ce\/","og_locale":"fr_FR","og_type":"article","og_title":"Elven Legend 5: The Fateful Tournament CE","og_description":"Il est imp\u00e9ratif que nos h\u00e9ros triomphent dans la comp\u00e9tition et d\u00e9jouent le complot !","og_url":"https:\/\/www.iplay.com\/fr\/games\/elven-legend-5-the-fateful-tournament-ce\/","og_site_name":"IPlay","og_image":[{"width":310,"height":310,"url":"https:\/\/www.iplay.com\/wp-content\/uploads\/2023\/12\/large_square_tile_image-3657.jpg","type":"image\/jpeg"}],"twitter_card":"summary_large_image","twitter_misc":{"Dur\u00e9e de lecture estim\u00e9e":"1 minute"},"schema":{"@context":"https:\/\/schema.org","@graph":[{"@type":"WebPage","@id":"https:\/\/www.iplay.com\/fr\/games\/elven-legend-5-the-fateful-tournament-ce\/","url":"https:\/\/www.iplay.com\/fr\/games\/elven-legend-5-the-fateful-tournament-ce\/","name":"Elven Legend 5\u00a0: The Fateful Tournament CE - Les h\u00e9ros doivent triompher dans le tournoi pour contrecarrer la conspiration","isPartOf":{"@id":"https:\/\/www.iplay.com\/en\/#website"},"primaryImageOfPage":{"@id":"https:\/\/www.iplay.com\/fr\/games\/elven-legend-5-the-fateful-tournament-ce\/#primaryimage"},"image":{"@id":"https:\/\/www.iplay.com\/fr\/games\/elven-legend-5-the-fateful-tournament-ce\/#primaryimage"},"thumbnailUrl":"https:\/\/www.iplay.com\/wp-content\/uploads\/2023\/12\/large_square_tile_image-3657.jpg","datePublished":"2017-10-28T00:00:01+00:00","description":"Il est imp\u00e9ratif que nos h\u00e9ros triomphent dans la comp\u00e9tition et d\u00e9jouent le complot !","breadcrumb":{"@id":"https:\/\/www.iplay.com\/fr\/games\/elven-legend-5-the-fateful-tournament-ce\/#breadcrumb"},"inLanguage":"fr-FR","potentialAction":[{"@type":"ReadAction","target":["https:\/\/www.iplay.com\/fr\/games\/elven-legend-5-the-fateful-tournament-ce\/"]}]},{"@type":"ImageObject","inLanguage":"fr-FR","@id":"https:\/\/www.iplay.com\/fr\/games\/elven-legend-5-the-fateful-tournament-ce\/#primaryimage","url":"https:\/\/www.iplay.com\/wp-content\/uploads\/2023\/12\/large_square_tile_image-3657.jpg","contentUrl":"https:\/\/www.iplay.com\/wp-content\/uploads\/2023\/12\/large_square_tile_image-3657.jpg","width":310,"height":310},{"@type":"BreadcrumbList","@id":"https:\/\/www.iplay.com\/fr\/games\/elven-legend-5-the-fateful-tournament-ce\/#breadcrumb","itemListElement":[{"@type":"ListItem","position":1,"name":"Home","item":"https:\/\/www.iplay.com\/fr\/home-page-2\/"},{"@type":"ListItem","position":2,"name":"Shop","item":"https:\/\/www.iplay.com\/en\/shop\/"},{"@type":"ListItem","position":3,"name":"Elven Legend 5: The Fateful Tournament CE"}]},{"@type":"WebSite","@id":"https:\/\/www.iplay.com\/en\/#website","url":"https:\/\/www.iplay.com\/en\/","name":"IPlay","description":"The Best Casual Games!","publisher":{"@id":"https:\/\/www.iplay.com\/en\/#organization"},"potentialAction":[{"@type":"SearchAction","target":{"@type":"EntryPoint","urlTemplate":"https:\/\/www.iplay.com\/en\/?s={search_term_string}"},"query-input":{"@type":"PropertyValueSpecification","valueRequired":true,"valueName":"search_term_string"}}],"inLanguage":"fr-FR"},{"@type":"Organization","@id":"https:\/\/www.iplay.com\/en\/#organization","name":"IPlay","url":"https:\/\/www.iplay.com\/en\/","logo":{"@type":"ImageObject","inLanguage":"fr-FR","@id":"https:\/\/www.iplay.com\/en\/#\/schema\/logo\/image\/","url":"https:\/\/www.iplay.com\/wp-content\/uploads\/2023\/11\/Group-6100.svg","contentUrl":"https:\/\/www.iplay.com\/wp-content\/uploads\/2023\/11\/Group-6100.svg","width":98,"height":25,"caption":"IPlay"},"image":{"@id":"https:\/\/www.iplay.com\/en\/#\/schema\/logo\/image\/"}}]}},"_links":{"self":[{"href":"https:\/\/www.iplay.com\/fr\/wp-json\/wp\/v2\/product\/135834","targetHints":{"allow":["GET"]}}],"collection":[{"href":"https:\/\/www.iplay.com\/fr\/wp-json\/wp\/v2\/product"}],"about":[{"href":"https:\/\/www.iplay.com\/fr\/wp-json\/wp\/v2\/types\/product"}],"author":[{"embeddable":true,"href":"https:\/\/www.iplay.com\/fr\/wp-json\/wp\/v2\/users\/138"}],"replies":[{"embeddable":true,"href":"https:\/\/www.iplay.com\/fr\/wp-json\/wp\/v2\/comments?post=135834"}],"wp:featuredmedia":[{"embeddable":true,"href":"https:\/\/www.iplay.com\/fr\/wp-json\/wp\/v2\/media\/98372"}],"wp:attachment":[{"href":"https:\/\/www.iplay.com\/fr\/wp-json\/wp\/v2\/media?parent=135834"}],"wp:term":[{"taxonomy":"product_brand","embeddable":true,"href":"https:\/\/www.iplay.com\/fr\/wp-json\/wp\/v2\/product_brand?post=135834"},{"taxonomy":"product_cat","embeddable":true,"href":"https:\/\/www.iplay.com\/fr\/wp-json\/wp\/v2\/product_cat?post=135834"},{"taxonomy":"product_tag","embeddable":true,"href":"https:\/\/www.iplay.com\/fr\/wp-json\/wp\/v2\/product_tag?post=135834"}],"curies":[{"name":"wp","href":"https:\/\/api.w.org\/{rel}","templated":true}]}}