{"id":135833,"date":"2017-11-20T00:00:00","date_gmt":"2017-11-20T00:00:00","guid":{"rendered":"https:\/\/www.iplay.com\/games\/game-12-labours-of-hercules-super-pack\/"},"modified":"2017-11-20T00:00:00","modified_gmt":"2017-11-20T00:00:00","slug":"game-12-labours-of-hercules-super-pack","status":"publish","type":"product","link":"https:\/\/www.iplay.com\/fr\/games\/game-12-labours-of-hercules-super-pack\/","title":{"rendered":"Game 12 Labours of Hercules Super Pack"},"content":{"rendered":"<p>Suivez le l\u00e9gendaire Hercule dans 6 aventures p\u00e9rilleuses dans ce Super Pack en \u00e9dition sp\u00e9ciale ! Passez votre week-end \u00e0 vous gaver de la populaire s\u00e9rie de strat\u00e9gie de gestion du temps, avec des graphismes HD \u00e9poustouflants et des d\u00e9fis uniques. Ce super pack contient les six premiers jeux de la s\u00e9rie, dont trois \u00e9ditions collector !1. 12 Les travaux d\u2019Hercule2. 12 Les travaux d\u2019Hercule II &#8211; Le taureau cr\u00e9tois3. 12 Les travaux d\u2019Hercule III &#8211; Le pouvoir des filles4. 12 Les travaux d\u2019Hercule IV &#8211; M\u00e8re Nature \u00c9dition Collector5. 12 Les Travaux d\u2019Hercule V &#8211; Les Enfants d\u2019Hellas \u00c9dition Collector6. Les 12 travaux d\u2019Hercule VI &#8211; La course \u00e0 l\u2019Olympe \u00c9dition Collector<\/p>\n","protected":false},"excerpt":{"rendered":"<p>C\u2019est le moment de jouer \u00e0 ce Super Pack embl\u00e9matique !<\/p>\n","protected":false},"author":14,"featured_media":88212,"comment_status":"open","ping_status":"closed","template":"","meta":{"_acf_changed":false,"inline_featured_image":false},"product_brand":[],"product_cat":[216],"product_tag":[227,287],"class_list":{"0":"post-135833","1":"product","2":"type-product","3":"status-publish","4":"has-post-thumbnail","6":"product_cat-time-management-fr","7":"product_tag-12-labours-of-hercules-series-fr","8":"product_tag-play-on-pc-fr","10":"first","11":"instock","12":"shipping-taxable","13":"purchasable","14":"product-type-simple"},"acf":[],"yoast_head":"<!-- This site is optimized with the Yoast SEO Premium plugin v25.2 (Yoast SEO v25.2) - https:\/\/yoast.com\/wordpress\/plugins\/seo\/ -->\n<title>Game 12 Labours of Hercules Super Pack - Plongez dans cette exp\u00e9rience l\u00e9gendaire du Super Pack<\/title>\n<meta name=\"description\" content=\"C\u2019est le moment de jouer \u00e0 ce Super Pack embl\u00e9matique !\" \/>\n<meta name=\"robots\" content=\"index, follow, max-snippet:-1, max-image-preview:large, max-video-preview:-1\" \/>\n<link rel=\"canonical\" href=\"https:\/\/www.iplay.com\/fr\/games\/game-12-labours-of-hercules-super-pack\/\" \/>\n<meta property=\"og:locale\" content=\"fr_FR\" \/>\n<meta property=\"og:type\" content=\"article\" \/>\n<meta property=\"og:title\" content=\"Game 12 Labours of Hercules Super Pack\" \/>\n<meta property=\"og:description\" content=\"C\u2019est le moment de jouer \u00e0 ce Super Pack embl\u00e9matique !\" \/>\n<meta property=\"og:url\" content=\"https:\/\/www.iplay.com\/fr\/games\/game-12-labours-of-hercules-super-pack\/\" \/>\n<meta property=\"og:site_name\" content=\"IPlay\" \/>\n<meta property=\"og:image\" content=\"https:\/\/www.iplay.com\/wp-content\/uploads\/2023\/12\/large_square_tile_image-3025.jpg\" \/>\n\t<meta property=\"og:image:width\" content=\"310\" \/>\n\t<meta property=\"og:image:height\" content=\"310\" \/>\n\t<meta property=\"og:image:type\" content=\"image\/jpeg\" \/>\n<meta name=\"twitter:card\" content=\"summary_large_image\" \/>\n<meta name=\"twitter:label1\" content=\"Dur\u00e9e de lecture estim\u00e9e\" \/>\n\t<meta name=\"twitter:data1\" content=\"1 minute\" \/>\n<script type=\"application\/ld+json\" class=\"yoast-schema-graph\">{\"@context\":\"https:\/\/schema.org\",\"@graph\":[{\"@type\":\"WebPage\",\"@id\":\"https:\/\/www.iplay.com\/fr\/games\/game-12-labours-of-hercules-super-pack\/\",\"url\":\"https:\/\/www.iplay.com\/fr\/games\/game-12-labours-of-hercules-super-pack\/\",\"name\":\"Game 12 Labours of Hercules Super Pack - Plongez dans cette exp\u00e9rience l\u00e9gendaire du Super Pack\",\"isPartOf\":{\"@id\":\"https:\/\/www.iplay.com\/en\/#website\"},\"primaryImageOfPage\":{\"@id\":\"https:\/\/www.iplay.com\/fr\/games\/game-12-labours-of-hercules-super-pack\/#primaryimage\"},\"image\":{\"@id\":\"https:\/\/www.iplay.com\/fr\/games\/game-12-labours-of-hercules-super-pack\/#primaryimage\"},\"thumbnailUrl\":\"https:\/\/www.iplay.com\/wp-content\/uploads\/2023\/12\/large_square_tile_image-3025.jpg\",\"datePublished\":\"2017-11-20T00:00:00+00:00\",\"description\":\"C\u2019est le moment de jouer \u00e0 ce Super Pack embl\u00e9matique !\",\"breadcrumb\":{\"@id\":\"https:\/\/www.iplay.com\/fr\/games\/game-12-labours-of-hercules-super-pack\/#breadcrumb\"},\"inLanguage\":\"fr-FR\",\"potentialAction\":[{\"@type\":\"ReadAction\",\"target\":[\"https:\/\/www.iplay.com\/fr\/games\/game-12-labours-of-hercules-super-pack\/\"]}]},{\"@type\":\"ImageObject\",\"inLanguage\":\"fr-FR\",\"@id\":\"https:\/\/www.iplay.com\/fr\/games\/game-12-labours-of-hercules-super-pack\/#primaryimage\",\"url\":\"https:\/\/www.iplay.com\/wp-content\/uploads\/2023\/12\/large_square_tile_image-3025.jpg\",\"contentUrl\":\"https:\/\/www.iplay.com\/wp-content\/uploads\/2023\/12\/large_square_tile_image-3025.jpg\",\"width\":310,\"height\":310},{\"@type\":\"BreadcrumbList\",\"@id\":\"https:\/\/www.iplay.com\/fr\/games\/game-12-labours-of-hercules-super-pack\/#breadcrumb\",\"itemListElement\":[{\"@type\":\"ListItem\",\"position\":1,\"name\":\"Home\",\"item\":\"https:\/\/www.iplay.com\/fr\/home-page-2\/\"},{\"@type\":\"ListItem\",\"position\":2,\"name\":\"Shop\",\"item\":\"https:\/\/www.iplay.com\/en\/shop\/\"},{\"@type\":\"ListItem\",\"position\":3,\"name\":\"Game 12 Labours of Hercules Super Pack\"}]},{\"@type\":\"WebSite\",\"@id\":\"https:\/\/www.iplay.com\/en\/#website\",\"url\":\"https:\/\/www.iplay.com\/en\/\",\"name\":\"IPlay\",\"description\":\"The Best Casual Games!\",\"publisher\":{\"@id\":\"https:\/\/www.iplay.com\/en\/#organization\"},\"potentialAction\":[{\"@type\":\"SearchAction\",\"target\":{\"@type\":\"EntryPoint\",\"urlTemplate\":\"https:\/\/www.iplay.com\/en\/?s={search_term_string}\"},\"query-input\":{\"@type\":\"PropertyValueSpecification\",\"valueRequired\":true,\"valueName\":\"search_term_string\"}}],\"inLanguage\":\"fr-FR\"},{\"@type\":\"Organization\",\"@id\":\"https:\/\/www.iplay.com\/en\/#organization\",\"name\":\"IPlay\",\"url\":\"https:\/\/www.iplay.com\/en\/\",\"logo\":{\"@type\":\"ImageObject\",\"inLanguage\":\"fr-FR\",\"@id\":\"https:\/\/www.iplay.com\/en\/#\/schema\/logo\/image\/\",\"url\":\"https:\/\/www.iplay.com\/wp-content\/uploads\/2023\/11\/Group-6100.svg\",\"contentUrl\":\"https:\/\/www.iplay.com\/wp-content\/uploads\/2023\/11\/Group-6100.svg\",\"width\":98,\"height\":25,\"caption\":\"IPlay\"},\"image\":{\"@id\":\"https:\/\/www.iplay.com\/en\/#\/schema\/logo\/image\/\"}}]}<\/script>\n<!-- \/ Yoast SEO Premium plugin. -->","yoast_head_json":{"title":"Game 12 Labours of Hercules Super Pack - Plongez dans cette exp\u00e9rience l\u00e9gendaire du Super Pack","description":"C\u2019est le moment de jouer \u00e0 ce Super Pack embl\u00e9matique !","robots":{"index":"index","follow":"follow","max-snippet":"max-snippet:-1","max-image-preview":"max-image-preview:large","max-video-preview":"max-video-preview:-1"},"canonical":"https:\/\/www.iplay.com\/fr\/games\/game-12-labours-of-hercules-super-pack\/","og_locale":"fr_FR","og_type":"article","og_title":"Game 12 Labours of Hercules Super Pack","og_description":"C\u2019est le moment de jouer \u00e0 ce Super Pack embl\u00e9matique !","og_url":"https:\/\/www.iplay.com\/fr\/games\/game-12-labours-of-hercules-super-pack\/","og_site_name":"IPlay","og_image":[{"width":310,"height":310,"url":"https:\/\/www.iplay.com\/wp-content\/uploads\/2023\/12\/large_square_tile_image-3025.jpg","type":"image\/jpeg"}],"twitter_card":"summary_large_image","twitter_misc":{"Dur\u00e9e de lecture estim\u00e9e":"1 minute"},"schema":{"@context":"https:\/\/schema.org","@graph":[{"@type":"WebPage","@id":"https:\/\/www.iplay.com\/fr\/games\/game-12-labours-of-hercules-super-pack\/","url":"https:\/\/www.iplay.com\/fr\/games\/game-12-labours-of-hercules-super-pack\/","name":"Game 12 Labours of Hercules Super Pack - Plongez dans cette exp\u00e9rience l\u00e9gendaire du Super Pack","isPartOf":{"@id":"https:\/\/www.iplay.com\/en\/#website"},"primaryImageOfPage":{"@id":"https:\/\/www.iplay.com\/fr\/games\/game-12-labours-of-hercules-super-pack\/#primaryimage"},"image":{"@id":"https:\/\/www.iplay.com\/fr\/games\/game-12-labours-of-hercules-super-pack\/#primaryimage"},"thumbnailUrl":"https:\/\/www.iplay.com\/wp-content\/uploads\/2023\/12\/large_square_tile_image-3025.jpg","datePublished":"2017-11-20T00:00:00+00:00","description":"C\u2019est le moment de jouer \u00e0 ce Super Pack embl\u00e9matique !","breadcrumb":{"@id":"https:\/\/www.iplay.com\/fr\/games\/game-12-labours-of-hercules-super-pack\/#breadcrumb"},"inLanguage":"fr-FR","potentialAction":[{"@type":"ReadAction","target":["https:\/\/www.iplay.com\/fr\/games\/game-12-labours-of-hercules-super-pack\/"]}]},{"@type":"ImageObject","inLanguage":"fr-FR","@id":"https:\/\/www.iplay.com\/fr\/games\/game-12-labours-of-hercules-super-pack\/#primaryimage","url":"https:\/\/www.iplay.com\/wp-content\/uploads\/2023\/12\/large_square_tile_image-3025.jpg","contentUrl":"https:\/\/www.iplay.com\/wp-content\/uploads\/2023\/12\/large_square_tile_image-3025.jpg","width":310,"height":310},{"@type":"BreadcrumbList","@id":"https:\/\/www.iplay.com\/fr\/games\/game-12-labours-of-hercules-super-pack\/#breadcrumb","itemListElement":[{"@type":"ListItem","position":1,"name":"Home","item":"https:\/\/www.iplay.com\/fr\/home-page-2\/"},{"@type":"ListItem","position":2,"name":"Shop","item":"https:\/\/www.iplay.com\/en\/shop\/"},{"@type":"ListItem","position":3,"name":"Game 12 Labours of Hercules Super Pack"}]},{"@type":"WebSite","@id":"https:\/\/www.iplay.com\/en\/#website","url":"https:\/\/www.iplay.com\/en\/","name":"IPlay","description":"The Best Casual Games!","publisher":{"@id":"https:\/\/www.iplay.com\/en\/#organization"},"potentialAction":[{"@type":"SearchAction","target":{"@type":"EntryPoint","urlTemplate":"https:\/\/www.iplay.com\/en\/?s={search_term_string}"},"query-input":{"@type":"PropertyValueSpecification","valueRequired":true,"valueName":"search_term_string"}}],"inLanguage":"fr-FR"},{"@type":"Organization","@id":"https:\/\/www.iplay.com\/en\/#organization","name":"IPlay","url":"https:\/\/www.iplay.com\/en\/","logo":{"@type":"ImageObject","inLanguage":"fr-FR","@id":"https:\/\/www.iplay.com\/en\/#\/schema\/logo\/image\/","url":"https:\/\/www.iplay.com\/wp-content\/uploads\/2023\/11\/Group-6100.svg","contentUrl":"https:\/\/www.iplay.com\/wp-content\/uploads\/2023\/11\/Group-6100.svg","width":98,"height":25,"caption":"IPlay"},"image":{"@id":"https:\/\/www.iplay.com\/en\/#\/schema\/logo\/image\/"}}]}},"_links":{"self":[{"href":"https:\/\/www.iplay.com\/fr\/wp-json\/wp\/v2\/product\/135833","targetHints":{"allow":["GET"]}}],"collection":[{"href":"https:\/\/www.iplay.com\/fr\/wp-json\/wp\/v2\/product"}],"about":[{"href":"https:\/\/www.iplay.com\/fr\/wp-json\/wp\/v2\/types\/product"}],"author":[{"embeddable":true,"href":"https:\/\/www.iplay.com\/fr\/wp-json\/wp\/v2\/users\/14"}],"replies":[{"embeddable":true,"href":"https:\/\/www.iplay.com\/fr\/wp-json\/wp\/v2\/comments?post=135833"}],"wp:featuredmedia":[{"embeddable":true,"href":"https:\/\/www.iplay.com\/fr\/wp-json\/wp\/v2\/media\/88212"}],"wp:attachment":[{"href":"https:\/\/www.iplay.com\/fr\/wp-json\/wp\/v2\/media?parent=135833"}],"wp:term":[{"taxonomy":"product_brand","embeddable":true,"href":"https:\/\/www.iplay.com\/fr\/wp-json\/wp\/v2\/product_brand?post=135833"},{"taxonomy":"product_cat","embeddable":true,"href":"https:\/\/www.iplay.com\/fr\/wp-json\/wp\/v2\/product_cat?post=135833"},{"taxonomy":"product_tag","embeddable":true,"href":"https:\/\/www.iplay.com\/fr\/wp-json\/wp\/v2\/product_tag?post=135833"}],"curies":[{"name":"wp","href":"https:\/\/api.w.org\/{rel}","templated":true}]}}