{"id":135817,"date":"2017-12-19T00:00:00","date_gmt":"2017-12-19T00:00:00","guid":{"rendered":"https:\/\/www.iplay.com\/games\/gnomes-garden-christmas-story\/"},"modified":"2017-12-19T00:00:00","modified_gmt":"2017-12-19T00:00:00","slug":"gnomes-garden-christmas-story","status":"publish","type":"product","link":"https:\/\/www.iplay.com\/fr\/games\/gnomes-garden-christmas-story\/","title":{"rendered":"Gnomes Garden &#8211; Christmas Story"},"content":{"rendered":"<p>Gnomeland a pr\u00e9vu une double c\u00e9l\u00e9bration de No\u00ebl en plus du couronnement joyeux de la princesse. Les pr\u00e9paratifs se poursuivent jour et nuit. Les sciages et les martelages incessants perturbaient le sommeil d\u2019un troll \u00e0 proximit\u00e9. Lui et ses voyous ont vol\u00e9 le sapin de No\u00ebl, furieux. La princesse d\u00e9cida de le rendre et partit avec ses compagnons d\u00e9vou\u00e9s \u00e0 la recherche de l\u2019arbre vol\u00e9 ! L\u2019intrigue est vivante, les bandes dessin\u00e9es sont vivantes et les personnages sont inoubliables !     <\/p>\n<p>&nbsp;<\/p>\n<p>&nbsp;<\/p>\n<p><strong>Fonctionnalit\u00e9s:<\/strong><\/p>\n<p>&nbsp;<\/p>\n<p>&#8211; Une pl\u00e9thore de nouvelles aventures pour la princesse<\/p>\n<p>&#8211; Plus de 40 niveaux distincts<\/p>\n<p>&#8211; Adversaires inhabituels tels que des ours mont\u00e9s, des trolls et&#8230; Pays des gnomes, plage tropicale, \u00eele glaciale et grottes de gypse<\/p>\n<p>&#8211; Acc\u00e9l\u00e9rez le travail, mettez le temps en pause, courez vite- Commandes simples et tutoriel clair<\/p>\n<p>&#8211; Musique \u00e0 th\u00e8me agr\u00e9able<\/p>\n","protected":false},"excerpt":{"rendered":"<p>S\u2019il vous pla\u00eet aidez-nous \u00e0 sauver les vacances&nbsp;!<\/p>\n","protected":false},"author":13,"featured_media":97842,"comment_status":"open","ping_status":"closed","template":"","meta":{"_acf_changed":false,"inline_featured_image":false},"product_brand":[],"product_cat":[216],"product_tag":[287],"class_list":{"0":"post-135817","1":"product","2":"type-product","3":"status-publish","4":"has-post-thumbnail","6":"product_cat-time-management-fr","7":"product_tag-play-on-pc-fr","9":"first","10":"instock","11":"shipping-taxable","12":"purchasable","13":"product-type-simple"},"acf":[],"yoast_head":"<!-- This site is optimized with the Yoast SEO Premium plugin v25.2 (Yoast SEO v25.2) - https:\/\/yoast.com\/wordpress\/plugins\/seo\/ -->\n<title>Jardin des nains - Histoire de No\u00ebl - Jouez un r\u00f4le essentiel pour sauver les f\u00eates de fin d\u2019ann\u00e9e<\/title>\n<meta name=\"description\" content=\"S\u2019il vous pla\u00eet aidez-nous \u00e0 sauver les vacances&nbsp;!\" \/>\n<meta name=\"robots\" content=\"index, follow, max-snippet:-1, max-image-preview:large, max-video-preview:-1\" \/>\n<link rel=\"canonical\" href=\"https:\/\/www.iplay.com\/fr\/games\/gnomes-garden-christmas-story\/\" \/>\n<meta property=\"og:locale\" content=\"fr_FR\" \/>\n<meta property=\"og:type\" content=\"article\" \/>\n<meta property=\"og:title\" content=\"Gnomes Garden - Christmas Story\" \/>\n<meta property=\"og:description\" content=\"S\u2019il vous pla\u00eet aidez-nous \u00e0 sauver les vacances&nbsp;!\" \/>\n<meta property=\"og:url\" content=\"https:\/\/www.iplay.com\/fr\/games\/gnomes-garden-christmas-story\/\" \/>\n<meta property=\"og:site_name\" content=\"IPlay\" \/>\n<meta property=\"og:image\" content=\"https:\/\/www.iplay.com\/wp-content\/uploads\/2023\/12\/large_square_tile_image-3623.jpg\" \/>\n\t<meta property=\"og:image:width\" content=\"310\" \/>\n\t<meta property=\"og:image:height\" content=\"310\" \/>\n\t<meta property=\"og:image:type\" content=\"image\/jpeg\" \/>\n<meta name=\"twitter:card\" content=\"summary_large_image\" \/>\n<meta name=\"twitter:label1\" content=\"Dur\u00e9e de lecture estim\u00e9e\" \/>\n\t<meta name=\"twitter:data1\" content=\"1 minute\" \/>\n<script type=\"application\/ld+json\" class=\"yoast-schema-graph\">{\"@context\":\"https:\/\/schema.org\",\"@graph\":[{\"@type\":\"WebPage\",\"@id\":\"https:\/\/www.iplay.com\/fr\/games\/gnomes-garden-christmas-story\/\",\"url\":\"https:\/\/www.iplay.com\/fr\/games\/gnomes-garden-christmas-story\/\",\"name\":\"Jardin des nains - Histoire de No\u00ebl - Jouez un r\u00f4le essentiel pour sauver les f\u00eates de fin d\u2019ann\u00e9e\",\"isPartOf\":{\"@id\":\"https:\/\/www.iplay.com\/en\/#website\"},\"primaryImageOfPage\":{\"@id\":\"https:\/\/www.iplay.com\/fr\/games\/gnomes-garden-christmas-story\/#primaryimage\"},\"image\":{\"@id\":\"https:\/\/www.iplay.com\/fr\/games\/gnomes-garden-christmas-story\/#primaryimage\"},\"thumbnailUrl\":\"https:\/\/www.iplay.com\/wp-content\/uploads\/2023\/12\/large_square_tile_image-3623.jpg\",\"datePublished\":\"2017-12-19T00:00:00+00:00\",\"description\":\"S\u2019il vous pla\u00eet aidez-nous \u00e0 sauver les vacances&nbsp;!\",\"breadcrumb\":{\"@id\":\"https:\/\/www.iplay.com\/fr\/games\/gnomes-garden-christmas-story\/#breadcrumb\"},\"inLanguage\":\"fr-FR\",\"potentialAction\":[{\"@type\":\"ReadAction\",\"target\":[\"https:\/\/www.iplay.com\/fr\/games\/gnomes-garden-christmas-story\/\"]}]},{\"@type\":\"ImageObject\",\"inLanguage\":\"fr-FR\",\"@id\":\"https:\/\/www.iplay.com\/fr\/games\/gnomes-garden-christmas-story\/#primaryimage\",\"url\":\"https:\/\/www.iplay.com\/wp-content\/uploads\/2023\/12\/large_square_tile_image-3623.jpg\",\"contentUrl\":\"https:\/\/www.iplay.com\/wp-content\/uploads\/2023\/12\/large_square_tile_image-3623.jpg\",\"width\":310,\"height\":310},{\"@type\":\"BreadcrumbList\",\"@id\":\"https:\/\/www.iplay.com\/fr\/games\/gnomes-garden-christmas-story\/#breadcrumb\",\"itemListElement\":[{\"@type\":\"ListItem\",\"position\":1,\"name\":\"Home\",\"item\":\"https:\/\/www.iplay.com\/fr\/home-page-2\/\"},{\"@type\":\"ListItem\",\"position\":2,\"name\":\"Shop\",\"item\":\"https:\/\/www.iplay.com\/en\/shop\/\"},{\"@type\":\"ListItem\",\"position\":3,\"name\":\"Gnomes Garden &#8211; Christmas Story\"}]},{\"@type\":\"WebSite\",\"@id\":\"https:\/\/www.iplay.com\/en\/#website\",\"url\":\"https:\/\/www.iplay.com\/en\/\",\"name\":\"IPlay\",\"description\":\"The Best Casual Games!\",\"publisher\":{\"@id\":\"https:\/\/www.iplay.com\/en\/#organization\"},\"potentialAction\":[{\"@type\":\"SearchAction\",\"target\":{\"@type\":\"EntryPoint\",\"urlTemplate\":\"https:\/\/www.iplay.com\/en\/?s={search_term_string}\"},\"query-input\":{\"@type\":\"PropertyValueSpecification\",\"valueRequired\":true,\"valueName\":\"search_term_string\"}}],\"inLanguage\":\"fr-FR\"},{\"@type\":\"Organization\",\"@id\":\"https:\/\/www.iplay.com\/en\/#organization\",\"name\":\"IPlay\",\"url\":\"https:\/\/www.iplay.com\/en\/\",\"logo\":{\"@type\":\"ImageObject\",\"inLanguage\":\"fr-FR\",\"@id\":\"https:\/\/www.iplay.com\/en\/#\/schema\/logo\/image\/\",\"url\":\"https:\/\/www.iplay.com\/wp-content\/uploads\/2023\/11\/Group-6100.svg\",\"contentUrl\":\"https:\/\/www.iplay.com\/wp-content\/uploads\/2023\/11\/Group-6100.svg\",\"width\":98,\"height\":25,\"caption\":\"IPlay\"},\"image\":{\"@id\":\"https:\/\/www.iplay.com\/en\/#\/schema\/logo\/image\/\"}}]}<\/script>\n<!-- \/ Yoast SEO Premium plugin. -->","yoast_head_json":{"title":"Jardin des nains - Histoire de No\u00ebl - Jouez un r\u00f4le essentiel pour sauver les f\u00eates de fin d\u2019ann\u00e9e","description":"S\u2019il vous pla\u00eet aidez-nous \u00e0 sauver les vacances&nbsp;!","robots":{"index":"index","follow":"follow","max-snippet":"max-snippet:-1","max-image-preview":"max-image-preview:large","max-video-preview":"max-video-preview:-1"},"canonical":"https:\/\/www.iplay.com\/fr\/games\/gnomes-garden-christmas-story\/","og_locale":"fr_FR","og_type":"article","og_title":"Gnomes Garden - Christmas Story","og_description":"S\u2019il vous pla\u00eet aidez-nous \u00e0 sauver les vacances&nbsp;!","og_url":"https:\/\/www.iplay.com\/fr\/games\/gnomes-garden-christmas-story\/","og_site_name":"IPlay","og_image":[{"width":310,"height":310,"url":"https:\/\/www.iplay.com\/wp-content\/uploads\/2023\/12\/large_square_tile_image-3623.jpg","type":"image\/jpeg"}],"twitter_card":"summary_large_image","twitter_misc":{"Dur\u00e9e de lecture estim\u00e9e":"1 minute"},"schema":{"@context":"https:\/\/schema.org","@graph":[{"@type":"WebPage","@id":"https:\/\/www.iplay.com\/fr\/games\/gnomes-garden-christmas-story\/","url":"https:\/\/www.iplay.com\/fr\/games\/gnomes-garden-christmas-story\/","name":"Jardin des nains - Histoire de No\u00ebl - Jouez un r\u00f4le essentiel pour sauver les f\u00eates de fin d\u2019ann\u00e9e","isPartOf":{"@id":"https:\/\/www.iplay.com\/en\/#website"},"primaryImageOfPage":{"@id":"https:\/\/www.iplay.com\/fr\/games\/gnomes-garden-christmas-story\/#primaryimage"},"image":{"@id":"https:\/\/www.iplay.com\/fr\/games\/gnomes-garden-christmas-story\/#primaryimage"},"thumbnailUrl":"https:\/\/www.iplay.com\/wp-content\/uploads\/2023\/12\/large_square_tile_image-3623.jpg","datePublished":"2017-12-19T00:00:00+00:00","description":"S\u2019il vous pla\u00eet aidez-nous \u00e0 sauver les vacances&nbsp;!","breadcrumb":{"@id":"https:\/\/www.iplay.com\/fr\/games\/gnomes-garden-christmas-story\/#breadcrumb"},"inLanguage":"fr-FR","potentialAction":[{"@type":"ReadAction","target":["https:\/\/www.iplay.com\/fr\/games\/gnomes-garden-christmas-story\/"]}]},{"@type":"ImageObject","inLanguage":"fr-FR","@id":"https:\/\/www.iplay.com\/fr\/games\/gnomes-garden-christmas-story\/#primaryimage","url":"https:\/\/www.iplay.com\/wp-content\/uploads\/2023\/12\/large_square_tile_image-3623.jpg","contentUrl":"https:\/\/www.iplay.com\/wp-content\/uploads\/2023\/12\/large_square_tile_image-3623.jpg","width":310,"height":310},{"@type":"BreadcrumbList","@id":"https:\/\/www.iplay.com\/fr\/games\/gnomes-garden-christmas-story\/#breadcrumb","itemListElement":[{"@type":"ListItem","position":1,"name":"Home","item":"https:\/\/www.iplay.com\/fr\/home-page-2\/"},{"@type":"ListItem","position":2,"name":"Shop","item":"https:\/\/www.iplay.com\/en\/shop\/"},{"@type":"ListItem","position":3,"name":"Gnomes Garden &#8211; Christmas Story"}]},{"@type":"WebSite","@id":"https:\/\/www.iplay.com\/en\/#website","url":"https:\/\/www.iplay.com\/en\/","name":"IPlay","description":"The Best Casual Games!","publisher":{"@id":"https:\/\/www.iplay.com\/en\/#organization"},"potentialAction":[{"@type":"SearchAction","target":{"@type":"EntryPoint","urlTemplate":"https:\/\/www.iplay.com\/en\/?s={search_term_string}"},"query-input":{"@type":"PropertyValueSpecification","valueRequired":true,"valueName":"search_term_string"}}],"inLanguage":"fr-FR"},{"@type":"Organization","@id":"https:\/\/www.iplay.com\/en\/#organization","name":"IPlay","url":"https:\/\/www.iplay.com\/en\/","logo":{"@type":"ImageObject","inLanguage":"fr-FR","@id":"https:\/\/www.iplay.com\/en\/#\/schema\/logo\/image\/","url":"https:\/\/www.iplay.com\/wp-content\/uploads\/2023\/11\/Group-6100.svg","contentUrl":"https:\/\/www.iplay.com\/wp-content\/uploads\/2023\/11\/Group-6100.svg","width":98,"height":25,"caption":"IPlay"},"image":{"@id":"https:\/\/www.iplay.com\/en\/#\/schema\/logo\/image\/"}}]}},"_links":{"self":[{"href":"https:\/\/www.iplay.com\/fr\/wp-json\/wp\/v2\/product\/135817","targetHints":{"allow":["GET"]}}],"collection":[{"href":"https:\/\/www.iplay.com\/fr\/wp-json\/wp\/v2\/product"}],"about":[{"href":"https:\/\/www.iplay.com\/fr\/wp-json\/wp\/v2\/types\/product"}],"author":[{"embeddable":true,"href":"https:\/\/www.iplay.com\/fr\/wp-json\/wp\/v2\/users\/13"}],"replies":[{"embeddable":true,"href":"https:\/\/www.iplay.com\/fr\/wp-json\/wp\/v2\/comments?post=135817"}],"wp:featuredmedia":[{"embeddable":true,"href":"https:\/\/www.iplay.com\/fr\/wp-json\/wp\/v2\/media\/97842"}],"wp:attachment":[{"href":"https:\/\/www.iplay.com\/fr\/wp-json\/wp\/v2\/media?parent=135817"}],"wp:term":[{"taxonomy":"product_brand","embeddable":true,"href":"https:\/\/www.iplay.com\/fr\/wp-json\/wp\/v2\/product_brand?post=135817"},{"taxonomy":"product_cat","embeddable":true,"href":"https:\/\/www.iplay.com\/fr\/wp-json\/wp\/v2\/product_cat?post=135817"},{"taxonomy":"product_tag","embeddable":true,"href":"https:\/\/www.iplay.com\/fr\/wp-json\/wp\/v2\/product_tag?post=135817"}],"curies":[{"name":"wp","href":"https:\/\/api.w.org\/{rel}","templated":true}]}}