{"id":135809,"date":"2018-01-11T00:00:01","date_gmt":"2018-01-11T00:00:01","guid":{"rendered":"https:\/\/www.iplay.com\/games\/delicious-emilys-moms-vs-dads-platinum-edition\/"},"modified":"2018-01-11T00:00:01","modified_gmt":"2018-01-11T00:00:01","slug":"delicious-emilys-moms-vs-dads-platinum-edition","status":"publish","type":"product","link":"https:\/\/www.iplay.com\/fr\/games\/delicious-emilys-moms-vs-dads-platinum-edition\/","title":{"rendered":"Delicious &#8211; Emily&#8217;s Moms vs Dads Platinum Edition"},"content":{"rendered":"<p>Vous sentez-vous \u00e0 la hauteur du d\u00e9fi ? Regardez avec Emily et Patrick comment les m\u00e8res testent les limites des p\u00e8res ! Dans cette tournure divertissante d\u2019un argument s\u00e9culaire, les m\u00e8res mettent les p\u00e8res \u00e0 l\u2019\u00e9preuve ! Qui va gagner \u00e0 la fin ? Que nous soyons parents ou enfants, nous sommes tous pass\u00e9s par l\u00e0. Alors pourquoi les t\u00e2ches m\u00e9nag\u00e8res ne sont-elles pas r\u00e9parties \u00e9quitablement ? Plus important encore, pourquoi semble-t-il qu\u2019une seule personne fait pratiquement tout le temps, et que pouvez-vous faire \u00e0 ce sujet ? Emily et Patrick sont confront\u00e9s (et r\u00e9pondent !) \u00e0 cette question dans le conte le plus r\u00e9cent d\u2019Emily, Mamans contre Papas ! Vous sentez-vous \u00e0 la hauteur du d\u00e9fi ? Regardez avec Emily et Patrick comment les m\u00e8res testent les limites des p\u00e8res ! Dans ce jeu divertissant de gestion du temps, vous pouvez prendre soin des mamans et des papas ! Explorez 60 niveaux d\u2019histoire et 30 niveaux de difficult\u00e9 au fur et \u00e0 mesure que vous naviguez dans le jeu. D\u00e9couvrez les distinctions entre les quatre couples ! Qui allez-vous soutenir ? D\u00e9couvrez six endroits passionnants, y compris vos endroits pr\u00e9f\u00e9r\u00e9s, la maison d\u2019Emily et le Camp Talon. Gagnez des diamants et construisez votre propre paradis pour enfants dans le jardin d\u2019Emily. Terminez des d\u00e9fis quotidiens pour gagner des diamants suppl\u00e9mentaires. Rassemblez toutes les cartes postales et envoyez des v\u0153ux chaleureux \u00e0 tous vos proches. Aidez Emily et Patrick \u00e0 apprendre ce qui compte vraiment dans la vie. G\u00e9rer \u00e0 la fois les papas et les mamans.<\/p>\n","protected":false},"excerpt":{"rendered":"<p>Participez \u00e0 une lutte humoristique des sexes avec Emily et Patrick !<\/p>\n","protected":false},"author":10,"featured_media":87967,"comment_status":"open","ping_status":"closed","template":"","meta":{"_acf_changed":false,"inline_featured_image":false},"product_brand":[],"product_cat":[216],"product_tag":[287],"class_list":{"0":"post-135809","1":"product","2":"type-product","3":"status-publish","4":"has-post-thumbnail","6":"product_cat-time-management-fr","7":"product_tag-play-on-pc-fr","9":"first","10":"instock","11":"shipping-taxable","12":"purchasable","13":"product-type-simple"},"acf":[],"yoast_head":"<!-- This site is optimized with the Yoast SEO Premium plugin v25.2 (Yoast SEO v25.2) - https:\/\/yoast.com\/wordpress\/plugins\/seo\/ -->\n<title>Delicious - Emily\u2019s Moms vs Dads Platinum Edition - Rejoignez Emily et Patrick dans une bataille hilarante des sexes<\/title>\n<meta name=\"description\" content=\"Participez \u00e0 une lutte humoristique des sexes avec Emily et Patrick !\" \/>\n<meta name=\"robots\" content=\"index, follow, max-snippet:-1, max-image-preview:large, max-video-preview:-1\" \/>\n<link rel=\"canonical\" href=\"https:\/\/www.iplay.com\/fr\/games\/delicious-emilys-moms-vs-dads-platinum-edition\/\" \/>\n<meta property=\"og:locale\" content=\"fr_FR\" \/>\n<meta property=\"og:type\" content=\"article\" \/>\n<meta property=\"og:title\" content=\"Delicious - Emily&#039;s Moms vs Dads Platinum Edition\" \/>\n<meta property=\"og:description\" content=\"Participez \u00e0 une lutte humoristique des sexes avec Emily et Patrick !\" \/>\n<meta property=\"og:url\" content=\"https:\/\/www.iplay.com\/fr\/games\/delicious-emilys-moms-vs-dads-platinum-edition\/\" \/>\n<meta property=\"og:site_name\" content=\"IPlay\" \/>\n<meta property=\"og:image\" content=\"https:\/\/www.iplay.com\/wp-content\/uploads\/2023\/12\/large_square_tile_image-3010.jpg\" \/>\n\t<meta property=\"og:image:width\" content=\"310\" \/>\n\t<meta property=\"og:image:height\" content=\"310\" \/>\n\t<meta property=\"og:image:type\" content=\"image\/jpeg\" \/>\n<meta name=\"twitter:card\" content=\"summary_large_image\" \/>\n<meta name=\"twitter:label1\" content=\"Dur\u00e9e de lecture estim\u00e9e\" \/>\n\t<meta name=\"twitter:data1\" content=\"1 minute\" \/>\n<script type=\"application\/ld+json\" class=\"yoast-schema-graph\">{\"@context\":\"https:\/\/schema.org\",\"@graph\":[{\"@type\":\"WebPage\",\"@id\":\"https:\/\/www.iplay.com\/fr\/games\/delicious-emilys-moms-vs-dads-platinum-edition\/\",\"url\":\"https:\/\/www.iplay.com\/fr\/games\/delicious-emilys-moms-vs-dads-platinum-edition\/\",\"name\":\"Delicious - Emily\u2019s Moms vs Dads Platinum Edition - Rejoignez Emily et Patrick dans une bataille hilarante des sexes\",\"isPartOf\":{\"@id\":\"https:\/\/www.iplay.com\/en\/#website\"},\"primaryImageOfPage\":{\"@id\":\"https:\/\/www.iplay.com\/fr\/games\/delicious-emilys-moms-vs-dads-platinum-edition\/#primaryimage\"},\"image\":{\"@id\":\"https:\/\/www.iplay.com\/fr\/games\/delicious-emilys-moms-vs-dads-platinum-edition\/#primaryimage\"},\"thumbnailUrl\":\"https:\/\/www.iplay.com\/wp-content\/uploads\/2023\/12\/large_square_tile_image-3010.jpg\",\"datePublished\":\"2018-01-11T00:00:01+00:00\",\"description\":\"Participez \u00e0 une lutte humoristique des sexes avec Emily et Patrick !\",\"breadcrumb\":{\"@id\":\"https:\/\/www.iplay.com\/fr\/games\/delicious-emilys-moms-vs-dads-platinum-edition\/#breadcrumb\"},\"inLanguage\":\"fr-FR\",\"potentialAction\":[{\"@type\":\"ReadAction\",\"target\":[\"https:\/\/www.iplay.com\/fr\/games\/delicious-emilys-moms-vs-dads-platinum-edition\/\"]}]},{\"@type\":\"ImageObject\",\"inLanguage\":\"fr-FR\",\"@id\":\"https:\/\/www.iplay.com\/fr\/games\/delicious-emilys-moms-vs-dads-platinum-edition\/#primaryimage\",\"url\":\"https:\/\/www.iplay.com\/wp-content\/uploads\/2023\/12\/large_square_tile_image-3010.jpg\",\"contentUrl\":\"https:\/\/www.iplay.com\/wp-content\/uploads\/2023\/12\/large_square_tile_image-3010.jpg\",\"width\":310,\"height\":310},{\"@type\":\"BreadcrumbList\",\"@id\":\"https:\/\/www.iplay.com\/fr\/games\/delicious-emilys-moms-vs-dads-platinum-edition\/#breadcrumb\",\"itemListElement\":[{\"@type\":\"ListItem\",\"position\":1,\"name\":\"Home\",\"item\":\"https:\/\/www.iplay.com\/fr\/home-page-2\/\"},{\"@type\":\"ListItem\",\"position\":2,\"name\":\"Shop\",\"item\":\"https:\/\/www.iplay.com\/en\/shop\/\"},{\"@type\":\"ListItem\",\"position\":3,\"name\":\"Delicious &#8211; Emily&#8217;s Moms vs Dads Platinum Edition\"}]},{\"@type\":\"WebSite\",\"@id\":\"https:\/\/www.iplay.com\/en\/#website\",\"url\":\"https:\/\/www.iplay.com\/en\/\",\"name\":\"IPlay\",\"description\":\"The Best Casual Games!\",\"publisher\":{\"@id\":\"https:\/\/www.iplay.com\/en\/#organization\"},\"potentialAction\":[{\"@type\":\"SearchAction\",\"target\":{\"@type\":\"EntryPoint\",\"urlTemplate\":\"https:\/\/www.iplay.com\/en\/?s={search_term_string}\"},\"query-input\":{\"@type\":\"PropertyValueSpecification\",\"valueRequired\":true,\"valueName\":\"search_term_string\"}}],\"inLanguage\":\"fr-FR\"},{\"@type\":\"Organization\",\"@id\":\"https:\/\/www.iplay.com\/en\/#organization\",\"name\":\"IPlay\",\"url\":\"https:\/\/www.iplay.com\/en\/\",\"logo\":{\"@type\":\"ImageObject\",\"inLanguage\":\"fr-FR\",\"@id\":\"https:\/\/www.iplay.com\/en\/#\/schema\/logo\/image\/\",\"url\":\"https:\/\/www.iplay.com\/wp-content\/uploads\/2023\/11\/Group-6100.svg\",\"contentUrl\":\"https:\/\/www.iplay.com\/wp-content\/uploads\/2023\/11\/Group-6100.svg\",\"width\":98,\"height\":25,\"caption\":\"IPlay\"},\"image\":{\"@id\":\"https:\/\/www.iplay.com\/en\/#\/schema\/logo\/image\/\"}}]}<\/script>\n<!-- \/ Yoast SEO Premium plugin. -->","yoast_head_json":{"title":"Delicious - Emily\u2019s Moms vs Dads Platinum Edition - Rejoignez Emily et Patrick dans une bataille hilarante des sexes","description":"Participez \u00e0 une lutte humoristique des sexes avec Emily et Patrick !","robots":{"index":"index","follow":"follow","max-snippet":"max-snippet:-1","max-image-preview":"max-image-preview:large","max-video-preview":"max-video-preview:-1"},"canonical":"https:\/\/www.iplay.com\/fr\/games\/delicious-emilys-moms-vs-dads-platinum-edition\/","og_locale":"fr_FR","og_type":"article","og_title":"Delicious - Emily's Moms vs Dads Platinum Edition","og_description":"Participez \u00e0 une lutte humoristique des sexes avec Emily et Patrick !","og_url":"https:\/\/www.iplay.com\/fr\/games\/delicious-emilys-moms-vs-dads-platinum-edition\/","og_site_name":"IPlay","og_image":[{"width":310,"height":310,"url":"https:\/\/www.iplay.com\/wp-content\/uploads\/2023\/12\/large_square_tile_image-3010.jpg","type":"image\/jpeg"}],"twitter_card":"summary_large_image","twitter_misc":{"Dur\u00e9e de lecture estim\u00e9e":"1 minute"},"schema":{"@context":"https:\/\/schema.org","@graph":[{"@type":"WebPage","@id":"https:\/\/www.iplay.com\/fr\/games\/delicious-emilys-moms-vs-dads-platinum-edition\/","url":"https:\/\/www.iplay.com\/fr\/games\/delicious-emilys-moms-vs-dads-platinum-edition\/","name":"Delicious - Emily\u2019s Moms vs Dads Platinum Edition - Rejoignez Emily et Patrick dans une bataille hilarante des sexes","isPartOf":{"@id":"https:\/\/www.iplay.com\/en\/#website"},"primaryImageOfPage":{"@id":"https:\/\/www.iplay.com\/fr\/games\/delicious-emilys-moms-vs-dads-platinum-edition\/#primaryimage"},"image":{"@id":"https:\/\/www.iplay.com\/fr\/games\/delicious-emilys-moms-vs-dads-platinum-edition\/#primaryimage"},"thumbnailUrl":"https:\/\/www.iplay.com\/wp-content\/uploads\/2023\/12\/large_square_tile_image-3010.jpg","datePublished":"2018-01-11T00:00:01+00:00","description":"Participez \u00e0 une lutte humoristique des sexes avec Emily et Patrick !","breadcrumb":{"@id":"https:\/\/www.iplay.com\/fr\/games\/delicious-emilys-moms-vs-dads-platinum-edition\/#breadcrumb"},"inLanguage":"fr-FR","potentialAction":[{"@type":"ReadAction","target":["https:\/\/www.iplay.com\/fr\/games\/delicious-emilys-moms-vs-dads-platinum-edition\/"]}]},{"@type":"ImageObject","inLanguage":"fr-FR","@id":"https:\/\/www.iplay.com\/fr\/games\/delicious-emilys-moms-vs-dads-platinum-edition\/#primaryimage","url":"https:\/\/www.iplay.com\/wp-content\/uploads\/2023\/12\/large_square_tile_image-3010.jpg","contentUrl":"https:\/\/www.iplay.com\/wp-content\/uploads\/2023\/12\/large_square_tile_image-3010.jpg","width":310,"height":310},{"@type":"BreadcrumbList","@id":"https:\/\/www.iplay.com\/fr\/games\/delicious-emilys-moms-vs-dads-platinum-edition\/#breadcrumb","itemListElement":[{"@type":"ListItem","position":1,"name":"Home","item":"https:\/\/www.iplay.com\/fr\/home-page-2\/"},{"@type":"ListItem","position":2,"name":"Shop","item":"https:\/\/www.iplay.com\/en\/shop\/"},{"@type":"ListItem","position":3,"name":"Delicious &#8211; Emily&#8217;s Moms vs Dads Platinum Edition"}]},{"@type":"WebSite","@id":"https:\/\/www.iplay.com\/en\/#website","url":"https:\/\/www.iplay.com\/en\/","name":"IPlay","description":"The Best Casual Games!","publisher":{"@id":"https:\/\/www.iplay.com\/en\/#organization"},"potentialAction":[{"@type":"SearchAction","target":{"@type":"EntryPoint","urlTemplate":"https:\/\/www.iplay.com\/en\/?s={search_term_string}"},"query-input":{"@type":"PropertyValueSpecification","valueRequired":true,"valueName":"search_term_string"}}],"inLanguage":"fr-FR"},{"@type":"Organization","@id":"https:\/\/www.iplay.com\/en\/#organization","name":"IPlay","url":"https:\/\/www.iplay.com\/en\/","logo":{"@type":"ImageObject","inLanguage":"fr-FR","@id":"https:\/\/www.iplay.com\/en\/#\/schema\/logo\/image\/","url":"https:\/\/www.iplay.com\/wp-content\/uploads\/2023\/11\/Group-6100.svg","contentUrl":"https:\/\/www.iplay.com\/wp-content\/uploads\/2023\/11\/Group-6100.svg","width":98,"height":25,"caption":"IPlay"},"image":{"@id":"https:\/\/www.iplay.com\/en\/#\/schema\/logo\/image\/"}}]}},"_links":{"self":[{"href":"https:\/\/www.iplay.com\/fr\/wp-json\/wp\/v2\/product\/135809","targetHints":{"allow":["GET"]}}],"collection":[{"href":"https:\/\/www.iplay.com\/fr\/wp-json\/wp\/v2\/product"}],"about":[{"href":"https:\/\/www.iplay.com\/fr\/wp-json\/wp\/v2\/types\/product"}],"author":[{"embeddable":true,"href":"https:\/\/www.iplay.com\/fr\/wp-json\/wp\/v2\/users\/10"}],"replies":[{"embeddable":true,"href":"https:\/\/www.iplay.com\/fr\/wp-json\/wp\/v2\/comments?post=135809"}],"wp:featuredmedia":[{"embeddable":true,"href":"https:\/\/www.iplay.com\/fr\/wp-json\/wp\/v2\/media\/87967"}],"wp:attachment":[{"href":"https:\/\/www.iplay.com\/fr\/wp-json\/wp\/v2\/media?parent=135809"}],"wp:term":[{"taxonomy":"product_brand","embeddable":true,"href":"https:\/\/www.iplay.com\/fr\/wp-json\/wp\/v2\/product_brand?post=135809"},{"taxonomy":"product_cat","embeddable":true,"href":"https:\/\/www.iplay.com\/fr\/wp-json\/wp\/v2\/product_cat?post=135809"},{"taxonomy":"product_tag","embeddable":true,"href":"https:\/\/www.iplay.com\/fr\/wp-json\/wp\/v2\/product_tag?post=135809"}],"curies":[{"name":"wp","href":"https:\/\/api.w.org\/{rel}","templated":true}]}}