{"id":135753,"date":"2018-05-26T00:00:00","date_gmt":"2018-05-26T00:00:00","guid":{"rendered":"https:\/\/www.iplay.com\/games\/alicia-quatermain-3-the-mystery-of-the-flaming-gold-ce\/"},"modified":"2018-05-26T00:00:00","modified_gmt":"2018-05-26T00:00:00","slug":"alicia-quatermain-3-the-mystery-of-the-flaming-gold-ce","status":"publish","type":"product","link":"https:\/\/www.iplay.com\/fr\/games\/alicia-quatermain-3-the-mystery-of-the-flaming-gold-ce\/","title":{"rendered":"Alicia Quatermain 3: The Mystery of the Flaming Gold CE"},"content":{"rendered":"<p>Sir Gringray invite Alicia Quatermain, une exploratrice bien connue et passionn\u00e9e d\u2019adr\u00e9naline, \u00e0 un bal de charit\u00e9, une occasion sociale de routine o\u00f9 aucun choc ne peut se produire. Mais qui aurait pu pr\u00e9dire que tout tournerait horriblement mal ? Au milieu des r\u00e9jouissances, un fant\u00f4me arrive, s\u2019emparant de la relique familiale de Sir Gringray connue sous le nom d\u2019\u00c9p\u00e9e des Sept Mers et dispara\u00eet dans les airs avec l\u2019artefact aussi rapidement qu\u2019il est apparu. Qu\u2019est-ce qui a motiv\u00e9 l\u2019apparition du fant\u00f4me ? Pourquoi a-t-il vol\u00e9 l\u2019\u00e9p\u00e9e des sept mers ? La relique de la famille de Sir Gringray a-t-elle disparu pour toujours, ou peut-elle \u00eatre r\u00e9cup\u00e9r\u00e9e ? La question importante est de savoir si Alicia accepterait d\u2019aider Sir Gringray \u00e0 localiser l\u2019\u00c9p\u00e9e des Sept Mers, ou si elle r\u00e9visera son mode de vie et changera ses habitudes aventureuses en devenant une dame magnifique et une habitu\u00e9e des f\u00eates d\u2019\u00e9lite. \u00cates-vous vraiment int\u00e9ress\u00e9 \u00e0 le d\u00e9couvrir ? Alors n\u2019ayez pas peur de suivre Alicia Quatermain au bal et d\u2019assister au d\u00e9but d\u2019un nouveau r\u00e9cit spectaculaire. Laissez tout tomber et bougez !         <\/p>\n<p>&nbsp;<\/p>\n<p>&nbsp;<\/p>\n<p><strong>Fonctionnalit\u00e9s:<\/strong><\/p>\n<p>&nbsp;<\/p>\n<p>&#8211; Des visuels Full HD \u00e9poustouflants<\/p>\n<p>&#8211; D\u00e9fis sp\u00e9ciaux pour les joueurs talentueux en mode difficile<\/p>\n<p>&#8211; Faire le tour du monde<\/p>\n<p>&#8211; \u00c9nigmes et niveaux bonus pour les joueurs observateurs<\/p>\n<p>&#8211; Possibilit\u00e9 de conserver une relique rare<\/p>\n","protected":false},"excerpt":{"rendered":"<p>Embarquez pour un voyage passionnant avec Alicia Quatermain !<\/p>\n","protected":false},"author":14,"featured_media":96818,"comment_status":"open","ping_status":"closed","template":"","meta":{"_acf_changed":false,"inline_featured_image":false},"product_brand":[],"product_cat":[216],"product_tag":[287],"class_list":{"0":"post-135753","1":"product","2":"type-product","3":"status-publish","4":"has-post-thumbnail","6":"product_cat-time-management-fr","7":"product_tag-play-on-pc-fr","9":"first","10":"instock","11":"shipping-taxable","12":"purchasable","13":"product-type-simple"},"acf":[],"yoast_head":"<!-- This site is optimized with the Yoast SEO Premium plugin v25.2 (Yoast SEO v25.2) - https:\/\/yoast.com\/wordpress\/plugins\/seo\/ -->\n<title>Alicia Quatermain 3\u00a0: Le Myst\u00e8re de l\u2019Or Flamboyant CE - Embarquez pour des aventures avec Alicia Quatermain<\/title>\n<meta name=\"description\" content=\"Embarquez pour un voyage passionnant avec Alicia Quatermain !\" \/>\n<meta name=\"robots\" content=\"index, follow, max-snippet:-1, max-image-preview:large, max-video-preview:-1\" \/>\n<link rel=\"canonical\" href=\"https:\/\/www.iplay.com\/fr\/games\/alicia-quatermain-3-the-mystery-of-the-flaming-gold-ce\/\" \/>\n<meta property=\"og:locale\" content=\"fr_FR\" \/>\n<meta property=\"og:type\" content=\"article\" \/>\n<meta property=\"og:title\" content=\"Alicia Quatermain 3: The Mystery of the Flaming Gold CE\" \/>\n<meta property=\"og:description\" content=\"Embarquez pour un voyage passionnant avec Alicia Quatermain !\" \/>\n<meta property=\"og:url\" content=\"https:\/\/www.iplay.com\/fr\/games\/alicia-quatermain-3-the-mystery-of-the-flaming-gold-ce\/\" \/>\n<meta property=\"og:site_name\" content=\"IPlay\" \/>\n<meta property=\"og:image\" content=\"https:\/\/www.iplay.com\/wp-content\/uploads\/2023\/12\/large_square_tile_image-3558.jpg\" \/>\n\t<meta property=\"og:image:width\" content=\"310\" \/>\n\t<meta property=\"og:image:height\" content=\"310\" \/>\n\t<meta property=\"og:image:type\" content=\"image\/jpeg\" \/>\n<meta name=\"twitter:card\" content=\"summary_large_image\" \/>\n<meta name=\"twitter:label1\" content=\"Dur\u00e9e de lecture estim\u00e9e\" \/>\n\t<meta name=\"twitter:data1\" content=\"1 minute\" \/>\n<script type=\"application\/ld+json\" class=\"yoast-schema-graph\">{\"@context\":\"https:\/\/schema.org\",\"@graph\":[{\"@type\":\"WebPage\",\"@id\":\"https:\/\/www.iplay.com\/fr\/games\/alicia-quatermain-3-the-mystery-of-the-flaming-gold-ce\/\",\"url\":\"https:\/\/www.iplay.com\/fr\/games\/alicia-quatermain-3-the-mystery-of-the-flaming-gold-ce\/\",\"name\":\"Alicia Quatermain 3\u00a0: Le Myst\u00e8re de l\u2019Or Flamboyant CE - Embarquez pour des aventures avec Alicia Quatermain\",\"isPartOf\":{\"@id\":\"https:\/\/www.iplay.com\/en\/#website\"},\"primaryImageOfPage\":{\"@id\":\"https:\/\/www.iplay.com\/fr\/games\/alicia-quatermain-3-the-mystery-of-the-flaming-gold-ce\/#primaryimage\"},\"image\":{\"@id\":\"https:\/\/www.iplay.com\/fr\/games\/alicia-quatermain-3-the-mystery-of-the-flaming-gold-ce\/#primaryimage\"},\"thumbnailUrl\":\"https:\/\/www.iplay.com\/wp-content\/uploads\/2023\/12\/large_square_tile_image-3558.jpg\",\"datePublished\":\"2018-05-26T00:00:00+00:00\",\"description\":\"Embarquez pour un voyage passionnant avec Alicia Quatermain !\",\"breadcrumb\":{\"@id\":\"https:\/\/www.iplay.com\/fr\/games\/alicia-quatermain-3-the-mystery-of-the-flaming-gold-ce\/#breadcrumb\"},\"inLanguage\":\"fr-FR\",\"potentialAction\":[{\"@type\":\"ReadAction\",\"target\":[\"https:\/\/www.iplay.com\/fr\/games\/alicia-quatermain-3-the-mystery-of-the-flaming-gold-ce\/\"]}]},{\"@type\":\"ImageObject\",\"inLanguage\":\"fr-FR\",\"@id\":\"https:\/\/www.iplay.com\/fr\/games\/alicia-quatermain-3-the-mystery-of-the-flaming-gold-ce\/#primaryimage\",\"url\":\"https:\/\/www.iplay.com\/wp-content\/uploads\/2023\/12\/large_square_tile_image-3558.jpg\",\"contentUrl\":\"https:\/\/www.iplay.com\/wp-content\/uploads\/2023\/12\/large_square_tile_image-3558.jpg\",\"width\":310,\"height\":310},{\"@type\":\"BreadcrumbList\",\"@id\":\"https:\/\/www.iplay.com\/fr\/games\/alicia-quatermain-3-the-mystery-of-the-flaming-gold-ce\/#breadcrumb\",\"itemListElement\":[{\"@type\":\"ListItem\",\"position\":1,\"name\":\"Home\",\"item\":\"https:\/\/www.iplay.com\/fr\/home-page-2\/\"},{\"@type\":\"ListItem\",\"position\":2,\"name\":\"Shop\",\"item\":\"https:\/\/www.iplay.com\/en\/shop\/\"},{\"@type\":\"ListItem\",\"position\":3,\"name\":\"Alicia Quatermain 3: The Mystery of the Flaming Gold CE\"}]},{\"@type\":\"WebSite\",\"@id\":\"https:\/\/www.iplay.com\/en\/#website\",\"url\":\"https:\/\/www.iplay.com\/en\/\",\"name\":\"IPlay\",\"description\":\"The Best Casual Games!\",\"publisher\":{\"@id\":\"https:\/\/www.iplay.com\/en\/#organization\"},\"potentialAction\":[{\"@type\":\"SearchAction\",\"target\":{\"@type\":\"EntryPoint\",\"urlTemplate\":\"https:\/\/www.iplay.com\/en\/?s={search_term_string}\"},\"query-input\":{\"@type\":\"PropertyValueSpecification\",\"valueRequired\":true,\"valueName\":\"search_term_string\"}}],\"inLanguage\":\"fr-FR\"},{\"@type\":\"Organization\",\"@id\":\"https:\/\/www.iplay.com\/en\/#organization\",\"name\":\"IPlay\",\"url\":\"https:\/\/www.iplay.com\/en\/\",\"logo\":{\"@type\":\"ImageObject\",\"inLanguage\":\"fr-FR\",\"@id\":\"https:\/\/www.iplay.com\/en\/#\/schema\/logo\/image\/\",\"url\":\"https:\/\/www.iplay.com\/wp-content\/uploads\/2023\/11\/Group-6100.svg\",\"contentUrl\":\"https:\/\/www.iplay.com\/wp-content\/uploads\/2023\/11\/Group-6100.svg\",\"width\":98,\"height\":25,\"caption\":\"IPlay\"},\"image\":{\"@id\":\"https:\/\/www.iplay.com\/en\/#\/schema\/logo\/image\/\"}}]}<\/script>\n<!-- \/ Yoast SEO Premium plugin. -->","yoast_head_json":{"title":"Alicia Quatermain 3\u00a0: Le Myst\u00e8re de l\u2019Or Flamboyant CE - Embarquez pour des aventures avec Alicia Quatermain","description":"Embarquez pour un voyage passionnant avec Alicia Quatermain !","robots":{"index":"index","follow":"follow","max-snippet":"max-snippet:-1","max-image-preview":"max-image-preview:large","max-video-preview":"max-video-preview:-1"},"canonical":"https:\/\/www.iplay.com\/fr\/games\/alicia-quatermain-3-the-mystery-of-the-flaming-gold-ce\/","og_locale":"fr_FR","og_type":"article","og_title":"Alicia Quatermain 3: The Mystery of the Flaming Gold CE","og_description":"Embarquez pour un voyage passionnant avec Alicia Quatermain !","og_url":"https:\/\/www.iplay.com\/fr\/games\/alicia-quatermain-3-the-mystery-of-the-flaming-gold-ce\/","og_site_name":"IPlay","og_image":[{"width":310,"height":310,"url":"https:\/\/www.iplay.com\/wp-content\/uploads\/2023\/12\/large_square_tile_image-3558.jpg","type":"image\/jpeg"}],"twitter_card":"summary_large_image","twitter_misc":{"Dur\u00e9e de lecture estim\u00e9e":"1 minute"},"schema":{"@context":"https:\/\/schema.org","@graph":[{"@type":"WebPage","@id":"https:\/\/www.iplay.com\/fr\/games\/alicia-quatermain-3-the-mystery-of-the-flaming-gold-ce\/","url":"https:\/\/www.iplay.com\/fr\/games\/alicia-quatermain-3-the-mystery-of-the-flaming-gold-ce\/","name":"Alicia Quatermain 3\u00a0: Le Myst\u00e8re de l\u2019Or Flamboyant CE - Embarquez pour des aventures avec Alicia Quatermain","isPartOf":{"@id":"https:\/\/www.iplay.com\/en\/#website"},"primaryImageOfPage":{"@id":"https:\/\/www.iplay.com\/fr\/games\/alicia-quatermain-3-the-mystery-of-the-flaming-gold-ce\/#primaryimage"},"image":{"@id":"https:\/\/www.iplay.com\/fr\/games\/alicia-quatermain-3-the-mystery-of-the-flaming-gold-ce\/#primaryimage"},"thumbnailUrl":"https:\/\/www.iplay.com\/wp-content\/uploads\/2023\/12\/large_square_tile_image-3558.jpg","datePublished":"2018-05-26T00:00:00+00:00","description":"Embarquez pour un voyage passionnant avec Alicia Quatermain !","breadcrumb":{"@id":"https:\/\/www.iplay.com\/fr\/games\/alicia-quatermain-3-the-mystery-of-the-flaming-gold-ce\/#breadcrumb"},"inLanguage":"fr-FR","potentialAction":[{"@type":"ReadAction","target":["https:\/\/www.iplay.com\/fr\/games\/alicia-quatermain-3-the-mystery-of-the-flaming-gold-ce\/"]}]},{"@type":"ImageObject","inLanguage":"fr-FR","@id":"https:\/\/www.iplay.com\/fr\/games\/alicia-quatermain-3-the-mystery-of-the-flaming-gold-ce\/#primaryimage","url":"https:\/\/www.iplay.com\/wp-content\/uploads\/2023\/12\/large_square_tile_image-3558.jpg","contentUrl":"https:\/\/www.iplay.com\/wp-content\/uploads\/2023\/12\/large_square_tile_image-3558.jpg","width":310,"height":310},{"@type":"BreadcrumbList","@id":"https:\/\/www.iplay.com\/fr\/games\/alicia-quatermain-3-the-mystery-of-the-flaming-gold-ce\/#breadcrumb","itemListElement":[{"@type":"ListItem","position":1,"name":"Home","item":"https:\/\/www.iplay.com\/fr\/home-page-2\/"},{"@type":"ListItem","position":2,"name":"Shop","item":"https:\/\/www.iplay.com\/en\/shop\/"},{"@type":"ListItem","position":3,"name":"Alicia Quatermain 3: The Mystery of the Flaming Gold CE"}]},{"@type":"WebSite","@id":"https:\/\/www.iplay.com\/en\/#website","url":"https:\/\/www.iplay.com\/en\/","name":"IPlay","description":"The Best Casual Games!","publisher":{"@id":"https:\/\/www.iplay.com\/en\/#organization"},"potentialAction":[{"@type":"SearchAction","target":{"@type":"EntryPoint","urlTemplate":"https:\/\/www.iplay.com\/en\/?s={search_term_string}"},"query-input":{"@type":"PropertyValueSpecification","valueRequired":true,"valueName":"search_term_string"}}],"inLanguage":"fr-FR"},{"@type":"Organization","@id":"https:\/\/www.iplay.com\/en\/#organization","name":"IPlay","url":"https:\/\/www.iplay.com\/en\/","logo":{"@type":"ImageObject","inLanguage":"fr-FR","@id":"https:\/\/www.iplay.com\/en\/#\/schema\/logo\/image\/","url":"https:\/\/www.iplay.com\/wp-content\/uploads\/2023\/11\/Group-6100.svg","contentUrl":"https:\/\/www.iplay.com\/wp-content\/uploads\/2023\/11\/Group-6100.svg","width":98,"height":25,"caption":"IPlay"},"image":{"@id":"https:\/\/www.iplay.com\/en\/#\/schema\/logo\/image\/"}}]}},"_links":{"self":[{"href":"https:\/\/www.iplay.com\/fr\/wp-json\/wp\/v2\/product\/135753","targetHints":{"allow":["GET"]}}],"collection":[{"href":"https:\/\/www.iplay.com\/fr\/wp-json\/wp\/v2\/product"}],"about":[{"href":"https:\/\/www.iplay.com\/fr\/wp-json\/wp\/v2\/types\/product"}],"author":[{"embeddable":true,"href":"https:\/\/www.iplay.com\/fr\/wp-json\/wp\/v2\/users\/14"}],"replies":[{"embeddable":true,"href":"https:\/\/www.iplay.com\/fr\/wp-json\/wp\/v2\/comments?post=135753"}],"wp:featuredmedia":[{"embeddable":true,"href":"https:\/\/www.iplay.com\/fr\/wp-json\/wp\/v2\/media\/96818"}],"wp:attachment":[{"href":"https:\/\/www.iplay.com\/fr\/wp-json\/wp\/v2\/media?parent=135753"}],"wp:term":[{"taxonomy":"product_brand","embeddable":true,"href":"https:\/\/www.iplay.com\/fr\/wp-json\/wp\/v2\/product_brand?post=135753"},{"taxonomy":"product_cat","embeddable":true,"href":"https:\/\/www.iplay.com\/fr\/wp-json\/wp\/v2\/product_cat?post=135753"},{"taxonomy":"product_tag","embeddable":true,"href":"https:\/\/www.iplay.com\/fr\/wp-json\/wp\/v2\/product_tag?post=135753"}],"curies":[{"name":"wp","href":"https:\/\/api.w.org\/{rel}","templated":true}]}}