{"id":135740,"date":"2018-06-21T00:00:01","date_gmt":"2018-06-21T00:00:01","guid":{"rendered":"https:\/\/www.iplay.com\/games\/sallys-salon-kiss-and-make-up\/"},"modified":"2018-06-21T00:00:01","modified_gmt":"2018-06-21T00:00:01","slug":"sallys-salon-kiss-and-make-up","status":"publish","type":"product","link":"https:\/\/www.iplay.com\/fr\/games\/sallys-salon-kiss-and-make-up\/","title":{"rendered":"Sally&#8217;s Salon: Kiss and Make-Up"},"content":{"rendered":"<p>Bonjour, c\u2019est Fran. Permettez-moi de vous emmener en voyage. Et je vous promets que ce sera un voyage inoubliable ! Tout a commenc\u00e9 il y a quelques mois lorsque Sally et moi nous amusions dans son salon. En tant qu\u2019esth\u00e9ticiennes, notre activit\u00e9 de rendre les filles belles \u00e9tait florissante ! Tout cela a chang\u00e9 quand April, sa meilleure amie (rires&nbsp;!), s\u2019est pr\u00e9sent\u00e9e l\u00e0-bas et a donn\u00e9 \u00e0 Sally l\u2019occasion unique d\u2019une vie. B\u00e9nie soit Sally, elle pr\u00e9f\u00e8re se concentrer uniquement sur les aspects positifs des gens et pr\u00eate vraiment attention \u00e0 April. La prochaine chose que vous savez, c\u2019est qu\u2019elle a vendu son salon et utilis\u00e9 tout son argent pour \u00eatre copropri\u00e9taire de l\u2019opulent spa Happyville. Et c\u2019est l\u00e0 que le vrai chaos a commenc\u00e9 ! April est obs\u00e9d\u00e9e par l\u2019obtention d\u2019une \u00e9toile Mirage pour le spa et ne reculera devant rien pour y parvenir ! Sally maintient cat\u00e9goriquement qu\u2019April n\u2019est pas aussi horrible qu\u2019elle en a l\u2019air. Je m\u2019excuse, mais s\u2019il a l\u2019apparence d\u2019un serpent et qu\u2019il se glisse comme tel, alors, eh bien, c\u2019est juste MON point de vue ! Venez m\u2019aider \u00e0 faire entendre raison \u00e0 Sally. En fin de compte, je suis convaincu que tout s\u2019arrangera avec votre aide !             <\/p>\n<p>&nbsp;<\/p>\n<p>&nbsp;<\/p>\n<p><strong>Fonctionnalit\u00e9s:<\/strong><\/p>\n<p>&nbsp;<\/p>\n<ul>\n<li>Joignez-vous \u00e0 la f\u00eate alors que Fran\u00e7ois joue le charmant narrateur, plus gr\u00e9gaire et hilarant que jamais&nbsp;!<\/li>\n<li>D\u00e9couvrez des cin\u00e9matiques hilarantes qui donneront vie \u00e0 l\u2019histoire comme jamais auparavant.<\/li>\n<li>Affectez votre assistant (Fran\u00e7ois&nbsp;!) \u00e0 une station et dites-lui comment vous aider.<\/li>\n<li>Frayez-vous un chemin \u00e0 travers 60 niveaux de bouclage des cheveux, ainsi que 28 autres niveaux de d\u00e9fi.<\/li>\n<li>Ma\u00eetrisez 23 mini-jeux sur le th\u00e8me de la beaut\u00e9 pour teindre.<\/li>\n<li>Devenez esth\u00e9ticienne en faisant des ongles, en coupant les cheveux, en donnant des massages et en effectuant de nombreux autres traitements.<\/li>\n<\/ul>\n","protected":false},"excerpt":{"rendered":"<p>Dans un spa flambant neuf, Sally et Fran\u00e7ois plongent la t\u00eate la premi\u00e8re dans le tumulte et la folie !<\/p>\n","protected":false},"author":10,"featured_media":87322,"comment_status":"open","ping_status":"closed","template":"","meta":{"_acf_changed":false,"inline_featured_image":false},"product_brand":[],"product_cat":[216],"product_tag":[287],"class_list":{"0":"post-135740","1":"product","2":"type-product","3":"status-publish","4":"has-post-thumbnail","6":"product_cat-time-management-fr","7":"product_tag-play-on-pc-fr","9":"first","10":"instock","11":"shipping-taxable","12":"purchasable","13":"product-type-simple"},"acf":[],"yoast_head":"<!-- This site is optimized with the Yoast SEO Premium plugin v25.2 (Yoast SEO v25.2) - https:\/\/yoast.com\/wordpress\/plugins\/seo\/ -->\n<title>Sally\u2019s Salon : Baiser et maquillage - Sally et Fran\u00e7ois plongent dans le chaos dans une nouvelle aventure spa<\/title>\n<meta name=\"description\" content=\"Dans un spa flambant neuf, Sally et Fran\u00e7ois plongent la t\u00eate la premi\u00e8re dans le tumulte et la folie !\" \/>\n<meta name=\"robots\" content=\"index, follow, max-snippet:-1, max-image-preview:large, max-video-preview:-1\" \/>\n<link rel=\"canonical\" href=\"https:\/\/www.iplay.com\/fr\/games\/sallys-salon-kiss-and-make-up\/\" \/>\n<meta property=\"og:locale\" content=\"fr_FR\" \/>\n<meta property=\"og:type\" content=\"article\" \/>\n<meta property=\"og:title\" content=\"Sally&#039;s Salon: Kiss and Make-Up\" \/>\n<meta property=\"og:description\" content=\"Dans un spa flambant neuf, Sally et Fran\u00e7ois plongent la t\u00eate la premi\u00e8re dans le tumulte et la folie !\" \/>\n<meta property=\"og:url\" content=\"https:\/\/www.iplay.com\/fr\/games\/sallys-salon-kiss-and-make-up\/\" \/>\n<meta property=\"og:site_name\" content=\"IPlay\" \/>\n<meta property=\"og:image\" content=\"https:\/\/www.iplay.com\/wp-content\/uploads\/2023\/12\/large_square_tile_image-2970.jpg\" \/>\n\t<meta property=\"og:image:width\" content=\"310\" \/>\n\t<meta property=\"og:image:height\" content=\"310\" \/>\n\t<meta property=\"og:image:type\" content=\"image\/jpeg\" \/>\n<meta name=\"twitter:card\" content=\"summary_large_image\" \/>\n<meta name=\"twitter:label1\" content=\"Dur\u00e9e de lecture estim\u00e9e\" \/>\n\t<meta name=\"twitter:data1\" content=\"2 minutes\" \/>\n<script type=\"application\/ld+json\" class=\"yoast-schema-graph\">{\"@context\":\"https:\/\/schema.org\",\"@graph\":[{\"@type\":\"WebPage\",\"@id\":\"https:\/\/www.iplay.com\/fr\/games\/sallys-salon-kiss-and-make-up\/\",\"url\":\"https:\/\/www.iplay.com\/fr\/games\/sallys-salon-kiss-and-make-up\/\",\"name\":\"Sally\u2019s Salon : Baiser et maquillage - Sally et Fran\u00e7ois plongent dans le chaos dans une nouvelle aventure spa\",\"isPartOf\":{\"@id\":\"https:\/\/www.iplay.com\/en\/#website\"},\"primaryImageOfPage\":{\"@id\":\"https:\/\/www.iplay.com\/fr\/games\/sallys-salon-kiss-and-make-up\/#primaryimage\"},\"image\":{\"@id\":\"https:\/\/www.iplay.com\/fr\/games\/sallys-salon-kiss-and-make-up\/#primaryimage\"},\"thumbnailUrl\":\"https:\/\/www.iplay.com\/wp-content\/uploads\/2023\/12\/large_square_tile_image-2970.jpg\",\"datePublished\":\"2018-06-21T00:00:01+00:00\",\"description\":\"Dans un spa flambant neuf, Sally et Fran\u00e7ois plongent la t\u00eate la premi\u00e8re dans le tumulte et la folie !\",\"breadcrumb\":{\"@id\":\"https:\/\/www.iplay.com\/fr\/games\/sallys-salon-kiss-and-make-up\/#breadcrumb\"},\"inLanguage\":\"fr-FR\",\"potentialAction\":[{\"@type\":\"ReadAction\",\"target\":[\"https:\/\/www.iplay.com\/fr\/games\/sallys-salon-kiss-and-make-up\/\"]}]},{\"@type\":\"ImageObject\",\"inLanguage\":\"fr-FR\",\"@id\":\"https:\/\/www.iplay.com\/fr\/games\/sallys-salon-kiss-and-make-up\/#primaryimage\",\"url\":\"https:\/\/www.iplay.com\/wp-content\/uploads\/2023\/12\/large_square_tile_image-2970.jpg\",\"contentUrl\":\"https:\/\/www.iplay.com\/wp-content\/uploads\/2023\/12\/large_square_tile_image-2970.jpg\",\"width\":310,\"height\":310},{\"@type\":\"BreadcrumbList\",\"@id\":\"https:\/\/www.iplay.com\/fr\/games\/sallys-salon-kiss-and-make-up\/#breadcrumb\",\"itemListElement\":[{\"@type\":\"ListItem\",\"position\":1,\"name\":\"Home\",\"item\":\"https:\/\/www.iplay.com\/fr\/home-page-2\/\"},{\"@type\":\"ListItem\",\"position\":2,\"name\":\"Shop\",\"item\":\"https:\/\/www.iplay.com\/en\/shop\/\"},{\"@type\":\"ListItem\",\"position\":3,\"name\":\"Sally&#8217;s Salon: Kiss and Make-Up\"}]},{\"@type\":\"WebSite\",\"@id\":\"https:\/\/www.iplay.com\/en\/#website\",\"url\":\"https:\/\/www.iplay.com\/en\/\",\"name\":\"IPlay\",\"description\":\"The Best Casual Games!\",\"publisher\":{\"@id\":\"https:\/\/www.iplay.com\/en\/#organization\"},\"potentialAction\":[{\"@type\":\"SearchAction\",\"target\":{\"@type\":\"EntryPoint\",\"urlTemplate\":\"https:\/\/www.iplay.com\/en\/?s={search_term_string}\"},\"query-input\":{\"@type\":\"PropertyValueSpecification\",\"valueRequired\":true,\"valueName\":\"search_term_string\"}}],\"inLanguage\":\"fr-FR\"},{\"@type\":\"Organization\",\"@id\":\"https:\/\/www.iplay.com\/en\/#organization\",\"name\":\"IPlay\",\"url\":\"https:\/\/www.iplay.com\/en\/\",\"logo\":{\"@type\":\"ImageObject\",\"inLanguage\":\"fr-FR\",\"@id\":\"https:\/\/www.iplay.com\/en\/#\/schema\/logo\/image\/\",\"url\":\"https:\/\/www.iplay.com\/wp-content\/uploads\/2023\/11\/Group-6100.svg\",\"contentUrl\":\"https:\/\/www.iplay.com\/wp-content\/uploads\/2023\/11\/Group-6100.svg\",\"width\":98,\"height\":25,\"caption\":\"IPlay\"},\"image\":{\"@id\":\"https:\/\/www.iplay.com\/en\/#\/schema\/logo\/image\/\"}}]}<\/script>\n<!-- \/ Yoast SEO Premium plugin. -->","yoast_head_json":{"title":"Sally\u2019s Salon : Baiser et maquillage - Sally et Fran\u00e7ois plongent dans le chaos dans une nouvelle aventure spa","description":"Dans un spa flambant neuf, Sally et Fran\u00e7ois plongent la t\u00eate la premi\u00e8re dans le tumulte et la folie !","robots":{"index":"index","follow":"follow","max-snippet":"max-snippet:-1","max-image-preview":"max-image-preview:large","max-video-preview":"max-video-preview:-1"},"canonical":"https:\/\/www.iplay.com\/fr\/games\/sallys-salon-kiss-and-make-up\/","og_locale":"fr_FR","og_type":"article","og_title":"Sally's Salon: Kiss and Make-Up","og_description":"Dans un spa flambant neuf, Sally et Fran\u00e7ois plongent la t\u00eate la premi\u00e8re dans le tumulte et la folie !","og_url":"https:\/\/www.iplay.com\/fr\/games\/sallys-salon-kiss-and-make-up\/","og_site_name":"IPlay","og_image":[{"width":310,"height":310,"url":"https:\/\/www.iplay.com\/wp-content\/uploads\/2023\/12\/large_square_tile_image-2970.jpg","type":"image\/jpeg"}],"twitter_card":"summary_large_image","twitter_misc":{"Dur\u00e9e de lecture estim\u00e9e":"2 minutes"},"schema":{"@context":"https:\/\/schema.org","@graph":[{"@type":"WebPage","@id":"https:\/\/www.iplay.com\/fr\/games\/sallys-salon-kiss-and-make-up\/","url":"https:\/\/www.iplay.com\/fr\/games\/sallys-salon-kiss-and-make-up\/","name":"Sally\u2019s Salon : Baiser et maquillage - Sally et Fran\u00e7ois plongent dans le chaos dans une nouvelle aventure spa","isPartOf":{"@id":"https:\/\/www.iplay.com\/en\/#website"},"primaryImageOfPage":{"@id":"https:\/\/www.iplay.com\/fr\/games\/sallys-salon-kiss-and-make-up\/#primaryimage"},"image":{"@id":"https:\/\/www.iplay.com\/fr\/games\/sallys-salon-kiss-and-make-up\/#primaryimage"},"thumbnailUrl":"https:\/\/www.iplay.com\/wp-content\/uploads\/2023\/12\/large_square_tile_image-2970.jpg","datePublished":"2018-06-21T00:00:01+00:00","description":"Dans un spa flambant neuf, Sally et Fran\u00e7ois plongent la t\u00eate la premi\u00e8re dans le tumulte et la folie !","breadcrumb":{"@id":"https:\/\/www.iplay.com\/fr\/games\/sallys-salon-kiss-and-make-up\/#breadcrumb"},"inLanguage":"fr-FR","potentialAction":[{"@type":"ReadAction","target":["https:\/\/www.iplay.com\/fr\/games\/sallys-salon-kiss-and-make-up\/"]}]},{"@type":"ImageObject","inLanguage":"fr-FR","@id":"https:\/\/www.iplay.com\/fr\/games\/sallys-salon-kiss-and-make-up\/#primaryimage","url":"https:\/\/www.iplay.com\/wp-content\/uploads\/2023\/12\/large_square_tile_image-2970.jpg","contentUrl":"https:\/\/www.iplay.com\/wp-content\/uploads\/2023\/12\/large_square_tile_image-2970.jpg","width":310,"height":310},{"@type":"BreadcrumbList","@id":"https:\/\/www.iplay.com\/fr\/games\/sallys-salon-kiss-and-make-up\/#breadcrumb","itemListElement":[{"@type":"ListItem","position":1,"name":"Home","item":"https:\/\/www.iplay.com\/fr\/home-page-2\/"},{"@type":"ListItem","position":2,"name":"Shop","item":"https:\/\/www.iplay.com\/en\/shop\/"},{"@type":"ListItem","position":3,"name":"Sally&#8217;s Salon: Kiss and Make-Up"}]},{"@type":"WebSite","@id":"https:\/\/www.iplay.com\/en\/#website","url":"https:\/\/www.iplay.com\/en\/","name":"IPlay","description":"The Best Casual Games!","publisher":{"@id":"https:\/\/www.iplay.com\/en\/#organization"},"potentialAction":[{"@type":"SearchAction","target":{"@type":"EntryPoint","urlTemplate":"https:\/\/www.iplay.com\/en\/?s={search_term_string}"},"query-input":{"@type":"PropertyValueSpecification","valueRequired":true,"valueName":"search_term_string"}}],"inLanguage":"fr-FR"},{"@type":"Organization","@id":"https:\/\/www.iplay.com\/en\/#organization","name":"IPlay","url":"https:\/\/www.iplay.com\/en\/","logo":{"@type":"ImageObject","inLanguage":"fr-FR","@id":"https:\/\/www.iplay.com\/en\/#\/schema\/logo\/image\/","url":"https:\/\/www.iplay.com\/wp-content\/uploads\/2023\/11\/Group-6100.svg","contentUrl":"https:\/\/www.iplay.com\/wp-content\/uploads\/2023\/11\/Group-6100.svg","width":98,"height":25,"caption":"IPlay"},"image":{"@id":"https:\/\/www.iplay.com\/en\/#\/schema\/logo\/image\/"}}]}},"_links":{"self":[{"href":"https:\/\/www.iplay.com\/fr\/wp-json\/wp\/v2\/product\/135740","targetHints":{"allow":["GET"]}}],"collection":[{"href":"https:\/\/www.iplay.com\/fr\/wp-json\/wp\/v2\/product"}],"about":[{"href":"https:\/\/www.iplay.com\/fr\/wp-json\/wp\/v2\/types\/product"}],"author":[{"embeddable":true,"href":"https:\/\/www.iplay.com\/fr\/wp-json\/wp\/v2\/users\/10"}],"replies":[{"embeddable":true,"href":"https:\/\/www.iplay.com\/fr\/wp-json\/wp\/v2\/comments?post=135740"}],"wp:featuredmedia":[{"embeddable":true,"href":"https:\/\/www.iplay.com\/fr\/wp-json\/wp\/v2\/media\/87322"}],"wp:attachment":[{"href":"https:\/\/www.iplay.com\/fr\/wp-json\/wp\/v2\/media?parent=135740"}],"wp:term":[{"taxonomy":"product_brand","embeddable":true,"href":"https:\/\/www.iplay.com\/fr\/wp-json\/wp\/v2\/product_brand?post=135740"},{"taxonomy":"product_cat","embeddable":true,"href":"https:\/\/www.iplay.com\/fr\/wp-json\/wp\/v2\/product_cat?post=135740"},{"taxonomy":"product_tag","embeddable":true,"href":"https:\/\/www.iplay.com\/fr\/wp-json\/wp\/v2\/product_tag?post=135740"}],"curies":[{"name":"wp","href":"https:\/\/api.w.org\/{rel}","templated":true}]}}