{"id":135685,"date":"2018-10-24T00:00:00","date_gmt":"2018-10-24T00:00:00","guid":{"rendered":"https:\/\/www.iplay.com\/games\/virtual-villagers-origins-2\/"},"modified":"2018-10-24T00:00:00","modified_gmt":"2018-10-24T00:00:00","slug":"virtual-villagers-origins-2","status":"publish","type":"product","link":"https:\/\/www.iplay.com\/fr\/games\/virtual-villagers-origins-2\/","title":{"rendered":"Virtual Villagers Origins 2"},"content":{"rendered":"<p>Dans le dernier volet de la s\u00e9rie des Villageois Virtuels, retournez sur la c\u00e9l\u00e8bre et \u00e9th\u00e9r\u00e9e \u00eele d\u2019Isola ! Une famille a fui \u00e0 Isola \u00e0 la recherche d\u2019un nouveau foyer \u00e0 la suite d\u2019une \u00e9ruption volcanique sur l\u2019\u00eele voisine d\u2019Asura. Ils sont accueillis par un homme \u00e9trange alors que leur bateau atterrit sur le rivage, et ils partent explorer ce nouveau monde \u00e9trange. Isola, une \u00eele \u00e9tonnante et intrigante, \u00e9tait autrefois un paradis avec une civilisation florissante, mais c\u2019est maintenant une nature sauvage et sauvage. Vous vivrez de nouveaux moments interactifs et spectaculaires \u00e0 chaque coin de rue \u00e0 la suite des rebondissements !    <\/p>\n<p>&nbsp;<\/p>\n<p>&nbsp;<\/p>\n<p><strong>Fonctionnalit\u00e9s:<\/strong><\/p>\n<p>&nbsp;<\/p>\n<p>&#8211; Construisez et explorez pour transformer votre ville en un simulateur de ville passionnant ! Aidez vos villageois \u00e0 d\u00e9couvrir l\u2019amour afin que votre tribu puisse se d\u00e9velopper en une civilisation ! Dans votre jeu, plantez, fertilisez et arrosez pour cr\u00e9er un joli jardin !<br \/>\n&#8211; Dirigez votre propre village : Avec la simulation en temps r\u00e9el, la personnalisation des noms de vos habitants et les \u00e9v\u00e9nements insulaires al\u00e9atoires qui modifient le jeu, il n\u2019y aura jamais deux tribus identiques !<br \/>\n&#8211; Apprenez aux gens \u00e0 ma\u00eetriser une vari\u00e9t\u00e9 de talents afin qu\u2019ils puissent effectuer des travaux sur l\u2019\u00eele et s\u2019en sortir gr\u00e2ce \u00e0 leur nouvelle existence. D\u00e9couvrez l\u2019\u00eele enchant\u00e9e en r\u00e9solvant de toutes nouvelles \u00e9nigmes et en apprenant ses secrets \u00e9nigmatiques. Pour fabriquer des ressources hors du commun et d\u00e9bloquer des r\u00e9compenses gr\u00e2ce aux collections termin\u00e9es, rassemblez et m\u00e9langez les ressources trouv\u00e9es dans votre nouvelle maison virtuelle. \u00c9levez, gu\u00e9rissez et prenez soin de vos enfants et familles ch\u00e9ris du village&nbsp;; reconstruire une ville durable \u00e0 partir de z\u00e9ro ; utiliser l\u2019agriculture et la p\u00eache pour ouvrir de meilleures sources de nourriture ; cr\u00e9er des mat\u00e9riaux uniques pour des puzzles et des collections ; et bien plus encore !<br \/>\n&#8211; Utilisez des colliers magiques pour donner du pouvoir \u00e0 vos villageois, et utilisez des totems et des potions magiques pour am\u00e9liorer l\u2019esp\u00e9rance de vie, la productivit\u00e9 et bien d\u2019autres aspects de votre ville ! Obtenez des maisons pour deux animaux de compagnie distincts de l\u2019\u00eele qui vous aideront \u00e0 \u00e9liminer les parasites et \u00e0 trouver des objets enchant\u00e9s sur toute l\u2019\u00eele. Ressuscitez des villageois bien-aim\u00e9s en utilisant toutes leurs capacit\u00e9s.<\/p>\n","protected":false},"excerpt":{"rendered":"<p>Dans le dernier opus de la s\u00e9rie Virtual Villagers, retournez sur l\u2019\u00eele \u00e9th\u00e9r\u00e9e d\u2019Isola !<\/p>\n","protected":false},"author":69,"featured_media":86720,"comment_status":"open","ping_status":"closed","template":"","meta":{"_acf_changed":false,"inline_featured_image":false},"product_brand":[],"product_cat":[202,216],"product_tag":[287],"class_list":{"0":"post-135685","1":"product","2":"type-product","3":"status-publish","4":"has-post-thumbnail","6":"product_cat-removed-content-fr","7":"product_cat-time-management-fr","8":"product_tag-play-on-pc-fr","10":"first","11":"instock","12":"shipping-taxable","13":"purchasable","14":"product-type-simple"},"acf":[],"yoast_head":"<!-- This site is optimized with the Yoast SEO Premium plugin v25.2 (Yoast SEO v25.2) - https:\/\/yoast.com\/wordpress\/plugins\/seo\/ -->\n<title>Virtual Villagers Origins 2 - Retournez sur l\u2019\u00eele mystique d\u2019Isola dans cette suite<\/title>\n<meta name=\"description\" content=\"Dans le dernier opus de la s\u00e9rie Virtual Villagers, retournez sur l\u2019\u00eele \u00e9th\u00e9r\u00e9e d\u2019Isola !\" \/>\n<meta name=\"robots\" content=\"index, follow, max-snippet:-1, max-image-preview:large, max-video-preview:-1\" \/>\n<link rel=\"canonical\" href=\"https:\/\/www.iplay.com\/fr\/games\/virtual-villagers-origins-2\/\" \/>\n<meta property=\"og:locale\" content=\"fr_FR\" \/>\n<meta property=\"og:type\" content=\"article\" \/>\n<meta property=\"og:title\" content=\"Virtual Villagers Origins 2\" \/>\n<meta property=\"og:description\" content=\"Dans le dernier opus de la s\u00e9rie Virtual Villagers, retournez sur l\u2019\u00eele \u00e9th\u00e9r\u00e9e d\u2019Isola !\" \/>\n<meta property=\"og:url\" content=\"https:\/\/www.iplay.com\/fr\/games\/virtual-villagers-origins-2\/\" \/>\n<meta property=\"og:site_name\" content=\"IPlay\" \/>\n<meta property=\"og:image\" content=\"https:\/\/www.iplay.com\/wp-content\/uploads\/2023\/12\/large_square_tile_image-2932.jpg\" \/>\n\t<meta property=\"og:image:width\" content=\"310\" \/>\n\t<meta property=\"og:image:height\" content=\"310\" \/>\n\t<meta property=\"og:image:type\" content=\"image\/jpeg\" \/>\n<meta name=\"twitter:card\" content=\"summary_large_image\" \/>\n<meta name=\"twitter:label1\" content=\"Dur\u00e9e de lecture estim\u00e9e\" \/>\n\t<meta name=\"twitter:data1\" content=\"2 minutes\" \/>\n<script type=\"application\/ld+json\" class=\"yoast-schema-graph\">{\"@context\":\"https:\/\/schema.org\",\"@graph\":[{\"@type\":\"WebPage\",\"@id\":\"https:\/\/www.iplay.com\/fr\/games\/virtual-villagers-origins-2\/\",\"url\":\"https:\/\/www.iplay.com\/fr\/games\/virtual-villagers-origins-2\/\",\"name\":\"Virtual Villagers Origins 2 - Retournez sur l\u2019\u00eele mystique d\u2019Isola dans cette suite\",\"isPartOf\":{\"@id\":\"https:\/\/www.iplay.com\/en\/#website\"},\"primaryImageOfPage\":{\"@id\":\"https:\/\/www.iplay.com\/fr\/games\/virtual-villagers-origins-2\/#primaryimage\"},\"image\":{\"@id\":\"https:\/\/www.iplay.com\/fr\/games\/virtual-villagers-origins-2\/#primaryimage\"},\"thumbnailUrl\":\"https:\/\/www.iplay.com\/wp-content\/uploads\/2023\/12\/large_square_tile_image-2932.jpg\",\"datePublished\":\"2018-10-24T00:00:00+00:00\",\"description\":\"Dans le dernier opus de la s\u00e9rie Virtual Villagers, retournez sur l\u2019\u00eele \u00e9th\u00e9r\u00e9e d\u2019Isola !\",\"breadcrumb\":{\"@id\":\"https:\/\/www.iplay.com\/fr\/games\/virtual-villagers-origins-2\/#breadcrumb\"},\"inLanguage\":\"fr-FR\",\"potentialAction\":[{\"@type\":\"ReadAction\",\"target\":[\"https:\/\/www.iplay.com\/fr\/games\/virtual-villagers-origins-2\/\"]}]},{\"@type\":\"ImageObject\",\"inLanguage\":\"fr-FR\",\"@id\":\"https:\/\/www.iplay.com\/fr\/games\/virtual-villagers-origins-2\/#primaryimage\",\"url\":\"https:\/\/www.iplay.com\/wp-content\/uploads\/2023\/12\/large_square_tile_image-2932.jpg\",\"contentUrl\":\"https:\/\/www.iplay.com\/wp-content\/uploads\/2023\/12\/large_square_tile_image-2932.jpg\",\"width\":310,\"height\":310},{\"@type\":\"BreadcrumbList\",\"@id\":\"https:\/\/www.iplay.com\/fr\/games\/virtual-villagers-origins-2\/#breadcrumb\",\"itemListElement\":[{\"@type\":\"ListItem\",\"position\":1,\"name\":\"Home\",\"item\":\"https:\/\/www.iplay.com\/fr\/home-page-2\/\"},{\"@type\":\"ListItem\",\"position\":2,\"name\":\"Shop\",\"item\":\"https:\/\/www.iplay.com\/en\/shop\/\"},{\"@type\":\"ListItem\",\"position\":3,\"name\":\"Virtual Villagers Origins 2\"}]},{\"@type\":\"WebSite\",\"@id\":\"https:\/\/www.iplay.com\/en\/#website\",\"url\":\"https:\/\/www.iplay.com\/en\/\",\"name\":\"IPlay\",\"description\":\"The Best Casual Games!\",\"publisher\":{\"@id\":\"https:\/\/www.iplay.com\/en\/#organization\"},\"potentialAction\":[{\"@type\":\"SearchAction\",\"target\":{\"@type\":\"EntryPoint\",\"urlTemplate\":\"https:\/\/www.iplay.com\/en\/?s={search_term_string}\"},\"query-input\":{\"@type\":\"PropertyValueSpecification\",\"valueRequired\":true,\"valueName\":\"search_term_string\"}}],\"inLanguage\":\"fr-FR\"},{\"@type\":\"Organization\",\"@id\":\"https:\/\/www.iplay.com\/en\/#organization\",\"name\":\"IPlay\",\"url\":\"https:\/\/www.iplay.com\/en\/\",\"logo\":{\"@type\":\"ImageObject\",\"inLanguage\":\"fr-FR\",\"@id\":\"https:\/\/www.iplay.com\/en\/#\/schema\/logo\/image\/\",\"url\":\"https:\/\/www.iplay.com\/wp-content\/uploads\/2023\/11\/Group-6100.svg\",\"contentUrl\":\"https:\/\/www.iplay.com\/wp-content\/uploads\/2023\/11\/Group-6100.svg\",\"width\":98,\"height\":25,\"caption\":\"IPlay\"},\"image\":{\"@id\":\"https:\/\/www.iplay.com\/en\/#\/schema\/logo\/image\/\"}}]}<\/script>\n<!-- \/ Yoast SEO Premium plugin. -->","yoast_head_json":{"title":"Virtual Villagers Origins 2 - Retournez sur l\u2019\u00eele mystique d\u2019Isola dans cette suite","description":"Dans le dernier opus de la s\u00e9rie Virtual Villagers, retournez sur l\u2019\u00eele \u00e9th\u00e9r\u00e9e d\u2019Isola !","robots":{"index":"index","follow":"follow","max-snippet":"max-snippet:-1","max-image-preview":"max-image-preview:large","max-video-preview":"max-video-preview:-1"},"canonical":"https:\/\/www.iplay.com\/fr\/games\/virtual-villagers-origins-2\/","og_locale":"fr_FR","og_type":"article","og_title":"Virtual Villagers Origins 2","og_description":"Dans le dernier opus de la s\u00e9rie Virtual Villagers, retournez sur l\u2019\u00eele \u00e9th\u00e9r\u00e9e d\u2019Isola !","og_url":"https:\/\/www.iplay.com\/fr\/games\/virtual-villagers-origins-2\/","og_site_name":"IPlay","og_image":[{"width":310,"height":310,"url":"https:\/\/www.iplay.com\/wp-content\/uploads\/2023\/12\/large_square_tile_image-2932.jpg","type":"image\/jpeg"}],"twitter_card":"summary_large_image","twitter_misc":{"Dur\u00e9e de lecture estim\u00e9e":"2 minutes"},"schema":{"@context":"https:\/\/schema.org","@graph":[{"@type":"WebPage","@id":"https:\/\/www.iplay.com\/fr\/games\/virtual-villagers-origins-2\/","url":"https:\/\/www.iplay.com\/fr\/games\/virtual-villagers-origins-2\/","name":"Virtual Villagers Origins 2 - Retournez sur l\u2019\u00eele mystique d\u2019Isola dans cette suite","isPartOf":{"@id":"https:\/\/www.iplay.com\/en\/#website"},"primaryImageOfPage":{"@id":"https:\/\/www.iplay.com\/fr\/games\/virtual-villagers-origins-2\/#primaryimage"},"image":{"@id":"https:\/\/www.iplay.com\/fr\/games\/virtual-villagers-origins-2\/#primaryimage"},"thumbnailUrl":"https:\/\/www.iplay.com\/wp-content\/uploads\/2023\/12\/large_square_tile_image-2932.jpg","datePublished":"2018-10-24T00:00:00+00:00","description":"Dans le dernier opus de la s\u00e9rie Virtual Villagers, retournez sur l\u2019\u00eele \u00e9th\u00e9r\u00e9e d\u2019Isola !","breadcrumb":{"@id":"https:\/\/www.iplay.com\/fr\/games\/virtual-villagers-origins-2\/#breadcrumb"},"inLanguage":"fr-FR","potentialAction":[{"@type":"ReadAction","target":["https:\/\/www.iplay.com\/fr\/games\/virtual-villagers-origins-2\/"]}]},{"@type":"ImageObject","inLanguage":"fr-FR","@id":"https:\/\/www.iplay.com\/fr\/games\/virtual-villagers-origins-2\/#primaryimage","url":"https:\/\/www.iplay.com\/wp-content\/uploads\/2023\/12\/large_square_tile_image-2932.jpg","contentUrl":"https:\/\/www.iplay.com\/wp-content\/uploads\/2023\/12\/large_square_tile_image-2932.jpg","width":310,"height":310},{"@type":"BreadcrumbList","@id":"https:\/\/www.iplay.com\/fr\/games\/virtual-villagers-origins-2\/#breadcrumb","itemListElement":[{"@type":"ListItem","position":1,"name":"Home","item":"https:\/\/www.iplay.com\/fr\/home-page-2\/"},{"@type":"ListItem","position":2,"name":"Shop","item":"https:\/\/www.iplay.com\/en\/shop\/"},{"@type":"ListItem","position":3,"name":"Virtual Villagers Origins 2"}]},{"@type":"WebSite","@id":"https:\/\/www.iplay.com\/en\/#website","url":"https:\/\/www.iplay.com\/en\/","name":"IPlay","description":"The Best Casual Games!","publisher":{"@id":"https:\/\/www.iplay.com\/en\/#organization"},"potentialAction":[{"@type":"SearchAction","target":{"@type":"EntryPoint","urlTemplate":"https:\/\/www.iplay.com\/en\/?s={search_term_string}"},"query-input":{"@type":"PropertyValueSpecification","valueRequired":true,"valueName":"search_term_string"}}],"inLanguage":"fr-FR"},{"@type":"Organization","@id":"https:\/\/www.iplay.com\/en\/#organization","name":"IPlay","url":"https:\/\/www.iplay.com\/en\/","logo":{"@type":"ImageObject","inLanguage":"fr-FR","@id":"https:\/\/www.iplay.com\/en\/#\/schema\/logo\/image\/","url":"https:\/\/www.iplay.com\/wp-content\/uploads\/2023\/11\/Group-6100.svg","contentUrl":"https:\/\/www.iplay.com\/wp-content\/uploads\/2023\/11\/Group-6100.svg","width":98,"height":25,"caption":"IPlay"},"image":{"@id":"https:\/\/www.iplay.com\/en\/#\/schema\/logo\/image\/"}}]}},"_links":{"self":[{"href":"https:\/\/www.iplay.com\/fr\/wp-json\/wp\/v2\/product\/135685","targetHints":{"allow":["GET"]}}],"collection":[{"href":"https:\/\/www.iplay.com\/fr\/wp-json\/wp\/v2\/product"}],"about":[{"href":"https:\/\/www.iplay.com\/fr\/wp-json\/wp\/v2\/types\/product"}],"author":[{"embeddable":true,"href":"https:\/\/www.iplay.com\/fr\/wp-json\/wp\/v2\/users\/69"}],"replies":[{"embeddable":true,"href":"https:\/\/www.iplay.com\/fr\/wp-json\/wp\/v2\/comments?post=135685"}],"wp:featuredmedia":[{"embeddable":true,"href":"https:\/\/www.iplay.com\/fr\/wp-json\/wp\/v2\/media\/86720"}],"wp:attachment":[{"href":"https:\/\/www.iplay.com\/fr\/wp-json\/wp\/v2\/media?parent=135685"}],"wp:term":[{"taxonomy":"product_brand","embeddable":true,"href":"https:\/\/www.iplay.com\/fr\/wp-json\/wp\/v2\/product_brand?post=135685"},{"taxonomy":"product_cat","embeddable":true,"href":"https:\/\/www.iplay.com\/fr\/wp-json\/wp\/v2\/product_cat?post=135685"},{"taxonomy":"product_tag","embeddable":true,"href":"https:\/\/www.iplay.com\/fr\/wp-json\/wp\/v2\/product_tag?post=135685"}],"curies":[{"name":"wp","href":"https:\/\/api.w.org\/{rel}","templated":true}]}}