{"id":135591,"date":"2019-08-10T00:00:00","date_gmt":"2019-08-10T00:00:00","guid":{"rendered":"https:\/\/www.iplay.com\/games\/cooking-trip-2-collectors-edition\/"},"modified":"2019-08-10T00:00:00","modified_gmt":"2019-08-10T00:00:00","slug":"cooking-trip-2-collectors-edition","status":"publish","type":"product","link":"https:\/\/www.iplay.com\/fr\/games\/cooking-trip-2-collectors-edition\/","title":{"rendered":"Cooking Trip 2 &#8211; Collector&#8217;s Edition"},"content":{"rendered":"<p>)Atteignez de nouveaux sommets ! Mary et John choisissent de participer au concours du meilleur chef pour les nouveaux propri\u00e9taires de restaurant apr\u00e8s avoir r\u00e9alis\u00e9 leur ambition de poss\u00e9der leur propre restaurant. Cependant, ils ont \u00e9t\u00e9 surpris par la rudesse de la concurrence. Avec un sens renouvel\u00e9 de l\u2019objectif et de la d\u00e9termination, les deux hommes se lancent dans un nouveau voyage pour d\u00e9couvrir les meilleurs secrets culinaires. Qu\u2019est-ce qui les attend maintenant ? Prouvez au monde entier \u00e0 quel point vous \u00eates grand ! Attendez-vous \u00e0 des lieux agr\u00e9ables, des niveaux de difficult\u00e9 vari\u00e9s, une abondance de personnalit\u00e9s et de plats, des missions suppl\u00e9mentaires, la possibilit\u00e9 d\u2019am\u00e9liorer et d\u2019agrandir votre restaurant, de nombreuses r\u00e9compenses, un gameplay convivial adapt\u00e9 aux joueurs de tous \u00e2ges, une bande-son anim\u00e9e et un sc\u00e9nario captivant. Cooking Trip&nbsp;: Back on the Road&nbsp;: D\u00e9couvrez de nouvelles techniques de cuisson et \u00e9clipsez l\u2019opposition&nbsp;!       <\/p>\n<p>&nbsp;<\/p>\n<p>&nbsp;<\/p>\n<p><strong>Fonctionnalit\u00e9s:<\/strong><\/p>\n<p>&nbsp;<\/p>\n<p>&#8211; Trois restaurants distincts : l\u2019Allemagne, la France et l\u2019Am\u00e9rique, chacun avec une cuisine sp\u00e9cifique qui lui est propre<\/p>\n<p>&#8211; 60 \u00e9tapes palpitantes avec diff\u00e9rents degr\u00e9s de difficult\u00e9<\/p>\n<p>&#8211; Plus de dix jeux de caract\u00e8res distincts<\/p>\n<p>&#8211; De nombreuses missions bonus<\/p>\n<p>&#8211; Am\u00e9liorez vos restaurants et vos h\u00e9ros<\/p>\n<p>&#8211; Un gameplay simple adapt\u00e9 \u00e0 tous les groupes d\u2019\u00e2ge<\/p>\n<p>&#8211; Musique entra\u00eenante<\/p>\n","protected":false},"excerpt":{"rendered":"<p>Voyager pour la nourriture comme jamais auparavant ! Voyage de cuisine 2 : Retour sur la route <\/p>\n","protected":false},"author":13,"featured_media":92809,"comment_status":"open","ping_status":"closed","template":"","meta":{"_acf_changed":false,"inline_featured_image":false},"product_brand":[],"product_cat":[216],"product_tag":[287],"class_list":{"0":"post-135591","1":"product","2":"type-product","3":"status-publish","4":"has-post-thumbnail","6":"product_cat-time-management-fr","7":"product_tag-play-on-pc-fr","9":"first","10":"instock","11":"shipping-taxable","12":"purchasable","13":"product-type-simple"},"acf":[],"yoast_head":"<!-- This site is optimized with the Yoast SEO Premium plugin v25.2 (Yoast SEO v25.2) - https:\/\/yoast.com\/wordpress\/plugins\/seo\/ -->\n<title>Cooking Trip 2 - \u00c9dition Collector - Cooking Trip 2 - Back on the Road offre des d\u00e9lices de tourisme gastronomique<\/title>\n<meta name=\"description\" content=\"Voyager pour la nourriture comme jamais auparavant ! Voyage de cuisine 2 : Retour sur la route\" \/>\n<meta name=\"robots\" content=\"index, follow, max-snippet:-1, max-image-preview:large, max-video-preview:-1\" \/>\n<link rel=\"canonical\" href=\"https:\/\/www.iplay.com\/fr\/games\/cooking-trip-2-collectors-edition\/\" \/>\n<meta property=\"og:locale\" content=\"fr_FR\" \/>\n<meta property=\"og:type\" content=\"article\" \/>\n<meta property=\"og:title\" content=\"Cooking Trip 2 - Collector&#039;s Edition\" \/>\n<meta property=\"og:description\" content=\"Voyager pour la nourriture comme jamais auparavant ! Voyage de cuisine 2 : Retour sur la route\" \/>\n<meta property=\"og:url\" content=\"https:\/\/www.iplay.com\/fr\/games\/cooking-trip-2-collectors-edition\/\" \/>\n<meta property=\"og:site_name\" content=\"IPlay\" \/>\n<meta property=\"og:image\" content=\"https:\/\/www.iplay.com\/wp-content\/uploads\/2023\/12\/large_square_tile_image-3316.jpg\" \/>\n\t<meta property=\"og:image:width\" content=\"310\" \/>\n\t<meta property=\"og:image:height\" content=\"310\" \/>\n\t<meta property=\"og:image:type\" content=\"image\/jpeg\" \/>\n<meta name=\"twitter:card\" content=\"summary_large_image\" \/>\n<meta name=\"twitter:label1\" content=\"Dur\u00e9e de lecture estim\u00e9e\" \/>\n\t<meta name=\"twitter:data1\" content=\"1 minute\" \/>\n<script type=\"application\/ld+json\" class=\"yoast-schema-graph\">{\"@context\":\"https:\/\/schema.org\",\"@graph\":[{\"@type\":\"WebPage\",\"@id\":\"https:\/\/www.iplay.com\/fr\/games\/cooking-trip-2-collectors-edition\/\",\"url\":\"https:\/\/www.iplay.com\/fr\/games\/cooking-trip-2-collectors-edition\/\",\"name\":\"Cooking Trip 2 - \u00c9dition Collector - Cooking Trip 2 - Back on the Road offre des d\u00e9lices de tourisme gastronomique\",\"isPartOf\":{\"@id\":\"https:\/\/www.iplay.com\/en\/#website\"},\"primaryImageOfPage\":{\"@id\":\"https:\/\/www.iplay.com\/fr\/games\/cooking-trip-2-collectors-edition\/#primaryimage\"},\"image\":{\"@id\":\"https:\/\/www.iplay.com\/fr\/games\/cooking-trip-2-collectors-edition\/#primaryimage\"},\"thumbnailUrl\":\"https:\/\/www.iplay.com\/wp-content\/uploads\/2023\/12\/large_square_tile_image-3316.jpg\",\"datePublished\":\"2019-08-10T00:00:00+00:00\",\"description\":\"Voyager pour la nourriture comme jamais auparavant ! Voyage de cuisine 2 : Retour sur la route\",\"breadcrumb\":{\"@id\":\"https:\/\/www.iplay.com\/fr\/games\/cooking-trip-2-collectors-edition\/#breadcrumb\"},\"inLanguage\":\"fr-FR\",\"potentialAction\":[{\"@type\":\"ReadAction\",\"target\":[\"https:\/\/www.iplay.com\/fr\/games\/cooking-trip-2-collectors-edition\/\"]}]},{\"@type\":\"ImageObject\",\"inLanguage\":\"fr-FR\",\"@id\":\"https:\/\/www.iplay.com\/fr\/games\/cooking-trip-2-collectors-edition\/#primaryimage\",\"url\":\"https:\/\/www.iplay.com\/wp-content\/uploads\/2023\/12\/large_square_tile_image-3316.jpg\",\"contentUrl\":\"https:\/\/www.iplay.com\/wp-content\/uploads\/2023\/12\/large_square_tile_image-3316.jpg\",\"width\":310,\"height\":310},{\"@type\":\"BreadcrumbList\",\"@id\":\"https:\/\/www.iplay.com\/fr\/games\/cooking-trip-2-collectors-edition\/#breadcrumb\",\"itemListElement\":[{\"@type\":\"ListItem\",\"position\":1,\"name\":\"Home\",\"item\":\"https:\/\/www.iplay.com\/fr\/home-page-2\/\"},{\"@type\":\"ListItem\",\"position\":2,\"name\":\"Shop\",\"item\":\"https:\/\/www.iplay.com\/en\/shop\/\"},{\"@type\":\"ListItem\",\"position\":3,\"name\":\"Cooking Trip 2 &#8211; Collector&#8217;s Edition\"}]},{\"@type\":\"WebSite\",\"@id\":\"https:\/\/www.iplay.com\/en\/#website\",\"url\":\"https:\/\/www.iplay.com\/en\/\",\"name\":\"IPlay\",\"description\":\"The Best Casual Games!\",\"publisher\":{\"@id\":\"https:\/\/www.iplay.com\/en\/#organization\"},\"potentialAction\":[{\"@type\":\"SearchAction\",\"target\":{\"@type\":\"EntryPoint\",\"urlTemplate\":\"https:\/\/www.iplay.com\/en\/?s={search_term_string}\"},\"query-input\":{\"@type\":\"PropertyValueSpecification\",\"valueRequired\":true,\"valueName\":\"search_term_string\"}}],\"inLanguage\":\"fr-FR\"},{\"@type\":\"Organization\",\"@id\":\"https:\/\/www.iplay.com\/en\/#organization\",\"name\":\"IPlay\",\"url\":\"https:\/\/www.iplay.com\/en\/\",\"logo\":{\"@type\":\"ImageObject\",\"inLanguage\":\"fr-FR\",\"@id\":\"https:\/\/www.iplay.com\/en\/#\/schema\/logo\/image\/\",\"url\":\"https:\/\/www.iplay.com\/wp-content\/uploads\/2023\/11\/Group-6100.svg\",\"contentUrl\":\"https:\/\/www.iplay.com\/wp-content\/uploads\/2023\/11\/Group-6100.svg\",\"width\":98,\"height\":25,\"caption\":\"IPlay\"},\"image\":{\"@id\":\"https:\/\/www.iplay.com\/en\/#\/schema\/logo\/image\/\"}}]}<\/script>\n<!-- \/ Yoast SEO Premium plugin. -->","yoast_head_json":{"title":"Cooking Trip 2 - \u00c9dition Collector - Cooking Trip 2 - Back on the Road offre des d\u00e9lices de tourisme gastronomique","description":"Voyager pour la nourriture comme jamais auparavant ! Voyage de cuisine 2 : Retour sur la route","robots":{"index":"index","follow":"follow","max-snippet":"max-snippet:-1","max-image-preview":"max-image-preview:large","max-video-preview":"max-video-preview:-1"},"canonical":"https:\/\/www.iplay.com\/fr\/games\/cooking-trip-2-collectors-edition\/","og_locale":"fr_FR","og_type":"article","og_title":"Cooking Trip 2 - Collector's Edition","og_description":"Voyager pour la nourriture comme jamais auparavant ! Voyage de cuisine 2 : Retour sur la route","og_url":"https:\/\/www.iplay.com\/fr\/games\/cooking-trip-2-collectors-edition\/","og_site_name":"IPlay","og_image":[{"width":310,"height":310,"url":"https:\/\/www.iplay.com\/wp-content\/uploads\/2023\/12\/large_square_tile_image-3316.jpg","type":"image\/jpeg"}],"twitter_card":"summary_large_image","twitter_misc":{"Dur\u00e9e de lecture estim\u00e9e":"1 minute"},"schema":{"@context":"https:\/\/schema.org","@graph":[{"@type":"WebPage","@id":"https:\/\/www.iplay.com\/fr\/games\/cooking-trip-2-collectors-edition\/","url":"https:\/\/www.iplay.com\/fr\/games\/cooking-trip-2-collectors-edition\/","name":"Cooking Trip 2 - \u00c9dition Collector - Cooking Trip 2 - Back on the Road offre des d\u00e9lices de tourisme gastronomique","isPartOf":{"@id":"https:\/\/www.iplay.com\/en\/#website"},"primaryImageOfPage":{"@id":"https:\/\/www.iplay.com\/fr\/games\/cooking-trip-2-collectors-edition\/#primaryimage"},"image":{"@id":"https:\/\/www.iplay.com\/fr\/games\/cooking-trip-2-collectors-edition\/#primaryimage"},"thumbnailUrl":"https:\/\/www.iplay.com\/wp-content\/uploads\/2023\/12\/large_square_tile_image-3316.jpg","datePublished":"2019-08-10T00:00:00+00:00","description":"Voyager pour la nourriture comme jamais auparavant ! Voyage de cuisine 2 : Retour sur la route","breadcrumb":{"@id":"https:\/\/www.iplay.com\/fr\/games\/cooking-trip-2-collectors-edition\/#breadcrumb"},"inLanguage":"fr-FR","potentialAction":[{"@type":"ReadAction","target":["https:\/\/www.iplay.com\/fr\/games\/cooking-trip-2-collectors-edition\/"]}]},{"@type":"ImageObject","inLanguage":"fr-FR","@id":"https:\/\/www.iplay.com\/fr\/games\/cooking-trip-2-collectors-edition\/#primaryimage","url":"https:\/\/www.iplay.com\/wp-content\/uploads\/2023\/12\/large_square_tile_image-3316.jpg","contentUrl":"https:\/\/www.iplay.com\/wp-content\/uploads\/2023\/12\/large_square_tile_image-3316.jpg","width":310,"height":310},{"@type":"BreadcrumbList","@id":"https:\/\/www.iplay.com\/fr\/games\/cooking-trip-2-collectors-edition\/#breadcrumb","itemListElement":[{"@type":"ListItem","position":1,"name":"Home","item":"https:\/\/www.iplay.com\/fr\/home-page-2\/"},{"@type":"ListItem","position":2,"name":"Shop","item":"https:\/\/www.iplay.com\/en\/shop\/"},{"@type":"ListItem","position":3,"name":"Cooking Trip 2 &#8211; Collector&#8217;s Edition"}]},{"@type":"WebSite","@id":"https:\/\/www.iplay.com\/en\/#website","url":"https:\/\/www.iplay.com\/en\/","name":"IPlay","description":"The Best Casual Games!","publisher":{"@id":"https:\/\/www.iplay.com\/en\/#organization"},"potentialAction":[{"@type":"SearchAction","target":{"@type":"EntryPoint","urlTemplate":"https:\/\/www.iplay.com\/en\/?s={search_term_string}"},"query-input":{"@type":"PropertyValueSpecification","valueRequired":true,"valueName":"search_term_string"}}],"inLanguage":"fr-FR"},{"@type":"Organization","@id":"https:\/\/www.iplay.com\/en\/#organization","name":"IPlay","url":"https:\/\/www.iplay.com\/en\/","logo":{"@type":"ImageObject","inLanguage":"fr-FR","@id":"https:\/\/www.iplay.com\/en\/#\/schema\/logo\/image\/","url":"https:\/\/www.iplay.com\/wp-content\/uploads\/2023\/11\/Group-6100.svg","contentUrl":"https:\/\/www.iplay.com\/wp-content\/uploads\/2023\/11\/Group-6100.svg","width":98,"height":25,"caption":"IPlay"},"image":{"@id":"https:\/\/www.iplay.com\/en\/#\/schema\/logo\/image\/"}}]}},"_links":{"self":[{"href":"https:\/\/www.iplay.com\/fr\/wp-json\/wp\/v2\/product\/135591","targetHints":{"allow":["GET"]}}],"collection":[{"href":"https:\/\/www.iplay.com\/fr\/wp-json\/wp\/v2\/product"}],"about":[{"href":"https:\/\/www.iplay.com\/fr\/wp-json\/wp\/v2\/types\/product"}],"author":[{"embeddable":true,"href":"https:\/\/www.iplay.com\/fr\/wp-json\/wp\/v2\/users\/13"}],"replies":[{"embeddable":true,"href":"https:\/\/www.iplay.com\/fr\/wp-json\/wp\/v2\/comments?post=135591"}],"wp:featuredmedia":[{"embeddable":true,"href":"https:\/\/www.iplay.com\/fr\/wp-json\/wp\/v2\/media\/92809"}],"wp:attachment":[{"href":"https:\/\/www.iplay.com\/fr\/wp-json\/wp\/v2\/media?parent=135591"}],"wp:term":[{"taxonomy":"product_brand","embeddable":true,"href":"https:\/\/www.iplay.com\/fr\/wp-json\/wp\/v2\/product_brand?post=135591"},{"taxonomy":"product_cat","embeddable":true,"href":"https:\/\/www.iplay.com\/fr\/wp-json\/wp\/v2\/product_cat?post=135591"},{"taxonomy":"product_tag","embeddable":true,"href":"https:\/\/www.iplay.com\/fr\/wp-json\/wp\/v2\/product_tag?post=135591"}],"curies":[{"name":"wp","href":"https:\/\/api.w.org\/{rel}","templated":true}]}}