{"id":135551,"date":"2019-11-08T00:00:00","date_gmt":"2019-11-08T00:00:00","guid":{"rendered":"https:\/\/www.iplay.com\/games\/maggies-movies-second-shot\/"},"modified":"2019-11-08T00:00:00","modified_gmt":"2019-11-08T00:00:00","slug":"maggies-movies-second-shot","status":"publish","type":"product","link":"https:\/\/www.iplay.com\/fr\/games\/maggies-movies-second-shot\/","title":{"rendered":"Maggie&#8217;s Movies &#8211; Second Shot"},"content":{"rendered":"<p>Depuis son premier long-m\u00e9trage, Maggie Welles a consid\u00e9rablement progress\u00e9. Maggie se sent optimiste maintenant qu\u2019Al Lyons est derri\u00e8re elle, mais elle d\u00e9couvre ensuite que son nouveau contrat avec un film implique de nombreuses responsabilit\u00e9s impr\u00e9vues. Maggie est forc\u00e9e de n\u00e9gocier une mer turbulente d\u2019egos fragiles, y compris le sien, apr\u00e8s avoir accept\u00e9 l\u2019aide d\u2019un has-been d\u2019Hollywood. Maggie nous emm\u00e8ne dans une qu\u00eate personnelle pour d\u00e9finir le succ\u00e8s dans son histoire sur la relation complexe entre les p\u00e8res et les filles. Maggie finira-t-elle par d\u00e9montrer qu\u2019elle a ce qu\u2019il faut pour endurer sa deuxi\u00e8me chance de gloire ?    <\/p>\n<p>&nbsp;<\/p>\n<p>&nbsp;<\/p>\n<p><strong>Fonctionnalit\u00e9s:<\/strong><\/p>\n<p>&nbsp;<\/p>\n<p>&#8211; Six chapitres dans lesquels le cadre est inhabituel.<\/p>\n<p>&#8211; Il y a trois niveaux de d\u00e9fi dans chaque chapitre, offrant d\u2019innombrables heures de jeu dans chaque d\u00e9cor.<\/p>\n<p>&#8211; Temps de jeu de plus de dix heures.<\/p>\n<p>&#8211; Des mini-jeux rapides et divertissants pour faire des films sont incorpor\u00e9s dans chaque d\u00e9cor.<\/p>\n<p>&#8211; Le d\u00e9bitm\u00e8tre offre une valeur de rejouabilit\u00e9 infinie car il y a toujours une nouvelle m\u00e9thode pour augmenter les bonus de score.<\/p>\n","protected":false},"excerpt":{"rendered":"<p>Maggie pourra-t-elle survivre \u00e0 sa deuxi\u00e8me tentative de gloire ?<\/p>\n","protected":false},"author":4,"featured_media":92148,"comment_status":"open","ping_status":"closed","template":"","meta":{"_acf_changed":false,"inline_featured_image":false},"product_brand":[],"product_cat":[216],"product_tag":[287],"class_list":{"0":"post-135551","1":"product","2":"type-product","3":"status-publish","4":"has-post-thumbnail","6":"product_cat-time-management-fr","7":"product_tag-play-on-pc-fr","9":"first","10":"instock","11":"shipping-taxable","12":"purchasable","13":"product-type-simple"},"acf":[],"yoast_head":"<!-- This site is optimized with the Yoast SEO Premium plugin v25.2 (Yoast SEO v25.2) - https:\/\/yoast.com\/wordpress\/plugins\/seo\/ -->\n<title>Maggie\u2019s Movies - Second Shot - Maggie survivra-t-elle \u00e0 sa deuxi\u00e8me chance de gloire ?<\/title>\n<meta name=\"description\" content=\"Maggie pourra-t-elle survivre \u00e0 sa deuxi\u00e8me tentative de gloire ?\" \/>\n<meta name=\"robots\" content=\"index, follow, max-snippet:-1, max-image-preview:large, max-video-preview:-1\" \/>\n<link rel=\"canonical\" href=\"https:\/\/www.iplay.com\/fr\/games\/maggies-movies-second-shot\/\" \/>\n<meta property=\"og:locale\" content=\"fr_FR\" \/>\n<meta property=\"og:type\" content=\"article\" \/>\n<meta property=\"og:title\" content=\"Maggie&#039;s Movies - Second Shot\" \/>\n<meta property=\"og:description\" content=\"Maggie pourra-t-elle survivre \u00e0 sa deuxi\u00e8me tentative de gloire ?\" \/>\n<meta property=\"og:url\" content=\"https:\/\/www.iplay.com\/fr\/games\/maggies-movies-second-shot\/\" \/>\n<meta property=\"og:site_name\" content=\"IPlay\" \/>\n<meta property=\"og:image\" content=\"https:\/\/www.iplay.com\/wp-content\/uploads\/2023\/12\/large_square_tile_image-3275.jpg\" \/>\n\t<meta property=\"og:image:width\" content=\"310\" \/>\n\t<meta property=\"og:image:height\" content=\"310\" \/>\n\t<meta property=\"og:image:type\" content=\"image\/jpeg\" \/>\n<meta name=\"twitter:card\" content=\"summary_large_image\" \/>\n<meta name=\"twitter:label1\" content=\"Dur\u00e9e de lecture estim\u00e9e\" \/>\n\t<meta name=\"twitter:data1\" content=\"1 minute\" \/>\n<script type=\"application\/ld+json\" class=\"yoast-schema-graph\">{\"@context\":\"https:\/\/schema.org\",\"@graph\":[{\"@type\":\"WebPage\",\"@id\":\"https:\/\/www.iplay.com\/fr\/games\/maggies-movies-second-shot\/\",\"url\":\"https:\/\/www.iplay.com\/fr\/games\/maggies-movies-second-shot\/\",\"name\":\"Maggie\u2019s Movies - Second Shot - Maggie survivra-t-elle \u00e0 sa deuxi\u00e8me chance de gloire ?\",\"isPartOf\":{\"@id\":\"https:\/\/www.iplay.com\/en\/#website\"},\"primaryImageOfPage\":{\"@id\":\"https:\/\/www.iplay.com\/fr\/games\/maggies-movies-second-shot\/#primaryimage\"},\"image\":{\"@id\":\"https:\/\/www.iplay.com\/fr\/games\/maggies-movies-second-shot\/#primaryimage\"},\"thumbnailUrl\":\"https:\/\/www.iplay.com\/wp-content\/uploads\/2023\/12\/large_square_tile_image-3275.jpg\",\"datePublished\":\"2019-11-08T00:00:00+00:00\",\"description\":\"Maggie pourra-t-elle survivre \u00e0 sa deuxi\u00e8me tentative de gloire ?\",\"breadcrumb\":{\"@id\":\"https:\/\/www.iplay.com\/fr\/games\/maggies-movies-second-shot\/#breadcrumb\"},\"inLanguage\":\"fr-FR\",\"potentialAction\":[{\"@type\":\"ReadAction\",\"target\":[\"https:\/\/www.iplay.com\/fr\/games\/maggies-movies-second-shot\/\"]}]},{\"@type\":\"ImageObject\",\"inLanguage\":\"fr-FR\",\"@id\":\"https:\/\/www.iplay.com\/fr\/games\/maggies-movies-second-shot\/#primaryimage\",\"url\":\"https:\/\/www.iplay.com\/wp-content\/uploads\/2023\/12\/large_square_tile_image-3275.jpg\",\"contentUrl\":\"https:\/\/www.iplay.com\/wp-content\/uploads\/2023\/12\/large_square_tile_image-3275.jpg\",\"width\":310,\"height\":310},{\"@type\":\"BreadcrumbList\",\"@id\":\"https:\/\/www.iplay.com\/fr\/games\/maggies-movies-second-shot\/#breadcrumb\",\"itemListElement\":[{\"@type\":\"ListItem\",\"position\":1,\"name\":\"Home\",\"item\":\"https:\/\/www.iplay.com\/fr\/home-page-2\/\"},{\"@type\":\"ListItem\",\"position\":2,\"name\":\"Shop\",\"item\":\"https:\/\/www.iplay.com\/en\/shop\/\"},{\"@type\":\"ListItem\",\"position\":3,\"name\":\"Maggie&#8217;s Movies &#8211; Second Shot\"}]},{\"@type\":\"WebSite\",\"@id\":\"https:\/\/www.iplay.com\/en\/#website\",\"url\":\"https:\/\/www.iplay.com\/en\/\",\"name\":\"IPlay\",\"description\":\"The Best Casual Games!\",\"publisher\":{\"@id\":\"https:\/\/www.iplay.com\/en\/#organization\"},\"potentialAction\":[{\"@type\":\"SearchAction\",\"target\":{\"@type\":\"EntryPoint\",\"urlTemplate\":\"https:\/\/www.iplay.com\/en\/?s={search_term_string}\"},\"query-input\":{\"@type\":\"PropertyValueSpecification\",\"valueRequired\":true,\"valueName\":\"search_term_string\"}}],\"inLanguage\":\"fr-FR\"},{\"@type\":\"Organization\",\"@id\":\"https:\/\/www.iplay.com\/en\/#organization\",\"name\":\"IPlay\",\"url\":\"https:\/\/www.iplay.com\/en\/\",\"logo\":{\"@type\":\"ImageObject\",\"inLanguage\":\"fr-FR\",\"@id\":\"https:\/\/www.iplay.com\/en\/#\/schema\/logo\/image\/\",\"url\":\"https:\/\/www.iplay.com\/wp-content\/uploads\/2023\/11\/Group-6100.svg\",\"contentUrl\":\"https:\/\/www.iplay.com\/wp-content\/uploads\/2023\/11\/Group-6100.svg\",\"width\":98,\"height\":25,\"caption\":\"IPlay\"},\"image\":{\"@id\":\"https:\/\/www.iplay.com\/en\/#\/schema\/logo\/image\/\"}}]}<\/script>\n<!-- \/ Yoast SEO Premium plugin. -->","yoast_head_json":{"title":"Maggie\u2019s Movies - Second Shot - Maggie survivra-t-elle \u00e0 sa deuxi\u00e8me chance de gloire ?","description":"Maggie pourra-t-elle survivre \u00e0 sa deuxi\u00e8me tentative de gloire ?","robots":{"index":"index","follow":"follow","max-snippet":"max-snippet:-1","max-image-preview":"max-image-preview:large","max-video-preview":"max-video-preview:-1"},"canonical":"https:\/\/www.iplay.com\/fr\/games\/maggies-movies-second-shot\/","og_locale":"fr_FR","og_type":"article","og_title":"Maggie's Movies - Second Shot","og_description":"Maggie pourra-t-elle survivre \u00e0 sa deuxi\u00e8me tentative de gloire ?","og_url":"https:\/\/www.iplay.com\/fr\/games\/maggies-movies-second-shot\/","og_site_name":"IPlay","og_image":[{"width":310,"height":310,"url":"https:\/\/www.iplay.com\/wp-content\/uploads\/2023\/12\/large_square_tile_image-3275.jpg","type":"image\/jpeg"}],"twitter_card":"summary_large_image","twitter_misc":{"Dur\u00e9e de lecture estim\u00e9e":"1 minute"},"schema":{"@context":"https:\/\/schema.org","@graph":[{"@type":"WebPage","@id":"https:\/\/www.iplay.com\/fr\/games\/maggies-movies-second-shot\/","url":"https:\/\/www.iplay.com\/fr\/games\/maggies-movies-second-shot\/","name":"Maggie\u2019s Movies - Second Shot - Maggie survivra-t-elle \u00e0 sa deuxi\u00e8me chance de gloire ?","isPartOf":{"@id":"https:\/\/www.iplay.com\/en\/#website"},"primaryImageOfPage":{"@id":"https:\/\/www.iplay.com\/fr\/games\/maggies-movies-second-shot\/#primaryimage"},"image":{"@id":"https:\/\/www.iplay.com\/fr\/games\/maggies-movies-second-shot\/#primaryimage"},"thumbnailUrl":"https:\/\/www.iplay.com\/wp-content\/uploads\/2023\/12\/large_square_tile_image-3275.jpg","datePublished":"2019-11-08T00:00:00+00:00","description":"Maggie pourra-t-elle survivre \u00e0 sa deuxi\u00e8me tentative de gloire ?","breadcrumb":{"@id":"https:\/\/www.iplay.com\/fr\/games\/maggies-movies-second-shot\/#breadcrumb"},"inLanguage":"fr-FR","potentialAction":[{"@type":"ReadAction","target":["https:\/\/www.iplay.com\/fr\/games\/maggies-movies-second-shot\/"]}]},{"@type":"ImageObject","inLanguage":"fr-FR","@id":"https:\/\/www.iplay.com\/fr\/games\/maggies-movies-second-shot\/#primaryimage","url":"https:\/\/www.iplay.com\/wp-content\/uploads\/2023\/12\/large_square_tile_image-3275.jpg","contentUrl":"https:\/\/www.iplay.com\/wp-content\/uploads\/2023\/12\/large_square_tile_image-3275.jpg","width":310,"height":310},{"@type":"BreadcrumbList","@id":"https:\/\/www.iplay.com\/fr\/games\/maggies-movies-second-shot\/#breadcrumb","itemListElement":[{"@type":"ListItem","position":1,"name":"Home","item":"https:\/\/www.iplay.com\/fr\/home-page-2\/"},{"@type":"ListItem","position":2,"name":"Shop","item":"https:\/\/www.iplay.com\/en\/shop\/"},{"@type":"ListItem","position":3,"name":"Maggie&#8217;s Movies &#8211; Second Shot"}]},{"@type":"WebSite","@id":"https:\/\/www.iplay.com\/en\/#website","url":"https:\/\/www.iplay.com\/en\/","name":"IPlay","description":"The Best Casual Games!","publisher":{"@id":"https:\/\/www.iplay.com\/en\/#organization"},"potentialAction":[{"@type":"SearchAction","target":{"@type":"EntryPoint","urlTemplate":"https:\/\/www.iplay.com\/en\/?s={search_term_string}"},"query-input":{"@type":"PropertyValueSpecification","valueRequired":true,"valueName":"search_term_string"}}],"inLanguage":"fr-FR"},{"@type":"Organization","@id":"https:\/\/www.iplay.com\/en\/#organization","name":"IPlay","url":"https:\/\/www.iplay.com\/en\/","logo":{"@type":"ImageObject","inLanguage":"fr-FR","@id":"https:\/\/www.iplay.com\/en\/#\/schema\/logo\/image\/","url":"https:\/\/www.iplay.com\/wp-content\/uploads\/2023\/11\/Group-6100.svg","contentUrl":"https:\/\/www.iplay.com\/wp-content\/uploads\/2023\/11\/Group-6100.svg","width":98,"height":25,"caption":"IPlay"},"image":{"@id":"https:\/\/www.iplay.com\/en\/#\/schema\/logo\/image\/"}}]}},"_links":{"self":[{"href":"https:\/\/www.iplay.com\/fr\/wp-json\/wp\/v2\/product\/135551","targetHints":{"allow":["GET"]}}],"collection":[{"href":"https:\/\/www.iplay.com\/fr\/wp-json\/wp\/v2\/product"}],"about":[{"href":"https:\/\/www.iplay.com\/fr\/wp-json\/wp\/v2\/types\/product"}],"author":[{"embeddable":true,"href":"https:\/\/www.iplay.com\/fr\/wp-json\/wp\/v2\/users\/4"}],"replies":[{"embeddable":true,"href":"https:\/\/www.iplay.com\/fr\/wp-json\/wp\/v2\/comments?post=135551"}],"wp:featuredmedia":[{"embeddable":true,"href":"https:\/\/www.iplay.com\/fr\/wp-json\/wp\/v2\/media\/92148"}],"wp:attachment":[{"href":"https:\/\/www.iplay.com\/fr\/wp-json\/wp\/v2\/media?parent=135551"}],"wp:term":[{"taxonomy":"product_brand","embeddable":true,"href":"https:\/\/www.iplay.com\/fr\/wp-json\/wp\/v2\/product_brand?post=135551"},{"taxonomy":"product_cat","embeddable":true,"href":"https:\/\/www.iplay.com\/fr\/wp-json\/wp\/v2\/product_cat?post=135551"},{"taxonomy":"product_tag","embeddable":true,"href":"https:\/\/www.iplay.com\/fr\/wp-json\/wp\/v2\/product_tag?post=135551"}],"curies":[{"name":"wp","href":"https:\/\/api.w.org\/{rel}","templated":true}]}}