{"id":135547,"date":"2019-12-11T00:00:00","date_gmt":"2019-12-11T00:00:00","guid":{"rendered":"https:\/\/www.iplay.com\/games\/moai-7-mystery-coast\/"},"modified":"2019-12-11T00:00:00","modified_gmt":"2019-12-11T00:00:00","slug":"moai-7-mystery-coast","status":"publish","type":"product","link":"https:\/\/www.iplay.com\/fr\/games\/moai-7-mystery-coast\/","title":{"rendered":"Moai 7: Mystery Coast"},"content":{"rendered":"<p>Sauvez la s\u0153ur d\u2019un jeune homme des pirates qui l\u2019ont kidnapp\u00e9e en retournant sur l\u2019\u00eele enchant\u00e9e de Tapa Tui ! Bien que Hika-Ri soit courageux et fort, et que Kao-Ri soit un brillant magicien, aucun d\u2019eux n\u2019est pr\u00eat pour ce qui s\u2019est pass\u00e9 le jour o\u00f9 les voleurs arrivent sur leurs rivages inconnus. Il est maintenant de votre responsabilit\u00e9 de mener Hika-Ri dans un incroyable voyage pour sauver sa s\u0153ur d\u2019un destin ind\u00e9termin\u00e9 ! Vous vous affronterez pour restaurer la destruction laiss\u00e9e par les pirates, conqu\u00e9rir d\u2019\u00e9normes obstacles et cr\u00e9er des ressources essentielles en voyageant \u00e0 travers divers paysages de jeu et en rencontrant des personnages magnifiquement anim\u00e9s. En utilisant astucieusement un certain nombre d\u2019avantages valables, vous garantirez votre succ\u00e8s et vous permettra d\u2019accumuler une liste impressionnante de r\u00e9alisations&nbsp;! Au secours, Kao-Ri pleure. Voulez-vous relever le d\u00e9fi de la sauver ?      <\/p>\n<p>&nbsp;<\/p>\n<p>&nbsp;<\/p>\n<p><strong>Fonctionnalit\u00e9s:<\/strong><\/p>\n<p>&nbsp;<\/p>\n<p>&#8211; Terminez 60 niveaux intrigants pour avancer.<\/p>\n<p>&#8211; Plus de 50 r\u00e9alisations \u00e0 atteindre<\/p>\n<p>&#8211; Obtenez les 18 am\u00e9liorations dans la boutique.<\/p>\n<p>&#8211; Tournez la roue pour gagner des pierres pr\u00e9cieuses !<\/p>\n<p>&#8211; Modes de jeu facile et normal<\/p>\n","protected":false},"excerpt":{"rendered":"<p>Revenez \u00e0 Tapa Tui enchant\u00e9 ! Dans Moa\u00ef VII : La C\u00f4te Inconnue <\/p>\n","protected":false},"author":8,"featured_media":92036,"comment_status":"open","ping_status":"closed","template":"","meta":{"_acf_changed":false,"inline_featured_image":false},"product_brand":[],"product_cat":[216],"product_tag":[287],"class_list":{"0":"post-135547","1":"product","2":"type-product","3":"status-publish","4":"has-post-thumbnail","6":"product_cat-time-management-fr","7":"product_tag-play-on-pc-fr","9":"first","10":"instock","11":"shipping-taxable","12":"purchasable","13":"product-type-simple"},"acf":[],"yoast_head":"<!-- This site is optimized with the Yoast SEO Premium plugin v25.2 (Yoast SEO v25.2) - https:\/\/yoast.com\/wordpress\/plugins\/seo\/ -->\n<title>Moai 7\u00a0: Mystery Coast - Retournez \u00e0 la magie de Tapa Tui dans Moai VII\u00a0: Mystery Coast<\/title>\n<meta name=\"description\" content=\"Revenez \u00e0 Tapa Tui enchant\u00e9 ! Dans Moa\u00ef VII : La C\u00f4te Inconnue\" \/>\n<meta name=\"robots\" content=\"index, follow, max-snippet:-1, max-image-preview:large, max-video-preview:-1\" \/>\n<link rel=\"canonical\" href=\"https:\/\/www.iplay.com\/fr\/games\/moai-7-mystery-coast\/\" \/>\n<meta property=\"og:locale\" content=\"fr_FR\" \/>\n<meta property=\"og:type\" content=\"article\" \/>\n<meta property=\"og:title\" content=\"Moai 7: Mystery Coast\" \/>\n<meta property=\"og:description\" content=\"Revenez \u00e0 Tapa Tui enchant\u00e9 ! Dans Moa\u00ef VII : La C\u00f4te Inconnue\" \/>\n<meta property=\"og:url\" content=\"https:\/\/www.iplay.com\/fr\/games\/moai-7-mystery-coast\/\" \/>\n<meta property=\"og:site_name\" content=\"IPlay\" \/>\n<meta property=\"og:image\" content=\"https:\/\/www.iplay.com\/wp-content\/uploads\/2023\/12\/large_square_tile_image-3268.jpg\" \/>\n\t<meta property=\"og:image:width\" content=\"310\" \/>\n\t<meta property=\"og:image:height\" content=\"310\" \/>\n\t<meta property=\"og:image:type\" content=\"image\/jpeg\" \/>\n<meta name=\"twitter:card\" content=\"summary_large_image\" \/>\n<meta name=\"twitter:label1\" content=\"Dur\u00e9e de lecture estim\u00e9e\" \/>\n\t<meta name=\"twitter:data1\" content=\"1 minute\" \/>\n<script type=\"application\/ld+json\" class=\"yoast-schema-graph\">{\"@context\":\"https:\/\/schema.org\",\"@graph\":[{\"@type\":\"WebPage\",\"@id\":\"https:\/\/www.iplay.com\/fr\/games\/moai-7-mystery-coast\/\",\"url\":\"https:\/\/www.iplay.com\/fr\/games\/moai-7-mystery-coast\/\",\"name\":\"Moai 7\u00a0: Mystery Coast - Retournez \u00e0 la magie de Tapa Tui dans Moai VII\u00a0: Mystery Coast\",\"isPartOf\":{\"@id\":\"https:\/\/www.iplay.com\/en\/#website\"},\"primaryImageOfPage\":{\"@id\":\"https:\/\/www.iplay.com\/fr\/games\/moai-7-mystery-coast\/#primaryimage\"},\"image\":{\"@id\":\"https:\/\/www.iplay.com\/fr\/games\/moai-7-mystery-coast\/#primaryimage\"},\"thumbnailUrl\":\"https:\/\/www.iplay.com\/wp-content\/uploads\/2023\/12\/large_square_tile_image-3268.jpg\",\"datePublished\":\"2019-12-11T00:00:00+00:00\",\"description\":\"Revenez \u00e0 Tapa Tui enchant\u00e9 ! Dans Moa\u00ef VII : La C\u00f4te Inconnue\",\"breadcrumb\":{\"@id\":\"https:\/\/www.iplay.com\/fr\/games\/moai-7-mystery-coast\/#breadcrumb\"},\"inLanguage\":\"fr-FR\",\"potentialAction\":[{\"@type\":\"ReadAction\",\"target\":[\"https:\/\/www.iplay.com\/fr\/games\/moai-7-mystery-coast\/\"]}]},{\"@type\":\"ImageObject\",\"inLanguage\":\"fr-FR\",\"@id\":\"https:\/\/www.iplay.com\/fr\/games\/moai-7-mystery-coast\/#primaryimage\",\"url\":\"https:\/\/www.iplay.com\/wp-content\/uploads\/2023\/12\/large_square_tile_image-3268.jpg\",\"contentUrl\":\"https:\/\/www.iplay.com\/wp-content\/uploads\/2023\/12\/large_square_tile_image-3268.jpg\",\"width\":310,\"height\":310},{\"@type\":\"BreadcrumbList\",\"@id\":\"https:\/\/www.iplay.com\/fr\/games\/moai-7-mystery-coast\/#breadcrumb\",\"itemListElement\":[{\"@type\":\"ListItem\",\"position\":1,\"name\":\"Home\",\"item\":\"https:\/\/www.iplay.com\/fr\/home-page-2\/\"},{\"@type\":\"ListItem\",\"position\":2,\"name\":\"Shop\",\"item\":\"https:\/\/www.iplay.com\/en\/shop\/\"},{\"@type\":\"ListItem\",\"position\":3,\"name\":\"Moai 7: Mystery Coast\"}]},{\"@type\":\"WebSite\",\"@id\":\"https:\/\/www.iplay.com\/en\/#website\",\"url\":\"https:\/\/www.iplay.com\/en\/\",\"name\":\"IPlay\",\"description\":\"The Best Casual Games!\",\"publisher\":{\"@id\":\"https:\/\/www.iplay.com\/en\/#organization\"},\"potentialAction\":[{\"@type\":\"SearchAction\",\"target\":{\"@type\":\"EntryPoint\",\"urlTemplate\":\"https:\/\/www.iplay.com\/en\/?s={search_term_string}\"},\"query-input\":{\"@type\":\"PropertyValueSpecification\",\"valueRequired\":true,\"valueName\":\"search_term_string\"}}],\"inLanguage\":\"fr-FR\"},{\"@type\":\"Organization\",\"@id\":\"https:\/\/www.iplay.com\/en\/#organization\",\"name\":\"IPlay\",\"url\":\"https:\/\/www.iplay.com\/en\/\",\"logo\":{\"@type\":\"ImageObject\",\"inLanguage\":\"fr-FR\",\"@id\":\"https:\/\/www.iplay.com\/en\/#\/schema\/logo\/image\/\",\"url\":\"https:\/\/www.iplay.com\/wp-content\/uploads\/2023\/11\/Group-6100.svg\",\"contentUrl\":\"https:\/\/www.iplay.com\/wp-content\/uploads\/2023\/11\/Group-6100.svg\",\"width\":98,\"height\":25,\"caption\":\"IPlay\"},\"image\":{\"@id\":\"https:\/\/www.iplay.com\/en\/#\/schema\/logo\/image\/\"}}]}<\/script>\n<!-- \/ Yoast SEO Premium plugin. -->","yoast_head_json":{"title":"Moai 7\u00a0: Mystery Coast - Retournez \u00e0 la magie de Tapa Tui dans Moai VII\u00a0: Mystery Coast","description":"Revenez \u00e0 Tapa Tui enchant\u00e9 ! Dans Moa\u00ef VII : La C\u00f4te Inconnue","robots":{"index":"index","follow":"follow","max-snippet":"max-snippet:-1","max-image-preview":"max-image-preview:large","max-video-preview":"max-video-preview:-1"},"canonical":"https:\/\/www.iplay.com\/fr\/games\/moai-7-mystery-coast\/","og_locale":"fr_FR","og_type":"article","og_title":"Moai 7: Mystery Coast","og_description":"Revenez \u00e0 Tapa Tui enchant\u00e9 ! Dans Moa\u00ef VII : La C\u00f4te Inconnue","og_url":"https:\/\/www.iplay.com\/fr\/games\/moai-7-mystery-coast\/","og_site_name":"IPlay","og_image":[{"width":310,"height":310,"url":"https:\/\/www.iplay.com\/wp-content\/uploads\/2023\/12\/large_square_tile_image-3268.jpg","type":"image\/jpeg"}],"twitter_card":"summary_large_image","twitter_misc":{"Dur\u00e9e de lecture estim\u00e9e":"1 minute"},"schema":{"@context":"https:\/\/schema.org","@graph":[{"@type":"WebPage","@id":"https:\/\/www.iplay.com\/fr\/games\/moai-7-mystery-coast\/","url":"https:\/\/www.iplay.com\/fr\/games\/moai-7-mystery-coast\/","name":"Moai 7\u00a0: Mystery Coast - Retournez \u00e0 la magie de Tapa Tui dans Moai VII\u00a0: Mystery Coast","isPartOf":{"@id":"https:\/\/www.iplay.com\/en\/#website"},"primaryImageOfPage":{"@id":"https:\/\/www.iplay.com\/fr\/games\/moai-7-mystery-coast\/#primaryimage"},"image":{"@id":"https:\/\/www.iplay.com\/fr\/games\/moai-7-mystery-coast\/#primaryimage"},"thumbnailUrl":"https:\/\/www.iplay.com\/wp-content\/uploads\/2023\/12\/large_square_tile_image-3268.jpg","datePublished":"2019-12-11T00:00:00+00:00","description":"Revenez \u00e0 Tapa Tui enchant\u00e9 ! Dans Moa\u00ef VII : La C\u00f4te Inconnue","breadcrumb":{"@id":"https:\/\/www.iplay.com\/fr\/games\/moai-7-mystery-coast\/#breadcrumb"},"inLanguage":"fr-FR","potentialAction":[{"@type":"ReadAction","target":["https:\/\/www.iplay.com\/fr\/games\/moai-7-mystery-coast\/"]}]},{"@type":"ImageObject","inLanguage":"fr-FR","@id":"https:\/\/www.iplay.com\/fr\/games\/moai-7-mystery-coast\/#primaryimage","url":"https:\/\/www.iplay.com\/wp-content\/uploads\/2023\/12\/large_square_tile_image-3268.jpg","contentUrl":"https:\/\/www.iplay.com\/wp-content\/uploads\/2023\/12\/large_square_tile_image-3268.jpg","width":310,"height":310},{"@type":"BreadcrumbList","@id":"https:\/\/www.iplay.com\/fr\/games\/moai-7-mystery-coast\/#breadcrumb","itemListElement":[{"@type":"ListItem","position":1,"name":"Home","item":"https:\/\/www.iplay.com\/fr\/home-page-2\/"},{"@type":"ListItem","position":2,"name":"Shop","item":"https:\/\/www.iplay.com\/en\/shop\/"},{"@type":"ListItem","position":3,"name":"Moai 7: Mystery Coast"}]},{"@type":"WebSite","@id":"https:\/\/www.iplay.com\/en\/#website","url":"https:\/\/www.iplay.com\/en\/","name":"IPlay","description":"The Best Casual Games!","publisher":{"@id":"https:\/\/www.iplay.com\/en\/#organization"},"potentialAction":[{"@type":"SearchAction","target":{"@type":"EntryPoint","urlTemplate":"https:\/\/www.iplay.com\/en\/?s={search_term_string}"},"query-input":{"@type":"PropertyValueSpecification","valueRequired":true,"valueName":"search_term_string"}}],"inLanguage":"fr-FR"},{"@type":"Organization","@id":"https:\/\/www.iplay.com\/en\/#organization","name":"IPlay","url":"https:\/\/www.iplay.com\/en\/","logo":{"@type":"ImageObject","inLanguage":"fr-FR","@id":"https:\/\/www.iplay.com\/en\/#\/schema\/logo\/image\/","url":"https:\/\/www.iplay.com\/wp-content\/uploads\/2023\/11\/Group-6100.svg","contentUrl":"https:\/\/www.iplay.com\/wp-content\/uploads\/2023\/11\/Group-6100.svg","width":98,"height":25,"caption":"IPlay"},"image":{"@id":"https:\/\/www.iplay.com\/en\/#\/schema\/logo\/image\/"}}]}},"_links":{"self":[{"href":"https:\/\/www.iplay.com\/fr\/wp-json\/wp\/v2\/product\/135547","targetHints":{"allow":["GET"]}}],"collection":[{"href":"https:\/\/www.iplay.com\/fr\/wp-json\/wp\/v2\/product"}],"about":[{"href":"https:\/\/www.iplay.com\/fr\/wp-json\/wp\/v2\/types\/product"}],"author":[{"embeddable":true,"href":"https:\/\/www.iplay.com\/fr\/wp-json\/wp\/v2\/users\/8"}],"replies":[{"embeddable":true,"href":"https:\/\/www.iplay.com\/fr\/wp-json\/wp\/v2\/comments?post=135547"}],"wp:featuredmedia":[{"embeddable":true,"href":"https:\/\/www.iplay.com\/fr\/wp-json\/wp\/v2\/media\/92036"}],"wp:attachment":[{"href":"https:\/\/www.iplay.com\/fr\/wp-json\/wp\/v2\/media?parent=135547"}],"wp:term":[{"taxonomy":"product_brand","embeddable":true,"href":"https:\/\/www.iplay.com\/fr\/wp-json\/wp\/v2\/product_brand?post=135547"},{"taxonomy":"product_cat","embeddable":true,"href":"https:\/\/www.iplay.com\/fr\/wp-json\/wp\/v2\/product_cat?post=135547"},{"taxonomy":"product_tag","embeddable":true,"href":"https:\/\/www.iplay.com\/fr\/wp-json\/wp\/v2\/product_tag?post=135547"}],"curies":[{"name":"wp","href":"https:\/\/api.w.org\/{rel}","templated":true}]}}