{"id":135478,"date":"2020-08-07T00:00:00","date_gmt":"2020-08-07T00:00:00","guid":{"rendered":"https:\/\/www.iplay.com\/games\/robin-hood-winds-of-freedom-collectors-edition\/"},"modified":"2020-08-07T00:00:00","modified_gmt":"2020-08-07T00:00:00","slug":"robin-hood-winds-of-freedom-collectors-edition","status":"publish","type":"product","link":"https:\/\/www.iplay.com\/fr\/games\/robin-hood-winds-of-freedom-collectors-edition\/","title":{"rendered":"Robin Hood: Winds Of Freedom Collector&#8217;s  Edition"},"content":{"rendered":"<p>Dans la fable lugubre Rin : Le dernier enfant, vous devez localiser votre magie, ex\u00e9cuter des sorts et les enchanter pour cr\u00e9er des variations de sorts plus fortes et plus puissantes. Dans votre mission de pr\u00e9servation de la plan\u00e8te, utilisez des \u00e9l\u00e9ments pour renforcer et renforcer votre pouvoir en incarnant la demi-d\u00e9esse Rin. Explorez de vastes mondes mythologiques et d\u00e9couvrez les myst\u00e8res contenus dans les Aspects de la Magie. Pour cr\u00e9er des sorts ou des enchantements, localisez les \u00e9clats d\u2019aspect et les runes. En avez-vous assez des m\u00eames vieux missiles magiques ? Il y a sans aucun doute d\u2019autres sorts disponibles qui correspondront \u00e0 votre style de jeu pr\u00e9f\u00e9r\u00e9. En traversant leurs nations, vous verrez de dangereuses jungles remplies d\u2019animaux mortels, de terribles plaines volcaniques, des d\u00e9serts du temps tordu, et bien d\u2019autres encore. Quels myst\u00e8res allez-vous percer ?       <\/p>\n<p>&nbsp;<\/p>\n<p>&nbsp;<\/p>\n<p><strong>Fonctionnalit\u00e9s:<\/strong><\/p>\n<p>&nbsp;<\/p>\n<p>&#8211; Magie et enchantement<br \/>\n&#8211; d\u00e9couverte<br \/>\n&#8211; narration<br \/>\n captivante- style artistique distinctif<\/p>\n","protected":false},"excerpt":{"rendered":"<p>Sauvez le roi Richard d\u2019un ravisseur rus\u00e9 ! Dans l\u2019\u00e9dition collector de Robin des Bois : Les Vents de la Libert\u00e9 <\/p>\n","protected":false},"author":8,"featured_media":82482,"comment_status":"open","ping_status":"closed","template":"","meta":{"_acf_changed":false,"inline_featured_image":false},"product_brand":[],"product_cat":[216],"product_tag":[287],"class_list":{"0":"post-135478","1":"product","2":"type-product","3":"status-publish","4":"has-post-thumbnail","6":"product_cat-time-management-fr","7":"product_tag-play-on-pc-fr","9":"first","10":"instock","11":"shipping-taxable","12":"purchasable","13":"product-type-simple"},"acf":[],"yoast_head":"<!-- This site is optimized with the Yoast SEO Premium plugin v25.2 (Yoast SEO v25.2) - https:\/\/yoast.com\/wordpress\/plugins\/seo\/ -->\n<title>Robin des Bois\u00a0: Les Vents de la Libert\u00e9 Edition Collector - Sauvez le Roi Richard dans Robin des Bois\u00a0: Les Vents de la Libert\u00e9 CE<\/title>\n<meta name=\"description\" content=\"Sauvez le roi Richard d\u2019un ravisseur rus\u00e9 ! Dans l\u2019\u00e9dition collector de Robin des Bois : Les Vents de la Libert\u00e9\" \/>\n<meta name=\"robots\" content=\"index, follow, max-snippet:-1, max-image-preview:large, max-video-preview:-1\" \/>\n<link rel=\"canonical\" href=\"https:\/\/www.iplay.com\/fr\/games\/robin-hood-winds-of-freedom-collectors-edition\/\" \/>\n<meta property=\"og:locale\" content=\"fr_FR\" \/>\n<meta property=\"og:type\" content=\"article\" \/>\n<meta property=\"og:title\" content=\"Robin Hood: Winds Of Freedom Collector&#039;s Edition\" \/>\n<meta property=\"og:description\" content=\"Sauvez le roi Richard d\u2019un ravisseur rus\u00e9 ! Dans l\u2019\u00e9dition collector de Robin des Bois : Les Vents de la Libert\u00e9\" \/>\n<meta property=\"og:url\" content=\"https:\/\/www.iplay.com\/fr\/games\/robin-hood-winds-of-freedom-collectors-edition\/\" \/>\n<meta property=\"og:site_name\" content=\"IPlay\" \/>\n<meta property=\"og:image\" content=\"https:\/\/www.iplay.com\/wp-content\/uploads\/2023\/12\/large_square_tile_image-2662.jpg\" \/>\n\t<meta property=\"og:image:width\" content=\"310\" \/>\n\t<meta property=\"og:image:height\" content=\"310\" \/>\n\t<meta property=\"og:image:type\" content=\"image\/jpeg\" \/>\n<meta name=\"twitter:card\" content=\"summary_large_image\" \/>\n<meta name=\"twitter:label1\" content=\"Dur\u00e9e de lecture estim\u00e9e\" \/>\n\t<meta name=\"twitter:data1\" content=\"1 minute\" \/>\n<script type=\"application\/ld+json\" class=\"yoast-schema-graph\">{\"@context\":\"https:\/\/schema.org\",\"@graph\":[{\"@type\":\"WebPage\",\"@id\":\"https:\/\/www.iplay.com\/fr\/games\/robin-hood-winds-of-freedom-collectors-edition\/\",\"url\":\"https:\/\/www.iplay.com\/fr\/games\/robin-hood-winds-of-freedom-collectors-edition\/\",\"name\":\"Robin des Bois\u00a0: Les Vents de la Libert\u00e9 Edition Collector - Sauvez le Roi Richard dans Robin des Bois\u00a0: Les Vents de la Libert\u00e9 CE\",\"isPartOf\":{\"@id\":\"https:\/\/www.iplay.com\/en\/#website\"},\"primaryImageOfPage\":{\"@id\":\"https:\/\/www.iplay.com\/fr\/games\/robin-hood-winds-of-freedom-collectors-edition\/#primaryimage\"},\"image\":{\"@id\":\"https:\/\/www.iplay.com\/fr\/games\/robin-hood-winds-of-freedom-collectors-edition\/#primaryimage\"},\"thumbnailUrl\":\"https:\/\/www.iplay.com\/wp-content\/uploads\/2023\/12\/large_square_tile_image-2662.jpg\",\"datePublished\":\"2020-08-07T00:00:00+00:00\",\"description\":\"Sauvez le roi Richard d\u2019un ravisseur rus\u00e9 ! Dans l\u2019\u00e9dition collector de Robin des Bois : Les Vents de la Libert\u00e9\",\"breadcrumb\":{\"@id\":\"https:\/\/www.iplay.com\/fr\/games\/robin-hood-winds-of-freedom-collectors-edition\/#breadcrumb\"},\"inLanguage\":\"fr-FR\",\"potentialAction\":[{\"@type\":\"ReadAction\",\"target\":[\"https:\/\/www.iplay.com\/fr\/games\/robin-hood-winds-of-freedom-collectors-edition\/\"]}]},{\"@type\":\"ImageObject\",\"inLanguage\":\"fr-FR\",\"@id\":\"https:\/\/www.iplay.com\/fr\/games\/robin-hood-winds-of-freedom-collectors-edition\/#primaryimage\",\"url\":\"https:\/\/www.iplay.com\/wp-content\/uploads\/2023\/12\/large_square_tile_image-2662.jpg\",\"contentUrl\":\"https:\/\/www.iplay.com\/wp-content\/uploads\/2023\/12\/large_square_tile_image-2662.jpg\",\"width\":310,\"height\":310},{\"@type\":\"BreadcrumbList\",\"@id\":\"https:\/\/www.iplay.com\/fr\/games\/robin-hood-winds-of-freedom-collectors-edition\/#breadcrumb\",\"itemListElement\":[{\"@type\":\"ListItem\",\"position\":1,\"name\":\"Home\",\"item\":\"https:\/\/www.iplay.com\/fr\/home-page-2\/\"},{\"@type\":\"ListItem\",\"position\":2,\"name\":\"Shop\",\"item\":\"https:\/\/www.iplay.com\/en\/shop\/\"},{\"@type\":\"ListItem\",\"position\":3,\"name\":\"Robin Hood: Winds Of Freedom Collector&#8217;s Edition\"}]},{\"@type\":\"WebSite\",\"@id\":\"https:\/\/www.iplay.com\/en\/#website\",\"url\":\"https:\/\/www.iplay.com\/en\/\",\"name\":\"IPlay\",\"description\":\"The Best Casual Games!\",\"publisher\":{\"@id\":\"https:\/\/www.iplay.com\/en\/#organization\"},\"potentialAction\":[{\"@type\":\"SearchAction\",\"target\":{\"@type\":\"EntryPoint\",\"urlTemplate\":\"https:\/\/www.iplay.com\/en\/?s={search_term_string}\"},\"query-input\":{\"@type\":\"PropertyValueSpecification\",\"valueRequired\":true,\"valueName\":\"search_term_string\"}}],\"inLanguage\":\"fr-FR\"},{\"@type\":\"Organization\",\"@id\":\"https:\/\/www.iplay.com\/en\/#organization\",\"name\":\"IPlay\",\"url\":\"https:\/\/www.iplay.com\/en\/\",\"logo\":{\"@type\":\"ImageObject\",\"inLanguage\":\"fr-FR\",\"@id\":\"https:\/\/www.iplay.com\/en\/#\/schema\/logo\/image\/\",\"url\":\"https:\/\/www.iplay.com\/wp-content\/uploads\/2023\/11\/Group-6100.svg\",\"contentUrl\":\"https:\/\/www.iplay.com\/wp-content\/uploads\/2023\/11\/Group-6100.svg\",\"width\":98,\"height\":25,\"caption\":\"IPlay\"},\"image\":{\"@id\":\"https:\/\/www.iplay.com\/en\/#\/schema\/logo\/image\/\"}}]}<\/script>\n<!-- \/ Yoast SEO Premium plugin. -->","yoast_head_json":{"title":"Robin des Bois\u00a0: Les Vents de la Libert\u00e9 Edition Collector - Sauvez le Roi Richard dans Robin des Bois\u00a0: Les Vents de la Libert\u00e9 CE","description":"Sauvez le roi Richard d\u2019un ravisseur rus\u00e9 ! Dans l\u2019\u00e9dition collector de Robin des Bois : Les Vents de la Libert\u00e9","robots":{"index":"index","follow":"follow","max-snippet":"max-snippet:-1","max-image-preview":"max-image-preview:large","max-video-preview":"max-video-preview:-1"},"canonical":"https:\/\/www.iplay.com\/fr\/games\/robin-hood-winds-of-freedom-collectors-edition\/","og_locale":"fr_FR","og_type":"article","og_title":"Robin Hood: Winds Of Freedom Collector's Edition","og_description":"Sauvez le roi Richard d\u2019un ravisseur rus\u00e9 ! Dans l\u2019\u00e9dition collector de Robin des Bois : Les Vents de la Libert\u00e9","og_url":"https:\/\/www.iplay.com\/fr\/games\/robin-hood-winds-of-freedom-collectors-edition\/","og_site_name":"IPlay","og_image":[{"width":310,"height":310,"url":"https:\/\/www.iplay.com\/wp-content\/uploads\/2023\/12\/large_square_tile_image-2662.jpg","type":"image\/jpeg"}],"twitter_card":"summary_large_image","twitter_misc":{"Dur\u00e9e de lecture estim\u00e9e":"1 minute"},"schema":{"@context":"https:\/\/schema.org","@graph":[{"@type":"WebPage","@id":"https:\/\/www.iplay.com\/fr\/games\/robin-hood-winds-of-freedom-collectors-edition\/","url":"https:\/\/www.iplay.com\/fr\/games\/robin-hood-winds-of-freedom-collectors-edition\/","name":"Robin des Bois\u00a0: Les Vents de la Libert\u00e9 Edition Collector - Sauvez le Roi Richard dans Robin des Bois\u00a0: Les Vents de la Libert\u00e9 CE","isPartOf":{"@id":"https:\/\/www.iplay.com\/en\/#website"},"primaryImageOfPage":{"@id":"https:\/\/www.iplay.com\/fr\/games\/robin-hood-winds-of-freedom-collectors-edition\/#primaryimage"},"image":{"@id":"https:\/\/www.iplay.com\/fr\/games\/robin-hood-winds-of-freedom-collectors-edition\/#primaryimage"},"thumbnailUrl":"https:\/\/www.iplay.com\/wp-content\/uploads\/2023\/12\/large_square_tile_image-2662.jpg","datePublished":"2020-08-07T00:00:00+00:00","description":"Sauvez le roi Richard d\u2019un ravisseur rus\u00e9 ! Dans l\u2019\u00e9dition collector de Robin des Bois : Les Vents de la Libert\u00e9","breadcrumb":{"@id":"https:\/\/www.iplay.com\/fr\/games\/robin-hood-winds-of-freedom-collectors-edition\/#breadcrumb"},"inLanguage":"fr-FR","potentialAction":[{"@type":"ReadAction","target":["https:\/\/www.iplay.com\/fr\/games\/robin-hood-winds-of-freedom-collectors-edition\/"]}]},{"@type":"ImageObject","inLanguage":"fr-FR","@id":"https:\/\/www.iplay.com\/fr\/games\/robin-hood-winds-of-freedom-collectors-edition\/#primaryimage","url":"https:\/\/www.iplay.com\/wp-content\/uploads\/2023\/12\/large_square_tile_image-2662.jpg","contentUrl":"https:\/\/www.iplay.com\/wp-content\/uploads\/2023\/12\/large_square_tile_image-2662.jpg","width":310,"height":310},{"@type":"BreadcrumbList","@id":"https:\/\/www.iplay.com\/fr\/games\/robin-hood-winds-of-freedom-collectors-edition\/#breadcrumb","itemListElement":[{"@type":"ListItem","position":1,"name":"Home","item":"https:\/\/www.iplay.com\/fr\/home-page-2\/"},{"@type":"ListItem","position":2,"name":"Shop","item":"https:\/\/www.iplay.com\/en\/shop\/"},{"@type":"ListItem","position":3,"name":"Robin Hood: Winds Of Freedom Collector&#8217;s Edition"}]},{"@type":"WebSite","@id":"https:\/\/www.iplay.com\/en\/#website","url":"https:\/\/www.iplay.com\/en\/","name":"IPlay","description":"The Best Casual Games!","publisher":{"@id":"https:\/\/www.iplay.com\/en\/#organization"},"potentialAction":[{"@type":"SearchAction","target":{"@type":"EntryPoint","urlTemplate":"https:\/\/www.iplay.com\/en\/?s={search_term_string}"},"query-input":{"@type":"PropertyValueSpecification","valueRequired":true,"valueName":"search_term_string"}}],"inLanguage":"fr-FR"},{"@type":"Organization","@id":"https:\/\/www.iplay.com\/en\/#organization","name":"IPlay","url":"https:\/\/www.iplay.com\/en\/","logo":{"@type":"ImageObject","inLanguage":"fr-FR","@id":"https:\/\/www.iplay.com\/en\/#\/schema\/logo\/image\/","url":"https:\/\/www.iplay.com\/wp-content\/uploads\/2023\/11\/Group-6100.svg","contentUrl":"https:\/\/www.iplay.com\/wp-content\/uploads\/2023\/11\/Group-6100.svg","width":98,"height":25,"caption":"IPlay"},"image":{"@id":"https:\/\/www.iplay.com\/en\/#\/schema\/logo\/image\/"}}]}},"_links":{"self":[{"href":"https:\/\/www.iplay.com\/fr\/wp-json\/wp\/v2\/product\/135478","targetHints":{"allow":["GET"]}}],"collection":[{"href":"https:\/\/www.iplay.com\/fr\/wp-json\/wp\/v2\/product"}],"about":[{"href":"https:\/\/www.iplay.com\/fr\/wp-json\/wp\/v2\/types\/product"}],"author":[{"embeddable":true,"href":"https:\/\/www.iplay.com\/fr\/wp-json\/wp\/v2\/users\/8"}],"replies":[{"embeddable":true,"href":"https:\/\/www.iplay.com\/fr\/wp-json\/wp\/v2\/comments?post=135478"}],"wp:featuredmedia":[{"embeddable":true,"href":"https:\/\/www.iplay.com\/fr\/wp-json\/wp\/v2\/media\/82482"}],"wp:attachment":[{"href":"https:\/\/www.iplay.com\/fr\/wp-json\/wp\/v2\/media?parent=135478"}],"wp:term":[{"taxonomy":"product_brand","embeddable":true,"href":"https:\/\/www.iplay.com\/fr\/wp-json\/wp\/v2\/product_brand?post=135478"},{"taxonomy":"product_cat","embeddable":true,"href":"https:\/\/www.iplay.com\/fr\/wp-json\/wp\/v2\/product_cat?post=135478"},{"taxonomy":"product_tag","embeddable":true,"href":"https:\/\/www.iplay.com\/fr\/wp-json\/wp\/v2\/product_tag?post=135478"}],"curies":[{"name":"wp","href":"https:\/\/api.w.org\/{rel}","templated":true}]}}