{"id":135476,"date":"2020-07-25T00:00:00","date_gmt":"2020-07-25T00:00:00","guid":{"rendered":"https:\/\/www.iplay.com\/games\/hungry-invaders\/"},"modified":"2020-07-25T00:00:00","modified_gmt":"2020-07-25T00:00:00","slug":"hungry-invaders","status":"publish","type":"product","link":"https:\/\/www.iplay.com\/fr\/games\/hungry-invaders\/","title":{"rendered":"Hungry Invaders"},"content":{"rendered":"<p>Pour vaincre les monstres, cultivez, cuisinez et lancez la nourriture vers eux. Investissez dans un meilleur \u00e9quipement pour conqu\u00e9rir encore plus rapidement les niveaux addictifs ! Explorez divers lieux avec des difficult\u00e9s distinctives en parcourant le monde \u00e0 travers des centaines de niveaux divertissants. Rencontrez une vari\u00e9t\u00e9 d\u2019intrus : des dragons cracheurs de feu aux fant\u00f4mes qui \u00e9vitent de prendre des photos, vos actions (et vos recettes) d\u00e9termineront le destin de la plan\u00e8te enti\u00e8re.   <\/p>\n<p>&nbsp;<\/p>\n<p>&nbsp;<\/p>\n<p><strong>Fonctionnalit\u00e9s:<\/strong><\/p>\n<p>&nbsp;<\/p>\n<p>&#8211; Affrontez des centaines de niveaux captivants situ\u00e9s dans diff\u00e9rentes parties du globe, chacun offrant une exp\u00e9rience distincte et des recettes pour devenir un expert !<\/p>\n<p>&#8211; \u00c9tendez votre armement avec de nombreuses am\u00e9liorations sp\u00e9ciales pour repousser l\u2019incursion de monstres voraces !<\/p>\n<p>&#8211; Utilisez le c\u00e9l\u00e8bre Apocagrinder, des ventilateurs puissants, des biscuits au gingembre et d\u2019autres boosters incroyablement divertissants.<\/p>\n<p>&#8211; Rencontrez un \u00e9ventail incroyable de monstres voraces, allant des champignons ambulants et des dragons aux fant\u00f4mes et aux hurleurs ressemblant \u00e0 des chats.<\/p>\n","protected":false},"excerpt":{"rendered":"<p>Envahisseurs affam\u00e9s : Cultivez, cuisinez et lancez de la nourriture vers les b\u00eates pour les vaincre !<\/p>\n","protected":false},"author":218,"featured_media":82626,"comment_status":"open","ping_status":"closed","template":"","meta":{"_acf_changed":false,"inline_featured_image":false},"product_brand":[],"product_cat":[216],"product_tag":[287],"class_list":{"0":"post-135476","1":"product","2":"type-product","3":"status-publish","4":"has-post-thumbnail","6":"product_cat-time-management-fr","7":"product_tag-play-on-pc-fr","9":"first","10":"instock","11":"shipping-taxable","12":"purchasable","13":"product-type-simple"},"acf":[],"yoast_head":"<!-- This site is optimized with the Yoast SEO Premium plugin v25.2 (Yoast SEO v25.2) - https:\/\/yoast.com\/wordpress\/plugins\/seo\/ -->\n<title>Hungry Invaders - Cultivez, cuisinez et lancez de la nourriture pour vaincre les b\u00eates dans Hungry Invaders<\/title>\n<meta name=\"description\" content=\"Envahisseurs affam\u00e9s : Cultivez, cuisinez et lancez de la nourriture vers les b\u00eates pour les vaincre !\" \/>\n<meta name=\"robots\" content=\"index, follow, max-snippet:-1, max-image-preview:large, max-video-preview:-1\" \/>\n<link rel=\"canonical\" href=\"https:\/\/www.iplay.com\/fr\/games\/hungry-invaders\/\" \/>\n<meta property=\"og:locale\" content=\"fr_FR\" \/>\n<meta property=\"og:type\" content=\"article\" \/>\n<meta property=\"og:title\" content=\"Hungry Invaders\" \/>\n<meta property=\"og:description\" content=\"Envahisseurs affam\u00e9s : Cultivez, cuisinez et lancez de la nourriture vers les b\u00eates pour les vaincre !\" \/>\n<meta property=\"og:url\" content=\"https:\/\/www.iplay.com\/fr\/games\/hungry-invaders\/\" \/>\n<meta property=\"og:site_name\" content=\"IPlay\" \/>\n<meta property=\"og:image\" content=\"https:\/\/www.iplay.com\/wp-content\/uploads\/2023\/12\/large_square_tile_image-2671.jpg\" \/>\n\t<meta property=\"og:image:width\" content=\"310\" \/>\n\t<meta property=\"og:image:height\" content=\"310\" \/>\n\t<meta property=\"og:image:type\" content=\"image\/jpeg\" \/>\n<meta name=\"twitter:card\" content=\"summary_large_image\" \/>\n<meta name=\"twitter:label1\" content=\"Dur\u00e9e de lecture estim\u00e9e\" \/>\n\t<meta name=\"twitter:data1\" content=\"1 minute\" \/>\n<script type=\"application\/ld+json\" class=\"yoast-schema-graph\">{\"@context\":\"https:\/\/schema.org\",\"@graph\":[{\"@type\":\"WebPage\",\"@id\":\"https:\/\/www.iplay.com\/fr\/games\/hungry-invaders\/\",\"url\":\"https:\/\/www.iplay.com\/fr\/games\/hungry-invaders\/\",\"name\":\"Hungry Invaders - Cultivez, cuisinez et lancez de la nourriture pour vaincre les b\u00eates dans Hungry Invaders\",\"isPartOf\":{\"@id\":\"https:\/\/www.iplay.com\/en\/#website\"},\"primaryImageOfPage\":{\"@id\":\"https:\/\/www.iplay.com\/fr\/games\/hungry-invaders\/#primaryimage\"},\"image\":{\"@id\":\"https:\/\/www.iplay.com\/fr\/games\/hungry-invaders\/#primaryimage\"},\"thumbnailUrl\":\"https:\/\/www.iplay.com\/wp-content\/uploads\/2023\/12\/large_square_tile_image-2671.jpg\",\"datePublished\":\"2020-07-25T00:00:00+00:00\",\"description\":\"Envahisseurs affam\u00e9s : Cultivez, cuisinez et lancez de la nourriture vers les b\u00eates pour les vaincre !\",\"breadcrumb\":{\"@id\":\"https:\/\/www.iplay.com\/fr\/games\/hungry-invaders\/#breadcrumb\"},\"inLanguage\":\"fr-FR\",\"potentialAction\":[{\"@type\":\"ReadAction\",\"target\":[\"https:\/\/www.iplay.com\/fr\/games\/hungry-invaders\/\"]}]},{\"@type\":\"ImageObject\",\"inLanguage\":\"fr-FR\",\"@id\":\"https:\/\/www.iplay.com\/fr\/games\/hungry-invaders\/#primaryimage\",\"url\":\"https:\/\/www.iplay.com\/wp-content\/uploads\/2023\/12\/large_square_tile_image-2671.jpg\",\"contentUrl\":\"https:\/\/www.iplay.com\/wp-content\/uploads\/2023\/12\/large_square_tile_image-2671.jpg\",\"width\":310,\"height\":310},{\"@type\":\"BreadcrumbList\",\"@id\":\"https:\/\/www.iplay.com\/fr\/games\/hungry-invaders\/#breadcrumb\",\"itemListElement\":[{\"@type\":\"ListItem\",\"position\":1,\"name\":\"Home\",\"item\":\"https:\/\/www.iplay.com\/fr\/home-page-2\/\"},{\"@type\":\"ListItem\",\"position\":2,\"name\":\"Shop\",\"item\":\"https:\/\/www.iplay.com\/en\/shop\/\"},{\"@type\":\"ListItem\",\"position\":3,\"name\":\"Hungry Invaders\"}]},{\"@type\":\"WebSite\",\"@id\":\"https:\/\/www.iplay.com\/en\/#website\",\"url\":\"https:\/\/www.iplay.com\/en\/\",\"name\":\"IPlay\",\"description\":\"The Best Casual Games!\",\"publisher\":{\"@id\":\"https:\/\/www.iplay.com\/en\/#organization\"},\"potentialAction\":[{\"@type\":\"SearchAction\",\"target\":{\"@type\":\"EntryPoint\",\"urlTemplate\":\"https:\/\/www.iplay.com\/en\/?s={search_term_string}\"},\"query-input\":{\"@type\":\"PropertyValueSpecification\",\"valueRequired\":true,\"valueName\":\"search_term_string\"}}],\"inLanguage\":\"fr-FR\"},{\"@type\":\"Organization\",\"@id\":\"https:\/\/www.iplay.com\/en\/#organization\",\"name\":\"IPlay\",\"url\":\"https:\/\/www.iplay.com\/en\/\",\"logo\":{\"@type\":\"ImageObject\",\"inLanguage\":\"fr-FR\",\"@id\":\"https:\/\/www.iplay.com\/en\/#\/schema\/logo\/image\/\",\"url\":\"https:\/\/www.iplay.com\/wp-content\/uploads\/2023\/11\/Group-6100.svg\",\"contentUrl\":\"https:\/\/www.iplay.com\/wp-content\/uploads\/2023\/11\/Group-6100.svg\",\"width\":98,\"height\":25,\"caption\":\"IPlay\"},\"image\":{\"@id\":\"https:\/\/www.iplay.com\/en\/#\/schema\/logo\/image\/\"}}]}<\/script>\n<!-- \/ Yoast SEO Premium plugin. -->","yoast_head_json":{"title":"Hungry Invaders - Cultivez, cuisinez et lancez de la nourriture pour vaincre les b\u00eates dans Hungry Invaders","description":"Envahisseurs affam\u00e9s : Cultivez, cuisinez et lancez de la nourriture vers les b\u00eates pour les vaincre !","robots":{"index":"index","follow":"follow","max-snippet":"max-snippet:-1","max-image-preview":"max-image-preview:large","max-video-preview":"max-video-preview:-1"},"canonical":"https:\/\/www.iplay.com\/fr\/games\/hungry-invaders\/","og_locale":"fr_FR","og_type":"article","og_title":"Hungry Invaders","og_description":"Envahisseurs affam\u00e9s : Cultivez, cuisinez et lancez de la nourriture vers les b\u00eates pour les vaincre !","og_url":"https:\/\/www.iplay.com\/fr\/games\/hungry-invaders\/","og_site_name":"IPlay","og_image":[{"width":310,"height":310,"url":"https:\/\/www.iplay.com\/wp-content\/uploads\/2023\/12\/large_square_tile_image-2671.jpg","type":"image\/jpeg"}],"twitter_card":"summary_large_image","twitter_misc":{"Dur\u00e9e de lecture estim\u00e9e":"1 minute"},"schema":{"@context":"https:\/\/schema.org","@graph":[{"@type":"WebPage","@id":"https:\/\/www.iplay.com\/fr\/games\/hungry-invaders\/","url":"https:\/\/www.iplay.com\/fr\/games\/hungry-invaders\/","name":"Hungry Invaders - Cultivez, cuisinez et lancez de la nourriture pour vaincre les b\u00eates dans Hungry Invaders","isPartOf":{"@id":"https:\/\/www.iplay.com\/en\/#website"},"primaryImageOfPage":{"@id":"https:\/\/www.iplay.com\/fr\/games\/hungry-invaders\/#primaryimage"},"image":{"@id":"https:\/\/www.iplay.com\/fr\/games\/hungry-invaders\/#primaryimage"},"thumbnailUrl":"https:\/\/www.iplay.com\/wp-content\/uploads\/2023\/12\/large_square_tile_image-2671.jpg","datePublished":"2020-07-25T00:00:00+00:00","description":"Envahisseurs affam\u00e9s : Cultivez, cuisinez et lancez de la nourriture vers les b\u00eates pour les vaincre !","breadcrumb":{"@id":"https:\/\/www.iplay.com\/fr\/games\/hungry-invaders\/#breadcrumb"},"inLanguage":"fr-FR","potentialAction":[{"@type":"ReadAction","target":["https:\/\/www.iplay.com\/fr\/games\/hungry-invaders\/"]}]},{"@type":"ImageObject","inLanguage":"fr-FR","@id":"https:\/\/www.iplay.com\/fr\/games\/hungry-invaders\/#primaryimage","url":"https:\/\/www.iplay.com\/wp-content\/uploads\/2023\/12\/large_square_tile_image-2671.jpg","contentUrl":"https:\/\/www.iplay.com\/wp-content\/uploads\/2023\/12\/large_square_tile_image-2671.jpg","width":310,"height":310},{"@type":"BreadcrumbList","@id":"https:\/\/www.iplay.com\/fr\/games\/hungry-invaders\/#breadcrumb","itemListElement":[{"@type":"ListItem","position":1,"name":"Home","item":"https:\/\/www.iplay.com\/fr\/home-page-2\/"},{"@type":"ListItem","position":2,"name":"Shop","item":"https:\/\/www.iplay.com\/en\/shop\/"},{"@type":"ListItem","position":3,"name":"Hungry Invaders"}]},{"@type":"WebSite","@id":"https:\/\/www.iplay.com\/en\/#website","url":"https:\/\/www.iplay.com\/en\/","name":"IPlay","description":"The Best Casual Games!","publisher":{"@id":"https:\/\/www.iplay.com\/en\/#organization"},"potentialAction":[{"@type":"SearchAction","target":{"@type":"EntryPoint","urlTemplate":"https:\/\/www.iplay.com\/en\/?s={search_term_string}"},"query-input":{"@type":"PropertyValueSpecification","valueRequired":true,"valueName":"search_term_string"}}],"inLanguage":"fr-FR"},{"@type":"Organization","@id":"https:\/\/www.iplay.com\/en\/#organization","name":"IPlay","url":"https:\/\/www.iplay.com\/en\/","logo":{"@type":"ImageObject","inLanguage":"fr-FR","@id":"https:\/\/www.iplay.com\/en\/#\/schema\/logo\/image\/","url":"https:\/\/www.iplay.com\/wp-content\/uploads\/2023\/11\/Group-6100.svg","contentUrl":"https:\/\/www.iplay.com\/wp-content\/uploads\/2023\/11\/Group-6100.svg","width":98,"height":25,"caption":"IPlay"},"image":{"@id":"https:\/\/www.iplay.com\/en\/#\/schema\/logo\/image\/"}}]}},"_links":{"self":[{"href":"https:\/\/www.iplay.com\/fr\/wp-json\/wp\/v2\/product\/135476","targetHints":{"allow":["GET"]}}],"collection":[{"href":"https:\/\/www.iplay.com\/fr\/wp-json\/wp\/v2\/product"}],"about":[{"href":"https:\/\/www.iplay.com\/fr\/wp-json\/wp\/v2\/types\/product"}],"author":[{"embeddable":true,"href":"https:\/\/www.iplay.com\/fr\/wp-json\/wp\/v2\/users\/218"}],"replies":[{"embeddable":true,"href":"https:\/\/www.iplay.com\/fr\/wp-json\/wp\/v2\/comments?post=135476"}],"wp:featuredmedia":[{"embeddable":true,"href":"https:\/\/www.iplay.com\/fr\/wp-json\/wp\/v2\/media\/82626"}],"wp:attachment":[{"href":"https:\/\/www.iplay.com\/fr\/wp-json\/wp\/v2\/media?parent=135476"}],"wp:term":[{"taxonomy":"product_brand","embeddable":true,"href":"https:\/\/www.iplay.com\/fr\/wp-json\/wp\/v2\/product_brand?post=135476"},{"taxonomy":"product_cat","embeddable":true,"href":"https:\/\/www.iplay.com\/fr\/wp-json\/wp\/v2\/product_cat?post=135476"},{"taxonomy":"product_tag","embeddable":true,"href":"https:\/\/www.iplay.com\/fr\/wp-json\/wp\/v2\/product_tag?post=135476"}],"curies":[{"name":"wp","href":"https:\/\/api.w.org\/{rel}","templated":true}]}}