{"id":135443,"date":"2020-10-07T00:00:00","date_gmt":"2020-10-07T00:00:00","guid":{"rendered":"https:\/\/www.iplay.com\/games\/claires-cruisin-cafe-collectors-edition\/"},"modified":"2020-10-07T00:00:00","modified_gmt":"2020-10-07T00:00:00","slug":"claires-cruisin-cafe-collectors-edition","status":"publish","type":"product","link":"https:\/\/www.iplay.com\/fr\/games\/claires-cruisin-cafe-collectors-edition\/","title":{"rendered":"Claire&#8217;s Cruisin&#8217; Cafe Collector&#8217;s Edition"},"content":{"rendered":"<p>Partez en exp\u00e9dition \u00e0 travers le pays pour fournir de la nourriture aux personnes affam\u00e9es ! Assistez Claire, une super-chef en herbe, alors qu\u2019elle propose une gamme de haute cuisine aux clients depuis son food truck enti\u00e8rement \u00e9quip\u00e9. Vous aiderez Claire et son \u00e9quipe \u00e0 essayer de r\u00e9pondre \u00e0 la forte demande en faisant tout, du lavage de la vaisselle \u00e0 la prise de photos de clients satisfaits. Plus votre pourboire est \u00e9lev\u00e9, plus vous travaillez vite et plus vos clients sont satisfaits ! Entre chaque niveau bourr\u00e9 d\u2019action, vous pouvez am\u00e9liorer vos restaurants avec l\u2019argent que vous gagnez et profiter d\u2019une histoire hilarante sur les aventures de Claire avec une rivale pompeuse et l\u2019identit\u00e9 d\u2019un critique gastronomique \u00e9nigmatique. Avec ses personnages vibrants, son gameplay captivant et son abondance de contenu suppl\u00e9mentaire, Claire\u2019s Cruisin&#8217; Cafe satisfera votre besoin de divertissement tout en vous laissant en vouloir plus !     <\/p>\n<p>&nbsp;<\/p>\n<p>&nbsp;<\/p>\n<p><strong>Fonctionnalit\u00e9s:<\/strong><\/p>\n<p>&nbsp;<\/p>\n<p>&#8211; Cinquante niveaux intenses<\/p>\n<p>&#8211; Un petit jeu d\u2019association<\/p>\n<p>&#8211; 5 restaurants qui peuvent \u00eatre am\u00e9lior\u00e9s<\/p>\n<p>Interface pointer-cliquer<\/p>\n<p>&#8211; Tutoriel disponible dans le jeu<\/p>\n<p>&nbsp;<\/p>\n<p>&nbsp;<\/p>\n<p><strong>Caract\u00e9ristiques de l\u2019\u00e9dition collector :<\/strong><\/p>\n<p>&nbsp;<\/p>\n<p>&#8211; Seize niveaux suppl\u00e9mentaires<\/p>\n<p>&#8211; Images d\u2019arri\u00e8re-plan du bureau<\/p>\n<p>&#8211; Un morceau de musique t\u00e9l\u00e9chargeable<\/p>\n<p>&#8211; Histoires mettant en sc\u00e8ne des personnages<\/p>\n<p>&#8211; R\u00e9compenser les joueurs<\/p>\n","protected":false},"excerpt":{"rendered":"<p>Nourrissez les gens affam\u00e9s ! Dans l\u2019\u00e9dition collector de Claire\u2019s Cruisin&#8217; Cafe <\/p>\n","protected":false},"author":8,"featured_media":81938,"comment_status":"open","ping_status":"closed","template":"","meta":{"_acf_changed":false,"inline_featured_image":false},"product_brand":[],"product_cat":[216],"product_tag":[287],"class_list":{"0":"post-135443","1":"product","2":"type-product","3":"status-publish","4":"has-post-thumbnail","6":"product_cat-time-management-fr","7":"product_tag-play-on-pc-fr","9":"first","10":"instock","11":"shipping-taxable","12":"purchasable","13":"product-type-simple"},"acf":[],"yoast_head":"<!-- This site is optimized with the Yoast SEO Premium plugin v25.2 (Yoast SEO v25.2) - https:\/\/yoast.com\/wordpress\/plugins\/seo\/ -->\n<title>Claire\u2019s Cruisin&#039; Cafe Edition Collector - Nourrissez les masses dans l\u2019excitant Claire\u2019s Cruisin&#039; Cafe CE<\/title>\n<meta name=\"description\" content=\"Nourrissez les gens affam\u00e9s ! Dans l\u2019\u00e9dition collector de Claire\u2019s Cruisin&#039; Cafe\" \/>\n<meta name=\"robots\" content=\"index, follow, max-snippet:-1, max-image-preview:large, max-video-preview:-1\" \/>\n<link rel=\"canonical\" href=\"https:\/\/www.iplay.com\/fr\/games\/claires-cruisin-cafe-collectors-edition\/\" \/>\n<meta property=\"og:locale\" content=\"fr_FR\" \/>\n<meta property=\"og:type\" content=\"article\" \/>\n<meta property=\"og:title\" content=\"Claire&#039;s Cruisin&#039; Cafe Collector&#039;s Edition\" \/>\n<meta property=\"og:description\" content=\"Nourrissez les gens affam\u00e9s ! Dans l\u2019\u00e9dition collector de Claire\u2019s Cruisin&#039; Cafe\" \/>\n<meta property=\"og:url\" content=\"https:\/\/www.iplay.com\/fr\/games\/claires-cruisin-cafe-collectors-edition\/\" \/>\n<meta property=\"og:site_name\" content=\"IPlay\" \/>\n<meta property=\"og:image\" content=\"https:\/\/www.iplay.com\/wp-content\/uploads\/2023\/12\/large_square_tile_image-2627.jpg\" \/>\n\t<meta property=\"og:image:width\" content=\"310\" \/>\n\t<meta property=\"og:image:height\" content=\"310\" \/>\n\t<meta property=\"og:image:type\" content=\"image\/jpeg\" \/>\n<meta name=\"twitter:card\" content=\"summary_large_image\" \/>\n<meta name=\"twitter:label1\" content=\"Dur\u00e9e de lecture estim\u00e9e\" \/>\n\t<meta name=\"twitter:data1\" content=\"1 minute\" \/>\n<script type=\"application\/ld+json\" class=\"yoast-schema-graph\">{\"@context\":\"https:\/\/schema.org\",\"@graph\":[{\"@type\":\"WebPage\",\"@id\":\"https:\/\/www.iplay.com\/fr\/games\/claires-cruisin-cafe-collectors-edition\/\",\"url\":\"https:\/\/www.iplay.com\/fr\/games\/claires-cruisin-cafe-collectors-edition\/\",\"name\":\"Claire\u2019s Cruisin' Cafe Edition Collector - Nourrissez les masses dans l\u2019excitant Claire\u2019s Cruisin' Cafe CE\",\"isPartOf\":{\"@id\":\"https:\/\/www.iplay.com\/en\/#website\"},\"primaryImageOfPage\":{\"@id\":\"https:\/\/www.iplay.com\/fr\/games\/claires-cruisin-cafe-collectors-edition\/#primaryimage\"},\"image\":{\"@id\":\"https:\/\/www.iplay.com\/fr\/games\/claires-cruisin-cafe-collectors-edition\/#primaryimage\"},\"thumbnailUrl\":\"https:\/\/www.iplay.com\/wp-content\/uploads\/2023\/12\/large_square_tile_image-2627.jpg\",\"datePublished\":\"2020-10-07T00:00:00+00:00\",\"description\":\"Nourrissez les gens affam\u00e9s ! Dans l\u2019\u00e9dition collector de Claire\u2019s Cruisin' Cafe\",\"breadcrumb\":{\"@id\":\"https:\/\/www.iplay.com\/fr\/games\/claires-cruisin-cafe-collectors-edition\/#breadcrumb\"},\"inLanguage\":\"fr-FR\",\"potentialAction\":[{\"@type\":\"ReadAction\",\"target\":[\"https:\/\/www.iplay.com\/fr\/games\/claires-cruisin-cafe-collectors-edition\/\"]}]},{\"@type\":\"ImageObject\",\"inLanguage\":\"fr-FR\",\"@id\":\"https:\/\/www.iplay.com\/fr\/games\/claires-cruisin-cafe-collectors-edition\/#primaryimage\",\"url\":\"https:\/\/www.iplay.com\/wp-content\/uploads\/2023\/12\/large_square_tile_image-2627.jpg\",\"contentUrl\":\"https:\/\/www.iplay.com\/wp-content\/uploads\/2023\/12\/large_square_tile_image-2627.jpg\",\"width\":310,\"height\":310},{\"@type\":\"BreadcrumbList\",\"@id\":\"https:\/\/www.iplay.com\/fr\/games\/claires-cruisin-cafe-collectors-edition\/#breadcrumb\",\"itemListElement\":[{\"@type\":\"ListItem\",\"position\":1,\"name\":\"Home\",\"item\":\"https:\/\/www.iplay.com\/fr\/home-page-2\/\"},{\"@type\":\"ListItem\",\"position\":2,\"name\":\"Shop\",\"item\":\"https:\/\/www.iplay.com\/en\/shop\/\"},{\"@type\":\"ListItem\",\"position\":3,\"name\":\"Claire&#8217;s Cruisin&#8217; Cafe Collector&#8217;s Edition\"}]},{\"@type\":\"WebSite\",\"@id\":\"https:\/\/www.iplay.com\/en\/#website\",\"url\":\"https:\/\/www.iplay.com\/en\/\",\"name\":\"IPlay\",\"description\":\"The Best Casual Games!\",\"publisher\":{\"@id\":\"https:\/\/www.iplay.com\/en\/#organization\"},\"potentialAction\":[{\"@type\":\"SearchAction\",\"target\":{\"@type\":\"EntryPoint\",\"urlTemplate\":\"https:\/\/www.iplay.com\/en\/?s={search_term_string}\"},\"query-input\":{\"@type\":\"PropertyValueSpecification\",\"valueRequired\":true,\"valueName\":\"search_term_string\"}}],\"inLanguage\":\"fr-FR\"},{\"@type\":\"Organization\",\"@id\":\"https:\/\/www.iplay.com\/en\/#organization\",\"name\":\"IPlay\",\"url\":\"https:\/\/www.iplay.com\/en\/\",\"logo\":{\"@type\":\"ImageObject\",\"inLanguage\":\"fr-FR\",\"@id\":\"https:\/\/www.iplay.com\/en\/#\/schema\/logo\/image\/\",\"url\":\"https:\/\/www.iplay.com\/wp-content\/uploads\/2023\/11\/Group-6100.svg\",\"contentUrl\":\"https:\/\/www.iplay.com\/wp-content\/uploads\/2023\/11\/Group-6100.svg\",\"width\":98,\"height\":25,\"caption\":\"IPlay\"},\"image\":{\"@id\":\"https:\/\/www.iplay.com\/en\/#\/schema\/logo\/image\/\"}}]}<\/script>\n<!-- \/ Yoast SEO Premium plugin. -->","yoast_head_json":{"title":"Claire\u2019s Cruisin' Cafe Edition Collector - Nourrissez les masses dans l\u2019excitant Claire\u2019s Cruisin' Cafe CE","description":"Nourrissez les gens affam\u00e9s ! Dans l\u2019\u00e9dition collector de Claire\u2019s Cruisin' Cafe","robots":{"index":"index","follow":"follow","max-snippet":"max-snippet:-1","max-image-preview":"max-image-preview:large","max-video-preview":"max-video-preview:-1"},"canonical":"https:\/\/www.iplay.com\/fr\/games\/claires-cruisin-cafe-collectors-edition\/","og_locale":"fr_FR","og_type":"article","og_title":"Claire's Cruisin' Cafe Collector's Edition","og_description":"Nourrissez les gens affam\u00e9s ! Dans l\u2019\u00e9dition collector de Claire\u2019s Cruisin' Cafe","og_url":"https:\/\/www.iplay.com\/fr\/games\/claires-cruisin-cafe-collectors-edition\/","og_site_name":"IPlay","og_image":[{"width":310,"height":310,"url":"https:\/\/www.iplay.com\/wp-content\/uploads\/2023\/12\/large_square_tile_image-2627.jpg","type":"image\/jpeg"}],"twitter_card":"summary_large_image","twitter_misc":{"Dur\u00e9e de lecture estim\u00e9e":"1 minute"},"schema":{"@context":"https:\/\/schema.org","@graph":[{"@type":"WebPage","@id":"https:\/\/www.iplay.com\/fr\/games\/claires-cruisin-cafe-collectors-edition\/","url":"https:\/\/www.iplay.com\/fr\/games\/claires-cruisin-cafe-collectors-edition\/","name":"Claire\u2019s Cruisin' Cafe Edition Collector - Nourrissez les masses dans l\u2019excitant Claire\u2019s Cruisin' Cafe CE","isPartOf":{"@id":"https:\/\/www.iplay.com\/en\/#website"},"primaryImageOfPage":{"@id":"https:\/\/www.iplay.com\/fr\/games\/claires-cruisin-cafe-collectors-edition\/#primaryimage"},"image":{"@id":"https:\/\/www.iplay.com\/fr\/games\/claires-cruisin-cafe-collectors-edition\/#primaryimage"},"thumbnailUrl":"https:\/\/www.iplay.com\/wp-content\/uploads\/2023\/12\/large_square_tile_image-2627.jpg","datePublished":"2020-10-07T00:00:00+00:00","description":"Nourrissez les gens affam\u00e9s ! Dans l\u2019\u00e9dition collector de Claire\u2019s Cruisin' Cafe","breadcrumb":{"@id":"https:\/\/www.iplay.com\/fr\/games\/claires-cruisin-cafe-collectors-edition\/#breadcrumb"},"inLanguage":"fr-FR","potentialAction":[{"@type":"ReadAction","target":["https:\/\/www.iplay.com\/fr\/games\/claires-cruisin-cafe-collectors-edition\/"]}]},{"@type":"ImageObject","inLanguage":"fr-FR","@id":"https:\/\/www.iplay.com\/fr\/games\/claires-cruisin-cafe-collectors-edition\/#primaryimage","url":"https:\/\/www.iplay.com\/wp-content\/uploads\/2023\/12\/large_square_tile_image-2627.jpg","contentUrl":"https:\/\/www.iplay.com\/wp-content\/uploads\/2023\/12\/large_square_tile_image-2627.jpg","width":310,"height":310},{"@type":"BreadcrumbList","@id":"https:\/\/www.iplay.com\/fr\/games\/claires-cruisin-cafe-collectors-edition\/#breadcrumb","itemListElement":[{"@type":"ListItem","position":1,"name":"Home","item":"https:\/\/www.iplay.com\/fr\/home-page-2\/"},{"@type":"ListItem","position":2,"name":"Shop","item":"https:\/\/www.iplay.com\/en\/shop\/"},{"@type":"ListItem","position":3,"name":"Claire&#8217;s Cruisin&#8217; Cafe Collector&#8217;s Edition"}]},{"@type":"WebSite","@id":"https:\/\/www.iplay.com\/en\/#website","url":"https:\/\/www.iplay.com\/en\/","name":"IPlay","description":"The Best Casual Games!","publisher":{"@id":"https:\/\/www.iplay.com\/en\/#organization"},"potentialAction":[{"@type":"SearchAction","target":{"@type":"EntryPoint","urlTemplate":"https:\/\/www.iplay.com\/en\/?s={search_term_string}"},"query-input":{"@type":"PropertyValueSpecification","valueRequired":true,"valueName":"search_term_string"}}],"inLanguage":"fr-FR"},{"@type":"Organization","@id":"https:\/\/www.iplay.com\/en\/#organization","name":"IPlay","url":"https:\/\/www.iplay.com\/en\/","logo":{"@type":"ImageObject","inLanguage":"fr-FR","@id":"https:\/\/www.iplay.com\/en\/#\/schema\/logo\/image\/","url":"https:\/\/www.iplay.com\/wp-content\/uploads\/2023\/11\/Group-6100.svg","contentUrl":"https:\/\/www.iplay.com\/wp-content\/uploads\/2023\/11\/Group-6100.svg","width":98,"height":25,"caption":"IPlay"},"image":{"@id":"https:\/\/www.iplay.com\/en\/#\/schema\/logo\/image\/"}}]}},"_links":{"self":[{"href":"https:\/\/www.iplay.com\/fr\/wp-json\/wp\/v2\/product\/135443","targetHints":{"allow":["GET"]}}],"collection":[{"href":"https:\/\/www.iplay.com\/fr\/wp-json\/wp\/v2\/product"}],"about":[{"href":"https:\/\/www.iplay.com\/fr\/wp-json\/wp\/v2\/types\/product"}],"author":[{"embeddable":true,"href":"https:\/\/www.iplay.com\/fr\/wp-json\/wp\/v2\/users\/8"}],"replies":[{"embeddable":true,"href":"https:\/\/www.iplay.com\/fr\/wp-json\/wp\/v2\/comments?post=135443"}],"wp:featuredmedia":[{"embeddable":true,"href":"https:\/\/www.iplay.com\/fr\/wp-json\/wp\/v2\/media\/81938"}],"wp:attachment":[{"href":"https:\/\/www.iplay.com\/fr\/wp-json\/wp\/v2\/media?parent=135443"}],"wp:term":[{"taxonomy":"product_brand","embeddable":true,"href":"https:\/\/www.iplay.com\/fr\/wp-json\/wp\/v2\/product_brand?post=135443"},{"taxonomy":"product_cat","embeddable":true,"href":"https:\/\/www.iplay.com\/fr\/wp-json\/wp\/v2\/product_cat?post=135443"},{"taxonomy":"product_tag","embeddable":true,"href":"https:\/\/www.iplay.com\/fr\/wp-json\/wp\/v2\/product_tag?post=135443"}],"curies":[{"name":"wp","href":"https:\/\/api.w.org\/{rel}","templated":true}]}}