{"id":135421,"date":"2021-01-16T00:00:00","date_gmt":"2021-01-16T00:00:00","guid":{"rendered":"https:\/\/www.iplay.com\/games\/cooking-trip-new-challenge-collectors-edition\/"},"modified":"2021-01-16T00:00:00","modified_gmt":"2021-01-16T00:00:00","slug":"cooking-trip-new-challenge-collectors-edition","status":"publish","type":"product","link":"https:\/\/www.iplay.com\/fr\/games\/cooking-trip-new-challenge-collectors-edition\/","title":{"rendered":"Cooking Trip New Challenge &#8211; Collector&#8217;s Edition"},"content":{"rendered":"<p>Comme d\u2019habitude, Mary et John servaient leurs clients avec gr\u00e2ce lorsqu\u2019ils ont \u00e9t\u00e9 brusquement confront\u00e9s \u00e0 Gerald Fitzgerald, l\u2019impitoyable propri\u00e9taire de la c\u00e9l\u00e8bre cha\u00eene de restaurants, qui achetait toutes les entreprises potentielles pour son portefeuille. Cependant, nos personnages refusent de vendre leur restaurant, m\u00eame lorsqu\u2019ils sont confront\u00e9s \u00e0 la possibilit\u00e9 que la pression de la critique les oblige \u00e0 fermer d\u00e9finitivement leurs portes. Ils se lancent dans une aventure passionnante pour faire progresser leurs comp\u00e9tences en travaillant avec des chefs de renom ! Montrez pourquoi vous devriez \u00eatre le propri\u00e9taire du restaurant !   <\/p>\n<p>&nbsp;<\/p>\n<p>&nbsp;<\/p>\n<p><strong>Fonctionnalit\u00e9s:<\/strong><\/p>\n<p>&nbsp;<\/p>\n<p>&#8211; Aidez les personnages \u00e0 pr\u00e9server leur restaurant !<\/p>\n<p>&#8211; Plus de 60 niveaux et une grande vari\u00e9t\u00e9 de t\u00e2ches.<\/p>\n<p>&#8211; Des jeux divertissants pour tous les \u00e2ges.<\/p>\n<p>&#8211; Le\u00e7on facile avec des niveaux de plus en plus difficiles<\/p>\n<p>&#8211; Quatre restaurants distincts dans des endroits vari\u00e9s !<\/p>\n","protected":false},"excerpt":{"rendered":"<p>Ne les laissez pas gagner &#8211; Dans Cooking Trip New Challenge, mettez fin \u00e0 leurs plans de prendre votre restaurant<\/p>\n","protected":false},"author":13,"featured_media":90772,"comment_status":"open","ping_status":"closed","template":"","meta":{"_acf_changed":false,"inline_featured_image":false},"product_brand":[],"product_cat":[216],"product_tag":[287],"class_list":{"0":"post-135421","1":"product","2":"type-product","3":"status-publish","4":"has-post-thumbnail","6":"product_cat-time-management-fr","7":"product_tag-play-on-pc-fr","9":"first","10":"instock","11":"shipping-taxable","12":"purchasable","13":"product-type-simple"},"acf":[],"yoast_head":"<!-- This site is optimized with the Yoast SEO Premium plugin v25.2 (Yoast SEO v25.2) - https:\/\/yoast.com\/wordpress\/plugins\/seo\/ -->\n<title>Cooking Trip New Challenge - \u00c9dition Collector - D\u00e9fendez votre restaurant dans Cooking Trip New Challenge\u2122 - CE<\/title>\n<meta name=\"description\" content=\"Ne les laissez pas gagner - Dans Cooking Trip New Challenge, mettez fin \u00e0 leurs plans de prendre votre restaurant\" \/>\n<meta name=\"robots\" content=\"index, follow, max-snippet:-1, max-image-preview:large, max-video-preview:-1\" \/>\n<link rel=\"canonical\" href=\"https:\/\/www.iplay.com\/fr\/games\/cooking-trip-new-challenge-collectors-edition\/\" \/>\n<meta property=\"og:locale\" content=\"fr_FR\" \/>\n<meta property=\"og:type\" content=\"article\" \/>\n<meta property=\"og:title\" content=\"Cooking Trip New Challenge - Collector&#039;s Edition\" \/>\n<meta property=\"og:description\" content=\"Ne les laissez pas gagner - Dans Cooking Trip New Challenge, mettez fin \u00e0 leurs plans de prendre votre restaurant\" \/>\n<meta property=\"og:url\" content=\"https:\/\/www.iplay.com\/fr\/games\/cooking-trip-new-challenge-collectors-edition\/\" \/>\n<meta property=\"og:site_name\" content=\"IPlay\" \/>\n<meta property=\"og:image\" content=\"https:\/\/www.iplay.com\/wp-content\/uploads\/2023\/12\/large_square_tile_image-3188.jpg\" \/>\n\t<meta property=\"og:image:width\" content=\"310\" \/>\n\t<meta property=\"og:image:height\" content=\"310\" \/>\n\t<meta property=\"og:image:type\" content=\"image\/jpeg\" \/>\n<meta name=\"twitter:card\" content=\"summary_large_image\" \/>\n<meta name=\"twitter:label1\" content=\"Dur\u00e9e de lecture estim\u00e9e\" \/>\n\t<meta name=\"twitter:data1\" content=\"1 minute\" \/>\n<script type=\"application\/ld+json\" class=\"yoast-schema-graph\">{\"@context\":\"https:\/\/schema.org\",\"@graph\":[{\"@type\":\"WebPage\",\"@id\":\"https:\/\/www.iplay.com\/fr\/games\/cooking-trip-new-challenge-collectors-edition\/\",\"url\":\"https:\/\/www.iplay.com\/fr\/games\/cooking-trip-new-challenge-collectors-edition\/\",\"name\":\"Cooking Trip New Challenge - \u00c9dition Collector - D\u00e9fendez votre restaurant dans Cooking Trip New Challenge\u2122 - CE\",\"isPartOf\":{\"@id\":\"https:\/\/www.iplay.com\/en\/#website\"},\"primaryImageOfPage\":{\"@id\":\"https:\/\/www.iplay.com\/fr\/games\/cooking-trip-new-challenge-collectors-edition\/#primaryimage\"},\"image\":{\"@id\":\"https:\/\/www.iplay.com\/fr\/games\/cooking-trip-new-challenge-collectors-edition\/#primaryimage\"},\"thumbnailUrl\":\"https:\/\/www.iplay.com\/wp-content\/uploads\/2023\/12\/large_square_tile_image-3188.jpg\",\"datePublished\":\"2021-01-16T00:00:00+00:00\",\"description\":\"Ne les laissez pas gagner - Dans Cooking Trip New Challenge, mettez fin \u00e0 leurs plans de prendre votre restaurant\",\"breadcrumb\":{\"@id\":\"https:\/\/www.iplay.com\/fr\/games\/cooking-trip-new-challenge-collectors-edition\/#breadcrumb\"},\"inLanguage\":\"fr-FR\",\"potentialAction\":[{\"@type\":\"ReadAction\",\"target\":[\"https:\/\/www.iplay.com\/fr\/games\/cooking-trip-new-challenge-collectors-edition\/\"]}]},{\"@type\":\"ImageObject\",\"inLanguage\":\"fr-FR\",\"@id\":\"https:\/\/www.iplay.com\/fr\/games\/cooking-trip-new-challenge-collectors-edition\/#primaryimage\",\"url\":\"https:\/\/www.iplay.com\/wp-content\/uploads\/2023\/12\/large_square_tile_image-3188.jpg\",\"contentUrl\":\"https:\/\/www.iplay.com\/wp-content\/uploads\/2023\/12\/large_square_tile_image-3188.jpg\",\"width\":310,\"height\":310},{\"@type\":\"BreadcrumbList\",\"@id\":\"https:\/\/www.iplay.com\/fr\/games\/cooking-trip-new-challenge-collectors-edition\/#breadcrumb\",\"itemListElement\":[{\"@type\":\"ListItem\",\"position\":1,\"name\":\"Home\",\"item\":\"https:\/\/www.iplay.com\/fr\/home-page-2\/\"},{\"@type\":\"ListItem\",\"position\":2,\"name\":\"Shop\",\"item\":\"https:\/\/www.iplay.com\/en\/shop\/\"},{\"@type\":\"ListItem\",\"position\":3,\"name\":\"Cooking Trip New Challenge &#8211; Collector&#8217;s Edition\"}]},{\"@type\":\"WebSite\",\"@id\":\"https:\/\/www.iplay.com\/en\/#website\",\"url\":\"https:\/\/www.iplay.com\/en\/\",\"name\":\"IPlay\",\"description\":\"The Best Casual Games!\",\"publisher\":{\"@id\":\"https:\/\/www.iplay.com\/en\/#organization\"},\"potentialAction\":[{\"@type\":\"SearchAction\",\"target\":{\"@type\":\"EntryPoint\",\"urlTemplate\":\"https:\/\/www.iplay.com\/en\/?s={search_term_string}\"},\"query-input\":{\"@type\":\"PropertyValueSpecification\",\"valueRequired\":true,\"valueName\":\"search_term_string\"}}],\"inLanguage\":\"fr-FR\"},{\"@type\":\"Organization\",\"@id\":\"https:\/\/www.iplay.com\/en\/#organization\",\"name\":\"IPlay\",\"url\":\"https:\/\/www.iplay.com\/en\/\",\"logo\":{\"@type\":\"ImageObject\",\"inLanguage\":\"fr-FR\",\"@id\":\"https:\/\/www.iplay.com\/en\/#\/schema\/logo\/image\/\",\"url\":\"https:\/\/www.iplay.com\/wp-content\/uploads\/2023\/11\/Group-6100.svg\",\"contentUrl\":\"https:\/\/www.iplay.com\/wp-content\/uploads\/2023\/11\/Group-6100.svg\",\"width\":98,\"height\":25,\"caption\":\"IPlay\"},\"image\":{\"@id\":\"https:\/\/www.iplay.com\/en\/#\/schema\/logo\/image\/\"}}]}<\/script>\n<!-- \/ Yoast SEO Premium plugin. -->","yoast_head_json":{"title":"Cooking Trip New Challenge - \u00c9dition Collector - D\u00e9fendez votre restaurant dans Cooking Trip New Challenge\u2122 - CE","description":"Ne les laissez pas gagner - Dans Cooking Trip New Challenge, mettez fin \u00e0 leurs plans de prendre votre restaurant","robots":{"index":"index","follow":"follow","max-snippet":"max-snippet:-1","max-image-preview":"max-image-preview:large","max-video-preview":"max-video-preview:-1"},"canonical":"https:\/\/www.iplay.com\/fr\/games\/cooking-trip-new-challenge-collectors-edition\/","og_locale":"fr_FR","og_type":"article","og_title":"Cooking Trip New Challenge - Collector's Edition","og_description":"Ne les laissez pas gagner - Dans Cooking Trip New Challenge, mettez fin \u00e0 leurs plans de prendre votre restaurant","og_url":"https:\/\/www.iplay.com\/fr\/games\/cooking-trip-new-challenge-collectors-edition\/","og_site_name":"IPlay","og_image":[{"width":310,"height":310,"url":"https:\/\/www.iplay.com\/wp-content\/uploads\/2023\/12\/large_square_tile_image-3188.jpg","type":"image\/jpeg"}],"twitter_card":"summary_large_image","twitter_misc":{"Dur\u00e9e de lecture estim\u00e9e":"1 minute"},"schema":{"@context":"https:\/\/schema.org","@graph":[{"@type":"WebPage","@id":"https:\/\/www.iplay.com\/fr\/games\/cooking-trip-new-challenge-collectors-edition\/","url":"https:\/\/www.iplay.com\/fr\/games\/cooking-trip-new-challenge-collectors-edition\/","name":"Cooking Trip New Challenge - \u00c9dition Collector - D\u00e9fendez votre restaurant dans Cooking Trip New Challenge\u2122 - CE","isPartOf":{"@id":"https:\/\/www.iplay.com\/en\/#website"},"primaryImageOfPage":{"@id":"https:\/\/www.iplay.com\/fr\/games\/cooking-trip-new-challenge-collectors-edition\/#primaryimage"},"image":{"@id":"https:\/\/www.iplay.com\/fr\/games\/cooking-trip-new-challenge-collectors-edition\/#primaryimage"},"thumbnailUrl":"https:\/\/www.iplay.com\/wp-content\/uploads\/2023\/12\/large_square_tile_image-3188.jpg","datePublished":"2021-01-16T00:00:00+00:00","description":"Ne les laissez pas gagner - Dans Cooking Trip New Challenge, mettez fin \u00e0 leurs plans de prendre votre restaurant","breadcrumb":{"@id":"https:\/\/www.iplay.com\/fr\/games\/cooking-trip-new-challenge-collectors-edition\/#breadcrumb"},"inLanguage":"fr-FR","potentialAction":[{"@type":"ReadAction","target":["https:\/\/www.iplay.com\/fr\/games\/cooking-trip-new-challenge-collectors-edition\/"]}]},{"@type":"ImageObject","inLanguage":"fr-FR","@id":"https:\/\/www.iplay.com\/fr\/games\/cooking-trip-new-challenge-collectors-edition\/#primaryimage","url":"https:\/\/www.iplay.com\/wp-content\/uploads\/2023\/12\/large_square_tile_image-3188.jpg","contentUrl":"https:\/\/www.iplay.com\/wp-content\/uploads\/2023\/12\/large_square_tile_image-3188.jpg","width":310,"height":310},{"@type":"BreadcrumbList","@id":"https:\/\/www.iplay.com\/fr\/games\/cooking-trip-new-challenge-collectors-edition\/#breadcrumb","itemListElement":[{"@type":"ListItem","position":1,"name":"Home","item":"https:\/\/www.iplay.com\/fr\/home-page-2\/"},{"@type":"ListItem","position":2,"name":"Shop","item":"https:\/\/www.iplay.com\/en\/shop\/"},{"@type":"ListItem","position":3,"name":"Cooking Trip New Challenge &#8211; Collector&#8217;s Edition"}]},{"@type":"WebSite","@id":"https:\/\/www.iplay.com\/en\/#website","url":"https:\/\/www.iplay.com\/en\/","name":"IPlay","description":"The Best Casual Games!","publisher":{"@id":"https:\/\/www.iplay.com\/en\/#organization"},"potentialAction":[{"@type":"SearchAction","target":{"@type":"EntryPoint","urlTemplate":"https:\/\/www.iplay.com\/en\/?s={search_term_string}"},"query-input":{"@type":"PropertyValueSpecification","valueRequired":true,"valueName":"search_term_string"}}],"inLanguage":"fr-FR"},{"@type":"Organization","@id":"https:\/\/www.iplay.com\/en\/#organization","name":"IPlay","url":"https:\/\/www.iplay.com\/en\/","logo":{"@type":"ImageObject","inLanguage":"fr-FR","@id":"https:\/\/www.iplay.com\/en\/#\/schema\/logo\/image\/","url":"https:\/\/www.iplay.com\/wp-content\/uploads\/2023\/11\/Group-6100.svg","contentUrl":"https:\/\/www.iplay.com\/wp-content\/uploads\/2023\/11\/Group-6100.svg","width":98,"height":25,"caption":"IPlay"},"image":{"@id":"https:\/\/www.iplay.com\/en\/#\/schema\/logo\/image\/"}}]}},"_links":{"self":[{"href":"https:\/\/www.iplay.com\/fr\/wp-json\/wp\/v2\/product\/135421","targetHints":{"allow":["GET"]}}],"collection":[{"href":"https:\/\/www.iplay.com\/fr\/wp-json\/wp\/v2\/product"}],"about":[{"href":"https:\/\/www.iplay.com\/fr\/wp-json\/wp\/v2\/types\/product"}],"author":[{"embeddable":true,"href":"https:\/\/www.iplay.com\/fr\/wp-json\/wp\/v2\/users\/13"}],"replies":[{"embeddable":true,"href":"https:\/\/www.iplay.com\/fr\/wp-json\/wp\/v2\/comments?post=135421"}],"wp:featuredmedia":[{"embeddable":true,"href":"https:\/\/www.iplay.com\/fr\/wp-json\/wp\/v2\/media\/90772"}],"wp:attachment":[{"href":"https:\/\/www.iplay.com\/fr\/wp-json\/wp\/v2\/media?parent=135421"}],"wp:term":[{"taxonomy":"product_brand","embeddable":true,"href":"https:\/\/www.iplay.com\/fr\/wp-json\/wp\/v2\/product_brand?post=135421"},{"taxonomy":"product_cat","embeddable":true,"href":"https:\/\/www.iplay.com\/fr\/wp-json\/wp\/v2\/product_cat?post=135421"},{"taxonomy":"product_tag","embeddable":true,"href":"https:\/\/www.iplay.com\/fr\/wp-json\/wp\/v2\/product_tag?post=135421"}],"curies":[{"name":"wp","href":"https:\/\/api.w.org\/{rel}","templated":true}]}}