{"id":135384,"date":"2021-10-03T00:00:00","date_gmt":"2021-10-03T00:00:00","guid":{"rendered":"https:\/\/www.iplay.com\/games\/baking-bustle-2-ashleys-dream-collectors-edition\/"},"modified":"2021-10-03T00:00:00","modified_gmt":"2021-10-03T00:00:00","slug":"baking-bustle-2-ashleys-dream-collectors-edition","status":"publish","type":"product","link":"https:\/\/www.iplay.com\/fr\/games\/baking-bustle-2-ashleys-dream-collectors-edition\/","title":{"rendered":"Baking Bustle 2: Ashley&#8217;s Dream Collector&#8217;s Edition"},"content":{"rendered":"<p>Transformez un seul restaurant en une franchise de restaurant de renomm\u00e9e mondiale ! Il n\u2019y a pas de limites aux d\u00e9lices culinaires que vous pouvez produire, ni \u00e0 la mesure dans laquelle vous pouvez d\u00e9velopper votre empire ! Il n\u2019y a pas de limites aux d\u00e9lices culinaires que vous pouvez produire, ni de limites \u00e0 l\u2019\u00e9tendue de votre empire ! Qu\u2019il s\u2019agisse de griller les meilleurs hamburgers de la ville ou de construire des lasagnes qui feraient pleurer de joie un Italien de sang pur ! Aidez Ashely et Scott \u00e0 relever ce d\u00e9fi gastronomique un jour \u00e0 la fois, en nourrissant les convives affam\u00e9s, en faisant le plein de fournitures et en gagnant de l\u2019argent pour d\u00e9velopper leur restaurant. Pour faire bouger les choses et gagner de gros pourboires, vous devrez d\u00e9couvrir les pr\u00e9f\u00e9rences de chaque client, de l\u2019humoriste \u00e0 la vieille dame capricieuse.     <\/p>\n<p>&nbsp;<\/p>\n<p>&nbsp;<\/p>\n<p><strong>Fonctionnalit\u00e9s:<\/strong><\/p>\n<p>&nbsp;<\/p>\n<p>&#8211; 48 niveaux passionnants \u00e0 compl\u00e9ter.<br \/>\n&#8211; G\u00e9rez et am\u00e9liorez quatre restaurants<br \/>\n &#8211; Modes de jeu avec et sans minuteries.<br \/>\n&#8211; De v\u00e9ritables astuces de cuisine cach\u00e9es sur des autocollants.<br \/>\n&#8211; Des r\u00e9alisations stimulantes \u00e0 gagner<\/p>\n<p>&nbsp;<\/p>\n<p>&nbsp;<\/p>\n<p><strong>L\u2019\u00e9dition collector comprend :<\/strong><\/p>\n<p>&nbsp;<\/p>\n<p>&#8211; Un chapitre suppl\u00e9mentaire avec 12 niveaux<br \/>\n&#8211; Bande sonore<br \/>\n entra\u00eenante t\u00e9l\u00e9chargeable- Fonds d\u2019\u00e9cran<br \/>\n lumineux- Autocollant<br \/>\n gratuit- Accomplissement suppl\u00e9mentaire<\/p>\n","protected":false},"excerpt":{"rendered":"<p>Transformez un seul restaurant en une franchise de restaurant de renomm\u00e9e mondiale !<\/p>\n","protected":false},"author":8,"featured_media":78888,"comment_status":"open","ping_status":"closed","template":"","meta":{"_acf_changed":false,"inline_featured_image":false},"product_brand":[],"product_cat":[216],"product_tag":[287],"class_list":{"0":"post-135384","1":"product","2":"type-product","3":"status-publish","4":"has-post-thumbnail","6":"product_cat-time-management-fr","7":"product_tag-play-on-pc-fr","9":"first","10":"instock","11":"shipping-taxable","12":"purchasable","13":"product-type-simple"},"acf":[],"yoast_head":"<!-- This site is optimized with the Yoast SEO Premium plugin v25.2 (Yoast SEO v25.2) - https:\/\/yoast.com\/wordpress\/plugins\/seo\/ -->\n<title>Baking Bustle 2\u00a0: Ashley\u2019s Dream \u00c9dition Collector - Cultivez une franchise de restaurant renomm\u00e9e jusqu\u2019\u00e0 la grandeur<\/title>\n<meta name=\"description\" content=\"Transformez un seul restaurant en une franchise de restaurant de renomm\u00e9e mondiale !\" \/>\n<meta name=\"robots\" content=\"index, follow, max-snippet:-1, max-image-preview:large, max-video-preview:-1\" \/>\n<link rel=\"canonical\" href=\"https:\/\/www.iplay.com\/fr\/games\/baking-bustle-2-ashleys-dream-collectors-edition\/\" \/>\n<meta property=\"og:locale\" content=\"fr_FR\" \/>\n<meta property=\"og:type\" content=\"article\" \/>\n<meta property=\"og:title\" content=\"Baking Bustle 2: Ashley&#039;s Dream Collector&#039;s Edition\" \/>\n<meta property=\"og:description\" content=\"Transformez un seul restaurant en une franchise de restaurant de renomm\u00e9e mondiale !\" \/>\n<meta property=\"og:url\" content=\"https:\/\/www.iplay.com\/fr\/games\/baking-bustle-2-ashleys-dream-collectors-edition\/\" \/>\n<meta property=\"og:site_name\" content=\"IPlay\" \/>\n<meta property=\"og:image\" content=\"https:\/\/www.iplay.com\/wp-content\/uploads\/2023\/12\/large_square_tile_image-2431.jpg\" \/>\n\t<meta property=\"og:image:width\" content=\"310\" \/>\n\t<meta property=\"og:image:height\" content=\"310\" \/>\n\t<meta property=\"og:image:type\" content=\"image\/jpeg\" \/>\n<meta name=\"twitter:card\" content=\"summary_large_image\" \/>\n<meta name=\"twitter:label1\" content=\"Dur\u00e9e de lecture estim\u00e9e\" \/>\n\t<meta name=\"twitter:data1\" content=\"1 minute\" \/>\n<script type=\"application\/ld+json\" class=\"yoast-schema-graph\">{\"@context\":\"https:\/\/schema.org\",\"@graph\":[{\"@type\":\"WebPage\",\"@id\":\"https:\/\/www.iplay.com\/fr\/games\/baking-bustle-2-ashleys-dream-collectors-edition\/\",\"url\":\"https:\/\/www.iplay.com\/fr\/games\/baking-bustle-2-ashleys-dream-collectors-edition\/\",\"name\":\"Baking Bustle 2\u00a0: Ashley\u2019s Dream \u00c9dition Collector - Cultivez une franchise de restaurant renomm\u00e9e jusqu\u2019\u00e0 la grandeur\",\"isPartOf\":{\"@id\":\"https:\/\/www.iplay.com\/en\/#website\"},\"primaryImageOfPage\":{\"@id\":\"https:\/\/www.iplay.com\/fr\/games\/baking-bustle-2-ashleys-dream-collectors-edition\/#primaryimage\"},\"image\":{\"@id\":\"https:\/\/www.iplay.com\/fr\/games\/baking-bustle-2-ashleys-dream-collectors-edition\/#primaryimage\"},\"thumbnailUrl\":\"https:\/\/www.iplay.com\/wp-content\/uploads\/2023\/12\/large_square_tile_image-2431.jpg\",\"datePublished\":\"2021-10-03T00:00:00+00:00\",\"description\":\"Transformez un seul restaurant en une franchise de restaurant de renomm\u00e9e mondiale !\",\"breadcrumb\":{\"@id\":\"https:\/\/www.iplay.com\/fr\/games\/baking-bustle-2-ashleys-dream-collectors-edition\/#breadcrumb\"},\"inLanguage\":\"fr-FR\",\"potentialAction\":[{\"@type\":\"ReadAction\",\"target\":[\"https:\/\/www.iplay.com\/fr\/games\/baking-bustle-2-ashleys-dream-collectors-edition\/\"]}]},{\"@type\":\"ImageObject\",\"inLanguage\":\"fr-FR\",\"@id\":\"https:\/\/www.iplay.com\/fr\/games\/baking-bustle-2-ashleys-dream-collectors-edition\/#primaryimage\",\"url\":\"https:\/\/www.iplay.com\/wp-content\/uploads\/2023\/12\/large_square_tile_image-2431.jpg\",\"contentUrl\":\"https:\/\/www.iplay.com\/wp-content\/uploads\/2023\/12\/large_square_tile_image-2431.jpg\",\"width\":310,\"height\":310},{\"@type\":\"BreadcrumbList\",\"@id\":\"https:\/\/www.iplay.com\/fr\/games\/baking-bustle-2-ashleys-dream-collectors-edition\/#breadcrumb\",\"itemListElement\":[{\"@type\":\"ListItem\",\"position\":1,\"name\":\"Home\",\"item\":\"https:\/\/www.iplay.com\/fr\/home-page-2\/\"},{\"@type\":\"ListItem\",\"position\":2,\"name\":\"Shop\",\"item\":\"https:\/\/www.iplay.com\/en\/shop\/\"},{\"@type\":\"ListItem\",\"position\":3,\"name\":\"Baking Bustle 2: Ashley&#8217;s Dream Collector&#8217;s Edition\"}]},{\"@type\":\"WebSite\",\"@id\":\"https:\/\/www.iplay.com\/en\/#website\",\"url\":\"https:\/\/www.iplay.com\/en\/\",\"name\":\"IPlay\",\"description\":\"The Best Casual Games!\",\"publisher\":{\"@id\":\"https:\/\/www.iplay.com\/en\/#organization\"},\"potentialAction\":[{\"@type\":\"SearchAction\",\"target\":{\"@type\":\"EntryPoint\",\"urlTemplate\":\"https:\/\/www.iplay.com\/en\/?s={search_term_string}\"},\"query-input\":{\"@type\":\"PropertyValueSpecification\",\"valueRequired\":true,\"valueName\":\"search_term_string\"}}],\"inLanguage\":\"fr-FR\"},{\"@type\":\"Organization\",\"@id\":\"https:\/\/www.iplay.com\/en\/#organization\",\"name\":\"IPlay\",\"url\":\"https:\/\/www.iplay.com\/en\/\",\"logo\":{\"@type\":\"ImageObject\",\"inLanguage\":\"fr-FR\",\"@id\":\"https:\/\/www.iplay.com\/en\/#\/schema\/logo\/image\/\",\"url\":\"https:\/\/www.iplay.com\/wp-content\/uploads\/2023\/11\/Group-6100.svg\",\"contentUrl\":\"https:\/\/www.iplay.com\/wp-content\/uploads\/2023\/11\/Group-6100.svg\",\"width\":98,\"height\":25,\"caption\":\"IPlay\"},\"image\":{\"@id\":\"https:\/\/www.iplay.com\/en\/#\/schema\/logo\/image\/\"}}]}<\/script>\n<!-- \/ Yoast SEO Premium plugin. -->","yoast_head_json":{"title":"Baking Bustle 2\u00a0: Ashley\u2019s Dream \u00c9dition Collector - Cultivez une franchise de restaurant renomm\u00e9e jusqu\u2019\u00e0 la grandeur","description":"Transformez un seul restaurant en une franchise de restaurant de renomm\u00e9e mondiale !","robots":{"index":"index","follow":"follow","max-snippet":"max-snippet:-1","max-image-preview":"max-image-preview:large","max-video-preview":"max-video-preview:-1"},"canonical":"https:\/\/www.iplay.com\/fr\/games\/baking-bustle-2-ashleys-dream-collectors-edition\/","og_locale":"fr_FR","og_type":"article","og_title":"Baking Bustle 2: Ashley's Dream Collector's Edition","og_description":"Transformez un seul restaurant en une franchise de restaurant de renomm\u00e9e mondiale !","og_url":"https:\/\/www.iplay.com\/fr\/games\/baking-bustle-2-ashleys-dream-collectors-edition\/","og_site_name":"IPlay","og_image":[{"width":310,"height":310,"url":"https:\/\/www.iplay.com\/wp-content\/uploads\/2023\/12\/large_square_tile_image-2431.jpg","type":"image\/jpeg"}],"twitter_card":"summary_large_image","twitter_misc":{"Dur\u00e9e de lecture estim\u00e9e":"1 minute"},"schema":{"@context":"https:\/\/schema.org","@graph":[{"@type":"WebPage","@id":"https:\/\/www.iplay.com\/fr\/games\/baking-bustle-2-ashleys-dream-collectors-edition\/","url":"https:\/\/www.iplay.com\/fr\/games\/baking-bustle-2-ashleys-dream-collectors-edition\/","name":"Baking Bustle 2\u00a0: Ashley\u2019s Dream \u00c9dition Collector - Cultivez une franchise de restaurant renomm\u00e9e jusqu\u2019\u00e0 la grandeur","isPartOf":{"@id":"https:\/\/www.iplay.com\/en\/#website"},"primaryImageOfPage":{"@id":"https:\/\/www.iplay.com\/fr\/games\/baking-bustle-2-ashleys-dream-collectors-edition\/#primaryimage"},"image":{"@id":"https:\/\/www.iplay.com\/fr\/games\/baking-bustle-2-ashleys-dream-collectors-edition\/#primaryimage"},"thumbnailUrl":"https:\/\/www.iplay.com\/wp-content\/uploads\/2023\/12\/large_square_tile_image-2431.jpg","datePublished":"2021-10-03T00:00:00+00:00","description":"Transformez un seul restaurant en une franchise de restaurant de renomm\u00e9e mondiale !","breadcrumb":{"@id":"https:\/\/www.iplay.com\/fr\/games\/baking-bustle-2-ashleys-dream-collectors-edition\/#breadcrumb"},"inLanguage":"fr-FR","potentialAction":[{"@type":"ReadAction","target":["https:\/\/www.iplay.com\/fr\/games\/baking-bustle-2-ashleys-dream-collectors-edition\/"]}]},{"@type":"ImageObject","inLanguage":"fr-FR","@id":"https:\/\/www.iplay.com\/fr\/games\/baking-bustle-2-ashleys-dream-collectors-edition\/#primaryimage","url":"https:\/\/www.iplay.com\/wp-content\/uploads\/2023\/12\/large_square_tile_image-2431.jpg","contentUrl":"https:\/\/www.iplay.com\/wp-content\/uploads\/2023\/12\/large_square_tile_image-2431.jpg","width":310,"height":310},{"@type":"BreadcrumbList","@id":"https:\/\/www.iplay.com\/fr\/games\/baking-bustle-2-ashleys-dream-collectors-edition\/#breadcrumb","itemListElement":[{"@type":"ListItem","position":1,"name":"Home","item":"https:\/\/www.iplay.com\/fr\/home-page-2\/"},{"@type":"ListItem","position":2,"name":"Shop","item":"https:\/\/www.iplay.com\/en\/shop\/"},{"@type":"ListItem","position":3,"name":"Baking Bustle 2: Ashley&#8217;s Dream Collector&#8217;s Edition"}]},{"@type":"WebSite","@id":"https:\/\/www.iplay.com\/en\/#website","url":"https:\/\/www.iplay.com\/en\/","name":"IPlay","description":"The Best Casual Games!","publisher":{"@id":"https:\/\/www.iplay.com\/en\/#organization"},"potentialAction":[{"@type":"SearchAction","target":{"@type":"EntryPoint","urlTemplate":"https:\/\/www.iplay.com\/en\/?s={search_term_string}"},"query-input":{"@type":"PropertyValueSpecification","valueRequired":true,"valueName":"search_term_string"}}],"inLanguage":"fr-FR"},{"@type":"Organization","@id":"https:\/\/www.iplay.com\/en\/#organization","name":"IPlay","url":"https:\/\/www.iplay.com\/en\/","logo":{"@type":"ImageObject","inLanguage":"fr-FR","@id":"https:\/\/www.iplay.com\/en\/#\/schema\/logo\/image\/","url":"https:\/\/www.iplay.com\/wp-content\/uploads\/2023\/11\/Group-6100.svg","contentUrl":"https:\/\/www.iplay.com\/wp-content\/uploads\/2023\/11\/Group-6100.svg","width":98,"height":25,"caption":"IPlay"},"image":{"@id":"https:\/\/www.iplay.com\/en\/#\/schema\/logo\/image\/"}}]}},"_links":{"self":[{"href":"https:\/\/www.iplay.com\/fr\/wp-json\/wp\/v2\/product\/135384","targetHints":{"allow":["GET"]}}],"collection":[{"href":"https:\/\/www.iplay.com\/fr\/wp-json\/wp\/v2\/product"}],"about":[{"href":"https:\/\/www.iplay.com\/fr\/wp-json\/wp\/v2\/types\/product"}],"author":[{"embeddable":true,"href":"https:\/\/www.iplay.com\/fr\/wp-json\/wp\/v2\/users\/8"}],"replies":[{"embeddable":true,"href":"https:\/\/www.iplay.com\/fr\/wp-json\/wp\/v2\/comments?post=135384"}],"wp:featuredmedia":[{"embeddable":true,"href":"https:\/\/www.iplay.com\/fr\/wp-json\/wp\/v2\/media\/78888"}],"wp:attachment":[{"href":"https:\/\/www.iplay.com\/fr\/wp-json\/wp\/v2\/media?parent=135384"}],"wp:term":[{"taxonomy":"product_brand","embeddable":true,"href":"https:\/\/www.iplay.com\/fr\/wp-json\/wp\/v2\/product_brand?post=135384"},{"taxonomy":"product_cat","embeddable":true,"href":"https:\/\/www.iplay.com\/fr\/wp-json\/wp\/v2\/product_cat?post=135384"},{"taxonomy":"product_tag","embeddable":true,"href":"https:\/\/www.iplay.com\/fr\/wp-json\/wp\/v2\/product_tag?post=135384"}],"curies":[{"name":"wp","href":"https:\/\/api.w.org\/{rel}","templated":true}]}}