{"id":135364,"date":"2022-02-14T00:00:00","date_gmt":"2022-02-14T00:00:00","guid":{"rendered":"https:\/\/www.iplay.com\/games\/royal-roads-3-portal-collectors-edition\/"},"modified":"2022-02-14T00:00:00","modified_gmt":"2022-02-14T00:00:00","slug":"royal-roads-3-portal-collectors-edition","status":"publish","type":"product","link":"https:\/\/www.iplay.com\/fr\/games\/royal-roads-3-portal-collectors-edition\/","title":{"rendered":"Royal Roads 3: Portal &#8211; Collector&#8217;s Edition"},"content":{"rendered":"<p>Ensemble, la princesse et son ami se lanceront dans un voyage fantastique pour acqu\u00e9rir des artefacts et vaincre le m\u00e9chant sorcier ! Vous visiterez de nombreux endroits, terminerez des \u00e9tapes difficiles, interagirez avec des personnes divertissantes et vaincrez un m\u00e9chant sorcier dans ce jeu. Partez en voyage sur les routes du Royaume avec des jeux adapt\u00e9s aux joueurs de tous \u00e2ges !  <\/p>\n<p>&nbsp;<\/p>\n<p>&nbsp;<\/p>\n<p><strong>Fonctionnalit\u00e9s:<\/strong><\/p>\n<p>&nbsp;<\/p>\n<p>&#8211; Des d\u00e9cors<br \/>\n fantastiques vibrants- Cinquante niveaux captivants de difficult\u00e9<br \/>\n vari\u00e9e- Un large \u00e9ventail de personnages magiques<br \/>\n&#8211; Un gameplay<br \/>\n adapt\u00e9 \u00e0 l\u2019\u00e2ge- Bonne musique<\/p>\n","protected":false},"excerpt":{"rendered":"<p>L\u2019\u00c9dition Collector de Royal Roads 3&nbsp;: Portal vous oppose \u00e0 un sorcier mal\u00e9fique pour aider un prince.<\/p>\n","protected":false},"author":13,"featured_media":77880,"comment_status":"open","ping_status":"closed","template":"","meta":{"_acf_changed":false,"inline_featured_image":false},"product_brand":[],"product_cat":[216],"product_tag":[287],"class_list":{"0":"post-135364","1":"product","2":"type-product","3":"status-publish","4":"has-post-thumbnail","6":"product_cat-time-management-fr","7":"product_tag-play-on-pc-fr","9":"first","10":"instock","11":"shipping-taxable","12":"purchasable","13":"product-type-simple"},"acf":[],"yoast_head":"<!-- This site is optimized with the Yoast SEO Premium plugin v25.2 (Yoast SEO v25.2) - https:\/\/yoast.com\/wordpress\/plugins\/seo\/ -->\n<title>Royal Roads 3\u00a0: Portal - \u00c9dition Collector - Aidez une princesse \u00e0 combattre un sorcier mal\u00e9fique dans Royal Roads 3<\/title>\n<meta name=\"description\" content=\"L\u2019\u00c9dition Collector de Royal Roads 3&nbsp;: Portal vous oppose \u00e0 un sorcier mal\u00e9fique pour aider un prince.\" \/>\n<meta name=\"robots\" content=\"index, follow, max-snippet:-1, max-image-preview:large, max-video-preview:-1\" \/>\n<link rel=\"canonical\" href=\"https:\/\/www.iplay.com\/fr\/games\/royal-roads-3-portal-collectors-edition\/\" \/>\n<meta property=\"og:locale\" content=\"fr_FR\" \/>\n<meta property=\"og:type\" content=\"article\" \/>\n<meta property=\"og:title\" content=\"Royal Roads 3: Portal - Collector&#039;s Edition\" \/>\n<meta property=\"og:description\" content=\"L\u2019\u00c9dition Collector de Royal Roads 3&nbsp;: Portal vous oppose \u00e0 un sorcier mal\u00e9fique pour aider un prince.\" \/>\n<meta property=\"og:url\" content=\"https:\/\/www.iplay.com\/fr\/games\/royal-roads-3-portal-collectors-edition\/\" \/>\n<meta property=\"og:site_name\" content=\"IPlay\" \/>\n<meta property=\"og:image\" content=\"https:\/\/www.iplay.com\/wp-content\/uploads\/2023\/12\/large_square_tile_image-2365.jpg\" \/>\n\t<meta property=\"og:image:width\" content=\"310\" \/>\n\t<meta property=\"og:image:height\" content=\"310\" \/>\n\t<meta property=\"og:image:type\" content=\"image\/jpeg\" \/>\n<meta name=\"twitter:card\" content=\"summary_large_image\" \/>\n<script type=\"application\/ld+json\" class=\"yoast-schema-graph\">{\"@context\":\"https:\/\/schema.org\",\"@graph\":[{\"@type\":\"WebPage\",\"@id\":\"https:\/\/www.iplay.com\/fr\/games\/royal-roads-3-portal-collectors-edition\/\",\"url\":\"https:\/\/www.iplay.com\/fr\/games\/royal-roads-3-portal-collectors-edition\/\",\"name\":\"Royal Roads 3\u00a0: Portal - \u00c9dition Collector - Aidez une princesse \u00e0 combattre un sorcier mal\u00e9fique dans Royal Roads 3\",\"isPartOf\":{\"@id\":\"https:\/\/www.iplay.com\/en\/#website\"},\"primaryImageOfPage\":{\"@id\":\"https:\/\/www.iplay.com\/fr\/games\/royal-roads-3-portal-collectors-edition\/#primaryimage\"},\"image\":{\"@id\":\"https:\/\/www.iplay.com\/fr\/games\/royal-roads-3-portal-collectors-edition\/#primaryimage\"},\"thumbnailUrl\":\"https:\/\/www.iplay.com\/wp-content\/uploads\/2023\/12\/large_square_tile_image-2365.jpg\",\"datePublished\":\"2022-02-14T00:00:00+00:00\",\"description\":\"L\u2019\u00c9dition Collector de Royal Roads 3&nbsp;: Portal vous oppose \u00e0 un sorcier mal\u00e9fique pour aider un prince.\",\"breadcrumb\":{\"@id\":\"https:\/\/www.iplay.com\/fr\/games\/royal-roads-3-portal-collectors-edition\/#breadcrumb\"},\"inLanguage\":\"fr-FR\",\"potentialAction\":[{\"@type\":\"ReadAction\",\"target\":[\"https:\/\/www.iplay.com\/fr\/games\/royal-roads-3-portal-collectors-edition\/\"]}]},{\"@type\":\"ImageObject\",\"inLanguage\":\"fr-FR\",\"@id\":\"https:\/\/www.iplay.com\/fr\/games\/royal-roads-3-portal-collectors-edition\/#primaryimage\",\"url\":\"https:\/\/www.iplay.com\/wp-content\/uploads\/2023\/12\/large_square_tile_image-2365.jpg\",\"contentUrl\":\"https:\/\/www.iplay.com\/wp-content\/uploads\/2023\/12\/large_square_tile_image-2365.jpg\",\"width\":310,\"height\":310},{\"@type\":\"BreadcrumbList\",\"@id\":\"https:\/\/www.iplay.com\/fr\/games\/royal-roads-3-portal-collectors-edition\/#breadcrumb\",\"itemListElement\":[{\"@type\":\"ListItem\",\"position\":1,\"name\":\"Home\",\"item\":\"https:\/\/www.iplay.com\/fr\/home-page-2\/\"},{\"@type\":\"ListItem\",\"position\":2,\"name\":\"Shop\",\"item\":\"https:\/\/www.iplay.com\/en\/shop\/\"},{\"@type\":\"ListItem\",\"position\":3,\"name\":\"Royal Roads 3: Portal &#8211; Collector&#8217;s Edition\"}]},{\"@type\":\"WebSite\",\"@id\":\"https:\/\/www.iplay.com\/en\/#website\",\"url\":\"https:\/\/www.iplay.com\/en\/\",\"name\":\"IPlay\",\"description\":\"The Best Casual Games!\",\"publisher\":{\"@id\":\"https:\/\/www.iplay.com\/en\/#organization\"},\"potentialAction\":[{\"@type\":\"SearchAction\",\"target\":{\"@type\":\"EntryPoint\",\"urlTemplate\":\"https:\/\/www.iplay.com\/en\/?s={search_term_string}\"},\"query-input\":{\"@type\":\"PropertyValueSpecification\",\"valueRequired\":true,\"valueName\":\"search_term_string\"}}],\"inLanguage\":\"fr-FR\"},{\"@type\":\"Organization\",\"@id\":\"https:\/\/www.iplay.com\/en\/#organization\",\"name\":\"IPlay\",\"url\":\"https:\/\/www.iplay.com\/en\/\",\"logo\":{\"@type\":\"ImageObject\",\"inLanguage\":\"fr-FR\",\"@id\":\"https:\/\/www.iplay.com\/en\/#\/schema\/logo\/image\/\",\"url\":\"https:\/\/www.iplay.com\/wp-content\/uploads\/2023\/11\/Group-6100.svg\",\"contentUrl\":\"https:\/\/www.iplay.com\/wp-content\/uploads\/2023\/11\/Group-6100.svg\",\"width\":98,\"height\":25,\"caption\":\"IPlay\"},\"image\":{\"@id\":\"https:\/\/www.iplay.com\/en\/#\/schema\/logo\/image\/\"}}]}<\/script>\n<!-- \/ Yoast SEO Premium plugin. -->","yoast_head_json":{"title":"Royal Roads 3\u00a0: Portal - \u00c9dition Collector - Aidez une princesse \u00e0 combattre un sorcier mal\u00e9fique dans Royal Roads 3","description":"L\u2019\u00c9dition Collector de Royal Roads 3&nbsp;: Portal vous oppose \u00e0 un sorcier mal\u00e9fique pour aider un prince.","robots":{"index":"index","follow":"follow","max-snippet":"max-snippet:-1","max-image-preview":"max-image-preview:large","max-video-preview":"max-video-preview:-1"},"canonical":"https:\/\/www.iplay.com\/fr\/games\/royal-roads-3-portal-collectors-edition\/","og_locale":"fr_FR","og_type":"article","og_title":"Royal Roads 3: Portal - Collector's Edition","og_description":"L\u2019\u00c9dition Collector de Royal Roads 3&nbsp;: Portal vous oppose \u00e0 un sorcier mal\u00e9fique pour aider un prince.","og_url":"https:\/\/www.iplay.com\/fr\/games\/royal-roads-3-portal-collectors-edition\/","og_site_name":"IPlay","og_image":[{"width":310,"height":310,"url":"https:\/\/www.iplay.com\/wp-content\/uploads\/2023\/12\/large_square_tile_image-2365.jpg","type":"image\/jpeg"}],"twitter_card":"summary_large_image","schema":{"@context":"https:\/\/schema.org","@graph":[{"@type":"WebPage","@id":"https:\/\/www.iplay.com\/fr\/games\/royal-roads-3-portal-collectors-edition\/","url":"https:\/\/www.iplay.com\/fr\/games\/royal-roads-3-portal-collectors-edition\/","name":"Royal Roads 3\u00a0: Portal - \u00c9dition Collector - Aidez une princesse \u00e0 combattre un sorcier mal\u00e9fique dans Royal Roads 3","isPartOf":{"@id":"https:\/\/www.iplay.com\/en\/#website"},"primaryImageOfPage":{"@id":"https:\/\/www.iplay.com\/fr\/games\/royal-roads-3-portal-collectors-edition\/#primaryimage"},"image":{"@id":"https:\/\/www.iplay.com\/fr\/games\/royal-roads-3-portal-collectors-edition\/#primaryimage"},"thumbnailUrl":"https:\/\/www.iplay.com\/wp-content\/uploads\/2023\/12\/large_square_tile_image-2365.jpg","datePublished":"2022-02-14T00:00:00+00:00","description":"L\u2019\u00c9dition Collector de Royal Roads 3&nbsp;: Portal vous oppose \u00e0 un sorcier mal\u00e9fique pour aider un prince.","breadcrumb":{"@id":"https:\/\/www.iplay.com\/fr\/games\/royal-roads-3-portal-collectors-edition\/#breadcrumb"},"inLanguage":"fr-FR","potentialAction":[{"@type":"ReadAction","target":["https:\/\/www.iplay.com\/fr\/games\/royal-roads-3-portal-collectors-edition\/"]}]},{"@type":"ImageObject","inLanguage":"fr-FR","@id":"https:\/\/www.iplay.com\/fr\/games\/royal-roads-3-portal-collectors-edition\/#primaryimage","url":"https:\/\/www.iplay.com\/wp-content\/uploads\/2023\/12\/large_square_tile_image-2365.jpg","contentUrl":"https:\/\/www.iplay.com\/wp-content\/uploads\/2023\/12\/large_square_tile_image-2365.jpg","width":310,"height":310},{"@type":"BreadcrumbList","@id":"https:\/\/www.iplay.com\/fr\/games\/royal-roads-3-portal-collectors-edition\/#breadcrumb","itemListElement":[{"@type":"ListItem","position":1,"name":"Home","item":"https:\/\/www.iplay.com\/fr\/home-page-2\/"},{"@type":"ListItem","position":2,"name":"Shop","item":"https:\/\/www.iplay.com\/en\/shop\/"},{"@type":"ListItem","position":3,"name":"Royal Roads 3: Portal &#8211; Collector&#8217;s Edition"}]},{"@type":"WebSite","@id":"https:\/\/www.iplay.com\/en\/#website","url":"https:\/\/www.iplay.com\/en\/","name":"IPlay","description":"The Best Casual Games!","publisher":{"@id":"https:\/\/www.iplay.com\/en\/#organization"},"potentialAction":[{"@type":"SearchAction","target":{"@type":"EntryPoint","urlTemplate":"https:\/\/www.iplay.com\/en\/?s={search_term_string}"},"query-input":{"@type":"PropertyValueSpecification","valueRequired":true,"valueName":"search_term_string"}}],"inLanguage":"fr-FR"},{"@type":"Organization","@id":"https:\/\/www.iplay.com\/en\/#organization","name":"IPlay","url":"https:\/\/www.iplay.com\/en\/","logo":{"@type":"ImageObject","inLanguage":"fr-FR","@id":"https:\/\/www.iplay.com\/en\/#\/schema\/logo\/image\/","url":"https:\/\/www.iplay.com\/wp-content\/uploads\/2023\/11\/Group-6100.svg","contentUrl":"https:\/\/www.iplay.com\/wp-content\/uploads\/2023\/11\/Group-6100.svg","width":98,"height":25,"caption":"IPlay"},"image":{"@id":"https:\/\/www.iplay.com\/en\/#\/schema\/logo\/image\/"}}]}},"_links":{"self":[{"href":"https:\/\/www.iplay.com\/fr\/wp-json\/wp\/v2\/product\/135364","targetHints":{"allow":["GET"]}}],"collection":[{"href":"https:\/\/www.iplay.com\/fr\/wp-json\/wp\/v2\/product"}],"about":[{"href":"https:\/\/www.iplay.com\/fr\/wp-json\/wp\/v2\/types\/product"}],"author":[{"embeddable":true,"href":"https:\/\/www.iplay.com\/fr\/wp-json\/wp\/v2\/users\/13"}],"replies":[{"embeddable":true,"href":"https:\/\/www.iplay.com\/fr\/wp-json\/wp\/v2\/comments?post=135364"}],"wp:featuredmedia":[{"embeddable":true,"href":"https:\/\/www.iplay.com\/fr\/wp-json\/wp\/v2\/media\/77880"}],"wp:attachment":[{"href":"https:\/\/www.iplay.com\/fr\/wp-json\/wp\/v2\/media?parent=135364"}],"wp:term":[{"taxonomy":"product_brand","embeddable":true,"href":"https:\/\/www.iplay.com\/fr\/wp-json\/wp\/v2\/product_brand?post=135364"},{"taxonomy":"product_cat","embeddable":true,"href":"https:\/\/www.iplay.com\/fr\/wp-json\/wp\/v2\/product_cat?post=135364"},{"taxonomy":"product_tag","embeddable":true,"href":"https:\/\/www.iplay.com\/fr\/wp-json\/wp\/v2\/product_tag?post=135364"}],"curies":[{"name":"wp","href":"https:\/\/api.w.org\/{rel}","templated":true}]}}