{"id":135334,"date":"2022-05-27T00:00:00","date_gmt":"2022-05-27T00:00:00","guid":{"rendered":"https:\/\/www.iplay.com\/games\/cheshires-wonderland-dire-adventure-collectors-edition\/"},"modified":"2022-05-27T00:00:00","modified_gmt":"2022-05-27T00:00:00","slug":"cheshires-wonderland-dire-adventure-collectors-edition","status":"publish","type":"product","link":"https:\/\/www.iplay.com\/fr\/games\/cheshires-wonderland-dire-adventure-collectors-edition\/","title":{"rendered":"Cheshires Wonderland &#8211; Dire Adventure Collectors Edition"},"content":{"rendered":"<p>Alice pourra-t-elle revenir \u00e0 la rescousse ? Le ciel est rempli d\u2019une \u00e9paisse fum\u00e9e manufacturi\u00e8re, qui prive le pays des merveilles et ses habitants de leur \u00e9merveillement. Les plans de M. Hog pour conqu\u00e9rir le pays des merveilles deviennent r\u00e9alit\u00e9 \u00e0 mesure que son empire industriel clandestin se d\u00e9veloppe. Nous devons demander de l\u2019aide \u00e0 Alice, comme le veut la tradition ! Comment voulez-vous dire qu\u2019Alice ne peut pas \u00eatre appel\u00e9e ? Il semble que les citoyens du pays des merveilles devront r\u00e9soudre leurs probl\u00e8mes cette fois-ci. Avec l\u2019aide d\u2019anciens et de nouveaux amis, le chat du Cheshire est le premier \u00e0 se porter volontaire pour ce voyage dangereux ! Avant que les prairies \u00e0 feuilles persistantes ne deviennent de sombres terres d\u00e9sol\u00e9es, explorez les profondeurs cach\u00e9es du pays des merveilles et arr\u00eatez les plans d\u00e9vastateurs du m\u00e9chant.       <\/p>\n<p>&nbsp;<\/p>\n<p>&nbsp;<\/p>\n<p><strong>Fonctionnalit\u00e9s:<\/strong><\/p>\n<p>&nbsp;<\/p>\n<p>-10 niveaux suppl\u00e9mentaires pour 60 minutes de jeu suppl\u00e9mentaires !<\/p>\n<p>&#8211; Jeux de figurines suppl\u00e9mentaires<\/p>\n<p>&#8211; Un assortiment d\u2019\u0153uvres d\u2019art imprimables<\/p>\n<p>&#8211; Quatre nouveaux succ\u00e8s et qu\u00eates bonus.<\/p>\n<p>&#8211; Un manuel de strat\u00e9gie complet couvrant 50 niveaux<\/p>\n","protected":false},"excerpt":{"rendered":"<p>Cette fois, aidez les habitants du pays des merveilles \u00e0 r\u00e9soudre leurs propres probl\u00e8mes !<\/p>\n","protected":false},"author":53,"featured_media":77016,"comment_status":"open","ping_status":"closed","template":"","meta":{"_acf_changed":false,"inline_featured_image":false},"product_brand":[],"product_cat":[216],"product_tag":[287],"class_list":{"0":"post-135334","1":"product","2":"type-product","3":"status-publish","4":"has-post-thumbnail","6":"product_cat-time-management-fr","7":"product_tag-play-on-pc-fr","9":"first","10":"instock","11":"shipping-taxable","12":"purchasable","13":"product-type-simple"},"acf":[],"yoast_head":"<!-- This site is optimized with the Yoast SEO Premium plugin v25.2 (Yoast SEO v25.2) - https:\/\/yoast.com\/wordpress\/plugins\/seo\/ -->\n<title>Cheshires Wonderland - Terrible Adventure \u00c9dition Collector - R\u00e9solvez les probl\u00e8mes qui affligent les habitants du Pays des Merveilles<\/title>\n<meta name=\"description\" content=\"Cette fois, aidez les habitants du pays des merveilles \u00e0 r\u00e9soudre leurs propres probl\u00e8mes !\" \/>\n<meta name=\"robots\" content=\"index, follow, max-snippet:-1, max-image-preview:large, max-video-preview:-1\" \/>\n<link rel=\"canonical\" href=\"https:\/\/www.iplay.com\/fr\/games\/cheshires-wonderland-dire-adventure-collectors-edition\/\" \/>\n<meta property=\"og:locale\" content=\"fr_FR\" \/>\n<meta property=\"og:type\" content=\"article\" \/>\n<meta property=\"og:title\" content=\"Cheshires Wonderland - Dire Adventure Collectors Edition\" \/>\n<meta property=\"og:description\" content=\"Cette fois, aidez les habitants du pays des merveilles \u00e0 r\u00e9soudre leurs propres probl\u00e8mes !\" \/>\n<meta property=\"og:url\" content=\"https:\/\/www.iplay.com\/fr\/games\/cheshires-wonderland-dire-adventure-collectors-edition\/\" \/>\n<meta property=\"og:site_name\" content=\"IPlay\" \/>\n<meta property=\"og:image\" content=\"https:\/\/www.iplay.com\/wp-content\/uploads\/2023\/12\/large_square_tile_image-2311.jpg\" \/>\n\t<meta property=\"og:image:width\" content=\"310\" \/>\n\t<meta property=\"og:image:height\" content=\"310\" \/>\n\t<meta property=\"og:image:type\" content=\"image\/jpeg\" \/>\n<meta name=\"twitter:card\" content=\"summary_large_image\" \/>\n<meta name=\"twitter:label1\" content=\"Dur\u00e9e de lecture estim\u00e9e\" \/>\n\t<meta name=\"twitter:data1\" content=\"1 minute\" \/>\n<script type=\"application\/ld+json\" class=\"yoast-schema-graph\">{\"@context\":\"https:\/\/schema.org\",\"@graph\":[{\"@type\":\"WebPage\",\"@id\":\"https:\/\/www.iplay.com\/fr\/games\/cheshires-wonderland-dire-adventure-collectors-edition\/\",\"url\":\"https:\/\/www.iplay.com\/fr\/games\/cheshires-wonderland-dire-adventure-collectors-edition\/\",\"name\":\"Cheshires Wonderland - Terrible Adventure \u00c9dition Collector - R\u00e9solvez les probl\u00e8mes qui affligent les habitants du Pays des Merveilles\",\"isPartOf\":{\"@id\":\"https:\/\/www.iplay.com\/en\/#website\"},\"primaryImageOfPage\":{\"@id\":\"https:\/\/www.iplay.com\/fr\/games\/cheshires-wonderland-dire-adventure-collectors-edition\/#primaryimage\"},\"image\":{\"@id\":\"https:\/\/www.iplay.com\/fr\/games\/cheshires-wonderland-dire-adventure-collectors-edition\/#primaryimage\"},\"thumbnailUrl\":\"https:\/\/www.iplay.com\/wp-content\/uploads\/2023\/12\/large_square_tile_image-2311.jpg\",\"datePublished\":\"2022-05-27T00:00:00+00:00\",\"description\":\"Cette fois, aidez les habitants du pays des merveilles \u00e0 r\u00e9soudre leurs propres probl\u00e8mes !\",\"breadcrumb\":{\"@id\":\"https:\/\/www.iplay.com\/fr\/games\/cheshires-wonderland-dire-adventure-collectors-edition\/#breadcrumb\"},\"inLanguage\":\"fr-FR\",\"potentialAction\":[{\"@type\":\"ReadAction\",\"target\":[\"https:\/\/www.iplay.com\/fr\/games\/cheshires-wonderland-dire-adventure-collectors-edition\/\"]}]},{\"@type\":\"ImageObject\",\"inLanguage\":\"fr-FR\",\"@id\":\"https:\/\/www.iplay.com\/fr\/games\/cheshires-wonderland-dire-adventure-collectors-edition\/#primaryimage\",\"url\":\"https:\/\/www.iplay.com\/wp-content\/uploads\/2023\/12\/large_square_tile_image-2311.jpg\",\"contentUrl\":\"https:\/\/www.iplay.com\/wp-content\/uploads\/2023\/12\/large_square_tile_image-2311.jpg\",\"width\":310,\"height\":310},{\"@type\":\"BreadcrumbList\",\"@id\":\"https:\/\/www.iplay.com\/fr\/games\/cheshires-wonderland-dire-adventure-collectors-edition\/#breadcrumb\",\"itemListElement\":[{\"@type\":\"ListItem\",\"position\":1,\"name\":\"Home\",\"item\":\"https:\/\/www.iplay.com\/fr\/home-page-2\/\"},{\"@type\":\"ListItem\",\"position\":2,\"name\":\"Shop\",\"item\":\"https:\/\/www.iplay.com\/en\/shop\/\"},{\"@type\":\"ListItem\",\"position\":3,\"name\":\"Cheshires Wonderland &#8211; Dire Adventure Collectors Edition\"}]},{\"@type\":\"WebSite\",\"@id\":\"https:\/\/www.iplay.com\/en\/#website\",\"url\":\"https:\/\/www.iplay.com\/en\/\",\"name\":\"IPlay\",\"description\":\"The Best Casual Games!\",\"publisher\":{\"@id\":\"https:\/\/www.iplay.com\/en\/#organization\"},\"potentialAction\":[{\"@type\":\"SearchAction\",\"target\":{\"@type\":\"EntryPoint\",\"urlTemplate\":\"https:\/\/www.iplay.com\/en\/?s={search_term_string}\"},\"query-input\":{\"@type\":\"PropertyValueSpecification\",\"valueRequired\":true,\"valueName\":\"search_term_string\"}}],\"inLanguage\":\"fr-FR\"},{\"@type\":\"Organization\",\"@id\":\"https:\/\/www.iplay.com\/en\/#organization\",\"name\":\"IPlay\",\"url\":\"https:\/\/www.iplay.com\/en\/\",\"logo\":{\"@type\":\"ImageObject\",\"inLanguage\":\"fr-FR\",\"@id\":\"https:\/\/www.iplay.com\/en\/#\/schema\/logo\/image\/\",\"url\":\"https:\/\/www.iplay.com\/wp-content\/uploads\/2023\/11\/Group-6100.svg\",\"contentUrl\":\"https:\/\/www.iplay.com\/wp-content\/uploads\/2023\/11\/Group-6100.svg\",\"width\":98,\"height\":25,\"caption\":\"IPlay\"},\"image\":{\"@id\":\"https:\/\/www.iplay.com\/en\/#\/schema\/logo\/image\/\"}}]}<\/script>\n<!-- \/ Yoast SEO Premium plugin. -->","yoast_head_json":{"title":"Cheshires Wonderland - Terrible Adventure \u00c9dition Collector - R\u00e9solvez les probl\u00e8mes qui affligent les habitants du Pays des Merveilles","description":"Cette fois, aidez les habitants du pays des merveilles \u00e0 r\u00e9soudre leurs propres probl\u00e8mes !","robots":{"index":"index","follow":"follow","max-snippet":"max-snippet:-1","max-image-preview":"max-image-preview:large","max-video-preview":"max-video-preview:-1"},"canonical":"https:\/\/www.iplay.com\/fr\/games\/cheshires-wonderland-dire-adventure-collectors-edition\/","og_locale":"fr_FR","og_type":"article","og_title":"Cheshires Wonderland - Dire Adventure Collectors Edition","og_description":"Cette fois, aidez les habitants du pays des merveilles \u00e0 r\u00e9soudre leurs propres probl\u00e8mes !","og_url":"https:\/\/www.iplay.com\/fr\/games\/cheshires-wonderland-dire-adventure-collectors-edition\/","og_site_name":"IPlay","og_image":[{"width":310,"height":310,"url":"https:\/\/www.iplay.com\/wp-content\/uploads\/2023\/12\/large_square_tile_image-2311.jpg","type":"image\/jpeg"}],"twitter_card":"summary_large_image","twitter_misc":{"Dur\u00e9e de lecture estim\u00e9e":"1 minute"},"schema":{"@context":"https:\/\/schema.org","@graph":[{"@type":"WebPage","@id":"https:\/\/www.iplay.com\/fr\/games\/cheshires-wonderland-dire-adventure-collectors-edition\/","url":"https:\/\/www.iplay.com\/fr\/games\/cheshires-wonderland-dire-adventure-collectors-edition\/","name":"Cheshires Wonderland - Terrible Adventure \u00c9dition Collector - R\u00e9solvez les probl\u00e8mes qui affligent les habitants du Pays des Merveilles","isPartOf":{"@id":"https:\/\/www.iplay.com\/en\/#website"},"primaryImageOfPage":{"@id":"https:\/\/www.iplay.com\/fr\/games\/cheshires-wonderland-dire-adventure-collectors-edition\/#primaryimage"},"image":{"@id":"https:\/\/www.iplay.com\/fr\/games\/cheshires-wonderland-dire-adventure-collectors-edition\/#primaryimage"},"thumbnailUrl":"https:\/\/www.iplay.com\/wp-content\/uploads\/2023\/12\/large_square_tile_image-2311.jpg","datePublished":"2022-05-27T00:00:00+00:00","description":"Cette fois, aidez les habitants du pays des merveilles \u00e0 r\u00e9soudre leurs propres probl\u00e8mes !","breadcrumb":{"@id":"https:\/\/www.iplay.com\/fr\/games\/cheshires-wonderland-dire-adventure-collectors-edition\/#breadcrumb"},"inLanguage":"fr-FR","potentialAction":[{"@type":"ReadAction","target":["https:\/\/www.iplay.com\/fr\/games\/cheshires-wonderland-dire-adventure-collectors-edition\/"]}]},{"@type":"ImageObject","inLanguage":"fr-FR","@id":"https:\/\/www.iplay.com\/fr\/games\/cheshires-wonderland-dire-adventure-collectors-edition\/#primaryimage","url":"https:\/\/www.iplay.com\/wp-content\/uploads\/2023\/12\/large_square_tile_image-2311.jpg","contentUrl":"https:\/\/www.iplay.com\/wp-content\/uploads\/2023\/12\/large_square_tile_image-2311.jpg","width":310,"height":310},{"@type":"BreadcrumbList","@id":"https:\/\/www.iplay.com\/fr\/games\/cheshires-wonderland-dire-adventure-collectors-edition\/#breadcrumb","itemListElement":[{"@type":"ListItem","position":1,"name":"Home","item":"https:\/\/www.iplay.com\/fr\/home-page-2\/"},{"@type":"ListItem","position":2,"name":"Shop","item":"https:\/\/www.iplay.com\/en\/shop\/"},{"@type":"ListItem","position":3,"name":"Cheshires Wonderland &#8211; Dire Adventure Collectors Edition"}]},{"@type":"WebSite","@id":"https:\/\/www.iplay.com\/en\/#website","url":"https:\/\/www.iplay.com\/en\/","name":"IPlay","description":"The Best Casual Games!","publisher":{"@id":"https:\/\/www.iplay.com\/en\/#organization"},"potentialAction":[{"@type":"SearchAction","target":{"@type":"EntryPoint","urlTemplate":"https:\/\/www.iplay.com\/en\/?s={search_term_string}"},"query-input":{"@type":"PropertyValueSpecification","valueRequired":true,"valueName":"search_term_string"}}],"inLanguage":"fr-FR"},{"@type":"Organization","@id":"https:\/\/www.iplay.com\/en\/#organization","name":"IPlay","url":"https:\/\/www.iplay.com\/en\/","logo":{"@type":"ImageObject","inLanguage":"fr-FR","@id":"https:\/\/www.iplay.com\/en\/#\/schema\/logo\/image\/","url":"https:\/\/www.iplay.com\/wp-content\/uploads\/2023\/11\/Group-6100.svg","contentUrl":"https:\/\/www.iplay.com\/wp-content\/uploads\/2023\/11\/Group-6100.svg","width":98,"height":25,"caption":"IPlay"},"image":{"@id":"https:\/\/www.iplay.com\/en\/#\/schema\/logo\/image\/"}}]}},"_links":{"self":[{"href":"https:\/\/www.iplay.com\/fr\/wp-json\/wp\/v2\/product\/135334","targetHints":{"allow":["GET"]}}],"collection":[{"href":"https:\/\/www.iplay.com\/fr\/wp-json\/wp\/v2\/product"}],"about":[{"href":"https:\/\/www.iplay.com\/fr\/wp-json\/wp\/v2\/types\/product"}],"author":[{"embeddable":true,"href":"https:\/\/www.iplay.com\/fr\/wp-json\/wp\/v2\/users\/53"}],"replies":[{"embeddable":true,"href":"https:\/\/www.iplay.com\/fr\/wp-json\/wp\/v2\/comments?post=135334"}],"wp:featuredmedia":[{"embeddable":true,"href":"https:\/\/www.iplay.com\/fr\/wp-json\/wp\/v2\/media\/77016"}],"wp:attachment":[{"href":"https:\/\/www.iplay.com\/fr\/wp-json\/wp\/v2\/media?parent=135334"}],"wp:term":[{"taxonomy":"product_brand","embeddable":true,"href":"https:\/\/www.iplay.com\/fr\/wp-json\/wp\/v2\/product_brand?post=135334"},{"taxonomy":"product_cat","embeddable":true,"href":"https:\/\/www.iplay.com\/fr\/wp-json\/wp\/v2\/product_cat?post=135334"},{"taxonomy":"product_tag","embeddable":true,"href":"https:\/\/www.iplay.com\/fr\/wp-json\/wp\/v2\/product_tag?post=135334"}],"curies":[{"name":"wp","href":"https:\/\/api.w.org\/{rel}","templated":true}]}}