{"id":135302,"date":"2019-11-19T00:00:00","date_gmt":"2019-11-19T00:00:00","guid":{"rendered":"https:\/\/www.iplay.com\/games\/family-mysteries-poisonous-promises-collectors-edition\/"},"modified":"2019-11-19T00:00:00","modified_gmt":"2019-11-19T00:00:00","slug":"family-mysteries-poisonous-promises-collectors-edition","status":"publish","type":"product","link":"https:\/\/www.iplay.com\/fr\/games\/family-mysteries-poisonous-promises-collectors-edition\/","title":{"rendered":"Family Mysteries: Poisonous Promises Collector&#8217;s Edition"},"content":{"rendered":"<p>La c\u00e9l\u00e8bre d\u00e9tective de police Emma Emerson est appel\u00e9e \u00e0 enqu\u00eater sur une affaire de noyade particuli\u00e8re en raison de son exp\u00e9rience. Elle n\u2019avait aucune id\u00e9e que retracer la piste laiss\u00e9e par un seul noy\u00e9 tragique l\u2019am\u00e8nerait \u00e0 r\u00e9soudre la plus grande enqu\u00eate sur un meurtre qu\u2019elle ait jamais examin\u00e9e. Emma peut-elle r\u00e9soudre le crime et \u00e9liminer les \u00e9l\u00e9ments toxiques de ce myst\u00e8re familial ? Pour en savoir plus, consultez Poisonous Promises&nbsp;: Family Mysteries !   <\/p>\n<p>&nbsp;<\/p>\n<p>&nbsp;<\/p>\n<p><strong>Fonctionnalit\u00e9s:<\/strong><\/p>\n<p>&nbsp;<\/p>\n<p>&#8211; Gameplay<br \/>\n int\u00e9ressant d\u2019objets cach\u00e9s- Simple \u00e0 prendre en main et \u00e0 jouer<br \/>\n&#8211; D\u00e9couvrez plusieurs lieux \u00e9poustouflants<\/p>\n","protected":false},"excerpt":{"rendered":"<p>R\u00e9pondez \u00e0 une demande d\u2019aide re\u00e7ue tard dans la nuit dans Family Mysteries&nbsp;: Poisonous Promises.<\/p>\n","protected":false},"author":118,"featured_media":92116,"comment_status":"open","ping_status":"closed","template":"","meta":{"_acf_changed":false,"inline_featured_image":false},"product_brand":[],"product_cat":[165,202],"product_tag":[287],"class_list":{"0":"post-135302","1":"product","2":"type-product","3":"status-publish","4":"has-post-thumbnail","6":"product_cat-hidden-object-fr","7":"product_cat-removed-content-fr","8":"product_tag-play-on-pc-fr","10":"first","11":"instock","12":"shipping-taxable","13":"purchasable","14":"product-type-simple"},"acf":[],"yoast_head":"<!-- This site is optimized with the Yoast SEO Premium plugin v25.2 (Yoast SEO v25.2) - https:\/\/yoast.com\/wordpress\/plugins\/seo\/ -->\n<title>Family Mysteries\u00a0: Poisonous Promises Collector\u2019s Edition - Osez-vous r\u00e9pondre \u00e0 un appel \u00e0 l\u2019aide tard dans la nuit<\/title>\n<meta name=\"description\" content=\"R\u00e9pondez \u00e0 une demande d\u2019aide re\u00e7ue tard dans la nuit dans Family Mysteries&nbsp;: Poisonous Promises.\" \/>\n<meta name=\"robots\" content=\"index, follow, max-snippet:-1, max-image-preview:large, max-video-preview:-1\" \/>\n<link rel=\"canonical\" href=\"https:\/\/www.iplay.com\/fr\/games\/family-mysteries-poisonous-promises-collectors-edition\/\" \/>\n<meta property=\"og:locale\" content=\"fr_FR\" \/>\n<meta property=\"og:type\" content=\"article\" \/>\n<meta property=\"og:title\" content=\"Family Mysteries: Poisonous Promises Collector&#039;s Edition\" \/>\n<meta property=\"og:description\" content=\"R\u00e9pondez \u00e0 une demande d\u2019aide re\u00e7ue tard dans la nuit dans Family Mysteries&nbsp;: Poisonous Promises.\" \/>\n<meta property=\"og:url\" content=\"https:\/\/www.iplay.com\/fr\/games\/family-mysteries-poisonous-promises-collectors-edition\/\" \/>\n<meta property=\"og:site_name\" content=\"IPlay\" \/>\n<meta property=\"og:image\" content=\"https:\/\/www.iplay.com\/wp-content\/uploads\/2023\/12\/large_square_tile_image-3273.jpg\" \/>\n\t<meta property=\"og:image:width\" content=\"310\" \/>\n\t<meta property=\"og:image:height\" content=\"310\" \/>\n\t<meta property=\"og:image:type\" content=\"image\/jpeg\" \/>\n<meta name=\"twitter:card\" content=\"summary_large_image\" \/>\n<meta name=\"twitter:label1\" content=\"Dur\u00e9e de lecture estim\u00e9e\" \/>\n\t<meta name=\"twitter:data1\" content=\"1 minute\" \/>\n<script type=\"application\/ld+json\" class=\"yoast-schema-graph\">{\"@context\":\"https:\/\/schema.org\",\"@graph\":[{\"@type\":\"WebPage\",\"@id\":\"https:\/\/www.iplay.com\/fr\/games\/family-mysteries-poisonous-promises-collectors-edition\/\",\"url\":\"https:\/\/www.iplay.com\/fr\/games\/family-mysteries-poisonous-promises-collectors-edition\/\",\"name\":\"Family Mysteries\u00a0: Poisonous Promises Collector\u2019s Edition - Osez-vous r\u00e9pondre \u00e0 un appel \u00e0 l\u2019aide tard dans la nuit\",\"isPartOf\":{\"@id\":\"https:\/\/www.iplay.com\/en\/#website\"},\"primaryImageOfPage\":{\"@id\":\"https:\/\/www.iplay.com\/fr\/games\/family-mysteries-poisonous-promises-collectors-edition\/#primaryimage\"},\"image\":{\"@id\":\"https:\/\/www.iplay.com\/fr\/games\/family-mysteries-poisonous-promises-collectors-edition\/#primaryimage\"},\"thumbnailUrl\":\"https:\/\/www.iplay.com\/wp-content\/uploads\/2023\/12\/large_square_tile_image-3273.jpg\",\"datePublished\":\"2019-11-19T00:00:00+00:00\",\"description\":\"R\u00e9pondez \u00e0 une demande d\u2019aide re\u00e7ue tard dans la nuit dans Family Mysteries&nbsp;: Poisonous Promises.\",\"breadcrumb\":{\"@id\":\"https:\/\/www.iplay.com\/fr\/games\/family-mysteries-poisonous-promises-collectors-edition\/#breadcrumb\"},\"inLanguage\":\"fr-FR\",\"potentialAction\":[{\"@type\":\"ReadAction\",\"target\":[\"https:\/\/www.iplay.com\/fr\/games\/family-mysteries-poisonous-promises-collectors-edition\/\"]}]},{\"@type\":\"ImageObject\",\"inLanguage\":\"fr-FR\",\"@id\":\"https:\/\/www.iplay.com\/fr\/games\/family-mysteries-poisonous-promises-collectors-edition\/#primaryimage\",\"url\":\"https:\/\/www.iplay.com\/wp-content\/uploads\/2023\/12\/large_square_tile_image-3273.jpg\",\"contentUrl\":\"https:\/\/www.iplay.com\/wp-content\/uploads\/2023\/12\/large_square_tile_image-3273.jpg\",\"width\":310,\"height\":310},{\"@type\":\"BreadcrumbList\",\"@id\":\"https:\/\/www.iplay.com\/fr\/games\/family-mysteries-poisonous-promises-collectors-edition\/#breadcrumb\",\"itemListElement\":[{\"@type\":\"ListItem\",\"position\":1,\"name\":\"Home\",\"item\":\"https:\/\/www.iplay.com\/fr\/home-page-2\/\"},{\"@type\":\"ListItem\",\"position\":2,\"name\":\"Shop\",\"item\":\"https:\/\/www.iplay.com\/en\/shop\/\"},{\"@type\":\"ListItem\",\"position\":3,\"name\":\"Family Mysteries: Poisonous Promises Collector&#8217;s Edition\"}]},{\"@type\":\"WebSite\",\"@id\":\"https:\/\/www.iplay.com\/en\/#website\",\"url\":\"https:\/\/www.iplay.com\/en\/\",\"name\":\"IPlay\",\"description\":\"The Best Casual Games!\",\"publisher\":{\"@id\":\"https:\/\/www.iplay.com\/en\/#organization\"},\"potentialAction\":[{\"@type\":\"SearchAction\",\"target\":{\"@type\":\"EntryPoint\",\"urlTemplate\":\"https:\/\/www.iplay.com\/en\/?s={search_term_string}\"},\"query-input\":{\"@type\":\"PropertyValueSpecification\",\"valueRequired\":true,\"valueName\":\"search_term_string\"}}],\"inLanguage\":\"fr-FR\"},{\"@type\":\"Organization\",\"@id\":\"https:\/\/www.iplay.com\/en\/#organization\",\"name\":\"IPlay\",\"url\":\"https:\/\/www.iplay.com\/en\/\",\"logo\":{\"@type\":\"ImageObject\",\"inLanguage\":\"fr-FR\",\"@id\":\"https:\/\/www.iplay.com\/en\/#\/schema\/logo\/image\/\",\"url\":\"https:\/\/www.iplay.com\/wp-content\/uploads\/2023\/11\/Group-6100.svg\",\"contentUrl\":\"https:\/\/www.iplay.com\/wp-content\/uploads\/2023\/11\/Group-6100.svg\",\"width\":98,\"height\":25,\"caption\":\"IPlay\"},\"image\":{\"@id\":\"https:\/\/www.iplay.com\/en\/#\/schema\/logo\/image\/\"}}]}<\/script>\n<!-- \/ Yoast SEO Premium plugin. -->","yoast_head_json":{"title":"Family Mysteries\u00a0: Poisonous Promises Collector\u2019s Edition - Osez-vous r\u00e9pondre \u00e0 un appel \u00e0 l\u2019aide tard dans la nuit","description":"R\u00e9pondez \u00e0 une demande d\u2019aide re\u00e7ue tard dans la nuit dans Family Mysteries&nbsp;: Poisonous Promises.","robots":{"index":"index","follow":"follow","max-snippet":"max-snippet:-1","max-image-preview":"max-image-preview:large","max-video-preview":"max-video-preview:-1"},"canonical":"https:\/\/www.iplay.com\/fr\/games\/family-mysteries-poisonous-promises-collectors-edition\/","og_locale":"fr_FR","og_type":"article","og_title":"Family Mysteries: Poisonous Promises Collector's Edition","og_description":"R\u00e9pondez \u00e0 une demande d\u2019aide re\u00e7ue tard dans la nuit dans Family Mysteries&nbsp;: Poisonous Promises.","og_url":"https:\/\/www.iplay.com\/fr\/games\/family-mysteries-poisonous-promises-collectors-edition\/","og_site_name":"IPlay","og_image":[{"width":310,"height":310,"url":"https:\/\/www.iplay.com\/wp-content\/uploads\/2023\/12\/large_square_tile_image-3273.jpg","type":"image\/jpeg"}],"twitter_card":"summary_large_image","twitter_misc":{"Dur\u00e9e de lecture estim\u00e9e":"1 minute"},"schema":{"@context":"https:\/\/schema.org","@graph":[{"@type":"WebPage","@id":"https:\/\/www.iplay.com\/fr\/games\/family-mysteries-poisonous-promises-collectors-edition\/","url":"https:\/\/www.iplay.com\/fr\/games\/family-mysteries-poisonous-promises-collectors-edition\/","name":"Family Mysteries\u00a0: Poisonous Promises Collector\u2019s Edition - Osez-vous r\u00e9pondre \u00e0 un appel \u00e0 l\u2019aide tard dans la nuit","isPartOf":{"@id":"https:\/\/www.iplay.com\/en\/#website"},"primaryImageOfPage":{"@id":"https:\/\/www.iplay.com\/fr\/games\/family-mysteries-poisonous-promises-collectors-edition\/#primaryimage"},"image":{"@id":"https:\/\/www.iplay.com\/fr\/games\/family-mysteries-poisonous-promises-collectors-edition\/#primaryimage"},"thumbnailUrl":"https:\/\/www.iplay.com\/wp-content\/uploads\/2023\/12\/large_square_tile_image-3273.jpg","datePublished":"2019-11-19T00:00:00+00:00","description":"R\u00e9pondez \u00e0 une demande d\u2019aide re\u00e7ue tard dans la nuit dans Family Mysteries&nbsp;: Poisonous Promises.","breadcrumb":{"@id":"https:\/\/www.iplay.com\/fr\/games\/family-mysteries-poisonous-promises-collectors-edition\/#breadcrumb"},"inLanguage":"fr-FR","potentialAction":[{"@type":"ReadAction","target":["https:\/\/www.iplay.com\/fr\/games\/family-mysteries-poisonous-promises-collectors-edition\/"]}]},{"@type":"ImageObject","inLanguage":"fr-FR","@id":"https:\/\/www.iplay.com\/fr\/games\/family-mysteries-poisonous-promises-collectors-edition\/#primaryimage","url":"https:\/\/www.iplay.com\/wp-content\/uploads\/2023\/12\/large_square_tile_image-3273.jpg","contentUrl":"https:\/\/www.iplay.com\/wp-content\/uploads\/2023\/12\/large_square_tile_image-3273.jpg","width":310,"height":310},{"@type":"BreadcrumbList","@id":"https:\/\/www.iplay.com\/fr\/games\/family-mysteries-poisonous-promises-collectors-edition\/#breadcrumb","itemListElement":[{"@type":"ListItem","position":1,"name":"Home","item":"https:\/\/www.iplay.com\/fr\/home-page-2\/"},{"@type":"ListItem","position":2,"name":"Shop","item":"https:\/\/www.iplay.com\/en\/shop\/"},{"@type":"ListItem","position":3,"name":"Family Mysteries: Poisonous Promises Collector&#8217;s Edition"}]},{"@type":"WebSite","@id":"https:\/\/www.iplay.com\/en\/#website","url":"https:\/\/www.iplay.com\/en\/","name":"IPlay","description":"The Best Casual Games!","publisher":{"@id":"https:\/\/www.iplay.com\/en\/#organization"},"potentialAction":[{"@type":"SearchAction","target":{"@type":"EntryPoint","urlTemplate":"https:\/\/www.iplay.com\/en\/?s={search_term_string}"},"query-input":{"@type":"PropertyValueSpecification","valueRequired":true,"valueName":"search_term_string"}}],"inLanguage":"fr-FR"},{"@type":"Organization","@id":"https:\/\/www.iplay.com\/en\/#organization","name":"IPlay","url":"https:\/\/www.iplay.com\/en\/","logo":{"@type":"ImageObject","inLanguage":"fr-FR","@id":"https:\/\/www.iplay.com\/en\/#\/schema\/logo\/image\/","url":"https:\/\/www.iplay.com\/wp-content\/uploads\/2023\/11\/Group-6100.svg","contentUrl":"https:\/\/www.iplay.com\/wp-content\/uploads\/2023\/11\/Group-6100.svg","width":98,"height":25,"caption":"IPlay"},"image":{"@id":"https:\/\/www.iplay.com\/en\/#\/schema\/logo\/image\/"}}]}},"_links":{"self":[{"href":"https:\/\/www.iplay.com\/fr\/wp-json\/wp\/v2\/product\/135302","targetHints":{"allow":["GET"]}}],"collection":[{"href":"https:\/\/www.iplay.com\/fr\/wp-json\/wp\/v2\/product"}],"about":[{"href":"https:\/\/www.iplay.com\/fr\/wp-json\/wp\/v2\/types\/product"}],"author":[{"embeddable":true,"href":"https:\/\/www.iplay.com\/fr\/wp-json\/wp\/v2\/users\/118"}],"replies":[{"embeddable":true,"href":"https:\/\/www.iplay.com\/fr\/wp-json\/wp\/v2\/comments?post=135302"}],"wp:featuredmedia":[{"embeddable":true,"href":"https:\/\/www.iplay.com\/fr\/wp-json\/wp\/v2\/media\/92116"}],"wp:attachment":[{"href":"https:\/\/www.iplay.com\/fr\/wp-json\/wp\/v2\/media?parent=135302"}],"wp:term":[{"taxonomy":"product_brand","embeddable":true,"href":"https:\/\/www.iplay.com\/fr\/wp-json\/wp\/v2\/product_brand?post=135302"},{"taxonomy":"product_cat","embeddable":true,"href":"https:\/\/www.iplay.com\/fr\/wp-json\/wp\/v2\/product_cat?post=135302"},{"taxonomy":"product_tag","embeddable":true,"href":"https:\/\/www.iplay.com\/fr\/wp-json\/wp\/v2\/product_tag?post=135302"}],"curies":[{"name":"wp","href":"https:\/\/api.w.org\/{rel}","templated":true}]}}