{"id":135285,"date":"2019-12-02T00:00:00","date_gmt":"2019-12-02T00:00:00","guid":{"rendered":"https:\/\/www.iplay.com\/games\/christmas-stories-alices-adventures-collectors-edition\/"},"modified":"2019-12-02T00:00:00","modified_gmt":"2019-12-02T00:00:00","slug":"christmas-stories-alices-adventures-collectors-edition","status":"publish","type":"product","link":"https:\/\/www.iplay.com\/fr\/games\/christmas-stories-alices-adventures-collectors-edition\/","title":{"rendered":"Christmas Stories: Alice&#8217;s Adventures Collector&#8217;s Edition"},"content":{"rendered":"<p>Savourez le joyeux voyage \u00e0 venir dans la s\u00e9rie <em>des ch\u00e8res histoires de No\u00ebl<\/em> ! Le texte se lit comme suit : Alors que vous profitez de votre No\u00ebl, le lapin blanc du pays des merveilles s\u2019approche de vous pour vous demander de l\u2019aide ! Pourquoi l\u2019esprit de No\u00ebl dispara\u00eet-il du monde ? Rejoignez-nous pour un voyage agr\u00e9able alors que nous ramenons le bonheur dans le monde en ramenant les personnages du Pays des Merveilles \u00e0 l\u2019\u00e9quilibre ! D\u00e9couvrez de nouveaux lieux avec des personnages bien connus dans ce jeu d\u2019aventure captivant de puzzle d\u2019objets cach\u00e9s !    <\/p>\n<p>&nbsp;<\/p>\n<p>&nbsp;<\/p>\n<p><strong>Fonctionnalit\u00e9s:<\/strong><\/p>\n<p>&nbsp;<\/p>\n<p>&#8211; Enqu\u00eatez sur une autre histoire traditionnelle de No\u00ebl dans le jeu bonus !<\/p>\n<p>&#8211; Rejouez les mini-jeux et les SOC !<\/p>\n<p>&#8211; Terminez vos objets de collection et vos r\u00e9alisations !<\/p>\n<p>&#8211; Appr\u00e9ciez la musique exclusive, les \u0153uvres d\u2019art et d\u2019autres contenus originaux !<\/p>\n<p>&#8211; \u00c9vitez de vous perdre en utilisant le guide de strat\u00e9gie !<\/p>\n","protected":false},"excerpt":{"rendered":"<p>Redonnez de la joie au monde ! L\u2019\u00e9dition collector des Contes de No\u00ebl : Les Aventures d\u2019Alice <\/p>\n","protected":false},"author":17,"featured_media":84097,"comment_status":"open","ping_status":"closed","template":"","meta":{"_acf_changed":false,"inline_featured_image":false},"product_brand":[],"product_cat":[165],"product_tag":[287],"class_list":{"0":"post-135285","1":"product","2":"type-product","3":"status-publish","4":"has-post-thumbnail","6":"product_cat-hidden-object-fr","7":"product_tag-play-on-pc-fr","9":"first","10":"instock","11":"shipping-taxable","12":"purchasable","13":"product-type-simple"},"acf":[],"yoast_head":"<!-- This site is optimized with the Yoast SEO Premium plugin v25.2 (Yoast SEO v25.2) - https:\/\/yoast.com\/wordpress\/plugins\/seo\/ -->\n<title>Histoires de No\u00ebl\u00a0: Les Aventures d\u2019Alice \u00c9dition Collector - Retrouvez la joie dans Histoires de No\u00ebl\u00a0: Les Aventures d\u2019Alice CE<\/title>\n<meta name=\"description\" content=\"Redonnez de la joie au monde ! L\u2019\u00e9dition collector des Contes de No\u00ebl : Les Aventures d\u2019Alice\" \/>\n<meta name=\"robots\" content=\"index, follow, max-snippet:-1, max-image-preview:large, max-video-preview:-1\" \/>\n<link rel=\"canonical\" href=\"https:\/\/www.iplay.com\/fr\/games\/christmas-stories-alices-adventures-collectors-edition\/\" \/>\n<meta property=\"og:locale\" content=\"fr_FR\" \/>\n<meta property=\"og:type\" content=\"article\" \/>\n<meta property=\"og:title\" content=\"Christmas Stories: Alice&#039;s Adventures Collector&#039;s Edition\" \/>\n<meta property=\"og:description\" content=\"Redonnez de la joie au monde ! L\u2019\u00e9dition collector des Contes de No\u00ebl : Les Aventures d\u2019Alice\" \/>\n<meta property=\"og:url\" content=\"https:\/\/www.iplay.com\/fr\/games\/christmas-stories-alices-adventures-collectors-edition\/\" \/>\n<meta property=\"og:site_name\" content=\"IPlay\" \/>\n<meta property=\"og:image\" content=\"https:\/\/www.iplay.com\/wp-content\/uploads\/2023\/12\/large_square_tile_image-2765.jpg\" \/>\n\t<meta property=\"og:image:width\" content=\"310\" \/>\n\t<meta property=\"og:image:height\" content=\"310\" \/>\n\t<meta property=\"og:image:type\" content=\"image\/jpeg\" \/>\n<meta name=\"twitter:card\" content=\"summary_large_image\" \/>\n<meta name=\"twitter:label1\" content=\"Dur\u00e9e de lecture estim\u00e9e\" \/>\n\t<meta name=\"twitter:data1\" content=\"1 minute\" \/>\n<script type=\"application\/ld+json\" class=\"yoast-schema-graph\">{\"@context\":\"https:\/\/schema.org\",\"@graph\":[{\"@type\":\"WebPage\",\"@id\":\"https:\/\/www.iplay.com\/fr\/games\/christmas-stories-alices-adventures-collectors-edition\/\",\"url\":\"https:\/\/www.iplay.com\/fr\/games\/christmas-stories-alices-adventures-collectors-edition\/\",\"name\":\"Histoires de No\u00ebl\u00a0: Les Aventures d\u2019Alice \u00c9dition Collector - Retrouvez la joie dans Histoires de No\u00ebl\u00a0: Les Aventures d\u2019Alice CE\",\"isPartOf\":{\"@id\":\"https:\/\/www.iplay.com\/en\/#website\"},\"primaryImageOfPage\":{\"@id\":\"https:\/\/www.iplay.com\/fr\/games\/christmas-stories-alices-adventures-collectors-edition\/#primaryimage\"},\"image\":{\"@id\":\"https:\/\/www.iplay.com\/fr\/games\/christmas-stories-alices-adventures-collectors-edition\/#primaryimage\"},\"thumbnailUrl\":\"https:\/\/www.iplay.com\/wp-content\/uploads\/2023\/12\/large_square_tile_image-2765.jpg\",\"datePublished\":\"2019-12-02T00:00:00+00:00\",\"description\":\"Redonnez de la joie au monde ! L\u2019\u00e9dition collector des Contes de No\u00ebl : Les Aventures d\u2019Alice\",\"breadcrumb\":{\"@id\":\"https:\/\/www.iplay.com\/fr\/games\/christmas-stories-alices-adventures-collectors-edition\/#breadcrumb\"},\"inLanguage\":\"fr-FR\",\"potentialAction\":[{\"@type\":\"ReadAction\",\"target\":[\"https:\/\/www.iplay.com\/fr\/games\/christmas-stories-alices-adventures-collectors-edition\/\"]}]},{\"@type\":\"ImageObject\",\"inLanguage\":\"fr-FR\",\"@id\":\"https:\/\/www.iplay.com\/fr\/games\/christmas-stories-alices-adventures-collectors-edition\/#primaryimage\",\"url\":\"https:\/\/www.iplay.com\/wp-content\/uploads\/2023\/12\/large_square_tile_image-2765.jpg\",\"contentUrl\":\"https:\/\/www.iplay.com\/wp-content\/uploads\/2023\/12\/large_square_tile_image-2765.jpg\",\"width\":310,\"height\":310},{\"@type\":\"BreadcrumbList\",\"@id\":\"https:\/\/www.iplay.com\/fr\/games\/christmas-stories-alices-adventures-collectors-edition\/#breadcrumb\",\"itemListElement\":[{\"@type\":\"ListItem\",\"position\":1,\"name\":\"Home\",\"item\":\"https:\/\/www.iplay.com\/fr\/home-page-2\/\"},{\"@type\":\"ListItem\",\"position\":2,\"name\":\"Shop\",\"item\":\"https:\/\/www.iplay.com\/en\/shop\/\"},{\"@type\":\"ListItem\",\"position\":3,\"name\":\"Christmas Stories: Alice&#8217;s Adventures Collector&#8217;s Edition\"}]},{\"@type\":\"WebSite\",\"@id\":\"https:\/\/www.iplay.com\/en\/#website\",\"url\":\"https:\/\/www.iplay.com\/en\/\",\"name\":\"IPlay\",\"description\":\"The Best Casual Games!\",\"publisher\":{\"@id\":\"https:\/\/www.iplay.com\/en\/#organization\"},\"potentialAction\":[{\"@type\":\"SearchAction\",\"target\":{\"@type\":\"EntryPoint\",\"urlTemplate\":\"https:\/\/www.iplay.com\/en\/?s={search_term_string}\"},\"query-input\":{\"@type\":\"PropertyValueSpecification\",\"valueRequired\":true,\"valueName\":\"search_term_string\"}}],\"inLanguage\":\"fr-FR\"},{\"@type\":\"Organization\",\"@id\":\"https:\/\/www.iplay.com\/en\/#organization\",\"name\":\"IPlay\",\"url\":\"https:\/\/www.iplay.com\/en\/\",\"logo\":{\"@type\":\"ImageObject\",\"inLanguage\":\"fr-FR\",\"@id\":\"https:\/\/www.iplay.com\/en\/#\/schema\/logo\/image\/\",\"url\":\"https:\/\/www.iplay.com\/wp-content\/uploads\/2023\/11\/Group-6100.svg\",\"contentUrl\":\"https:\/\/www.iplay.com\/wp-content\/uploads\/2023\/11\/Group-6100.svg\",\"width\":98,\"height\":25,\"caption\":\"IPlay\"},\"image\":{\"@id\":\"https:\/\/www.iplay.com\/en\/#\/schema\/logo\/image\/\"}}]}<\/script>\n<!-- \/ Yoast SEO Premium plugin. -->","yoast_head_json":{"title":"Histoires de No\u00ebl\u00a0: Les Aventures d\u2019Alice \u00c9dition Collector - Retrouvez la joie dans Histoires de No\u00ebl\u00a0: Les Aventures d\u2019Alice CE","description":"Redonnez de la joie au monde ! L\u2019\u00e9dition collector des Contes de No\u00ebl : Les Aventures d\u2019Alice","robots":{"index":"index","follow":"follow","max-snippet":"max-snippet:-1","max-image-preview":"max-image-preview:large","max-video-preview":"max-video-preview:-1"},"canonical":"https:\/\/www.iplay.com\/fr\/games\/christmas-stories-alices-adventures-collectors-edition\/","og_locale":"fr_FR","og_type":"article","og_title":"Christmas Stories: Alice's Adventures Collector's Edition","og_description":"Redonnez de la joie au monde ! L\u2019\u00e9dition collector des Contes de No\u00ebl : Les Aventures d\u2019Alice","og_url":"https:\/\/www.iplay.com\/fr\/games\/christmas-stories-alices-adventures-collectors-edition\/","og_site_name":"IPlay","og_image":[{"width":310,"height":310,"url":"https:\/\/www.iplay.com\/wp-content\/uploads\/2023\/12\/large_square_tile_image-2765.jpg","type":"image\/jpeg"}],"twitter_card":"summary_large_image","twitter_misc":{"Dur\u00e9e de lecture estim\u00e9e":"1 minute"},"schema":{"@context":"https:\/\/schema.org","@graph":[{"@type":"WebPage","@id":"https:\/\/www.iplay.com\/fr\/games\/christmas-stories-alices-adventures-collectors-edition\/","url":"https:\/\/www.iplay.com\/fr\/games\/christmas-stories-alices-adventures-collectors-edition\/","name":"Histoires de No\u00ebl\u00a0: Les Aventures d\u2019Alice \u00c9dition Collector - Retrouvez la joie dans Histoires de No\u00ebl\u00a0: Les Aventures d\u2019Alice CE","isPartOf":{"@id":"https:\/\/www.iplay.com\/en\/#website"},"primaryImageOfPage":{"@id":"https:\/\/www.iplay.com\/fr\/games\/christmas-stories-alices-adventures-collectors-edition\/#primaryimage"},"image":{"@id":"https:\/\/www.iplay.com\/fr\/games\/christmas-stories-alices-adventures-collectors-edition\/#primaryimage"},"thumbnailUrl":"https:\/\/www.iplay.com\/wp-content\/uploads\/2023\/12\/large_square_tile_image-2765.jpg","datePublished":"2019-12-02T00:00:00+00:00","description":"Redonnez de la joie au monde ! L\u2019\u00e9dition collector des Contes de No\u00ebl : Les Aventures d\u2019Alice","breadcrumb":{"@id":"https:\/\/www.iplay.com\/fr\/games\/christmas-stories-alices-adventures-collectors-edition\/#breadcrumb"},"inLanguage":"fr-FR","potentialAction":[{"@type":"ReadAction","target":["https:\/\/www.iplay.com\/fr\/games\/christmas-stories-alices-adventures-collectors-edition\/"]}]},{"@type":"ImageObject","inLanguage":"fr-FR","@id":"https:\/\/www.iplay.com\/fr\/games\/christmas-stories-alices-adventures-collectors-edition\/#primaryimage","url":"https:\/\/www.iplay.com\/wp-content\/uploads\/2023\/12\/large_square_tile_image-2765.jpg","contentUrl":"https:\/\/www.iplay.com\/wp-content\/uploads\/2023\/12\/large_square_tile_image-2765.jpg","width":310,"height":310},{"@type":"BreadcrumbList","@id":"https:\/\/www.iplay.com\/fr\/games\/christmas-stories-alices-adventures-collectors-edition\/#breadcrumb","itemListElement":[{"@type":"ListItem","position":1,"name":"Home","item":"https:\/\/www.iplay.com\/fr\/home-page-2\/"},{"@type":"ListItem","position":2,"name":"Shop","item":"https:\/\/www.iplay.com\/en\/shop\/"},{"@type":"ListItem","position":3,"name":"Christmas Stories: Alice&#8217;s Adventures Collector&#8217;s Edition"}]},{"@type":"WebSite","@id":"https:\/\/www.iplay.com\/en\/#website","url":"https:\/\/www.iplay.com\/en\/","name":"IPlay","description":"The Best Casual Games!","publisher":{"@id":"https:\/\/www.iplay.com\/en\/#organization"},"potentialAction":[{"@type":"SearchAction","target":{"@type":"EntryPoint","urlTemplate":"https:\/\/www.iplay.com\/en\/?s={search_term_string}"},"query-input":{"@type":"PropertyValueSpecification","valueRequired":true,"valueName":"search_term_string"}}],"inLanguage":"fr-FR"},{"@type":"Organization","@id":"https:\/\/www.iplay.com\/en\/#organization","name":"IPlay","url":"https:\/\/www.iplay.com\/en\/","logo":{"@type":"ImageObject","inLanguage":"fr-FR","@id":"https:\/\/www.iplay.com\/en\/#\/schema\/logo\/image\/","url":"https:\/\/www.iplay.com\/wp-content\/uploads\/2023\/11\/Group-6100.svg","contentUrl":"https:\/\/www.iplay.com\/wp-content\/uploads\/2023\/11\/Group-6100.svg","width":98,"height":25,"caption":"IPlay"},"image":{"@id":"https:\/\/www.iplay.com\/en\/#\/schema\/logo\/image\/"}}]}},"_links":{"self":[{"href":"https:\/\/www.iplay.com\/fr\/wp-json\/wp\/v2\/product\/135285","targetHints":{"allow":["GET"]}}],"collection":[{"href":"https:\/\/www.iplay.com\/fr\/wp-json\/wp\/v2\/product"}],"about":[{"href":"https:\/\/www.iplay.com\/fr\/wp-json\/wp\/v2\/types\/product"}],"author":[{"embeddable":true,"href":"https:\/\/www.iplay.com\/fr\/wp-json\/wp\/v2\/users\/17"}],"replies":[{"embeddable":true,"href":"https:\/\/www.iplay.com\/fr\/wp-json\/wp\/v2\/comments?post=135285"}],"wp:featuredmedia":[{"embeddable":true,"href":"https:\/\/www.iplay.com\/fr\/wp-json\/wp\/v2\/media\/84097"}],"wp:attachment":[{"href":"https:\/\/www.iplay.com\/fr\/wp-json\/wp\/v2\/media?parent=135285"}],"wp:term":[{"taxonomy":"product_brand","embeddable":true,"href":"https:\/\/www.iplay.com\/fr\/wp-json\/wp\/v2\/product_brand?post=135285"},{"taxonomy":"product_cat","embeddable":true,"href":"https:\/\/www.iplay.com\/fr\/wp-json\/wp\/v2\/product_cat?post=135285"},{"taxonomy":"product_tag","embeddable":true,"href":"https:\/\/www.iplay.com\/fr\/wp-json\/wp\/v2\/product_tag?post=135285"}],"curies":[{"name":"wp","href":"https:\/\/api.w.org\/{rel}","templated":true}]}}