{"id":135278,"date":"2019-12-05T00:00:00","date_gmt":"2019-12-05T00:00:00","guid":{"rendered":"https:\/\/www.iplay.com\/games\/yuletide-legends-who-framed-santa-claus-collectors-edition\/"},"modified":"2019-12-05T00:00:00","modified_gmt":"2019-12-05T00:00:00","slug":"yuletide-legends-who-framed-santa-claus-collectors-edition","status":"publish","type":"product","link":"https:\/\/www.iplay.com\/fr\/games\/yuletide-legends-who-framed-santa-claus-collectors-edition\/","title":{"rendered":"Yuletide Legends: Who Framed Santa Claus Collector&#8217;s Edition"},"content":{"rendered":"<p>Apr\u00e8s que des cadeaux de No\u00ebl aient \u00e9t\u00e9 vol\u00e9s sous le sapin du centre commercial Big City, le P\u00e8re No\u00ebl a \u00e9t\u00e9 plac\u00e9 en d\u00e9tention. Brigitte Woolf, une enqu\u00eatrice de No\u00ebl bien connue, est charg\u00e9e par la m\u00e8re No\u00ebl d\u2019aider le P\u00e8re No\u00ebl car il a perdu sa voix et est incapable de se d\u00e9fendre. Pour pr\u00e9server No\u00ebl, le PJ doit traquer le coupable, retrouver la voix du P\u00e8re No\u00ebl et aller jusqu\u2019au Nord gel\u00e9 \u00e0 la recherche d\u2019un seul objet qui arr\u00eatera momentan\u00e9ment le temps afin que les cadeaux puissent \u00eatre offerts comme pr\u00e9vu. Explorez plus de 35 lieux peints \u00e0 couper le souffle !   <\/p>\n<p>&nbsp;<\/p>\n<p>&nbsp;<\/p>\n<p><strong>Fonctionnalit\u00e9s:<\/strong><\/p>\n<p>&nbsp;<\/p>\n<p>&#8211; Jouez pendant des heures pour devenir le plus grand d\u00e9tective avec plus de 50 \u00e9nigmes et s\u00e9quences d\u2019objets cach\u00e9s !<br \/>\n&#8211; D\u00e9couvrez des personnages fascinants pour No\u00ebl !<br \/>\n&#8211; Devenez le Ma\u00eetre de la Bont\u00e9 !<br \/>\n&#8211; Frayez-vous un chemin \u00e0 travers les sc\u00e9narios d\u2019objets cach\u00e9s pour r\u00e9soudre le crime de No\u00ebl et lib\u00e9rer les humains et les jouets du mal !<br \/>\n&#8211; Jouez \u00e0 la fantastique aventure suppl\u00e9mentaire !<br \/>\n&#8211; Dans le jeu suppl\u00e9mentaire, soignez le P\u00e8re No\u00ebl pour sauver No\u00ebl !<br \/>\n&#8211; Profitez d\u2019illustrations conceptuelles, de musiques, de fonds d\u2019\u00e9cran sp\u00e9ciaux et bien plus encore !<br \/>\n&#8211; Jouez \u00e0 vos mini-jeux pr\u00e9f\u00e9r\u00e9s et revivez la d\u00e9faite de Krampus et de l\u2019ours mal\u00e9fique.<br \/>\n&#8211; Au fur et \u00e0 mesure que vous jouez, obtenez des r\u00e9alisations et des objets de collection de vos personnages pr\u00e9f\u00e9r\u00e9s !<br \/>\n&#8211; Utilisez le guide de strat\u00e9gie pour ne jamais vous perdre !<\/p>\n","protected":false},"excerpt":{"rendered":"<p>Dans Yuletide Legends&nbsp;: Who Framed Santa Claus Collector\u2019s Edition, aidez Brigitte Woolf \u00e0 sauver No\u00ebl.<\/p>\n","protected":false},"author":118,"featured_media":92068,"comment_status":"open","ping_status":"closed","template":"","meta":{"_acf_changed":false,"inline_featured_image":false},"product_brand":[],"product_cat":[165,202],"product_tag":[287],"class_list":{"0":"post-135278","1":"product","2":"type-product","3":"status-publish","4":"has-post-thumbnail","6":"product_cat-hidden-object-fr","7":"product_cat-removed-content-fr","8":"product_tag-play-on-pc-fr","10":"first","11":"instock","12":"shipping-taxable","13":"purchasable","14":"product-type-simple"},"acf":[],"yoast_head":"<!-- This site is optimized with the Yoast SEO Premium plugin v25.2 (Yoast SEO v25.2) - https:\/\/yoast.com\/wordpress\/plugins\/seo\/ -->\n<title>Yuletide Legends\u00a0: Qui a encadr\u00e9 le P\u00e8re No\u00ebl \u00c9dition Collector - Sauvez No\u00ebl \u00e0 No\u00ebl L\u00e9gendes\u00a0: Qui a encadr\u00e9 le P\u00e8re No\u00ebl CE<\/title>\n<meta name=\"description\" content=\"Dans Yuletide Legends&nbsp;: Who Framed Santa Claus Collector\u2019s Edition, aidez Brigitte Woolf \u00e0 sauver No\u00ebl.\" \/>\n<meta name=\"robots\" content=\"index, follow, max-snippet:-1, max-image-preview:large, max-video-preview:-1\" \/>\n<link rel=\"canonical\" href=\"https:\/\/www.iplay.com\/fr\/games\/yuletide-legends-who-framed-santa-claus-collectors-edition\/\" \/>\n<meta property=\"og:locale\" content=\"fr_FR\" \/>\n<meta property=\"og:type\" content=\"article\" \/>\n<meta property=\"og:title\" content=\"Yuletide Legends: Who Framed Santa Claus Collector&#039;s Edition\" \/>\n<meta property=\"og:description\" content=\"Dans Yuletide Legends&nbsp;: Who Framed Santa Claus Collector\u2019s Edition, aidez Brigitte Woolf \u00e0 sauver No\u00ebl.\" \/>\n<meta property=\"og:url\" content=\"https:\/\/www.iplay.com\/fr\/games\/yuletide-legends-who-framed-santa-claus-collectors-edition\/\" \/>\n<meta property=\"og:site_name\" content=\"IPlay\" \/>\n<meta property=\"og:image\" content=\"https:\/\/www.iplay.com\/wp-content\/uploads\/2023\/12\/large_square_tile_image-3270.jpg\" \/>\n\t<meta property=\"og:image:width\" content=\"310\" \/>\n\t<meta property=\"og:image:height\" content=\"310\" \/>\n\t<meta property=\"og:image:type\" content=\"image\/jpeg\" \/>\n<meta name=\"twitter:card\" content=\"summary_large_image\" \/>\n<meta name=\"twitter:label1\" content=\"Dur\u00e9e de lecture estim\u00e9e\" \/>\n\t<meta name=\"twitter:data1\" content=\"1 minute\" \/>\n<script type=\"application\/ld+json\" class=\"yoast-schema-graph\">{\"@context\":\"https:\/\/schema.org\",\"@graph\":[{\"@type\":\"WebPage\",\"@id\":\"https:\/\/www.iplay.com\/fr\/games\/yuletide-legends-who-framed-santa-claus-collectors-edition\/\",\"url\":\"https:\/\/www.iplay.com\/fr\/games\/yuletide-legends-who-framed-santa-claus-collectors-edition\/\",\"name\":\"Yuletide Legends\u00a0: Qui a encadr\u00e9 le P\u00e8re No\u00ebl \u00c9dition Collector - Sauvez No\u00ebl \u00e0 No\u00ebl L\u00e9gendes\u00a0: Qui a encadr\u00e9 le P\u00e8re No\u00ebl CE\",\"isPartOf\":{\"@id\":\"https:\/\/www.iplay.com\/en\/#website\"},\"primaryImageOfPage\":{\"@id\":\"https:\/\/www.iplay.com\/fr\/games\/yuletide-legends-who-framed-santa-claus-collectors-edition\/#primaryimage\"},\"image\":{\"@id\":\"https:\/\/www.iplay.com\/fr\/games\/yuletide-legends-who-framed-santa-claus-collectors-edition\/#primaryimage\"},\"thumbnailUrl\":\"https:\/\/www.iplay.com\/wp-content\/uploads\/2023\/12\/large_square_tile_image-3270.jpg\",\"datePublished\":\"2019-12-05T00:00:00+00:00\",\"description\":\"Dans Yuletide Legends&nbsp;: Who Framed Santa Claus Collector\u2019s Edition, aidez Brigitte Woolf \u00e0 sauver No\u00ebl.\",\"breadcrumb\":{\"@id\":\"https:\/\/www.iplay.com\/fr\/games\/yuletide-legends-who-framed-santa-claus-collectors-edition\/#breadcrumb\"},\"inLanguage\":\"fr-FR\",\"potentialAction\":[{\"@type\":\"ReadAction\",\"target\":[\"https:\/\/www.iplay.com\/fr\/games\/yuletide-legends-who-framed-santa-claus-collectors-edition\/\"]}]},{\"@type\":\"ImageObject\",\"inLanguage\":\"fr-FR\",\"@id\":\"https:\/\/www.iplay.com\/fr\/games\/yuletide-legends-who-framed-santa-claus-collectors-edition\/#primaryimage\",\"url\":\"https:\/\/www.iplay.com\/wp-content\/uploads\/2023\/12\/large_square_tile_image-3270.jpg\",\"contentUrl\":\"https:\/\/www.iplay.com\/wp-content\/uploads\/2023\/12\/large_square_tile_image-3270.jpg\",\"width\":310,\"height\":310},{\"@type\":\"BreadcrumbList\",\"@id\":\"https:\/\/www.iplay.com\/fr\/games\/yuletide-legends-who-framed-santa-claus-collectors-edition\/#breadcrumb\",\"itemListElement\":[{\"@type\":\"ListItem\",\"position\":1,\"name\":\"Home\",\"item\":\"https:\/\/www.iplay.com\/fr\/home-page-2\/\"},{\"@type\":\"ListItem\",\"position\":2,\"name\":\"Shop\",\"item\":\"https:\/\/www.iplay.com\/en\/shop\/\"},{\"@type\":\"ListItem\",\"position\":3,\"name\":\"Yuletide Legends: Who Framed Santa Claus Collector&#8217;s Edition\"}]},{\"@type\":\"WebSite\",\"@id\":\"https:\/\/www.iplay.com\/en\/#website\",\"url\":\"https:\/\/www.iplay.com\/en\/\",\"name\":\"IPlay\",\"description\":\"The Best Casual Games!\",\"publisher\":{\"@id\":\"https:\/\/www.iplay.com\/en\/#organization\"},\"potentialAction\":[{\"@type\":\"SearchAction\",\"target\":{\"@type\":\"EntryPoint\",\"urlTemplate\":\"https:\/\/www.iplay.com\/en\/?s={search_term_string}\"},\"query-input\":{\"@type\":\"PropertyValueSpecification\",\"valueRequired\":true,\"valueName\":\"search_term_string\"}}],\"inLanguage\":\"fr-FR\"},{\"@type\":\"Organization\",\"@id\":\"https:\/\/www.iplay.com\/en\/#organization\",\"name\":\"IPlay\",\"url\":\"https:\/\/www.iplay.com\/en\/\",\"logo\":{\"@type\":\"ImageObject\",\"inLanguage\":\"fr-FR\",\"@id\":\"https:\/\/www.iplay.com\/en\/#\/schema\/logo\/image\/\",\"url\":\"https:\/\/www.iplay.com\/wp-content\/uploads\/2023\/11\/Group-6100.svg\",\"contentUrl\":\"https:\/\/www.iplay.com\/wp-content\/uploads\/2023\/11\/Group-6100.svg\",\"width\":98,\"height\":25,\"caption\":\"IPlay\"},\"image\":{\"@id\":\"https:\/\/www.iplay.com\/en\/#\/schema\/logo\/image\/\"}}]}<\/script>\n<!-- \/ Yoast SEO Premium plugin. -->","yoast_head_json":{"title":"Yuletide Legends\u00a0: Qui a encadr\u00e9 le P\u00e8re No\u00ebl \u00c9dition Collector - Sauvez No\u00ebl \u00e0 No\u00ebl L\u00e9gendes\u00a0: Qui a encadr\u00e9 le P\u00e8re No\u00ebl CE","description":"Dans Yuletide Legends&nbsp;: Who Framed Santa Claus Collector\u2019s Edition, aidez Brigitte Woolf \u00e0 sauver No\u00ebl.","robots":{"index":"index","follow":"follow","max-snippet":"max-snippet:-1","max-image-preview":"max-image-preview:large","max-video-preview":"max-video-preview:-1"},"canonical":"https:\/\/www.iplay.com\/fr\/games\/yuletide-legends-who-framed-santa-claus-collectors-edition\/","og_locale":"fr_FR","og_type":"article","og_title":"Yuletide Legends: Who Framed Santa Claus Collector's Edition","og_description":"Dans Yuletide Legends&nbsp;: Who Framed Santa Claus Collector\u2019s Edition, aidez Brigitte Woolf \u00e0 sauver No\u00ebl.","og_url":"https:\/\/www.iplay.com\/fr\/games\/yuletide-legends-who-framed-santa-claus-collectors-edition\/","og_site_name":"IPlay","og_image":[{"width":310,"height":310,"url":"https:\/\/www.iplay.com\/wp-content\/uploads\/2023\/12\/large_square_tile_image-3270.jpg","type":"image\/jpeg"}],"twitter_card":"summary_large_image","twitter_misc":{"Dur\u00e9e de lecture estim\u00e9e":"1 minute"},"schema":{"@context":"https:\/\/schema.org","@graph":[{"@type":"WebPage","@id":"https:\/\/www.iplay.com\/fr\/games\/yuletide-legends-who-framed-santa-claus-collectors-edition\/","url":"https:\/\/www.iplay.com\/fr\/games\/yuletide-legends-who-framed-santa-claus-collectors-edition\/","name":"Yuletide Legends\u00a0: Qui a encadr\u00e9 le P\u00e8re No\u00ebl \u00c9dition Collector - Sauvez No\u00ebl \u00e0 No\u00ebl L\u00e9gendes\u00a0: Qui a encadr\u00e9 le P\u00e8re No\u00ebl CE","isPartOf":{"@id":"https:\/\/www.iplay.com\/en\/#website"},"primaryImageOfPage":{"@id":"https:\/\/www.iplay.com\/fr\/games\/yuletide-legends-who-framed-santa-claus-collectors-edition\/#primaryimage"},"image":{"@id":"https:\/\/www.iplay.com\/fr\/games\/yuletide-legends-who-framed-santa-claus-collectors-edition\/#primaryimage"},"thumbnailUrl":"https:\/\/www.iplay.com\/wp-content\/uploads\/2023\/12\/large_square_tile_image-3270.jpg","datePublished":"2019-12-05T00:00:00+00:00","description":"Dans Yuletide Legends&nbsp;: Who Framed Santa Claus Collector\u2019s Edition, aidez Brigitte Woolf \u00e0 sauver No\u00ebl.","breadcrumb":{"@id":"https:\/\/www.iplay.com\/fr\/games\/yuletide-legends-who-framed-santa-claus-collectors-edition\/#breadcrumb"},"inLanguage":"fr-FR","potentialAction":[{"@type":"ReadAction","target":["https:\/\/www.iplay.com\/fr\/games\/yuletide-legends-who-framed-santa-claus-collectors-edition\/"]}]},{"@type":"ImageObject","inLanguage":"fr-FR","@id":"https:\/\/www.iplay.com\/fr\/games\/yuletide-legends-who-framed-santa-claus-collectors-edition\/#primaryimage","url":"https:\/\/www.iplay.com\/wp-content\/uploads\/2023\/12\/large_square_tile_image-3270.jpg","contentUrl":"https:\/\/www.iplay.com\/wp-content\/uploads\/2023\/12\/large_square_tile_image-3270.jpg","width":310,"height":310},{"@type":"BreadcrumbList","@id":"https:\/\/www.iplay.com\/fr\/games\/yuletide-legends-who-framed-santa-claus-collectors-edition\/#breadcrumb","itemListElement":[{"@type":"ListItem","position":1,"name":"Home","item":"https:\/\/www.iplay.com\/fr\/home-page-2\/"},{"@type":"ListItem","position":2,"name":"Shop","item":"https:\/\/www.iplay.com\/en\/shop\/"},{"@type":"ListItem","position":3,"name":"Yuletide Legends: Who Framed Santa Claus Collector&#8217;s Edition"}]},{"@type":"WebSite","@id":"https:\/\/www.iplay.com\/en\/#website","url":"https:\/\/www.iplay.com\/en\/","name":"IPlay","description":"The Best Casual Games!","publisher":{"@id":"https:\/\/www.iplay.com\/en\/#organization"},"potentialAction":[{"@type":"SearchAction","target":{"@type":"EntryPoint","urlTemplate":"https:\/\/www.iplay.com\/en\/?s={search_term_string}"},"query-input":{"@type":"PropertyValueSpecification","valueRequired":true,"valueName":"search_term_string"}}],"inLanguage":"fr-FR"},{"@type":"Organization","@id":"https:\/\/www.iplay.com\/en\/#organization","name":"IPlay","url":"https:\/\/www.iplay.com\/en\/","logo":{"@type":"ImageObject","inLanguage":"fr-FR","@id":"https:\/\/www.iplay.com\/en\/#\/schema\/logo\/image\/","url":"https:\/\/www.iplay.com\/wp-content\/uploads\/2023\/11\/Group-6100.svg","contentUrl":"https:\/\/www.iplay.com\/wp-content\/uploads\/2023\/11\/Group-6100.svg","width":98,"height":25,"caption":"IPlay"},"image":{"@id":"https:\/\/www.iplay.com\/en\/#\/schema\/logo\/image\/"}}]}},"_links":{"self":[{"href":"https:\/\/www.iplay.com\/fr\/wp-json\/wp\/v2\/product\/135278","targetHints":{"allow":["GET"]}}],"collection":[{"href":"https:\/\/www.iplay.com\/fr\/wp-json\/wp\/v2\/product"}],"about":[{"href":"https:\/\/www.iplay.com\/fr\/wp-json\/wp\/v2\/types\/product"}],"author":[{"embeddable":true,"href":"https:\/\/www.iplay.com\/fr\/wp-json\/wp\/v2\/users\/118"}],"replies":[{"embeddable":true,"href":"https:\/\/www.iplay.com\/fr\/wp-json\/wp\/v2\/comments?post=135278"}],"wp:featuredmedia":[{"embeddable":true,"href":"https:\/\/www.iplay.com\/fr\/wp-json\/wp\/v2\/media\/92068"}],"wp:attachment":[{"href":"https:\/\/www.iplay.com\/fr\/wp-json\/wp\/v2\/media?parent=135278"}],"wp:term":[{"taxonomy":"product_brand","embeddable":true,"href":"https:\/\/www.iplay.com\/fr\/wp-json\/wp\/v2\/product_brand?post=135278"},{"taxonomy":"product_cat","embeddable":true,"href":"https:\/\/www.iplay.com\/fr\/wp-json\/wp\/v2\/product_cat?post=135278"},{"taxonomy":"product_tag","embeddable":true,"href":"https:\/\/www.iplay.com\/fr\/wp-json\/wp\/v2\/product_tag?post=135278"}],"curies":[{"name":"wp","href":"https:\/\/api.w.org\/{rel}","templated":true}]}}