{"id":135251,"date":"2019-12-27T00:00:00","date_gmt":"2019-12-27T00:00:00","guid":{"rendered":"https:\/\/www.iplay.com\/games\/the-unseen-fears-stories-untold-collectors-edition\/"},"modified":"2019-12-27T00:00:00","modified_gmt":"2019-12-27T00:00:00","slug":"the-unseen-fears-stories-untold-collectors-edition","status":"publish","type":"product","link":"https:\/\/www.iplay.com\/fr\/games\/the-unseen-fears-stories-untold-collectors-edition\/","title":{"rendered":"The Unseen Fears: Stories Untold Collector&#8217;s Edition"},"content":{"rendered":"<p>Profitez de ce nouveau chapitre incroyable de la s\u00e9rie <em>The Unseen Fears<\/em> ! Vous allez passer des vacances bien m\u00e9rit\u00e9es \u00e0 Prague ! Mais juste au moment o\u00f9 vous vous amusez, quelqu\u2019un vous contacte depuis l\u2019int\u00e9rieur d\u2019un livre de contes de f\u00e9es, vous demandant de l\u2019aide ! Alors que vous recherchez la source d\u2019un pouvoir surnaturel p\u00e9rilleux en vous introduisant par effraction dans la maison d\u2019un auteur disparu, vous \u00eates pr\u00eat pour l\u2019aventure de votre vie. Serez-vous une figure permanente avec eux, ou serez-vous capable de sauver ceux qui sont coinc\u00e9s dans les histoires ? D\u00e9couvrez-le dans ce captivant voyage de puzzle d\u2019objets cach\u00e9s !     <\/p>\n<p>&nbsp;<\/p>\n<p>&nbsp;<\/p>\n<p><strong>Fonctionnalit\u00e9s:<\/strong><\/p>\n<p>&nbsp;<\/p>\n<p>&#8211; Vous, en tant que fan #1 et vlogger paranormal, devez soutenir votre h\u00e9ro\u00efne pour surmonter son chagrin m\u00eame si vous vous mettez en grave danger !<br \/>\n&#8211; Jouez et rejouez \u00e0 des mini-jeux de plus en plus difficiles et \u00e0 des \u00e9nigmes d\u2019objets cach\u00e9s tout en d\u00e9couvrant des pi\u00e8ces de livres secr\u00e8tes, en d\u00e9terrant des libellules magiques \u00e0 \u00e9changer contre des objets de collection, en gagnant des succ\u00e8s et en d\u00e9couvrant un chapitre cach\u00e9 !<br \/>\n&#8211; Savourez des dessins conceptuels uniques, des fonds d\u2019\u00e9cran et des bandes sonores et vid\u00e9os exclusives !<br \/>\n&#8211; Utilisez le guide de strat\u00e9gie pratique pour toujours savoir quoi faire ensuite !<\/p>\n","protected":false},"excerpt":{"rendered":"<p>Pouvez-vous aider les individus \u00e0 s\u2019\u00e9chapper rapidement de leurs limites enchant\u00e9es ? Les peurs invisibles : des histoires in\u00e9dites CE <\/p>\n","protected":false},"author":17,"featured_media":83932,"comment_status":"open","ping_status":"closed","template":"","meta":{"_acf_changed":false,"inline_featured_image":false},"product_brand":[],"product_cat":[165],"product_tag":[287],"class_list":{"0":"post-135251","1":"product","2":"type-product","3":"status-publish","4":"has-post-thumbnail","6":"product_cat-hidden-object-fr","7":"product_tag-play-on-pc-fr","9":"first","10":"instock","11":"shipping-taxable","12":"purchasable","13":"product-type-simple"},"acf":[],"yoast_head":"<!-- This site is optimized with the Yoast SEO Premium plugin v25.2 (Yoast SEO v25.2) - https:\/\/yoast.com\/wordpress\/plugins\/seo\/ -->\n<title>Les Peurs Invisibles\u00a0: Histoires In\u00e9dites Edition Collector - Aidez les gens \u00e0 s\u2019\u00e9chapper des prisons magiques dans Les Peurs Invisibles<\/title>\n<meta name=\"description\" content=\"Pouvez-vous aider les individus \u00e0 s\u2019\u00e9chapper rapidement de leurs limites enchant\u00e9es ? Les peurs invisibles : des histoires in\u00e9dites CE\" \/>\n<meta name=\"robots\" content=\"index, follow, max-snippet:-1, max-image-preview:large, max-video-preview:-1\" \/>\n<link rel=\"canonical\" href=\"https:\/\/www.iplay.com\/fr\/games\/the-unseen-fears-stories-untold-collectors-edition\/\" \/>\n<meta property=\"og:locale\" content=\"fr_FR\" \/>\n<meta property=\"og:type\" content=\"article\" \/>\n<meta property=\"og:title\" content=\"The Unseen Fears: Stories Untold Collector&#039;s Edition\" \/>\n<meta property=\"og:description\" content=\"Pouvez-vous aider les individus \u00e0 s\u2019\u00e9chapper rapidement de leurs limites enchant\u00e9es ? Les peurs invisibles : des histoires in\u00e9dites CE\" \/>\n<meta property=\"og:url\" content=\"https:\/\/www.iplay.com\/fr\/games\/the-unseen-fears-stories-untold-collectors-edition\/\" \/>\n<meta property=\"og:site_name\" content=\"IPlay\" \/>\n<meta property=\"og:image\" content=\"https:\/\/www.iplay.com\/wp-content\/uploads\/2023\/12\/large_square_tile_image-2755.jpg\" \/>\n\t<meta property=\"og:image:width\" content=\"310\" \/>\n\t<meta property=\"og:image:height\" content=\"310\" \/>\n\t<meta property=\"og:image:type\" content=\"image\/jpeg\" \/>\n<meta name=\"twitter:card\" content=\"summary_large_image\" \/>\n<meta name=\"twitter:label1\" content=\"Dur\u00e9e de lecture estim\u00e9e\" \/>\n\t<meta name=\"twitter:data1\" content=\"1 minute\" \/>\n<script type=\"application\/ld+json\" class=\"yoast-schema-graph\">{\"@context\":\"https:\/\/schema.org\",\"@graph\":[{\"@type\":\"WebPage\",\"@id\":\"https:\/\/www.iplay.com\/fr\/games\/the-unseen-fears-stories-untold-collectors-edition\/\",\"url\":\"https:\/\/www.iplay.com\/fr\/games\/the-unseen-fears-stories-untold-collectors-edition\/\",\"name\":\"Les Peurs Invisibles\u00a0: Histoires In\u00e9dites Edition Collector - Aidez les gens \u00e0 s\u2019\u00e9chapper des prisons magiques dans Les Peurs Invisibles\",\"isPartOf\":{\"@id\":\"https:\/\/www.iplay.com\/en\/#website\"},\"primaryImageOfPage\":{\"@id\":\"https:\/\/www.iplay.com\/fr\/games\/the-unseen-fears-stories-untold-collectors-edition\/#primaryimage\"},\"image\":{\"@id\":\"https:\/\/www.iplay.com\/fr\/games\/the-unseen-fears-stories-untold-collectors-edition\/#primaryimage\"},\"thumbnailUrl\":\"https:\/\/www.iplay.com\/wp-content\/uploads\/2023\/12\/large_square_tile_image-2755.jpg\",\"datePublished\":\"2019-12-27T00:00:00+00:00\",\"description\":\"Pouvez-vous aider les individus \u00e0 s\u2019\u00e9chapper rapidement de leurs limites enchant\u00e9es ? Les peurs invisibles : des histoires in\u00e9dites CE\",\"breadcrumb\":{\"@id\":\"https:\/\/www.iplay.com\/fr\/games\/the-unseen-fears-stories-untold-collectors-edition\/#breadcrumb\"},\"inLanguage\":\"fr-FR\",\"potentialAction\":[{\"@type\":\"ReadAction\",\"target\":[\"https:\/\/www.iplay.com\/fr\/games\/the-unseen-fears-stories-untold-collectors-edition\/\"]}]},{\"@type\":\"ImageObject\",\"inLanguage\":\"fr-FR\",\"@id\":\"https:\/\/www.iplay.com\/fr\/games\/the-unseen-fears-stories-untold-collectors-edition\/#primaryimage\",\"url\":\"https:\/\/www.iplay.com\/wp-content\/uploads\/2023\/12\/large_square_tile_image-2755.jpg\",\"contentUrl\":\"https:\/\/www.iplay.com\/wp-content\/uploads\/2023\/12\/large_square_tile_image-2755.jpg\",\"width\":310,\"height\":310},{\"@type\":\"BreadcrumbList\",\"@id\":\"https:\/\/www.iplay.com\/fr\/games\/the-unseen-fears-stories-untold-collectors-edition\/#breadcrumb\",\"itemListElement\":[{\"@type\":\"ListItem\",\"position\":1,\"name\":\"Home\",\"item\":\"https:\/\/www.iplay.com\/fr\/home-page-2\/\"},{\"@type\":\"ListItem\",\"position\":2,\"name\":\"Shop\",\"item\":\"https:\/\/www.iplay.com\/en\/shop\/\"},{\"@type\":\"ListItem\",\"position\":3,\"name\":\"The Unseen Fears: Stories Untold Collector&#8217;s Edition\"}]},{\"@type\":\"WebSite\",\"@id\":\"https:\/\/www.iplay.com\/en\/#website\",\"url\":\"https:\/\/www.iplay.com\/en\/\",\"name\":\"IPlay\",\"description\":\"The Best Casual Games!\",\"publisher\":{\"@id\":\"https:\/\/www.iplay.com\/en\/#organization\"},\"potentialAction\":[{\"@type\":\"SearchAction\",\"target\":{\"@type\":\"EntryPoint\",\"urlTemplate\":\"https:\/\/www.iplay.com\/en\/?s={search_term_string}\"},\"query-input\":{\"@type\":\"PropertyValueSpecification\",\"valueRequired\":true,\"valueName\":\"search_term_string\"}}],\"inLanguage\":\"fr-FR\"},{\"@type\":\"Organization\",\"@id\":\"https:\/\/www.iplay.com\/en\/#organization\",\"name\":\"IPlay\",\"url\":\"https:\/\/www.iplay.com\/en\/\",\"logo\":{\"@type\":\"ImageObject\",\"inLanguage\":\"fr-FR\",\"@id\":\"https:\/\/www.iplay.com\/en\/#\/schema\/logo\/image\/\",\"url\":\"https:\/\/www.iplay.com\/wp-content\/uploads\/2023\/11\/Group-6100.svg\",\"contentUrl\":\"https:\/\/www.iplay.com\/wp-content\/uploads\/2023\/11\/Group-6100.svg\",\"width\":98,\"height\":25,\"caption\":\"IPlay\"},\"image\":{\"@id\":\"https:\/\/www.iplay.com\/en\/#\/schema\/logo\/image\/\"}}]}<\/script>\n<!-- \/ Yoast SEO Premium plugin. -->","yoast_head_json":{"title":"Les Peurs Invisibles\u00a0: Histoires In\u00e9dites Edition Collector - Aidez les gens \u00e0 s\u2019\u00e9chapper des prisons magiques dans Les Peurs Invisibles","description":"Pouvez-vous aider les individus \u00e0 s\u2019\u00e9chapper rapidement de leurs limites enchant\u00e9es ? Les peurs invisibles : des histoires in\u00e9dites CE","robots":{"index":"index","follow":"follow","max-snippet":"max-snippet:-1","max-image-preview":"max-image-preview:large","max-video-preview":"max-video-preview:-1"},"canonical":"https:\/\/www.iplay.com\/fr\/games\/the-unseen-fears-stories-untold-collectors-edition\/","og_locale":"fr_FR","og_type":"article","og_title":"The Unseen Fears: Stories Untold Collector's Edition","og_description":"Pouvez-vous aider les individus \u00e0 s\u2019\u00e9chapper rapidement de leurs limites enchant\u00e9es ? Les peurs invisibles : des histoires in\u00e9dites CE","og_url":"https:\/\/www.iplay.com\/fr\/games\/the-unseen-fears-stories-untold-collectors-edition\/","og_site_name":"IPlay","og_image":[{"width":310,"height":310,"url":"https:\/\/www.iplay.com\/wp-content\/uploads\/2023\/12\/large_square_tile_image-2755.jpg","type":"image\/jpeg"}],"twitter_card":"summary_large_image","twitter_misc":{"Dur\u00e9e de lecture estim\u00e9e":"1 minute"},"schema":{"@context":"https:\/\/schema.org","@graph":[{"@type":"WebPage","@id":"https:\/\/www.iplay.com\/fr\/games\/the-unseen-fears-stories-untold-collectors-edition\/","url":"https:\/\/www.iplay.com\/fr\/games\/the-unseen-fears-stories-untold-collectors-edition\/","name":"Les Peurs Invisibles\u00a0: Histoires In\u00e9dites Edition Collector - Aidez les gens \u00e0 s\u2019\u00e9chapper des prisons magiques dans Les Peurs Invisibles","isPartOf":{"@id":"https:\/\/www.iplay.com\/en\/#website"},"primaryImageOfPage":{"@id":"https:\/\/www.iplay.com\/fr\/games\/the-unseen-fears-stories-untold-collectors-edition\/#primaryimage"},"image":{"@id":"https:\/\/www.iplay.com\/fr\/games\/the-unseen-fears-stories-untold-collectors-edition\/#primaryimage"},"thumbnailUrl":"https:\/\/www.iplay.com\/wp-content\/uploads\/2023\/12\/large_square_tile_image-2755.jpg","datePublished":"2019-12-27T00:00:00+00:00","description":"Pouvez-vous aider les individus \u00e0 s\u2019\u00e9chapper rapidement de leurs limites enchant\u00e9es ? Les peurs invisibles : des histoires in\u00e9dites CE","breadcrumb":{"@id":"https:\/\/www.iplay.com\/fr\/games\/the-unseen-fears-stories-untold-collectors-edition\/#breadcrumb"},"inLanguage":"fr-FR","potentialAction":[{"@type":"ReadAction","target":["https:\/\/www.iplay.com\/fr\/games\/the-unseen-fears-stories-untold-collectors-edition\/"]}]},{"@type":"ImageObject","inLanguage":"fr-FR","@id":"https:\/\/www.iplay.com\/fr\/games\/the-unseen-fears-stories-untold-collectors-edition\/#primaryimage","url":"https:\/\/www.iplay.com\/wp-content\/uploads\/2023\/12\/large_square_tile_image-2755.jpg","contentUrl":"https:\/\/www.iplay.com\/wp-content\/uploads\/2023\/12\/large_square_tile_image-2755.jpg","width":310,"height":310},{"@type":"BreadcrumbList","@id":"https:\/\/www.iplay.com\/fr\/games\/the-unseen-fears-stories-untold-collectors-edition\/#breadcrumb","itemListElement":[{"@type":"ListItem","position":1,"name":"Home","item":"https:\/\/www.iplay.com\/fr\/home-page-2\/"},{"@type":"ListItem","position":2,"name":"Shop","item":"https:\/\/www.iplay.com\/en\/shop\/"},{"@type":"ListItem","position":3,"name":"The Unseen Fears: Stories Untold Collector&#8217;s Edition"}]},{"@type":"WebSite","@id":"https:\/\/www.iplay.com\/en\/#website","url":"https:\/\/www.iplay.com\/en\/","name":"IPlay","description":"The Best Casual Games!","publisher":{"@id":"https:\/\/www.iplay.com\/en\/#organization"},"potentialAction":[{"@type":"SearchAction","target":{"@type":"EntryPoint","urlTemplate":"https:\/\/www.iplay.com\/en\/?s={search_term_string}"},"query-input":{"@type":"PropertyValueSpecification","valueRequired":true,"valueName":"search_term_string"}}],"inLanguage":"fr-FR"},{"@type":"Organization","@id":"https:\/\/www.iplay.com\/en\/#organization","name":"IPlay","url":"https:\/\/www.iplay.com\/en\/","logo":{"@type":"ImageObject","inLanguage":"fr-FR","@id":"https:\/\/www.iplay.com\/en\/#\/schema\/logo\/image\/","url":"https:\/\/www.iplay.com\/wp-content\/uploads\/2023\/11\/Group-6100.svg","contentUrl":"https:\/\/www.iplay.com\/wp-content\/uploads\/2023\/11\/Group-6100.svg","width":98,"height":25,"caption":"IPlay"},"image":{"@id":"https:\/\/www.iplay.com\/en\/#\/schema\/logo\/image\/"}}]}},"_links":{"self":[{"href":"https:\/\/www.iplay.com\/fr\/wp-json\/wp\/v2\/product\/135251","targetHints":{"allow":["GET"]}}],"collection":[{"href":"https:\/\/www.iplay.com\/fr\/wp-json\/wp\/v2\/product"}],"about":[{"href":"https:\/\/www.iplay.com\/fr\/wp-json\/wp\/v2\/types\/product"}],"author":[{"embeddable":true,"href":"https:\/\/www.iplay.com\/fr\/wp-json\/wp\/v2\/users\/17"}],"replies":[{"embeddable":true,"href":"https:\/\/www.iplay.com\/fr\/wp-json\/wp\/v2\/comments?post=135251"}],"wp:featuredmedia":[{"embeddable":true,"href":"https:\/\/www.iplay.com\/fr\/wp-json\/wp\/v2\/media\/83932"}],"wp:attachment":[{"href":"https:\/\/www.iplay.com\/fr\/wp-json\/wp\/v2\/media?parent=135251"}],"wp:term":[{"taxonomy":"product_brand","embeddable":true,"href":"https:\/\/www.iplay.com\/fr\/wp-json\/wp\/v2\/product_brand?post=135251"},{"taxonomy":"product_cat","embeddable":true,"href":"https:\/\/www.iplay.com\/fr\/wp-json\/wp\/v2\/product_cat?post=135251"},{"taxonomy":"product_tag","embeddable":true,"href":"https:\/\/www.iplay.com\/fr\/wp-json\/wp\/v2\/product_tag?post=135251"}],"curies":[{"name":"wp","href":"https:\/\/api.w.org\/{rel}","templated":true}]}}