{"id":135205,"date":"2020-02-22T00:00:00","date_gmt":"2020-02-22T00:00:00","guid":{"rendered":"https:\/\/www.iplay.com\/games\/murder-by-moonlight-call-of-the-wolf\/"},"modified":"2020-02-22T00:00:00","modified_gmt":"2020-02-22T00:00:00","slug":"murder-by-moonlight-call-of-the-wolf","status":"publish","type":"product","link":"https:\/\/www.iplay.com\/fr\/games\/murder-by-moonlight-call-of-the-wolf\/","title":{"rendered":"Murder by Moonlight: Call of the Wolf"},"content":{"rendered":"<p>Carol s\u2019est mari\u00e9e avec Jake et est impatiente de commencer une belle vie ensemble. Mais un jour, alors qu\u2019il est \u00e0 la station-service du quartier, Jake dispara\u00eet. Carol a des raisons de soup\u00e7onner un acte criminel alors qu\u2019elle suit sa piste. Elle est oblig\u00e9e de prendre les choses en main apr\u00e8s que la police a refus\u00e9 d\u2019examiner la situation. Alors qu\u2019elle recherche son mari disparu, elle trouve des preuves d\u2019un sinistre myst\u00e8re impliquant une b\u00eate qui n\u2019est pas cens\u00e9e exister.    <\/p>\n<p>&nbsp;<\/p>\n<p>&nbsp;<\/p>\n<p><strong>Fonctionnalit\u00e9s:<\/strong><\/p>\n<p>&nbsp;<\/p>\n<p>&#8211; Cinq chapitres racontent l\u2019histoire d\u2019un sombre myst\u00e8re concernant la recherche d\u2019une femme pour retrouver son mari disparu.<\/p>\n<p>&#8211; Il y a des sous-entendus surnaturels dans ce thriller de meurtre, car il y a des histoires d\u2019un loup-garou actif.<\/p>\n<p>&#8211; Jouez \u00e0 des jeux d\u2019objets cach\u00e9s et de puzzle match-3 passionnants qui mettent vos comp\u00e9tences \u00e0 l\u2019\u00e9preuve.<\/p>\n<p>&#8211; Pour d\u00e9couvrir la v\u00e9rit\u00e9, cherchez des indices, rassemblez des preuves et parlez \u00e0 des t\u00e9moins au fur et \u00e0 mesure que vous obtenez des am\u00e9liorations suppl\u00e9mentaires.<\/p>\n","protected":false},"excerpt":{"rendered":"<p>Aidez Carol \u00e0 localiser son conjoint en d\u00e9chiffrant un sinistre myst\u00e8re ! When Murder by Moonlight&nbsp;: Wolf Call <\/p>\n","protected":false},"author":42,"featured_media":83628,"comment_status":"open","ping_status":"closed","template":"","meta":{"_acf_changed":false,"inline_featured_image":false},"product_brand":[],"product_cat":[165],"product_tag":[287],"class_list":{"0":"post-135205","1":"product","2":"type-product","3":"status-publish","4":"has-post-thumbnail","6":"product_cat-hidden-object-fr","7":"product_tag-play-on-pc-fr","9":"first","10":"instock","11":"shipping-taxable","12":"purchasable","13":"product-type-simple"},"acf":[],"yoast_head":"<!-- This site is optimized with the Yoast SEO Premium plugin v25.2 (Yoast SEO v25.2) - https:\/\/yoast.com\/wordpress\/plugins\/seo\/ -->\n<title>Murder by Moonlight\u00a0: Call of the Wolf - R\u00e9solvez le sombre myst\u00e8re<\/title>\n<meta name=\"description\" content=\"Aidez Carol \u00e0 localiser son conjoint en d\u00e9chiffrant un sinistre myst\u00e8re ! When Murder by Moonlight&nbsp;: Wolf Call\" \/>\n<meta name=\"robots\" content=\"index, follow, max-snippet:-1, max-image-preview:large, max-video-preview:-1\" \/>\n<link rel=\"canonical\" href=\"https:\/\/www.iplay.com\/fr\/games\/murder-by-moonlight-call-of-the-wolf\/\" \/>\n<meta property=\"og:locale\" content=\"fr_FR\" \/>\n<meta property=\"og:type\" content=\"article\" \/>\n<meta property=\"og:title\" content=\"Murder by Moonlight: Call of the Wolf\" \/>\n<meta property=\"og:description\" content=\"Aidez Carol \u00e0 localiser son conjoint en d\u00e9chiffrant un sinistre myst\u00e8re ! When Murder by Moonlight&nbsp;: Wolf Call\" \/>\n<meta property=\"og:url\" content=\"https:\/\/www.iplay.com\/fr\/games\/murder-by-moonlight-call-of-the-wolf\/\" \/>\n<meta property=\"og:site_name\" content=\"IPlay\" \/>\n<meta property=\"og:image\" content=\"https:\/\/www.iplay.com\/wp-content\/uploads\/2023\/12\/large_square_tile_image-2736.jpg\" \/>\n\t<meta property=\"og:image:width\" content=\"310\" \/>\n\t<meta property=\"og:image:height\" content=\"310\" \/>\n\t<meta property=\"og:image:type\" content=\"image\/jpeg\" \/>\n<meta name=\"twitter:card\" content=\"summary_large_image\" \/>\n<meta name=\"twitter:label1\" content=\"Dur\u00e9e de lecture estim\u00e9e\" \/>\n\t<meta name=\"twitter:data1\" content=\"1 minute\" \/>\n<script type=\"application\/ld+json\" class=\"yoast-schema-graph\">{\"@context\":\"https:\/\/schema.org\",\"@graph\":[{\"@type\":\"WebPage\",\"@id\":\"https:\/\/www.iplay.com\/fr\/games\/murder-by-moonlight-call-of-the-wolf\/\",\"url\":\"https:\/\/www.iplay.com\/fr\/games\/murder-by-moonlight-call-of-the-wolf\/\",\"name\":\"Murder by Moonlight\u00a0: Call of the Wolf - R\u00e9solvez le sombre myst\u00e8re\",\"isPartOf\":{\"@id\":\"https:\/\/www.iplay.com\/en\/#website\"},\"primaryImageOfPage\":{\"@id\":\"https:\/\/www.iplay.com\/fr\/games\/murder-by-moonlight-call-of-the-wolf\/#primaryimage\"},\"image\":{\"@id\":\"https:\/\/www.iplay.com\/fr\/games\/murder-by-moonlight-call-of-the-wolf\/#primaryimage\"},\"thumbnailUrl\":\"https:\/\/www.iplay.com\/wp-content\/uploads\/2023\/12\/large_square_tile_image-2736.jpg\",\"datePublished\":\"2020-02-22T00:00:00+00:00\",\"description\":\"Aidez Carol \u00e0 localiser son conjoint en d\u00e9chiffrant un sinistre myst\u00e8re ! When Murder by Moonlight&nbsp;: Wolf Call\",\"breadcrumb\":{\"@id\":\"https:\/\/www.iplay.com\/fr\/games\/murder-by-moonlight-call-of-the-wolf\/#breadcrumb\"},\"inLanguage\":\"fr-FR\",\"potentialAction\":[{\"@type\":\"ReadAction\",\"target\":[\"https:\/\/www.iplay.com\/fr\/games\/murder-by-moonlight-call-of-the-wolf\/\"]}]},{\"@type\":\"ImageObject\",\"inLanguage\":\"fr-FR\",\"@id\":\"https:\/\/www.iplay.com\/fr\/games\/murder-by-moonlight-call-of-the-wolf\/#primaryimage\",\"url\":\"https:\/\/www.iplay.com\/wp-content\/uploads\/2023\/12\/large_square_tile_image-2736.jpg\",\"contentUrl\":\"https:\/\/www.iplay.com\/wp-content\/uploads\/2023\/12\/large_square_tile_image-2736.jpg\",\"width\":310,\"height\":310},{\"@type\":\"BreadcrumbList\",\"@id\":\"https:\/\/www.iplay.com\/fr\/games\/murder-by-moonlight-call-of-the-wolf\/#breadcrumb\",\"itemListElement\":[{\"@type\":\"ListItem\",\"position\":1,\"name\":\"Home\",\"item\":\"https:\/\/www.iplay.com\/fr\/home-page-2\/\"},{\"@type\":\"ListItem\",\"position\":2,\"name\":\"Shop\",\"item\":\"https:\/\/www.iplay.com\/en\/shop\/\"},{\"@type\":\"ListItem\",\"position\":3,\"name\":\"Murder by Moonlight: Call of the Wolf\"}]},{\"@type\":\"WebSite\",\"@id\":\"https:\/\/www.iplay.com\/en\/#website\",\"url\":\"https:\/\/www.iplay.com\/en\/\",\"name\":\"IPlay\",\"description\":\"The Best Casual Games!\",\"publisher\":{\"@id\":\"https:\/\/www.iplay.com\/en\/#organization\"},\"potentialAction\":[{\"@type\":\"SearchAction\",\"target\":{\"@type\":\"EntryPoint\",\"urlTemplate\":\"https:\/\/www.iplay.com\/en\/?s={search_term_string}\"},\"query-input\":{\"@type\":\"PropertyValueSpecification\",\"valueRequired\":true,\"valueName\":\"search_term_string\"}}],\"inLanguage\":\"fr-FR\"},{\"@type\":\"Organization\",\"@id\":\"https:\/\/www.iplay.com\/en\/#organization\",\"name\":\"IPlay\",\"url\":\"https:\/\/www.iplay.com\/en\/\",\"logo\":{\"@type\":\"ImageObject\",\"inLanguage\":\"fr-FR\",\"@id\":\"https:\/\/www.iplay.com\/en\/#\/schema\/logo\/image\/\",\"url\":\"https:\/\/www.iplay.com\/wp-content\/uploads\/2023\/11\/Group-6100.svg\",\"contentUrl\":\"https:\/\/www.iplay.com\/wp-content\/uploads\/2023\/11\/Group-6100.svg\",\"width\":98,\"height\":25,\"caption\":\"IPlay\"},\"image\":{\"@id\":\"https:\/\/www.iplay.com\/en\/#\/schema\/logo\/image\/\"}}]}<\/script>\n<!-- \/ Yoast SEO Premium plugin. -->","yoast_head_json":{"title":"Murder by Moonlight\u00a0: Call of the Wolf - R\u00e9solvez le sombre myst\u00e8re","description":"Aidez Carol \u00e0 localiser son conjoint en d\u00e9chiffrant un sinistre myst\u00e8re ! When Murder by Moonlight&nbsp;: Wolf Call","robots":{"index":"index","follow":"follow","max-snippet":"max-snippet:-1","max-image-preview":"max-image-preview:large","max-video-preview":"max-video-preview:-1"},"canonical":"https:\/\/www.iplay.com\/fr\/games\/murder-by-moonlight-call-of-the-wolf\/","og_locale":"fr_FR","og_type":"article","og_title":"Murder by Moonlight: Call of the Wolf","og_description":"Aidez Carol \u00e0 localiser son conjoint en d\u00e9chiffrant un sinistre myst\u00e8re ! When Murder by Moonlight&nbsp;: Wolf Call","og_url":"https:\/\/www.iplay.com\/fr\/games\/murder-by-moonlight-call-of-the-wolf\/","og_site_name":"IPlay","og_image":[{"width":310,"height":310,"url":"https:\/\/www.iplay.com\/wp-content\/uploads\/2023\/12\/large_square_tile_image-2736.jpg","type":"image\/jpeg"}],"twitter_card":"summary_large_image","twitter_misc":{"Dur\u00e9e de lecture estim\u00e9e":"1 minute"},"schema":{"@context":"https:\/\/schema.org","@graph":[{"@type":"WebPage","@id":"https:\/\/www.iplay.com\/fr\/games\/murder-by-moonlight-call-of-the-wolf\/","url":"https:\/\/www.iplay.com\/fr\/games\/murder-by-moonlight-call-of-the-wolf\/","name":"Murder by Moonlight\u00a0: Call of the Wolf - R\u00e9solvez le sombre myst\u00e8re","isPartOf":{"@id":"https:\/\/www.iplay.com\/en\/#website"},"primaryImageOfPage":{"@id":"https:\/\/www.iplay.com\/fr\/games\/murder-by-moonlight-call-of-the-wolf\/#primaryimage"},"image":{"@id":"https:\/\/www.iplay.com\/fr\/games\/murder-by-moonlight-call-of-the-wolf\/#primaryimage"},"thumbnailUrl":"https:\/\/www.iplay.com\/wp-content\/uploads\/2023\/12\/large_square_tile_image-2736.jpg","datePublished":"2020-02-22T00:00:00+00:00","description":"Aidez Carol \u00e0 localiser son conjoint en d\u00e9chiffrant un sinistre myst\u00e8re ! When Murder by Moonlight&nbsp;: Wolf Call","breadcrumb":{"@id":"https:\/\/www.iplay.com\/fr\/games\/murder-by-moonlight-call-of-the-wolf\/#breadcrumb"},"inLanguage":"fr-FR","potentialAction":[{"@type":"ReadAction","target":["https:\/\/www.iplay.com\/fr\/games\/murder-by-moonlight-call-of-the-wolf\/"]}]},{"@type":"ImageObject","inLanguage":"fr-FR","@id":"https:\/\/www.iplay.com\/fr\/games\/murder-by-moonlight-call-of-the-wolf\/#primaryimage","url":"https:\/\/www.iplay.com\/wp-content\/uploads\/2023\/12\/large_square_tile_image-2736.jpg","contentUrl":"https:\/\/www.iplay.com\/wp-content\/uploads\/2023\/12\/large_square_tile_image-2736.jpg","width":310,"height":310},{"@type":"BreadcrumbList","@id":"https:\/\/www.iplay.com\/fr\/games\/murder-by-moonlight-call-of-the-wolf\/#breadcrumb","itemListElement":[{"@type":"ListItem","position":1,"name":"Home","item":"https:\/\/www.iplay.com\/fr\/home-page-2\/"},{"@type":"ListItem","position":2,"name":"Shop","item":"https:\/\/www.iplay.com\/en\/shop\/"},{"@type":"ListItem","position":3,"name":"Murder by Moonlight: Call of the Wolf"}]},{"@type":"WebSite","@id":"https:\/\/www.iplay.com\/en\/#website","url":"https:\/\/www.iplay.com\/en\/","name":"IPlay","description":"The Best Casual Games!","publisher":{"@id":"https:\/\/www.iplay.com\/en\/#organization"},"potentialAction":[{"@type":"SearchAction","target":{"@type":"EntryPoint","urlTemplate":"https:\/\/www.iplay.com\/en\/?s={search_term_string}"},"query-input":{"@type":"PropertyValueSpecification","valueRequired":true,"valueName":"search_term_string"}}],"inLanguage":"fr-FR"},{"@type":"Organization","@id":"https:\/\/www.iplay.com\/en\/#organization","name":"IPlay","url":"https:\/\/www.iplay.com\/en\/","logo":{"@type":"ImageObject","inLanguage":"fr-FR","@id":"https:\/\/www.iplay.com\/en\/#\/schema\/logo\/image\/","url":"https:\/\/www.iplay.com\/wp-content\/uploads\/2023\/11\/Group-6100.svg","contentUrl":"https:\/\/www.iplay.com\/wp-content\/uploads\/2023\/11\/Group-6100.svg","width":98,"height":25,"caption":"IPlay"},"image":{"@id":"https:\/\/www.iplay.com\/en\/#\/schema\/logo\/image\/"}}]}},"_links":{"self":[{"href":"https:\/\/www.iplay.com\/fr\/wp-json\/wp\/v2\/product\/135205","targetHints":{"allow":["GET"]}}],"collection":[{"href":"https:\/\/www.iplay.com\/fr\/wp-json\/wp\/v2\/product"}],"about":[{"href":"https:\/\/www.iplay.com\/fr\/wp-json\/wp\/v2\/types\/product"}],"author":[{"embeddable":true,"href":"https:\/\/www.iplay.com\/fr\/wp-json\/wp\/v2\/users\/42"}],"replies":[{"embeddable":true,"href":"https:\/\/www.iplay.com\/fr\/wp-json\/wp\/v2\/comments?post=135205"}],"wp:featuredmedia":[{"embeddable":true,"href":"https:\/\/www.iplay.com\/fr\/wp-json\/wp\/v2\/media\/83628"}],"wp:attachment":[{"href":"https:\/\/www.iplay.com\/fr\/wp-json\/wp\/v2\/media?parent=135205"}],"wp:term":[{"taxonomy":"product_brand","embeddable":true,"href":"https:\/\/www.iplay.com\/fr\/wp-json\/wp\/v2\/product_brand?post=135205"},{"taxonomy":"product_cat","embeddable":true,"href":"https:\/\/www.iplay.com\/fr\/wp-json\/wp\/v2\/product_cat?post=135205"},{"taxonomy":"product_tag","embeddable":true,"href":"https:\/\/www.iplay.com\/fr\/wp-json\/wp\/v2\/product_tag?post=135205"}],"curies":[{"name":"wp","href":"https:\/\/api.w.org\/{rel}","templated":true}]}}